{"id":41748,"date":"2025-04-09T08:56:20","date_gmt":"2025-04-09T14:56:20","guid":{"rendered":"https:\/\/www.mexicanguitarplayers.com\/tienda\/sin categor\u00eda\/pedal-source-audio-kingmaker-fuzz\/"},"modified":"2026-04-10T04:17:45","modified_gmt":"2026-04-10T10:17:45","slug":"pedal-source-audio-kingmaker-fuzz","status":"publish","type":"product","link":"https:\/\/www.mexicanguitarplayers.com\/en\/tienda\/cuerdas\/efectos\/efectos-individuales\/pedal-source-audio-kingmaker-fuzz\/","title":{"rendered":"PEDAL SOURCE AUDIO KINGMAKER FUZZ"},"content":{"rendered":"<div style=\"text-align: justify\">\n<div>\n<h3>El m\u00edstico sonido fuzz vintage.<\/h3>\n<\/div>\n<div>El pedal Kingmaker Fuzz cuenta con un recinto compacto, pero dentro de esa potencia p\u00farpura viven los tonos chispeantes de m\u00e1s de 50 a\u00f1os de la tecnolog\u00eda fuzz. Por s\u00ed s\u00f3lo, el Kingmaker cuenta con 3 motores fuzz asesinos, pero con\u00e9ctalo a la Neuro Mobile App (una descarga gratuita para iOS y Android) y acceder\u00e1s a una enorme colecci\u00f3n de tonos adicionales de overdrive, fuzz y distorsi\u00f3n con capacidades ampliadas de ecualizaci\u00f3n param\u00e9trica, opciones de enrutamiento est\u00e9reo y funcionalidad de apilamiento interno. El Kingmaker Fuzz es la culminaci\u00f3n de un estudio de 8 a\u00f1os de cl\u00e1sicos tonos overdrive combinados con tecnolog\u00eda altamente sofisticada y contempor\u00e1nea &#8211; es un pedal fuzz sin rival. Fuera de su caja, el Kingmaker ofrece un tr\u00edo peligrosamente agresivo de fuzz. EL motor pesado del Kingmaker bombea un fuzz altamente saturado pero articulado para tonos lead como viol\u00edn con un sustain interminable, as\u00ed como para tonos r\u00edtmicos gruesos y pummeling. El motor normal proporciona un fuzz sensible que se limpia muy bien con la se\u00f1al de entrada reducida, pero se intensifica dram\u00e1ticamente a medida que aumenta la entrada. El circuito Octave desencadena un fuzz octava que grita, en el estilo de los pedales Octavio vintage. Por s\u00ed mismo, el Kingmaker Fuzz ofrece una gama tonal excepciona, pero profundiza un poco m\u00e1s y descubre el poder oculto y la flexibilidad de este stompbox. Cada pedal de la serie One es compatible con la aplicaci\u00f3n Neuro Mobile (una descarga gratuita para iOS y Android). Conecta el Kingmaker a la Neuro App y accede a sus capacidades ampliadas de ecualizaci\u00f3n as\u00ed como a la biblioteca gratuita de Source Audio de m\u00e1s de 40 algoritmos overdrive, fuzz y distorsi\u00f3n &#8211; cada algoritmo puede descargarse directamente al pedal. Adem\u00e1s, cada pedal de la serie One es totalmente compatible con MIDI cuando est\u00e1 acoplado con el Neuro Hub (anteriormente Soundblox Hub), proporcionando la potencia para guardar hasta 128 presets diferentes. Finalmente, las entradas y salidas est\u00e9reo del Kingmaker, adem\u00e1s de sus circuitos de doble accionamiento, permiten lanzarse a una gama exponencialmente extensa de posibilidades tonales. Con la ayuda de la aplicaci\u00f3n Neuro, los guitarristas pueden apilar cualquier combinaci\u00f3n de motores de unidad en serie o en paralelo, as\u00ed como dividir la se\u00f1al y enviar un motor de unidad a cada una de las salidas del pedal.<\/div>\n<div>\n<h4>Quick look<\/h4>\n<\/div>\n<ul style=\"margin: 0px 0px 0px 25px\">\n<li style=\"list-style-type: circle;margin: 5px\">Motores.<\/li>\n<li style=\"list-style-type: circle;margin: 5px\">3 preajustes.<\/li>\n<li style=\"list-style-type: circle;margin: 5px\">Jacks est\u00e9reo de entrada y salida.<\/li>\n<li style=\"list-style-type: circle;margin: 5px\">Motores Fuzz y Drive accionables.<\/li>\n<li style=\"list-style-type: circle;margin: 5px\">Bypass universal.<\/li>\n<li style=\"list-style-type: circle;margin: 5px\">Control externo.<\/li>\n<li style=\"list-style-type: circle;margin: 5px\">Neuro App.<\/li>\n<li style=\"list-style-type: circle;margin: 5px\">Caracter\u00edsticas MIDI.<\/li>\n<\/ul>\n<div>\n<div style=\"font-weight: bold\">Motores.<\/div>\n<div>\n<p>3 motores distintos de fuzz.<\/p>\n<\/div>\n<div style=\"font-weight: bold\">3 preajustes.<\/div>\n<div>\n<p>Utiliza el modo Preset para salvar un preajuste diferente en cada una de las 3 posiciones del toggle switch. Cuando el pedal est\u00e1 activado, todos los par\u00e1metros saltan instant\u00e1neamente al valor guardado, independientemente de las posiciones de las perillas.<\/p>\n<\/div>\n<div style=\"font-weight: bold\">Jacks est\u00e9reo de entrada y salida.<\/div>\n<div>\n<p>Se\u00f1ales est\u00e9reo distort upstream dividen una se\u00f1al mono a dos salidas o utilizar el in\/out adicional como un loop de efectos externo.<\/p>\n<\/div>\n<div style=\"font-weight: bold\">Motores Fuzz y Drive accionables.<\/div>\n<div>\n<p>Los motores de doble fuzz\/drive y las entradas y salidas est\u00e9reo hacen posible (a trav\u00e9s de la Neuro App) apilar cualquier combinaci\u00f3n de unidades en serie o paralelo, as\u00ed como dividir la se\u00f1al y enviar un motor de unidad independiente a cada una de las salidas del pedal.<\/p>\n<\/div>\n<div style=\"font-weight: bold\">Bypass universal.<\/div>\n<div>\n<p>Selecciona el True Bypass basado en b\u00fafer anal\u00f3gico o rel\u00e9.<\/p>\n<\/div>\n<div style=\"font-weight: bold\">Control externo.<\/div>\n<div>\n<p>Compatible con los pedales de expresi\u00f3n de Source Audio, el switch Source Audio Tap Tempo (que tambi\u00e9n act\u00faa como mecanismo de switcheo externo) y el Hot Hand 3 Universal Wireless Effects Controller.<\/p>\n<\/div>\n<div style=\"font-weight: bold\">Neuro App.<\/div>\n<div>\n<p>Conecta el Kingmaker a la aplicaci\u00f3n Neuro Mobile (una descarga gratuita para iOS y Android) y explora el poder de descarga de efectos, personalizaci\u00f3n y uso compartido que viene con todos los pedales de la serie One. Descarga directa de efectos: Cada overdrive, fuzz y algoritmo de distorsi\u00f3n est\u00e1 disponible como descarga gratuita directamente a tu Kingmaker Fuzz. Efectos personalizados: Accede a las amplias capacidades de ecualizaci\u00f3n de Neuro o prueba con m\u00faltiples mezclas de circuitos de unidades y divisiones est\u00e9reo. Enrutamiento avanzado de se\u00f1ales: Elija entre una gama de posibilidades de enrutamiento de se\u00f1ales como env\u00edo de efectos, mezcla de se\u00f1ales m\u00faltiples o divisi\u00f3n de se\u00f1ales mono. Guardar y compartir preajustes personalizados: Una vez que hayas ajustado un efecto, gu\u00e1rdalo en tu colecci\u00f3n de efectos personales y comp\u00e1rtelo con la creciente comunidad de usuarios de Neuro. Preajustes descargables: Explora la biblioteca en constante expansi\u00f3n de Source Audio. Conexi\u00f3n sencilla: La aplicaci\u00f3n Neuro se conecta con el Kingmaker Fuzz a trav\u00e9s del jack de aud\u00edfonos del dispositivo m\u00f3vil y la entrada est\u00e9reo 2 en el pedal. Se incluye un cable conector Neuro App (1\/8&#8243; a 1\/4&#8243;) con el pedal.<\/p>\n<\/div>\n<div style=\"font-weight: bold\">Caracter\u00edsticas MIDI.<\/div>\n<div>\n<p>El Kingmaker tambi\u00e9n cuenta con plena capacidad MIDI y la simplicidad cuando se combina con el Neuro Hub (anteriormente Soundblox Hub) Guardar preajustes: Ahorra hasta 128 preajustes de efectos. Multi pedal Scene Saving: Conecta hasta cinco pedales de la serie One y Soundblox 2 al Neuro Hub y crea 128 escenas de m\u00faltiples pedales que pueden recuperarse mediante mensajes de programa MIDI (PC). Control de expresi\u00f3n externa: Conecta el Neuro Hub a cualquier pedal de expresi\u00f3n de Source Audio, controlador de efectos Hot Hand 3 Wireless o pedal de expresi\u00f3n TRS \/Tip Hot) de terceros para el control en la marcha de cualquier par\u00e1metro ajustable.<\/p>\n<\/div>\n<\/div>\n<\/div>","protected":false},"excerpt":{"rendered":"<p>Pedal fuzz para guitarra el\u00e9ctrica, incluye fuente de alimentaci\u00f3n de 9V DC (300mA \/ Negative Tip), incluye cable para conexi\u00f3n Neuro Mobile App (1\/8\u201d a 1\/4\u201d), consumo de energ\u00eda: 150 mA, puerto USB (para actualizaciones de firmware y software de edici\u00f3n de efectos), carcasa de aluminio anodizado cepillado, dimensiones: 4 x 7 x 5.1 cm (incluyendo perillas).&hellip; <a class=\"kt-excerpt-readmore more-link\" href=\"https:\/\/www.mexicanguitarplayers.com\/en\/tienda\/cuerdas\/efectos\/efectos-individuales\/pedal-source-audio-kingmaker-fuzz\/\">Read more<\/a><\/p>","protected":false},"featured_media":41747,"comment_status":"open","ping_status":"closed","template":"","meta":{"kt_blocks_editor_width":""},"pwb-brand":[608],"product_brand":[],"product_cat":[224,241,504],"product_tag":[],"class_list":{"0":"post-41748","1":"product","2":"type-product","3":"status-publish","4":"has-post-thumbnail","6":"pwb-brand-source-audio","7":"product_cat-cuerdas","8":"product_cat-efectos","9":"product_cat-efectos-individuales","10":"product_shipping_class-0-5-kg","12":"first","13":"outofstock","14":"taxable","15":"shipping-taxable","16":"purchasable","17":"product-type-simple"},"yoast_head":"<!-- This site is optimized with the Yoast SEO plugin v27.5 - https:\/\/yoast.com\/product\/yoast-seo-wordpress\/ -->\n<title>PEDAL SOURCE AUDIO KINGMAKER FUZZ - Mexican Guitar Players<\/title>\n<meta name=\"description\" content=\"Pedal fuzz para guitarra el\u00e9ctrica, incluye fuente de alimentaci\u00f3n de 9V DC (300mA \/ Negative Tip), incluye cable para conexi\u00f3n Neuro Mobile App (1\/8\u201d a 1\/4\u201d), consumo de energ\u00eda: 150 mA, puerto USB (para actualizaciones de firmware y software de edici\u00f3n de efectos), carcasa de aluminio anodizado cepillado, dimensiones: 4 x 7 x 5.1 cm (incluyendo perillas).\" \/>\n<meta name=\"robots\" content=\"index, follow, max-snippet:-1, max-image-preview:large, max-video-preview:-1\" \/>\n<link rel=\"canonical\" href=\"https:\/\/www.mexicanguitarplayers.com\/en\/tienda\/sin%20categor\u00eda\/pedal-source-audio-kingmaker-fuzz\/\" \/>\n<meta property=\"og:locale\" content=\"en_US\" \/>\n<meta property=\"og:type\" content=\"article\" \/>\n<meta property=\"og:title\" content=\"PEDAL SOURCE AUDIO KINGMAKER FUZZ - Mexican Guitar Players\" \/>\n<meta property=\"og:description\" content=\"Pedal fuzz para guitarra el\u00e9ctrica, incluye fuente de alimentaci\u00f3n de 9V DC (300mA \/ Negative Tip), incluye cable para conexi\u00f3n Neuro Mobile App (1\/8\u201d a 1\/4\u201d), consumo de energ\u00eda: 150 mA, puerto USB (para actualizaciones de firmware y software de edici\u00f3n de efectos), carcasa de aluminio anodizado cepillado, dimensiones: 4 x 7 x 5.1 cm (incluyendo perillas).\" \/>\n<meta property=\"og:url\" content=\"https:\/\/www.mexicanguitarplayers.com\/en\/tienda\/sin categor\u00eda\/pedal-source-audio-kingmaker-fuzz\/\" \/>\n<meta property=\"og:site_name\" content=\"Mexican Guitar Players\" \/>\n<meta property=\"article:modified_time\" content=\"2026-04-10T10:17:45+00:00\" \/>\n<meta name=\"twitter:card\" content=\"summary_large_image\" \/>\n<meta name=\"twitter:label1\" content=\"Est. reading time\" \/>\n\t<meta name=\"twitter:data1\" content=\"5 minutes\" \/>\n<script type=\"application\/ld+json\" class=\"yoast-schema-graph\">{\"@context\":\"https:\\\/\\\/schema.org\",\"@graph\":[{\"@type\":[\"WebPage\",\"ItemPage\"],\"@id\":\"https:\\\/\\\/www.mexicanguitarplayers.com\\\/tienda\\\/sin categor\u00eda\\\/pedal-source-audio-kingmaker-fuzz\\\/\",\"url\":\"https:\\\/\\\/www.mexicanguitarplayers.com\\\/tienda\\\/sin categor\u00eda\\\/pedal-source-audio-kingmaker-fuzz\\\/\",\"name\":\"PEDAL SOURCE AUDIO KINGMAKER FUZZ - Mexican Guitar Players\",\"isPartOf\":{\"@id\":\"https:\\\/\\\/www.mexicanguitarplayers.com\\\/#website\"},\"primaryImageOfPage\":{\"@id\":\"https:\\\/\\\/www.mexicanguitarplayers.com\\\/tienda\\\/sin categor\u00eda\\\/pedal-source-audio-kingmaker-fuzz\\\/#primaryimage\"},\"image\":{\"@id\":\"https:\\\/\\\/www.mexicanguitarplayers.com\\\/tienda\\\/sin categor\u00eda\\\/pedal-source-audio-kingmaker-fuzz\\\/#primaryimage\"},\"thumbnailUrl\":\"https:\\\/\\\/www.mexicanguitarplayers.com\\\/wp-content\\\/uploads\\\/2025\\\/04\\\/VASIOSA245.jpg\",\"datePublished\":\"2025-04-09T14:56:20+00:00\",\"dateModified\":\"2026-04-10T10:17:45+00:00\",\"description\":\"Pedal fuzz para guitarra el\u00e9ctrica, incluye fuente de alimentaci\u00f3n de 9V DC (300mA \\\/ Negative Tip), incluye cable para conexi\u00f3n Neuro Mobile App (1\\\/8\u201d a 1\\\/4\u201d), consumo de energ\u00eda: 150 mA, puerto USB (para actualizaciones de firmware y software de edici\u00f3n de efectos), carcasa de aluminio anodizado cepillado, dimensiones: 4 x 7 x 5.1 cm (incluyendo perillas).\",\"breadcrumb\":{\"@id\":\"https:\\\/\\\/www.mexicanguitarplayers.com\\\/tienda\\\/sin categor\u00eda\\\/pedal-source-audio-kingmaker-fuzz\\\/#breadcrumb\"},\"inLanguage\":\"en-US\",\"potentialAction\":[{\"@type\":\"ReadAction\",\"target\":[\"https:\\\/\\\/www.mexicanguitarplayers.com\\\/tienda\\\/sin categor\u00eda\\\/pedal-source-audio-kingmaker-fuzz\\\/\"]}]},{\"@type\":\"ImageObject\",\"inLanguage\":\"en-US\",\"@id\":\"https:\\\/\\\/www.mexicanguitarplayers.com\\\/tienda\\\/sin categor\u00eda\\\/pedal-source-audio-kingmaker-fuzz\\\/#primaryimage\",\"url\":\"https:\\\/\\\/www.mexicanguitarplayers.com\\\/wp-content\\\/uploads\\\/2025\\\/04\\\/VASIOSA245.jpg\",\"contentUrl\":\"https:\\\/\\\/www.mexicanguitarplayers.com\\\/wp-content\\\/uploads\\\/2025\\\/04\\\/VASIOSA245.jpg\",\"width\":800,\"height\":1600},{\"@type\":\"BreadcrumbList\",\"@id\":\"https:\\\/\\\/www.mexicanguitarplayers.com\\\/tienda\\\/sin categor\u00eda\\\/pedal-source-audio-kingmaker-fuzz\\\/#breadcrumb\",\"itemListElement\":[{\"@type\":\"ListItem\",\"position\":1,\"name\":\"Portada\",\"item\":\"https:\\\/\\\/www.mexicanguitarplayers.com\\\/\"},{\"@type\":\"ListItem\",\"position\":2,\"name\":\"Tienda\",\"item\":\"https:\\\/\\\/www.mexicanguitarplayers.com\\\/tienda\\\/\"},{\"@type\":\"ListItem\",\"position\":3,\"name\":\"PEDAL SOURCE AUDIO KINGMAKER FUZZ\"}]},{\"@type\":\"WebSite\",\"@id\":\"https:\\\/\\\/www.mexicanguitarplayers.com\\\/#website\",\"url\":\"https:\\\/\\\/www.mexicanguitarplayers.com\\\/\",\"name\":\"Mexican Guitar Players\",\"description\":\"Website\",\"publisher\":{\"@id\":\"https:\\\/\\\/www.mexicanguitarplayers.com\\\/#organization\"},\"potentialAction\":[{\"@type\":\"SearchAction\",\"target\":{\"@type\":\"EntryPoint\",\"urlTemplate\":\"https:\\\/\\\/www.mexicanguitarplayers.com\\\/?s={search_term_string}\"},\"query-input\":{\"@type\":\"PropertyValueSpecification\",\"valueRequired\":true,\"valueName\":\"search_term_string\"}}],\"inLanguage\":\"en-US\"},{\"@type\":\"Organization\",\"@id\":\"https:\\\/\\\/www.mexicanguitarplayers.com\\\/#organization\",\"name\":\"Mexican Guitar Players\",\"url\":\"https:\\\/\\\/www.mexicanguitarplayers.com\\\/\",\"logo\":{\"@type\":\"ImageObject\",\"inLanguage\":\"en-US\",\"@id\":\"https:\\\/\\\/www.mexicanguitarplayers.com\\\/#\\\/schema\\\/logo\\\/image\\\/\",\"url\":\"\",\"contentUrl\":\"\",\"caption\":\"Mexican Guitar Players\"},\"image\":{\"@id\":\"https:\\\/\\\/www.mexicanguitarplayers.com\\\/#\\\/schema\\\/logo\\\/image\\\/\"}}]}<\/script>\n<!-- \/ Yoast SEO plugin. -->","yoast_head_json":{"title":"PEDAL SOURCE AUDIO KINGMAKER FUZZ - Mexican Guitar Players","description":"Pedal fuzz para guitarra el\u00e9ctrica, incluye fuente de alimentaci\u00f3n de 9V DC (300mA \/ Negative Tip), incluye cable para conexi\u00f3n Neuro Mobile App (1\/8\u201d a 1\/4\u201d), consumo de energ\u00eda: 150 mA, puerto USB (para actualizaciones de firmware y software de edici\u00f3n de efectos), carcasa de aluminio anodizado cepillado, dimensiones: 4 x 7 x 5.1 cm (incluyendo perillas).","robots":{"index":"index","follow":"follow","max-snippet":"max-snippet:-1","max-image-preview":"max-image-preview:large","max-video-preview":"max-video-preview:-1"},"canonical":"https:\/\/www.mexicanguitarplayers.com\/en\/tienda\/sin categor\u00eda\/pedal-source-audio-kingmaker-fuzz\/","og_locale":"en_US","og_type":"article","og_title":"PEDAL SOURCE AUDIO KINGMAKER FUZZ - Mexican Guitar Players","og_description":"Pedal fuzz para guitarra el\u00e9ctrica, incluye fuente de alimentaci\u00f3n de 9V DC (300mA \/ Negative Tip), incluye cable para conexi\u00f3n Neuro Mobile App (1\/8\u201d a 1\/4\u201d), consumo de energ\u00eda: 150 mA, puerto USB (para actualizaciones de firmware y software de edici\u00f3n de efectos), carcasa de aluminio anodizado cepillado, dimensiones: 4 x 7 x 5.1 cm (incluyendo perillas).","og_url":"https:\/\/www.mexicanguitarplayers.com\/en\/tienda\/sin categor\u00eda\/pedal-source-audio-kingmaker-fuzz\/","og_site_name":"Mexican Guitar Players","article_modified_time":"2026-04-10T10:17:45+00:00","twitter_card":"summary_large_image","twitter_misc":{"Est. reading time":"5 minutes"},"schema":{"@context":"https:\/\/schema.org","@graph":[{"@type":["WebPage","ItemPage"],"@id":"https:\/\/www.mexicanguitarplayers.com\/tienda\/sin categor\u00eda\/pedal-source-audio-kingmaker-fuzz\/","url":"https:\/\/www.mexicanguitarplayers.com\/tienda\/sin categor\u00eda\/pedal-source-audio-kingmaker-fuzz\/","name":"PEDAL SOURCE AUDIO KINGMAKER FUZZ - Mexican Guitar Players","isPartOf":{"@id":"https:\/\/www.mexicanguitarplayers.com\/#website"},"primaryImageOfPage":{"@id":"https:\/\/www.mexicanguitarplayers.com\/tienda\/sin categor\u00eda\/pedal-source-audio-kingmaker-fuzz\/#primaryimage"},"image":{"@id":"https:\/\/www.mexicanguitarplayers.com\/tienda\/sin categor\u00eda\/pedal-source-audio-kingmaker-fuzz\/#primaryimage"},"thumbnailUrl":"https:\/\/www.mexicanguitarplayers.com\/wp-content\/uploads\/2025\/04\/VASIOSA245.jpg","datePublished":"2025-04-09T14:56:20+00:00","dateModified":"2026-04-10T10:17:45+00:00","description":"Pedal fuzz para guitarra el\u00e9ctrica, incluye fuente de alimentaci\u00f3n de 9V DC (300mA \/ Negative Tip), incluye cable para conexi\u00f3n Neuro Mobile App (1\/8\u201d a 1\/4\u201d), consumo de energ\u00eda: 150 mA, puerto USB (para actualizaciones de firmware y software de edici\u00f3n de efectos), carcasa de aluminio anodizado cepillado, dimensiones: 4 x 7 x 5.1 cm (incluyendo perillas).","breadcrumb":{"@id":"https:\/\/www.mexicanguitarplayers.com\/tienda\/sin categor\u00eda\/pedal-source-audio-kingmaker-fuzz\/#breadcrumb"},"inLanguage":"en-US","potentialAction":[{"@type":"ReadAction","target":["https:\/\/www.mexicanguitarplayers.com\/tienda\/sin categor\u00eda\/pedal-source-audio-kingmaker-fuzz\/"]}]},{"@type":"ImageObject","inLanguage":"en-US","@id":"https:\/\/www.mexicanguitarplayers.com\/tienda\/sin categor\u00eda\/pedal-source-audio-kingmaker-fuzz\/#primaryimage","url":"https:\/\/www.mexicanguitarplayers.com\/wp-content\/uploads\/2025\/04\/VASIOSA245.jpg","contentUrl":"https:\/\/www.mexicanguitarplayers.com\/wp-content\/uploads\/2025\/04\/VASIOSA245.jpg","width":800,"height":1600},{"@type":"BreadcrumbList","@id":"https:\/\/www.mexicanguitarplayers.com\/tienda\/sin categor\u00eda\/pedal-source-audio-kingmaker-fuzz\/#breadcrumb","itemListElement":[{"@type":"ListItem","position":1,"name":"Portada","item":"https:\/\/www.mexicanguitarplayers.com\/"},{"@type":"ListItem","position":2,"name":"Tienda","item":"https:\/\/www.mexicanguitarplayers.com\/tienda\/"},{"@type":"ListItem","position":3,"name":"PEDAL SOURCE AUDIO KINGMAKER FUZZ"}]},{"@type":"WebSite","@id":"https:\/\/www.mexicanguitarplayers.com\/#website","url":"https:\/\/www.mexicanguitarplayers.com\/","name":"Mexican Guitar Players","description":"Website","publisher":{"@id":"https:\/\/www.mexicanguitarplayers.com\/#organization"},"potentialAction":[{"@type":"SearchAction","target":{"@type":"EntryPoint","urlTemplate":"https:\/\/www.mexicanguitarplayers.com\/?s={search_term_string}"},"query-input":{"@type":"PropertyValueSpecification","valueRequired":true,"valueName":"search_term_string"}}],"inLanguage":"en-US"},{"@type":"Organization","@id":"https:\/\/www.mexicanguitarplayers.com\/#organization","name":"Mexican Guitar Players","url":"https:\/\/www.mexicanguitarplayers.com\/","logo":{"@type":"ImageObject","inLanguage":"en-US","@id":"https:\/\/www.mexicanguitarplayers.com\/#\/schema\/logo\/image\/","url":"","contentUrl":"","caption":"Mexican Guitar Players"},"image":{"@id":"https:\/\/www.mexicanguitarplayers.com\/#\/schema\/logo\/image\/"}}]}},"brands":[{"id":608,"name":"AUDIO SOURCE","slug":"source-audio"}],"_links":{"self":[{"href":"https:\/\/www.mexicanguitarplayers.com\/en\/wp-json\/wp\/v2\/product\/41748","targetHints":{"allow":["GET"]}}],"collection":[{"href":"https:\/\/www.mexicanguitarplayers.com\/en\/wp-json\/wp\/v2\/product"}],"about":[{"href":"https:\/\/www.mexicanguitarplayers.com\/en\/wp-json\/wp\/v2\/types\/product"}],"replies":[{"embeddable":true,"href":"https:\/\/www.mexicanguitarplayers.com\/en\/wp-json\/wp\/v2\/comments?post=41748"}],"wp:featuredmedia":[{"embeddable":true,"href":"https:\/\/www.mexicanguitarplayers.com\/en\/wp-json\/wp\/v2\/media\/41747"}],"wp:attachment":[{"href":"https:\/\/www.mexicanguitarplayers.com\/en\/wp-json\/wp\/v2\/media?parent=41748"}],"wp:term":[{"taxonomy":"pwb-brand","embeddable":true,"href":"https:\/\/www.mexicanguitarplayers.com\/en\/wp-json\/wp\/v2\/pwb-brand?post=41748"},{"taxonomy":"product_brand","embeddable":true,"href":"https:\/\/www.mexicanguitarplayers.com\/en\/wp-json\/wp\/v2\/product_brand?post=41748"},{"taxonomy":"product_cat","embeddable":true,"href":"https:\/\/www.mexicanguitarplayers.com\/en\/wp-json\/wp\/v2\/product_cat?post=41748"},{"taxonomy":"product_tag","embeddable":true,"href":"https:\/\/www.mexicanguitarplayers.com\/en\/wp-json\/wp\/v2\/product_tag?post=41748"}],"curies":[{"name":"wp","href":"https:\/\/api.w.org\/{rel}","templated":true}]}}