{"id":41765,"date":"2025-04-09T08:56:48","date_gmt":"2025-04-09T14:56:48","guid":{"rendered":"https:\/\/www.mexicanguitarplayers.com\/tienda\/sin categor\u00eda\/potenciometro-sd-vol-tone-250k-yngwie-speed-pot\/"},"modified":"2026-04-10T04:17:43","modified_gmt":"2026-04-10T10:17:43","slug":"potenciometro-sd-vol-tone-250k-yngwie-speed-pot","status":"publish","type":"product","link":"https:\/\/www.mexicanguitarplayers.com\/en\/tienda\/accesorios\/para-bateria\/hardware-para-bateria\/potenciometro-sd-vol-tone-250k-yngwie-speed-pot\/","title":{"rendered":"POTENCIOMETRO SD VOL\/TONE 250K YNGWIE SPEED POT"},"content":{"rendered":"<div style=\"text-align: justify\">\n<div>\n<h3>VOLUME\/TONE POT Yngwie Speed Pot<\/h3>\n<\/div>\n<div>El potenci\u00f3metro de volumen perfecto para el guitarrista que quiere un control de fraseo r\u00e1pido y din\u00e1mico.<\/div>\n<div>\n<h4>Characteristics<\/h4>\n<\/div>\n<div>\n<ul style=\"margin: 0px 0px 0px 25px\">\n<li style=\"list-style-type: circle;margin: 5px\">Part Number<\/li>\n<li style=\"list-style-type: circle;margin: 5px\">POT VALUE<\/li>\n<\/ul>\n<\/div>\n<\/div>","protected":false},"excerpt":{"rendered":"<p>Potenci\u00f3metro de volumen de alta velocidad YJM es un potenci\u00f3metro bourns de alta calidad de 250k. Dise\u00f1o de eje dividido del poste puede acomodar una variedad de perillas. Esta es la versi\u00f3n de 250k Ohm, y se usa mejor con YJM Fury Stacks, o pastillas Stratocaster de bobina simple verdaderas. Viene con hardware de montaje.&hellip; <a class=\"kt-excerpt-readmore more-link\" href=\"https:\/\/www.mexicanguitarplayers.com\/en\/tienda\/accesorios\/para-bateria\/hardware-para-bateria\/potenciometro-sd-vol-tone-250k-yngwie-speed-pot\/\">Read more<\/a><\/p>","protected":false},"featured_media":41762,"comment_status":"open","ping_status":"closed","template":"","meta":{"kt_blocks_editor_width":""},"pwb-brand":[502],"product_brand":[],"product_cat":[85,435,336],"product_tag":[],"class_list":{"0":"post-41765","1":"product","2":"type-product","3":"status-publish","4":"has-post-thumbnail","6":"pwb-brand-seymour-duncan","7":"product_cat-accesorios","8":"product_cat-hardware-para-bateria","9":"product_cat-para-guitarras","10":"product_shipping_class-0-5-kg","12":"first","13":"outofstock","14":"taxable","15":"shipping-taxable","16":"purchasable","17":"product-type-simple"},"yoast_head":"<!-- This site is optimized with the Yoast SEO plugin v27.5 - https:\/\/yoast.com\/product\/yoast-seo-wordpress\/ -->\n<title>POTENCIOMETRO SD VOL\/TONE 250K YNGWIE SPEED POT - Mexican Guitar Players<\/title>\n<meta name=\"description\" content=\"Potenci\u00f3metro de volumen de alta velocidad YJM es un potenci\u00f3metro bourns de alta calidad de 250k. Dise\u00f1o de eje dividido del poste puede acomodar una variedad de perillas. Esta es la versi\u00f3n de 250k Ohm, y se usa mejor con YJM Fury Stacks, o pastillas Stratocaster de bobina simple verdaderas. Viene con hardware de montaje.\" \/>\n<meta name=\"robots\" content=\"index, follow, max-snippet:-1, max-image-preview:large, max-video-preview:-1\" \/>\n<link rel=\"canonical\" href=\"https:\/\/www.mexicanguitarplayers.com\/en\/tienda\/sin%20categor\u00eda\/potenciometro-sd-vol-tone-250k-yngwie-speed-pot\/\" \/>\n<meta property=\"og:locale\" content=\"en_US\" \/>\n<meta property=\"og:type\" content=\"article\" \/>\n<meta property=\"og:title\" content=\"POTENCIOMETRO SD VOL\/TONE 250K YNGWIE SPEED POT - Mexican Guitar Players\" \/>\n<meta property=\"og:description\" content=\"Potenci\u00f3metro de volumen de alta velocidad YJM es un potenci\u00f3metro bourns de alta calidad de 250k. Dise\u00f1o de eje dividido del poste puede acomodar una variedad de perillas. Esta es la versi\u00f3n de 250k Ohm, y se usa mejor con YJM Fury Stacks, o pastillas Stratocaster de bobina simple verdaderas. Viene con hardware de montaje.\" \/>\n<meta property=\"og:url\" content=\"https:\/\/www.mexicanguitarplayers.com\/en\/tienda\/sin categor\u00eda\/potenciometro-sd-vol-tone-250k-yngwie-speed-pot\/\" \/>\n<meta property=\"og:site_name\" content=\"Mexican Guitar Players\" \/>\n<meta property=\"article:modified_time\" content=\"2026-04-10T10:17:43+00:00\" \/>\n<meta name=\"twitter:card\" content=\"summary_large_image\" \/>\n<script type=\"application\/ld+json\" class=\"yoast-schema-graph\">{\"@context\":\"https:\\\/\\\/schema.org\",\"@graph\":[{\"@type\":[\"WebPage\",\"ItemPage\"],\"@id\":\"https:\\\/\\\/www.mexicanguitarplayers.com\\\/tienda\\\/sin categor\u00eda\\\/potenciometro-sd-vol-tone-250k-yngwie-speed-pot\\\/\",\"url\":\"https:\\\/\\\/www.mexicanguitarplayers.com\\\/tienda\\\/sin categor\u00eda\\\/potenciometro-sd-vol-tone-250k-yngwie-speed-pot\\\/\",\"name\":\"POTENCIOMETRO SD VOL\\\/TONE 250K YNGWIE SPEED POT - Mexican Guitar Players\",\"isPartOf\":{\"@id\":\"https:\\\/\\\/www.mexicanguitarplayers.com\\\/#website\"},\"primaryImageOfPage\":{\"@id\":\"https:\\\/\\\/www.mexicanguitarplayers.com\\\/tienda\\\/sin categor\u00eda\\\/potenciometro-sd-vol-tone-250k-yngwie-speed-pot\\\/#primaryimage\"},\"image\":{\"@id\":\"https:\\\/\\\/www.mexicanguitarplayers.com\\\/tienda\\\/sin categor\u00eda\\\/potenciometro-sd-vol-tone-250k-yngwie-speed-pot\\\/#primaryimage\"},\"thumbnailUrl\":\"https:\\\/\\\/www.mexicanguitarplayers.com\\\/wp-content\\\/uploads\\\/2025\\\/04\\\/RASEO180750250.jpg\",\"datePublished\":\"2025-04-09T14:56:48+00:00\",\"dateModified\":\"2026-04-10T10:17:43+00:00\",\"description\":\"Potenci\u00f3metro de volumen de alta velocidad YJM es un potenci\u00f3metro bourns de alta calidad de 250k. Dise\u00f1o de eje dividido del poste puede acomodar una variedad de perillas. Esta es la versi\u00f3n de 250k Ohm, y se usa mejor con YJM Fury Stacks, o pastillas Stratocaster de bobina simple verdaderas. Viene con hardware de montaje.\",\"breadcrumb\":{\"@id\":\"https:\\\/\\\/www.mexicanguitarplayers.com\\\/tienda\\\/sin categor\u00eda\\\/potenciometro-sd-vol-tone-250k-yngwie-speed-pot\\\/#breadcrumb\"},\"inLanguage\":\"en-US\",\"potentialAction\":[{\"@type\":\"ReadAction\",\"target\":[\"https:\\\/\\\/www.mexicanguitarplayers.com\\\/tienda\\\/sin categor\u00eda\\\/potenciometro-sd-vol-tone-250k-yngwie-speed-pot\\\/\"]}]},{\"@type\":\"ImageObject\",\"inLanguage\":\"en-US\",\"@id\":\"https:\\\/\\\/www.mexicanguitarplayers.com\\\/tienda\\\/sin categor\u00eda\\\/potenciometro-sd-vol-tone-250k-yngwie-speed-pot\\\/#primaryimage\",\"url\":\"https:\\\/\\\/www.mexicanguitarplayers.com\\\/wp-content\\\/uploads\\\/2025\\\/04\\\/RASEO180750250.jpg\",\"contentUrl\":\"https:\\\/\\\/www.mexicanguitarplayers.com\\\/wp-content\\\/uploads\\\/2025\\\/04\\\/RASEO180750250.jpg\",\"width\":1200,\"height\":1200},{\"@type\":\"BreadcrumbList\",\"@id\":\"https:\\\/\\\/www.mexicanguitarplayers.com\\\/tienda\\\/sin categor\u00eda\\\/potenciometro-sd-vol-tone-250k-yngwie-speed-pot\\\/#breadcrumb\",\"itemListElement\":[{\"@type\":\"ListItem\",\"position\":1,\"name\":\"Portada\",\"item\":\"https:\\\/\\\/www.mexicanguitarplayers.com\\\/\"},{\"@type\":\"ListItem\",\"position\":2,\"name\":\"Tienda\",\"item\":\"https:\\\/\\\/www.mexicanguitarplayers.com\\\/tienda\\\/\"},{\"@type\":\"ListItem\",\"position\":3,\"name\":\"POTENCIOMETRO SD VOL\\\/TONE 250K YNGWIE SPEED POT\"}]},{\"@type\":\"WebSite\",\"@id\":\"https:\\\/\\\/www.mexicanguitarplayers.com\\\/#website\",\"url\":\"https:\\\/\\\/www.mexicanguitarplayers.com\\\/\",\"name\":\"Mexican Guitar Players\",\"description\":\"Website\",\"publisher\":{\"@id\":\"https:\\\/\\\/www.mexicanguitarplayers.com\\\/#organization\"},\"potentialAction\":[{\"@type\":\"SearchAction\",\"target\":{\"@type\":\"EntryPoint\",\"urlTemplate\":\"https:\\\/\\\/www.mexicanguitarplayers.com\\\/?s={search_term_string}\"},\"query-input\":{\"@type\":\"PropertyValueSpecification\",\"valueRequired\":true,\"valueName\":\"search_term_string\"}}],\"inLanguage\":\"en-US\"},{\"@type\":\"Organization\",\"@id\":\"https:\\\/\\\/www.mexicanguitarplayers.com\\\/#organization\",\"name\":\"Mexican Guitar Players\",\"url\":\"https:\\\/\\\/www.mexicanguitarplayers.com\\\/\",\"logo\":{\"@type\":\"ImageObject\",\"inLanguage\":\"en-US\",\"@id\":\"https:\\\/\\\/www.mexicanguitarplayers.com\\\/#\\\/schema\\\/logo\\\/image\\\/\",\"url\":\"\",\"contentUrl\":\"\",\"caption\":\"Mexican Guitar Players\"},\"image\":{\"@id\":\"https:\\\/\\\/www.mexicanguitarplayers.com\\\/#\\\/schema\\\/logo\\\/image\\\/\"}}]}<\/script>\n<!-- \/ Yoast SEO plugin. -->","yoast_head_json":{"title":"POTENCIOMETRO SD VOL\/TONE 250K YNGWIE SPEED POT - Mexican Guitar Players","description":"Potenci\u00f3metro de volumen de alta velocidad YJM es un potenci\u00f3metro bourns de alta calidad de 250k. Dise\u00f1o de eje dividido del poste puede acomodar una variedad de perillas. Esta es la versi\u00f3n de 250k Ohm, y se usa mejor con YJM Fury Stacks, o pastillas Stratocaster de bobina simple verdaderas. Viene con hardware de montaje.","robots":{"index":"index","follow":"follow","max-snippet":"max-snippet:-1","max-image-preview":"max-image-preview:large","max-video-preview":"max-video-preview:-1"},"canonical":"https:\/\/www.mexicanguitarplayers.com\/en\/tienda\/sin categor\u00eda\/potenciometro-sd-vol-tone-250k-yngwie-speed-pot\/","og_locale":"en_US","og_type":"article","og_title":"POTENCIOMETRO SD VOL\/TONE 250K YNGWIE SPEED POT - Mexican Guitar Players","og_description":"Potenci\u00f3metro de volumen de alta velocidad YJM es un potenci\u00f3metro bourns de alta calidad de 250k. Dise\u00f1o de eje dividido del poste puede acomodar una variedad de perillas. Esta es la versi\u00f3n de 250k Ohm, y se usa mejor con YJM Fury Stacks, o pastillas Stratocaster de bobina simple verdaderas. Viene con hardware de montaje.","og_url":"https:\/\/www.mexicanguitarplayers.com\/en\/tienda\/sin categor\u00eda\/potenciometro-sd-vol-tone-250k-yngwie-speed-pot\/","og_site_name":"Mexican Guitar Players","article_modified_time":"2026-04-10T10:17:43+00:00","twitter_card":"summary_large_image","schema":{"@context":"https:\/\/schema.org","@graph":[{"@type":["WebPage","ItemPage"],"@id":"https:\/\/www.mexicanguitarplayers.com\/tienda\/sin categor\u00eda\/potenciometro-sd-vol-tone-250k-yngwie-speed-pot\/","url":"https:\/\/www.mexicanguitarplayers.com\/tienda\/sin categor\u00eda\/potenciometro-sd-vol-tone-250k-yngwie-speed-pot\/","name":"POTENCIOMETRO SD VOL\/TONE 250K YNGWIE SPEED POT - Mexican Guitar Players","isPartOf":{"@id":"https:\/\/www.mexicanguitarplayers.com\/#website"},"primaryImageOfPage":{"@id":"https:\/\/www.mexicanguitarplayers.com\/tienda\/sin categor\u00eda\/potenciometro-sd-vol-tone-250k-yngwie-speed-pot\/#primaryimage"},"image":{"@id":"https:\/\/www.mexicanguitarplayers.com\/tienda\/sin categor\u00eda\/potenciometro-sd-vol-tone-250k-yngwie-speed-pot\/#primaryimage"},"thumbnailUrl":"https:\/\/www.mexicanguitarplayers.com\/wp-content\/uploads\/2025\/04\/RASEO180750250.jpg","datePublished":"2025-04-09T14:56:48+00:00","dateModified":"2026-04-10T10:17:43+00:00","description":"Potenci\u00f3metro de volumen de alta velocidad YJM es un potenci\u00f3metro bourns de alta calidad de 250k. Dise\u00f1o de eje dividido del poste puede acomodar una variedad de perillas. Esta es la versi\u00f3n de 250k Ohm, y se usa mejor con YJM Fury Stacks, o pastillas Stratocaster de bobina simple verdaderas. Viene con hardware de montaje.","breadcrumb":{"@id":"https:\/\/www.mexicanguitarplayers.com\/tienda\/sin categor\u00eda\/potenciometro-sd-vol-tone-250k-yngwie-speed-pot\/#breadcrumb"},"inLanguage":"en-US","potentialAction":[{"@type":"ReadAction","target":["https:\/\/www.mexicanguitarplayers.com\/tienda\/sin categor\u00eda\/potenciometro-sd-vol-tone-250k-yngwie-speed-pot\/"]}]},{"@type":"ImageObject","inLanguage":"en-US","@id":"https:\/\/www.mexicanguitarplayers.com\/tienda\/sin categor\u00eda\/potenciometro-sd-vol-tone-250k-yngwie-speed-pot\/#primaryimage","url":"https:\/\/www.mexicanguitarplayers.com\/wp-content\/uploads\/2025\/04\/RASEO180750250.jpg","contentUrl":"https:\/\/www.mexicanguitarplayers.com\/wp-content\/uploads\/2025\/04\/RASEO180750250.jpg","width":1200,"height":1200},{"@type":"BreadcrumbList","@id":"https:\/\/www.mexicanguitarplayers.com\/tienda\/sin categor\u00eda\/potenciometro-sd-vol-tone-250k-yngwie-speed-pot\/#breadcrumb","itemListElement":[{"@type":"ListItem","position":1,"name":"Portada","item":"https:\/\/www.mexicanguitarplayers.com\/"},{"@type":"ListItem","position":2,"name":"Tienda","item":"https:\/\/www.mexicanguitarplayers.com\/tienda\/"},{"@type":"ListItem","position":3,"name":"POTENCIOMETRO SD VOL\/TONE 250K YNGWIE SPEED POT"}]},{"@type":"WebSite","@id":"https:\/\/www.mexicanguitarplayers.com\/#website","url":"https:\/\/www.mexicanguitarplayers.com\/","name":"Mexican Guitar Players","description":"Website","publisher":{"@id":"https:\/\/www.mexicanguitarplayers.com\/#organization"},"potentialAction":[{"@type":"SearchAction","target":{"@type":"EntryPoint","urlTemplate":"https:\/\/www.mexicanguitarplayers.com\/?s={search_term_string}"},"query-input":{"@type":"PropertyValueSpecification","valueRequired":true,"valueName":"search_term_string"}}],"inLanguage":"en-US"},{"@type":"Organization","@id":"https:\/\/www.mexicanguitarplayers.com\/#organization","name":"Mexican Guitar Players","url":"https:\/\/www.mexicanguitarplayers.com\/","logo":{"@type":"ImageObject","inLanguage":"en-US","@id":"https:\/\/www.mexicanguitarplayers.com\/#\/schema\/logo\/image\/","url":"","contentUrl":"","caption":"Mexican Guitar Players"},"image":{"@id":"https:\/\/www.mexicanguitarplayers.com\/#\/schema\/logo\/image\/"}}]}},"brands":[{"id":502,"name":"SEYMOUR DUNCAN","slug":"seymour-duncan"}],"_links":{"self":[{"href":"https:\/\/www.mexicanguitarplayers.com\/en\/wp-json\/wp\/v2\/product\/41765","targetHints":{"allow":["GET"]}}],"collection":[{"href":"https:\/\/www.mexicanguitarplayers.com\/en\/wp-json\/wp\/v2\/product"}],"about":[{"href":"https:\/\/www.mexicanguitarplayers.com\/en\/wp-json\/wp\/v2\/types\/product"}],"replies":[{"embeddable":true,"href":"https:\/\/www.mexicanguitarplayers.com\/en\/wp-json\/wp\/v2\/comments?post=41765"}],"wp:featuredmedia":[{"embeddable":true,"href":"https:\/\/www.mexicanguitarplayers.com\/en\/wp-json\/wp\/v2\/media\/41762"}],"wp:attachment":[{"href":"https:\/\/www.mexicanguitarplayers.com\/en\/wp-json\/wp\/v2\/media?parent=41765"}],"wp:term":[{"taxonomy":"pwb-brand","embeddable":true,"href":"https:\/\/www.mexicanguitarplayers.com\/en\/wp-json\/wp\/v2\/pwb-brand?post=41765"},{"taxonomy":"product_brand","embeddable":true,"href":"https:\/\/www.mexicanguitarplayers.com\/en\/wp-json\/wp\/v2\/product_brand?post=41765"},{"taxonomy":"product_cat","embeddable":true,"href":"https:\/\/www.mexicanguitarplayers.com\/en\/wp-json\/wp\/v2\/product_cat?post=41765"},{"taxonomy":"product_tag","embeddable":true,"href":"https:\/\/www.mexicanguitarplayers.com\/en\/wp-json\/wp\/v2\/product_tag?post=41765"}],"curies":[{"name":"wp","href":"https:\/\/api.w.org\/{rel}","templated":true}]}}