{"id":41852,"date":"2025-04-09T09:00:50","date_gmt":"2025-04-09T15:00:50","guid":{"rendered":"https:\/\/www.mexicanguitarplayers.com\/tienda\/sin categor\u00eda\/bafle-behringer-c-poder-mod-b112d\/"},"modified":"2026-05-01T07:16:29","modified_gmt":"2026-05-01T13:16:29","slug":"bafle-behringer-c-poder-mod-b112d","status":"publish","type":"product","link":"https:\/\/www.mexicanguitarplayers.com\/en\/tienda\/audio\/bafles-y-bocinas\/bafles\/bafles-activos\/bafle-behringer-c-poder-mod-b112d\/","title":{"rendered":"BAFLE BEHRINGER C\/PODER MOD. B112D"},"content":{"rendered":"<div style=\"text-align: justify\">\n<div>\n<h3>Potente y ligero.<\/h3>\n<\/div>\n<div>El altavoz activo EUROLIVE B112D es exactamente lo que esperas de Behringer, m\u00e1s potencia, m\u00e1s funciones y absolutamente m\u00e1s asequible. Nuestros ingenieros se han superado a s\u00ed mismos creando una soluci\u00f3n aut\u00f3noma de PA que combina la tecnolog\u00eda de amplificador de potencia Clase D de 1,000 watts, la capacidad de un micr\u00f3fono inal\u00e1mbrico y una completa mezcladora de 2 canales con secciones individuales mic\/line y una portabilidad excepcional. Este altavoz profesional est\u00e1 destinado a convertirse en una leyenda por derecho propio, junto con los otros modelos de EUROLIVE que ha hecho de Behringer el l\u00edder mundial en altavoces activos. Gracias a su revolucionaria tecnolog\u00eda de amplificador Clase D, podemos ofrecerte una gran potencia y un incre\u00edble rendimiento sonoro en un sencillo y port\u00e1til paquete ultra ligero muy f\u00e1cil de utilizar. La amplificaci\u00f3n Clase D hace toda la diferencia, ofreciendo lo \u00faltimo en eficiencia energ\u00e9tica y eliminando la necesidad de pesadas fuentes de alimentaci\u00f3n y disipadores masivos de calor. Esta incre\u00edble tecnolog\u00eda hace posible dise\u00f1ar y construir productos extremadamente potentes pero significativamente m\u00e1s ligeros en peso que sus contrapartes tradicionales, mientras utiliza menos energ\u00eda, protegiendo as\u00ed al ambiente.<\/div>\n<div>\n<h4>Quick look<\/h4>\n<\/div>\n<ul style=\"margin: 0px 0px 0px 25px\">\n<li style=\"list-style-type: circle;margin: 5px\">Amplifier.<\/li>\n<li style=\"list-style-type: circle;margin: 5px\">Audio inputs.<\/li>\n<li style=\"list-style-type: circle;margin: 5px\">Sistema inal\u00e1mbrico.<\/li>\n<li style=\"list-style-type: circle;margin: 5px\">Audio outputs.<\/li>\n<li style=\"list-style-type: circle;margin: 5px\">Control de nivel.<\/li>\n<li style=\"list-style-type: circle;margin: 5px\">Datos del sistema de altavoces.<\/li>\n<li style=\"list-style-type: circle;margin: 5px\">Equalizer<\/li>\n<li style=\"list-style-type: circle;margin: 5px\">Power supply.<\/li>\n<li style=\"list-style-type: circle;margin: 5px\">Dimensions.<\/li>\n<li style=\"list-style-type: circle;margin: 5px\">Weight.<\/li>\n<\/ul>\n<div>\n<div style=\"font-weight: bold\">Amplifier.<\/div>\n<div>\n<p>Rango de bajas frecuencias: Potencia m\u00e1xima de salida: 700 watts. Rango de altas frecuencias: Potencia m\u00e1xima de salida: 300 watts.<\/p>\n<\/div>\n<div style=\"font-weight: bold\">Audio inputs.<\/div>\n<div>\n<p>XLR (Servo balanceada). Sensibilidad: -36 dB a 0 dBu. Impedancia de entrada: 14 kohms. TRS de 6.3 mm (Servo balanceado). Sensibilidad: -36 a 0 dBu. Impedancia de entrada: 14 kohms.<\/p>\n<\/div>\n<div style=\"font-weight: bold\">Sistema inal\u00e1mbrico.<\/div>\n<div>\n<p>Conector: USB 3.0. Banda de frecuencia: 2.4 GHz. Respuesta de frecuencia (Enlace inal\u00e1mbrico). 20 Hz &#8211; 20 kHz (+0\/-2.5 dB). Rango: M\u00e1ximo 80 m (l\u00ednea recta).<\/p>\n<\/div>\n<div style=\"font-weight: bold\">Audio outputs.<\/div>\n<div>\n<p>Mezcla. Conector: XLR balanceado.<\/p>\n<\/div>\n<div style=\"font-weight: bold\">Control de nivel.<\/div>\n<div>\n<p>Retoque o trim de entrada: Infinito a +36 dB. Nivel m\u00e1ximo de entrada: 18 dBu.<\/p>\n<\/div>\n<div style=\"font-weight: bold\">Datos del sistema de altavoces.<\/div>\n<div>\n<p>Respuesta de frecuencia: 50 Hz a 20 kHz. Frecuencia de separaci\u00f3n o crossover: 2.8 kHz. Limitador: \u00d3ptico.<\/p>\n<\/div>\n<div style=\"font-weight: bold\">Equalizer<\/div>\n<div>\n<p>Agudos: +\/- 15 dB @ 12 kHz. Graves: +\/- 15 dB @ 12 kHz.<\/p>\n<\/div>\n<div style=\"font-weight: bold\">Power supply.<\/div>\n<div>\n<p>Voltaje (fusibles): 120 V, 60 Hz (T 6,3 A H 250 V). Consumo: M\u00e1ximo 110 watts. Conexi\u00f3n: Recept\u00e1culo IEC est\u00e1ndar.<\/p>\n<\/div>\n<div style=\"font-weight: bold\">Dimensions.<\/div>\n<div>\n<p>568 x 342 x 270 mm.<\/p>\n<\/div>\n<div style=\"font-weight: bold\">Weight.<\/div>\n<div>\n<p>12.3 kg.<\/p>\n<\/div>\n<\/div>\n<\/div>","protected":false},"excerpt":{"rendered":"<p>Bafle activo biamplificado de 2 v\u00edas de 12\u201d pulgadas con opci\u00f3n inal\u00e1mbrica y mezcladora integrada de 2 canales con entradas individuales de mic\/line, controles de volumen y LED de clip, potencia de 1,000 watts, ideal para aplicaciones en vivo y reproducci\u00f3n, sistema ultra compacto y ligero que ofrece un sonido excelente, incluso a niveles extremos de presi\u00f3n ac\u00fastica, ecualizador dedicado de 2 bandas y procesador de sonido integrado para el control del sistema y protecci\u00f3n del altavoz, revolucionaria tecnolog\u00eda clase D, graves incre\u00edblemente profundos  y gran potencia ac\u00fastica, driver de compresi\u00f3n de diafragma fen\u00f3lico de 1\u201d pulgada para una excepcional reproducci\u00f3n de alta frecuencia, dispersi\u00f3n ultra amplia, trompeta exponencial de gran formato, salida de l\u00ednea adicional que permite la conexi\u00f3n de sistemas adicionales de altavoces, dise\u00f1o de carcasa trapezoidal que permite diferentes posiciones: montaje en soporte con polo de 35 mm e inclinado en el costado para ser utilizado como monitor de piso, asa ergon\u00f3mica para un transporte sencillo, dimensiones: 568 x 324 x 270 mm, peso: 12.3 kg.&hellip; <a class=\"kt-excerpt-readmore more-link\" href=\"https:\/\/www.mexicanguitarplayers.com\/en\/tienda\/audio\/bafles-y-bocinas\/bafles\/bafles-activos\/bafle-behringer-c-poder-mod-b112d\/\">Read more<\/a><\/p>","protected":false},"featured_media":41848,"comment_status":"open","ping_status":"closed","template":"","meta":{"kt_blocks_editor_width":""},"pwb-brand":[171],"product_brand":[],"product_cat":[213,222,472,221],"product_tag":[],"class_list":{"0":"post-41852","1":"product","2":"type-product","3":"status-publish","4":"has-post-thumbnail","6":"pwb-brand-behringer","7":"product_cat-audio","8":"product_cat-bafles","9":"product_cat-bafles-activos","10":"product_cat-bafles-y-bocinas","11":"product_shipping_class-10-15-kg","13":"first","14":"instock","15":"taxable","16":"shipping-taxable","17":"purchasable","18":"product-type-simple"},"yoast_head":"<!-- This site is optimized with the Yoast SEO plugin v27.5 - https:\/\/yoast.com\/product\/yoast-seo-wordpress\/ -->\n<title>BAFLE BEHRINGER C\/PODER MOD. B112D - Mexican Guitar Players<\/title>\n<meta name=\"description\" content=\"Bafle activo biamplificado de 2 v\u00edas de 12\u201d pulgadas con opci\u00f3n inal\u00e1mbrica y mezcladora integrada de 2 canales con entradas individuales de mic\/line, controles de volumen y LED de clip, potencia de 1,000 watts, ideal para aplicaciones en vivo y reproducci\u00f3n, sistema ultra compacto y ligero que ofrece un sonido excelente, incluso a niveles extremos de presi\u00f3n ac\u00fastica, ecualizador dedicado de 2 bandas y procesador de sonido integrado para el control del sistema y protecci\u00f3n del altavoz, revolucionaria tecnolog\u00eda clase D, graves incre\u00edblemente profundos y gran potencia ac\u00fastica, driver de compresi\u00f3n de diafragma fen\u00f3lico de 1\u201d pulgada para una excepcional reproducci\u00f3n de alta frecuencia, dispersi\u00f3n ultra amplia, trompeta exponencial de gran formato, salida de l\u00ednea adicional que permite la conexi\u00f3n de sistemas adicionales de altavoces, dise\u00f1o de carcasa trapezoidal que permite diferentes posiciones: montaje en soporte con polo de 35 mm e inclinado en el costado para ser utilizado como monitor de piso, asa ergon\u00f3mica para un transporte sencillo, dimensiones: 568 x 324 x 270 mm, peso: 12.3 kg.\" \/>\n<meta name=\"robots\" content=\"index, follow, max-snippet:-1, max-image-preview:large, max-video-preview:-1\" \/>\n<link rel=\"canonical\" href=\"https:\/\/www.mexicanguitarplayers.com\/en\/tienda\/sin%20categor\u00eda\/bafle-behringer-c-poder-mod-b112d\/\" \/>\n<meta property=\"og:locale\" content=\"en_US\" \/>\n<meta property=\"og:type\" content=\"article\" \/>\n<meta property=\"og:title\" content=\"BAFLE BEHRINGER C\/PODER MOD. B112D - Mexican Guitar Players\" \/>\n<meta property=\"og:description\" content=\"Bafle activo biamplificado de 2 v\u00edas de 12\u201d pulgadas con opci\u00f3n inal\u00e1mbrica y mezcladora integrada de 2 canales con entradas individuales de mic\/line, controles de volumen y LED de clip, potencia de 1,000 watts, ideal para aplicaciones en vivo y reproducci\u00f3n, sistema ultra compacto y ligero que ofrece un sonido excelente, incluso a niveles extremos de presi\u00f3n ac\u00fastica, ecualizador dedicado de 2 bandas y procesador de sonido integrado para el control del sistema y protecci\u00f3n del altavoz, revolucionaria tecnolog\u00eda clase D, graves incre\u00edblemente profundos y gran potencia ac\u00fastica, driver de compresi\u00f3n de diafragma fen\u00f3lico de 1\u201d pulgada para una excepcional reproducci\u00f3n de alta frecuencia, dispersi\u00f3n ultra amplia, trompeta exponencial de gran formato, salida de l\u00ednea adicional que permite la conexi\u00f3n de sistemas adicionales de altavoces, dise\u00f1o de carcasa trapezoidal que permite diferentes posiciones: montaje en soporte con polo de 35 mm e inclinado en el costado para ser utilizado como monitor de piso, asa ergon\u00f3mica para un transporte sencillo, dimensiones: 568 x 324 x 270 mm, peso: 12.3 kg.\" \/>\n<meta property=\"og:url\" content=\"https:\/\/www.mexicanguitarplayers.com\/en\/tienda\/sin categor\u00eda\/bafle-behringer-c-poder-mod-b112d\/\" \/>\n<meta property=\"og:site_name\" content=\"Mexican Guitar Players\" \/>\n<meta property=\"article:modified_time\" content=\"2026-05-01T13:16:29+00:00\" \/>\n<meta name=\"twitter:card\" content=\"summary_large_image\" \/>\n<meta name=\"twitter:label1\" content=\"Est. reading time\" \/>\n\t<meta name=\"twitter:data1\" content=\"2 minutes\" \/>\n<script type=\"application\/ld+json\" class=\"yoast-schema-graph\">{\"@context\":\"https:\\\/\\\/schema.org\",\"@graph\":[{\"@type\":[\"WebPage\",\"ItemPage\"],\"@id\":\"https:\\\/\\\/www.mexicanguitarplayers.com\\\/tienda\\\/sin categor\u00eda\\\/bafle-behringer-c-poder-mod-b112d\\\/\",\"url\":\"https:\\\/\\\/www.mexicanguitarplayers.com\\\/tienda\\\/sin categor\u00eda\\\/bafle-behringer-c-poder-mod-b112d\\\/\",\"name\":\"BAFLE BEHRINGER C\\\/PODER MOD. B112D - Mexican Guitar Players\",\"isPartOf\":{\"@id\":\"https:\\\/\\\/www.mexicanguitarplayers.com\\\/#website\"},\"primaryImageOfPage\":{\"@id\":\"https:\\\/\\\/www.mexicanguitarplayers.com\\\/tienda\\\/sin categor\u00eda\\\/bafle-behringer-c-poder-mod-b112d\\\/#primaryimage\"},\"image\":{\"@id\":\"https:\\\/\\\/www.mexicanguitarplayers.com\\\/tienda\\\/sin categor\u00eda\\\/bafle-behringer-c-poder-mod-b112d\\\/#primaryimage\"},\"thumbnailUrl\":\"https:\\\/\\\/www.mexicanguitarplayers.com\\\/wp-content\\\/uploads\\\/2025\\\/04\\\/IABEHB112D.jpg\",\"datePublished\":\"2025-04-09T15:00:50+00:00\",\"dateModified\":\"2026-05-01T13:16:29+00:00\",\"description\":\"Bafle activo biamplificado de 2 v\u00edas de 12\u201d pulgadas con opci\u00f3n inal\u00e1mbrica y mezcladora integrada de 2 canales con entradas individuales de mic\\\/line, controles de volumen y LED de clip, potencia de 1,000 watts, ideal para aplicaciones en vivo y reproducci\u00f3n, sistema ultra compacto y ligero que ofrece un sonido excelente, incluso a niveles extremos de presi\u00f3n ac\u00fastica, ecualizador dedicado de 2 bandas y procesador de sonido integrado para el control del sistema y protecci\u00f3n del altavoz, revolucionaria tecnolog\u00eda clase D, graves incre\u00edblemente profundos y gran potencia ac\u00fastica, driver de compresi\u00f3n de diafragma fen\u00f3lico de 1\u201d pulgada para una excepcional reproducci\u00f3n de alta frecuencia, dispersi\u00f3n ultra amplia, trompeta exponencial de gran formato, salida de l\u00ednea adicional que permite la conexi\u00f3n de sistemas adicionales de altavoces, dise\u00f1o de carcasa trapezoidal que permite diferentes posiciones: montaje en soporte con polo de 35 mm e inclinado en el costado para ser utilizado como monitor de piso, asa ergon\u00f3mica para un transporte sencillo, dimensiones: 568 x 324 x 270 mm, peso: 12.3 kg.\",\"breadcrumb\":{\"@id\":\"https:\\\/\\\/www.mexicanguitarplayers.com\\\/tienda\\\/sin categor\u00eda\\\/bafle-behringer-c-poder-mod-b112d\\\/#breadcrumb\"},\"inLanguage\":\"en-US\",\"potentialAction\":[{\"@type\":\"ReadAction\",\"target\":[\"https:\\\/\\\/www.mexicanguitarplayers.com\\\/tienda\\\/sin categor\u00eda\\\/bafle-behringer-c-poder-mod-b112d\\\/\"]}]},{\"@type\":\"ImageObject\",\"inLanguage\":\"en-US\",\"@id\":\"https:\\\/\\\/www.mexicanguitarplayers.com\\\/tienda\\\/sin categor\u00eda\\\/bafle-behringer-c-poder-mod-b112d\\\/#primaryimage\",\"url\":\"https:\\\/\\\/www.mexicanguitarplayers.com\\\/wp-content\\\/uploads\\\/2025\\\/04\\\/IABEHB112D.jpg\",\"contentUrl\":\"https:\\\/\\\/www.mexicanguitarplayers.com\\\/wp-content\\\/uploads\\\/2025\\\/04\\\/IABEHB112D.jpg\",\"width\":1200,\"height\":1200},{\"@type\":\"BreadcrumbList\",\"@id\":\"https:\\\/\\\/www.mexicanguitarplayers.com\\\/tienda\\\/sin categor\u00eda\\\/bafle-behringer-c-poder-mod-b112d\\\/#breadcrumb\",\"itemListElement\":[{\"@type\":\"ListItem\",\"position\":1,\"name\":\"Portada\",\"item\":\"https:\\\/\\\/www.mexicanguitarplayers.com\\\/\"},{\"@type\":\"ListItem\",\"position\":2,\"name\":\"Tienda\",\"item\":\"https:\\\/\\\/www.mexicanguitarplayers.com\\\/tienda\\\/\"},{\"@type\":\"ListItem\",\"position\":3,\"name\":\"BAFLE BEHRINGER C\\\/PODER MOD. B112D\"}]},{\"@type\":\"WebSite\",\"@id\":\"https:\\\/\\\/www.mexicanguitarplayers.com\\\/#website\",\"url\":\"https:\\\/\\\/www.mexicanguitarplayers.com\\\/\",\"name\":\"Mexican Guitar Players\",\"description\":\"Website\",\"publisher\":{\"@id\":\"https:\\\/\\\/www.mexicanguitarplayers.com\\\/#organization\"},\"potentialAction\":[{\"@type\":\"SearchAction\",\"target\":{\"@type\":\"EntryPoint\",\"urlTemplate\":\"https:\\\/\\\/www.mexicanguitarplayers.com\\\/?s={search_term_string}\"},\"query-input\":{\"@type\":\"PropertyValueSpecification\",\"valueRequired\":true,\"valueName\":\"search_term_string\"}}],\"inLanguage\":\"en-US\"},{\"@type\":\"Organization\",\"@id\":\"https:\\\/\\\/www.mexicanguitarplayers.com\\\/#organization\",\"name\":\"Mexican Guitar Players\",\"url\":\"https:\\\/\\\/www.mexicanguitarplayers.com\\\/\",\"logo\":{\"@type\":\"ImageObject\",\"inLanguage\":\"en-US\",\"@id\":\"https:\\\/\\\/www.mexicanguitarplayers.com\\\/#\\\/schema\\\/logo\\\/image\\\/\",\"url\":\"\",\"contentUrl\":\"\",\"caption\":\"Mexican Guitar Players\"},\"image\":{\"@id\":\"https:\\\/\\\/www.mexicanguitarplayers.com\\\/#\\\/schema\\\/logo\\\/image\\\/\"}}]}<\/script>\n<!-- \/ Yoast SEO plugin. -->","yoast_head_json":{"title":"BAFLE BEHRINGER C\/PODER MOD. B112D - Mexican Guitar Players","description":"Bafle activo biamplificado de 2 v\u00edas de 12\u201d pulgadas con opci\u00f3n inal\u00e1mbrica y mezcladora integrada de 2 canales con entradas individuales de mic\/line, controles de volumen y LED de clip, potencia de 1,000 watts, ideal para aplicaciones en vivo y reproducci\u00f3n, sistema ultra compacto y ligero que ofrece un sonido excelente, incluso a niveles extremos de presi\u00f3n ac\u00fastica, ecualizador dedicado de 2 bandas y procesador de sonido integrado para el control del sistema y protecci\u00f3n del altavoz, revolucionaria tecnolog\u00eda clase D, graves incre\u00edblemente profundos y gran potencia ac\u00fastica, driver de compresi\u00f3n de diafragma fen\u00f3lico de 1\u201d pulgada para una excepcional reproducci\u00f3n de alta frecuencia, dispersi\u00f3n ultra amplia, trompeta exponencial de gran formato, salida de l\u00ednea adicional que permite la conexi\u00f3n de sistemas adicionales de altavoces, dise\u00f1o de carcasa trapezoidal que permite diferentes posiciones: montaje en soporte con polo de 35 mm e inclinado en el costado para ser utilizado como monitor de piso, asa ergon\u00f3mica para un transporte sencillo, dimensiones: 568 x 324 x 270 mm, peso: 12.3 kg.","robots":{"index":"index","follow":"follow","max-snippet":"max-snippet:-1","max-image-preview":"max-image-preview:large","max-video-preview":"max-video-preview:-1"},"canonical":"https:\/\/www.mexicanguitarplayers.com\/en\/tienda\/sin categor\u00eda\/bafle-behringer-c-poder-mod-b112d\/","og_locale":"en_US","og_type":"article","og_title":"BAFLE BEHRINGER C\/PODER MOD. B112D - Mexican Guitar Players","og_description":"Bafle activo biamplificado de 2 v\u00edas de 12\u201d pulgadas con opci\u00f3n inal\u00e1mbrica y mezcladora integrada de 2 canales con entradas individuales de mic\/line, controles de volumen y LED de clip, potencia de 1,000 watts, ideal para aplicaciones en vivo y reproducci\u00f3n, sistema ultra compacto y ligero que ofrece un sonido excelente, incluso a niveles extremos de presi\u00f3n ac\u00fastica, ecualizador dedicado de 2 bandas y procesador de sonido integrado para el control del sistema y protecci\u00f3n del altavoz, revolucionaria tecnolog\u00eda clase D, graves incre\u00edblemente profundos y gran potencia ac\u00fastica, driver de compresi\u00f3n de diafragma fen\u00f3lico de 1\u201d pulgada para una excepcional reproducci\u00f3n de alta frecuencia, dispersi\u00f3n ultra amplia, trompeta exponencial de gran formato, salida de l\u00ednea adicional que permite la conexi\u00f3n de sistemas adicionales de altavoces, dise\u00f1o de carcasa trapezoidal que permite diferentes posiciones: montaje en soporte con polo de 35 mm e inclinado en el costado para ser utilizado como monitor de piso, asa ergon\u00f3mica para un transporte sencillo, dimensiones: 568 x 324 x 270 mm, peso: 12.3 kg.","og_url":"https:\/\/www.mexicanguitarplayers.com\/en\/tienda\/sin categor\u00eda\/bafle-behringer-c-poder-mod-b112d\/","og_site_name":"Mexican Guitar Players","article_modified_time":"2026-05-01T13:16:29+00:00","twitter_card":"summary_large_image","twitter_misc":{"Est. reading time":"2 minutes"},"schema":{"@context":"https:\/\/schema.org","@graph":[{"@type":["WebPage","ItemPage"],"@id":"https:\/\/www.mexicanguitarplayers.com\/tienda\/sin categor\u00eda\/bafle-behringer-c-poder-mod-b112d\/","url":"https:\/\/www.mexicanguitarplayers.com\/tienda\/sin categor\u00eda\/bafle-behringer-c-poder-mod-b112d\/","name":"BAFLE BEHRINGER C\/PODER MOD. B112D - Mexican Guitar Players","isPartOf":{"@id":"https:\/\/www.mexicanguitarplayers.com\/#website"},"primaryImageOfPage":{"@id":"https:\/\/www.mexicanguitarplayers.com\/tienda\/sin categor\u00eda\/bafle-behringer-c-poder-mod-b112d\/#primaryimage"},"image":{"@id":"https:\/\/www.mexicanguitarplayers.com\/tienda\/sin categor\u00eda\/bafle-behringer-c-poder-mod-b112d\/#primaryimage"},"thumbnailUrl":"https:\/\/www.mexicanguitarplayers.com\/wp-content\/uploads\/2025\/04\/IABEHB112D.jpg","datePublished":"2025-04-09T15:00:50+00:00","dateModified":"2026-05-01T13:16:29+00:00","description":"Bafle activo biamplificado de 2 v\u00edas de 12\u201d pulgadas con opci\u00f3n inal\u00e1mbrica y mezcladora integrada de 2 canales con entradas individuales de mic\/line, controles de volumen y LED de clip, potencia de 1,000 watts, ideal para aplicaciones en vivo y reproducci\u00f3n, sistema ultra compacto y ligero que ofrece un sonido excelente, incluso a niveles extremos de presi\u00f3n ac\u00fastica, ecualizador dedicado de 2 bandas y procesador de sonido integrado para el control del sistema y protecci\u00f3n del altavoz, revolucionaria tecnolog\u00eda clase D, graves incre\u00edblemente profundos y gran potencia ac\u00fastica, driver de compresi\u00f3n de diafragma fen\u00f3lico de 1\u201d pulgada para una excepcional reproducci\u00f3n de alta frecuencia, dispersi\u00f3n ultra amplia, trompeta exponencial de gran formato, salida de l\u00ednea adicional que permite la conexi\u00f3n de sistemas adicionales de altavoces, dise\u00f1o de carcasa trapezoidal que permite diferentes posiciones: montaje en soporte con polo de 35 mm e inclinado en el costado para ser utilizado como monitor de piso, asa ergon\u00f3mica para un transporte sencillo, dimensiones: 568 x 324 x 270 mm, peso: 12.3 kg.","breadcrumb":{"@id":"https:\/\/www.mexicanguitarplayers.com\/tienda\/sin categor\u00eda\/bafle-behringer-c-poder-mod-b112d\/#breadcrumb"},"inLanguage":"en-US","potentialAction":[{"@type":"ReadAction","target":["https:\/\/www.mexicanguitarplayers.com\/tienda\/sin categor\u00eda\/bafle-behringer-c-poder-mod-b112d\/"]}]},{"@type":"ImageObject","inLanguage":"en-US","@id":"https:\/\/www.mexicanguitarplayers.com\/tienda\/sin categor\u00eda\/bafle-behringer-c-poder-mod-b112d\/#primaryimage","url":"https:\/\/www.mexicanguitarplayers.com\/wp-content\/uploads\/2025\/04\/IABEHB112D.jpg","contentUrl":"https:\/\/www.mexicanguitarplayers.com\/wp-content\/uploads\/2025\/04\/IABEHB112D.jpg","width":1200,"height":1200},{"@type":"BreadcrumbList","@id":"https:\/\/www.mexicanguitarplayers.com\/tienda\/sin categor\u00eda\/bafle-behringer-c-poder-mod-b112d\/#breadcrumb","itemListElement":[{"@type":"ListItem","position":1,"name":"Portada","item":"https:\/\/www.mexicanguitarplayers.com\/"},{"@type":"ListItem","position":2,"name":"Tienda","item":"https:\/\/www.mexicanguitarplayers.com\/tienda\/"},{"@type":"ListItem","position":3,"name":"BAFLE BEHRINGER C\/PODER MOD. B112D"}]},{"@type":"WebSite","@id":"https:\/\/www.mexicanguitarplayers.com\/#website","url":"https:\/\/www.mexicanguitarplayers.com\/","name":"Mexican Guitar Players","description":"Website","publisher":{"@id":"https:\/\/www.mexicanguitarplayers.com\/#organization"},"potentialAction":[{"@type":"SearchAction","target":{"@type":"EntryPoint","urlTemplate":"https:\/\/www.mexicanguitarplayers.com\/?s={search_term_string}"},"query-input":{"@type":"PropertyValueSpecification","valueRequired":true,"valueName":"search_term_string"}}],"inLanguage":"en-US"},{"@type":"Organization","@id":"https:\/\/www.mexicanguitarplayers.com\/#organization","name":"Mexican Guitar Players","url":"https:\/\/www.mexicanguitarplayers.com\/","logo":{"@type":"ImageObject","inLanguage":"en-US","@id":"https:\/\/www.mexicanguitarplayers.com\/#\/schema\/logo\/image\/","url":"","contentUrl":"","caption":"Mexican Guitar Players"},"image":{"@id":"https:\/\/www.mexicanguitarplayers.com\/#\/schema\/logo\/image\/"}}]}},"brands":[{"id":171,"name":"BEHRINGER","slug":"behringer"}],"_links":{"self":[{"href":"https:\/\/www.mexicanguitarplayers.com\/en\/wp-json\/wp\/v2\/product\/41852","targetHints":{"allow":["GET"]}}],"collection":[{"href":"https:\/\/www.mexicanguitarplayers.com\/en\/wp-json\/wp\/v2\/product"}],"about":[{"href":"https:\/\/www.mexicanguitarplayers.com\/en\/wp-json\/wp\/v2\/types\/product"}],"replies":[{"embeddable":true,"href":"https:\/\/www.mexicanguitarplayers.com\/en\/wp-json\/wp\/v2\/comments?post=41852"}],"wp:featuredmedia":[{"embeddable":true,"href":"https:\/\/www.mexicanguitarplayers.com\/en\/wp-json\/wp\/v2\/media\/41848"}],"wp:attachment":[{"href":"https:\/\/www.mexicanguitarplayers.com\/en\/wp-json\/wp\/v2\/media?parent=41852"}],"wp:term":[{"taxonomy":"pwb-brand","embeddable":true,"href":"https:\/\/www.mexicanguitarplayers.com\/en\/wp-json\/wp\/v2\/pwb-brand?post=41852"},{"taxonomy":"product_brand","embeddable":true,"href":"https:\/\/www.mexicanguitarplayers.com\/en\/wp-json\/wp\/v2\/product_brand?post=41852"},{"taxonomy":"product_cat","embeddable":true,"href":"https:\/\/www.mexicanguitarplayers.com\/en\/wp-json\/wp\/v2\/product_cat?post=41852"},{"taxonomy":"product_tag","embeddable":true,"href":"https:\/\/www.mexicanguitarplayers.com\/en\/wp-json\/wp\/v2\/product_tag?post=41852"}],"curies":[{"name":"wp","href":"https:\/\/api.w.org\/{rel}","templated":true}]}}