{"id":41867,"date":"2025-04-09T09:01:16","date_gmt":"2025-04-09T15:01:16","guid":{"rendered":"https:\/\/www.mexicanguitarplayers.com\/tienda\/sin categor\u00eda\/mezcladora-behringer-mod-zmx2600\/"},"modified":"2026-04-10T04:17:34","modified_gmt":"2026-04-10T10:17:34","slug":"mezcladora-behringer-mod-zmx2600","status":"publish","type":"product","link":"https:\/\/www.mexicanguitarplayers.com\/en\/tienda\/accesorios\/para-audio\/rack\/mezcladora-behringer-mod-zmx2600\/","title":{"rendered":"MEZCLADORA BEHRINGER MOD. ZMX2600"},"content":{"rendered":"<div style=\"text-align: justify\">\n<div>\n<h3>Para diversas aplicaciones.<\/h3>\n<\/div>\n<div>Una mezcladora de zona est\u00e9reo profesional de entrada dual, dise\u00f1ada espec\u00edficamente para instalaciones fijas, la ULTRAZONE ZMX2600 montable en rack, puede distribuir tu programaci\u00f3n musical y anuncios a hasta 6 zonas (rooms). Aplicaciones t\u00edpicas incluyen restaurantes, \u00e1reas de oficina, clubes de salud y casas de culto, s\u00f3lo por nombrar algunos. Aplicaciones. La ZMX2600 te permite tomar hasta 2 se\u00f1ales de entrada y enrutarla a cualquiera o todos los 6 destinos. Tal vez quieras reproducir m\u00fasica en est\u00e9reo para los clientes que esperan en el vest\u00edbulo de tu complejo de oficinas y personas en el \u00e1rea de trabajo. Otro ejemplo podr\u00eda ser la peque\u00f1a iglesia que quiere tocar m\u00fasica suave en el vest\u00edbulo, microfonear al predicador en el santuario y luego enviar el serm\u00f3n y la m\u00fasica a la guarder\u00eda. Estas son todas las aplicaciones perfectas para la ZMX2600: m\u00faltiples fuentes de sonido, m\u00faltiples zonas, flexibilidad total. Estos son algunos ejemplos de la mezcladora ZMX2600 en acci\u00f3n, digamos que eres el due\u00f1o de un restaurante y quieres reproducir m\u00fasica de fondo en el vest\u00edbulo o \u00e1rea de espera de los clientes. La UltraZone ZMX2600 es la manera ideal de crear el ambiente perfecto para tus clientes o incluso para distribuir m\u00fasica en tu propia casa. Calidad superior de sonido. Gracias a su panel intuitivo, incluso los usuarios sin experiencia encontrar\u00e1n la ZMX2600 f\u00e1cil de operar. Sus caracter\u00edsticas profesionales te dar\u00e1n el control total sobre tu entorno s\u00f3nico, adem\u00e1s de ser una mezcladora ultra asequible.<\/div>\n<div>\n<h4>Quick look<\/h4>\n<\/div>\n<ul style=\"margin: 0px 0px 0px 25px\">\n<li style=\"list-style-type: circle;margin: 5px\">Entradas 1-2.<\/li>\n<li style=\"list-style-type: circle;margin: 5px\">Salidas 1-6.<\/li>\n<li style=\"list-style-type: circle;margin: 5px\">Datos del sistema.<\/li>\n<li style=\"list-style-type: circle;margin: 5px\">Power supply.<\/li>\n<li style=\"list-style-type: circle;margin: 5px\">Dimensions.<\/li>\n<li style=\"list-style-type: circle;margin: 5px\">Weight.<\/li>\n<\/ul>\n<div>\n<div style=\"font-weight: bold\">Entradas 1-2.<\/div>\n<div>\n<p>Tipo: XLR balanceado, L\/R. Impedancia: 44 kilo-ohms balanceado \/ 22 kilo-ohms desbalanceado. Nivel de entrada m\u00e1ximo: +21 dBu. Ganancia m\u00e1xima: +10 dB. Crosstalk: &gt;80 dB @ 1 kHz. Relaci\u00f3n de rechazo de modo com\u00fan (CMRR): &gt;40 dB @ 1 kHz, 22 Hz &#8211; 22 kHz. Controles de entrada: Perilla de nivel de entrada est\u00e9reo. Display de entrada: -24 dB, 0 dB, Clip LEDs.<\/p>\n<\/div>\n<div style=\"font-weight: bold\">Salidas 1-6.<\/div>\n<div>\n<p>Tipo: XLR servo balanceado, L\/R. Ganancia m\u00e1xima: 0 dB. Ganancia m\u00e1xima (entrada\/salida): +10 dB. Impedancia: 50 ohms balanceado y desbalanceado. Nivel de salida m\u00e1ximo: +21 dBu balanceado y desbalanceado. Crosstalk (L\/R): &gt;80 dB @ 1 kHz. Ruido (todos los controles de nivel abajo): -104 dBu  ponderado A. Relaci\u00f3n se\u00f1al a ruido: 97 dB @ 0 dB ponderado A. Controles de salida: Perilla de nivel de salida est\u00e9reo x2 Mono\/Stereo switch. Display de salida: -24 dB, -6 dB, 0 dB, +6 dB, Clip LEDs.<\/p>\n<\/div>\n<div style=\"font-weight: bold\">Datos del sistema.<\/div>\n<div>\n<p>Respuesta de frecuencia: &lt;10 Hz &#8211; 25 kHz \u00b10.5 dB. Distorsi\u00f3n (THD+N): &lt;0.008%.<\/p>\n<\/div>\n<div style=\"font-weight: bold\">Power supply.<\/div>\n<div>\n<p>Tipo: Fuente de alimentaci\u00f3n conmutada. Voltaje: 100-2540 VAC, 50\/60 Hz. Consumo de energ\u00eda: 15 watts. Conexi\u00f3n de energ\u00eda: Recept\u00e1culo IEC est\u00e1ndar.<\/p>\n<\/div>\n<div style=\"font-weight: bold\">Dimensions.<\/div>\n<div>\n<p>44 x 483 x 145 mm.<\/p>\n<\/div>\n<div style=\"font-weight: bold\">Weight.<\/div>\n<div>\n<p>1.7 kg.<\/p>\n<\/div>\n<\/div>\n<\/div>","protected":false},"excerpt":{"rendered":"<p>Mezcladora est\u00e9reo profesional ultra flexible de zona de 2 entradas y 6 buses, ideal para sistemas de sonido comerciales y aplicaciones de instalaci\u00f3n fija, 2 entradas de l\u00ednea de ruido ultra bajo con controles de nivel para fuentes mono o est\u00e9reo, 6 canales de salida de zona est\u00e9reo con controles de nivel de fuente 1 y 2, canales de entrada fuente 1 y 2 enrutadas internamente a todos los canales de 6 zonas, switch mono\/est\u00e9reo en cada zona que suma la se\u00f1al izquierda y derecha en el modo mono, medidores LED separados de 5 segmentos para cada canal de zona para indicar la actividad de la se\u00f1al, entradas y salidas servo-balanceadas con conectores XLR dorados, fuente de alimentaci\u00f3n conmutada \u201dPlanet Earth\u201d para m\u00e1xima flexibilidad (100 &#8211; 240 V~), audio sin ruido, respuesta transitoria superior y bajo consumo de energ\u00eda, dimensiones: 44 x 483 x 145 mm, peso: 1.7 kg.&hellip; <a class=\"kt-excerpt-readmore more-link\" href=\"https:\/\/www.mexicanguitarplayers.com\/en\/tienda\/accesorios\/para-audio\/rack\/mezcladora-behringer-mod-zmx2600\/\">Read more<\/a><\/p>","protected":false},"featured_media":41862,"comment_status":"open","ping_status":"closed","template":"","meta":{"kt_blocks_editor_width":""},"pwb-brand":[171],"product_brand":[],"product_cat":[213,491,411],"product_tag":[],"class_list":{"0":"post-41867","1":"product","2":"type-product","3":"status-publish","4":"has-post-thumbnail","6":"pwb-brand-behringer","7":"product_cat-audio","8":"product_cat-mezcladoras","9":"product_cat-rack","10":"product_shipping_class-0-5-kg","12":"first","13":"outofstock","14":"taxable","15":"shipping-taxable","16":"purchasable","17":"product-type-simple"},"yoast_head":"<!-- This site is optimized with the Yoast SEO plugin v27.5 - https:\/\/yoast.com\/product\/yoast-seo-wordpress\/ -->\n<title>MEZCLADORA BEHRINGER MOD. ZMX2600 - Mexican Guitar Players<\/title>\n<meta name=\"description\" content=\"Mezcladora est\u00e9reo profesional ultra flexible de zona de 2 entradas y 6 buses, ideal para sistemas de sonido comerciales y aplicaciones de instalaci\u00f3n fija, 2 entradas de l\u00ednea de ruido ultra bajo con controles de nivel para fuentes mono o est\u00e9reo, 6 canales de salida de zona est\u00e9reo con controles de nivel de fuente 1 y 2, canales de entrada fuente 1 y 2 enrutadas internamente a todos los canales de 6 zonas, switch mono\/est\u00e9reo en cada zona que suma la se\u00f1al izquierda y derecha en el modo mono, medidores LED separados de 5 segmentos para cada canal de zona para indicar la actividad de la se\u00f1al, entradas y salidas servo-balanceadas con conectores XLR dorados, fuente de alimentaci\u00f3n conmutada \u201dPlanet Earth\u201d para m\u00e1xima flexibilidad (100 - 240 V~), audio sin ruido, respuesta transitoria superior y bajo consumo de energ\u00eda, dimensiones: 44 x 483 x 145 mm, peso: 1.7 kg.\" \/>\n<meta name=\"robots\" content=\"index, follow, max-snippet:-1, max-image-preview:large, max-video-preview:-1\" \/>\n<link rel=\"canonical\" href=\"https:\/\/www.mexicanguitarplayers.com\/en\/tienda\/sin%20categor\u00eda\/mezcladora-behringer-mod-zmx2600\/\" \/>\n<meta property=\"og:locale\" content=\"en_US\" \/>\n<meta property=\"og:type\" content=\"article\" \/>\n<meta property=\"og:title\" content=\"MEZCLADORA BEHRINGER MOD. ZMX2600 - Mexican Guitar Players\" \/>\n<meta property=\"og:description\" content=\"Mezcladora est\u00e9reo profesional ultra flexible de zona de 2 entradas y 6 buses, ideal para sistemas de sonido comerciales y aplicaciones de instalaci\u00f3n fija, 2 entradas de l\u00ednea de ruido ultra bajo con controles de nivel para fuentes mono o est\u00e9reo, 6 canales de salida de zona est\u00e9reo con controles de nivel de fuente 1 y 2, canales de entrada fuente 1 y 2 enrutadas internamente a todos los canales de 6 zonas, switch mono\/est\u00e9reo en cada zona que suma la se\u00f1al izquierda y derecha en el modo mono, medidores LED separados de 5 segmentos para cada canal de zona para indicar la actividad de la se\u00f1al, entradas y salidas servo-balanceadas con conectores XLR dorados, fuente de alimentaci\u00f3n conmutada \u201dPlanet Earth\u201d para m\u00e1xima flexibilidad (100 - 240 V~), audio sin ruido, respuesta transitoria superior y bajo consumo de energ\u00eda, dimensiones: 44 x 483 x 145 mm, peso: 1.7 kg.\" \/>\n<meta property=\"og:url\" content=\"https:\/\/www.mexicanguitarplayers.com\/en\/tienda\/sin categor\u00eda\/mezcladora-behringer-mod-zmx2600\/\" \/>\n<meta property=\"og:site_name\" content=\"Mexican Guitar Players\" \/>\n<meta property=\"article:modified_time\" content=\"2026-04-10T10:17:34+00:00\" \/>\n<meta name=\"twitter:card\" content=\"summary_large_image\" \/>\n<meta name=\"twitter:label1\" content=\"Est. reading time\" \/>\n\t<meta name=\"twitter:data1\" content=\"2 minutes\" \/>\n<script type=\"application\/ld+json\" class=\"yoast-schema-graph\">{\"@context\":\"https:\\\/\\\/schema.org\",\"@graph\":[{\"@type\":[\"WebPage\",\"ItemPage\"],\"@id\":\"https:\\\/\\\/www.mexicanguitarplayers.com\\\/tienda\\\/sin categor\u00eda\\\/mezcladora-behringer-mod-zmx2600\\\/\",\"url\":\"https:\\\/\\\/www.mexicanguitarplayers.com\\\/tienda\\\/sin categor\u00eda\\\/mezcladora-behringer-mod-zmx2600\\\/\",\"name\":\"MEZCLADORA BEHRINGER MOD. ZMX2600 - Mexican Guitar Players\",\"isPartOf\":{\"@id\":\"https:\\\/\\\/www.mexicanguitarplayers.com\\\/#website\"},\"primaryImageOfPage\":{\"@id\":\"https:\\\/\\\/www.mexicanguitarplayers.com\\\/tienda\\\/sin categor\u00eda\\\/mezcladora-behringer-mod-zmx2600\\\/#primaryimage\"},\"image\":{\"@id\":\"https:\\\/\\\/www.mexicanguitarplayers.com\\\/tienda\\\/sin categor\u00eda\\\/mezcladora-behringer-mod-zmx2600\\\/#primaryimage\"},\"thumbnailUrl\":\"https:\\\/\\\/www.mexicanguitarplayers.com\\\/wp-content\\\/uploads\\\/2025\\\/04\\\/IABEHZMX2600.jpg\",\"datePublished\":\"2025-04-09T15:01:16+00:00\",\"dateModified\":\"2026-04-10T10:17:34+00:00\",\"description\":\"Mezcladora est\u00e9reo profesional ultra flexible de zona de 2 entradas y 6 buses, ideal para sistemas de sonido comerciales y aplicaciones de instalaci\u00f3n fija, 2 entradas de l\u00ednea de ruido ultra bajo con controles de nivel para fuentes mono o est\u00e9reo, 6 canales de salida de zona est\u00e9reo con controles de nivel de fuente 1 y 2, canales de entrada fuente 1 y 2 enrutadas internamente a todos los canales de 6 zonas, switch mono\\\/est\u00e9reo en cada zona que suma la se\u00f1al izquierda y derecha en el modo mono, medidores LED separados de 5 segmentos para cada canal de zona para indicar la actividad de la se\u00f1al, entradas y salidas servo-balanceadas con conectores XLR dorados, fuente de alimentaci\u00f3n conmutada \u201dPlanet Earth\u201d para m\u00e1xima flexibilidad (100 - 240 V~), audio sin ruido, respuesta transitoria superior y bajo consumo de energ\u00eda, dimensiones: 44 x 483 x 145 mm, peso: 1.7 kg.\",\"breadcrumb\":{\"@id\":\"https:\\\/\\\/www.mexicanguitarplayers.com\\\/tienda\\\/sin categor\u00eda\\\/mezcladora-behringer-mod-zmx2600\\\/#breadcrumb\"},\"inLanguage\":\"en-US\",\"potentialAction\":[{\"@type\":\"ReadAction\",\"target\":[\"https:\\\/\\\/www.mexicanguitarplayers.com\\\/tienda\\\/sin categor\u00eda\\\/mezcladora-behringer-mod-zmx2600\\\/\"]}]},{\"@type\":\"ImageObject\",\"inLanguage\":\"en-US\",\"@id\":\"https:\\\/\\\/www.mexicanguitarplayers.com\\\/tienda\\\/sin categor\u00eda\\\/mezcladora-behringer-mod-zmx2600\\\/#primaryimage\",\"url\":\"https:\\\/\\\/www.mexicanguitarplayers.com\\\/wp-content\\\/uploads\\\/2025\\\/04\\\/IABEHZMX2600.jpg\",\"contentUrl\":\"https:\\\/\\\/www.mexicanguitarplayers.com\\\/wp-content\\\/uploads\\\/2025\\\/04\\\/IABEHZMX2600.jpg\",\"width\":1600,\"height\":800},{\"@type\":\"BreadcrumbList\",\"@id\":\"https:\\\/\\\/www.mexicanguitarplayers.com\\\/tienda\\\/sin categor\u00eda\\\/mezcladora-behringer-mod-zmx2600\\\/#breadcrumb\",\"itemListElement\":[{\"@type\":\"ListItem\",\"position\":1,\"name\":\"Portada\",\"item\":\"https:\\\/\\\/www.mexicanguitarplayers.com\\\/\"},{\"@type\":\"ListItem\",\"position\":2,\"name\":\"Tienda\",\"item\":\"https:\\\/\\\/www.mexicanguitarplayers.com\\\/tienda\\\/\"},{\"@type\":\"ListItem\",\"position\":3,\"name\":\"MEZCLADORA BEHRINGER MOD. ZMX2600\"}]},{\"@type\":\"WebSite\",\"@id\":\"https:\\\/\\\/www.mexicanguitarplayers.com\\\/#website\",\"url\":\"https:\\\/\\\/www.mexicanguitarplayers.com\\\/\",\"name\":\"Mexican Guitar Players\",\"description\":\"Website\",\"publisher\":{\"@id\":\"https:\\\/\\\/www.mexicanguitarplayers.com\\\/#organization\"},\"potentialAction\":[{\"@type\":\"SearchAction\",\"target\":{\"@type\":\"EntryPoint\",\"urlTemplate\":\"https:\\\/\\\/www.mexicanguitarplayers.com\\\/?s={search_term_string}\"},\"query-input\":{\"@type\":\"PropertyValueSpecification\",\"valueRequired\":true,\"valueName\":\"search_term_string\"}}],\"inLanguage\":\"en-US\"},{\"@type\":\"Organization\",\"@id\":\"https:\\\/\\\/www.mexicanguitarplayers.com\\\/#organization\",\"name\":\"Mexican Guitar Players\",\"url\":\"https:\\\/\\\/www.mexicanguitarplayers.com\\\/\",\"logo\":{\"@type\":\"ImageObject\",\"inLanguage\":\"en-US\",\"@id\":\"https:\\\/\\\/www.mexicanguitarplayers.com\\\/#\\\/schema\\\/logo\\\/image\\\/\",\"url\":\"\",\"contentUrl\":\"\",\"caption\":\"Mexican Guitar Players\"},\"image\":{\"@id\":\"https:\\\/\\\/www.mexicanguitarplayers.com\\\/#\\\/schema\\\/logo\\\/image\\\/\"}}]}<\/script>\n<!-- \/ Yoast SEO plugin. -->","yoast_head_json":{"title":"MEZCLADORA BEHRINGER MOD. ZMX2600 - Mexican Guitar Players","description":"Mezcladora est\u00e9reo profesional ultra flexible de zona de 2 entradas y 6 buses, ideal para sistemas de sonido comerciales y aplicaciones de instalaci\u00f3n fija, 2 entradas de l\u00ednea de ruido ultra bajo con controles de nivel para fuentes mono o est\u00e9reo, 6 canales de salida de zona est\u00e9reo con controles de nivel de fuente 1 y 2, canales de entrada fuente 1 y 2 enrutadas internamente a todos los canales de 6 zonas, switch mono\/est\u00e9reo en cada zona que suma la se\u00f1al izquierda y derecha en el modo mono, medidores LED separados de 5 segmentos para cada canal de zona para indicar la actividad de la se\u00f1al, entradas y salidas servo-balanceadas con conectores XLR dorados, fuente de alimentaci\u00f3n conmutada \u201dPlanet Earth\u201d para m\u00e1xima flexibilidad (100 - 240 V~), audio sin ruido, respuesta transitoria superior y bajo consumo de energ\u00eda, dimensiones: 44 x 483 x 145 mm, peso: 1.7 kg.","robots":{"index":"index","follow":"follow","max-snippet":"max-snippet:-1","max-image-preview":"max-image-preview:large","max-video-preview":"max-video-preview:-1"},"canonical":"https:\/\/www.mexicanguitarplayers.com\/en\/tienda\/sin categor\u00eda\/mezcladora-behringer-mod-zmx2600\/","og_locale":"en_US","og_type":"article","og_title":"MEZCLADORA BEHRINGER MOD. ZMX2600 - Mexican Guitar Players","og_description":"Mezcladora est\u00e9reo profesional ultra flexible de zona de 2 entradas y 6 buses, ideal para sistemas de sonido comerciales y aplicaciones de instalaci\u00f3n fija, 2 entradas de l\u00ednea de ruido ultra bajo con controles de nivel para fuentes mono o est\u00e9reo, 6 canales de salida de zona est\u00e9reo con controles de nivel de fuente 1 y 2, canales de entrada fuente 1 y 2 enrutadas internamente a todos los canales de 6 zonas, switch mono\/est\u00e9reo en cada zona que suma la se\u00f1al izquierda y derecha en el modo mono, medidores LED separados de 5 segmentos para cada canal de zona para indicar la actividad de la se\u00f1al, entradas y salidas servo-balanceadas con conectores XLR dorados, fuente de alimentaci\u00f3n conmutada \u201dPlanet Earth\u201d para m\u00e1xima flexibilidad (100 - 240 V~), audio sin ruido, respuesta transitoria superior y bajo consumo de energ\u00eda, dimensiones: 44 x 483 x 145 mm, peso: 1.7 kg.","og_url":"https:\/\/www.mexicanguitarplayers.com\/en\/tienda\/sin categor\u00eda\/mezcladora-behringer-mod-zmx2600\/","og_site_name":"Mexican Guitar Players","article_modified_time":"2026-04-10T10:17:34+00:00","twitter_card":"summary_large_image","twitter_misc":{"Est. reading time":"2 minutes"},"schema":{"@context":"https:\/\/schema.org","@graph":[{"@type":["WebPage","ItemPage"],"@id":"https:\/\/www.mexicanguitarplayers.com\/tienda\/sin categor\u00eda\/mezcladora-behringer-mod-zmx2600\/","url":"https:\/\/www.mexicanguitarplayers.com\/tienda\/sin categor\u00eda\/mezcladora-behringer-mod-zmx2600\/","name":"MEZCLADORA BEHRINGER MOD. ZMX2600 - Mexican Guitar Players","isPartOf":{"@id":"https:\/\/www.mexicanguitarplayers.com\/#website"},"primaryImageOfPage":{"@id":"https:\/\/www.mexicanguitarplayers.com\/tienda\/sin categor\u00eda\/mezcladora-behringer-mod-zmx2600\/#primaryimage"},"image":{"@id":"https:\/\/www.mexicanguitarplayers.com\/tienda\/sin categor\u00eda\/mezcladora-behringer-mod-zmx2600\/#primaryimage"},"thumbnailUrl":"https:\/\/www.mexicanguitarplayers.com\/wp-content\/uploads\/2025\/04\/IABEHZMX2600.jpg","datePublished":"2025-04-09T15:01:16+00:00","dateModified":"2026-04-10T10:17:34+00:00","description":"Mezcladora est\u00e9reo profesional ultra flexible de zona de 2 entradas y 6 buses, ideal para sistemas de sonido comerciales y aplicaciones de instalaci\u00f3n fija, 2 entradas de l\u00ednea de ruido ultra bajo con controles de nivel para fuentes mono o est\u00e9reo, 6 canales de salida de zona est\u00e9reo con controles de nivel de fuente 1 y 2, canales de entrada fuente 1 y 2 enrutadas internamente a todos los canales de 6 zonas, switch mono\/est\u00e9reo en cada zona que suma la se\u00f1al izquierda y derecha en el modo mono, medidores LED separados de 5 segmentos para cada canal de zona para indicar la actividad de la se\u00f1al, entradas y salidas servo-balanceadas con conectores XLR dorados, fuente de alimentaci\u00f3n conmutada \u201dPlanet Earth\u201d para m\u00e1xima flexibilidad (100 - 240 V~), audio sin ruido, respuesta transitoria superior y bajo consumo de energ\u00eda, dimensiones: 44 x 483 x 145 mm, peso: 1.7 kg.","breadcrumb":{"@id":"https:\/\/www.mexicanguitarplayers.com\/tienda\/sin categor\u00eda\/mezcladora-behringer-mod-zmx2600\/#breadcrumb"},"inLanguage":"en-US","potentialAction":[{"@type":"ReadAction","target":["https:\/\/www.mexicanguitarplayers.com\/tienda\/sin categor\u00eda\/mezcladora-behringer-mod-zmx2600\/"]}]},{"@type":"ImageObject","inLanguage":"en-US","@id":"https:\/\/www.mexicanguitarplayers.com\/tienda\/sin categor\u00eda\/mezcladora-behringer-mod-zmx2600\/#primaryimage","url":"https:\/\/www.mexicanguitarplayers.com\/wp-content\/uploads\/2025\/04\/IABEHZMX2600.jpg","contentUrl":"https:\/\/www.mexicanguitarplayers.com\/wp-content\/uploads\/2025\/04\/IABEHZMX2600.jpg","width":1600,"height":800},{"@type":"BreadcrumbList","@id":"https:\/\/www.mexicanguitarplayers.com\/tienda\/sin categor\u00eda\/mezcladora-behringer-mod-zmx2600\/#breadcrumb","itemListElement":[{"@type":"ListItem","position":1,"name":"Portada","item":"https:\/\/www.mexicanguitarplayers.com\/"},{"@type":"ListItem","position":2,"name":"Tienda","item":"https:\/\/www.mexicanguitarplayers.com\/tienda\/"},{"@type":"ListItem","position":3,"name":"MEZCLADORA BEHRINGER MOD. ZMX2600"}]},{"@type":"WebSite","@id":"https:\/\/www.mexicanguitarplayers.com\/#website","url":"https:\/\/www.mexicanguitarplayers.com\/","name":"Mexican Guitar Players","description":"Website","publisher":{"@id":"https:\/\/www.mexicanguitarplayers.com\/#organization"},"potentialAction":[{"@type":"SearchAction","target":{"@type":"EntryPoint","urlTemplate":"https:\/\/www.mexicanguitarplayers.com\/?s={search_term_string}"},"query-input":{"@type":"PropertyValueSpecification","valueRequired":true,"valueName":"search_term_string"}}],"inLanguage":"en-US"},{"@type":"Organization","@id":"https:\/\/www.mexicanguitarplayers.com\/#organization","name":"Mexican Guitar Players","url":"https:\/\/www.mexicanguitarplayers.com\/","logo":{"@type":"ImageObject","inLanguage":"en-US","@id":"https:\/\/www.mexicanguitarplayers.com\/#\/schema\/logo\/image\/","url":"","contentUrl":"","caption":"Mexican Guitar Players"},"image":{"@id":"https:\/\/www.mexicanguitarplayers.com\/#\/schema\/logo\/image\/"}}]}},"brands":[{"id":171,"name":"BEHRINGER","slug":"behringer"}],"_links":{"self":[{"href":"https:\/\/www.mexicanguitarplayers.com\/en\/wp-json\/wp\/v2\/product\/41867","targetHints":{"allow":["GET"]}}],"collection":[{"href":"https:\/\/www.mexicanguitarplayers.com\/en\/wp-json\/wp\/v2\/product"}],"about":[{"href":"https:\/\/www.mexicanguitarplayers.com\/en\/wp-json\/wp\/v2\/types\/product"}],"replies":[{"embeddable":true,"href":"https:\/\/www.mexicanguitarplayers.com\/en\/wp-json\/wp\/v2\/comments?post=41867"}],"wp:featuredmedia":[{"embeddable":true,"href":"https:\/\/www.mexicanguitarplayers.com\/en\/wp-json\/wp\/v2\/media\/41862"}],"wp:attachment":[{"href":"https:\/\/www.mexicanguitarplayers.com\/en\/wp-json\/wp\/v2\/media?parent=41867"}],"wp:term":[{"taxonomy":"pwb-brand","embeddable":true,"href":"https:\/\/www.mexicanguitarplayers.com\/en\/wp-json\/wp\/v2\/pwb-brand?post=41867"},{"taxonomy":"product_brand","embeddable":true,"href":"https:\/\/www.mexicanguitarplayers.com\/en\/wp-json\/wp\/v2\/product_brand?post=41867"},{"taxonomy":"product_cat","embeddable":true,"href":"https:\/\/www.mexicanguitarplayers.com\/en\/wp-json\/wp\/v2\/product_cat?post=41867"},{"taxonomy":"product_tag","embeddable":true,"href":"https:\/\/www.mexicanguitarplayers.com\/en\/wp-json\/wp\/v2\/product_tag?post=41867"}],"curies":[{"name":"wp","href":"https:\/\/api.w.org\/{rel}","templated":true}]}}