{"id":41895,"date":"2025-04-09T09:02:04","date_gmt":"2025-04-09T15:02:04","guid":{"rendered":"https:\/\/www.mexicanguitarplayers.com\/tienda\/sin categor\u00eda\/tambor-premier-p-marcha-mod-38106\/"},"modified":"2026-04-10T04:17:32","modified_gmt":"2026-04-10T10:17:32","slug":"tambor-premier-p-marcha-mod-38106","status":"publish","type":"product","link":"https:\/\/www.mexicanguitarplayers.com\/en\/tienda\/percusiones\/instrumentos-de-marcha\/multi-tenores\/tambor-premier-p-marcha-mod-38106\/","title":{"rendered":"TAMBOR PREMIER P\/MARCHA MOD. 38106"},"content":{"rendered":"<div style=\"text-align: justify\">\n<div>\n<h3>Tiempos de revoluci\u00f3n.<\/h3>\n<\/div>\n<div>Para lograr el gran ajuste requerido por el conjunto moderno, la serie de multitenores Revolution incluye la tecnologia TDT que difunde la tensi\u00f3n del lug sobre un \u00e1rea mayor. Reduce la tensi\u00f3n centrada tanto en el lug como en el tambor. Para una reducci\u00f3n sensible del peso y mayor resistencia de la concha, los anillos de refuerzo compuestos, son exclusivos de la serie de multitenores Revolution.<\/div>\n<div>\n<h4>Quick look<\/h4>\n<\/div>\n<ul style=\"margin: 0px 0px 0px 25px\">\n<li style=\"list-style-type: circle;margin: 5px\">TDT.<\/li>\n<\/ul>\n<div>\n<div style=\"font-weight: bold\">TDT.<\/div>\n<div>\n<p>Sistema que hace que el lug distribuya toda la tensi\u00f3n para evitar da\u00f1os en la madera.<\/p>\n<\/div>\n<\/div>\n<div>\n<h4>Characteristics<\/h4>\n<\/div>\n<div>\n<ul style=\"margin: 0px 0px 0px 25px\">\n<li style=\"list-style-type: circle;margin: 5px\">Conchas con 8 capas de 8 mil\u00edmetros de madera s\u00f3lida de abedul.<\/li>\n<li style=\"list-style-type: circle;margin: 5px\">Lugs cromados.<\/li>\n<li style=\"list-style-type: circle;margin: 5px\">Parches Remo.<\/li>\n<\/ul>\n<\/div>\n<\/div>","protected":false},"excerpt":{"rendered":"<p>Tambor Multitenor Premier para marcha, di\u00e1metro: 6\u201d pulgadas, peso: 1.5 kg, fabricado con 8 capas de abedul s\u00f3lido de 8 mm, tecnolog\u00eda TDT (Tension Diffusion Technology), lugs &#8216;Blasted Chrome&#8217;, parches Remo.&hellip; <a class=\"kt-excerpt-readmore more-link\" href=\"https:\/\/www.mexicanguitarplayers.com\/en\/tienda\/percusiones\/instrumentos-de-marcha\/multi-tenores\/tambor-premier-p-marcha-mod-38106\/\">Read more<\/a><\/p>","protected":false},"featured_media":41894,"comment_status":"open","ping_status":"closed","template":"","meta":{"kt_blocks_editor_width":""},"pwb-brand":[212],"product_brand":[],"product_cat":[304,305,208],"product_tag":[],"class_list":{"0":"post-41895","1":"product","2":"type-product","3":"status-publish","4":"has-post-thumbnail","6":"pwb-brand-premier","7":"product_cat-instrumentos-de-marcha","8":"product_cat-multi-tenores","9":"product_cat-percusiones","10":"product_shipping_class-0-5-kg","12":"first","13":"outofstock","14":"taxable","15":"shipping-taxable","16":"purchasable","17":"product-type-simple"},"yoast_head":"<!-- This site is optimized with the Yoast SEO plugin v27.5 - https:\/\/yoast.com\/product\/yoast-seo-wordpress\/ -->\n<title>TAMBOR PREMIER P\/MARCHA MOD. 38106 - Mexican Guitar Players<\/title>\n<meta name=\"description\" content=\"Tambor Multitenor Premier para marcha, di\u00e1metro: 6\u201d pulgadas, peso: 1.5 kg, fabricado con 8 capas de abedul s\u00f3lido de 8 mm, tecnolog\u00eda TDT (Tension Diffusion Technology), lugs &#039;Blasted Chrome&#039;, parches Remo.\" \/>\n<meta name=\"robots\" content=\"index, follow, max-snippet:-1, max-image-preview:large, max-video-preview:-1\" \/>\n<link rel=\"canonical\" href=\"https:\/\/www.mexicanguitarplayers.com\/en\/tienda\/sin%20categor\u00eda\/tambor-premier-p-marcha-mod-38106\/\" \/>\n<meta property=\"og:locale\" content=\"en_US\" \/>\n<meta property=\"og:type\" content=\"article\" \/>\n<meta property=\"og:title\" content=\"TAMBOR PREMIER P\/MARCHA MOD. 38106 - Mexican Guitar Players\" \/>\n<meta property=\"og:description\" content=\"Tambor Multitenor Premier para marcha, di\u00e1metro: 6\u201d pulgadas, peso: 1.5 kg, fabricado con 8 capas de abedul s\u00f3lido de 8 mm, tecnolog\u00eda TDT (Tension Diffusion Technology), lugs &#039;Blasted Chrome&#039;, parches Remo.\" \/>\n<meta property=\"og:url\" content=\"https:\/\/www.mexicanguitarplayers.com\/en\/tienda\/sin categor\u00eda\/tambor-premier-p-marcha-mod-38106\/\" \/>\n<meta property=\"og:site_name\" content=\"Mexican Guitar Players\" \/>\n<meta property=\"article:modified_time\" content=\"2026-04-10T10:17:32+00:00\" \/>\n<meta name=\"twitter:card\" content=\"summary_large_image\" \/>\n<meta name=\"twitter:label1\" content=\"Est. reading time\" \/>\n\t<meta name=\"twitter:data1\" content=\"1 minute\" \/>\n<script type=\"application\/ld+json\" class=\"yoast-schema-graph\">{\"@context\":\"https:\\\/\\\/schema.org\",\"@graph\":[{\"@type\":[\"WebPage\",\"ItemPage\"],\"@id\":\"https:\\\/\\\/www.mexicanguitarplayers.com\\\/tienda\\\/sin categor\u00eda\\\/tambor-premier-p-marcha-mod-38106\\\/\",\"url\":\"https:\\\/\\\/www.mexicanguitarplayers.com\\\/tienda\\\/sin categor\u00eda\\\/tambor-premier-p-marcha-mod-38106\\\/\",\"name\":\"TAMBOR PREMIER P\\\/MARCHA MOD. 38106 - Mexican Guitar Players\",\"isPartOf\":{\"@id\":\"https:\\\/\\\/www.mexicanguitarplayers.com\\\/#website\"},\"primaryImageOfPage\":{\"@id\":\"https:\\\/\\\/www.mexicanguitarplayers.com\\\/tienda\\\/sin categor\u00eda\\\/tambor-premier-p-marcha-mod-38106\\\/#primaryimage\"},\"image\":{\"@id\":\"https:\\\/\\\/www.mexicanguitarplayers.com\\\/tienda\\\/sin categor\u00eda\\\/tambor-premier-p-marcha-mod-38106\\\/#primaryimage\"},\"thumbnailUrl\":\"https:\\\/\\\/www.mexicanguitarplayers.com\\\/wp-content\\\/uploads\\\/2025\\\/04\\\/IPPMR38106.jpg\",\"datePublished\":\"2025-04-09T15:02:04+00:00\",\"dateModified\":\"2026-04-10T10:17:32+00:00\",\"description\":\"Tambor Multitenor Premier para marcha, di\u00e1metro: 6\u201d pulgadas, peso: 1.5 kg, fabricado con 8 capas de abedul s\u00f3lido de 8 mm, tecnolog\u00eda TDT (Tension Diffusion Technology), lugs 'Blasted Chrome', parches Remo.\",\"breadcrumb\":{\"@id\":\"https:\\\/\\\/www.mexicanguitarplayers.com\\\/tienda\\\/sin categor\u00eda\\\/tambor-premier-p-marcha-mod-38106\\\/#breadcrumb\"},\"inLanguage\":\"en-US\",\"potentialAction\":[{\"@type\":\"ReadAction\",\"target\":[\"https:\\\/\\\/www.mexicanguitarplayers.com\\\/tienda\\\/sin categor\u00eda\\\/tambor-premier-p-marcha-mod-38106\\\/\"]}]},{\"@type\":\"ImageObject\",\"inLanguage\":\"en-US\",\"@id\":\"https:\\\/\\\/www.mexicanguitarplayers.com\\\/tienda\\\/sin categor\u00eda\\\/tambor-premier-p-marcha-mod-38106\\\/#primaryimage\",\"url\":\"https:\\\/\\\/www.mexicanguitarplayers.com\\\/wp-content\\\/uploads\\\/2025\\\/04\\\/IPPMR38106.jpg\",\"contentUrl\":\"https:\\\/\\\/www.mexicanguitarplayers.com\\\/wp-content\\\/uploads\\\/2025\\\/04\\\/IPPMR38106.jpg\",\"width\":1200,\"height\":1200},{\"@type\":\"BreadcrumbList\",\"@id\":\"https:\\\/\\\/www.mexicanguitarplayers.com\\\/tienda\\\/sin categor\u00eda\\\/tambor-premier-p-marcha-mod-38106\\\/#breadcrumb\",\"itemListElement\":[{\"@type\":\"ListItem\",\"position\":1,\"name\":\"Portada\",\"item\":\"https:\\\/\\\/www.mexicanguitarplayers.com\\\/\"},{\"@type\":\"ListItem\",\"position\":2,\"name\":\"Tienda\",\"item\":\"https:\\\/\\\/www.mexicanguitarplayers.com\\\/tienda\\\/\"},{\"@type\":\"ListItem\",\"position\":3,\"name\":\"TAMBOR PREMIER P\\\/MARCHA MOD. 38106\"}]},{\"@type\":\"WebSite\",\"@id\":\"https:\\\/\\\/www.mexicanguitarplayers.com\\\/#website\",\"url\":\"https:\\\/\\\/www.mexicanguitarplayers.com\\\/\",\"name\":\"Mexican Guitar Players\",\"description\":\"Website\",\"publisher\":{\"@id\":\"https:\\\/\\\/www.mexicanguitarplayers.com\\\/#organization\"},\"potentialAction\":[{\"@type\":\"SearchAction\",\"target\":{\"@type\":\"EntryPoint\",\"urlTemplate\":\"https:\\\/\\\/www.mexicanguitarplayers.com\\\/?s={search_term_string}\"},\"query-input\":{\"@type\":\"PropertyValueSpecification\",\"valueRequired\":true,\"valueName\":\"search_term_string\"}}],\"inLanguage\":\"en-US\"},{\"@type\":\"Organization\",\"@id\":\"https:\\\/\\\/www.mexicanguitarplayers.com\\\/#organization\",\"name\":\"Mexican Guitar Players\",\"url\":\"https:\\\/\\\/www.mexicanguitarplayers.com\\\/\",\"logo\":{\"@type\":\"ImageObject\",\"inLanguage\":\"en-US\",\"@id\":\"https:\\\/\\\/www.mexicanguitarplayers.com\\\/#\\\/schema\\\/logo\\\/image\\\/\",\"url\":\"\",\"contentUrl\":\"\",\"caption\":\"Mexican Guitar Players\"},\"image\":{\"@id\":\"https:\\\/\\\/www.mexicanguitarplayers.com\\\/#\\\/schema\\\/logo\\\/image\\\/\"}}]}<\/script>\n<!-- \/ Yoast SEO plugin. -->","yoast_head_json":{"title":"TAMBOR PREMIER P\/MARCHA MOD. 38106 - Mexican Guitar Players","description":"Tambor Multitenor Premier para marcha, di\u00e1metro: 6\u201d pulgadas, peso: 1.5 kg, fabricado con 8 capas de abedul s\u00f3lido de 8 mm, tecnolog\u00eda TDT (Tension Diffusion Technology), lugs 'Blasted Chrome', parches Remo.","robots":{"index":"index","follow":"follow","max-snippet":"max-snippet:-1","max-image-preview":"max-image-preview:large","max-video-preview":"max-video-preview:-1"},"canonical":"https:\/\/www.mexicanguitarplayers.com\/en\/tienda\/sin categor\u00eda\/tambor-premier-p-marcha-mod-38106\/","og_locale":"en_US","og_type":"article","og_title":"TAMBOR PREMIER P\/MARCHA MOD. 38106 - Mexican Guitar Players","og_description":"Tambor Multitenor Premier para marcha, di\u00e1metro: 6\u201d pulgadas, peso: 1.5 kg, fabricado con 8 capas de abedul s\u00f3lido de 8 mm, tecnolog\u00eda TDT (Tension Diffusion Technology), lugs 'Blasted Chrome', parches Remo.","og_url":"https:\/\/www.mexicanguitarplayers.com\/en\/tienda\/sin categor\u00eda\/tambor-premier-p-marcha-mod-38106\/","og_site_name":"Mexican Guitar Players","article_modified_time":"2026-04-10T10:17:32+00:00","twitter_card":"summary_large_image","twitter_misc":{"Est. reading time":"1 minute"},"schema":{"@context":"https:\/\/schema.org","@graph":[{"@type":["WebPage","ItemPage"],"@id":"https:\/\/www.mexicanguitarplayers.com\/tienda\/sin categor\u00eda\/tambor-premier-p-marcha-mod-38106\/","url":"https:\/\/www.mexicanguitarplayers.com\/tienda\/sin categor\u00eda\/tambor-premier-p-marcha-mod-38106\/","name":"TAMBOR PREMIER P\/MARCHA MOD. 38106 - Mexican Guitar Players","isPartOf":{"@id":"https:\/\/www.mexicanguitarplayers.com\/#website"},"primaryImageOfPage":{"@id":"https:\/\/www.mexicanguitarplayers.com\/tienda\/sin categor\u00eda\/tambor-premier-p-marcha-mod-38106\/#primaryimage"},"image":{"@id":"https:\/\/www.mexicanguitarplayers.com\/tienda\/sin categor\u00eda\/tambor-premier-p-marcha-mod-38106\/#primaryimage"},"thumbnailUrl":"https:\/\/www.mexicanguitarplayers.com\/wp-content\/uploads\/2025\/04\/IPPMR38106.jpg","datePublished":"2025-04-09T15:02:04+00:00","dateModified":"2026-04-10T10:17:32+00:00","description":"Tambor Multitenor Premier para marcha, di\u00e1metro: 6\u201d pulgadas, peso: 1.5 kg, fabricado con 8 capas de abedul s\u00f3lido de 8 mm, tecnolog\u00eda TDT (Tension Diffusion Technology), lugs 'Blasted Chrome', parches Remo.","breadcrumb":{"@id":"https:\/\/www.mexicanguitarplayers.com\/tienda\/sin categor\u00eda\/tambor-premier-p-marcha-mod-38106\/#breadcrumb"},"inLanguage":"en-US","potentialAction":[{"@type":"ReadAction","target":["https:\/\/www.mexicanguitarplayers.com\/tienda\/sin categor\u00eda\/tambor-premier-p-marcha-mod-38106\/"]}]},{"@type":"ImageObject","inLanguage":"en-US","@id":"https:\/\/www.mexicanguitarplayers.com\/tienda\/sin categor\u00eda\/tambor-premier-p-marcha-mod-38106\/#primaryimage","url":"https:\/\/www.mexicanguitarplayers.com\/wp-content\/uploads\/2025\/04\/IPPMR38106.jpg","contentUrl":"https:\/\/www.mexicanguitarplayers.com\/wp-content\/uploads\/2025\/04\/IPPMR38106.jpg","width":1200,"height":1200},{"@type":"BreadcrumbList","@id":"https:\/\/www.mexicanguitarplayers.com\/tienda\/sin categor\u00eda\/tambor-premier-p-marcha-mod-38106\/#breadcrumb","itemListElement":[{"@type":"ListItem","position":1,"name":"Portada","item":"https:\/\/www.mexicanguitarplayers.com\/"},{"@type":"ListItem","position":2,"name":"Tienda","item":"https:\/\/www.mexicanguitarplayers.com\/tienda\/"},{"@type":"ListItem","position":3,"name":"TAMBOR PREMIER P\/MARCHA MOD. 38106"}]},{"@type":"WebSite","@id":"https:\/\/www.mexicanguitarplayers.com\/#website","url":"https:\/\/www.mexicanguitarplayers.com\/","name":"Mexican Guitar Players","description":"Website","publisher":{"@id":"https:\/\/www.mexicanguitarplayers.com\/#organization"},"potentialAction":[{"@type":"SearchAction","target":{"@type":"EntryPoint","urlTemplate":"https:\/\/www.mexicanguitarplayers.com\/?s={search_term_string}"},"query-input":{"@type":"PropertyValueSpecification","valueRequired":true,"valueName":"search_term_string"}}],"inLanguage":"en-US"},{"@type":"Organization","@id":"https:\/\/www.mexicanguitarplayers.com\/#organization","name":"Mexican Guitar Players","url":"https:\/\/www.mexicanguitarplayers.com\/","logo":{"@type":"ImageObject","inLanguage":"en-US","@id":"https:\/\/www.mexicanguitarplayers.com\/#\/schema\/logo\/image\/","url":"","contentUrl":"","caption":"Mexican Guitar Players"},"image":{"@id":"https:\/\/www.mexicanguitarplayers.com\/#\/schema\/logo\/image\/"}}]}},"brands":[{"id":212,"name":"PREMIERE","slug":"premier"}],"_links":{"self":[{"href":"https:\/\/www.mexicanguitarplayers.com\/en\/wp-json\/wp\/v2\/product\/41895","targetHints":{"allow":["GET"]}}],"collection":[{"href":"https:\/\/www.mexicanguitarplayers.com\/en\/wp-json\/wp\/v2\/product"}],"about":[{"href":"https:\/\/www.mexicanguitarplayers.com\/en\/wp-json\/wp\/v2\/types\/product"}],"replies":[{"embeddable":true,"href":"https:\/\/www.mexicanguitarplayers.com\/en\/wp-json\/wp\/v2\/comments?post=41895"}],"wp:featuredmedia":[{"embeddable":true,"href":"https:\/\/www.mexicanguitarplayers.com\/en\/wp-json\/wp\/v2\/media\/41894"}],"wp:attachment":[{"href":"https:\/\/www.mexicanguitarplayers.com\/en\/wp-json\/wp\/v2\/media?parent=41895"}],"wp:term":[{"taxonomy":"pwb-brand","embeddable":true,"href":"https:\/\/www.mexicanguitarplayers.com\/en\/wp-json\/wp\/v2\/pwb-brand?post=41895"},{"taxonomy":"product_brand","embeddable":true,"href":"https:\/\/www.mexicanguitarplayers.com\/en\/wp-json\/wp\/v2\/product_brand?post=41895"},{"taxonomy":"product_cat","embeddable":true,"href":"https:\/\/www.mexicanguitarplayers.com\/en\/wp-json\/wp\/v2\/product_cat?post=41895"},{"taxonomy":"product_tag","embeddable":true,"href":"https:\/\/www.mexicanguitarplayers.com\/en\/wp-json\/wp\/v2\/product_tag?post=41895"}],"curies":[{"name":"wp","href":"https:\/\/api.w.org\/{rel}","templated":true}]}}