{"id":41903,"date":"2025-04-09T09:02:17","date_gmt":"2025-04-09T15:02:17","guid":{"rendered":"https:\/\/www.mexicanguitarplayers.com\/tienda\/sin categor\u00eda\/platillo-meinl-15-mod-b15poh\/"},"modified":"2026-05-01T07:16:28","modified_gmt":"2026-05-01T13:16:28","slug":"platillo-meinl-15-mod-b15poh","status":"publish","type":"product","link":"https:\/\/www.mexicanguitarplayers.com\/en\/tienda\/percusiones\/platillos\/hi-hats\/platillo-meinl-15-mod-b15poh\/","title":{"rendered":"PLATILLO MEINL  15   MOD. B15POH"},"content":{"rendered":"<div style=\"text-align: justify\">\n<div>\n<h3>BYZANCE TRADITIONAL<\/h3>\n<\/div>\n<div>Los Hihats polif\u00f3nicos de 15\u201d de Meinl son expresivos a trav\u00e9s de su perfil variable con bordes delgados y una campana m\u00e1s gruesa y sin tornear. Su peso medio delgado en el arco les permite ser muy vers\u00e1tiles y estar a la altura de su nombre Polyphonic. Cuando est\u00e1n cerrados, estos hihats ofrecen ritmos ajustados con el equilibrio justo de ataque y aire debajo. Cuando necesite energ\u00eda, \u00e1bralos para escuchar la campana desenroscada agregar un rugido oscuro al lavado. La campana tambi\u00e9n proporciona la base para un sonido s\u00f3lido con el pie. <\/div>\n<div>\n<h4>Characteristics<\/h4>\n<\/div>\n<div>\n<ul style=\"margin: 0px 0px 0px 25px\">\n<li style=\"list-style-type: circle;margin: 5px\">Characteristics:<\/li>\n<li style=\"list-style-type: circle;margin: 5px\">Tama\u00f1o:<\/li>\n<li style=\"list-style-type: circle;margin: 5px\">Tipo de platillo:<\/li>\n<\/ul>\n<\/div>\n<\/div>","protected":false},"excerpt":{"rendered":"<p>Los Hihats polif\u00f3nicos de 15\u201d de Meinl son expresivos a trav\u00e9s de su perfil variable con bordes delgados y una campana m\u00e1s gruesa y sin tornear. Su peso medio fino en la proa les permite ser muy vers\u00e1tiles y vivos.Aleaci\u00f3n de bronce B20Martillado a mano para un sonido \u00fanico.Tradici\u00f3n e individualidad&hellip; <a class=\"kt-excerpt-readmore more-link\" href=\"https:\/\/www.mexicanguitarplayers.com\/en\/tienda\/percusiones\/platillos\/hi-hats\/platillo-meinl-15-mod-b15poh\/\">Read more<\/a><\/p>","protected":false},"featured_media":41896,"comment_status":"open","ping_status":"closed","template":"","meta":{"kt_blocks_editor_width":""},"pwb-brand":[290],"product_brand":[],"product_cat":[284,208,260],"product_tag":[],"class_list":{"0":"post-41903","1":"product","2":"type-product","3":"status-publish","4":"has-post-thumbnail","6":"pwb-brand-meinl","7":"product_cat-hi-hats","8":"product_cat-percusiones","9":"product_cat-platillos","10":"product_shipping_class-0-5-kg","12":"first","13":"instock","14":"taxable","15":"shipping-taxable","16":"purchasable","17":"product-type-simple"},"yoast_head":"<!-- This site is optimized with the Yoast SEO plugin v27.6 - https:\/\/yoast.com\/product\/yoast-seo-wordpress\/ -->\n<title>PLATILLO MEINL 15  MOD. B15POH - Mexican Guitar Players<\/title>\n<meta name=\"description\" content=\"Los Hihats polif\u00f3nicos de 15\u201d de Meinl son expresivos a trav\u00e9s de su perfil variable con bordes delgados y una campana m\u00e1s gruesa y sin tornear. Su peso medio fino en la proa les permite ser muy vers\u00e1tiles y vivos.Aleaci\u00f3n de bronce B20Martillado a mano para un sonido \u00fanico.Tradici\u00f3n e individualidad\" \/>\n<meta name=\"robots\" content=\"index, follow, max-snippet:-1, max-image-preview:large, max-video-preview:-1\" \/>\n<link rel=\"canonical\" href=\"https:\/\/www.mexicanguitarplayers.com\/en\/tienda\/sin%20categor\u00eda\/platillo-meinl-15-mod-b15poh\/\" \/>\n<meta property=\"og:locale\" content=\"en_US\" \/>\n<meta property=\"og:type\" content=\"article\" \/>\n<meta property=\"og:title\" content=\"PLATILLO MEINL 15  MOD. B15POH - Mexican Guitar Players\" \/>\n<meta property=\"og:description\" content=\"Los Hihats polif\u00f3nicos de 15\u201d de Meinl son expresivos a trav\u00e9s de su perfil variable con bordes delgados y una campana m\u00e1s gruesa y sin tornear. Su peso medio fino en la proa les permite ser muy vers\u00e1tiles y vivos.Aleaci\u00f3n de bronce B20Martillado a mano para un sonido \u00fanico.Tradici\u00f3n e individualidad\" \/>\n<meta property=\"og:url\" content=\"https:\/\/www.mexicanguitarplayers.com\/en\/tienda\/sin categor\u00eda\/platillo-meinl-15-mod-b15poh\/\" \/>\n<meta property=\"og:site_name\" content=\"Mexican Guitar Players\" \/>\n<meta property=\"article:modified_time\" content=\"2026-05-01T13:16:28+00:00\" \/>\n<meta name=\"twitter:card\" content=\"summary_large_image\" \/>\n<meta name=\"twitter:label1\" content=\"Est. reading time\" \/>\n\t<meta name=\"twitter:data1\" content=\"1 minute\" \/>\n<script type=\"application\/ld+json\" class=\"yoast-schema-graph\">{\"@context\":\"https:\\\/\\\/schema.org\",\"@graph\":[{\"@type\":[\"WebPage\",\"ItemPage\"],\"@id\":\"https:\\\/\\\/www.mexicanguitarplayers.com\\\/tienda\\\/sin categor\u00eda\\\/platillo-meinl-15-mod-b15poh\\\/\",\"url\":\"https:\\\/\\\/www.mexicanguitarplayers.com\\\/tienda\\\/sin categor\u00eda\\\/platillo-meinl-15-mod-b15poh\\\/\",\"name\":\"PLATILLO MEINL 15 MOD. B15POH - Mexican Guitar Players\",\"isPartOf\":{\"@id\":\"https:\\\/\\\/www.mexicanguitarplayers.com\\\/#website\"},\"primaryImageOfPage\":{\"@id\":\"https:\\\/\\\/www.mexicanguitarplayers.com\\\/tienda\\\/sin categor\u00eda\\\/platillo-meinl-15-mod-b15poh\\\/#primaryimage\"},\"image\":{\"@id\":\"https:\\\/\\\/www.mexicanguitarplayers.com\\\/tienda\\\/sin categor\u00eda\\\/platillo-meinl-15-mod-b15poh\\\/#primaryimage\"},\"thumbnailUrl\":\"https:\\\/\\\/www.mexicanguitarplayers.com\\\/wp-content\\\/uploads\\\/2025\\\/04\\\/IPMEIB15POH.jpg\",\"datePublished\":\"2025-04-09T15:02:17+00:00\",\"dateModified\":\"2026-05-01T13:16:28+00:00\",\"description\":\"Los Hihats polif\u00f3nicos de 15\u201d de Meinl son expresivos a trav\u00e9s de su perfil variable con bordes delgados y una campana m\u00e1s gruesa y sin tornear. Su peso medio fino en la proa les permite ser muy vers\u00e1tiles y vivos.Aleaci\u00f3n de bronce B20Martillado a mano para un sonido \u00fanico.Tradici\u00f3n e individualidad\",\"breadcrumb\":{\"@id\":\"https:\\\/\\\/www.mexicanguitarplayers.com\\\/tienda\\\/sin categor\u00eda\\\/platillo-meinl-15-mod-b15poh\\\/#breadcrumb\"},\"inLanguage\":\"en-US\",\"potentialAction\":[{\"@type\":\"ReadAction\",\"target\":[\"https:\\\/\\\/www.mexicanguitarplayers.com\\\/tienda\\\/sin categor\u00eda\\\/platillo-meinl-15-mod-b15poh\\\/\"]}]},{\"@type\":\"ImageObject\",\"inLanguage\":\"en-US\",\"@id\":\"https:\\\/\\\/www.mexicanguitarplayers.com\\\/tienda\\\/sin categor\u00eda\\\/platillo-meinl-15-mod-b15poh\\\/#primaryimage\",\"url\":\"https:\\\/\\\/www.mexicanguitarplayers.com\\\/wp-content\\\/uploads\\\/2025\\\/04\\\/IPMEIB15POH.jpg\",\"contentUrl\":\"https:\\\/\\\/www.mexicanguitarplayers.com\\\/wp-content\\\/uploads\\\/2025\\\/04\\\/IPMEIB15POH.jpg\",\"width\":1200,\"height\":1200},{\"@type\":\"BreadcrumbList\",\"@id\":\"https:\\\/\\\/www.mexicanguitarplayers.com\\\/tienda\\\/sin categor\u00eda\\\/platillo-meinl-15-mod-b15poh\\\/#breadcrumb\",\"itemListElement\":[{\"@type\":\"ListItem\",\"position\":1,\"name\":\"Portada\",\"item\":\"https:\\\/\\\/www.mexicanguitarplayers.com\\\/\"},{\"@type\":\"ListItem\",\"position\":2,\"name\":\"Tienda\",\"item\":\"https:\\\/\\\/www.mexicanguitarplayers.com\\\/tienda\\\/\"},{\"@type\":\"ListItem\",\"position\":3,\"name\":\"PLATILLO MEINL 15 MOD. B15POH\"}]},{\"@type\":\"WebSite\",\"@id\":\"https:\\\/\\\/www.mexicanguitarplayers.com\\\/#website\",\"url\":\"https:\\\/\\\/www.mexicanguitarplayers.com\\\/\",\"name\":\"Mexican Guitar Players\",\"description\":\"Website\",\"publisher\":{\"@id\":\"https:\\\/\\\/www.mexicanguitarplayers.com\\\/#organization\"},\"potentialAction\":[{\"@type\":\"SearchAction\",\"target\":{\"@type\":\"EntryPoint\",\"urlTemplate\":\"https:\\\/\\\/www.mexicanguitarplayers.com\\\/?s={search_term_string}\"},\"query-input\":{\"@type\":\"PropertyValueSpecification\",\"valueRequired\":true,\"valueName\":\"search_term_string\"}}],\"inLanguage\":\"en-US\"},{\"@type\":\"Organization\",\"@id\":\"https:\\\/\\\/www.mexicanguitarplayers.com\\\/#organization\",\"name\":\"Mexican Guitar Players\",\"url\":\"https:\\\/\\\/www.mexicanguitarplayers.com\\\/\",\"logo\":{\"@type\":\"ImageObject\",\"inLanguage\":\"en-US\",\"@id\":\"https:\\\/\\\/www.mexicanguitarplayers.com\\\/#\\\/schema\\\/logo\\\/image\\\/\",\"url\":\"\",\"contentUrl\":\"\",\"caption\":\"Mexican Guitar Players\"},\"image\":{\"@id\":\"https:\\\/\\\/www.mexicanguitarplayers.com\\\/#\\\/schema\\\/logo\\\/image\\\/\"}}]}<\/script>\n<!-- \/ Yoast SEO plugin. -->","yoast_head_json":{"title":"PLATILLO MEINL 15  MOD. B15POH - Mexican Guitar Players","description":"Los Hihats polif\u00f3nicos de 15\u201d de Meinl son expresivos a trav\u00e9s de su perfil variable con bordes delgados y una campana m\u00e1s gruesa y sin tornear. Su peso medio fino en la proa les permite ser muy vers\u00e1tiles y vivos.Aleaci\u00f3n de bronce B20Martillado a mano para un sonido \u00fanico.Tradici\u00f3n e individualidad","robots":{"index":"index","follow":"follow","max-snippet":"max-snippet:-1","max-image-preview":"max-image-preview:large","max-video-preview":"max-video-preview:-1"},"canonical":"https:\/\/www.mexicanguitarplayers.com\/en\/tienda\/sin categor\u00eda\/platillo-meinl-15-mod-b15poh\/","og_locale":"en_US","og_type":"article","og_title":"PLATILLO MEINL 15  MOD. B15POH - Mexican Guitar Players","og_description":"Los Hihats polif\u00f3nicos de 15\u201d de Meinl son expresivos a trav\u00e9s de su perfil variable con bordes delgados y una campana m\u00e1s gruesa y sin tornear. Su peso medio fino en la proa les permite ser muy vers\u00e1tiles y vivos.Aleaci\u00f3n de bronce B20Martillado a mano para un sonido \u00fanico.Tradici\u00f3n e individualidad","og_url":"https:\/\/www.mexicanguitarplayers.com\/en\/tienda\/sin categor\u00eda\/platillo-meinl-15-mod-b15poh\/","og_site_name":"Mexican Guitar Players","article_modified_time":"2026-05-01T13:16:28+00:00","twitter_card":"summary_large_image","twitter_misc":{"Est. reading time":"1 minute"},"schema":{"@context":"https:\/\/schema.org","@graph":[{"@type":["WebPage","ItemPage"],"@id":"https:\/\/www.mexicanguitarplayers.com\/tienda\/sin categor\u00eda\/platillo-meinl-15-mod-b15poh\/","url":"https:\/\/www.mexicanguitarplayers.com\/tienda\/sin categor\u00eda\/platillo-meinl-15-mod-b15poh\/","name":"PLATILLO MEINL 15 MOD. B15POH - Mexican Guitar Players","isPartOf":{"@id":"https:\/\/www.mexicanguitarplayers.com\/#website"},"primaryImageOfPage":{"@id":"https:\/\/www.mexicanguitarplayers.com\/tienda\/sin categor\u00eda\/platillo-meinl-15-mod-b15poh\/#primaryimage"},"image":{"@id":"https:\/\/www.mexicanguitarplayers.com\/tienda\/sin categor\u00eda\/platillo-meinl-15-mod-b15poh\/#primaryimage"},"thumbnailUrl":"https:\/\/www.mexicanguitarplayers.com\/wp-content\/uploads\/2025\/04\/IPMEIB15POH.jpg","datePublished":"2025-04-09T15:02:17+00:00","dateModified":"2026-05-01T13:16:28+00:00","description":"Los Hihats polif\u00f3nicos de 15\u201d de Meinl son expresivos a trav\u00e9s de su perfil variable con bordes delgados y una campana m\u00e1s gruesa y sin tornear. Su peso medio fino en la proa les permite ser muy vers\u00e1tiles y vivos.Aleaci\u00f3n de bronce B20Martillado a mano para un sonido \u00fanico.Tradici\u00f3n e individualidad","breadcrumb":{"@id":"https:\/\/www.mexicanguitarplayers.com\/tienda\/sin categor\u00eda\/platillo-meinl-15-mod-b15poh\/#breadcrumb"},"inLanguage":"en-US","potentialAction":[{"@type":"ReadAction","target":["https:\/\/www.mexicanguitarplayers.com\/tienda\/sin categor\u00eda\/platillo-meinl-15-mod-b15poh\/"]}]},{"@type":"ImageObject","inLanguage":"en-US","@id":"https:\/\/www.mexicanguitarplayers.com\/tienda\/sin categor\u00eda\/platillo-meinl-15-mod-b15poh\/#primaryimage","url":"https:\/\/www.mexicanguitarplayers.com\/wp-content\/uploads\/2025\/04\/IPMEIB15POH.jpg","contentUrl":"https:\/\/www.mexicanguitarplayers.com\/wp-content\/uploads\/2025\/04\/IPMEIB15POH.jpg","width":1200,"height":1200},{"@type":"BreadcrumbList","@id":"https:\/\/www.mexicanguitarplayers.com\/tienda\/sin categor\u00eda\/platillo-meinl-15-mod-b15poh\/#breadcrumb","itemListElement":[{"@type":"ListItem","position":1,"name":"Portada","item":"https:\/\/www.mexicanguitarplayers.com\/"},{"@type":"ListItem","position":2,"name":"Tienda","item":"https:\/\/www.mexicanguitarplayers.com\/tienda\/"},{"@type":"ListItem","position":3,"name":"PLATILLO MEINL 15 MOD. B15POH"}]},{"@type":"WebSite","@id":"https:\/\/www.mexicanguitarplayers.com\/#website","url":"https:\/\/www.mexicanguitarplayers.com\/","name":"Mexican Guitar Players","description":"Website","publisher":{"@id":"https:\/\/www.mexicanguitarplayers.com\/#organization"},"potentialAction":[{"@type":"SearchAction","target":{"@type":"EntryPoint","urlTemplate":"https:\/\/www.mexicanguitarplayers.com\/?s={search_term_string}"},"query-input":{"@type":"PropertyValueSpecification","valueRequired":true,"valueName":"search_term_string"}}],"inLanguage":"en-US"},{"@type":"Organization","@id":"https:\/\/www.mexicanguitarplayers.com\/#organization","name":"Mexican Guitar Players","url":"https:\/\/www.mexicanguitarplayers.com\/","logo":{"@type":"ImageObject","inLanguage":"en-US","@id":"https:\/\/www.mexicanguitarplayers.com\/#\/schema\/logo\/image\/","url":"","contentUrl":"","caption":"Mexican Guitar Players"},"image":{"@id":"https:\/\/www.mexicanguitarplayers.com\/#\/schema\/logo\/image\/"}}]}},"brands":[{"id":290,"name":"MEINL","slug":"meinl"}],"_links":{"self":[{"href":"https:\/\/www.mexicanguitarplayers.com\/en\/wp-json\/wp\/v2\/product\/41903","targetHints":{"allow":["GET"]}}],"collection":[{"href":"https:\/\/www.mexicanguitarplayers.com\/en\/wp-json\/wp\/v2\/product"}],"about":[{"href":"https:\/\/www.mexicanguitarplayers.com\/en\/wp-json\/wp\/v2\/types\/product"}],"replies":[{"embeddable":true,"href":"https:\/\/www.mexicanguitarplayers.com\/en\/wp-json\/wp\/v2\/comments?post=41903"}],"wp:featuredmedia":[{"embeddable":true,"href":"https:\/\/www.mexicanguitarplayers.com\/en\/wp-json\/wp\/v2\/media\/41896"}],"wp:attachment":[{"href":"https:\/\/www.mexicanguitarplayers.com\/en\/wp-json\/wp\/v2\/media?parent=41903"}],"wp:term":[{"taxonomy":"pwb-brand","embeddable":true,"href":"https:\/\/www.mexicanguitarplayers.com\/en\/wp-json\/wp\/v2\/pwb-brand?post=41903"},{"taxonomy":"product_brand","embeddable":true,"href":"https:\/\/www.mexicanguitarplayers.com\/en\/wp-json\/wp\/v2\/product_brand?post=41903"},{"taxonomy":"product_cat","embeddable":true,"href":"https:\/\/www.mexicanguitarplayers.com\/en\/wp-json\/wp\/v2\/product_cat?post=41903"},{"taxonomy":"product_tag","embeddable":true,"href":"https:\/\/www.mexicanguitarplayers.com\/en\/wp-json\/wp\/v2\/product_tag?post=41903"}],"curies":[{"name":"wp","href":"https:\/\/api.w.org\/{rel}","templated":true}]}}