{"id":41919,"date":"2025-04-09T09:02:56","date_gmt":"2025-04-09T15:02:56","guid":{"rendered":"https:\/\/www.mexicanguitarplayers.com\/tienda\/sin categor\u00eda\/sistema-proel-portatil-mod-freepack812\/"},"modified":"2026-04-10T04:17:30","modified_gmt":"2026-04-10T10:17:30","slug":"sistema-proel-portatil-mod-freepack812","status":"publish","type":"product","link":"https:\/\/www.mexicanguitarplayers.com\/en\/tienda\/audio\/sistemas-portatiles\/sistema-proel-portatil-mod-freepack812\/","title":{"rendered":"SISTEMA PROEL PORTATIL MOD. FREEPACK812"},"content":{"rendered":"<div style=\"text-align: justify\">\n<div>\n<h3>Portabilidad al m\u00e1ximo.<\/h3>\n<\/div>\n<div>FREEPACK812 es un sistema estilo equipaje todo en uno, que combina un paquete ultra port\u00e1til y f\u00e1cil de usar para m\u00fasicos y otros usuarios que necesiten tocar, una mezcladora con todas las funciones, efectos digitales y reproducci\u00f3n MP3, un poderoso amplificador clase D, 2 altavoces de rango completo y cables de conexi\u00f3n de alta calidad. FREEPACK812 es un completo sistema de PA que, aunque de tama\u00f1o compacto, es f\u00e1cil de usar y sencillo de instalar. Est\u00e1 lleno de un completo conjunto de caracter\u00edsticas y ofrece una calidad de sonido inesperado para este tipo de sistemas. La mezcladora amplificada cuenta con todas las funciones, incluyendo un reproductor MP3 con conexi\u00f3n bluetooth, se acopla perfectamente con los dos altavoces en un paquete estilo equipaje elegante, haciendo que el transporte y la instalaci\u00f3n sean m\u00e1s sencillos. Un gran compartimento en la parte trasera de la mezcladora puede contener todos los cables de conexi\u00f3n necesarios y otros accesorios. Tambi\u00e9n se suministran dos cables Proel de alta calidad con resistentes conectores de 1\/4&#8243;. Los dos altavoces est\u00e1n alojados en gabinetes PP ligeros, cuentan con transductores seleccionados y filtros de crossover cuidadosamente dise\u00f1ados que ofrecen un sonido limpio y definido con una respuesta extendida y alta presi\u00f3n sonora. Gracias a su versatilidad y portabilidad, este sistema puede ser utilizado en una gran variedad de aplicaciones, tales como conciertos en vivo para cantantes o bandas peque\u00f1as, eventos educativos y deportivos, seminarios y presentaciones.<\/div>\n<div>\n<h4>Quick look<\/h4>\n<\/div>\n<ul style=\"margin: 0px 0px 0px 25px\">\n<li style=\"list-style-type: circle;margin: 5px\">Secci\u00f3n de mezcladora.<\/li>\n<li style=\"list-style-type: circle;margin: 5px\">Secci\u00f3n multimedia.<\/li>\n<li style=\"list-style-type: circle;margin: 5px\">Amplifier section.<\/li>\n<li style=\"list-style-type: circle;margin: 5px\">Secci\u00f3n de altavoces.<\/li>\n<li style=\"list-style-type: circle;margin: 5px\">Especificaciones generales.<\/li>\n<\/ul>\n<div>\n<div style=\"font-weight: bold\">Secci\u00f3n de mezcladora.<\/div>\n<div>\n<p>6 entradas mono de micro\/l\u00ednea (XLR-F + Jack).2 entradas de l\u00ednea est\u00e9reo  (2 x Jack + mini-jack, 2 x RCA + mini-jack).EQ agudo: +\/-12 dB 10 kHz, EQ grave: +\/- 12 dB, 100 Hz.Potencia phantom: +48V, canales 1 al 6.16 efectos digitales internos con 1 par\u00e1metro.Salidas: Amp insert (2 x Jack), salida de sub (1 x Jack), salida de altavoz: (2 x Jack).Medidor 2&#215;10-LED VU-METER.<\/p>\n<\/div>\n<div style=\"font-weight: bold\">Secci\u00f3n multimedia.<\/div>\n<div>\n<p>Reproductor USB \/ SD \/ Bluetooth.Formatos compatibles: MP3.Interface de control: Display LCD y control remoto.<\/p>\n<\/div>\n<div style=\"font-weight: bold\">Amplifier section.<\/div>\n<div>\n<p>Amplificador clase D con SMPS (Switch Mode Power Supply).Potencia m\u00e1xima de salida: 2 x 500 watts @ 4 ohms (1 KHz, 1% THD).<\/p>\n<\/div>\n<div style=\"font-weight: bold\">Secci\u00f3n de altavoces.<\/div>\n<div>\n<p>Sistema ventilado de 2 v\u00edas.Dispositivo de alta frecuencia: Driver de compresi\u00f3n de 1&#8243; pulgada.Dispositivo de baja frecuencia: Woofer de 8&#8243; x 12&#8243; pulgadas.Impedancia: 4 ohms.Respuesta de frecuencia: 50 Hz &#8211; 20 kHz (-10 dB).SPL m\u00e1ximo 1W\/1m: 96 dB.<\/p>\n<\/div>\n<div style=\"font-weight: bold\">Especificaciones generales.<\/div>\n<div>\n<p>Construcci\u00f3n: Gabinete de polipropileno, rejilla met\u00e1lica.Manijas: 1 por arriba.Montaje en poste: 1 por debajo.Dimensiones del sistema: 81 x 24.5 x 61 cm.Dimensiones del bafle: 31 x 24.5 x 57.5 cm.Dimensiones de la mezcladora: 41 x 24.5 x 61 cm.Peso del sistema: 28 kg.Peso del bafle: 9 kg.Peso de la mezcladora. 10 kg.Fuente de alimentaci\u00f3n: 230\/115 VAC (conmutable) 50\/60 Hz.Consumo de energ\u00eda: 700 watts.<\/p>\n<\/div>\n<\/div>\n<\/div>","protected":false},"excerpt":{"rendered":"<p>Sistema port\u00e1til estilo equipaje elegante, 6 entradas mono de micro\/l\u00ednea, 2 entradas de l\u00ednea est\u00e9reo, ecualizador de 2 bandas, 16 efectos digitales, reproductor MP3 con conexi\u00f3n bluetooth, ranura para USB\/SD y display LCD, amplificador dual de 500 watts con SMPS, 2 altavoces con driver de 1\u201d y woofer el\u00edptico de 8&#215;12\u201d, cables de 1\/4 con jack met\u00e1lico y compartimento para accesorios.&hellip; <a class=\"kt-excerpt-readmore more-link\" href=\"https:\/\/www.mexicanguitarplayers.com\/en\/tienda\/audio\/sistemas-portatiles\/sistema-proel-portatil-mod-freepack812\/\">Read more<\/a><\/p>","protected":false},"featured_media":41914,"comment_status":"open","ping_status":"closed","template":"","meta":{"kt_blocks_editor_width":""},"pwb-brand":[252],"product_brand":[],"product_cat":[213,571],"product_tag":[],"class_list":{"0":"post-41919","1":"product","2":"type-product","3":"status-publish","4":"has-post-thumbnail","6":"pwb-brand-proel","7":"product_cat-audio","8":"product_cat-sistemas-portatiles","10":"first","11":"outofstock","12":"taxable","13":"shipping-taxable","14":"purchasable","15":"product-type-simple"},"yoast_head":"<!-- This site is optimized with the Yoast SEO plugin v27.6 - https:\/\/yoast.com\/product\/yoast-seo-wordpress\/ -->\n<title>SISTEMA PROEL PORTATIL MOD. FREEPACK812 - Mexican Guitar Players<\/title>\n<meta name=\"description\" content=\"Sistema port\u00e1til estilo equipaje elegante, 6 entradas mono de micro\/l\u00ednea, 2 entradas de l\u00ednea est\u00e9reo, ecualizador de 2 bandas, 16 efectos digitales, reproductor MP3 con conexi\u00f3n bluetooth, ranura para USB\/SD y display LCD, amplificador dual de 500 watts con SMPS, 2 altavoces con driver de 1\u201d y woofer el\u00edptico de 8x12\u201d, cables de 1\/4 con jack met\u00e1lico y compartimento para accesorios.\" \/>\n<meta name=\"robots\" content=\"index, follow, max-snippet:-1, max-image-preview:large, max-video-preview:-1\" \/>\n<link rel=\"canonical\" href=\"https:\/\/www.mexicanguitarplayers.com\/en\/tienda\/sin%20categor\u00eda\/sistema-proel-portatil-mod-freepack812\/\" \/>\n<meta property=\"og:locale\" content=\"en_US\" \/>\n<meta property=\"og:type\" content=\"article\" \/>\n<meta property=\"og:title\" content=\"SISTEMA PROEL PORTATIL MOD. FREEPACK812 - Mexican Guitar Players\" \/>\n<meta property=\"og:description\" content=\"Sistema port\u00e1til estilo equipaje elegante, 6 entradas mono de micro\/l\u00ednea, 2 entradas de l\u00ednea est\u00e9reo, ecualizador de 2 bandas, 16 efectos digitales, reproductor MP3 con conexi\u00f3n bluetooth, ranura para USB\/SD y display LCD, amplificador dual de 500 watts con SMPS, 2 altavoces con driver de 1\u201d y woofer el\u00edptico de 8x12\u201d, cables de 1\/4 con jack met\u00e1lico y compartimento para accesorios.\" \/>\n<meta property=\"og:url\" content=\"https:\/\/www.mexicanguitarplayers.com\/en\/tienda\/sin categor\u00eda\/sistema-proel-portatil-mod-freepack812\/\" \/>\n<meta property=\"og:site_name\" content=\"Mexican Guitar Players\" \/>\n<meta property=\"article:modified_time\" content=\"2026-04-10T10:17:30+00:00\" \/>\n<meta name=\"twitter:card\" content=\"summary_large_image\" \/>\n<meta name=\"twitter:label1\" content=\"Est. reading time\" \/>\n\t<meta name=\"twitter:data1\" content=\"2 minutes\" \/>\n<script type=\"application\/ld+json\" class=\"yoast-schema-graph\">{\"@context\":\"https:\\\/\\\/schema.org\",\"@graph\":[{\"@type\":[\"WebPage\",\"ItemPage\"],\"@id\":\"https:\\\/\\\/www.mexicanguitarplayers.com\\\/tienda\\\/sin categor\u00eda\\\/sistema-proel-portatil-mod-freepack812\\\/\",\"url\":\"https:\\\/\\\/www.mexicanguitarplayers.com\\\/tienda\\\/sin categor\u00eda\\\/sistema-proel-portatil-mod-freepack812\\\/\",\"name\":\"SISTEMA PROEL PORTATIL MOD. FREEPACK812 - Mexican Guitar Players\",\"isPartOf\":{\"@id\":\"https:\\\/\\\/www.mexicanguitarplayers.com\\\/#website\"},\"primaryImageOfPage\":{\"@id\":\"https:\\\/\\\/www.mexicanguitarplayers.com\\\/tienda\\\/sin categor\u00eda\\\/sistema-proel-portatil-mod-freepack812\\\/#primaryimage\"},\"image\":{\"@id\":\"https:\\\/\\\/www.mexicanguitarplayers.com\\\/tienda\\\/sin categor\u00eda\\\/sistema-proel-portatil-mod-freepack812\\\/#primaryimage\"},\"thumbnailUrl\":\"https:\\\/\\\/www.mexicanguitarplayers.com\\\/wp-content\\\/uploads\\\/2025\\\/04\\\/IAPREFREEPA812.jpg\",\"datePublished\":\"2025-04-09T15:02:56+00:00\",\"dateModified\":\"2026-04-10T10:17:30+00:00\",\"description\":\"Sistema port\u00e1til estilo equipaje elegante, 6 entradas mono de micro\\\/l\u00ednea, 2 entradas de l\u00ednea est\u00e9reo, ecualizador de 2 bandas, 16 efectos digitales, reproductor MP3 con conexi\u00f3n bluetooth, ranura para USB\\\/SD y display LCD, amplificador dual de 500 watts con SMPS, 2 altavoces con driver de 1\u201d y woofer el\u00edptico de 8x12\u201d, cables de 1\\\/4 con jack met\u00e1lico y compartimento para accesorios.\",\"breadcrumb\":{\"@id\":\"https:\\\/\\\/www.mexicanguitarplayers.com\\\/tienda\\\/sin categor\u00eda\\\/sistema-proel-portatil-mod-freepack812\\\/#breadcrumb\"},\"inLanguage\":\"en-US\",\"potentialAction\":[{\"@type\":\"ReadAction\",\"target\":[\"https:\\\/\\\/www.mexicanguitarplayers.com\\\/tienda\\\/sin categor\u00eda\\\/sistema-proel-portatil-mod-freepack812\\\/\"]}]},{\"@type\":\"ImageObject\",\"inLanguage\":\"en-US\",\"@id\":\"https:\\\/\\\/www.mexicanguitarplayers.com\\\/tienda\\\/sin categor\u00eda\\\/sistema-proel-portatil-mod-freepack812\\\/#primaryimage\",\"url\":\"https:\\\/\\\/www.mexicanguitarplayers.com\\\/wp-content\\\/uploads\\\/2025\\\/04\\\/IAPREFREEPA812.jpg\",\"contentUrl\":\"https:\\\/\\\/www.mexicanguitarplayers.com\\\/wp-content\\\/uploads\\\/2025\\\/04\\\/IAPREFREEPA812.jpg\",\"width\":1200,\"height\":1200},{\"@type\":\"BreadcrumbList\",\"@id\":\"https:\\\/\\\/www.mexicanguitarplayers.com\\\/tienda\\\/sin categor\u00eda\\\/sistema-proel-portatil-mod-freepack812\\\/#breadcrumb\",\"itemListElement\":[{\"@type\":\"ListItem\",\"position\":1,\"name\":\"Portada\",\"item\":\"https:\\\/\\\/www.mexicanguitarplayers.com\\\/\"},{\"@type\":\"ListItem\",\"position\":2,\"name\":\"Tienda\",\"item\":\"https:\\\/\\\/www.mexicanguitarplayers.com\\\/tienda\\\/\"},{\"@type\":\"ListItem\",\"position\":3,\"name\":\"SISTEMA PROEL PORTATIL MOD. FREEPACK812\"}]},{\"@type\":\"WebSite\",\"@id\":\"https:\\\/\\\/www.mexicanguitarplayers.com\\\/#website\",\"url\":\"https:\\\/\\\/www.mexicanguitarplayers.com\\\/\",\"name\":\"Mexican Guitar Players\",\"description\":\"Website\",\"publisher\":{\"@id\":\"https:\\\/\\\/www.mexicanguitarplayers.com\\\/#organization\"},\"potentialAction\":[{\"@type\":\"SearchAction\",\"target\":{\"@type\":\"EntryPoint\",\"urlTemplate\":\"https:\\\/\\\/www.mexicanguitarplayers.com\\\/?s={search_term_string}\"},\"query-input\":{\"@type\":\"PropertyValueSpecification\",\"valueRequired\":true,\"valueName\":\"search_term_string\"}}],\"inLanguage\":\"en-US\"},{\"@type\":\"Organization\",\"@id\":\"https:\\\/\\\/www.mexicanguitarplayers.com\\\/#organization\",\"name\":\"Mexican Guitar Players\",\"url\":\"https:\\\/\\\/www.mexicanguitarplayers.com\\\/\",\"logo\":{\"@type\":\"ImageObject\",\"inLanguage\":\"en-US\",\"@id\":\"https:\\\/\\\/www.mexicanguitarplayers.com\\\/#\\\/schema\\\/logo\\\/image\\\/\",\"url\":\"\",\"contentUrl\":\"\",\"caption\":\"Mexican Guitar Players\"},\"image\":{\"@id\":\"https:\\\/\\\/www.mexicanguitarplayers.com\\\/#\\\/schema\\\/logo\\\/image\\\/\"}}]}<\/script>\n<!-- \/ Yoast SEO plugin. -->","yoast_head_json":{"title":"SISTEMA PROEL PORTATIL MOD. FREEPACK812 - Mexican Guitar Players","description":"Sistema port\u00e1til estilo equipaje elegante, 6 entradas mono de micro\/l\u00ednea, 2 entradas de l\u00ednea est\u00e9reo, ecualizador de 2 bandas, 16 efectos digitales, reproductor MP3 con conexi\u00f3n bluetooth, ranura para USB\/SD y display LCD, amplificador dual de 500 watts con SMPS, 2 altavoces con driver de 1\u201d y woofer el\u00edptico de 8x12\u201d, cables de 1\/4 con jack met\u00e1lico y compartimento para accesorios.","robots":{"index":"index","follow":"follow","max-snippet":"max-snippet:-1","max-image-preview":"max-image-preview:large","max-video-preview":"max-video-preview:-1"},"canonical":"https:\/\/www.mexicanguitarplayers.com\/en\/tienda\/sin categor\u00eda\/sistema-proel-portatil-mod-freepack812\/","og_locale":"en_US","og_type":"article","og_title":"SISTEMA PROEL PORTATIL MOD. FREEPACK812 - Mexican Guitar Players","og_description":"Sistema port\u00e1til estilo equipaje elegante, 6 entradas mono de micro\/l\u00ednea, 2 entradas de l\u00ednea est\u00e9reo, ecualizador de 2 bandas, 16 efectos digitales, reproductor MP3 con conexi\u00f3n bluetooth, ranura para USB\/SD y display LCD, amplificador dual de 500 watts con SMPS, 2 altavoces con driver de 1\u201d y woofer el\u00edptico de 8x12\u201d, cables de 1\/4 con jack met\u00e1lico y compartimento para accesorios.","og_url":"https:\/\/www.mexicanguitarplayers.com\/en\/tienda\/sin categor\u00eda\/sistema-proel-portatil-mod-freepack812\/","og_site_name":"Mexican Guitar Players","article_modified_time":"2026-04-10T10:17:30+00:00","twitter_card":"summary_large_image","twitter_misc":{"Est. reading time":"2 minutes"},"schema":{"@context":"https:\/\/schema.org","@graph":[{"@type":["WebPage","ItemPage"],"@id":"https:\/\/www.mexicanguitarplayers.com\/tienda\/sin categor\u00eda\/sistema-proel-portatil-mod-freepack812\/","url":"https:\/\/www.mexicanguitarplayers.com\/tienda\/sin categor\u00eda\/sistema-proel-portatil-mod-freepack812\/","name":"SISTEMA PROEL PORTATIL MOD. FREEPACK812 - Mexican Guitar Players","isPartOf":{"@id":"https:\/\/www.mexicanguitarplayers.com\/#website"},"primaryImageOfPage":{"@id":"https:\/\/www.mexicanguitarplayers.com\/tienda\/sin categor\u00eda\/sistema-proel-portatil-mod-freepack812\/#primaryimage"},"image":{"@id":"https:\/\/www.mexicanguitarplayers.com\/tienda\/sin categor\u00eda\/sistema-proel-portatil-mod-freepack812\/#primaryimage"},"thumbnailUrl":"https:\/\/www.mexicanguitarplayers.com\/wp-content\/uploads\/2025\/04\/IAPREFREEPA812.jpg","datePublished":"2025-04-09T15:02:56+00:00","dateModified":"2026-04-10T10:17:30+00:00","description":"Sistema port\u00e1til estilo equipaje elegante, 6 entradas mono de micro\/l\u00ednea, 2 entradas de l\u00ednea est\u00e9reo, ecualizador de 2 bandas, 16 efectos digitales, reproductor MP3 con conexi\u00f3n bluetooth, ranura para USB\/SD y display LCD, amplificador dual de 500 watts con SMPS, 2 altavoces con driver de 1\u201d y woofer el\u00edptico de 8x12\u201d, cables de 1\/4 con jack met\u00e1lico y compartimento para accesorios.","breadcrumb":{"@id":"https:\/\/www.mexicanguitarplayers.com\/tienda\/sin categor\u00eda\/sistema-proel-portatil-mod-freepack812\/#breadcrumb"},"inLanguage":"en-US","potentialAction":[{"@type":"ReadAction","target":["https:\/\/www.mexicanguitarplayers.com\/tienda\/sin categor\u00eda\/sistema-proel-portatil-mod-freepack812\/"]}]},{"@type":"ImageObject","inLanguage":"en-US","@id":"https:\/\/www.mexicanguitarplayers.com\/tienda\/sin categor\u00eda\/sistema-proel-portatil-mod-freepack812\/#primaryimage","url":"https:\/\/www.mexicanguitarplayers.com\/wp-content\/uploads\/2025\/04\/IAPREFREEPA812.jpg","contentUrl":"https:\/\/www.mexicanguitarplayers.com\/wp-content\/uploads\/2025\/04\/IAPREFREEPA812.jpg","width":1200,"height":1200},{"@type":"BreadcrumbList","@id":"https:\/\/www.mexicanguitarplayers.com\/tienda\/sin categor\u00eda\/sistema-proel-portatil-mod-freepack812\/#breadcrumb","itemListElement":[{"@type":"ListItem","position":1,"name":"Portada","item":"https:\/\/www.mexicanguitarplayers.com\/"},{"@type":"ListItem","position":2,"name":"Tienda","item":"https:\/\/www.mexicanguitarplayers.com\/tienda\/"},{"@type":"ListItem","position":3,"name":"SISTEMA PROEL PORTATIL MOD. FREEPACK812"}]},{"@type":"WebSite","@id":"https:\/\/www.mexicanguitarplayers.com\/#website","url":"https:\/\/www.mexicanguitarplayers.com\/","name":"Mexican Guitar Players","description":"Website","publisher":{"@id":"https:\/\/www.mexicanguitarplayers.com\/#organization"},"potentialAction":[{"@type":"SearchAction","target":{"@type":"EntryPoint","urlTemplate":"https:\/\/www.mexicanguitarplayers.com\/?s={search_term_string}"},"query-input":{"@type":"PropertyValueSpecification","valueRequired":true,"valueName":"search_term_string"}}],"inLanguage":"en-US"},{"@type":"Organization","@id":"https:\/\/www.mexicanguitarplayers.com\/#organization","name":"Mexican Guitar Players","url":"https:\/\/www.mexicanguitarplayers.com\/","logo":{"@type":"ImageObject","inLanguage":"en-US","@id":"https:\/\/www.mexicanguitarplayers.com\/#\/schema\/logo\/image\/","url":"","contentUrl":"","caption":"Mexican Guitar Players"},"image":{"@id":"https:\/\/www.mexicanguitarplayers.com\/#\/schema\/logo\/image\/"}}]}},"brands":[{"id":252,"name":"PROEL","slug":"proel"}],"_links":{"self":[{"href":"https:\/\/www.mexicanguitarplayers.com\/en\/wp-json\/wp\/v2\/product\/41919","targetHints":{"allow":["GET"]}}],"collection":[{"href":"https:\/\/www.mexicanguitarplayers.com\/en\/wp-json\/wp\/v2\/product"}],"about":[{"href":"https:\/\/www.mexicanguitarplayers.com\/en\/wp-json\/wp\/v2\/types\/product"}],"replies":[{"embeddable":true,"href":"https:\/\/www.mexicanguitarplayers.com\/en\/wp-json\/wp\/v2\/comments?post=41919"}],"wp:featuredmedia":[{"embeddable":true,"href":"https:\/\/www.mexicanguitarplayers.com\/en\/wp-json\/wp\/v2\/media\/41914"}],"wp:attachment":[{"href":"https:\/\/www.mexicanguitarplayers.com\/en\/wp-json\/wp\/v2\/media?parent=41919"}],"wp:term":[{"taxonomy":"pwb-brand","embeddable":true,"href":"https:\/\/www.mexicanguitarplayers.com\/en\/wp-json\/wp\/v2\/pwb-brand?post=41919"},{"taxonomy":"product_brand","embeddable":true,"href":"https:\/\/www.mexicanguitarplayers.com\/en\/wp-json\/wp\/v2\/product_brand?post=41919"},{"taxonomy":"product_cat","embeddable":true,"href":"https:\/\/www.mexicanguitarplayers.com\/en\/wp-json\/wp\/v2\/product_cat?post=41919"},{"taxonomy":"product_tag","embeddable":true,"href":"https:\/\/www.mexicanguitarplayers.com\/en\/wp-json\/wp\/v2\/product_tag?post=41919"}],"curies":[{"name":"wp","href":"https:\/\/api.w.org\/{rel}","templated":true}]}}