{"id":41944,"date":"2025-04-09T09:03:42","date_gmt":"2025-04-09T15:03:42","guid":{"rendered":"https:\/\/www.mexicanguitarplayers.com\/tienda\/sin categor\u00eda\/estuche-skb-p-guit-electrica-1skb-61\/"},"modified":"2026-05-01T07:16:25","modified_gmt":"2026-05-01T13:16:25","slug":"estuche-skb-p-guit-electrica-1skb-61","status":"publish","type":"product","link":"https:\/\/www.mexicanguitarplayers.com\/en\/tienda\/accesorios\/estuches-y-fundas\/para-guitarra\/para-guitarra-electrica\/estuche-skb-p-guit-electrica-1skb-61\/","title":{"rendered":"ESTUCHE SKB P\/GUIT. ELECTRICA 1SKB-61"},"content":{"rendered":"<div style=\"text-align: justify\">\n<div>\n<h3>Mant\u00e9n tu guitarra a salvo.<\/h3>\n<\/div>\n<div>El nuevo estuche SKB-61 tiene un interior redise\u00f1ado para adaptarse a todas las guitarras Gibson y Epiphone SG, a excepci\u00f3n de las de 12 cuerdas y a las guitarras de la serie Viper ESP LTD., excepto las de 12 cuerdas. El exterior incorpora caracter\u00edsticas estructurales y de dise\u00f1o, tales como carcasa de polietileno de peso molecular e interior de EPS r\u00edgido para acomodar guitarras de forma segura y absorber los golpes, as\u00ed como un dise\u00f1o de parachoques moldeado que proporciona la m\u00e1xima protecci\u00f3n para el sistema del ribete y soporte completo para el brazo. Sistema de bloqueo indestructible de fibra de vidrio y cerrojos TSA. El mango es sobre moldeado, c\u00f3modo y perfectamente equilibrado. El sistema de enganche SKB que permite al usuario bloquear el estuche y que aun as\u00ed se le pueda hacer una revisi\u00f3n por personal de seguridad a\u00e9rea.<\/div>\n<div>\n<h4>Quick look<\/h4>\n<\/div>\n<ul style=\"margin: 0px 0px 0px 25px\">\n<li style=\"list-style-type: circle;margin: 5px\">Estuche personalizado.<\/li>\n<li style=\"list-style-type: circle;margin: 5px\">Longitud interior.<\/li>\n<li style=\"list-style-type: circle;margin: 5px\">Longitud exterior.<\/li>\n<li style=\"list-style-type: circle;margin: 5px\">Ancho exterior.<\/li>\n<li style=\"list-style-type: circle;margin: 5px\">Profundidad exterior.<\/li>\n<li style=\"list-style-type: circle;margin: 5px\">Longitud del cuerpo del instrumento.<\/li>\n<li style=\"list-style-type: circle;margin: 5px\">Profundidad del cuerpo del instrumento.<\/li>\n<li style=\"list-style-type: circle;margin: 5px\">Parte ancha del instrumento.<\/li>\n<li style=\"list-style-type: circle;margin: 5px\">Parte angosta del instrumento.<\/li>\n<li style=\"list-style-type: circle;margin: 5px\">Weight.<\/li>\n<\/ul>\n<div>\n<div style=\"font-weight: bold\">Estuche personalizado.<\/div>\n<div>\n<p>Se acomoda a guitarras Gibson y Epiphone SG y Fits ESP LTD Viper (excepto las de 12 cuerdas).<\/p>\n<\/div>\n<div style=\"font-weight: bold\">Longitud interior.<\/div>\n<div>\n<p>100.33 cm.<\/p>\n<\/div>\n<div style=\"font-weight: bold\">Longitud exterior.<\/div>\n<div>\n<p>107.95 cm.<\/p>\n<\/div>\n<div style=\"font-weight: bold\">Ancho exterior.<\/div>\n<div>\n<p>43.18 cm.<\/p>\n<\/div>\n<div style=\"font-weight: bold\">Profundidad exterior.<\/div>\n<div>\n<p>13.97 cm.<\/p>\n<\/div>\n<div style=\"font-weight: bold\">Longitud del cuerpo del instrumento.<\/div>\n<div>\n<p>39.62 cm.<\/p>\n<\/div>\n<div style=\"font-weight: bold\">Profundidad del cuerpo del instrumento.<\/div>\n<div>\n<p>7.62 cm.<\/p>\n<\/div>\n<div style=\"font-weight: bold\">Parte ancha del instrumento.<\/div>\n<div>\n<p>33.02 cm.<\/p>\n<\/div>\n<div style=\"font-weight: bold\">Parte angosta del instrumento.<\/div>\n<div>\n<p>27.31 cm.<\/p>\n<\/div>\n<div style=\"font-weight: bold\">Weight.<\/div>\n<div>\n<p>3.72 kg.<\/p>\n<\/div>\n<\/div>\n<div>\n<h4>Characteristics<\/h4>\n<\/div>\n<div>\n<ul style=\"margin: 0px 0px 0px 25px\">\n<li style=\"list-style-type: circle;margin: 5px\">Pestillos de liberaci\u00f3n.<\/li>\n<li style=\"list-style-type: circle;margin: 5px\">Cerrojos TSA de seguridad.<\/li>\n<li style=\"list-style-type: circle;margin: 5px\">Mango sobre moldeado ergon\u00f3mico acolchado,<\/li>\n<li style=\"list-style-type: circle;margin: 5px\">Parachoques moldeado.<\/li>\n<li style=\"list-style-type: circle;margin: 5px\">Soporte completo para el brazo.<\/li>\n<li style=\"list-style-type: circle;margin: 5px\">Interior de espuma EPS r\u00edgida que evita el movimiento del instrumento.<\/li>\n<\/ul>\n<\/div>\n<\/div>","protected":false},"excerpt":{"rendered":"<p>Estuche para guitarra el\u00e9ctrica Gibson y Ephiphone SG, as\u00ed como Viper ESP LTD (excepto las versiones de 12 cuerdas), pestillos de liberaci\u00f3n, cerrojos TSA de seguridad, mango sobre moldeado ergon\u00f3mico acolchado, parachoques moldeado, soporte completo para el brazo, interior de espuma EPS r\u00edgida, longitud interior: 100.33 cm, longitud exterior: 107.95 cm, ancho exterior: 43.18 cm, profundidad exterior: 13.97 cm, longitud del cuerpo del instrumento: 39.62 cm, profundidad del cuerpo del instrumento: 7.62 cm, parte ancha del instrumento: 33.02 cm, parte angosta del instrumento: 27.31 cm, peso: 3.72 kg.&hellip; <a class=\"kt-excerpt-readmore more-link\" href=\"https:\/\/www.mexicanguitarplayers.com\/en\/tienda\/accesorios\/estuches-y-fundas\/para-guitarra\/para-guitarra-electrica\/estuche-skb-p-guit-electrica-1skb-61\/\">Read more<\/a><\/p>","protected":false},"featured_media":41942,"comment_status":"open","ping_status":"closed","template":"","meta":{"kt_blocks_editor_width":""},"pwb-brand":[609],"product_brand":[],"product_cat":[85,517,566,567],"product_tag":[],"class_list":{"0":"post-41944","1":"product","2":"type-product","3":"status-publish","4":"has-post-thumbnail","6":"pwb-brand-skb","7":"product_cat-accesorios","8":"product_cat-estuches-y-fundas","9":"product_cat-para-guitarra","10":"product_cat-para-guitarra-electrica","11":"product_shipping_class-5-10-kg","13":"first","14":"instock","15":"taxable","16":"shipping-taxable","17":"purchasable","18":"product-type-simple"},"yoast_head":"<!-- This site is optimized with the Yoast SEO plugin v27.5 - https:\/\/yoast.com\/product\/yoast-seo-wordpress\/ -->\n<title>ESTUCHE SKB P\/GUIT. ELECTRICA 1SKB-61 - Mexican Guitar Players<\/title>\n<meta name=\"description\" content=\"Estuche para guitarra el\u00e9ctrica Gibson y Ephiphone SG, as\u00ed como Viper ESP LTD (excepto las versiones de 12 cuerdas), pestillos de liberaci\u00f3n, cerrojos TSA de seguridad, mango sobre moldeado ergon\u00f3mico acolchado, parachoques moldeado, soporte completo para el brazo, interior de espuma EPS r\u00edgida, longitud interior: 100.33 cm, longitud exterior: 107.95 cm, ancho exterior: 43.18 cm, profundidad exterior: 13.97 cm, longitud del cuerpo del instrumento: 39.62 cm, profundidad del cuerpo del instrumento: 7.62 cm, parte ancha del instrumento: 33.02 cm, parte angosta del instrumento: 27.31 cm, peso: 3.72 kg.\" \/>\n<meta name=\"robots\" content=\"index, follow, max-snippet:-1, max-image-preview:large, max-video-preview:-1\" \/>\n<link rel=\"canonical\" href=\"https:\/\/www.mexicanguitarplayers.com\/en\/tienda\/sin%20categor\u00eda\/estuche-skb-p-guit-electrica-1skb-61\/\" \/>\n<meta property=\"og:locale\" content=\"en_US\" \/>\n<meta property=\"og:type\" content=\"article\" \/>\n<meta property=\"og:title\" content=\"ESTUCHE SKB P\/GUIT. ELECTRICA 1SKB-61 - Mexican Guitar Players\" \/>\n<meta property=\"og:description\" content=\"Estuche para guitarra el\u00e9ctrica Gibson y Ephiphone SG, as\u00ed como Viper ESP LTD (excepto las versiones de 12 cuerdas), pestillos de liberaci\u00f3n, cerrojos TSA de seguridad, mango sobre moldeado ergon\u00f3mico acolchado, parachoques moldeado, soporte completo para el brazo, interior de espuma EPS r\u00edgida, longitud interior: 100.33 cm, longitud exterior: 107.95 cm, ancho exterior: 43.18 cm, profundidad exterior: 13.97 cm, longitud del cuerpo del instrumento: 39.62 cm, profundidad del cuerpo del instrumento: 7.62 cm, parte ancha del instrumento: 33.02 cm, parte angosta del instrumento: 27.31 cm, peso: 3.72 kg.\" \/>\n<meta property=\"og:url\" content=\"https:\/\/www.mexicanguitarplayers.com\/en\/tienda\/sin categor\u00eda\/estuche-skb-p-guit-electrica-1skb-61\/\" \/>\n<meta property=\"og:site_name\" content=\"Mexican Guitar Players\" \/>\n<meta property=\"article:modified_time\" content=\"2026-05-01T13:16:25+00:00\" \/>\n<meta name=\"twitter:card\" content=\"summary_large_image\" \/>\n<meta name=\"twitter:label1\" content=\"Est. reading time\" \/>\n\t<meta name=\"twitter:data1\" content=\"1 minute\" \/>\n<script type=\"application\/ld+json\" class=\"yoast-schema-graph\">{\"@context\":\"https:\\\/\\\/schema.org\",\"@graph\":[{\"@type\":[\"WebPage\",\"ItemPage\"],\"@id\":\"https:\\\/\\\/www.mexicanguitarplayers.com\\\/tienda\\\/sin categor\u00eda\\\/estuche-skb-p-guit-electrica-1skb-61\\\/\",\"url\":\"https:\\\/\\\/www.mexicanguitarplayers.com\\\/tienda\\\/sin categor\u00eda\\\/estuche-skb-p-guit-electrica-1skb-61\\\/\",\"name\":\"ESTUCHE SKB P\\\/GUIT. ELECTRICA 1SKB-61 - Mexican Guitar Players\",\"isPartOf\":{\"@id\":\"https:\\\/\\\/www.mexicanguitarplayers.com\\\/#website\"},\"primaryImageOfPage\":{\"@id\":\"https:\\\/\\\/www.mexicanguitarplayers.com\\\/tienda\\\/sin categor\u00eda\\\/estuche-skb-p-guit-electrica-1skb-61\\\/#primaryimage\"},\"image\":{\"@id\":\"https:\\\/\\\/www.mexicanguitarplayers.com\\\/tienda\\\/sin categor\u00eda\\\/estuche-skb-p-guit-electrica-1skb-61\\\/#primaryimage\"},\"thumbnailUrl\":\"https:\\\/\\\/www.mexicanguitarplayers.com\\\/wp-content\\\/uploads\\\/2025\\\/04\\\/VASKB1SKB61.jpg\",\"datePublished\":\"2025-04-09T15:03:42+00:00\",\"dateModified\":\"2026-05-01T13:16:25+00:00\",\"description\":\"Estuche para guitarra el\u00e9ctrica Gibson y Ephiphone SG, as\u00ed como Viper ESP LTD (excepto las versiones de 12 cuerdas), pestillos de liberaci\u00f3n, cerrojos TSA de seguridad, mango sobre moldeado ergon\u00f3mico acolchado, parachoques moldeado, soporte completo para el brazo, interior de espuma EPS r\u00edgida, longitud interior: 100.33 cm, longitud exterior: 107.95 cm, ancho exterior: 43.18 cm, profundidad exterior: 13.97 cm, longitud del cuerpo del instrumento: 39.62 cm, profundidad del cuerpo del instrumento: 7.62 cm, parte ancha del instrumento: 33.02 cm, parte angosta del instrumento: 27.31 cm, peso: 3.72 kg.\",\"breadcrumb\":{\"@id\":\"https:\\\/\\\/www.mexicanguitarplayers.com\\\/tienda\\\/sin categor\u00eda\\\/estuche-skb-p-guit-electrica-1skb-61\\\/#breadcrumb\"},\"inLanguage\":\"en-US\",\"potentialAction\":[{\"@type\":\"ReadAction\",\"target\":[\"https:\\\/\\\/www.mexicanguitarplayers.com\\\/tienda\\\/sin categor\u00eda\\\/estuche-skb-p-guit-electrica-1skb-61\\\/\"]}]},{\"@type\":\"ImageObject\",\"inLanguage\":\"en-US\",\"@id\":\"https:\\\/\\\/www.mexicanguitarplayers.com\\\/tienda\\\/sin categor\u00eda\\\/estuche-skb-p-guit-electrica-1skb-61\\\/#primaryimage\",\"url\":\"https:\\\/\\\/www.mexicanguitarplayers.com\\\/wp-content\\\/uploads\\\/2025\\\/04\\\/VASKB1SKB61.jpg\",\"contentUrl\":\"https:\\\/\\\/www.mexicanguitarplayers.com\\\/wp-content\\\/uploads\\\/2025\\\/04\\\/VASKB1SKB61.jpg\",\"width\":800,\"height\":1600},{\"@type\":\"BreadcrumbList\",\"@id\":\"https:\\\/\\\/www.mexicanguitarplayers.com\\\/tienda\\\/sin categor\u00eda\\\/estuche-skb-p-guit-electrica-1skb-61\\\/#breadcrumb\",\"itemListElement\":[{\"@type\":\"ListItem\",\"position\":1,\"name\":\"Portada\",\"item\":\"https:\\\/\\\/www.mexicanguitarplayers.com\\\/\"},{\"@type\":\"ListItem\",\"position\":2,\"name\":\"Tienda\",\"item\":\"https:\\\/\\\/www.mexicanguitarplayers.com\\\/tienda\\\/\"},{\"@type\":\"ListItem\",\"position\":3,\"name\":\"ESTUCHE SKB P\\\/GUIT. ELECTRICA 1SKB-61\"}]},{\"@type\":\"WebSite\",\"@id\":\"https:\\\/\\\/www.mexicanguitarplayers.com\\\/#website\",\"url\":\"https:\\\/\\\/www.mexicanguitarplayers.com\\\/\",\"name\":\"Mexican Guitar Players\",\"description\":\"Website\",\"publisher\":{\"@id\":\"https:\\\/\\\/www.mexicanguitarplayers.com\\\/#organization\"},\"potentialAction\":[{\"@type\":\"SearchAction\",\"target\":{\"@type\":\"EntryPoint\",\"urlTemplate\":\"https:\\\/\\\/www.mexicanguitarplayers.com\\\/?s={search_term_string}\"},\"query-input\":{\"@type\":\"PropertyValueSpecification\",\"valueRequired\":true,\"valueName\":\"search_term_string\"}}],\"inLanguage\":\"en-US\"},{\"@type\":\"Organization\",\"@id\":\"https:\\\/\\\/www.mexicanguitarplayers.com\\\/#organization\",\"name\":\"Mexican Guitar Players\",\"url\":\"https:\\\/\\\/www.mexicanguitarplayers.com\\\/\",\"logo\":{\"@type\":\"ImageObject\",\"inLanguage\":\"en-US\",\"@id\":\"https:\\\/\\\/www.mexicanguitarplayers.com\\\/#\\\/schema\\\/logo\\\/image\\\/\",\"url\":\"\",\"contentUrl\":\"\",\"caption\":\"Mexican Guitar Players\"},\"image\":{\"@id\":\"https:\\\/\\\/www.mexicanguitarplayers.com\\\/#\\\/schema\\\/logo\\\/image\\\/\"}}]}<\/script>\n<!-- \/ Yoast SEO plugin. -->","yoast_head_json":{"title":"ESTUCHE SKB P\/GUIT. ELECTRICA 1SKB-61 - Mexican Guitar Players","description":"Estuche para guitarra el\u00e9ctrica Gibson y Ephiphone SG, as\u00ed como Viper ESP LTD (excepto las versiones de 12 cuerdas), pestillos de liberaci\u00f3n, cerrojos TSA de seguridad, mango sobre moldeado ergon\u00f3mico acolchado, parachoques moldeado, soporte completo para el brazo, interior de espuma EPS r\u00edgida, longitud interior: 100.33 cm, longitud exterior: 107.95 cm, ancho exterior: 43.18 cm, profundidad exterior: 13.97 cm, longitud del cuerpo del instrumento: 39.62 cm, profundidad del cuerpo del instrumento: 7.62 cm, parte ancha del instrumento: 33.02 cm, parte angosta del instrumento: 27.31 cm, peso: 3.72 kg.","robots":{"index":"index","follow":"follow","max-snippet":"max-snippet:-1","max-image-preview":"max-image-preview:large","max-video-preview":"max-video-preview:-1"},"canonical":"https:\/\/www.mexicanguitarplayers.com\/en\/tienda\/sin categor\u00eda\/estuche-skb-p-guit-electrica-1skb-61\/","og_locale":"en_US","og_type":"article","og_title":"ESTUCHE SKB P\/GUIT. ELECTRICA 1SKB-61 - Mexican Guitar Players","og_description":"Estuche para guitarra el\u00e9ctrica Gibson y Ephiphone SG, as\u00ed como Viper ESP LTD (excepto las versiones de 12 cuerdas), pestillos de liberaci\u00f3n, cerrojos TSA de seguridad, mango sobre moldeado ergon\u00f3mico acolchado, parachoques moldeado, soporte completo para el brazo, interior de espuma EPS r\u00edgida, longitud interior: 100.33 cm, longitud exterior: 107.95 cm, ancho exterior: 43.18 cm, profundidad exterior: 13.97 cm, longitud del cuerpo del instrumento: 39.62 cm, profundidad del cuerpo del instrumento: 7.62 cm, parte ancha del instrumento: 33.02 cm, parte angosta del instrumento: 27.31 cm, peso: 3.72 kg.","og_url":"https:\/\/www.mexicanguitarplayers.com\/en\/tienda\/sin categor\u00eda\/estuche-skb-p-guit-electrica-1skb-61\/","og_site_name":"Mexican Guitar Players","article_modified_time":"2026-05-01T13:16:25+00:00","twitter_card":"summary_large_image","twitter_misc":{"Est. reading time":"1 minute"},"schema":{"@context":"https:\/\/schema.org","@graph":[{"@type":["WebPage","ItemPage"],"@id":"https:\/\/www.mexicanguitarplayers.com\/tienda\/sin categor\u00eda\/estuche-skb-p-guit-electrica-1skb-61\/","url":"https:\/\/www.mexicanguitarplayers.com\/tienda\/sin categor\u00eda\/estuche-skb-p-guit-electrica-1skb-61\/","name":"ESTUCHE SKB P\/GUIT. ELECTRICA 1SKB-61 - Mexican Guitar Players","isPartOf":{"@id":"https:\/\/www.mexicanguitarplayers.com\/#website"},"primaryImageOfPage":{"@id":"https:\/\/www.mexicanguitarplayers.com\/tienda\/sin categor\u00eda\/estuche-skb-p-guit-electrica-1skb-61\/#primaryimage"},"image":{"@id":"https:\/\/www.mexicanguitarplayers.com\/tienda\/sin categor\u00eda\/estuche-skb-p-guit-electrica-1skb-61\/#primaryimage"},"thumbnailUrl":"https:\/\/www.mexicanguitarplayers.com\/wp-content\/uploads\/2025\/04\/VASKB1SKB61.jpg","datePublished":"2025-04-09T15:03:42+00:00","dateModified":"2026-05-01T13:16:25+00:00","description":"Estuche para guitarra el\u00e9ctrica Gibson y Ephiphone SG, as\u00ed como Viper ESP LTD (excepto las versiones de 12 cuerdas), pestillos de liberaci\u00f3n, cerrojos TSA de seguridad, mango sobre moldeado ergon\u00f3mico acolchado, parachoques moldeado, soporte completo para el brazo, interior de espuma EPS r\u00edgida, longitud interior: 100.33 cm, longitud exterior: 107.95 cm, ancho exterior: 43.18 cm, profundidad exterior: 13.97 cm, longitud del cuerpo del instrumento: 39.62 cm, profundidad del cuerpo del instrumento: 7.62 cm, parte ancha del instrumento: 33.02 cm, parte angosta del instrumento: 27.31 cm, peso: 3.72 kg.","breadcrumb":{"@id":"https:\/\/www.mexicanguitarplayers.com\/tienda\/sin categor\u00eda\/estuche-skb-p-guit-electrica-1skb-61\/#breadcrumb"},"inLanguage":"en-US","potentialAction":[{"@type":"ReadAction","target":["https:\/\/www.mexicanguitarplayers.com\/tienda\/sin categor\u00eda\/estuche-skb-p-guit-electrica-1skb-61\/"]}]},{"@type":"ImageObject","inLanguage":"en-US","@id":"https:\/\/www.mexicanguitarplayers.com\/tienda\/sin categor\u00eda\/estuche-skb-p-guit-electrica-1skb-61\/#primaryimage","url":"https:\/\/www.mexicanguitarplayers.com\/wp-content\/uploads\/2025\/04\/VASKB1SKB61.jpg","contentUrl":"https:\/\/www.mexicanguitarplayers.com\/wp-content\/uploads\/2025\/04\/VASKB1SKB61.jpg","width":800,"height":1600},{"@type":"BreadcrumbList","@id":"https:\/\/www.mexicanguitarplayers.com\/tienda\/sin categor\u00eda\/estuche-skb-p-guit-electrica-1skb-61\/#breadcrumb","itemListElement":[{"@type":"ListItem","position":1,"name":"Portada","item":"https:\/\/www.mexicanguitarplayers.com\/"},{"@type":"ListItem","position":2,"name":"Tienda","item":"https:\/\/www.mexicanguitarplayers.com\/tienda\/"},{"@type":"ListItem","position":3,"name":"ESTUCHE SKB P\/GUIT. ELECTRICA 1SKB-61"}]},{"@type":"WebSite","@id":"https:\/\/www.mexicanguitarplayers.com\/#website","url":"https:\/\/www.mexicanguitarplayers.com\/","name":"Mexican Guitar Players","description":"Website","publisher":{"@id":"https:\/\/www.mexicanguitarplayers.com\/#organization"},"potentialAction":[{"@type":"SearchAction","target":{"@type":"EntryPoint","urlTemplate":"https:\/\/www.mexicanguitarplayers.com\/?s={search_term_string}"},"query-input":{"@type":"PropertyValueSpecification","valueRequired":true,"valueName":"search_term_string"}}],"inLanguage":"en-US"},{"@type":"Organization","@id":"https:\/\/www.mexicanguitarplayers.com\/#organization","name":"Mexican Guitar Players","url":"https:\/\/www.mexicanguitarplayers.com\/","logo":{"@type":"ImageObject","inLanguage":"en-US","@id":"https:\/\/www.mexicanguitarplayers.com\/#\/schema\/logo\/image\/","url":"","contentUrl":"","caption":"Mexican Guitar Players"},"image":{"@id":"https:\/\/www.mexicanguitarplayers.com\/#\/schema\/logo\/image\/"}}]}},"brands":[{"id":609,"name":"SKB","slug":"skb"}],"_links":{"self":[{"href":"https:\/\/www.mexicanguitarplayers.com\/en\/wp-json\/wp\/v2\/product\/41944","targetHints":{"allow":["GET"]}}],"collection":[{"href":"https:\/\/www.mexicanguitarplayers.com\/en\/wp-json\/wp\/v2\/product"}],"about":[{"href":"https:\/\/www.mexicanguitarplayers.com\/en\/wp-json\/wp\/v2\/types\/product"}],"replies":[{"embeddable":true,"href":"https:\/\/www.mexicanguitarplayers.com\/en\/wp-json\/wp\/v2\/comments?post=41944"}],"wp:featuredmedia":[{"embeddable":true,"href":"https:\/\/www.mexicanguitarplayers.com\/en\/wp-json\/wp\/v2\/media\/41942"}],"wp:attachment":[{"href":"https:\/\/www.mexicanguitarplayers.com\/en\/wp-json\/wp\/v2\/media?parent=41944"}],"wp:term":[{"taxonomy":"pwb-brand","embeddable":true,"href":"https:\/\/www.mexicanguitarplayers.com\/en\/wp-json\/wp\/v2\/pwb-brand?post=41944"},{"taxonomy":"product_brand","embeddable":true,"href":"https:\/\/www.mexicanguitarplayers.com\/en\/wp-json\/wp\/v2\/product_brand?post=41944"},{"taxonomy":"product_cat","embeddable":true,"href":"https:\/\/www.mexicanguitarplayers.com\/en\/wp-json\/wp\/v2\/product_cat?post=41944"},{"taxonomy":"product_tag","embeddable":true,"href":"https:\/\/www.mexicanguitarplayers.com\/en\/wp-json\/wp\/v2\/product_tag?post=41944"}],"curies":[{"name":"wp","href":"https:\/\/api.w.org\/{rel}","templated":true}]}}