{"id":41953,"date":"2025-04-09T09:03:55","date_gmt":"2025-04-09T15:03:55","guid":{"rendered":"https:\/\/www.mexicanguitarplayers.com\/tienda\/sin categor\u00eda\/bocina-eighteen-sound-8-8m400f-8\/"},"modified":"2026-02-06T10:14:59","modified_gmt":"2026-02-06T16:14:59","slug":"bocina-eighteen-sound-8-8m400f-8","status":"publish","type":"product","link":"https:\/\/www.mexicanguitarplayers.com\/en\/tienda\/audio\/bafles-y-bocinas\/bocinas-y-componentes\/medios\/bocina-eighteen-sound-8-8m400f-8\/","title":{"rendered":"BOCINA EIGHTEEN SOUND  8  8M400F\/8"},"content":{"rendered":"<div style=\"text-align: justify\">\n<div>\n<h3>El perfecto control de tu sonido.<\/h3>\n<\/div>\n<div>8M400 es un altavoz de rango medio de alta potencia, alto rendimiento con 8\u201d pulgadas (200 mm) para uso profesional de alto nivel. La excelente calidad de sonido se ha logrado como resultado de una extensa investigaci\u00f3n sobre la inteligibilidad de las frecuencias medias. 8M400 ha sido dise\u00f1ado para ser utilizado como rango medio tanto en bocinas como en gabinetes horn, radiaci\u00f3n directa y reflex o cerrados, tan peque\u00f1os como 3 lt. El cono curvil\u00edneo, hecho con una pulpa de madera de alta amortiguaci\u00f3n, ha sido dise\u00f1ado para lograr la mejor linealidad posible dentro de su rango de frecuencia. El tratamiento de cono desarrollado internamente repele la humedad y tambi\u00e9n amortigua la resonancia en modo de campana de manera significativa. El conjunto de bobina de voz de aluminio ISV de 2\u201d pulgadas (51 mm). Est\u00e1 enrollado en un formador de fibra de vidrio resistente para mejorar la transmisi\u00f3n de fuerza y el manejo de potencia. La tecnolog\u00eda ISV se basa en un formador de fibra de vidrio de alta resistencia, con la mitad de la bobina enrollada en el exterior y la otra mitad en el interior y unidas mediante adhesivos de resina de alta temperatura \u00fanicos. El potente conjunto de im\u00e1n asegura una alta concentraci\u00f3n de flujo. El factor de fuerza y el manejo de potencia est\u00e1n en un nivel \u00f3ptimo. El contacto directo entre la canasta con aletas y la estructura magn\u00e9tica mejora significativamente la conexi\u00f3n t\u00e9rmica y la disipaci\u00f3n de calor, lo que aumenta a\u00fan m\u00e1s el manejo de la potencia y reduce la compresi\u00f3n de la potencia. El anillo corto de cobre en la pieza polar reduce la inductancia y mejora la respuesta transitoria y el control de fase en las frecuencias medias.<\/div>\n<div>\n<h4>Quick look<\/h4>\n<\/div>\n<ul style=\"margin: 0px 0px 0px 25px\">\n<li style=\"list-style-type: circle;margin: 5px\">Di\u00e1metro nominal.<\/li>\n<li style=\"list-style-type: circle;margin: 5px\">Nominal impedance.<\/li>\n<li style=\"list-style-type: circle;margin: 5px\">Power.<\/li>\n<li style=\"list-style-type: circle;margin: 5px\">Sensitivity.<\/li>\n<li style=\"list-style-type: circle;margin: 5px\">Rango de frecuencia.<\/li>\n<li style=\"list-style-type: circle;margin: 5px\">Compresi\u00f3n.<\/li>\n<li style=\"list-style-type: circle;margin: 5px\">Frecuencia m\u00e1xima recomendada.<\/li>\n<li style=\"list-style-type: circle;margin: 5px\">Volumen recomendado del gabinete.<\/li>\n<li style=\"list-style-type: circle;margin: 5px\">Impedancia m\u00ednima.<\/li>\n<li style=\"list-style-type: circle;margin: 5px\">Excursi\u00f3n m\u00e1xima pico a pico.<\/li>\n<li style=\"list-style-type: circle;margin: 5px\">Bobina m\u00f3vil.<\/li>\n<li style=\"list-style-type: circle;margin: 5px\">Material del embobinado.<\/li>\n<li style=\"list-style-type: circle;margin: 5px\">Cono.<\/li>\n<li style=\"list-style-type: circle;margin: 5px\">FS (Frecuencia de resonancia).<\/li>\n<li style=\"list-style-type: circle;margin: 5px\">Resistencia DC.<\/li>\n<li style=\"list-style-type: circle;margin: 5px\">SD (Superficie efectiva).<\/li>\n<li style=\"list-style-type: circle;margin: 5px\">QMS (Factor de calidad mec\u00e1nica).<\/li>\n<li style=\"list-style-type: circle;margin: 5px\">QES (Factor de calidad el\u00e9ctrica).<\/li>\n<li style=\"list-style-type: circle;margin: 5px\">QTS (Factor de calidad total).<\/li>\n<li style=\"list-style-type: circle;margin: 5px\">VAS (Volumen de aire equivalente a CMS).<\/li>\n<li style=\"list-style-type: circle;margin: 5px\">MMS (Masa total del cono).<\/li>\n<li style=\"list-style-type: circle;margin: 5px\">Factor BL <\/li>\n<li style=\"list-style-type: circle;margin: 5px\">XMAX (Desplazamiento m\u00e1ximo).<\/li>\n<li style=\"list-style-type: circle;margin: 5px\">Inductancia de la bobina m\u00f3vil (Le @ 1kHz).<\/li>\n<li style=\"list-style-type: circle;margin: 5px\">Referencia de eficiencia 1W\/1m (medio espacio).<\/li>\n<li style=\"list-style-type: circle;margin: 5px\">Di\u00e1metro total.<\/li>\n<li style=\"list-style-type: circle;margin: 5px\">Agujeros de montaje y tornillo.<\/li>\n<li style=\"list-style-type: circle;margin: 5px\">Di\u00e1metro de los agujeros de montaje.<\/li>\n<li style=\"list-style-type: circle;margin: 5px\">Di\u00e1metro del c\u00edrculo del perno.<\/li>\n<li style=\"list-style-type: circle;margin: 5px\">Corte de montaje frontal de bafle.<\/li>\n<li style=\"list-style-type: circle;margin: 5px\">Corte de montaje posterior de bafle.<\/li>\n<li style=\"list-style-type: circle;margin: 5px\">Profundidad total.<\/li>\n<li style=\"list-style-type: circle;margin: 5px\">Espesor de brida y junta.<\/li>\n<li style=\"list-style-type: circle;margin: 5px\">Weight.<\/li>\n<\/ul>\n<div>\n<div style=\"font-weight: bold\">Di\u00e1metro nominal.<\/div>\n<div>\n<p>8\u201d pulgadas (200 mm).<\/p>\n<\/div>\n<div style=\"font-weight: bold\">Nominal impedance.<\/div>\n<div>\n<p>8 ohms.<\/p>\n<\/div>\n<div style=\"font-weight: bold\">Power.<\/div>\n<div>\n<p>AES: 250 W. Programa: 320 W. Pico: 650 W.<\/p>\n<\/div>\n<div style=\"font-weight: bold\">Sensitivity.<\/div>\n<div>\n<p>100.5 dB.<\/p>\n<\/div>\n<div style=\"font-weight: bold\">Rango de frecuencia.<\/div>\n<div>\n<p>120 &#8211; 6,100 Hz.<\/p>\n<\/div>\n<div style=\"font-weight: bold\">Compresi\u00f3n.<\/div>\n<div>\n<p>A -10 dB: 0.5 dB. A -3 dB: 1.6 dB. A potencia total: 2.7 dB.<\/p>\n<\/div>\n<div style=\"font-weight: bold\">Frecuencia m\u00e1xima recomendada.<\/div>\n<div>\n<p>4,000 Hz.<\/p>\n<\/div>\n<div style=\"font-weight: bold\">Volumen recomendado del gabinete.<\/div>\n<div>\n<p>2 &#8211; 10 lt. (0.07 \u2013 0.35 pies c\u00fabicos).<\/p>\n<\/div>\n<div style=\"font-weight: bold\">Impedancia m\u00ednima.<\/div>\n<div>\n<p>6.5 ohms a 25\u00b0C.<\/p>\n<\/div>\n<div style=\"font-weight: bold\">Excursi\u00f3n m\u00e1xima pico a pico.<\/div>\n<div>\n<p>13 mm (0.51\u201d pulgadas).<\/p>\n<\/div>\n<div style=\"font-weight: bold\">Bobina m\u00f3vil.<\/div>\n<div>\n<p>Di\u00e1metro: 2\u201d pulgadas (51 mm).<\/p>\n<\/div>\n<div style=\"font-weight: bold\">Material del embobinado.<\/div>\n<div>\n<p>M-roll, poli algod\u00f3n.<\/p>\n<\/div>\n<div style=\"font-weight: bold\">Cono.<\/div>\n<div>\n<p>Papel, curvil\u00edneo.<\/p>\n<\/div>\n<div style=\"font-weight: bold\">FS (Frecuencia de resonancia).<\/div>\n<div>\n<p>90 Hz.<\/p>\n<\/div>\n<div style=\"font-weight: bold\">Resistencia DC.<\/div>\n<div>\n<p>5.2 ohms.<\/p>\n<\/div>\n<div style=\"font-weight: bold\">SD (Superficie efectiva).<\/div>\n<div>\n<p>0.0227 sq.mt. (35,19 sq.in.).<\/p>\n<\/div>\n<div style=\"font-weight: bold\">QMS (Factor de calidad mec\u00e1nica).<\/div>\n<div>\n<p>6.2.<\/p>\n<\/div>\n<div style=\"font-weight: bold\">QES (Factor de calidad el\u00e9ctrica).<\/div>\n<div>\n<p>0.28.<\/p>\n<\/div>\n<div style=\"font-weight: bold\">QTS (Factor de calidad total).<\/div>\n<div>\n<p>0.27.<\/p>\n<\/div>\n<div style=\"font-weight: bold\">VAS (Volumen de aire equivalente a CMS).<\/div>\n<div>\n<p>16.2 lt.<\/p>\n<\/div>\n<div style=\"font-weight: bold\">MMS (Masa total del cono).<\/div>\n<div>\n<p>14 gr.<\/p>\n<\/div>\n<div style=\"font-weight: bold\">Factor BL <\/div>\n<div>\n<p>12.2 Tm.<\/p>\n<\/div>\n<div style=\"font-weight: bold\">XMAX (Desplazamiento m\u00e1ximo).<\/div>\n<div>\n<p>\u00b1 3 mm (\u00b10.12\u201d).<\/p>\n<\/div>\n<div style=\"font-weight: bold\">Inductancia de la bobina m\u00f3vil (Le @ 1kHz).<\/div>\n<div>\n<p>0.95 mH.<\/p>\n<\/div>\n<div style=\"font-weight: bold\">Referencia de eficiencia 1W\/1m (medio espacio).<\/div>\n<div>\n<p>98.1 dB.<\/p>\n<\/div>\n<div style=\"font-weight: bold\">Di\u00e1metro total.<\/div>\n<div>\n<p>8.27\u201d pulgadas (210 mm).<\/p>\n<\/div>\n<div style=\"font-weight: bold\">Agujeros de montaje y tornillo.<\/div>\n<div>\n<p>6.<\/p>\n<\/div>\n<div style=\"font-weight: bold\">Di\u00e1metro de los agujeros de montaje.<\/div>\n<div>\n<p>6 mm (0.23\u201d pulgadas).<\/p>\n<\/div>\n<div style=\"font-weight: bold\">Di\u00e1metro del c\u00edrculo del perno.<\/div>\n<div>\n<p>195 &#8211; 198 mm (7.68 \u2013 7.80\u201d pulgadas).<\/p>\n<\/div>\n<div style=\"font-weight: bold\">Corte de montaje frontal de bafle.<\/div>\n<div>\n<p>\u00d8 186 mm (7.32\u201d pulgadas).<\/p>\n<\/div>\n<div style=\"font-weight: bold\">Corte de montaje posterior de bafle.<\/div>\n<div>\n<p>\u00d8 184 mm (7.24\u201d pulgadas).<\/p>\n<\/div>\n<div style=\"font-weight: bold\">Profundidad total.<\/div>\n<div>\n<p>105.5 mm (4.15\u201d pulgadas).<\/p>\n<\/div>\n<div style=\"font-weight: bold\">Espesor de brida y junta.<\/div>\n<div>\n<p>14.5 mm (0.57\u201d pulgadas).<\/p>\n<\/div>\n<div style=\"font-weight: bold\">Weight.<\/div>\n<div>\n<p>4.5 kg.<\/p>\n<\/div>\n<\/div>\n<\/div>","protected":false},"excerpt":{"rendered":"<p>Bocina de 8\u201d pulgadas, im\u00e1n de ferrita, disipaci\u00f3n mejorada de calor a trav\u00e9s del dise\u00f1o \u00fanico de la canasta, anillo de cobre para linealizar la curva de impedancia, ideal para aplicaciones de midrange de alta calidad, impedancia: 8 ohms, potencia AES: 250 W, programa: 320 W, pico: 650W, sensibilidad: 100.5 dB, rango de frecuencia: 120 &#8211; 6,100 Hz, bobina m\u00f3vil de aluminio de 2\u201d pulgadas (51 mm), peso: 4.5 kg.&hellip; <a class=\"kt-excerpt-readmore more-link\" href=\"https:\/\/www.mexicanguitarplayers.com\/en\/tienda\/audio\/bafles-y-bocinas\/bocinas-y-componentes\/medios\/bocina-eighteen-sound-8-8m400f-8\/\">Read more<\/a><\/p>","protected":false},"featured_media":41948,"comment_status":"open","ping_status":"closed","template":"","meta":{"kt_blocks_editor_width":""},"pwb-brand":[533],"product_brand":[],"product_cat":[213,221,474,534],"product_tag":[],"class_list":{"0":"post-41953","1":"product","2":"type-product","3":"status-publish","4":"has-post-thumbnail","6":"pwb-brand-eighteen-sound","7":"product_cat-audio","8":"product_cat-bafles-y-bocinas","9":"product_cat-bocinas-y-componentes","10":"product_cat-medios","11":"product_shipping_class-5-10-kg","13":"first","14":"outofstock","15":"taxable","16":"shipping-taxable","17":"purchasable","18":"product-type-simple"},"yoast_head":"<!-- This site is optimized with the Yoast SEO plugin v27.3 - https:\/\/yoast.com\/product\/yoast-seo-wordpress\/ -->\n<title>BOCINA EIGHTEEN SOUND 8 8M400F\/8 - Mexican Guitar Players<\/title>\n<meta name=\"description\" content=\"Bocina de 8\u201d pulgadas, im\u00e1n de ferrita, disipaci\u00f3n mejorada de calor a trav\u00e9s del dise\u00f1o \u00fanico de la canasta, anillo de cobre para linealizar la curva de impedancia, ideal para aplicaciones de midrange de alta calidad, impedancia: 8 ohms, potencia AES: 250 W, programa: 320 W, pico: 650W, sensibilidad: 100.5 dB, rango de frecuencia: 120 - 6,100 Hz, bobina m\u00f3vil de aluminio de 2\u201d pulgadas (51 mm), peso: 4.5 kg.\" \/>\n<meta name=\"robots\" content=\"index, follow, max-snippet:-1, max-image-preview:large, max-video-preview:-1\" \/>\n<link rel=\"canonical\" href=\"https:\/\/www.mexicanguitarplayers.com\/en\/tienda\/sin%20categor\u00eda\/bocina-eighteen-sound-8-8m400f-8\/\" \/>\n<meta property=\"og:locale\" content=\"en_US\" \/>\n<meta property=\"og:type\" content=\"article\" \/>\n<meta property=\"og:title\" content=\"BOCINA EIGHTEEN SOUND 8 8M400F\/8 - Mexican Guitar Players\" \/>\n<meta property=\"og:description\" content=\"Bocina de 8\u201d pulgadas, im\u00e1n de ferrita, disipaci\u00f3n mejorada de calor a trav\u00e9s del dise\u00f1o \u00fanico de la canasta, anillo de cobre para linealizar la curva de impedancia, ideal para aplicaciones de midrange de alta calidad, impedancia: 8 ohms, potencia AES: 250 W, programa: 320 W, pico: 650W, sensibilidad: 100.5 dB, rango de frecuencia: 120 - 6,100 Hz, bobina m\u00f3vil de aluminio de 2\u201d pulgadas (51 mm), peso: 4.5 kg.\" \/>\n<meta property=\"og:url\" content=\"https:\/\/www.mexicanguitarplayers.com\/en\/tienda\/sin categor\u00eda\/bocina-eighteen-sound-8-8m400f-8\/\" \/>\n<meta property=\"og:site_name\" content=\"Mexican Guitar Players\" \/>\n<meta property=\"article:modified_time\" content=\"2026-02-06T16:14:59+00:00\" \/>\n<meta name=\"twitter:card\" content=\"summary_large_image\" \/>\n<meta name=\"twitter:label1\" content=\"Est. reading time\" \/>\n\t<meta name=\"twitter:data1\" content=\"3 minutes\" \/>\n<script type=\"application\/ld+json\" class=\"yoast-schema-graph\">{\"@context\":\"https:\\\/\\\/schema.org\",\"@graph\":[{\"@type\":[\"WebPage\",\"ItemPage\"],\"@id\":\"https:\\\/\\\/www.mexicanguitarplayers.com\\\/tienda\\\/sin categor\u00eda\\\/bocina-eighteen-sound-8-8m400f-8\\\/\",\"url\":\"https:\\\/\\\/www.mexicanguitarplayers.com\\\/tienda\\\/sin categor\u00eda\\\/bocina-eighteen-sound-8-8m400f-8\\\/\",\"name\":\"BOCINA EIGHTEEN SOUND 8 8M400F\\\/8 - Mexican Guitar Players\",\"isPartOf\":{\"@id\":\"https:\\\/\\\/www.mexicanguitarplayers.com\\\/#website\"},\"primaryImageOfPage\":{\"@id\":\"https:\\\/\\\/www.mexicanguitarplayers.com\\\/tienda\\\/sin categor\u00eda\\\/bocina-eighteen-sound-8-8m400f-8\\\/#primaryimage\"},\"image\":{\"@id\":\"https:\\\/\\\/www.mexicanguitarplayers.com\\\/tienda\\\/sin categor\u00eda\\\/bocina-eighteen-sound-8-8m400f-8\\\/#primaryimage\"},\"thumbnailUrl\":\"https:\\\/\\\/www.mexicanguitarplayers.com\\\/wp-content\\\/uploads\\\/2025\\\/04\\\/IAEIG8M400F8.jpg\",\"datePublished\":\"2025-04-09T15:03:55+00:00\",\"dateModified\":\"2026-02-06T16:14:59+00:00\",\"description\":\"Bocina de 8\u201d pulgadas, im\u00e1n de ferrita, disipaci\u00f3n mejorada de calor a trav\u00e9s del dise\u00f1o \u00fanico de la canasta, anillo de cobre para linealizar la curva de impedancia, ideal para aplicaciones de midrange de alta calidad, impedancia: 8 ohms, potencia AES: 250 W, programa: 320 W, pico: 650W, sensibilidad: 100.5 dB, rango de frecuencia: 120 - 6,100 Hz, bobina m\u00f3vil de aluminio de 2\u201d pulgadas (51 mm), peso: 4.5 kg.\",\"breadcrumb\":{\"@id\":\"https:\\\/\\\/www.mexicanguitarplayers.com\\\/tienda\\\/sin categor\u00eda\\\/bocina-eighteen-sound-8-8m400f-8\\\/#breadcrumb\"},\"inLanguage\":\"en-US\",\"potentialAction\":[{\"@type\":\"ReadAction\",\"target\":[\"https:\\\/\\\/www.mexicanguitarplayers.com\\\/tienda\\\/sin categor\u00eda\\\/bocina-eighteen-sound-8-8m400f-8\\\/\"]}]},{\"@type\":\"ImageObject\",\"inLanguage\":\"en-US\",\"@id\":\"https:\\\/\\\/www.mexicanguitarplayers.com\\\/tienda\\\/sin categor\u00eda\\\/bocina-eighteen-sound-8-8m400f-8\\\/#primaryimage\",\"url\":\"https:\\\/\\\/www.mexicanguitarplayers.com\\\/wp-content\\\/uploads\\\/2025\\\/04\\\/IAEIG8M400F8.jpg\",\"contentUrl\":\"https:\\\/\\\/www.mexicanguitarplayers.com\\\/wp-content\\\/uploads\\\/2025\\\/04\\\/IAEIG8M400F8.jpg\",\"width\":1200,\"height\":1200},{\"@type\":\"BreadcrumbList\",\"@id\":\"https:\\\/\\\/www.mexicanguitarplayers.com\\\/tienda\\\/sin categor\u00eda\\\/bocina-eighteen-sound-8-8m400f-8\\\/#breadcrumb\",\"itemListElement\":[{\"@type\":\"ListItem\",\"position\":1,\"name\":\"Portada\",\"item\":\"https:\\\/\\\/www.mexicanguitarplayers.com\\\/\"},{\"@type\":\"ListItem\",\"position\":2,\"name\":\"Tienda\",\"item\":\"https:\\\/\\\/www.mexicanguitarplayers.com\\\/tienda\\\/\"},{\"@type\":\"ListItem\",\"position\":3,\"name\":\"BOCINA EIGHTEEN SOUND 8 8M400F\\\/8\"}]},{\"@type\":\"WebSite\",\"@id\":\"https:\\\/\\\/www.mexicanguitarplayers.com\\\/#website\",\"url\":\"https:\\\/\\\/www.mexicanguitarplayers.com\\\/\",\"name\":\"Mexican Guitar Players\",\"description\":\"Website\",\"publisher\":{\"@id\":\"https:\\\/\\\/www.mexicanguitarplayers.com\\\/#organization\"},\"potentialAction\":[{\"@type\":\"SearchAction\",\"target\":{\"@type\":\"EntryPoint\",\"urlTemplate\":\"https:\\\/\\\/www.mexicanguitarplayers.com\\\/?s={search_term_string}\"},\"query-input\":{\"@type\":\"PropertyValueSpecification\",\"valueRequired\":true,\"valueName\":\"search_term_string\"}}],\"inLanguage\":\"en-US\"},{\"@type\":\"Organization\",\"@id\":\"https:\\\/\\\/www.mexicanguitarplayers.com\\\/#organization\",\"name\":\"Mexican Guitar Players\",\"url\":\"https:\\\/\\\/www.mexicanguitarplayers.com\\\/\",\"logo\":{\"@type\":\"ImageObject\",\"inLanguage\":\"en-US\",\"@id\":\"https:\\\/\\\/www.mexicanguitarplayers.com\\\/#\\\/schema\\\/logo\\\/image\\\/\",\"url\":\"\",\"contentUrl\":\"\",\"caption\":\"Mexican Guitar Players\"},\"image\":{\"@id\":\"https:\\\/\\\/www.mexicanguitarplayers.com\\\/#\\\/schema\\\/logo\\\/image\\\/\"}}]}<\/script>\n<!-- \/ Yoast SEO plugin. -->","yoast_head_json":{"title":"BOCINA EIGHTEEN SOUND 8 8M400F\/8 - Mexican Guitar Players","description":"Bocina de 8\u201d pulgadas, im\u00e1n de ferrita, disipaci\u00f3n mejorada de calor a trav\u00e9s del dise\u00f1o \u00fanico de la canasta, anillo de cobre para linealizar la curva de impedancia, ideal para aplicaciones de midrange de alta calidad, impedancia: 8 ohms, potencia AES: 250 W, programa: 320 W, pico: 650W, sensibilidad: 100.5 dB, rango de frecuencia: 120 - 6,100 Hz, bobina m\u00f3vil de aluminio de 2\u201d pulgadas (51 mm), peso: 4.5 kg.","robots":{"index":"index","follow":"follow","max-snippet":"max-snippet:-1","max-image-preview":"max-image-preview:large","max-video-preview":"max-video-preview:-1"},"canonical":"https:\/\/www.mexicanguitarplayers.com\/en\/tienda\/sin categor\u00eda\/bocina-eighteen-sound-8-8m400f-8\/","og_locale":"en_US","og_type":"article","og_title":"BOCINA EIGHTEEN SOUND 8 8M400F\/8 - Mexican Guitar Players","og_description":"Bocina de 8\u201d pulgadas, im\u00e1n de ferrita, disipaci\u00f3n mejorada de calor a trav\u00e9s del dise\u00f1o \u00fanico de la canasta, anillo de cobre para linealizar la curva de impedancia, ideal para aplicaciones de midrange de alta calidad, impedancia: 8 ohms, potencia AES: 250 W, programa: 320 W, pico: 650W, sensibilidad: 100.5 dB, rango de frecuencia: 120 - 6,100 Hz, bobina m\u00f3vil de aluminio de 2\u201d pulgadas (51 mm), peso: 4.5 kg.","og_url":"https:\/\/www.mexicanguitarplayers.com\/en\/tienda\/sin categor\u00eda\/bocina-eighteen-sound-8-8m400f-8\/","og_site_name":"Mexican Guitar Players","article_modified_time":"2026-02-06T16:14:59+00:00","twitter_card":"summary_large_image","twitter_misc":{"Est. reading time":"3 minutes"},"schema":{"@context":"https:\/\/schema.org","@graph":[{"@type":["WebPage","ItemPage"],"@id":"https:\/\/www.mexicanguitarplayers.com\/tienda\/sin categor\u00eda\/bocina-eighteen-sound-8-8m400f-8\/","url":"https:\/\/www.mexicanguitarplayers.com\/tienda\/sin categor\u00eda\/bocina-eighteen-sound-8-8m400f-8\/","name":"BOCINA EIGHTEEN SOUND 8 8M400F\/8 - Mexican Guitar Players","isPartOf":{"@id":"https:\/\/www.mexicanguitarplayers.com\/#website"},"primaryImageOfPage":{"@id":"https:\/\/www.mexicanguitarplayers.com\/tienda\/sin categor\u00eda\/bocina-eighteen-sound-8-8m400f-8\/#primaryimage"},"image":{"@id":"https:\/\/www.mexicanguitarplayers.com\/tienda\/sin categor\u00eda\/bocina-eighteen-sound-8-8m400f-8\/#primaryimage"},"thumbnailUrl":"https:\/\/www.mexicanguitarplayers.com\/wp-content\/uploads\/2025\/04\/IAEIG8M400F8.jpg","datePublished":"2025-04-09T15:03:55+00:00","dateModified":"2026-02-06T16:14:59+00:00","description":"Bocina de 8\u201d pulgadas, im\u00e1n de ferrita, disipaci\u00f3n mejorada de calor a trav\u00e9s del dise\u00f1o \u00fanico de la canasta, anillo de cobre para linealizar la curva de impedancia, ideal para aplicaciones de midrange de alta calidad, impedancia: 8 ohms, potencia AES: 250 W, programa: 320 W, pico: 650W, sensibilidad: 100.5 dB, rango de frecuencia: 120 - 6,100 Hz, bobina m\u00f3vil de aluminio de 2\u201d pulgadas (51 mm), peso: 4.5 kg.","breadcrumb":{"@id":"https:\/\/www.mexicanguitarplayers.com\/tienda\/sin categor\u00eda\/bocina-eighteen-sound-8-8m400f-8\/#breadcrumb"},"inLanguage":"en-US","potentialAction":[{"@type":"ReadAction","target":["https:\/\/www.mexicanguitarplayers.com\/tienda\/sin categor\u00eda\/bocina-eighteen-sound-8-8m400f-8\/"]}]},{"@type":"ImageObject","inLanguage":"en-US","@id":"https:\/\/www.mexicanguitarplayers.com\/tienda\/sin categor\u00eda\/bocina-eighteen-sound-8-8m400f-8\/#primaryimage","url":"https:\/\/www.mexicanguitarplayers.com\/wp-content\/uploads\/2025\/04\/IAEIG8M400F8.jpg","contentUrl":"https:\/\/www.mexicanguitarplayers.com\/wp-content\/uploads\/2025\/04\/IAEIG8M400F8.jpg","width":1200,"height":1200},{"@type":"BreadcrumbList","@id":"https:\/\/www.mexicanguitarplayers.com\/tienda\/sin categor\u00eda\/bocina-eighteen-sound-8-8m400f-8\/#breadcrumb","itemListElement":[{"@type":"ListItem","position":1,"name":"Portada","item":"https:\/\/www.mexicanguitarplayers.com\/"},{"@type":"ListItem","position":2,"name":"Tienda","item":"https:\/\/www.mexicanguitarplayers.com\/tienda\/"},{"@type":"ListItem","position":3,"name":"BOCINA EIGHTEEN SOUND 8 8M400F\/8"}]},{"@type":"WebSite","@id":"https:\/\/www.mexicanguitarplayers.com\/#website","url":"https:\/\/www.mexicanguitarplayers.com\/","name":"Mexican Guitar Players","description":"Website","publisher":{"@id":"https:\/\/www.mexicanguitarplayers.com\/#organization"},"potentialAction":[{"@type":"SearchAction","target":{"@type":"EntryPoint","urlTemplate":"https:\/\/www.mexicanguitarplayers.com\/?s={search_term_string}"},"query-input":{"@type":"PropertyValueSpecification","valueRequired":true,"valueName":"search_term_string"}}],"inLanguage":"en-US"},{"@type":"Organization","@id":"https:\/\/www.mexicanguitarplayers.com\/#organization","name":"Mexican Guitar Players","url":"https:\/\/www.mexicanguitarplayers.com\/","logo":{"@type":"ImageObject","inLanguage":"en-US","@id":"https:\/\/www.mexicanguitarplayers.com\/#\/schema\/logo\/image\/","url":"","contentUrl":"","caption":"Mexican Guitar Players"},"image":{"@id":"https:\/\/www.mexicanguitarplayers.com\/#\/schema\/logo\/image\/"}}]}},"brands":[{"id":533,"name":"EIGHTEEN SOUND","slug":"eighteen-sound"}],"_links":{"self":[{"href":"https:\/\/www.mexicanguitarplayers.com\/en\/wp-json\/wp\/v2\/product\/41953","targetHints":{"allow":["GET"]}}],"collection":[{"href":"https:\/\/www.mexicanguitarplayers.com\/en\/wp-json\/wp\/v2\/product"}],"about":[{"href":"https:\/\/www.mexicanguitarplayers.com\/en\/wp-json\/wp\/v2\/types\/product"}],"replies":[{"embeddable":true,"href":"https:\/\/www.mexicanguitarplayers.com\/en\/wp-json\/wp\/v2\/comments?post=41953"}],"wp:featuredmedia":[{"embeddable":true,"href":"https:\/\/www.mexicanguitarplayers.com\/en\/wp-json\/wp\/v2\/media\/41948"}],"wp:attachment":[{"href":"https:\/\/www.mexicanguitarplayers.com\/en\/wp-json\/wp\/v2\/media?parent=41953"}],"wp:term":[{"taxonomy":"pwb-brand","embeddable":true,"href":"https:\/\/www.mexicanguitarplayers.com\/en\/wp-json\/wp\/v2\/pwb-brand?post=41953"},{"taxonomy":"product_brand","embeddable":true,"href":"https:\/\/www.mexicanguitarplayers.com\/en\/wp-json\/wp\/v2\/product_brand?post=41953"},{"taxonomy":"product_cat","embeddable":true,"href":"https:\/\/www.mexicanguitarplayers.com\/en\/wp-json\/wp\/v2\/product_cat?post=41953"},{"taxonomy":"product_tag","embeddable":true,"href":"https:\/\/www.mexicanguitarplayers.com\/en\/wp-json\/wp\/v2\/product_tag?post=41953"}],"curies":[{"name":"wp","href":"https:\/\/api.w.org\/{rel}","templated":true}]}}