{"id":41973,"date":"2025-04-09T09:04:34","date_gmt":"2025-04-09T15:04:34","guid":{"rendered":"https:\/\/www.mexicanguitarplayers.com\/tienda\/sin categor\u00eda\/bocina-eighteen-sound-15-15lw1401-8\/"},"modified":"2026-01-14T04:16:08","modified_gmt":"2026-01-14T10:16:08","slug":"bocina-eighteen-sound-15-15lw1401-8","status":"publish","type":"product","link":"https:\/\/www.mexicanguitarplayers.com\/en\/tienda\/audio\/bafles-y-bocinas\/bocinas-y-componentes\/graves\/bocina-eighteen-sound-15-15lw1401-8\/","title":{"rendered":"BOCINA EIGHTEEN SOUND 15  15LW1401\/8"},"content":{"rendered":"<div style=\"text-align: justify\">\n<div>\n<h3>El perfecto control de tu sonido.<\/h3>\n<\/div>\n<div>El 15LW1401 es un altavoz de baja frecuencia que establece un est\u00e1ndar de la industria en transductores de alto rendimiento de 15&#8243; pulgadas (380 mm). Este transductor ha sido dise\u00f1ado para usarse como low-bass o componente de subwoofer, ya sea en una configuraci\u00f3n reflex compacta, bandpass u horn loaded. Proporciona reproducci\u00f3n de baja frecuencia limpia, lineal y sin distorsiones a muy altos niveles de potencia, como parte de un sistema de alta potencia de alta gama. En su configuraci\u00f3n reflex, puede ser utilizado en recintos extremadamente compactos (65 &#8211; 130 lt), ideal para aplicaciones de touring, incluyendo sistemas de refuerzo para conciertos en interiores y exteriores. Las altas capacidades de excursi\u00f3n del sistema de sonido envolvente y de suspensi\u00f3n, en conjunto con el DSS (Double Silicon Spider) de Eighteen Sound, permiten a la bocina 15LW1401 lograr altos niveles de recorrido lineal y mantener el control total de la masa en movimiento. El cono de ambos lados rectos de fibra de carbono reforzado, asegura una respuesta suave y una fuerza excepcional, con la m\u00e1xima fiabilidad bajo alta tensi\u00f3n mec\u00e1nica. La bobina m\u00f3vil de cobre de 100 mm de di\u00e1metro emplea la tecnolog\u00eda de bobina m\u00f3vil Interleaved Sandwich (ISV) en el que un embobinador de fibra de vidrio de alta resistencia lleva devanados tanto en la superficie interior como en la exterior para lograr una bobina de masa equilibrada. El peso de los devanados se distribuye uniformemente proporcionando una unidad matriz uniforme. Esto, en conjunto con el uso de adhesivos de resina de alta temperatura de \u00faltima generaci\u00f3n resulta en un conjunto de motor extremadamente lineal. La ya baja distorsi\u00f3n y la calidad de sonido de este altavoz se ha mejorado a\u00fan m\u00e1s, debido a los anillos de doble demodulaci\u00f3n (DDR), dise\u00f1ados para reducir dr\u00e1sticamente la intermodulaci\u00f3n y la distorsi\u00f3n arm\u00f3nica, mientras se mejora la respuesta transitoria. Se ha logrado una excelente disipaci\u00f3n de calor incorporando canales de aire entre la canasta y la placa superior del im\u00e1n. Ventilaci\u00f3n adicional se proporciona usando ventilas de aire en la placa posterior que dirigen aire en la parte inferior de la brecha de la bobina m\u00f3vil. Una concentraci\u00f3n m\u00e1xima de flujo y factor de fuerza est\u00e1 asegurada por la forma \u00fanica y el dise\u00f1o de las placas superior y posterior, investigado y dise\u00f1ado utilizando el recurso CAD FEA de flujo magn\u00e9tico. La capacidad del altavoz 15LW1401 para desempe\u00f1arse adecuadamente en condiciones clim\u00e1ticas adversas se ha logrado utilizando un tratamiento exclusivo de cono que mejora la resistencia de la pulpa, lo que le confiere propiedades repelentes al agua a ambos lados del cono. Adem\u00e1s, se ha aplicado un tratamiento especial tanto en la placa superior como en la posterior, que es mucho m\u00e1s resistente a los efectos corrosivos de las sales y la oxidaci\u00f3n que cualquier otro en uso hoy en d\u00eda.<\/div>\n<div>\n<h4>Quick look<\/h4>\n<\/div>\n<ul style=\"margin: 0px 0px 0px 25px\">\n<li style=\"list-style-type: circle;margin: 5px\">Di\u00e1metro nominal.<\/li>\n<li style=\"list-style-type: circle;margin: 5px\">Nominal impedance.<\/li>\n<li style=\"list-style-type: circle;margin: 5px\">Power.<\/li>\n<li style=\"list-style-type: circle;margin: 5px\">Sensitivity.<\/li>\n<li style=\"list-style-type: circle;margin: 5px\">Rango de frecuencia.<\/li>\n<li style=\"list-style-type: circle;margin: 5px\">Compresi\u00f3n.<\/li>\n<li style=\"list-style-type: circle;margin: 5px\">Frecuencia m\u00e1xima recomendada.<\/li>\n<li style=\"list-style-type: circle;margin: 5px\">Volumen recomendado del gabinete.<\/li>\n<li style=\"list-style-type: circle;margin: 5px\">Impedancia m\u00ednima.<\/li>\n<li style=\"list-style-type: circle;margin: 5px\">Excursi\u00f3n m\u00e1xima pico a pico.<\/li>\n<li style=\"list-style-type: circle;margin: 5px\">Di\u00e1metro de la bobina m\u00f3vil.<\/li>\n<li style=\"list-style-type: circle;margin: 5px\">Material de la bobina m\u00f3vil.<\/li>\n<li style=\"list-style-type: circle;margin: 5px\">Suspensi\u00f3n.<\/li>\n<li style=\"list-style-type: circle;margin: 5px\">Cono.<\/li>\n<li style=\"list-style-type: circle;margin: 5px\">FS (Frecuencia de resonancia).<\/li>\n<li style=\"list-style-type: circle;margin: 5px\">Resistencia DC.<\/li>\n<li style=\"list-style-type: circle;margin: 5px\">SD (Superficie efectiva).<\/li>\n<li style=\"list-style-type: circle;margin: 5px\">QMS (Factor de calidad mec\u00e1nica).<\/li>\n<li style=\"list-style-type: circle;margin: 5px\">QES (Factor de calidad el\u00e9ctrica).<\/li>\n<li style=\"list-style-type: circle;margin: 5px\">QTS (Factor de calidad total).<\/li>\n<li style=\"list-style-type: circle;margin: 5px\">VAS (Volumen de aire equivalente a CMS).<\/li>\n<li style=\"list-style-type: circle;margin: 5px\">MMS (Masa total del cono).<\/li>\n<li style=\"list-style-type: circle;margin: 5px\">Factor BL <\/li>\n<li style=\"list-style-type: circle;margin: 5px\">XMAX (Desplazamiento m\u00e1ximo).<\/li>\n<li style=\"list-style-type: circle;margin: 5px\">Inductancia de la bobina m\u00f3vil (Le @ 1kHz).<\/li>\n<li style=\"list-style-type: circle;margin: 5px\">Referencia de eficiencia 1W\/1m (espacio medio).<\/li>\n<li style=\"list-style-type: circle;margin: 5px\">Di\u00e1metro total.<\/li>\n<li style=\"list-style-type: circle;margin: 5px\">Numero de agujeros de montaje y tornillo.<\/li>\n<li style=\"list-style-type: circle;margin: 5px\">Di\u00e1metro de los agujeros de montaje.<\/li>\n<li style=\"list-style-type: circle;margin: 5px\">Di\u00e1metro del c\u00edrculo del perno.<\/li>\n<li style=\"list-style-type: circle;margin: 5px\">Corte de montaje frontal del bafle.<\/li>\n<li style=\"list-style-type: circle;margin: 5px\">Corte de montaje posterior del bafle.<\/li>\n<li style=\"list-style-type: circle;margin: 5px\">Profundidad total.<\/li>\n<li style=\"list-style-type: circle;margin: 5px\">Espesor de  brida y junta.<\/li>\n<li style=\"list-style-type: circle;margin: 5px\">Weight.<\/li>\n<\/ul>\n<div>\n<div style=\"font-weight: bold\">Di\u00e1metro nominal.<\/div>\n<div>\n<p>15\u201d pulgadas (380 mm).<\/p>\n<\/div>\n<div style=\"font-weight: bold\">Nominal impedance.<\/div>\n<div>\n<p>8 ohms.<\/p>\n<\/div>\n<div style=\"font-weight: bold\">Power.<\/div>\n<div>\n<p>AES: 1,000 W. Programa: 1,400 W. Pico: 7,000 W.<\/p>\n<\/div>\n<div style=\"font-weight: bold\">Sensitivity.<\/div>\n<div>\n<p>98 dB.<\/p>\n<\/div>\n<div style=\"font-weight: bold\">Rango de frecuencia.<\/div>\n<div>\n<p>40 &#8211; 2,400 Hz.<\/p>\n<\/div>\n<div style=\"font-weight: bold\">Compresi\u00f3n.<\/div>\n<div>\n<p>A -10 dB: 0.8 dB. A -3 dB: 2.1 dB. A potencia total: 3.0 dB.<\/p>\n<\/div>\n<div style=\"font-weight: bold\">Frecuencia m\u00e1xima recomendada.<\/div>\n<div>\n<p>800 Hz.<\/p>\n<\/div>\n<div style=\"font-weight: bold\">Volumen recomendado del gabinete.<\/div>\n<div>\n<p>70 &#8211; 150 lt. (2.47 &#8211; 5.30 pies c\u00fabicos).<\/p>\n<\/div>\n<div style=\"font-weight: bold\">Impedancia m\u00ednima.<\/div>\n<div>\n<p>6.7 ohms a 25\u00b0C.<\/p>\n<\/div>\n<div style=\"font-weight: bold\">Excursi\u00f3n m\u00e1xima pico a pico.<\/div>\n<div>\n<p>1.53\u201d pulgadas (38 mm).<\/p>\n<\/div>\n<div style=\"font-weight: bold\">Di\u00e1metro de la bobina m\u00f3vil.<\/div>\n<div>\n<p>4\u201d pulgadas (100 mm).<\/p>\n<\/div>\n<div style=\"font-weight: bold\">Material de la bobina m\u00f3vil.<\/div>\n<div>\n<p>Cobre.<\/p>\n<\/div>\n<div style=\"font-weight: bold\">Suspensi\u00f3n.<\/div>\n<div>\n<p>Triple rollo, poli algod\u00f3n.<\/p>\n<\/div>\n<div style=\"font-weight: bold\">Cono.<\/div>\n<div>\n<p>Recto acanalado, papel.<\/p>\n<\/div>\n<div style=\"font-weight: bold\">FS (Frecuencia de resonancia).<\/div>\n<div>\n<p>42 Hz.<\/p>\n<\/div>\n<div style=\"font-weight: bold\">Resistencia DC.<\/div>\n<div>\n<p>5 ohms.<\/p>\n<\/div>\n<div style=\"font-weight: bold\">SD (Superficie efectiva).<\/div>\n<div>\n<p>0.090 sq.mt. (139.5 sq.in.).<\/p>\n<\/div>\n<div style=\"font-weight: bold\">QMS (Factor de calidad mec\u00e1nica).<\/div>\n<div>\n<p>5.36.<\/p>\n<\/div>\n<div style=\"font-weight: bold\">QES (Factor de calidad el\u00e9ctrica).<\/div>\n<div>\n<p>0.28.<\/p>\n<\/div>\n<div style=\"font-weight: bold\">QTS (Factor de calidad total).<\/div>\n<div>\n<p>0.27.<\/p>\n<\/div>\n<div style=\"font-weight: bold\">VAS (Volumen de aire equivalente a CMS).<\/div>\n<div>\n<p>131 lt. (4.63 pies c\u00fabicos).<\/p>\n<\/div>\n<div style=\"font-weight: bold\">MMS (Masa total del cono).<\/div>\n<div>\n<p>125 gr.<\/p>\n<\/div>\n<div style=\"font-weight: bold\">Factor BL <\/div>\n<div>\n<p>24.2 Tm.<\/p>\n<\/div>\n<div style=\"font-weight: bold\">XMAX (Desplazamiento m\u00e1ximo).<\/div>\n<div>\n<p>\u00b1 9 mm (\u00b10.35\u201d pulgadas).<\/p>\n<\/div>\n<div style=\"font-weight: bold\">Inductancia de la bobina m\u00f3vil (Le @ 1kHz).<\/div>\n<div>\n<p>2.15 mH.<\/p>\n<\/div>\n<div style=\"font-weight: bold\">Referencia de eficiencia 1W\/1m (espacio medio).<\/div>\n<div>\n<p>97.4 dB.<\/p>\n<\/div>\n<div style=\"font-weight: bold\">Di\u00e1metro total.<\/div>\n<div>\n<p>15.23\u201d pulgadas (387 mm).<\/p>\n<\/div>\n<div style=\"font-weight: bold\">Numero de agujeros de montaje y tornillo.<\/div>\n<div>\n<p>8.<\/p>\n<\/div>\n<div style=\"font-weight: bold\">Di\u00e1metro de los agujeros de montaje.<\/div>\n<div>\n<p>0.28\u201d pulgadas (7.15 mm).<\/p>\n<\/div>\n<div style=\"font-weight: bold\">Di\u00e1metro del c\u00edrculo del perno.<\/div>\n<div>\n<p>14.55\u201d &#8211; 14.6\u201d pulgadas (370 &#8211; 371 mm).<\/p>\n<\/div>\n<div style=\"font-weight: bold\">Corte de montaje frontal del bafle.<\/div>\n<div>\n<p>\u00d8 13.90\u201d pulgadas (353 mm).<\/p>\n<\/div>\n<div style=\"font-weight: bold\">Corte de montaje posterior del bafle.<\/div>\n<div>\n<p>\u00d8 14.06\u201d pulgadas (357 mm).<\/p>\n<\/div>\n<div style=\"font-weight: bold\">Profundidad total.<\/div>\n<div>\n<p>6.43\u201d pulgadas (163.4 mm).<\/p>\n<\/div>\n<div style=\"font-weight: bold\">Espesor de  brida y junta.<\/div>\n<div>\n<p>0.76\u201d pulgadas (19.5 mm).<\/p>\n<\/div>\n<div style=\"font-weight: bold\">Weight.<\/div>\n<div>\n<p>12.4 kg.<\/p>\n<\/div>\n<\/div>\n<\/div>","protected":false},"excerpt":{"rendered":"<p>Bocina de 15\u201d pulgadas, im\u00e1n de ferrita, cono de celulosa reforzado con fibra de carbono, Double Silicon Spider (DSS) para mejorar el control de la excursi\u00f3n y la linealidad, anillos de doble demodulaci\u00f3n (DDR) para una menor distorsi\u00f3n, disipaci\u00f3n de calor mejorada a trav\u00e9s del dise\u00f1o \u00fanico de canasta, conos y platos protegidos contra la intemperie para uso en exteriores, adecuado para aplicaciones de graves o subwoofer, impedancia: 8 ohms, potencia AES: 1,000 W, programa: 1,400 W, pico: 7,000 W, sensibilidad: 98 dB, rango de frecuencia: 40 &#8211; 2,400 Hz, bobina m\u00f3vil de cobre de 4\u201d pulgadas (100 mm), peso: 12.4 kg.&hellip; <a class=\"kt-excerpt-readmore more-link\" href=\"https:\/\/www.mexicanguitarplayers.com\/en\/tienda\/audio\/bafles-y-bocinas\/bocinas-y-componentes\/graves\/bocina-eighteen-sound-15-15lw1401-8\/\">Read more<\/a><\/p>","protected":false},"featured_media":41968,"comment_status":"open","ping_status":"closed","template":"","meta":{"kt_blocks_editor_width":""},"pwb-brand":[533],"product_brand":[],"product_cat":[213,221,474,529],"product_tag":[],"class_list":{"0":"post-41973","1":"product","2":"type-product","3":"status-publish","4":"has-post-thumbnail","6":"pwb-brand-eighteen-sound","7":"product_cat-audio","8":"product_cat-bafles-y-bocinas","9":"product_cat-bocinas-y-componentes","10":"product_cat-graves","11":"product_shipping_class-10-15-kg","13":"first","14":"instock","15":"taxable","16":"shipping-taxable","17":"purchasable","18":"product-type-simple"},"yoast_head":"<!-- This site is optimized with the Yoast SEO plugin v27.3 - https:\/\/yoast.com\/product\/yoast-seo-wordpress\/ -->\n<title>BOCINA EIGHTEEN SOUND 15 15LW1401\/8 - Mexican Guitar Players<\/title>\n<meta name=\"description\" content=\"Bocina de 15\u201d pulgadas, im\u00e1n de ferrita, cono de celulosa reforzado con fibra de carbono, Double Silicon Spider (DSS) para mejorar el control de la excursi\u00f3n y la linealidad, anillos de doble demodulaci\u00f3n (DDR) para una menor distorsi\u00f3n, disipaci\u00f3n de calor mejorada a trav\u00e9s del dise\u00f1o \u00fanico de canasta, conos y platos protegidos contra la intemperie para uso en exteriores, adecuado para aplicaciones de graves o subwoofer, impedancia: 8 ohms, potencia AES: 1,000 W, programa: 1,400 W, pico: 7,000 W, sensibilidad: 98 dB, rango de frecuencia: 40 - 2,400 Hz, bobina m\u00f3vil de cobre de 4\u201d pulgadas (100 mm), peso: 12.4 kg.\" \/>\n<meta name=\"robots\" content=\"index, follow, max-snippet:-1, max-image-preview:large, max-video-preview:-1\" \/>\n<link rel=\"canonical\" href=\"https:\/\/www.mexicanguitarplayers.com\/en\/tienda\/sin%20categor\u00eda\/bocina-eighteen-sound-15-15lw1401-8\/\" \/>\n<meta property=\"og:locale\" content=\"en_US\" \/>\n<meta property=\"og:type\" content=\"article\" \/>\n<meta property=\"og:title\" content=\"BOCINA EIGHTEEN SOUND 15 15LW1401\/8 - Mexican Guitar Players\" \/>\n<meta property=\"og:description\" content=\"Bocina de 15\u201d pulgadas, im\u00e1n de ferrita, cono de celulosa reforzado con fibra de carbono, Double Silicon Spider (DSS) para mejorar el control de la excursi\u00f3n y la linealidad, anillos de doble demodulaci\u00f3n (DDR) para una menor distorsi\u00f3n, disipaci\u00f3n de calor mejorada a trav\u00e9s del dise\u00f1o \u00fanico de canasta, conos y platos protegidos contra la intemperie para uso en exteriores, adecuado para aplicaciones de graves o subwoofer, impedancia: 8 ohms, potencia AES: 1,000 W, programa: 1,400 W, pico: 7,000 W, sensibilidad: 98 dB, rango de frecuencia: 40 - 2,400 Hz, bobina m\u00f3vil de cobre de 4\u201d pulgadas (100 mm), peso: 12.4 kg.\" \/>\n<meta property=\"og:url\" content=\"https:\/\/www.mexicanguitarplayers.com\/en\/tienda\/sin categor\u00eda\/bocina-eighteen-sound-15-15lw1401-8\/\" \/>\n<meta property=\"og:site_name\" content=\"Mexican Guitar Players\" \/>\n<meta property=\"article:modified_time\" content=\"2026-01-14T10:16:08+00:00\" \/>\n<meta name=\"twitter:card\" content=\"summary_large_image\" \/>\n<meta name=\"twitter:label1\" content=\"Est. reading time\" \/>\n\t<meta name=\"twitter:data1\" content=\"4 minutes\" \/>\n<script type=\"application\/ld+json\" class=\"yoast-schema-graph\">{\"@context\":\"https:\\\/\\\/schema.org\",\"@graph\":[{\"@type\":[\"WebPage\",\"ItemPage\"],\"@id\":\"https:\\\/\\\/www.mexicanguitarplayers.com\\\/tienda\\\/sin categor\u00eda\\\/bocina-eighteen-sound-15-15lw1401-8\\\/\",\"url\":\"https:\\\/\\\/www.mexicanguitarplayers.com\\\/tienda\\\/sin categor\u00eda\\\/bocina-eighteen-sound-15-15lw1401-8\\\/\",\"name\":\"BOCINA EIGHTEEN SOUND 15 15LW1401\\\/8 - Mexican Guitar Players\",\"isPartOf\":{\"@id\":\"https:\\\/\\\/www.mexicanguitarplayers.com\\\/#website\"},\"primaryImageOfPage\":{\"@id\":\"https:\\\/\\\/www.mexicanguitarplayers.com\\\/tienda\\\/sin categor\u00eda\\\/bocina-eighteen-sound-15-15lw1401-8\\\/#primaryimage\"},\"image\":{\"@id\":\"https:\\\/\\\/www.mexicanguitarplayers.com\\\/tienda\\\/sin categor\u00eda\\\/bocina-eighteen-sound-15-15lw1401-8\\\/#primaryimage\"},\"thumbnailUrl\":\"https:\\\/\\\/www.mexicanguitarplayers.com\\\/wp-content\\\/uploads\\\/2025\\\/04\\\/IAEIG15LW14018.jpg\",\"datePublished\":\"2025-04-09T15:04:34+00:00\",\"dateModified\":\"2026-01-14T10:16:08+00:00\",\"description\":\"Bocina de 15\u201d pulgadas, im\u00e1n de ferrita, cono de celulosa reforzado con fibra de carbono, Double Silicon Spider (DSS) para mejorar el control de la excursi\u00f3n y la linealidad, anillos de doble demodulaci\u00f3n (DDR) para una menor distorsi\u00f3n, disipaci\u00f3n de calor mejorada a trav\u00e9s del dise\u00f1o \u00fanico de canasta, conos y platos protegidos contra la intemperie para uso en exteriores, adecuado para aplicaciones de graves o subwoofer, impedancia: 8 ohms, potencia AES: 1,000 W, programa: 1,400 W, pico: 7,000 W, sensibilidad: 98 dB, rango de frecuencia: 40 - 2,400 Hz, bobina m\u00f3vil de cobre de 4\u201d pulgadas (100 mm), peso: 12.4 kg.\",\"breadcrumb\":{\"@id\":\"https:\\\/\\\/www.mexicanguitarplayers.com\\\/tienda\\\/sin categor\u00eda\\\/bocina-eighteen-sound-15-15lw1401-8\\\/#breadcrumb\"},\"inLanguage\":\"en-US\",\"potentialAction\":[{\"@type\":\"ReadAction\",\"target\":[\"https:\\\/\\\/www.mexicanguitarplayers.com\\\/tienda\\\/sin categor\u00eda\\\/bocina-eighteen-sound-15-15lw1401-8\\\/\"]}]},{\"@type\":\"ImageObject\",\"inLanguage\":\"en-US\",\"@id\":\"https:\\\/\\\/www.mexicanguitarplayers.com\\\/tienda\\\/sin categor\u00eda\\\/bocina-eighteen-sound-15-15lw1401-8\\\/#primaryimage\",\"url\":\"https:\\\/\\\/www.mexicanguitarplayers.com\\\/wp-content\\\/uploads\\\/2025\\\/04\\\/IAEIG15LW14018.jpg\",\"contentUrl\":\"https:\\\/\\\/www.mexicanguitarplayers.com\\\/wp-content\\\/uploads\\\/2025\\\/04\\\/IAEIG15LW14018.jpg\",\"width\":1200,\"height\":1200},{\"@type\":\"BreadcrumbList\",\"@id\":\"https:\\\/\\\/www.mexicanguitarplayers.com\\\/tienda\\\/sin categor\u00eda\\\/bocina-eighteen-sound-15-15lw1401-8\\\/#breadcrumb\",\"itemListElement\":[{\"@type\":\"ListItem\",\"position\":1,\"name\":\"Portada\",\"item\":\"https:\\\/\\\/www.mexicanguitarplayers.com\\\/\"},{\"@type\":\"ListItem\",\"position\":2,\"name\":\"Tienda\",\"item\":\"https:\\\/\\\/www.mexicanguitarplayers.com\\\/tienda\\\/\"},{\"@type\":\"ListItem\",\"position\":3,\"name\":\"BOCINA EIGHTEEN SOUND 15 15LW1401\\\/8\"}]},{\"@type\":\"WebSite\",\"@id\":\"https:\\\/\\\/www.mexicanguitarplayers.com\\\/#website\",\"url\":\"https:\\\/\\\/www.mexicanguitarplayers.com\\\/\",\"name\":\"Mexican Guitar Players\",\"description\":\"Website\",\"publisher\":{\"@id\":\"https:\\\/\\\/www.mexicanguitarplayers.com\\\/#organization\"},\"potentialAction\":[{\"@type\":\"SearchAction\",\"target\":{\"@type\":\"EntryPoint\",\"urlTemplate\":\"https:\\\/\\\/www.mexicanguitarplayers.com\\\/?s={search_term_string}\"},\"query-input\":{\"@type\":\"PropertyValueSpecification\",\"valueRequired\":true,\"valueName\":\"search_term_string\"}}],\"inLanguage\":\"en-US\"},{\"@type\":\"Organization\",\"@id\":\"https:\\\/\\\/www.mexicanguitarplayers.com\\\/#organization\",\"name\":\"Mexican Guitar Players\",\"url\":\"https:\\\/\\\/www.mexicanguitarplayers.com\\\/\",\"logo\":{\"@type\":\"ImageObject\",\"inLanguage\":\"en-US\",\"@id\":\"https:\\\/\\\/www.mexicanguitarplayers.com\\\/#\\\/schema\\\/logo\\\/image\\\/\",\"url\":\"\",\"contentUrl\":\"\",\"caption\":\"Mexican Guitar Players\"},\"image\":{\"@id\":\"https:\\\/\\\/www.mexicanguitarplayers.com\\\/#\\\/schema\\\/logo\\\/image\\\/\"}}]}<\/script>\n<!-- \/ Yoast SEO plugin. -->","yoast_head_json":{"title":"BOCINA EIGHTEEN SOUND 15 15LW1401\/8 - Mexican Guitar Players","description":"Bocina de 15\u201d pulgadas, im\u00e1n de ferrita, cono de celulosa reforzado con fibra de carbono, Double Silicon Spider (DSS) para mejorar el control de la excursi\u00f3n y la linealidad, anillos de doble demodulaci\u00f3n (DDR) para una menor distorsi\u00f3n, disipaci\u00f3n de calor mejorada a trav\u00e9s del dise\u00f1o \u00fanico de canasta, conos y platos protegidos contra la intemperie para uso en exteriores, adecuado para aplicaciones de graves o subwoofer, impedancia: 8 ohms, potencia AES: 1,000 W, programa: 1,400 W, pico: 7,000 W, sensibilidad: 98 dB, rango de frecuencia: 40 - 2,400 Hz, bobina m\u00f3vil de cobre de 4\u201d pulgadas (100 mm), peso: 12.4 kg.","robots":{"index":"index","follow":"follow","max-snippet":"max-snippet:-1","max-image-preview":"max-image-preview:large","max-video-preview":"max-video-preview:-1"},"canonical":"https:\/\/www.mexicanguitarplayers.com\/en\/tienda\/sin categor\u00eda\/bocina-eighteen-sound-15-15lw1401-8\/","og_locale":"en_US","og_type":"article","og_title":"BOCINA EIGHTEEN SOUND 15 15LW1401\/8 - Mexican Guitar Players","og_description":"Bocina de 15\u201d pulgadas, im\u00e1n de ferrita, cono de celulosa reforzado con fibra de carbono, Double Silicon Spider (DSS) para mejorar el control de la excursi\u00f3n y la linealidad, anillos de doble demodulaci\u00f3n (DDR) para una menor distorsi\u00f3n, disipaci\u00f3n de calor mejorada a trav\u00e9s del dise\u00f1o \u00fanico de canasta, conos y platos protegidos contra la intemperie para uso en exteriores, adecuado para aplicaciones de graves o subwoofer, impedancia: 8 ohms, potencia AES: 1,000 W, programa: 1,400 W, pico: 7,000 W, sensibilidad: 98 dB, rango de frecuencia: 40 - 2,400 Hz, bobina m\u00f3vil de cobre de 4\u201d pulgadas (100 mm), peso: 12.4 kg.","og_url":"https:\/\/www.mexicanguitarplayers.com\/en\/tienda\/sin categor\u00eda\/bocina-eighteen-sound-15-15lw1401-8\/","og_site_name":"Mexican Guitar Players","article_modified_time":"2026-01-14T10:16:08+00:00","twitter_card":"summary_large_image","twitter_misc":{"Est. reading time":"4 minutes"},"schema":{"@context":"https:\/\/schema.org","@graph":[{"@type":["WebPage","ItemPage"],"@id":"https:\/\/www.mexicanguitarplayers.com\/tienda\/sin categor\u00eda\/bocina-eighteen-sound-15-15lw1401-8\/","url":"https:\/\/www.mexicanguitarplayers.com\/tienda\/sin categor\u00eda\/bocina-eighteen-sound-15-15lw1401-8\/","name":"BOCINA EIGHTEEN SOUND 15 15LW1401\/8 - Mexican Guitar Players","isPartOf":{"@id":"https:\/\/www.mexicanguitarplayers.com\/#website"},"primaryImageOfPage":{"@id":"https:\/\/www.mexicanguitarplayers.com\/tienda\/sin categor\u00eda\/bocina-eighteen-sound-15-15lw1401-8\/#primaryimage"},"image":{"@id":"https:\/\/www.mexicanguitarplayers.com\/tienda\/sin categor\u00eda\/bocina-eighteen-sound-15-15lw1401-8\/#primaryimage"},"thumbnailUrl":"https:\/\/www.mexicanguitarplayers.com\/wp-content\/uploads\/2025\/04\/IAEIG15LW14018.jpg","datePublished":"2025-04-09T15:04:34+00:00","dateModified":"2026-01-14T10:16:08+00:00","description":"Bocina de 15\u201d pulgadas, im\u00e1n de ferrita, cono de celulosa reforzado con fibra de carbono, Double Silicon Spider (DSS) para mejorar el control de la excursi\u00f3n y la linealidad, anillos de doble demodulaci\u00f3n (DDR) para una menor distorsi\u00f3n, disipaci\u00f3n de calor mejorada a trav\u00e9s del dise\u00f1o \u00fanico de canasta, conos y platos protegidos contra la intemperie para uso en exteriores, adecuado para aplicaciones de graves o subwoofer, impedancia: 8 ohms, potencia AES: 1,000 W, programa: 1,400 W, pico: 7,000 W, sensibilidad: 98 dB, rango de frecuencia: 40 - 2,400 Hz, bobina m\u00f3vil de cobre de 4\u201d pulgadas (100 mm), peso: 12.4 kg.","breadcrumb":{"@id":"https:\/\/www.mexicanguitarplayers.com\/tienda\/sin categor\u00eda\/bocina-eighteen-sound-15-15lw1401-8\/#breadcrumb"},"inLanguage":"en-US","potentialAction":[{"@type":"ReadAction","target":["https:\/\/www.mexicanguitarplayers.com\/tienda\/sin categor\u00eda\/bocina-eighteen-sound-15-15lw1401-8\/"]}]},{"@type":"ImageObject","inLanguage":"en-US","@id":"https:\/\/www.mexicanguitarplayers.com\/tienda\/sin categor\u00eda\/bocina-eighteen-sound-15-15lw1401-8\/#primaryimage","url":"https:\/\/www.mexicanguitarplayers.com\/wp-content\/uploads\/2025\/04\/IAEIG15LW14018.jpg","contentUrl":"https:\/\/www.mexicanguitarplayers.com\/wp-content\/uploads\/2025\/04\/IAEIG15LW14018.jpg","width":1200,"height":1200},{"@type":"BreadcrumbList","@id":"https:\/\/www.mexicanguitarplayers.com\/tienda\/sin categor\u00eda\/bocina-eighteen-sound-15-15lw1401-8\/#breadcrumb","itemListElement":[{"@type":"ListItem","position":1,"name":"Portada","item":"https:\/\/www.mexicanguitarplayers.com\/"},{"@type":"ListItem","position":2,"name":"Tienda","item":"https:\/\/www.mexicanguitarplayers.com\/tienda\/"},{"@type":"ListItem","position":3,"name":"BOCINA EIGHTEEN SOUND 15 15LW1401\/8"}]},{"@type":"WebSite","@id":"https:\/\/www.mexicanguitarplayers.com\/#website","url":"https:\/\/www.mexicanguitarplayers.com\/","name":"Mexican Guitar Players","description":"Website","publisher":{"@id":"https:\/\/www.mexicanguitarplayers.com\/#organization"},"potentialAction":[{"@type":"SearchAction","target":{"@type":"EntryPoint","urlTemplate":"https:\/\/www.mexicanguitarplayers.com\/?s={search_term_string}"},"query-input":{"@type":"PropertyValueSpecification","valueRequired":true,"valueName":"search_term_string"}}],"inLanguage":"en-US"},{"@type":"Organization","@id":"https:\/\/www.mexicanguitarplayers.com\/#organization","name":"Mexican Guitar Players","url":"https:\/\/www.mexicanguitarplayers.com\/","logo":{"@type":"ImageObject","inLanguage":"en-US","@id":"https:\/\/www.mexicanguitarplayers.com\/#\/schema\/logo\/image\/","url":"","contentUrl":"","caption":"Mexican Guitar Players"},"image":{"@id":"https:\/\/www.mexicanguitarplayers.com\/#\/schema\/logo\/image\/"}}]}},"brands":[{"id":533,"name":"EIGHTEEN SOUND","slug":"eighteen-sound"}],"_links":{"self":[{"href":"https:\/\/www.mexicanguitarplayers.com\/en\/wp-json\/wp\/v2\/product\/41973","targetHints":{"allow":["GET"]}}],"collection":[{"href":"https:\/\/www.mexicanguitarplayers.com\/en\/wp-json\/wp\/v2\/product"}],"about":[{"href":"https:\/\/www.mexicanguitarplayers.com\/en\/wp-json\/wp\/v2\/types\/product"}],"replies":[{"embeddable":true,"href":"https:\/\/www.mexicanguitarplayers.com\/en\/wp-json\/wp\/v2\/comments?post=41973"}],"wp:featuredmedia":[{"embeddable":true,"href":"https:\/\/www.mexicanguitarplayers.com\/en\/wp-json\/wp\/v2\/media\/41968"}],"wp:attachment":[{"href":"https:\/\/www.mexicanguitarplayers.com\/en\/wp-json\/wp\/v2\/media?parent=41973"}],"wp:term":[{"taxonomy":"pwb-brand","embeddable":true,"href":"https:\/\/www.mexicanguitarplayers.com\/en\/wp-json\/wp\/v2\/pwb-brand?post=41973"},{"taxonomy":"product_brand","embeddable":true,"href":"https:\/\/www.mexicanguitarplayers.com\/en\/wp-json\/wp\/v2\/product_brand?post=41973"},{"taxonomy":"product_cat","embeddable":true,"href":"https:\/\/www.mexicanguitarplayers.com\/en\/wp-json\/wp\/v2\/product_cat?post=41973"},{"taxonomy":"product_tag","embeddable":true,"href":"https:\/\/www.mexicanguitarplayers.com\/en\/wp-json\/wp\/v2\/product_tag?post=41973"}],"curies":[{"name":"wp","href":"https:\/\/api.w.org\/{rel}","templated":true}]}}