{"id":41994,"date":"2025-04-09T09:05:21","date_gmt":"2025-04-09T15:05:21","guid":{"rendered":"https:\/\/www.mexicanguitarplayers.com\/tienda\/sin categor\u00eda\/pedal-t-c-p-guitarra-ditto-looper\/"},"modified":"2026-05-01T07:16:20","modified_gmt":"2026-05-01T13:16:20","slug":"pedal-t-c-p-guitarra-ditto-looper","status":"publish","type":"product","link":"https:\/\/www.mexicanguitarplayers.com\/en\/tienda\/cuerdas\/efectos\/efectos-individuales\/pedal-t-c-p-guitarra-ditto-looper\/","title":{"rendered":"PEDAL T.C. P\/GUITARRA DITTO LOOPER"},"content":{"rendered":"<div style=\"text-align: justify\">\n<div>\n<h3>Por fin&#8230; un gran looper.<\/h3>\n<\/div>\n<div>Lo que hace que el Ditto Looper est\u00e9 a a\u00f1os luz de cualquier otro generador de loops es su dise\u00f1o l\u00f3gico y minimalista al looping. Este no es un producto dise\u00f1ado pensando en los cantantes, bateristas, DJs o m\u00fasicos de xil\u00f3fono de Jazz experimental. TC Electronic ha dise\u00f1ado el Ditto Looper pensando en guitarristas y bajistas. El resultado es un generador de loops 100% intuitivo y que casi no ocupa espacio en tu pedalera. Puedes grabar frases de hasta 5 minutos con tu guitarra y a\u00f1adir las veces que desees m\u00e1s y m\u00e1s notas hasta que tus ideas se acaben. Con las ventajas Analog-Dry-Trough y True Bypass el sonido de tu guitarra permanecer\u00e1 100% puro y sin cambios ni latencia alguna. Puedes grabar, reproducir, &#8220;encimar&#8221; sonidos, deshacer y rehacer, detener y borrar el loop las veces que quieras.  Todo esto con solo presionar 1 vez, presionar y mantener o presionar 2 veces el footswitch.<\/div>\n<div>\n<h4>Quick look<\/h4>\n<\/div>\n<ul style=\"margin: 0px 0px 0px 25px\">\n<li style=\"list-style-type: circle;margin: 5px\">Dimensions.<\/li>\n<li style=\"list-style-type: circle;margin: 5px\">Conectores de E\/S.<\/li>\n<\/ul>\n<div>\n<div style=\"font-weight: bold\">Dimensions.<\/div>\n<div>\n<p>48 x 48 x 93 mm.<\/p>\n<\/div>\n<div style=\"font-weight: bold\">Conectores de E\/S.<\/div>\n<div>\n<p>Jack est\u00e1ndar de 6.3 mm.<\/p>\n<\/div>\n<\/div>\n<div>\n<h4>Characteristics<\/h4>\n<\/div>\n<div>\n<ul style=\"margin: 0px 0px 0px 25px\">\n<li style=\"list-style-type: circle;margin: 5px\">Pedal generador de loops.<\/li>\n<li style=\"list-style-type: circle;margin: 5px\">Longitud m\u00e1xima de loop de 5 minutos.<\/li>\n<li style=\"list-style-type: circle;margin: 5px\">Unlimited overdubs.<\/li>\n<li style=\"list-style-type: circle;margin: 5px\">True-bypass.<\/li>\n<li style=\"list-style-type: circle;margin: 5px\">Analog dry-through.<\/li>\n<li style=\"list-style-type: circle;margin: 5px\">Alimentaci\u00f3n 9V CC.<\/li>\n<li style=\"list-style-type: circle;margin: 5px\">No incluye adaptador de corriente.<\/li>\n<li style=\"list-style-type: circle;margin: 5px\">Conector USB mini B.<\/li>\n<li style=\"list-style-type: circle;margin: 5px\">Controles: Loop Level e Interruptor.<\/li>\n<\/ul>\n<\/div>\n<\/div>","protected":false},"excerpt":{"rendered":"<p>Pedal generador de loops, longitud m\u00e1xima de loop de 5 minutos, overdubs ilimitados, true-bypass, analog dry-through, dimensiones: 48 x 48 x 93 mm, conectores de entrada y salida: jack est\u00e1ndar de 6.3 mm, alimentaci\u00f3n 9V CC, no incluye adaptador de corriente, conector USB mini B, controles: Loop Level e Interruptor.&hellip; <a class=\"kt-excerpt-readmore more-link\" href=\"https:\/\/www.mexicanguitarplayers.com\/en\/tienda\/cuerdas\/efectos\/efectos-individuales\/pedal-t-c-p-guitarra-ditto-looper\/\">Read more<\/a><\/p>","protected":false},"featured_media":41992,"comment_status":"open","ping_status":"closed","template":"","meta":{"kt_blocks_editor_width":""},"pwb-brand":[170],"product_brand":[],"product_cat":[224,241,504],"product_tag":[],"class_list":{"0":"post-41994","1":"product","2":"type-product","3":"status-publish","4":"has-post-thumbnail","6":"pwb-brand-tc-electronic","7":"product_cat-cuerdas","8":"product_cat-efectos","9":"product_cat-efectos-individuales","10":"product_shipping_class-0-5-kg","12":"first","13":"instock","14":"taxable","15":"shipping-taxable","16":"purchasable","17":"product-type-simple"},"yoast_head":"<!-- This site is optimized with the Yoast SEO plugin v27.5 - https:\/\/yoast.com\/product\/yoast-seo-wordpress\/ -->\n<title>PEDAL T.C. P\/GUITARRA DITTO LOOPER - Mexican Guitar Players<\/title>\n<meta name=\"description\" content=\"Pedal generador de loops, longitud m\u00e1xima de loop de 5 minutos, overdubs ilimitados, true-bypass, analog dry-through, dimensiones: 48 x 48 x 93 mm, conectores de entrada y salida: jack est\u00e1ndar de 6.3 mm, alimentaci\u00f3n 9V CC, no incluye adaptador de corriente, conector USB mini B, controles: Loop Level e Interruptor.\" \/>\n<meta name=\"robots\" content=\"index, follow, max-snippet:-1, max-image-preview:large, max-video-preview:-1\" \/>\n<link rel=\"canonical\" href=\"https:\/\/www.mexicanguitarplayers.com\/en\/tienda\/sin%20categor\u00eda\/pedal-t-c-p-guitarra-ditto-looper\/\" \/>\n<meta property=\"og:locale\" content=\"en_US\" \/>\n<meta property=\"og:type\" content=\"article\" \/>\n<meta property=\"og:title\" content=\"PEDAL T.C. P\/GUITARRA DITTO LOOPER - Mexican Guitar Players\" \/>\n<meta property=\"og:description\" content=\"Pedal generador de loops, longitud m\u00e1xima de loop de 5 minutos, overdubs ilimitados, true-bypass, analog dry-through, dimensiones: 48 x 48 x 93 mm, conectores de entrada y salida: jack est\u00e1ndar de 6.3 mm, alimentaci\u00f3n 9V CC, no incluye adaptador de corriente, conector USB mini B, controles: Loop Level e Interruptor.\" \/>\n<meta property=\"og:url\" content=\"https:\/\/www.mexicanguitarplayers.com\/en\/tienda\/sin categor\u00eda\/pedal-t-c-p-guitarra-ditto-looper\/\" \/>\n<meta property=\"og:site_name\" content=\"Mexican Guitar Players\" \/>\n<meta property=\"article:modified_time\" content=\"2026-05-01T13:16:20+00:00\" \/>\n<meta name=\"twitter:card\" content=\"summary_large_image\" \/>\n<meta name=\"twitter:label1\" content=\"Est. reading time\" \/>\n\t<meta name=\"twitter:data1\" content=\"1 minute\" \/>\n<script type=\"application\/ld+json\" class=\"yoast-schema-graph\">{\"@context\":\"https:\\\/\\\/schema.org\",\"@graph\":[{\"@type\":[\"WebPage\",\"ItemPage\"],\"@id\":\"https:\\\/\\\/www.mexicanguitarplayers.com\\\/tienda\\\/sin categor\u00eda\\\/pedal-t-c-p-guitarra-ditto-looper\\\/\",\"url\":\"https:\\\/\\\/www.mexicanguitarplayers.com\\\/tienda\\\/sin categor\u00eda\\\/pedal-t-c-p-guitarra-ditto-looper\\\/\",\"name\":\"PEDAL T.C. P\\\/GUITARRA DITTO LOOPER - Mexican Guitar Players\",\"isPartOf\":{\"@id\":\"https:\\\/\\\/www.mexicanguitarplayers.com\\\/#website\"},\"primaryImageOfPage\":{\"@id\":\"https:\\\/\\\/www.mexicanguitarplayers.com\\\/tienda\\\/sin categor\u00eda\\\/pedal-t-c-p-guitarra-ditto-looper\\\/#primaryimage\"},\"image\":{\"@id\":\"https:\\\/\\\/www.mexicanguitarplayers.com\\\/tienda\\\/sin categor\u00eda\\\/pedal-t-c-p-guitarra-ditto-looper\\\/#primaryimage\"},\"thumbnailUrl\":\"https:\\\/\\\/www.mexicanguitarplayers.com\\\/wp-content\\\/uploads\\\/2025\\\/04\\\/VATCEDITTOLOOP.jpg\",\"datePublished\":\"2025-04-09T15:05:21+00:00\",\"dateModified\":\"2026-05-01T13:16:20+00:00\",\"description\":\"Pedal generador de loops, longitud m\u00e1xima de loop de 5 minutos, overdubs ilimitados, true-bypass, analog dry-through, dimensiones: 48 x 48 x 93 mm, conectores de entrada y salida: jack est\u00e1ndar de 6.3 mm, alimentaci\u00f3n 9V CC, no incluye adaptador de corriente, conector USB mini B, controles: Loop Level e Interruptor.\",\"breadcrumb\":{\"@id\":\"https:\\\/\\\/www.mexicanguitarplayers.com\\\/tienda\\\/sin categor\u00eda\\\/pedal-t-c-p-guitarra-ditto-looper\\\/#breadcrumb\"},\"inLanguage\":\"en-US\",\"potentialAction\":[{\"@type\":\"ReadAction\",\"target\":[\"https:\\\/\\\/www.mexicanguitarplayers.com\\\/tienda\\\/sin categor\u00eda\\\/pedal-t-c-p-guitarra-ditto-looper\\\/\"]}]},{\"@type\":\"ImageObject\",\"inLanguage\":\"en-US\",\"@id\":\"https:\\\/\\\/www.mexicanguitarplayers.com\\\/tienda\\\/sin categor\u00eda\\\/pedal-t-c-p-guitarra-ditto-looper\\\/#primaryimage\",\"url\":\"https:\\\/\\\/www.mexicanguitarplayers.com\\\/wp-content\\\/uploads\\\/2025\\\/04\\\/VATCEDITTOLOOP.jpg\",\"contentUrl\":\"https:\\\/\\\/www.mexicanguitarplayers.com\\\/wp-content\\\/uploads\\\/2025\\\/04\\\/VATCEDITTOLOOP.jpg\",\"width\":1200,\"height\":1200},{\"@type\":\"BreadcrumbList\",\"@id\":\"https:\\\/\\\/www.mexicanguitarplayers.com\\\/tienda\\\/sin categor\u00eda\\\/pedal-t-c-p-guitarra-ditto-looper\\\/#breadcrumb\",\"itemListElement\":[{\"@type\":\"ListItem\",\"position\":1,\"name\":\"Portada\",\"item\":\"https:\\\/\\\/www.mexicanguitarplayers.com\\\/\"},{\"@type\":\"ListItem\",\"position\":2,\"name\":\"Tienda\",\"item\":\"https:\\\/\\\/www.mexicanguitarplayers.com\\\/tienda\\\/\"},{\"@type\":\"ListItem\",\"position\":3,\"name\":\"PEDAL T.C. P\\\/GUITARRA DITTO LOOPER\"}]},{\"@type\":\"WebSite\",\"@id\":\"https:\\\/\\\/www.mexicanguitarplayers.com\\\/#website\",\"url\":\"https:\\\/\\\/www.mexicanguitarplayers.com\\\/\",\"name\":\"Mexican Guitar Players\",\"description\":\"Website\",\"publisher\":{\"@id\":\"https:\\\/\\\/www.mexicanguitarplayers.com\\\/#organization\"},\"potentialAction\":[{\"@type\":\"SearchAction\",\"target\":{\"@type\":\"EntryPoint\",\"urlTemplate\":\"https:\\\/\\\/www.mexicanguitarplayers.com\\\/?s={search_term_string}\"},\"query-input\":{\"@type\":\"PropertyValueSpecification\",\"valueRequired\":true,\"valueName\":\"search_term_string\"}}],\"inLanguage\":\"en-US\"},{\"@type\":\"Organization\",\"@id\":\"https:\\\/\\\/www.mexicanguitarplayers.com\\\/#organization\",\"name\":\"Mexican Guitar Players\",\"url\":\"https:\\\/\\\/www.mexicanguitarplayers.com\\\/\",\"logo\":{\"@type\":\"ImageObject\",\"inLanguage\":\"en-US\",\"@id\":\"https:\\\/\\\/www.mexicanguitarplayers.com\\\/#\\\/schema\\\/logo\\\/image\\\/\",\"url\":\"\",\"contentUrl\":\"\",\"caption\":\"Mexican Guitar Players\"},\"image\":{\"@id\":\"https:\\\/\\\/www.mexicanguitarplayers.com\\\/#\\\/schema\\\/logo\\\/image\\\/\"}}]}<\/script>\n<!-- \/ Yoast SEO plugin. -->","yoast_head_json":{"title":"PEDAL T.C. P\/GUITARRA DITTO LOOPER - Mexican Guitar Players","description":"Pedal generador de loops, longitud m\u00e1xima de loop de 5 minutos, overdubs ilimitados, true-bypass, analog dry-through, dimensiones: 48 x 48 x 93 mm, conectores de entrada y salida: jack est\u00e1ndar de 6.3 mm, alimentaci\u00f3n 9V CC, no incluye adaptador de corriente, conector USB mini B, controles: Loop Level e Interruptor.","robots":{"index":"index","follow":"follow","max-snippet":"max-snippet:-1","max-image-preview":"max-image-preview:large","max-video-preview":"max-video-preview:-1"},"canonical":"https:\/\/www.mexicanguitarplayers.com\/en\/tienda\/sin categor\u00eda\/pedal-t-c-p-guitarra-ditto-looper\/","og_locale":"en_US","og_type":"article","og_title":"PEDAL T.C. P\/GUITARRA DITTO LOOPER - Mexican Guitar Players","og_description":"Pedal generador de loops, longitud m\u00e1xima de loop de 5 minutos, overdubs ilimitados, true-bypass, analog dry-through, dimensiones: 48 x 48 x 93 mm, conectores de entrada y salida: jack est\u00e1ndar de 6.3 mm, alimentaci\u00f3n 9V CC, no incluye adaptador de corriente, conector USB mini B, controles: Loop Level e Interruptor.","og_url":"https:\/\/www.mexicanguitarplayers.com\/en\/tienda\/sin categor\u00eda\/pedal-t-c-p-guitarra-ditto-looper\/","og_site_name":"Mexican Guitar Players","article_modified_time":"2026-05-01T13:16:20+00:00","twitter_card":"summary_large_image","twitter_misc":{"Est. reading time":"1 minute"},"schema":{"@context":"https:\/\/schema.org","@graph":[{"@type":["WebPage","ItemPage"],"@id":"https:\/\/www.mexicanguitarplayers.com\/tienda\/sin categor\u00eda\/pedal-t-c-p-guitarra-ditto-looper\/","url":"https:\/\/www.mexicanguitarplayers.com\/tienda\/sin categor\u00eda\/pedal-t-c-p-guitarra-ditto-looper\/","name":"PEDAL T.C. P\/GUITARRA DITTO LOOPER - Mexican Guitar Players","isPartOf":{"@id":"https:\/\/www.mexicanguitarplayers.com\/#website"},"primaryImageOfPage":{"@id":"https:\/\/www.mexicanguitarplayers.com\/tienda\/sin categor\u00eda\/pedal-t-c-p-guitarra-ditto-looper\/#primaryimage"},"image":{"@id":"https:\/\/www.mexicanguitarplayers.com\/tienda\/sin categor\u00eda\/pedal-t-c-p-guitarra-ditto-looper\/#primaryimage"},"thumbnailUrl":"https:\/\/www.mexicanguitarplayers.com\/wp-content\/uploads\/2025\/04\/VATCEDITTOLOOP.jpg","datePublished":"2025-04-09T15:05:21+00:00","dateModified":"2026-05-01T13:16:20+00:00","description":"Pedal generador de loops, longitud m\u00e1xima de loop de 5 minutos, overdubs ilimitados, true-bypass, analog dry-through, dimensiones: 48 x 48 x 93 mm, conectores de entrada y salida: jack est\u00e1ndar de 6.3 mm, alimentaci\u00f3n 9V CC, no incluye adaptador de corriente, conector USB mini B, controles: Loop Level e Interruptor.","breadcrumb":{"@id":"https:\/\/www.mexicanguitarplayers.com\/tienda\/sin categor\u00eda\/pedal-t-c-p-guitarra-ditto-looper\/#breadcrumb"},"inLanguage":"en-US","potentialAction":[{"@type":"ReadAction","target":["https:\/\/www.mexicanguitarplayers.com\/tienda\/sin categor\u00eda\/pedal-t-c-p-guitarra-ditto-looper\/"]}]},{"@type":"ImageObject","inLanguage":"en-US","@id":"https:\/\/www.mexicanguitarplayers.com\/tienda\/sin categor\u00eda\/pedal-t-c-p-guitarra-ditto-looper\/#primaryimage","url":"https:\/\/www.mexicanguitarplayers.com\/wp-content\/uploads\/2025\/04\/VATCEDITTOLOOP.jpg","contentUrl":"https:\/\/www.mexicanguitarplayers.com\/wp-content\/uploads\/2025\/04\/VATCEDITTOLOOP.jpg","width":1200,"height":1200},{"@type":"BreadcrumbList","@id":"https:\/\/www.mexicanguitarplayers.com\/tienda\/sin categor\u00eda\/pedal-t-c-p-guitarra-ditto-looper\/#breadcrumb","itemListElement":[{"@type":"ListItem","position":1,"name":"Portada","item":"https:\/\/www.mexicanguitarplayers.com\/"},{"@type":"ListItem","position":2,"name":"Tienda","item":"https:\/\/www.mexicanguitarplayers.com\/tienda\/"},{"@type":"ListItem","position":3,"name":"PEDAL T.C. P\/GUITARRA DITTO LOOPER"}]},{"@type":"WebSite","@id":"https:\/\/www.mexicanguitarplayers.com\/#website","url":"https:\/\/www.mexicanguitarplayers.com\/","name":"Mexican Guitar Players","description":"Website","publisher":{"@id":"https:\/\/www.mexicanguitarplayers.com\/#organization"},"potentialAction":[{"@type":"SearchAction","target":{"@type":"EntryPoint","urlTemplate":"https:\/\/www.mexicanguitarplayers.com\/?s={search_term_string}"},"query-input":{"@type":"PropertyValueSpecification","valueRequired":true,"valueName":"search_term_string"}}],"inLanguage":"en-US"},{"@type":"Organization","@id":"https:\/\/www.mexicanguitarplayers.com\/#organization","name":"Mexican Guitar Players","url":"https:\/\/www.mexicanguitarplayers.com\/","logo":{"@type":"ImageObject","inLanguage":"en-US","@id":"https:\/\/www.mexicanguitarplayers.com\/#\/schema\/logo\/image\/","url":"","contentUrl":"","caption":"Mexican Guitar Players"},"image":{"@id":"https:\/\/www.mexicanguitarplayers.com\/#\/schema\/logo\/image\/"}}]}},"brands":[{"id":170,"name":"TC-ELECTRONIC","slug":"tc-electronic"}],"_links":{"self":[{"href":"https:\/\/www.mexicanguitarplayers.com\/en\/wp-json\/wp\/v2\/product\/41994","targetHints":{"allow":["GET"]}}],"collection":[{"href":"https:\/\/www.mexicanguitarplayers.com\/en\/wp-json\/wp\/v2\/product"}],"about":[{"href":"https:\/\/www.mexicanguitarplayers.com\/en\/wp-json\/wp\/v2\/types\/product"}],"replies":[{"embeddable":true,"href":"https:\/\/www.mexicanguitarplayers.com\/en\/wp-json\/wp\/v2\/comments?post=41994"}],"wp:featuredmedia":[{"embeddable":true,"href":"https:\/\/www.mexicanguitarplayers.com\/en\/wp-json\/wp\/v2\/media\/41992"}],"wp:attachment":[{"href":"https:\/\/www.mexicanguitarplayers.com\/en\/wp-json\/wp\/v2\/media?parent=41994"}],"wp:term":[{"taxonomy":"pwb-brand","embeddable":true,"href":"https:\/\/www.mexicanguitarplayers.com\/en\/wp-json\/wp\/v2\/pwb-brand?post=41994"},{"taxonomy":"product_brand","embeddable":true,"href":"https:\/\/www.mexicanguitarplayers.com\/en\/wp-json\/wp\/v2\/product_brand?post=41994"},{"taxonomy":"product_cat","embeddable":true,"href":"https:\/\/www.mexicanguitarplayers.com\/en\/wp-json\/wp\/v2\/product_cat?post=41994"},{"taxonomy":"product_tag","embeddable":true,"href":"https:\/\/www.mexicanguitarplayers.com\/en\/wp-json\/wp\/v2\/product_tag?post=41994"}],"curies":[{"name":"wp","href":"https:\/\/api.w.org\/{rel}","templated":true}]}}