{"id":42021,"date":"2025-04-09T09:05:58","date_gmt":"2025-04-09T15:05:58","guid":{"rendered":"https:\/\/www.mexicanguitarplayers.com\/tienda\/sin categor\u00eda\/soporte-frameworks-p-mic-gfw-mic-0250\/"},"modified":"2026-05-01T07:16:16","modified_gmt":"2026-05-01T13:16:16","slug":"soporte-frameworks-p-mic-gfw-mic-0250","status":"publish","type":"product","link":"https:\/\/www.mexicanguitarplayers.com\/en\/tienda\/accesorios\/stands\/para-microfono\/soporte-frameworks-p-mic-gfw-mic-0250\/","title":{"rendered":"SOPORTE FRAMEWORKS P\/MIC. GFW-MIC-0250"},"content":{"rendered":"<div style=\"text-align: justify\">\n<div>\n<h3>El soporte perfecto.<\/h3>\n<\/div>\n<div>Este soporte corto es ideal para escritorios, ya sea que hagas entrevistas, podcast o mesas redondas, esta base tr\u00edpode te brinda un soporte s\u00f3lido, asegurando un movimiento m\u00ednimo y aislando tu micr\u00f3fono del ruido de manejo, el dise\u00f1o resistente de tubos de acero hace que este soporte de micr\u00f3fono sea imprescindible para cualquier necesidad de soporte en escritorio. La serie de soportes Framework, incluyendo este soporte para micr\u00f3fono, cuenta con una amplia variedad de productos innovadores y confiables, dise\u00f1ados para respaldar a tu m\u00fasica. Gator Cases es conocido por fabricar productos innovadores dise\u00f1ados para la protecci\u00f3n de tu equipo musical. Ofrecemos una amplia gama de tama\u00f1os, materiales y niveles de protecci\u00f3n disponibles para todo tipo de instrumentos y equipos, incluidos los soportes Framework, los soportes y accesorios de instalaci\u00f3n Rackworks y los estuches de Protector para bater\u00eda. No es dif\u00edcil encontrar una buena raz\u00f3n por la que Gator deber\u00eda ser la marca en la que confiar\u00edas para mantener tu equipo protegido y seguro de por vida.<\/div>\n<div>\n<h4>Quick look<\/h4>\n<\/div>\n<ul style=\"margin: 0px 0px 0px 25px\">\n<li style=\"list-style-type: circle;margin: 5px\">Mini tr\u00edpode.<\/li>\n<li style=\"list-style-type: circle;margin: 5px\">Clip para micr\u00f3fono al\u00e1mbrico.<\/li>\n<li style=\"list-style-type: circle;margin: 5px\">Detalles.<\/li>\n<li style=\"list-style-type: circle;margin: 5px\">Altura m\u00ednima.<\/li>\n<li style=\"list-style-type: circle;margin: 5px\">Altura m\u00e1xima.<\/li>\n<li style=\"list-style-type: circle;margin: 5px\">Altura exterior.<\/li>\n<li style=\"list-style-type: circle;margin: 5px\">Weight.<\/li>\n<\/ul>\n<div>\n<div style=\"font-weight: bold\">Mini tr\u00edpode.<\/div>\n<div>\n<p>El dise\u00f1o liviano del mini tr\u00edpode se colapsa en una forma compacta y se puede deslizar f\u00e1cilmente en cualquier bolsa de micr\u00f3fono, bolsillo o compartimiento de almacenamiento.<\/p>\n<\/div>\n<div style=\"font-weight: bold\">Clip para micr\u00f3fono al\u00e1mbrico.<\/div>\n<div>\n<p>El clip para micr\u00f3fono de servicio pesado es capaz de acomodar micr\u00f3fonos al\u00e1mbricos y es perfecto para podcast, entrevistas, emisoras y productores de audio.<\/p>\n<\/div>\n<div style=\"font-weight: bold\">Detalles.<\/div>\n<div>\n<p>Soporte de micr\u00f3fono de escritorio plegable ligero. Clip incluido para micr\u00f3fonos al\u00e1mbricos est\u00e1ndar. Ideal para entrevistas remotas de podcast. Tama\u00f1o compacto.<\/p>\n<\/div>\n<div style=\"font-weight: bold\">Altura m\u00ednima.<\/div>\n<div>\n<p>5&#8243; pulgadas (127 mm).<\/p>\n<\/div>\n<div style=\"font-weight: bold\">Altura m\u00e1xima.<\/div>\n<div>\n<p>5&#8243; pulgadas (127 mm).<\/p>\n<\/div>\n<div style=\"font-weight: bold\">Altura exterior.<\/div>\n<div>\n<p>5&#8243; pulgadas (127 mm).<\/p>\n<\/div>\n<div style=\"font-weight: bold\">Weight.<\/div>\n<div>\n<p>0.45 kg.<\/p>\n<\/div>\n<\/div>\n<\/div>","protected":false},"excerpt":{"rendered":"<p>Soporte mini tr\u00edpode de micr\u00f3fono para escritorio, se pliega de forma compacta y cabe en cualquier lado, clip incluido para micr\u00f3fonos al\u00e1mbricos est\u00e1ndar, tama\u00f1o compacto, altura m\u00ednima: 127 mm, altura m\u00e1xima: 127 mm, peso: 0.45 kg.&hellip; <a class=\"kt-excerpt-readmore more-link\" href=\"https:\/\/www.mexicanguitarplayers.com\/en\/tienda\/accesorios\/stands\/para-microfono\/soporte-frameworks-p-mic-gfw-mic-0250\/\">Read more<\/a><\/p>","protected":false},"featured_media":42016,"comment_status":"open","ping_status":"closed","template":"","meta":{"kt_blocks_editor_width":""},"pwb-brand":[563],"product_brand":[],"product_cat":[85,464,416],"product_tag":[],"class_list":{"0":"post-42021","1":"product","2":"type-product","3":"status-publish","4":"has-post-thumbnail","6":"pwb-brand-frameworks","7":"product_cat-accesorios","8":"product_cat-para-microfono","9":"product_cat-stands","10":"product_shipping_class-0-5-kg","12":"first","13":"instock","14":"taxable","15":"shipping-taxable","16":"purchasable","17":"product-type-simple"},"yoast_head":"<!-- This site is optimized with the Yoast SEO plugin v27.6 - https:\/\/yoast.com\/product\/yoast-seo-wordpress\/ -->\n<title>SOPORTE FRAMEWORKS P\/MIC. GFW-MIC-0250 - Mexican Guitar Players<\/title>\n<meta name=\"description\" content=\"Soporte mini tr\u00edpode de micr\u00f3fono para escritorio, se pliega de forma compacta y cabe en cualquier lado, clip incluido para micr\u00f3fonos al\u00e1mbricos est\u00e1ndar, tama\u00f1o compacto, altura m\u00ednima: 127 mm, altura m\u00e1xima: 127 mm, peso: 0.45 kg.\" \/>\n<meta name=\"robots\" content=\"index, follow, max-snippet:-1, max-image-preview:large, max-video-preview:-1\" \/>\n<link rel=\"canonical\" href=\"https:\/\/www.mexicanguitarplayers.com\/en\/tienda\/sin%20categor\u00eda\/soporte-frameworks-p-mic-gfw-mic-0250\/\" \/>\n<meta property=\"og:locale\" content=\"en_US\" \/>\n<meta property=\"og:type\" content=\"article\" \/>\n<meta property=\"og:title\" content=\"SOPORTE FRAMEWORKS P\/MIC. GFW-MIC-0250 - Mexican Guitar Players\" \/>\n<meta property=\"og:description\" content=\"Soporte mini tr\u00edpode de micr\u00f3fono para escritorio, se pliega de forma compacta y cabe en cualquier lado, clip incluido para micr\u00f3fonos al\u00e1mbricos est\u00e1ndar, tama\u00f1o compacto, altura m\u00ednima: 127 mm, altura m\u00e1xima: 127 mm, peso: 0.45 kg.\" \/>\n<meta property=\"og:url\" content=\"https:\/\/www.mexicanguitarplayers.com\/en\/tienda\/sin categor\u00eda\/soporte-frameworks-p-mic-gfw-mic-0250\/\" \/>\n<meta property=\"og:site_name\" content=\"Mexican Guitar Players\" \/>\n<meta property=\"article:modified_time\" content=\"2026-05-01T13:16:16+00:00\" \/>\n<meta name=\"twitter:card\" content=\"summary_large_image\" \/>\n<meta name=\"twitter:label1\" content=\"Est. reading time\" \/>\n\t<meta name=\"twitter:data1\" content=\"2 minutes\" \/>\n<script type=\"application\/ld+json\" class=\"yoast-schema-graph\">{\"@context\":\"https:\\\/\\\/schema.org\",\"@graph\":[{\"@type\":[\"WebPage\",\"ItemPage\"],\"@id\":\"https:\\\/\\\/www.mexicanguitarplayers.com\\\/tienda\\\/sin categor\u00eda\\\/soporte-frameworks-p-mic-gfw-mic-0250\\\/\",\"url\":\"https:\\\/\\\/www.mexicanguitarplayers.com\\\/tienda\\\/sin categor\u00eda\\\/soporte-frameworks-p-mic-gfw-mic-0250\\\/\",\"name\":\"SOPORTE FRAMEWORKS P\\\/MIC. GFW-MIC-0250 - Mexican Guitar Players\",\"isPartOf\":{\"@id\":\"https:\\\/\\\/www.mexicanguitarplayers.com\\\/#website\"},\"primaryImageOfPage\":{\"@id\":\"https:\\\/\\\/www.mexicanguitarplayers.com\\\/tienda\\\/sin categor\u00eda\\\/soporte-frameworks-p-mic-gfw-mic-0250\\\/#primaryimage\"},\"image\":{\"@id\":\"https:\\\/\\\/www.mexicanguitarplayers.com\\\/tienda\\\/sin categor\u00eda\\\/soporte-frameworks-p-mic-gfw-mic-0250\\\/#primaryimage\"},\"thumbnailUrl\":\"https:\\\/\\\/www.mexicanguitarplayers.com\\\/wp-content\\\/uploads\\\/2025\\\/04\\\/VAFRMGFWMIC025.jpg\",\"datePublished\":\"2025-04-09T15:05:58+00:00\",\"dateModified\":\"2026-05-01T13:16:16+00:00\",\"description\":\"Soporte mini tr\u00edpode de micr\u00f3fono para escritorio, se pliega de forma compacta y cabe en cualquier lado, clip incluido para micr\u00f3fonos al\u00e1mbricos est\u00e1ndar, tama\u00f1o compacto, altura m\u00ednima: 127 mm, altura m\u00e1xima: 127 mm, peso: 0.45 kg.\",\"breadcrumb\":{\"@id\":\"https:\\\/\\\/www.mexicanguitarplayers.com\\\/tienda\\\/sin categor\u00eda\\\/soporte-frameworks-p-mic-gfw-mic-0250\\\/#breadcrumb\"},\"inLanguage\":\"en-US\",\"potentialAction\":[{\"@type\":\"ReadAction\",\"target\":[\"https:\\\/\\\/www.mexicanguitarplayers.com\\\/tienda\\\/sin categor\u00eda\\\/soporte-frameworks-p-mic-gfw-mic-0250\\\/\"]}]},{\"@type\":\"ImageObject\",\"inLanguage\":\"en-US\",\"@id\":\"https:\\\/\\\/www.mexicanguitarplayers.com\\\/tienda\\\/sin categor\u00eda\\\/soporte-frameworks-p-mic-gfw-mic-0250\\\/#primaryimage\",\"url\":\"https:\\\/\\\/www.mexicanguitarplayers.com\\\/wp-content\\\/uploads\\\/2025\\\/04\\\/VAFRMGFWMIC025.jpg\",\"contentUrl\":\"https:\\\/\\\/www.mexicanguitarplayers.com\\\/wp-content\\\/uploads\\\/2025\\\/04\\\/VAFRMGFWMIC025.jpg\",\"width\":1200,\"height\":1200},{\"@type\":\"BreadcrumbList\",\"@id\":\"https:\\\/\\\/www.mexicanguitarplayers.com\\\/tienda\\\/sin categor\u00eda\\\/soporte-frameworks-p-mic-gfw-mic-0250\\\/#breadcrumb\",\"itemListElement\":[{\"@type\":\"ListItem\",\"position\":1,\"name\":\"Portada\",\"item\":\"https:\\\/\\\/www.mexicanguitarplayers.com\\\/\"},{\"@type\":\"ListItem\",\"position\":2,\"name\":\"Tienda\",\"item\":\"https:\\\/\\\/www.mexicanguitarplayers.com\\\/tienda\\\/\"},{\"@type\":\"ListItem\",\"position\":3,\"name\":\"SOPORTE FRAMEWORKS P\\\/MIC. GFW-MIC-0250\"}]},{\"@type\":\"WebSite\",\"@id\":\"https:\\\/\\\/www.mexicanguitarplayers.com\\\/#website\",\"url\":\"https:\\\/\\\/www.mexicanguitarplayers.com\\\/\",\"name\":\"Mexican Guitar Players\",\"description\":\"Website\",\"publisher\":{\"@id\":\"https:\\\/\\\/www.mexicanguitarplayers.com\\\/#organization\"},\"potentialAction\":[{\"@type\":\"SearchAction\",\"target\":{\"@type\":\"EntryPoint\",\"urlTemplate\":\"https:\\\/\\\/www.mexicanguitarplayers.com\\\/?s={search_term_string}\"},\"query-input\":{\"@type\":\"PropertyValueSpecification\",\"valueRequired\":true,\"valueName\":\"search_term_string\"}}],\"inLanguage\":\"en-US\"},{\"@type\":\"Organization\",\"@id\":\"https:\\\/\\\/www.mexicanguitarplayers.com\\\/#organization\",\"name\":\"Mexican Guitar Players\",\"url\":\"https:\\\/\\\/www.mexicanguitarplayers.com\\\/\",\"logo\":{\"@type\":\"ImageObject\",\"inLanguage\":\"en-US\",\"@id\":\"https:\\\/\\\/www.mexicanguitarplayers.com\\\/#\\\/schema\\\/logo\\\/image\\\/\",\"url\":\"\",\"contentUrl\":\"\",\"caption\":\"Mexican Guitar Players\"},\"image\":{\"@id\":\"https:\\\/\\\/www.mexicanguitarplayers.com\\\/#\\\/schema\\\/logo\\\/image\\\/\"}}]}<\/script>\n<!-- \/ Yoast SEO plugin. -->","yoast_head_json":{"title":"SOPORTE FRAMEWORKS P\/MIC. GFW-MIC-0250 - Mexican Guitar Players","description":"Soporte mini tr\u00edpode de micr\u00f3fono para escritorio, se pliega de forma compacta y cabe en cualquier lado, clip incluido para micr\u00f3fonos al\u00e1mbricos est\u00e1ndar, tama\u00f1o compacto, altura m\u00ednima: 127 mm, altura m\u00e1xima: 127 mm, peso: 0.45 kg.","robots":{"index":"index","follow":"follow","max-snippet":"max-snippet:-1","max-image-preview":"max-image-preview:large","max-video-preview":"max-video-preview:-1"},"canonical":"https:\/\/www.mexicanguitarplayers.com\/en\/tienda\/sin categor\u00eda\/soporte-frameworks-p-mic-gfw-mic-0250\/","og_locale":"en_US","og_type":"article","og_title":"SOPORTE FRAMEWORKS P\/MIC. GFW-MIC-0250 - Mexican Guitar Players","og_description":"Soporte mini tr\u00edpode de micr\u00f3fono para escritorio, se pliega de forma compacta y cabe en cualquier lado, clip incluido para micr\u00f3fonos al\u00e1mbricos est\u00e1ndar, tama\u00f1o compacto, altura m\u00ednima: 127 mm, altura m\u00e1xima: 127 mm, peso: 0.45 kg.","og_url":"https:\/\/www.mexicanguitarplayers.com\/en\/tienda\/sin categor\u00eda\/soporte-frameworks-p-mic-gfw-mic-0250\/","og_site_name":"Mexican Guitar Players","article_modified_time":"2026-05-01T13:16:16+00:00","twitter_card":"summary_large_image","twitter_misc":{"Est. reading time":"2 minutes"},"schema":{"@context":"https:\/\/schema.org","@graph":[{"@type":["WebPage","ItemPage"],"@id":"https:\/\/www.mexicanguitarplayers.com\/tienda\/sin categor\u00eda\/soporte-frameworks-p-mic-gfw-mic-0250\/","url":"https:\/\/www.mexicanguitarplayers.com\/tienda\/sin categor\u00eda\/soporte-frameworks-p-mic-gfw-mic-0250\/","name":"SOPORTE FRAMEWORKS P\/MIC. GFW-MIC-0250 - Mexican Guitar Players","isPartOf":{"@id":"https:\/\/www.mexicanguitarplayers.com\/#website"},"primaryImageOfPage":{"@id":"https:\/\/www.mexicanguitarplayers.com\/tienda\/sin categor\u00eda\/soporte-frameworks-p-mic-gfw-mic-0250\/#primaryimage"},"image":{"@id":"https:\/\/www.mexicanguitarplayers.com\/tienda\/sin categor\u00eda\/soporte-frameworks-p-mic-gfw-mic-0250\/#primaryimage"},"thumbnailUrl":"https:\/\/www.mexicanguitarplayers.com\/wp-content\/uploads\/2025\/04\/VAFRMGFWMIC025.jpg","datePublished":"2025-04-09T15:05:58+00:00","dateModified":"2026-05-01T13:16:16+00:00","description":"Soporte mini tr\u00edpode de micr\u00f3fono para escritorio, se pliega de forma compacta y cabe en cualquier lado, clip incluido para micr\u00f3fonos al\u00e1mbricos est\u00e1ndar, tama\u00f1o compacto, altura m\u00ednima: 127 mm, altura m\u00e1xima: 127 mm, peso: 0.45 kg.","breadcrumb":{"@id":"https:\/\/www.mexicanguitarplayers.com\/tienda\/sin categor\u00eda\/soporte-frameworks-p-mic-gfw-mic-0250\/#breadcrumb"},"inLanguage":"en-US","potentialAction":[{"@type":"ReadAction","target":["https:\/\/www.mexicanguitarplayers.com\/tienda\/sin categor\u00eda\/soporte-frameworks-p-mic-gfw-mic-0250\/"]}]},{"@type":"ImageObject","inLanguage":"en-US","@id":"https:\/\/www.mexicanguitarplayers.com\/tienda\/sin categor\u00eda\/soporte-frameworks-p-mic-gfw-mic-0250\/#primaryimage","url":"https:\/\/www.mexicanguitarplayers.com\/wp-content\/uploads\/2025\/04\/VAFRMGFWMIC025.jpg","contentUrl":"https:\/\/www.mexicanguitarplayers.com\/wp-content\/uploads\/2025\/04\/VAFRMGFWMIC025.jpg","width":1200,"height":1200},{"@type":"BreadcrumbList","@id":"https:\/\/www.mexicanguitarplayers.com\/tienda\/sin categor\u00eda\/soporte-frameworks-p-mic-gfw-mic-0250\/#breadcrumb","itemListElement":[{"@type":"ListItem","position":1,"name":"Portada","item":"https:\/\/www.mexicanguitarplayers.com\/"},{"@type":"ListItem","position":2,"name":"Tienda","item":"https:\/\/www.mexicanguitarplayers.com\/tienda\/"},{"@type":"ListItem","position":3,"name":"SOPORTE FRAMEWORKS P\/MIC. GFW-MIC-0250"}]},{"@type":"WebSite","@id":"https:\/\/www.mexicanguitarplayers.com\/#website","url":"https:\/\/www.mexicanguitarplayers.com\/","name":"Mexican Guitar Players","description":"Website","publisher":{"@id":"https:\/\/www.mexicanguitarplayers.com\/#organization"},"potentialAction":[{"@type":"SearchAction","target":{"@type":"EntryPoint","urlTemplate":"https:\/\/www.mexicanguitarplayers.com\/?s={search_term_string}"},"query-input":{"@type":"PropertyValueSpecification","valueRequired":true,"valueName":"search_term_string"}}],"inLanguage":"en-US"},{"@type":"Organization","@id":"https:\/\/www.mexicanguitarplayers.com\/#organization","name":"Mexican Guitar Players","url":"https:\/\/www.mexicanguitarplayers.com\/","logo":{"@type":"ImageObject","inLanguage":"en-US","@id":"https:\/\/www.mexicanguitarplayers.com\/#\/schema\/logo\/image\/","url":"","contentUrl":"","caption":"Mexican Guitar Players"},"image":{"@id":"https:\/\/www.mexicanguitarplayers.com\/#\/schema\/logo\/image\/"}}]}},"brands":[{"id":563,"name":"FRAMEWORKS","slug":"frameworks"}],"_links":{"self":[{"href":"https:\/\/www.mexicanguitarplayers.com\/en\/wp-json\/wp\/v2\/product\/42021","targetHints":{"allow":["GET"]}}],"collection":[{"href":"https:\/\/www.mexicanguitarplayers.com\/en\/wp-json\/wp\/v2\/product"}],"about":[{"href":"https:\/\/www.mexicanguitarplayers.com\/en\/wp-json\/wp\/v2\/types\/product"}],"replies":[{"embeddable":true,"href":"https:\/\/www.mexicanguitarplayers.com\/en\/wp-json\/wp\/v2\/comments?post=42021"}],"wp:featuredmedia":[{"embeddable":true,"href":"https:\/\/www.mexicanguitarplayers.com\/en\/wp-json\/wp\/v2\/media\/42016"}],"wp:attachment":[{"href":"https:\/\/www.mexicanguitarplayers.com\/en\/wp-json\/wp\/v2\/media?parent=42021"}],"wp:term":[{"taxonomy":"pwb-brand","embeddable":true,"href":"https:\/\/www.mexicanguitarplayers.com\/en\/wp-json\/wp\/v2\/pwb-brand?post=42021"},{"taxonomy":"product_brand","embeddable":true,"href":"https:\/\/www.mexicanguitarplayers.com\/en\/wp-json\/wp\/v2\/product_brand?post=42021"},{"taxonomy":"product_cat","embeddable":true,"href":"https:\/\/www.mexicanguitarplayers.com\/en\/wp-json\/wp\/v2\/product_cat?post=42021"},{"taxonomy":"product_tag","embeddable":true,"href":"https:\/\/www.mexicanguitarplayers.com\/en\/wp-json\/wp\/v2\/product_tag?post=42021"}],"curies":[{"name":"wp","href":"https:\/\/api.w.org\/{rel}","templated":true}]}}