{"id":42027,"date":"2025-04-09T09:06:07","date_gmt":"2025-04-09T15:06:07","guid":{"rendered":"https:\/\/www.mexicanguitarplayers.com\/tienda\/sin categor\u00eda\/teclado-casio-portatil-ct-s300-c-eli\/"},"modified":"2026-05-13T13:15:07","modified_gmt":"2026-05-13T19:15:07","slug":"teclado-casio-portatil-ct-s300-c-eli","status":"publish","type":"product","link":"https:\/\/www.mexicanguitarplayers.com\/en\/tienda\/teclas\/teclados\/estandar\/teclado-casio-portatil-ct-s300-c-eli\/","title":{"rendered":"TECLADO CASIO PORTATIL    CT-S300 C\/ELI"},"content":{"rendered":"<div style=\"text-align: justify\">\n<div>\n<h3>Respuesta t\u00e1ctil y rueda de inflexi\u00f3n de tonos para un sonido expresivo.<\/h3>\n<\/div>\n<div>Con el CT-S300, puedes disfrutar de la m\u00fasica en cualquier momento y lugar. Su tama\u00f1o compacto de 930 x 256 x 73 mm es un 30% m\u00e1s peque\u00f1o en volumen que el modelo CT-K3500 y su bater\u00eda alcalina cuenta con aproximadamente 19 horas de duraci\u00f3n. Llevarlo es muy sencillo, gracias a un mango en la parte superior del teclado y un peso de solo 3.3 kg. El dise\u00f1o incorpora bordes y esquinas redondeados, lo cual permite transportarlo con seguridad. El per\u00edodo de funcionamiento continuo puede ser m\u00e1s corto seg\u00fan el tipo de bater\u00eda y la manera en que toca m\u00fasica. El CT-S300 presenta una interfaz simple e intuitiva que ofrece un dise\u00f1o organizado con menos botones mediante una pantalla LCD de puntos completos y un selector. Tambi\u00e9n cuenta con un bot\u00f3n de inicio que permite a los usuarios volver a la pantalla original en cualquier momento, lo cual convierte a este producto en un teclado multifunci\u00f3n superior con una facilidad de uso mejorada. El uso de altavoces ovalados de 13 x 6 cm con imanes reforzados ofrece un sonido sorprendentemente genial para un instrumento tan compacto. Una funci\u00f3n adicional que optimiza el ecualizador en conjunto con el volumen proporciona un sonido equilibrado desde los tonos graves hasta los tonos altos, incluso a un volumen bajo. El CT-S300 incluye un modo que permite a los usuarios juntar frases de bater\u00eda, bajo y sintetizador para disfrutar f\u00e1cilmente de la m\u00fasica bailable, adem\u00e1s de 12 tipos de voces de m\u00fasica bailable que encajan muy bien con esta m\u00fasica. Solo presiona junto con el ritmo para agregar detalles a la reproducci\u00f3n com\u00fan y disfruta de la m\u00fasica bailable. Las teclas tienen forma de caja, similar a las de un piano. La sensibilidad al tacto proporciona cambios de volumen y tono como los de un piano, dependiendo de la fuerza que se utilice para tocar las teclas. Registra tus ajustes favoritos para recordar f\u00e1cilmente tonos y ritmos como los que aprendiste en la clase de m\u00fasica mientras practicas en casa. La rueda de inflexi\u00f3n de tonos hace f\u00e1cil agregar efectos realistas de guitarra y saxo al teclado. El CT-S300 incluye un conector USB a host micro B que te permite disfrutar f\u00e1cilmente de la m\u00fasica, junto con tu dispositivo inteligente o computadora. La conectividad de aplicaciones hace que practicar sea divertido con la Aplicaci\u00f3n Chordana Play. Muestra 50 canciones de demostraci\u00f3n en la aplicaci\u00f3n o archivos MIDI descargados en el rollo de piano Chordana Play o en la pantalla de partitura musical para reproducir tus canciones favoritas en cualquier momento y lugar. Reproduce m\u00fasica sin leer una partitura musical presionando las teclas al ritmo con las barras a medida que bajan desde la parte superior de la pantalla. Registra tu puntuaci\u00f3n en la funci\u00f3n de puntaje de la aplicaci\u00f3n para que la pr\u00e1ctica sea algo divertido y observa c\u00f3mo mejora tu habilidad para tocar. El m\u00e9todo de conexi\u00f3n var\u00eda seg\u00fan el modelo de dispositivo inteligente. Se necesita un cable USB y un adaptador (se venden por separado) para conectar un dispositivo inteligente al CT-S300. Vincula el teclado con la aplicaci\u00f3n Chordana Play descargada en tu dispositivo inteligente para aumentar la diversi\u00f3n. La funda blanda dedicada tiene el tama\u00f1o ideal para las series CT-S y LK-S250 y el dise\u00f1o plegable ofrece una mejor funcionalidad y m\u00e1s estilo. Desliza las correas de mochila y lleva tu teclado donde quiera que vayas. Tambi\u00e9n tiene espacio para atril y adaptador de CA.<\/div>\n<div>\n<h4>Quick look<\/h4>\n<\/div>\n<ul style=\"margin: 0px 0px 0px 25px\">\n<li style=\"list-style-type: circle;margin: 5px\">Teclado.<\/li>\n<li style=\"list-style-type: circle;margin: 5px\">Sensibilidad al tacto.<\/li>\n<li style=\"list-style-type: circle;margin: 5px\">Polifon\u00eda m\u00e1xima.<\/li>\n<li style=\"list-style-type: circle;margin: 5px\">Tonos.<\/li>\n<li style=\"list-style-type: circle;margin: 5px\">Efectos digitales.<\/li>\n<li style=\"list-style-type: circle;margin: 5px\">Metr\u00f3nomo.<\/li>\n<li style=\"list-style-type: circle;margin: 5px\">Banco de canciones.<\/li>\n<li style=\"list-style-type: circle;margin: 5px\">Acompa\u00f1amiento autom\u00e1tico.<\/li>\n<li style=\"list-style-type: circle;margin: 5px\">Modo de m\u00fasica de baile.<\/li>\n<li style=\"list-style-type: circle;margin: 5px\">Otras funciones.<\/li>\n<li style=\"list-style-type: circle;margin: 5px\">Funci\u00f3n de aplicaci\u00f3n.<\/li>\n<li style=\"list-style-type: circle;margin: 5px\">MIDI.<\/li>\n<li style=\"list-style-type: circle;margin: 5px\">Rueda de inflexi\u00f3n de tonos.<\/li>\n<li style=\"list-style-type: circle;margin: 5px\">Terminales de entrada y salida.<\/li>\n<li style=\"list-style-type: circle;margin: 5px\">Power supply.<\/li>\n<li style=\"list-style-type: circle;margin: 5px\">Bocinas.<\/li>\n<li style=\"list-style-type: circle;margin: 5px\">Power.<\/li>\n<li style=\"list-style-type: circle;margin: 5px\">Energy consumption.<\/li>\n<li style=\"list-style-type: circle;margin: 5px\">Dimensions.<\/li>\n<li style=\"list-style-type: circle;margin: 5px\">Weight.<\/li>\n<li style=\"list-style-type: circle;margin: 5px\">Accessories included.<\/li>\n<\/ul>\n<div>\n<div style=\"font-weight: bold\">Teclado.<\/div>\n<div>\n<p>61 teclas tama\u00f1o est\u00e1ndar.<\/p>\n<\/div>\n<div style=\"font-weight: bold\">Sensibilidad al tacto.<\/div>\n<div>\n<p>2 niveles de sensibilidad, desactivados.<\/p>\n<\/div>\n<div style=\"font-weight: bold\">Polifon\u00eda m\u00e1xima.<\/div>\n<div>\n<p>48 notas.<\/p>\n<\/div>\n<div style=\"font-weight: bold\">Tonos.<\/div>\n<div>\n<p>400 tonos integrados.<\/p>\n<\/div>\n<div style=\"font-weight: bold\">Efectos digitales.<\/div>\n<div>\n<p>Reverb: De 1 a 10, desactivado.<\/p>\n<\/div>\n<div style=\"font-weight: bold\">Metr\u00f3nomo.<\/div>\n<div>\n<p>Compases por medida: De 0 a 16. Intervalo de tiempo: De 20 a 255.<\/p>\n<\/div>\n<div style=\"font-weight: bold\">Banco de canciones.<\/div>\n<div>\n<p>Canciones integradas: 60. Funci\u00f3n de desactivaci\u00f3n de parte: mano izquierda, mano derecha, ambas manos.<\/p>\n<\/div>\n<div style=\"font-weight: bold\">Acompa\u00f1amiento autom\u00e1tico.<\/div>\n<div>\n<p>77 ritmos integrados.<\/p>\n<\/div>\n<div style=\"font-weight: bold\">Modo de m\u00fasica de baile.<\/div>\n<div>\n<p>50 patrones incorporados. 12 voces de m\u00fasica bailable.<\/p>\n<\/div>\n<div style=\"font-weight: bold\">Otras funciones.<\/div>\n<div>\n<p>Transposici\u00f3n: \u00b11 octavas (de -12 a +12 semitonos). Ajuste de sonido: A4 = de 415,5 a 465,9 Hz (predeterminado inicial: 440 Hz). Preajuste con un bot\u00f3n: 77. Bot\u00f3n de tono sostenido. Pantalla LCD (contraste ajustable). Mi configuraci\u00f3n: 1.<\/p>\n<\/div>\n<div style=\"font-weight: bold\">Funci\u00f3n de aplicaci\u00f3n.<\/div>\n<div>\n<p>Chordana Play.<\/p>\n<\/div>\n<div style=\"font-weight: bold\">MIDI.<\/div>\n<div>\n<p>Recepci\u00f3n de timbres m\u00faltiples de 16, nivel 1 de GM.<\/p>\n<\/div>\n<div style=\"font-weight: bold\">Rueda de inflexi\u00f3n de tonos.<\/div>\n<div>\n<p>De 0 a 12 semitonos.<\/p>\n<\/div>\n<div style=\"font-weight: bold\">Terminales de entrada y salida.<\/div>\n<div>\n<p>Conector de aud\u00edfonos\/Salida: Mini conector est\u00e9reo 3.5 mm. Conector de entrada de audio: Mini conector est\u00e9reo 3.5 mm. Puerto USB: Micro B. Conector para pedal: Conector est\u00e1ndar 6.3 mm (pedal sostenido, sostenuto, suave, play\/stop).<\/p>\n<\/div>\n<div style=\"font-weight: bold\">Power supply.<\/div>\n<div>\n<p>Adaptador de CA de 9.5V CC (incluido) o 6 pulas alcalinas AA o pilas recargables de Ni-MJ tama\u00f1o AA.<\/p>\n<\/div>\n<div style=\"font-weight: bold\">Bocinas.<\/div>\n<div>\n<p>2 bocinas de 13 x 6 m (ovaladas).<\/p>\n<\/div>\n<div style=\"font-weight: bold\">Power.<\/div>\n<div>\n<p>Potencia de salida de 2.5W + 2.5W.<\/p>\n<\/div>\n<div style=\"font-weight: bold\">Energy consumption.<\/div>\n<div>\n<p>5.5W.<\/p>\n<\/div>\n<div style=\"font-weight: bold\">Dimensions.<\/div>\n<div>\n<p>93 x 25.6 x 7.3 cm.<\/p>\n<\/div>\n<div style=\"font-weight: bold\">Weight.<\/div>\n<div>\n<p>3.3 kg.<\/p>\n<\/div>\n<div style=\"font-weight: bold\">Accessories included.<\/div>\n<div>\n<p>Adaptador de corriente y soporte para partituras.<\/p>\n<\/div>\n<\/div>\n<\/div>","protected":false},"excerpt":{"rendered":"<p>Teclado de 61 teclas, polifon\u00eda m\u00e1xima de 48 notas, 400 tonos integrados, reverb,metr\u00f3nomo, 60 canciones integradas, 77 ritmos integrados, modo de m\u00fasica de baile con 50 patrones incorporados y 12 voces de m\u00fasica bailable, transposici\u00f3n de teclas, fnci\u00f3n de aplicaci\u00f3n Chordana Play, rueda de inflexi\u00f3n de tonos, conector de aud\u00edfonos, conector de entrada de audio, puerto USB Micro B, conector para pedal, fuente de alimentaci\u00f3n 9.5V CC o 6 pulas alcalinas AA o pilas recargables de Ni-MJ tama\u00f1o AA, 2 bocinas de 13 x 6 m (ovaladas), con potencia de salida de 2.5W + 2.5W, consumo de energ\u00eda: 5.5W, dimensiones: 93 x 25.6 x 7.3 cm, peso: 3.3 kg, incluye adaptador de corriente y soporte para partituras.&hellip; <a class=\"kt-excerpt-readmore more-link\" href=\"https:\/\/www.mexicanguitarplayers.com\/en\/tienda\/teclas\/teclados\/estandar\/teclado-casio-portatil-ct-s300-c-eli\/\">Read more<\/a><\/p>","protected":false},"featured_media":42022,"comment_status":"open","ping_status":"closed","template":"","meta":{"kt_blocks_editor_width":""},"pwb-brand":[274],"product_brand":[],"product_cat":[381,380,376],"product_tag":[],"class_list":{"0":"post-42027","1":"product","2":"type-product","3":"status-publish","4":"has-post-thumbnail","6":"pwb-brand-casio","7":"product_cat-estandar","8":"product_cat-teclados","9":"product_cat-teclas","10":"product_shipping_class-5-10-kg","12":"first","13":"instock","14":"taxable","15":"shipping-taxable","16":"purchasable","17":"product-type-simple"},"yoast_head":"<!-- This site is optimized with the Yoast SEO plugin v27.6 - https:\/\/yoast.com\/product\/yoast-seo-wordpress\/ -->\n<title>TECLADO CASIO PORTATIL  CT-S300 C\/ELI - Mexican Guitar Players<\/title>\n<meta name=\"description\" content=\"Teclado de 61 teclas, polifon\u00eda m\u00e1xima de 48 notas, 400 tonos integrados, reverb,metr\u00f3nomo, 60 canciones integradas, 77 ritmos integrados, modo de m\u00fasica de baile con 50 patrones incorporados y 12 voces de m\u00fasica bailable, transposici\u00f3n de teclas, fnci\u00f3n de aplicaci\u00f3n Chordana Play, rueda de inflexi\u00f3n de tonos, conector de aud\u00edfonos, conector de entrada de audio, puerto USB Micro B, conector para pedal, fuente de alimentaci\u00f3n 9.5V CC o 6 pulas alcalinas AA o pilas recargables de Ni-MJ tama\u00f1o AA, 2 bocinas de 13 x 6 m (ovaladas), con potencia de salida de 2.5W + 2.5W, consumo de energ\u00eda: 5.5W, dimensiones: 93 x 25.6 x 7.3 cm, peso: 3.3 kg, incluye adaptador de corriente y soporte para partituras.\" \/>\n<meta name=\"robots\" content=\"index, follow, max-snippet:-1, max-image-preview:large, max-video-preview:-1\" \/>\n<link rel=\"canonical\" href=\"https:\/\/www.mexicanguitarplayers.com\/en\/tienda\/sin%20categor\u00eda\/teclado-casio-portatil-ct-s300-c-eli\/\" \/>\n<meta property=\"og:locale\" content=\"en_US\" \/>\n<meta property=\"og:type\" content=\"article\" \/>\n<meta property=\"og:title\" content=\"TECLADO CASIO PORTATIL  CT-S300 C\/ELI - Mexican Guitar Players\" \/>\n<meta property=\"og:description\" content=\"Teclado de 61 teclas, polifon\u00eda m\u00e1xima de 48 notas, 400 tonos integrados, reverb,metr\u00f3nomo, 60 canciones integradas, 77 ritmos integrados, modo de m\u00fasica de baile con 50 patrones incorporados y 12 voces de m\u00fasica bailable, transposici\u00f3n de teclas, fnci\u00f3n de aplicaci\u00f3n Chordana Play, rueda de inflexi\u00f3n de tonos, conector de aud\u00edfonos, conector de entrada de audio, puerto USB Micro B, conector para pedal, fuente de alimentaci\u00f3n 9.5V CC o 6 pulas alcalinas AA o pilas recargables de Ni-MJ tama\u00f1o AA, 2 bocinas de 13 x 6 m (ovaladas), con potencia de salida de 2.5W + 2.5W, consumo de energ\u00eda: 5.5W, dimensiones: 93 x 25.6 x 7.3 cm, peso: 3.3 kg, incluye adaptador de corriente y soporte para partituras.\" \/>\n<meta property=\"og:url\" content=\"https:\/\/www.mexicanguitarplayers.com\/en\/tienda\/sin categor\u00eda\/teclado-casio-portatil-ct-s300-c-eli\/\" \/>\n<meta property=\"og:site_name\" content=\"Mexican Guitar Players\" \/>\n<meta property=\"article:modified_time\" content=\"2026-05-13T19:15:07+00:00\" \/>\n<meta name=\"twitter:card\" content=\"summary_large_image\" \/>\n<meta name=\"twitter:label1\" content=\"Est. reading time\" \/>\n\t<meta name=\"twitter:data1\" content=\"5 minutes\" \/>\n<script type=\"application\/ld+json\" class=\"yoast-schema-graph\">{\"@context\":\"https:\\\/\\\/schema.org\",\"@graph\":[{\"@type\":[\"WebPage\",\"ItemPage\"],\"@id\":\"https:\\\/\\\/www.mexicanguitarplayers.com\\\/tienda\\\/sin categor\u00eda\\\/teclado-casio-portatil-ct-s300-c-eli\\\/\",\"url\":\"https:\\\/\\\/www.mexicanguitarplayers.com\\\/tienda\\\/sin categor\u00eda\\\/teclado-casio-portatil-ct-s300-c-eli\\\/\",\"name\":\"TECLADO CASIO PORTATIL CT-S300 C\\\/ELI - Mexican Guitar Players\",\"isPartOf\":{\"@id\":\"https:\\\/\\\/www.mexicanguitarplayers.com\\\/#website\"},\"primaryImageOfPage\":{\"@id\":\"https:\\\/\\\/www.mexicanguitarplayers.com\\\/tienda\\\/sin categor\u00eda\\\/teclado-casio-portatil-ct-s300-c-eli\\\/#primaryimage\"},\"image\":{\"@id\":\"https:\\\/\\\/www.mexicanguitarplayers.com\\\/tienda\\\/sin categor\u00eda\\\/teclado-casio-portatil-ct-s300-c-eli\\\/#primaryimage\"},\"thumbnailUrl\":\"https:\\\/\\\/www.mexicanguitarplayers.com\\\/wp-content\\\/uploads\\\/2025\\\/04\\\/ITCASCTS300.jpg\",\"datePublished\":\"2025-04-09T15:06:07+00:00\",\"dateModified\":\"2026-05-13T19:15:07+00:00\",\"description\":\"Teclado de 61 teclas, polifon\u00eda m\u00e1xima de 48 notas, 400 tonos integrados, reverb,metr\u00f3nomo, 60 canciones integradas, 77 ritmos integrados, modo de m\u00fasica de baile con 50 patrones incorporados y 12 voces de m\u00fasica bailable, transposici\u00f3n de teclas, fnci\u00f3n de aplicaci\u00f3n Chordana Play, rueda de inflexi\u00f3n de tonos, conector de aud\u00edfonos, conector de entrada de audio, puerto USB Micro B, conector para pedal, fuente de alimentaci\u00f3n 9.5V CC o 6 pulas alcalinas AA o pilas recargables de Ni-MJ tama\u00f1o AA, 2 bocinas de 13 x 6 m (ovaladas), con potencia de salida de 2.5W + 2.5W, consumo de energ\u00eda: 5.5W, dimensiones: 93 x 25.6 x 7.3 cm, peso: 3.3 kg, incluye adaptador de corriente y soporte para partituras.\",\"breadcrumb\":{\"@id\":\"https:\\\/\\\/www.mexicanguitarplayers.com\\\/tienda\\\/sin categor\u00eda\\\/teclado-casio-portatil-ct-s300-c-eli\\\/#breadcrumb\"},\"inLanguage\":\"en-US\",\"potentialAction\":[{\"@type\":\"ReadAction\",\"target\":[\"https:\\\/\\\/www.mexicanguitarplayers.com\\\/tienda\\\/sin categor\u00eda\\\/teclado-casio-portatil-ct-s300-c-eli\\\/\"]}]},{\"@type\":\"ImageObject\",\"inLanguage\":\"en-US\",\"@id\":\"https:\\\/\\\/www.mexicanguitarplayers.com\\\/tienda\\\/sin categor\u00eda\\\/teclado-casio-portatil-ct-s300-c-eli\\\/#primaryimage\",\"url\":\"https:\\\/\\\/www.mexicanguitarplayers.com\\\/wp-content\\\/uploads\\\/2025\\\/04\\\/ITCASCTS300.jpg\",\"contentUrl\":\"https:\\\/\\\/www.mexicanguitarplayers.com\\\/wp-content\\\/uploads\\\/2025\\\/04\\\/ITCASCTS300.jpg\",\"width\":1600,\"height\":800},{\"@type\":\"BreadcrumbList\",\"@id\":\"https:\\\/\\\/www.mexicanguitarplayers.com\\\/tienda\\\/sin categor\u00eda\\\/teclado-casio-portatil-ct-s300-c-eli\\\/#breadcrumb\",\"itemListElement\":[{\"@type\":\"ListItem\",\"position\":1,\"name\":\"Portada\",\"item\":\"https:\\\/\\\/www.mexicanguitarplayers.com\\\/\"},{\"@type\":\"ListItem\",\"position\":2,\"name\":\"Tienda\",\"item\":\"https:\\\/\\\/www.mexicanguitarplayers.com\\\/tienda\\\/\"},{\"@type\":\"ListItem\",\"position\":3,\"name\":\"TECLADO CASIO PORTATIL CT-S300 C\\\/ELI\"}]},{\"@type\":\"WebSite\",\"@id\":\"https:\\\/\\\/www.mexicanguitarplayers.com\\\/#website\",\"url\":\"https:\\\/\\\/www.mexicanguitarplayers.com\\\/\",\"name\":\"Mexican Guitar Players\",\"description\":\"Website\",\"publisher\":{\"@id\":\"https:\\\/\\\/www.mexicanguitarplayers.com\\\/#organization\"},\"potentialAction\":[{\"@type\":\"SearchAction\",\"target\":{\"@type\":\"EntryPoint\",\"urlTemplate\":\"https:\\\/\\\/www.mexicanguitarplayers.com\\\/?s={search_term_string}\"},\"query-input\":{\"@type\":\"PropertyValueSpecification\",\"valueRequired\":true,\"valueName\":\"search_term_string\"}}],\"inLanguage\":\"en-US\"},{\"@type\":\"Organization\",\"@id\":\"https:\\\/\\\/www.mexicanguitarplayers.com\\\/#organization\",\"name\":\"Mexican Guitar Players\",\"url\":\"https:\\\/\\\/www.mexicanguitarplayers.com\\\/\",\"logo\":{\"@type\":\"ImageObject\",\"inLanguage\":\"en-US\",\"@id\":\"https:\\\/\\\/www.mexicanguitarplayers.com\\\/#\\\/schema\\\/logo\\\/image\\\/\",\"url\":\"\",\"contentUrl\":\"\",\"caption\":\"Mexican Guitar Players\"},\"image\":{\"@id\":\"https:\\\/\\\/www.mexicanguitarplayers.com\\\/#\\\/schema\\\/logo\\\/image\\\/\"}}]}<\/script>\n<!-- \/ Yoast SEO plugin. -->","yoast_head_json":{"title":"TECLADO CASIO PORTATIL  CT-S300 C\/ELI - Mexican Guitar Players","description":"Teclado de 61 teclas, polifon\u00eda m\u00e1xima de 48 notas, 400 tonos integrados, reverb,metr\u00f3nomo, 60 canciones integradas, 77 ritmos integrados, modo de m\u00fasica de baile con 50 patrones incorporados y 12 voces de m\u00fasica bailable, transposici\u00f3n de teclas, fnci\u00f3n de aplicaci\u00f3n Chordana Play, rueda de inflexi\u00f3n de tonos, conector de aud\u00edfonos, conector de entrada de audio, puerto USB Micro B, conector para pedal, fuente de alimentaci\u00f3n 9.5V CC o 6 pulas alcalinas AA o pilas recargables de Ni-MJ tama\u00f1o AA, 2 bocinas de 13 x 6 m (ovaladas), con potencia de salida de 2.5W + 2.5W, consumo de energ\u00eda: 5.5W, dimensiones: 93 x 25.6 x 7.3 cm, peso: 3.3 kg, incluye adaptador de corriente y soporte para partituras.","robots":{"index":"index","follow":"follow","max-snippet":"max-snippet:-1","max-image-preview":"max-image-preview:large","max-video-preview":"max-video-preview:-1"},"canonical":"https:\/\/www.mexicanguitarplayers.com\/en\/tienda\/sin categor\u00eda\/teclado-casio-portatil-ct-s300-c-eli\/","og_locale":"en_US","og_type":"article","og_title":"TECLADO CASIO PORTATIL  CT-S300 C\/ELI - Mexican Guitar Players","og_description":"Teclado de 61 teclas, polifon\u00eda m\u00e1xima de 48 notas, 400 tonos integrados, reverb,metr\u00f3nomo, 60 canciones integradas, 77 ritmos integrados, modo de m\u00fasica de baile con 50 patrones incorporados y 12 voces de m\u00fasica bailable, transposici\u00f3n de teclas, fnci\u00f3n de aplicaci\u00f3n Chordana Play, rueda de inflexi\u00f3n de tonos, conector de aud\u00edfonos, conector de entrada de audio, puerto USB Micro B, conector para pedal, fuente de alimentaci\u00f3n 9.5V CC o 6 pulas alcalinas AA o pilas recargables de Ni-MJ tama\u00f1o AA, 2 bocinas de 13 x 6 m (ovaladas), con potencia de salida de 2.5W + 2.5W, consumo de energ\u00eda: 5.5W, dimensiones: 93 x 25.6 x 7.3 cm, peso: 3.3 kg, incluye adaptador de corriente y soporte para partituras.","og_url":"https:\/\/www.mexicanguitarplayers.com\/en\/tienda\/sin categor\u00eda\/teclado-casio-portatil-ct-s300-c-eli\/","og_site_name":"Mexican Guitar Players","article_modified_time":"2026-05-13T19:15:07+00:00","twitter_card":"summary_large_image","twitter_misc":{"Est. reading time":"5 minutes"},"schema":{"@context":"https:\/\/schema.org","@graph":[{"@type":["WebPage","ItemPage"],"@id":"https:\/\/www.mexicanguitarplayers.com\/tienda\/sin categor\u00eda\/teclado-casio-portatil-ct-s300-c-eli\/","url":"https:\/\/www.mexicanguitarplayers.com\/tienda\/sin categor\u00eda\/teclado-casio-portatil-ct-s300-c-eli\/","name":"TECLADO CASIO PORTATIL CT-S300 C\/ELI - Mexican Guitar Players","isPartOf":{"@id":"https:\/\/www.mexicanguitarplayers.com\/#website"},"primaryImageOfPage":{"@id":"https:\/\/www.mexicanguitarplayers.com\/tienda\/sin categor\u00eda\/teclado-casio-portatil-ct-s300-c-eli\/#primaryimage"},"image":{"@id":"https:\/\/www.mexicanguitarplayers.com\/tienda\/sin categor\u00eda\/teclado-casio-portatil-ct-s300-c-eli\/#primaryimage"},"thumbnailUrl":"https:\/\/www.mexicanguitarplayers.com\/wp-content\/uploads\/2025\/04\/ITCASCTS300.jpg","datePublished":"2025-04-09T15:06:07+00:00","dateModified":"2026-05-13T19:15:07+00:00","description":"Teclado de 61 teclas, polifon\u00eda m\u00e1xima de 48 notas, 400 tonos integrados, reverb,metr\u00f3nomo, 60 canciones integradas, 77 ritmos integrados, modo de m\u00fasica de baile con 50 patrones incorporados y 12 voces de m\u00fasica bailable, transposici\u00f3n de teclas, fnci\u00f3n de aplicaci\u00f3n Chordana Play, rueda de inflexi\u00f3n de tonos, conector de aud\u00edfonos, conector de entrada de audio, puerto USB Micro B, conector para pedal, fuente de alimentaci\u00f3n 9.5V CC o 6 pulas alcalinas AA o pilas recargables de Ni-MJ tama\u00f1o AA, 2 bocinas de 13 x 6 m (ovaladas), con potencia de salida de 2.5W + 2.5W, consumo de energ\u00eda: 5.5W, dimensiones: 93 x 25.6 x 7.3 cm, peso: 3.3 kg, incluye adaptador de corriente y soporte para partituras.","breadcrumb":{"@id":"https:\/\/www.mexicanguitarplayers.com\/tienda\/sin categor\u00eda\/teclado-casio-portatil-ct-s300-c-eli\/#breadcrumb"},"inLanguage":"en-US","potentialAction":[{"@type":"ReadAction","target":["https:\/\/www.mexicanguitarplayers.com\/tienda\/sin categor\u00eda\/teclado-casio-portatil-ct-s300-c-eli\/"]}]},{"@type":"ImageObject","inLanguage":"en-US","@id":"https:\/\/www.mexicanguitarplayers.com\/tienda\/sin categor\u00eda\/teclado-casio-portatil-ct-s300-c-eli\/#primaryimage","url":"https:\/\/www.mexicanguitarplayers.com\/wp-content\/uploads\/2025\/04\/ITCASCTS300.jpg","contentUrl":"https:\/\/www.mexicanguitarplayers.com\/wp-content\/uploads\/2025\/04\/ITCASCTS300.jpg","width":1600,"height":800},{"@type":"BreadcrumbList","@id":"https:\/\/www.mexicanguitarplayers.com\/tienda\/sin categor\u00eda\/teclado-casio-portatil-ct-s300-c-eli\/#breadcrumb","itemListElement":[{"@type":"ListItem","position":1,"name":"Portada","item":"https:\/\/www.mexicanguitarplayers.com\/"},{"@type":"ListItem","position":2,"name":"Tienda","item":"https:\/\/www.mexicanguitarplayers.com\/tienda\/"},{"@type":"ListItem","position":3,"name":"TECLADO CASIO PORTATIL CT-S300 C\/ELI"}]},{"@type":"WebSite","@id":"https:\/\/www.mexicanguitarplayers.com\/#website","url":"https:\/\/www.mexicanguitarplayers.com\/","name":"Mexican Guitar Players","description":"Website","publisher":{"@id":"https:\/\/www.mexicanguitarplayers.com\/#organization"},"potentialAction":[{"@type":"SearchAction","target":{"@type":"EntryPoint","urlTemplate":"https:\/\/www.mexicanguitarplayers.com\/?s={search_term_string}"},"query-input":{"@type":"PropertyValueSpecification","valueRequired":true,"valueName":"search_term_string"}}],"inLanguage":"en-US"},{"@type":"Organization","@id":"https:\/\/www.mexicanguitarplayers.com\/#organization","name":"Mexican Guitar Players","url":"https:\/\/www.mexicanguitarplayers.com\/","logo":{"@type":"ImageObject","inLanguage":"en-US","@id":"https:\/\/www.mexicanguitarplayers.com\/#\/schema\/logo\/image\/","url":"","contentUrl":"","caption":"Mexican Guitar Players"},"image":{"@id":"https:\/\/www.mexicanguitarplayers.com\/#\/schema\/logo\/image\/"}}]}},"brands":[{"id":274,"name":"CASIO","slug":"casio"}],"_links":{"self":[{"href":"https:\/\/www.mexicanguitarplayers.com\/en\/wp-json\/wp\/v2\/product\/42027","targetHints":{"allow":["GET"]}}],"collection":[{"href":"https:\/\/www.mexicanguitarplayers.com\/en\/wp-json\/wp\/v2\/product"}],"about":[{"href":"https:\/\/www.mexicanguitarplayers.com\/en\/wp-json\/wp\/v2\/types\/product"}],"replies":[{"embeddable":true,"href":"https:\/\/www.mexicanguitarplayers.com\/en\/wp-json\/wp\/v2\/comments?post=42027"}],"wp:featuredmedia":[{"embeddable":true,"href":"https:\/\/www.mexicanguitarplayers.com\/en\/wp-json\/wp\/v2\/media\/42022"}],"wp:attachment":[{"href":"https:\/\/www.mexicanguitarplayers.com\/en\/wp-json\/wp\/v2\/media?parent=42027"}],"wp:term":[{"taxonomy":"pwb-brand","embeddable":true,"href":"https:\/\/www.mexicanguitarplayers.com\/en\/wp-json\/wp\/v2\/pwb-brand?post=42027"},{"taxonomy":"product_brand","embeddable":true,"href":"https:\/\/www.mexicanguitarplayers.com\/en\/wp-json\/wp\/v2\/product_brand?post=42027"},{"taxonomy":"product_cat","embeddable":true,"href":"https:\/\/www.mexicanguitarplayers.com\/en\/wp-json\/wp\/v2\/product_cat?post=42027"},{"taxonomy":"product_tag","embeddable":true,"href":"https:\/\/www.mexicanguitarplayers.com\/en\/wp-json\/wp\/v2\/product_tag?post=42027"}],"curies":[{"name":"wp","href":"https:\/\/api.w.org\/{rel}","templated":true}]}}