{"id":42062,"date":"2025-04-09T09:06:57","date_gmt":"2025-04-09T15:06:57","guid":{"rendered":"https:\/\/www.mexicanguitarplayers.com\/tienda\/sin categor\u00eda\/pastilla-sd-puente-hb-nazgul-7crds-bk-me\/"},"modified":"2026-04-10T04:17:12","modified_gmt":"2026-04-10T10:17:12","slug":"pastilla-sd-puente-hb-nazgul-7crds-bk-me","status":"publish","type":"product","link":"https:\/\/www.mexicanguitarplayers.com\/en\/tienda\/accesorios\/para-guitarras\/pastillas-para-guitarra-electrica\/pastilla-sd-puente-hb-nazgul-7crds-bk-me\/","title":{"rendered":"PASTILLA SD PUENTE HB NAZGUL 7CRDS BK ME"},"content":{"rendered":"<div style=\"text-align: justify\">\n<div>\n<h3>Lleva tu guitarra al centro de la tierra.<\/h3>\n<\/div>\n<div>Al combinar un gran im\u00e1n de cer\u00e1mica con especificaciones de cuerda personalizadas, la pastilla Nazg\u00fbl ofrece la combinaci\u00f3n perfecta de articulaci\u00f3n de notas, saturaci\u00f3n y uno de los &#8220;chugs&#8221; m\u00e1s brutales que jam\u00e1s hayas escuchado de un humbucker. Tiene un contenido arm\u00f3nico incre\u00edble en todos los rangos de frecuencia y una respuesta de graves incre\u00edblemente ajustada. La pastilla Nazg\u00fbl tiene un sonido de alta ganancia muy agresivo que es vivo, pero completamente controlable. Y en configuraciones limpias de amplificador, todav\u00eda sabe c\u00f3mo comportarse y te brinda esos tonos claros y similares a una campana cuando los necesitas. La pastilla Nazg\u00fbl fue dise\u00f1ada originalmente espec\u00edficamente para guitarras de 7 y 8 cuerdas con el objetivo de ofrecer la pastilla de metal moderna perfecta para afinaciones bajas para instrumentos de rango extendido con alta ganancia. Desde entonces, la pastilla Nazg\u00fbl ha surgido de las profundidades y se ha convertido en la favorita de los guitarristas de 6, 7 y 8 cuerdas, al servicio de los m\u00fasicos cuyos estilos van desde el hard rock hasta el metal progresivo y todo lo que hay en el medio. Ofrecido en espaciados est\u00e1ndar de humbucker y trembucker de 6 cuerdas, la pastilla Nazg\u00fbl tambi\u00e9n est\u00e1 disponible para 7 y 8 cuerdas en un aspecto est\u00e1ndar open-coil o con una cubierta humbucker de metal negro en un montaje pasivo cl\u00e1sico que se adapta f\u00e1cilmente a cualquier guitarra con enrutamiento tradicional. Tambi\u00e9n ofrecemos la pastilla Nazg\u00fbl de 7 y 8 cuerdas en un tama\u00f1o de montaje activo est\u00e1ndar con una cubierta soapbar negra y una fila de polos expuestos para una apariencia m\u00e1s moderna. Construidas a mano en nuestra f\u00e1brica de Santa B\u00e1rbara, CA, las pastillas humbucker de alto rendimiento de Nazg\u00fbl utilizan un im\u00e1n de barra de cer\u00e1mica grande, una placa inferior de n\u00edquel plateado, un cable de 4 conductores para m\u00faltiples opciones de cableado y est\u00e1n recubiertos de cera al vac\u00edo para un rendimiento sin chirridos.<\/div>\n<div>\n<h4>Quick look<\/h4>\n<\/div>\n<ul style=\"margin: 0px 0px 0px 25px\">\n<li style=\"list-style-type: circle;margin: 5px\">Modelo.<\/li>\n<li style=\"list-style-type: circle;margin: 5px\">Posici\u00f3n.<\/li>\n<li style=\"list-style-type: circle;margin: 5px\">Espaciado.<\/li>\n<li style=\"list-style-type: circle;margin: 5px\">Alambrado.<\/li>\n<li style=\"list-style-type: circle;margin: 5px\">Im\u00e1n.<\/li>\n<li style=\"list-style-type: circle;margin: 5px\">Resistencia.<\/li>\n<\/ul>\n<div>\n<div style=\"font-weight: bold\">Modelo.<\/div>\n<div>\n<p>Nazg\u00fbl 7.<\/p>\n<\/div>\n<div style=\"font-weight: bold\">Posici\u00f3n.<\/div>\n<div>\n<p>Para puente.<\/p>\n<\/div>\n<div style=\"font-weight: bold\">Espaciado.<\/div>\n<div>\n<p>Est\u00e1ndar.<\/p>\n<\/div>\n<div style=\"font-weight: bold\">Alambrado.<\/div>\n<div>\n<p>4 conductores.<\/p>\n<\/div>\n<div style=\"font-weight: bold\">Im\u00e1n.<\/div>\n<div>\n<p>Cer\u00e1mica.<\/p>\n<\/div>\n<div style=\"font-weight: bold\">Resistencia.<\/div>\n<div>\n<p>16.7 kilo-ohms.<\/p>\n<\/div>\n<\/div>\n<\/div>","protected":false},"excerpt":{"rendered":"<p>Pastilla humbucker para guitarra el\u00e9ctrica de 7 cuerdas, modelo Nazg\u00fbl, posici\u00f3n: puente, cableado: 4 conductores, tipo: pasivo, im\u00e1n: cer\u00e1mica, espaciado est\u00e1ndar, cubierta en color negro met\u00e1lico, resistencia: 16.7 kilo-ohms, forjada para sondear la m\u00e1s profunda de las afinaciones de metal, agudos abrasadores, medios chirriantes y graves ajustados que definen el sonido del metal moderno.&hellip; <a class=\"kt-excerpt-readmore more-link\" href=\"https:\/\/www.mexicanguitarplayers.com\/en\/tienda\/accesorios\/para-guitarras\/pastillas-para-guitarra-electrica\/pastilla-sd-puente-hb-nazgul-7crds-bk-me\/\">Read more<\/a><\/p>","protected":false},"featured_media":42058,"comment_status":"open","ping_status":"closed","template":"","meta":{"kt_blocks_editor_width":""},"pwb-brand":[502],"product_brand":[],"product_cat":[85,336,353],"product_tag":[],"class_list":{"0":"post-42062","1":"product","2":"type-product","3":"status-publish","4":"has-post-thumbnail","6":"pwb-brand-seymour-duncan","7":"product_cat-accesorios","8":"product_cat-para-guitarras","9":"product_cat-pastillas-para-guitarra-electrica","10":"product_shipping_class-0-5-kg","12":"first","13":"outofstock","14":"taxable","15":"shipping-taxable","16":"purchasable","17":"product-type-simple"},"yoast_head":"<!-- This site is optimized with the Yoast SEO plugin v27.5 - https:\/\/yoast.com\/product\/yoast-seo-wordpress\/ -->\n<title>PASTILLA SD PUENTE HB NAZGUL 7CRDS BK ME - Mexican Guitar Players<\/title>\n<meta name=\"description\" content=\"Pastilla humbucker para guitarra el\u00e9ctrica de 7 cuerdas, modelo Nazg\u00fbl, posici\u00f3n: puente, cableado: 4 conductores, tipo: pasivo, im\u00e1n: cer\u00e1mica, espaciado est\u00e1ndar, cubierta en color negro met\u00e1lico, resistencia: 16.7 kilo-ohms, forjada para sondear la m\u00e1s profunda de las afinaciones de metal, agudos abrasadores, medios chirriantes y graves ajustados que definen el sonido del metal moderno.\" \/>\n<meta name=\"robots\" content=\"index, follow, max-snippet:-1, max-image-preview:large, max-video-preview:-1\" \/>\n<link rel=\"canonical\" href=\"https:\/\/www.mexicanguitarplayers.com\/en\/tienda\/sin%20categor\u00eda\/pastilla-sd-puente-hb-nazgul-7crds-bk-me\/\" \/>\n<meta property=\"og:locale\" content=\"en_US\" \/>\n<meta property=\"og:type\" content=\"article\" \/>\n<meta property=\"og:title\" content=\"PASTILLA SD PUENTE HB NAZGUL 7CRDS BK ME - Mexican Guitar Players\" \/>\n<meta property=\"og:description\" content=\"Pastilla humbucker para guitarra el\u00e9ctrica de 7 cuerdas, modelo Nazg\u00fbl, posici\u00f3n: puente, cableado: 4 conductores, tipo: pasivo, im\u00e1n: cer\u00e1mica, espaciado est\u00e1ndar, cubierta en color negro met\u00e1lico, resistencia: 16.7 kilo-ohms, forjada para sondear la m\u00e1s profunda de las afinaciones de metal, agudos abrasadores, medios chirriantes y graves ajustados que definen el sonido del metal moderno.\" \/>\n<meta property=\"og:url\" content=\"https:\/\/www.mexicanguitarplayers.com\/en\/tienda\/sin categor\u00eda\/pastilla-sd-puente-hb-nazgul-7crds-bk-me\/\" \/>\n<meta property=\"og:site_name\" content=\"Mexican Guitar Players\" \/>\n<meta property=\"article:modified_time\" content=\"2026-04-10T10:17:12+00:00\" \/>\n<meta name=\"twitter:card\" content=\"summary_large_image\" \/>\n<meta name=\"twitter:label1\" content=\"Est. reading time\" \/>\n\t<meta name=\"twitter:data1\" content=\"2 minutes\" \/>\n<script type=\"application\/ld+json\" class=\"yoast-schema-graph\">{\"@context\":\"https:\\\/\\\/schema.org\",\"@graph\":[{\"@type\":[\"WebPage\",\"ItemPage\"],\"@id\":\"https:\\\/\\\/www.mexicanguitarplayers.com\\\/tienda\\\/sin categor\u00eda\\\/pastilla-sd-puente-hb-nazgul-7crds-bk-me\\\/\",\"url\":\"https:\\\/\\\/www.mexicanguitarplayers.com\\\/tienda\\\/sin categor\u00eda\\\/pastilla-sd-puente-hb-nazgul-7crds-bk-me\\\/\",\"name\":\"PASTILLA SD PUENTE HB NAZGUL 7CRDS BK ME - Mexican Guitar Players\",\"isPartOf\":{\"@id\":\"https:\\\/\\\/www.mexicanguitarplayers.com\\\/#website\"},\"primaryImageOfPage\":{\"@id\":\"https:\\\/\\\/www.mexicanguitarplayers.com\\\/tienda\\\/sin categor\u00eda\\\/pastilla-sd-puente-hb-nazgul-7crds-bk-me\\\/#primaryimage\"},\"image\":{\"@id\":\"https:\\\/\\\/www.mexicanguitarplayers.com\\\/tienda\\\/sin categor\u00eda\\\/pastilla-sd-puente-hb-nazgul-7crds-bk-me\\\/#primaryimage\"},\"thumbnailUrl\":\"https:\\\/\\\/www.mexicanguitarplayers.com\\\/wp-content\\\/uploads\\\/2025\\\/04\\\/RASEO7STRNABRG.jpg\",\"datePublished\":\"2025-04-09T15:06:57+00:00\",\"dateModified\":\"2026-04-10T10:17:12+00:00\",\"description\":\"Pastilla humbucker para guitarra el\u00e9ctrica de 7 cuerdas, modelo Nazg\u00fbl, posici\u00f3n: puente, cableado: 4 conductores, tipo: pasivo, im\u00e1n: cer\u00e1mica, espaciado est\u00e1ndar, cubierta en color negro met\u00e1lico, resistencia: 16.7 kilo-ohms, forjada para sondear la m\u00e1s profunda de las afinaciones de metal, agudos abrasadores, medios chirriantes y graves ajustados que definen el sonido del metal moderno.\",\"breadcrumb\":{\"@id\":\"https:\\\/\\\/www.mexicanguitarplayers.com\\\/tienda\\\/sin categor\u00eda\\\/pastilla-sd-puente-hb-nazgul-7crds-bk-me\\\/#breadcrumb\"},\"inLanguage\":\"en-US\",\"potentialAction\":[{\"@type\":\"ReadAction\",\"target\":[\"https:\\\/\\\/www.mexicanguitarplayers.com\\\/tienda\\\/sin categor\u00eda\\\/pastilla-sd-puente-hb-nazgul-7crds-bk-me\\\/\"]}]},{\"@type\":\"ImageObject\",\"inLanguage\":\"en-US\",\"@id\":\"https:\\\/\\\/www.mexicanguitarplayers.com\\\/tienda\\\/sin categor\u00eda\\\/pastilla-sd-puente-hb-nazgul-7crds-bk-me\\\/#primaryimage\",\"url\":\"https:\\\/\\\/www.mexicanguitarplayers.com\\\/wp-content\\\/uploads\\\/2025\\\/04\\\/RASEO7STRNABRG.jpg\",\"contentUrl\":\"https:\\\/\\\/www.mexicanguitarplayers.com\\\/wp-content\\\/uploads\\\/2025\\\/04\\\/RASEO7STRNABRG.jpg\",\"width\":1600,\"height\":800},{\"@type\":\"BreadcrumbList\",\"@id\":\"https:\\\/\\\/www.mexicanguitarplayers.com\\\/tienda\\\/sin categor\u00eda\\\/pastilla-sd-puente-hb-nazgul-7crds-bk-me\\\/#breadcrumb\",\"itemListElement\":[{\"@type\":\"ListItem\",\"position\":1,\"name\":\"Portada\",\"item\":\"https:\\\/\\\/www.mexicanguitarplayers.com\\\/\"},{\"@type\":\"ListItem\",\"position\":2,\"name\":\"Tienda\",\"item\":\"https:\\\/\\\/www.mexicanguitarplayers.com\\\/tienda\\\/\"},{\"@type\":\"ListItem\",\"position\":3,\"name\":\"PASTILLA SD PUENTE HB NAZGUL 7CRDS BK ME\"}]},{\"@type\":\"WebSite\",\"@id\":\"https:\\\/\\\/www.mexicanguitarplayers.com\\\/#website\",\"url\":\"https:\\\/\\\/www.mexicanguitarplayers.com\\\/\",\"name\":\"Mexican Guitar Players\",\"description\":\"Website\",\"publisher\":{\"@id\":\"https:\\\/\\\/www.mexicanguitarplayers.com\\\/#organization\"},\"potentialAction\":[{\"@type\":\"SearchAction\",\"target\":{\"@type\":\"EntryPoint\",\"urlTemplate\":\"https:\\\/\\\/www.mexicanguitarplayers.com\\\/?s={search_term_string}\"},\"query-input\":{\"@type\":\"PropertyValueSpecification\",\"valueRequired\":true,\"valueName\":\"search_term_string\"}}],\"inLanguage\":\"en-US\"},{\"@type\":\"Organization\",\"@id\":\"https:\\\/\\\/www.mexicanguitarplayers.com\\\/#organization\",\"name\":\"Mexican Guitar Players\",\"url\":\"https:\\\/\\\/www.mexicanguitarplayers.com\\\/\",\"logo\":{\"@type\":\"ImageObject\",\"inLanguage\":\"en-US\",\"@id\":\"https:\\\/\\\/www.mexicanguitarplayers.com\\\/#\\\/schema\\\/logo\\\/image\\\/\",\"url\":\"\",\"contentUrl\":\"\",\"caption\":\"Mexican Guitar Players\"},\"image\":{\"@id\":\"https:\\\/\\\/www.mexicanguitarplayers.com\\\/#\\\/schema\\\/logo\\\/image\\\/\"}}]}<\/script>\n<!-- \/ Yoast SEO plugin. -->","yoast_head_json":{"title":"PASTILLA SD PUENTE HB NAZGUL 7CRDS BK ME - Mexican Guitar Players","description":"Pastilla humbucker para guitarra el\u00e9ctrica de 7 cuerdas, modelo Nazg\u00fbl, posici\u00f3n: puente, cableado: 4 conductores, tipo: pasivo, im\u00e1n: cer\u00e1mica, espaciado est\u00e1ndar, cubierta en color negro met\u00e1lico, resistencia: 16.7 kilo-ohms, forjada para sondear la m\u00e1s profunda de las afinaciones de metal, agudos abrasadores, medios chirriantes y graves ajustados que definen el sonido del metal moderno.","robots":{"index":"index","follow":"follow","max-snippet":"max-snippet:-1","max-image-preview":"max-image-preview:large","max-video-preview":"max-video-preview:-1"},"canonical":"https:\/\/www.mexicanguitarplayers.com\/en\/tienda\/sin categor\u00eda\/pastilla-sd-puente-hb-nazgul-7crds-bk-me\/","og_locale":"en_US","og_type":"article","og_title":"PASTILLA SD PUENTE HB NAZGUL 7CRDS BK ME - Mexican Guitar Players","og_description":"Pastilla humbucker para guitarra el\u00e9ctrica de 7 cuerdas, modelo Nazg\u00fbl, posici\u00f3n: puente, cableado: 4 conductores, tipo: pasivo, im\u00e1n: cer\u00e1mica, espaciado est\u00e1ndar, cubierta en color negro met\u00e1lico, resistencia: 16.7 kilo-ohms, forjada para sondear la m\u00e1s profunda de las afinaciones de metal, agudos abrasadores, medios chirriantes y graves ajustados que definen el sonido del metal moderno.","og_url":"https:\/\/www.mexicanguitarplayers.com\/en\/tienda\/sin categor\u00eda\/pastilla-sd-puente-hb-nazgul-7crds-bk-me\/","og_site_name":"Mexican Guitar Players","article_modified_time":"2026-04-10T10:17:12+00:00","twitter_card":"summary_large_image","twitter_misc":{"Est. reading time":"2 minutes"},"schema":{"@context":"https:\/\/schema.org","@graph":[{"@type":["WebPage","ItemPage"],"@id":"https:\/\/www.mexicanguitarplayers.com\/tienda\/sin categor\u00eda\/pastilla-sd-puente-hb-nazgul-7crds-bk-me\/","url":"https:\/\/www.mexicanguitarplayers.com\/tienda\/sin categor\u00eda\/pastilla-sd-puente-hb-nazgul-7crds-bk-me\/","name":"PASTILLA SD PUENTE HB NAZGUL 7CRDS BK ME - Mexican Guitar Players","isPartOf":{"@id":"https:\/\/www.mexicanguitarplayers.com\/#website"},"primaryImageOfPage":{"@id":"https:\/\/www.mexicanguitarplayers.com\/tienda\/sin categor\u00eda\/pastilla-sd-puente-hb-nazgul-7crds-bk-me\/#primaryimage"},"image":{"@id":"https:\/\/www.mexicanguitarplayers.com\/tienda\/sin categor\u00eda\/pastilla-sd-puente-hb-nazgul-7crds-bk-me\/#primaryimage"},"thumbnailUrl":"https:\/\/www.mexicanguitarplayers.com\/wp-content\/uploads\/2025\/04\/RASEO7STRNABRG.jpg","datePublished":"2025-04-09T15:06:57+00:00","dateModified":"2026-04-10T10:17:12+00:00","description":"Pastilla humbucker para guitarra el\u00e9ctrica de 7 cuerdas, modelo Nazg\u00fbl, posici\u00f3n: puente, cableado: 4 conductores, tipo: pasivo, im\u00e1n: cer\u00e1mica, espaciado est\u00e1ndar, cubierta en color negro met\u00e1lico, resistencia: 16.7 kilo-ohms, forjada para sondear la m\u00e1s profunda de las afinaciones de metal, agudos abrasadores, medios chirriantes y graves ajustados que definen el sonido del metal moderno.","breadcrumb":{"@id":"https:\/\/www.mexicanguitarplayers.com\/tienda\/sin categor\u00eda\/pastilla-sd-puente-hb-nazgul-7crds-bk-me\/#breadcrumb"},"inLanguage":"en-US","potentialAction":[{"@type":"ReadAction","target":["https:\/\/www.mexicanguitarplayers.com\/tienda\/sin categor\u00eda\/pastilla-sd-puente-hb-nazgul-7crds-bk-me\/"]}]},{"@type":"ImageObject","inLanguage":"en-US","@id":"https:\/\/www.mexicanguitarplayers.com\/tienda\/sin categor\u00eda\/pastilla-sd-puente-hb-nazgul-7crds-bk-me\/#primaryimage","url":"https:\/\/www.mexicanguitarplayers.com\/wp-content\/uploads\/2025\/04\/RASEO7STRNABRG.jpg","contentUrl":"https:\/\/www.mexicanguitarplayers.com\/wp-content\/uploads\/2025\/04\/RASEO7STRNABRG.jpg","width":1600,"height":800},{"@type":"BreadcrumbList","@id":"https:\/\/www.mexicanguitarplayers.com\/tienda\/sin categor\u00eda\/pastilla-sd-puente-hb-nazgul-7crds-bk-me\/#breadcrumb","itemListElement":[{"@type":"ListItem","position":1,"name":"Portada","item":"https:\/\/www.mexicanguitarplayers.com\/"},{"@type":"ListItem","position":2,"name":"Tienda","item":"https:\/\/www.mexicanguitarplayers.com\/tienda\/"},{"@type":"ListItem","position":3,"name":"PASTILLA SD PUENTE HB NAZGUL 7CRDS BK ME"}]},{"@type":"WebSite","@id":"https:\/\/www.mexicanguitarplayers.com\/#website","url":"https:\/\/www.mexicanguitarplayers.com\/","name":"Mexican Guitar Players","description":"Website","publisher":{"@id":"https:\/\/www.mexicanguitarplayers.com\/#organization"},"potentialAction":[{"@type":"SearchAction","target":{"@type":"EntryPoint","urlTemplate":"https:\/\/www.mexicanguitarplayers.com\/?s={search_term_string}"},"query-input":{"@type":"PropertyValueSpecification","valueRequired":true,"valueName":"search_term_string"}}],"inLanguage":"en-US"},{"@type":"Organization","@id":"https:\/\/www.mexicanguitarplayers.com\/#organization","name":"Mexican Guitar Players","url":"https:\/\/www.mexicanguitarplayers.com\/","logo":{"@type":"ImageObject","inLanguage":"en-US","@id":"https:\/\/www.mexicanguitarplayers.com\/#\/schema\/logo\/image\/","url":"","contentUrl":"","caption":"Mexican Guitar Players"},"image":{"@id":"https:\/\/www.mexicanguitarplayers.com\/#\/schema\/logo\/image\/"}}]}},"brands":[{"id":502,"name":"SEYMOUR DUNCAN","slug":"seymour-duncan"}],"_links":{"self":[{"href":"https:\/\/www.mexicanguitarplayers.com\/en\/wp-json\/wp\/v2\/product\/42062","targetHints":{"allow":["GET"]}}],"collection":[{"href":"https:\/\/www.mexicanguitarplayers.com\/en\/wp-json\/wp\/v2\/product"}],"about":[{"href":"https:\/\/www.mexicanguitarplayers.com\/en\/wp-json\/wp\/v2\/types\/product"}],"replies":[{"embeddable":true,"href":"https:\/\/www.mexicanguitarplayers.com\/en\/wp-json\/wp\/v2\/comments?post=42062"}],"wp:featuredmedia":[{"embeddable":true,"href":"https:\/\/www.mexicanguitarplayers.com\/en\/wp-json\/wp\/v2\/media\/42058"}],"wp:attachment":[{"href":"https:\/\/www.mexicanguitarplayers.com\/en\/wp-json\/wp\/v2\/media?parent=42062"}],"wp:term":[{"taxonomy":"pwb-brand","embeddable":true,"href":"https:\/\/www.mexicanguitarplayers.com\/en\/wp-json\/wp\/v2\/pwb-brand?post=42062"},{"taxonomy":"product_brand","embeddable":true,"href":"https:\/\/www.mexicanguitarplayers.com\/en\/wp-json\/wp\/v2\/product_brand?post=42062"},{"taxonomy":"product_cat","embeddable":true,"href":"https:\/\/www.mexicanguitarplayers.com\/en\/wp-json\/wp\/v2\/product_cat?post=42062"},{"taxonomy":"product_tag","embeddable":true,"href":"https:\/\/www.mexicanguitarplayers.com\/en\/wp-json\/wp\/v2\/product_tag?post=42062"}],"curies":[{"name":"wp","href":"https:\/\/api.w.org\/{rel}","templated":true}]}}