{"id":42077,"date":"2025-04-09T09:07:17","date_gmt":"2025-04-09T15:07:17","guid":{"rendered":"https:\/\/www.mexicanguitarplayers.com\/tienda\/sin categor\u00eda\/sintetizador-behringer-mod-system-35\/"},"modified":"2026-04-10T04:17:10","modified_gmt":"2026-04-10T10:17:10","slug":"sintetizador-behringer-mod-system-35","status":"publish","type":"product","link":"https:\/\/www.mexicanguitarplayers.com\/en\/tienda\/teclas\/sintetizador-y-controlador\/sintetizador\/sintetizador-behringer-mod-system-35\/","title":{"rendered":"SINTETIZADOR BEHRINGER MOD. SYSTEM 35"},"content":{"rendered":"<div style=\"text-align: justify\">\n<div>\n<h3>SINTETIZADOR BEHRINGER MOD. SYSTEM 35<\/h3>\n<\/div>\n<div>El SYSTEM 35 es una herramienta incre\u00edble para aquellos que est\u00e1n comenzando en el fascinante mundo de la s\u00edntesis modular, envuelto en un ambiente psicod\u00e9lico y lleno de ne\u00f3n. Este conjunto completo est\u00e1 equipado con dos OSCILLATOR DRIVERS 921A, cuatro VCOs 921B y un VCO 921, \u00a1todos los cuales proporcionan cinco voces completamente equipadas que puedes ajustar y modificar a tu gusto! Los dos m\u00f3dulos CP3A-M MIXER te permiten mezclar hasta cuatro entradas cada uno, las cuales luego puedes conectar a otros m\u00f3dulos. \u00bfQuieres agregar un bonito pad a tu canci\u00f3n? Haz que una se\u00f1al vaya a un m\u00f3dulo de delay y que otra vaya a un secuenciador de pasos u otros m\u00f3dulos en el SYSTEM 35 para obtener parches m\u00e1s intrincados y horas y horas de diversi\u00f3n. El SYSTEM 35 tambi\u00e9n incluye el m\u00f3dulo CP35 ATTENUATOR con 4 atenuadores enlazados, dos conjuntos de 4 m\u00faltiplos y voltajes de referencia. Conectar una se\u00f1al \u00fanica a la primera entrada del CP35 permitir\u00e1 que pase a las 4 salidas. Esto te permite tener hasta 4 salidas variables de una sola fuente de se\u00f1al. Tambi\u00e9n se incluyen dos bancos de circuitos m\u00faltiplos de 4 puntos para que puedas dirigir m\u00faltiples copias de se\u00f1ales de entrada a otros m\u00f3dulos.<\/div>\n<div>\n<h4>Characteristics<\/h4>\n<\/div>\n<div>\n<ul style=\"margin: 0px 0px 0px 25px\">\n<li style=\"list-style-type: circle;margin: 5px\">Control de voltaje (tono)<\/li>\n<li style=\"list-style-type: circle;margin: 5px\">Audio<\/li>\n<li style=\"list-style-type: circle;margin: 5px\">Control de voltaje (amplitud)<\/li>\n<li style=\"list-style-type: circle;margin: 5px\">Control de voltaje (modulaci\u00f3n)<\/li>\n<\/ul>\n<\/div>\n<\/div>","protected":false},"excerpt":{"rendered":"<p>El SYSTEM 35 es un sintetizador modular preensamblado que cuenta con 25 m\u00f3dulos con un sonido vintage de los a\u00f1os 70. Este sistema incluye una variedad de componentes esenciales para la s\u00edntesis modular, como osciladores, filtros, mezcladores, atenuadores, generadores de envolvente, amplificadores controlados por voltaje y m\u00e1s. Adem\u00e1s, viene con un m\u00f3dulo de interfaz MIDI a CV para permitir el control a trav\u00e9s de teclados MIDI o DAW, as\u00ed como salidas V-trig o S-trig para compatibilidad con otros m\u00f3dulos Eurorack. El sistema tambi\u00e9n incluye paneles en blanco para expansi\u00f3n futura y viene en un estuche EURORACK GO que incluye una fuente de alimentaci\u00f3n.&hellip; <a class=\"kt-excerpt-readmore more-link\" href=\"https:\/\/www.mexicanguitarplayers.com\/en\/tienda\/teclas\/sintetizador-y-controlador\/sintetizador\/sintetizador-behringer-mod-system-35\/\">Read more<\/a><\/p>","protected":false},"featured_media":42072,"comment_status":"open","ping_status":"closed","template":"","meta":{"kt_blocks_editor_width":""},"pwb-brand":[171],"product_brand":[],"product_cat":[393,386,376],"product_tag":[],"class_list":{"0":"post-42077","1":"product","2":"type-product","3":"status-publish","4":"has-post-thumbnail","6":"pwb-brand-behringer","7":"product_cat-sintetizador","8":"product_cat-sintetizador-y-controlador","9":"product_cat-teclas","10":"product_shipping_class-5-10-kg","12":"first","13":"outofstock","14":"taxable","15":"shipping-taxable","16":"purchasable","17":"product-type-simple"},"yoast_head":"<!-- This site is optimized with the Yoast SEO plugin v27.6 - https:\/\/yoast.com\/product\/yoast-seo-wordpress\/ -->\n<title>SINTETIZADOR BEHRINGER MOD. SYSTEM 35 - Mexican Guitar Players<\/title>\n<meta name=\"description\" content=\"El SYSTEM 35 es un sintetizador modular preensamblado que cuenta con 25 m\u00f3dulos con un sonido vintage de los a\u00f1os 70. Este sistema incluye una variedad de componentes esenciales para la s\u00edntesis modular, como osciladores, filtros, mezcladores, atenuadores, generadores de envolvente, amplificadores controlados por voltaje y m\u00e1s. Adem\u00e1s, viene con un m\u00f3dulo de interfaz MIDI a CV para permitir el control a trav\u00e9s de teclados MIDI o DAW, as\u00ed como salidas V-trig o S-trig para compatibilidad con otros m\u00f3dulos Eurorack. El sistema tambi\u00e9n incluye paneles en blanco para expansi\u00f3n futura y viene en un estuche EURORACK GO que incluye una fuente de alimentaci\u00f3n.\" \/>\n<meta name=\"robots\" content=\"index, follow, max-snippet:-1, max-image-preview:large, max-video-preview:-1\" \/>\n<link rel=\"canonical\" href=\"https:\/\/www.mexicanguitarplayers.com\/en\/tienda\/sin%20categor\u00eda\/sintetizador-behringer-mod-system-35\/\" \/>\n<meta property=\"og:locale\" content=\"en_US\" \/>\n<meta property=\"og:type\" content=\"article\" \/>\n<meta property=\"og:title\" content=\"SINTETIZADOR BEHRINGER MOD. SYSTEM 35 - Mexican Guitar Players\" \/>\n<meta property=\"og:description\" content=\"El SYSTEM 35 es un sintetizador modular preensamblado que cuenta con 25 m\u00f3dulos con un sonido vintage de los a\u00f1os 70. Este sistema incluye una variedad de componentes esenciales para la s\u00edntesis modular, como osciladores, filtros, mezcladores, atenuadores, generadores de envolvente, amplificadores controlados por voltaje y m\u00e1s. Adem\u00e1s, viene con un m\u00f3dulo de interfaz MIDI a CV para permitir el control a trav\u00e9s de teclados MIDI o DAW, as\u00ed como salidas V-trig o S-trig para compatibilidad con otros m\u00f3dulos Eurorack. El sistema tambi\u00e9n incluye paneles en blanco para expansi\u00f3n futura y viene en un estuche EURORACK GO que incluye una fuente de alimentaci\u00f3n.\" \/>\n<meta property=\"og:url\" content=\"https:\/\/www.mexicanguitarplayers.com\/en\/tienda\/sin categor\u00eda\/sintetizador-behringer-mod-system-35\/\" \/>\n<meta property=\"og:site_name\" content=\"Mexican Guitar Players\" \/>\n<meta property=\"article:modified_time\" content=\"2026-04-10T10:17:10+00:00\" \/>\n<meta name=\"twitter:card\" content=\"summary_large_image\" \/>\n<meta name=\"twitter:label1\" content=\"Est. reading time\" \/>\n\t<meta name=\"twitter:data1\" content=\"1 minute\" \/>\n<script type=\"application\/ld+json\" class=\"yoast-schema-graph\">{\"@context\":\"https:\\\/\\\/schema.org\",\"@graph\":[{\"@type\":[\"WebPage\",\"ItemPage\"],\"@id\":\"https:\\\/\\\/www.mexicanguitarplayers.com\\\/tienda\\\/sin categor\u00eda\\\/sintetizador-behringer-mod-system-35\\\/\",\"url\":\"https:\\\/\\\/www.mexicanguitarplayers.com\\\/tienda\\\/sin categor\u00eda\\\/sintetizador-behringer-mod-system-35\\\/\",\"name\":\"SINTETIZADOR BEHRINGER MOD. SYSTEM 35 - Mexican Guitar Players\",\"isPartOf\":{\"@id\":\"https:\\\/\\\/www.mexicanguitarplayers.com\\\/#website\"},\"primaryImageOfPage\":{\"@id\":\"https:\\\/\\\/www.mexicanguitarplayers.com\\\/tienda\\\/sin categor\u00eda\\\/sintetizador-behringer-mod-system-35\\\/#primaryimage\"},\"image\":{\"@id\":\"https:\\\/\\\/www.mexicanguitarplayers.com\\\/tienda\\\/sin categor\u00eda\\\/sintetizador-behringer-mod-system-35\\\/#primaryimage\"},\"thumbnailUrl\":\"https:\\\/\\\/www.mexicanguitarplayers.com\\\/wp-content\\\/uploads\\\/2025\\\/04\\\/ITBEHSYSTEM35.jpg\",\"datePublished\":\"2025-04-09T15:07:17+00:00\",\"dateModified\":\"2026-04-10T10:17:10+00:00\",\"description\":\"El SYSTEM 35 es un sintetizador modular preensamblado que cuenta con 25 m\u00f3dulos con un sonido vintage de los a\u00f1os 70. Este sistema incluye una variedad de componentes esenciales para la s\u00edntesis modular, como osciladores, filtros, mezcladores, atenuadores, generadores de envolvente, amplificadores controlados por voltaje y m\u00e1s. Adem\u00e1s, viene con un m\u00f3dulo de interfaz MIDI a CV para permitir el control a trav\u00e9s de teclados MIDI o DAW, as\u00ed como salidas V-trig o S-trig para compatibilidad con otros m\u00f3dulos Eurorack. El sistema tambi\u00e9n incluye paneles en blanco para expansi\u00f3n futura y viene en un estuche EURORACK GO que incluye una fuente de alimentaci\u00f3n.\",\"breadcrumb\":{\"@id\":\"https:\\\/\\\/www.mexicanguitarplayers.com\\\/tienda\\\/sin categor\u00eda\\\/sintetizador-behringer-mod-system-35\\\/#breadcrumb\"},\"inLanguage\":\"en-US\",\"potentialAction\":[{\"@type\":\"ReadAction\",\"target\":[\"https:\\\/\\\/www.mexicanguitarplayers.com\\\/tienda\\\/sin categor\u00eda\\\/sintetizador-behringer-mod-system-35\\\/\"]}]},{\"@type\":\"ImageObject\",\"inLanguage\":\"en-US\",\"@id\":\"https:\\\/\\\/www.mexicanguitarplayers.com\\\/tienda\\\/sin categor\u00eda\\\/sintetizador-behringer-mod-system-35\\\/#primaryimage\",\"url\":\"https:\\\/\\\/www.mexicanguitarplayers.com\\\/wp-content\\\/uploads\\\/2025\\\/04\\\/ITBEHSYSTEM35.jpg\",\"contentUrl\":\"https:\\\/\\\/www.mexicanguitarplayers.com\\\/wp-content\\\/uploads\\\/2025\\\/04\\\/ITBEHSYSTEM35.jpg\",\"width\":1600,\"height\":800},{\"@type\":\"BreadcrumbList\",\"@id\":\"https:\\\/\\\/www.mexicanguitarplayers.com\\\/tienda\\\/sin categor\u00eda\\\/sintetizador-behringer-mod-system-35\\\/#breadcrumb\",\"itemListElement\":[{\"@type\":\"ListItem\",\"position\":1,\"name\":\"Portada\",\"item\":\"https:\\\/\\\/www.mexicanguitarplayers.com\\\/\"},{\"@type\":\"ListItem\",\"position\":2,\"name\":\"Tienda\",\"item\":\"https:\\\/\\\/www.mexicanguitarplayers.com\\\/tienda\\\/\"},{\"@type\":\"ListItem\",\"position\":3,\"name\":\"SINTETIZADOR BEHRINGER MOD. SYSTEM 35\"}]},{\"@type\":\"WebSite\",\"@id\":\"https:\\\/\\\/www.mexicanguitarplayers.com\\\/#website\",\"url\":\"https:\\\/\\\/www.mexicanguitarplayers.com\\\/\",\"name\":\"Mexican Guitar Players\",\"description\":\"Website\",\"publisher\":{\"@id\":\"https:\\\/\\\/www.mexicanguitarplayers.com\\\/#organization\"},\"potentialAction\":[{\"@type\":\"SearchAction\",\"target\":{\"@type\":\"EntryPoint\",\"urlTemplate\":\"https:\\\/\\\/www.mexicanguitarplayers.com\\\/?s={search_term_string}\"},\"query-input\":{\"@type\":\"PropertyValueSpecification\",\"valueRequired\":true,\"valueName\":\"search_term_string\"}}],\"inLanguage\":\"en-US\"},{\"@type\":\"Organization\",\"@id\":\"https:\\\/\\\/www.mexicanguitarplayers.com\\\/#organization\",\"name\":\"Mexican Guitar Players\",\"url\":\"https:\\\/\\\/www.mexicanguitarplayers.com\\\/\",\"logo\":{\"@type\":\"ImageObject\",\"inLanguage\":\"en-US\",\"@id\":\"https:\\\/\\\/www.mexicanguitarplayers.com\\\/#\\\/schema\\\/logo\\\/image\\\/\",\"url\":\"\",\"contentUrl\":\"\",\"caption\":\"Mexican Guitar Players\"},\"image\":{\"@id\":\"https:\\\/\\\/www.mexicanguitarplayers.com\\\/#\\\/schema\\\/logo\\\/image\\\/\"}}]}<\/script>\n<!-- \/ Yoast SEO plugin. -->","yoast_head_json":{"title":"SINTETIZADOR BEHRINGER MOD. SYSTEM 35 - Mexican Guitar Players","description":"El SYSTEM 35 es un sintetizador modular preensamblado que cuenta con 25 m\u00f3dulos con un sonido vintage de los a\u00f1os 70. Este sistema incluye una variedad de componentes esenciales para la s\u00edntesis modular, como osciladores, filtros, mezcladores, atenuadores, generadores de envolvente, amplificadores controlados por voltaje y m\u00e1s. Adem\u00e1s, viene con un m\u00f3dulo de interfaz MIDI a CV para permitir el control a trav\u00e9s de teclados MIDI o DAW, as\u00ed como salidas V-trig o S-trig para compatibilidad con otros m\u00f3dulos Eurorack. El sistema tambi\u00e9n incluye paneles en blanco para expansi\u00f3n futura y viene en un estuche EURORACK GO que incluye una fuente de alimentaci\u00f3n.","robots":{"index":"index","follow":"follow","max-snippet":"max-snippet:-1","max-image-preview":"max-image-preview:large","max-video-preview":"max-video-preview:-1"},"canonical":"https:\/\/www.mexicanguitarplayers.com\/en\/tienda\/sin categor\u00eda\/sintetizador-behringer-mod-system-35\/","og_locale":"en_US","og_type":"article","og_title":"SINTETIZADOR BEHRINGER MOD. SYSTEM 35 - Mexican Guitar Players","og_description":"El SYSTEM 35 es un sintetizador modular preensamblado que cuenta con 25 m\u00f3dulos con un sonido vintage de los a\u00f1os 70. Este sistema incluye una variedad de componentes esenciales para la s\u00edntesis modular, como osciladores, filtros, mezcladores, atenuadores, generadores de envolvente, amplificadores controlados por voltaje y m\u00e1s. Adem\u00e1s, viene con un m\u00f3dulo de interfaz MIDI a CV para permitir el control a trav\u00e9s de teclados MIDI o DAW, as\u00ed como salidas V-trig o S-trig para compatibilidad con otros m\u00f3dulos Eurorack. El sistema tambi\u00e9n incluye paneles en blanco para expansi\u00f3n futura y viene en un estuche EURORACK GO que incluye una fuente de alimentaci\u00f3n.","og_url":"https:\/\/www.mexicanguitarplayers.com\/en\/tienda\/sin categor\u00eda\/sintetizador-behringer-mod-system-35\/","og_site_name":"Mexican Guitar Players","article_modified_time":"2026-04-10T10:17:10+00:00","twitter_card":"summary_large_image","twitter_misc":{"Est. reading time":"1 minute"},"schema":{"@context":"https:\/\/schema.org","@graph":[{"@type":["WebPage","ItemPage"],"@id":"https:\/\/www.mexicanguitarplayers.com\/tienda\/sin categor\u00eda\/sintetizador-behringer-mod-system-35\/","url":"https:\/\/www.mexicanguitarplayers.com\/tienda\/sin categor\u00eda\/sintetizador-behringer-mod-system-35\/","name":"SINTETIZADOR BEHRINGER MOD. SYSTEM 35 - Mexican Guitar Players","isPartOf":{"@id":"https:\/\/www.mexicanguitarplayers.com\/#website"},"primaryImageOfPage":{"@id":"https:\/\/www.mexicanguitarplayers.com\/tienda\/sin categor\u00eda\/sintetizador-behringer-mod-system-35\/#primaryimage"},"image":{"@id":"https:\/\/www.mexicanguitarplayers.com\/tienda\/sin categor\u00eda\/sintetizador-behringer-mod-system-35\/#primaryimage"},"thumbnailUrl":"https:\/\/www.mexicanguitarplayers.com\/wp-content\/uploads\/2025\/04\/ITBEHSYSTEM35.jpg","datePublished":"2025-04-09T15:07:17+00:00","dateModified":"2026-04-10T10:17:10+00:00","description":"El SYSTEM 35 es un sintetizador modular preensamblado que cuenta con 25 m\u00f3dulos con un sonido vintage de los a\u00f1os 70. Este sistema incluye una variedad de componentes esenciales para la s\u00edntesis modular, como osciladores, filtros, mezcladores, atenuadores, generadores de envolvente, amplificadores controlados por voltaje y m\u00e1s. Adem\u00e1s, viene con un m\u00f3dulo de interfaz MIDI a CV para permitir el control a trav\u00e9s de teclados MIDI o DAW, as\u00ed como salidas V-trig o S-trig para compatibilidad con otros m\u00f3dulos Eurorack. El sistema tambi\u00e9n incluye paneles en blanco para expansi\u00f3n futura y viene en un estuche EURORACK GO que incluye una fuente de alimentaci\u00f3n.","breadcrumb":{"@id":"https:\/\/www.mexicanguitarplayers.com\/tienda\/sin categor\u00eda\/sintetizador-behringer-mod-system-35\/#breadcrumb"},"inLanguage":"en-US","potentialAction":[{"@type":"ReadAction","target":["https:\/\/www.mexicanguitarplayers.com\/tienda\/sin categor\u00eda\/sintetizador-behringer-mod-system-35\/"]}]},{"@type":"ImageObject","inLanguage":"en-US","@id":"https:\/\/www.mexicanguitarplayers.com\/tienda\/sin categor\u00eda\/sintetizador-behringer-mod-system-35\/#primaryimage","url":"https:\/\/www.mexicanguitarplayers.com\/wp-content\/uploads\/2025\/04\/ITBEHSYSTEM35.jpg","contentUrl":"https:\/\/www.mexicanguitarplayers.com\/wp-content\/uploads\/2025\/04\/ITBEHSYSTEM35.jpg","width":1600,"height":800},{"@type":"BreadcrumbList","@id":"https:\/\/www.mexicanguitarplayers.com\/tienda\/sin categor\u00eda\/sintetizador-behringer-mod-system-35\/#breadcrumb","itemListElement":[{"@type":"ListItem","position":1,"name":"Portada","item":"https:\/\/www.mexicanguitarplayers.com\/"},{"@type":"ListItem","position":2,"name":"Tienda","item":"https:\/\/www.mexicanguitarplayers.com\/tienda\/"},{"@type":"ListItem","position":3,"name":"SINTETIZADOR BEHRINGER MOD. SYSTEM 35"}]},{"@type":"WebSite","@id":"https:\/\/www.mexicanguitarplayers.com\/#website","url":"https:\/\/www.mexicanguitarplayers.com\/","name":"Mexican Guitar Players","description":"Website","publisher":{"@id":"https:\/\/www.mexicanguitarplayers.com\/#organization"},"potentialAction":[{"@type":"SearchAction","target":{"@type":"EntryPoint","urlTemplate":"https:\/\/www.mexicanguitarplayers.com\/?s={search_term_string}"},"query-input":{"@type":"PropertyValueSpecification","valueRequired":true,"valueName":"search_term_string"}}],"inLanguage":"en-US"},{"@type":"Organization","@id":"https:\/\/www.mexicanguitarplayers.com\/#organization","name":"Mexican Guitar Players","url":"https:\/\/www.mexicanguitarplayers.com\/","logo":{"@type":"ImageObject","inLanguage":"en-US","@id":"https:\/\/www.mexicanguitarplayers.com\/#\/schema\/logo\/image\/","url":"","contentUrl":"","caption":"Mexican Guitar Players"},"image":{"@id":"https:\/\/www.mexicanguitarplayers.com\/#\/schema\/logo\/image\/"}}]}},"brands":[{"id":171,"name":"BEHRINGER","slug":"behringer"}],"_links":{"self":[{"href":"https:\/\/www.mexicanguitarplayers.com\/en\/wp-json\/wp\/v2\/product\/42077","targetHints":{"allow":["GET"]}}],"collection":[{"href":"https:\/\/www.mexicanguitarplayers.com\/en\/wp-json\/wp\/v2\/product"}],"about":[{"href":"https:\/\/www.mexicanguitarplayers.com\/en\/wp-json\/wp\/v2\/types\/product"}],"replies":[{"embeddable":true,"href":"https:\/\/www.mexicanguitarplayers.com\/en\/wp-json\/wp\/v2\/comments?post=42077"}],"wp:featuredmedia":[{"embeddable":true,"href":"https:\/\/www.mexicanguitarplayers.com\/en\/wp-json\/wp\/v2\/media\/42072"}],"wp:attachment":[{"href":"https:\/\/www.mexicanguitarplayers.com\/en\/wp-json\/wp\/v2\/media?parent=42077"}],"wp:term":[{"taxonomy":"pwb-brand","embeddable":true,"href":"https:\/\/www.mexicanguitarplayers.com\/en\/wp-json\/wp\/v2\/pwb-brand?post=42077"},{"taxonomy":"product_brand","embeddable":true,"href":"https:\/\/www.mexicanguitarplayers.com\/en\/wp-json\/wp\/v2\/product_brand?post=42077"},{"taxonomy":"product_cat","embeddable":true,"href":"https:\/\/www.mexicanguitarplayers.com\/en\/wp-json\/wp\/v2\/product_cat?post=42077"},{"taxonomy":"product_tag","embeddable":true,"href":"https:\/\/www.mexicanguitarplayers.com\/en\/wp-json\/wp\/v2\/product_tag?post=42077"}],"curies":[{"name":"wp","href":"https:\/\/api.w.org\/{rel}","templated":true}]}}