{"id":42194,"date":"2025-04-09T09:10:48","date_gmt":"2025-04-09T15:10:48","guid":{"rendered":"https:\/\/www.mexicanguitarplayers.com\/tienda\/sin categor\u00eda\/guitarra-washburn-e-acustica-mod-o12se\/"},"modified":"2026-05-01T07:16:10","modified_gmt":"2026-05-01T13:16:10","slug":"guitarra-washburn-e-acustica-mod-o12se","status":"publish","type":"product","link":"https:\/\/www.mexicanguitarplayers.com\/en\/tienda\/cuerdas\/guitarras-cuerdas\/acusticas\/guitarras-electro-acusticas\/guitarra-washburn-e-acustica-mod-o12se\/","title":{"rendered":"GUITARRA WASHBURN E\/ACUSTICA MOD. O12SE"},"content":{"rendered":"<div style=\"text-align: justify\">\n<div>\n<h3>Para darte el sonido cl\u00e1sico que estabas buscando.<\/h3>\n<\/div>\n<div>La guitarra O12SCE de la serie Woodline de Washburn es una guitarra electroac\u00fastica tama\u00f1o Orquesta con una caja de resonancia de caoba con refuerzo Cathedral Peak Scalloped-X, junto con aros y fondo tambi\u00e9n de caoba que permiten un excelente tono. Las bajas propiedades de amortiguaci\u00f3n de la cejuela y la montura Graph Tech NuBone, maximizan el tono y el car\u00e1cter de tu guitarra.  El preamplificador Fishman\u00ae Presys II 301T con afinador integrado crea un tono ac\u00fastico de sonido natural en situaciones de show. La serie Woodline 10 de Washburn es un equilibrio perfecto entre asequibilidad, elegancia, sonido y estabilidad. Tu guitarra es una expresi\u00f3n de individualidad, composiciones, t\u00e9cnicas con dedos, en la iglesia o en el escenario, esta es la guitarra perfecta para ti.<\/div>\n<div>\n<h4>Quick look<\/h4>\n<\/div>\n<ul style=\"margin: 0px 0px 0px 25px\">\n<li style=\"list-style-type: circle;margin: 5px\">Cuerpo y construcci\u00f3n.<\/li>\n<li style=\"list-style-type: circle;margin: 5px\">Electr\u00f3nica.<\/li>\n<li style=\"list-style-type: circle;margin: 5px\">Otros.<\/li>\n<li style=\"list-style-type: circle;margin: 5px\">Arm.<\/li>\n<li style=\"list-style-type: circle;margin: 5px\">Hardware.<\/li>\n<\/ul>\n<div>\n<div style=\"font-weight: bold\">Cuerpo y construcci\u00f3n.<\/div>\n<div>\n<p>Cuerpo de caoba. Aros y fondo de caoba. Refuerzo Cathedral Peaked Scalloped-X. Roseta Washburn Parquet. Tipo: Guitarra ac\u00fastica. Forma: Orquesta. Estilo: 6 cuerdas.<\/p>\n<\/div>\n<div style=\"font-weight: bold\">Electr\u00f3nica.<\/div>\n<div>\n<p>Controles: Volumen, afinador incorporado, bass\/treble, phase. Preamplificador: Fishman Presys II 301T con afinador.<\/p>\n<\/div>\n<div style=\"font-weight: bold\">Otros.<\/div>\n<div>\n<p>Terminado al alto brillo.<\/p>\n<\/div>\n<div style=\"font-weight: bold\">Arm.<\/div>\n<div>\n<p>Brazo de caoba satinada con alma de 2 v\u00edas. Diapas\u00f3n de ovangkol. 20 trastes. Incrustaciones de puntos. Cejuela Graphtech Nubone de 1-11\/16 de ancho. Escala: 25-1\/2.<\/p>\n<\/div>\n<div style=\"font-weight: bold\">Hardware.<\/div>\n<div>\n<p>Hardware cromado. Puente de ovangkol. Maquinaria diecast cromada.<\/p>\n<\/div>\n<\/div>\n<\/div>","protected":false},"excerpt":{"rendered":"<p>Guitarra electroac\u00fastica tama\u00f1o orquesta, cuerpo, aros y fondo de caoba, refuerzo Cathedral Peaked Scalloped-X, roseta Washburn Parquet, brazo de caoba satinada con alma de 2 v\u00edas, diapas\u00f3n de ovangkol, 20 trastes, incrustaciones de puntos, cejuela Graphtech Nubone de 1-11\/16 de ancho, escala: 25-1\/2, preamplificador Fishman Presys II 301T con afinador, terminado al alto brillo, hardware cromado, puente de ovangkol, maquinaria diecast cromada.&hellip; <a class=\"kt-excerpt-readmore more-link\" href=\"https:\/\/www.mexicanguitarplayers.com\/en\/tienda\/cuerdas\/guitarras-cuerdas\/acusticas\/guitarras-electro-acusticas\/guitarra-washburn-e-acustica-mod-o12se\/\">Read more<\/a><\/p>","protected":false},"featured_media":42189,"comment_status":"open","ping_status":"closed","template":"","meta":{"kt_blocks_editor_width":""},"pwb-brand":[178],"product_brand":[],"product_cat":[315,224,312,316],"product_tag":[],"class_list":{"0":"post-42194","1":"product","2":"type-product","3":"status-publish","4":"has-post-thumbnail","6":"pwb-brand-washburn","7":"product_cat-acusticas","8":"product_cat-cuerdas","9":"product_cat-guitarras-cuerdas","10":"product_cat-guitarras-electro-acusticas","11":"product_shipping_class-0-5-kg","13":"first","14":"instock","15":"taxable","16":"shipping-taxable","17":"purchasable","18":"product-type-simple"},"yoast_head":"<!-- This site is optimized with the Yoast SEO plugin v27.6 - https:\/\/yoast.com\/product\/yoast-seo-wordpress\/ -->\n<title>GUITARRA WASHBURN E\/ACUSTICA MOD. O12SE - Mexican Guitar Players<\/title>\n<meta name=\"description\" content=\"Guitarra electroac\u00fastica tama\u00f1o orquesta, cuerpo, aros y fondo de caoba, refuerzo Cathedral Peaked Scalloped-X, roseta Washburn Parquet, brazo de caoba satinada con alma de 2 v\u00edas, diapas\u00f3n de ovangkol, 20 trastes, incrustaciones de puntos, cejuela Graphtech Nubone de 1-11\/16 de ancho, escala: 25-1\/2, preamplificador Fishman Presys II 301T con afinador, terminado al alto brillo, hardware cromado, puente de ovangkol, maquinaria diecast cromada.\" \/>\n<meta name=\"robots\" content=\"index, follow, max-snippet:-1, max-image-preview:large, max-video-preview:-1\" \/>\n<link rel=\"canonical\" href=\"https:\/\/www.mexicanguitarplayers.com\/en\/tienda\/sin%20categor\u00eda\/guitarra-washburn-e-acustica-mod-o12se\/\" \/>\n<meta property=\"og:locale\" content=\"en_US\" \/>\n<meta property=\"og:type\" content=\"article\" \/>\n<meta property=\"og:title\" content=\"GUITARRA WASHBURN E\/ACUSTICA MOD. O12SE - Mexican Guitar Players\" \/>\n<meta property=\"og:description\" content=\"Guitarra electroac\u00fastica tama\u00f1o orquesta, cuerpo, aros y fondo de caoba, refuerzo Cathedral Peaked Scalloped-X, roseta Washburn Parquet, brazo de caoba satinada con alma de 2 v\u00edas, diapas\u00f3n de ovangkol, 20 trastes, incrustaciones de puntos, cejuela Graphtech Nubone de 1-11\/16 de ancho, escala: 25-1\/2, preamplificador Fishman Presys II 301T con afinador, terminado al alto brillo, hardware cromado, puente de ovangkol, maquinaria diecast cromada.\" \/>\n<meta property=\"og:url\" content=\"https:\/\/www.mexicanguitarplayers.com\/en\/tienda\/sin categor\u00eda\/guitarra-washburn-e-acustica-mod-o12se\/\" \/>\n<meta property=\"og:site_name\" content=\"Mexican Guitar Players\" \/>\n<meta property=\"article:modified_time\" content=\"2026-05-01T13:16:10+00:00\" \/>\n<meta name=\"twitter:card\" content=\"summary_large_image\" \/>\n<meta name=\"twitter:label1\" content=\"Est. reading time\" \/>\n\t<meta name=\"twitter:data1\" content=\"1 minute\" \/>\n<script type=\"application\/ld+json\" class=\"yoast-schema-graph\">{\"@context\":\"https:\\\/\\\/schema.org\",\"@graph\":[{\"@type\":[\"WebPage\",\"ItemPage\"],\"@id\":\"https:\\\/\\\/www.mexicanguitarplayers.com\\\/tienda\\\/sin categor\u00eda\\\/guitarra-washburn-e-acustica-mod-o12se\\\/\",\"url\":\"https:\\\/\\\/www.mexicanguitarplayers.com\\\/tienda\\\/sin categor\u00eda\\\/guitarra-washburn-e-acustica-mod-o12se\\\/\",\"name\":\"GUITARRA WASHBURN E\\\/ACUSTICA MOD. O12SE - Mexican Guitar Players\",\"isPartOf\":{\"@id\":\"https:\\\/\\\/www.mexicanguitarplayers.com\\\/#website\"},\"primaryImageOfPage\":{\"@id\":\"https:\\\/\\\/www.mexicanguitarplayers.com\\\/tienda\\\/sin categor\u00eda\\\/guitarra-washburn-e-acustica-mod-o12se\\\/#primaryimage\"},\"image\":{\"@id\":\"https:\\\/\\\/www.mexicanguitarplayers.com\\\/tienda\\\/sin categor\u00eda\\\/guitarra-washburn-e-acustica-mod-o12se\\\/#primaryimage\"},\"thumbnailUrl\":\"https:\\\/\\\/www.mexicanguitarplayers.com\\\/wp-content\\\/uploads\\\/2025\\\/04\\\/ISWASO12SE.jpg\",\"datePublished\":\"2025-04-09T15:10:48+00:00\",\"dateModified\":\"2026-05-01T13:16:10+00:00\",\"description\":\"Guitarra electroac\u00fastica tama\u00f1o orquesta, cuerpo, aros y fondo de caoba, refuerzo Cathedral Peaked Scalloped-X, roseta Washburn Parquet, brazo de caoba satinada con alma de 2 v\u00edas, diapas\u00f3n de ovangkol, 20 trastes, incrustaciones de puntos, cejuela Graphtech Nubone de 1-11\\\/16 de ancho, escala: 25-1\\\/2, preamplificador Fishman Presys II 301T con afinador, terminado al alto brillo, hardware cromado, puente de ovangkol, maquinaria diecast cromada.\",\"breadcrumb\":{\"@id\":\"https:\\\/\\\/www.mexicanguitarplayers.com\\\/tienda\\\/sin categor\u00eda\\\/guitarra-washburn-e-acustica-mod-o12se\\\/#breadcrumb\"},\"inLanguage\":\"en-US\",\"potentialAction\":[{\"@type\":\"ReadAction\",\"target\":[\"https:\\\/\\\/www.mexicanguitarplayers.com\\\/tienda\\\/sin categor\u00eda\\\/guitarra-washburn-e-acustica-mod-o12se\\\/\"]}]},{\"@type\":\"ImageObject\",\"inLanguage\":\"en-US\",\"@id\":\"https:\\\/\\\/www.mexicanguitarplayers.com\\\/tienda\\\/sin categor\u00eda\\\/guitarra-washburn-e-acustica-mod-o12se\\\/#primaryimage\",\"url\":\"https:\\\/\\\/www.mexicanguitarplayers.com\\\/wp-content\\\/uploads\\\/2025\\\/04\\\/ISWASO12SE.jpg\",\"contentUrl\":\"https:\\\/\\\/www.mexicanguitarplayers.com\\\/wp-content\\\/uploads\\\/2025\\\/04\\\/ISWASO12SE.jpg\",\"width\":800,\"height\":1600},{\"@type\":\"BreadcrumbList\",\"@id\":\"https:\\\/\\\/www.mexicanguitarplayers.com\\\/tienda\\\/sin categor\u00eda\\\/guitarra-washburn-e-acustica-mod-o12se\\\/#breadcrumb\",\"itemListElement\":[{\"@type\":\"ListItem\",\"position\":1,\"name\":\"Portada\",\"item\":\"https:\\\/\\\/www.mexicanguitarplayers.com\\\/\"},{\"@type\":\"ListItem\",\"position\":2,\"name\":\"Tienda\",\"item\":\"https:\\\/\\\/www.mexicanguitarplayers.com\\\/tienda\\\/\"},{\"@type\":\"ListItem\",\"position\":3,\"name\":\"GUITARRA WASHBURN E\\\/ACUSTICA MOD. O12SE\"}]},{\"@type\":\"WebSite\",\"@id\":\"https:\\\/\\\/www.mexicanguitarplayers.com\\\/#website\",\"url\":\"https:\\\/\\\/www.mexicanguitarplayers.com\\\/\",\"name\":\"Mexican Guitar Players\",\"description\":\"Website\",\"publisher\":{\"@id\":\"https:\\\/\\\/www.mexicanguitarplayers.com\\\/#organization\"},\"potentialAction\":[{\"@type\":\"SearchAction\",\"target\":{\"@type\":\"EntryPoint\",\"urlTemplate\":\"https:\\\/\\\/www.mexicanguitarplayers.com\\\/?s={search_term_string}\"},\"query-input\":{\"@type\":\"PropertyValueSpecification\",\"valueRequired\":true,\"valueName\":\"search_term_string\"}}],\"inLanguage\":\"en-US\"},{\"@type\":\"Organization\",\"@id\":\"https:\\\/\\\/www.mexicanguitarplayers.com\\\/#organization\",\"name\":\"Mexican Guitar Players\",\"url\":\"https:\\\/\\\/www.mexicanguitarplayers.com\\\/\",\"logo\":{\"@type\":\"ImageObject\",\"inLanguage\":\"en-US\",\"@id\":\"https:\\\/\\\/www.mexicanguitarplayers.com\\\/#\\\/schema\\\/logo\\\/image\\\/\",\"url\":\"\",\"contentUrl\":\"\",\"caption\":\"Mexican Guitar Players\"},\"image\":{\"@id\":\"https:\\\/\\\/www.mexicanguitarplayers.com\\\/#\\\/schema\\\/logo\\\/image\\\/\"}}]}<\/script>\n<!-- \/ Yoast SEO plugin. -->","yoast_head_json":{"title":"GUITARRA WASHBURN E\/ACUSTICA MOD. O12SE - Mexican Guitar Players","description":"Guitarra electroac\u00fastica tama\u00f1o orquesta, cuerpo, aros y fondo de caoba, refuerzo Cathedral Peaked Scalloped-X, roseta Washburn Parquet, brazo de caoba satinada con alma de 2 v\u00edas, diapas\u00f3n de ovangkol, 20 trastes, incrustaciones de puntos, cejuela Graphtech Nubone de 1-11\/16 de ancho, escala: 25-1\/2, preamplificador Fishman Presys II 301T con afinador, terminado al alto brillo, hardware cromado, puente de ovangkol, maquinaria diecast cromada.","robots":{"index":"index","follow":"follow","max-snippet":"max-snippet:-1","max-image-preview":"max-image-preview:large","max-video-preview":"max-video-preview:-1"},"canonical":"https:\/\/www.mexicanguitarplayers.com\/en\/tienda\/sin categor\u00eda\/guitarra-washburn-e-acustica-mod-o12se\/","og_locale":"en_US","og_type":"article","og_title":"GUITARRA WASHBURN E\/ACUSTICA MOD. O12SE - Mexican Guitar Players","og_description":"Guitarra electroac\u00fastica tama\u00f1o orquesta, cuerpo, aros y fondo de caoba, refuerzo Cathedral Peaked Scalloped-X, roseta Washburn Parquet, brazo de caoba satinada con alma de 2 v\u00edas, diapas\u00f3n de ovangkol, 20 trastes, incrustaciones de puntos, cejuela Graphtech Nubone de 1-11\/16 de ancho, escala: 25-1\/2, preamplificador Fishman Presys II 301T con afinador, terminado al alto brillo, hardware cromado, puente de ovangkol, maquinaria diecast cromada.","og_url":"https:\/\/www.mexicanguitarplayers.com\/en\/tienda\/sin categor\u00eda\/guitarra-washburn-e-acustica-mod-o12se\/","og_site_name":"Mexican Guitar Players","article_modified_time":"2026-05-01T13:16:10+00:00","twitter_card":"summary_large_image","twitter_misc":{"Est. reading time":"1 minute"},"schema":{"@context":"https:\/\/schema.org","@graph":[{"@type":["WebPage","ItemPage"],"@id":"https:\/\/www.mexicanguitarplayers.com\/tienda\/sin categor\u00eda\/guitarra-washburn-e-acustica-mod-o12se\/","url":"https:\/\/www.mexicanguitarplayers.com\/tienda\/sin categor\u00eda\/guitarra-washburn-e-acustica-mod-o12se\/","name":"GUITARRA WASHBURN E\/ACUSTICA MOD. O12SE - Mexican Guitar Players","isPartOf":{"@id":"https:\/\/www.mexicanguitarplayers.com\/#website"},"primaryImageOfPage":{"@id":"https:\/\/www.mexicanguitarplayers.com\/tienda\/sin categor\u00eda\/guitarra-washburn-e-acustica-mod-o12se\/#primaryimage"},"image":{"@id":"https:\/\/www.mexicanguitarplayers.com\/tienda\/sin categor\u00eda\/guitarra-washburn-e-acustica-mod-o12se\/#primaryimage"},"thumbnailUrl":"https:\/\/www.mexicanguitarplayers.com\/wp-content\/uploads\/2025\/04\/ISWASO12SE.jpg","datePublished":"2025-04-09T15:10:48+00:00","dateModified":"2026-05-01T13:16:10+00:00","description":"Guitarra electroac\u00fastica tama\u00f1o orquesta, cuerpo, aros y fondo de caoba, refuerzo Cathedral Peaked Scalloped-X, roseta Washburn Parquet, brazo de caoba satinada con alma de 2 v\u00edas, diapas\u00f3n de ovangkol, 20 trastes, incrustaciones de puntos, cejuela Graphtech Nubone de 1-11\/16 de ancho, escala: 25-1\/2, preamplificador Fishman Presys II 301T con afinador, terminado al alto brillo, hardware cromado, puente de ovangkol, maquinaria diecast cromada.","breadcrumb":{"@id":"https:\/\/www.mexicanguitarplayers.com\/tienda\/sin categor\u00eda\/guitarra-washburn-e-acustica-mod-o12se\/#breadcrumb"},"inLanguage":"en-US","potentialAction":[{"@type":"ReadAction","target":["https:\/\/www.mexicanguitarplayers.com\/tienda\/sin categor\u00eda\/guitarra-washburn-e-acustica-mod-o12se\/"]}]},{"@type":"ImageObject","inLanguage":"en-US","@id":"https:\/\/www.mexicanguitarplayers.com\/tienda\/sin categor\u00eda\/guitarra-washburn-e-acustica-mod-o12se\/#primaryimage","url":"https:\/\/www.mexicanguitarplayers.com\/wp-content\/uploads\/2025\/04\/ISWASO12SE.jpg","contentUrl":"https:\/\/www.mexicanguitarplayers.com\/wp-content\/uploads\/2025\/04\/ISWASO12SE.jpg","width":800,"height":1600},{"@type":"BreadcrumbList","@id":"https:\/\/www.mexicanguitarplayers.com\/tienda\/sin categor\u00eda\/guitarra-washburn-e-acustica-mod-o12se\/#breadcrumb","itemListElement":[{"@type":"ListItem","position":1,"name":"Portada","item":"https:\/\/www.mexicanguitarplayers.com\/"},{"@type":"ListItem","position":2,"name":"Tienda","item":"https:\/\/www.mexicanguitarplayers.com\/tienda\/"},{"@type":"ListItem","position":3,"name":"GUITARRA WASHBURN E\/ACUSTICA MOD. O12SE"}]},{"@type":"WebSite","@id":"https:\/\/www.mexicanguitarplayers.com\/#website","url":"https:\/\/www.mexicanguitarplayers.com\/","name":"Mexican Guitar Players","description":"Website","publisher":{"@id":"https:\/\/www.mexicanguitarplayers.com\/#organization"},"potentialAction":[{"@type":"SearchAction","target":{"@type":"EntryPoint","urlTemplate":"https:\/\/www.mexicanguitarplayers.com\/?s={search_term_string}"},"query-input":{"@type":"PropertyValueSpecification","valueRequired":true,"valueName":"search_term_string"}}],"inLanguage":"en-US"},{"@type":"Organization","@id":"https:\/\/www.mexicanguitarplayers.com\/#organization","name":"Mexican Guitar Players","url":"https:\/\/www.mexicanguitarplayers.com\/","logo":{"@type":"ImageObject","inLanguage":"en-US","@id":"https:\/\/www.mexicanguitarplayers.com\/#\/schema\/logo\/image\/","url":"","contentUrl":"","caption":"Mexican Guitar Players"},"image":{"@id":"https:\/\/www.mexicanguitarplayers.com\/#\/schema\/logo\/image\/"}}]}},"brands":[{"id":178,"name":"WASHBURN","slug":"washburn"}],"_links":{"self":[{"href":"https:\/\/www.mexicanguitarplayers.com\/en\/wp-json\/wp\/v2\/product\/42194","targetHints":{"allow":["GET"]}}],"collection":[{"href":"https:\/\/www.mexicanguitarplayers.com\/en\/wp-json\/wp\/v2\/product"}],"about":[{"href":"https:\/\/www.mexicanguitarplayers.com\/en\/wp-json\/wp\/v2\/types\/product"}],"replies":[{"embeddable":true,"href":"https:\/\/www.mexicanguitarplayers.com\/en\/wp-json\/wp\/v2\/comments?post=42194"}],"wp:featuredmedia":[{"embeddable":true,"href":"https:\/\/www.mexicanguitarplayers.com\/en\/wp-json\/wp\/v2\/media\/42189"}],"wp:attachment":[{"href":"https:\/\/www.mexicanguitarplayers.com\/en\/wp-json\/wp\/v2\/media?parent=42194"}],"wp:term":[{"taxonomy":"pwb-brand","embeddable":true,"href":"https:\/\/www.mexicanguitarplayers.com\/en\/wp-json\/wp\/v2\/pwb-brand?post=42194"},{"taxonomy":"product_brand","embeddable":true,"href":"https:\/\/www.mexicanguitarplayers.com\/en\/wp-json\/wp\/v2\/product_brand?post=42194"},{"taxonomy":"product_cat","embeddable":true,"href":"https:\/\/www.mexicanguitarplayers.com\/en\/wp-json\/wp\/v2\/product_cat?post=42194"},{"taxonomy":"product_tag","embeddable":true,"href":"https:\/\/www.mexicanguitarplayers.com\/en\/wp-json\/wp\/v2\/product_tag?post=42194"}],"curies":[{"name":"wp","href":"https:\/\/api.w.org\/{rel}","templated":true}]}}