{"id":42204,"date":"2025-04-09T09:11:02","date_gmt":"2025-04-09T15:11:02","guid":{"rendered":"https:\/\/www.mexicanguitarplayers.com\/tienda\/sin categor\u00eda\/mezcladora-behringer-mod-q502usb\/"},"modified":"2026-04-10T04:17:02","modified_gmt":"2026-04-10T10:17:02","slug":"mezcladora-behringer-mod-q502usb","status":"publish","type":"product","link":"https:\/\/www.mexicanguitarplayers.com\/en\/tienda\/audio\/mezcladoras\/mezcladora-behringer-mod-q502usb\/","title":{"rendered":"MEZCLADORA BEHRINGER MOD. Q502USB"},"content":{"rendered":"<div style=\"text-align: justify\">\n<div>\n<h3>Controles y canales listos para tus shows en vivo.<\/h3>\n<\/div>\n<div>La mezcladora ultra compacta XENYX Q502USB de 5 entradas (1 mic, 2 est\u00e9reo) te permite obtener un sonido de primera calidad sin esfuerzo, gracias a sus cuatro preamplificadores de micr\u00f3fono Xenyx con calidad de estudio y sus ecualizadores neo brit\u00e1nicos de canal. Y nuestros compresores de una sola perilla f\u00e1ciles de usar, proporcionan un control din\u00e1mico total para lo \u00faltimo en punch y claridad, respetando todo el poder y la emoci\u00f3n que sacas en cada nota. Adem\u00e1s, la Q502USB se convierte es una mezcladora incre\u00edblemente vers\u00e1til para tus presentaciones en vivo. Pero la Q502USB no est\u00e1 solamente dise\u00f1ada para tus conciertos en vivo, tambi\u00e9n proporciona las herramientas de \u00faltima generaci\u00f3n que necesitas para realizar impresionantes grabaciones de calidad profesional. Junto con su interface USB incorporada, la mezcladora Q502USB viene con todo el software necesario de grabaci\u00f3n y edici\u00f3n para convertir tu sistema inform\u00e1tico en tu propio estudio de grabaci\u00f3n personal de alto rendimiento. Preamplificadores de micr\u00f3fono s\u00f3nicamente superiores. La mezcladora Q502USB obtiene su nombre de nuestros legendarios preamplificadores de micr\u00f3fono Xenyx, elogiados por ingenieros de audio en todo el mundo. Estos preamps de vanguardia representan un paso importante en la evoluci\u00f3n de la tecnolog\u00eda de audio y pueden f\u00e1cilmente mantenerse a s\u00ed mismos, incluso en comparaci\u00f3n con preamps de micr\u00f3fono independientes m\u00e1s caros. Los preamps Xenyx ofrecen un asombroso rango din\u00e1mico de 130 dB, con un ancho de banda que se extiende desde por debajo de los 10 Hz hasta por encima de los 200 kHz. Armado con estos preamplificadores de micr\u00f3fono, la Q502USB proporciona un rendimiento transparente y cristalino, tal vez creas que alguien actualiz\u00f3 tus micr\u00f3fonos mientras no estabas. Compresi\u00f3n de una sola perilla. Pregunta a los ingenieros de audio profesionales, cu\u00e1l es su pieza favorita de procesamiento externo y la mayor\u00eda responder\u00e1 de forma un\u00e1nime: La compresi\u00f3n din\u00e1mica. \u00bfQu\u00e9 es la compresi\u00f3n? Nos alegra que hayas preguntado. La compresi\u00f3n limita esencialmente el rango din\u00e1mico de una se\u00f1al, bajando el nivel de sonidos fuertes y subiendo tonos m\u00e1s suaves, para lograr un equilibrio s\u00f3nico. Pero la aplicaci\u00f3n de la compresi\u00f3n es un arte delicado que muchos ingenieros de audio principiantes, e incluso intermedios encuentran como un reto. Nuestra compresi\u00f3n de una sola perilla est\u00e1 disponible en todos los canales mono y es f\u00e1cil de operar, incluso para usuarios de nivel b\u00e1sico. Con esta perilla puedes marcar f\u00e1cilmente la cantidad perfecta de compresi\u00f3n para instrumentos y voces, creando mezclas potentes con punch y claridad. Esto es de hecho una caracter\u00edstica rara para los productos de esta clase, pero est\u00e1ndar en la mezcladora Q502USB. Ecualizador brit\u00e1nico sublimemente musical. Las consolas brit\u00e1nicas de los a\u00f1os 60 y 70 cambiaron el sonido del rock and roll, sin ellos la invasi\u00f3n brit\u00e1nica podr\u00eda no haber ocurrido. Esas legendarias mezcladoras pronto se convirtieron en la envidia de ingenieros y productores en todo el mundo. El ecualizador de canal de nuestras mezcladoras Xenyx se basa en ese mismo circuito, lo que te permite imbuir las se\u00f1ales con un calor incre\u00edble y un car\u00e1cter musical detallado. Incluso cuando se aplican generosamente, estos ecualizadores muestran una excelente calidad de audio. La mezcladora Q502USB puede acomodar un micr\u00f3fono din\u00e1mico o de condensador, gracias a la alimentaci\u00f3n phantom disponible. El ecualizador brit\u00e1nico de 3 bandas es famoso por su sonido c\u00e1lido y musical. Reproduce m\u00fasica entre sets por medio de las entradas 2 Track (main mix o control room\/aud\u00edfonos asignable) y graba tu show en un dispositivo de grabaci\u00f3n externo a trav\u00e9s de las salidas RCA.<\/div>\n<div>\n<h4>Quick look<\/h4>\n<\/div>\n<ul style=\"margin: 0px 0px 0px 25px\">\n<li style=\"list-style-type: circle;margin: 5px\">Entradas de micr\u00f3fono.<\/li>\n<li style=\"list-style-type: circle;margin: 5px\">Entradas de l\u00ednea.<\/li>\n<li style=\"list-style-type: circle;margin: 5px\">Stereo inputs.<\/li>\n<li style=\"list-style-type: circle;margin: 5px\">Entradas de CD.<\/li>\n<li style=\"list-style-type: circle;margin: 5px\">Equalizer<\/li>\n<li style=\"list-style-type: circle;margin: 5px\">Auxiliary shipments.<\/li>\n<li style=\"list-style-type: circle;margin: 5px\">Salidas principales.<\/li>\n<li style=\"list-style-type: circle;margin: 5px\">Salidas de control room.<\/li>\n<li style=\"list-style-type: circle;margin: 5px\">Headphone output.<\/li>\n<li style=\"list-style-type: circle;margin: 5px\">Salidas de CD.<\/li>\n<li style=\"list-style-type: circle;margin: 5px\">Datos de sistema de mezcla principal (ruido).<\/li>\n<li style=\"list-style-type: circle;margin: 5px\">Power supply.<\/li>\n<li style=\"list-style-type: circle;margin: 5px\">USB.<\/li>\n<li style=\"list-style-type: circle;margin: 5px\">Dimensions.<\/li>\n<li style=\"list-style-type: circle;margin: 5px\">Weight.<\/li>\n<\/ul>\n<div>\n<div style=\"font-weight: bold\">Entradas de micr\u00f3fono.<\/div>\n<div>\n<p>Tipo: conector XLR balanceado, circuito de entrada discreta. E.I.N. (20 Hz &#8211; 20 KHz). @ 0 ohms resistencia fuente: -134 dB \/ 136 dB medici\u00f3n A. @ 50 ohms resistencia fuente: -131 dB \/ 133 dB medici\u00f3n A. @ 150 ohms resistencia fuente: &#8211; 129 dB \/ 131 dB \u00b4medici\u00f3n A. Respuesta de frecuencia (-1 dB): &lt;10 Hz &#8211; 150 kHz (-1 dB). Respuesta de frecuencia (-3 dB): &lt;10 Hz &#8211; 200 kHz (-3 dB). Rango de ganancia: +10 a +60 dB. Nivel de entrada m\u00e1ximo: +12 dBu @ +10 dB ganancia. Impedancia: 1,9 kohms balanceado. Relaci\u00f3n se\u00f1al a ruido: 110 dB medici\u00f3n A (0 dBu entrada @ +22 dB ganancia). Distorsi\u00f3n (THD+N): 0,005% \/ 0,004% medici\u00f3n A.<\/p>\n<\/div>\n<div style=\"font-weight: bold\">Entradas de l\u00ednea.<\/div>\n<div>\n<p>Tipo: Conector TRS de 6.3 mm balanceado. Impedancia: 20 kohms balanceado \/ 10 kohms desbalanceado. Rango de ganancia: -10 a +40 dB. Nivel de entrada m\u00e1ximo: +22 dBu @ 0 dB ganancia.<\/p>\n<\/div>\n<div style=\"font-weight: bold\">Stereo inputs.<\/div>\n<div>\n<p>Tipo: 2 conectores TRS de 6.3 mm balanceados. Impedancia: 20 kohms balanceado \/ 10 kohms desbalanceado. Rango de ganancia: -20 dB a +20 dB. Nivel de entrada m\u00e1ximo: +22 dBu.<\/p>\n<\/div>\n<div style=\"font-weight: bold\">Entradas de CD.<\/div>\n<div>\n<p>Tipo: Conector RCA. Impedancia: 18 kohms. Nivel de entrada m\u00e1ximo: +22 dBu.<\/p>\n<\/div>\n<div style=\"font-weight: bold\">Equalizer<\/div>\n<div>\n<p>Graves: 80 Hz \/ \u00b115 dB. Medios: 2.5 kHz \/ \u00b115 dB. Agudos: 12 kHz \/ \u00b115 dB.<\/p>\n<\/div>\n<div style=\"font-weight: bold\">Auxiliary shipments.<\/div>\n<div>\n<p>Tipo: Conector TRS de 6.3 mm balanceado. Impedancia: 20 kohms balanceado \/ 10 kohms desbalanceado. Nivel de entrada m\u00e1ximo: +22 dBu.<\/p>\n<\/div>\n<div style=\"font-weight: bold\">Salidas principales.<\/div>\n<div>\n<p>Tipo: Conector TRS de 6.3 mm balanceado. Impedancia: 120 ohms balanceado. Nivel de salida m\u00e1ximo: +22 dBu.<\/p>\n<\/div>\n<div style=\"font-weight: bold\">Salidas de control room.<\/div>\n<div>\n<p>Tipo: Conector TRS de 6.3 mm balanceado. Impedancia: 120 ohms. Nivel de salida m\u00e1ximo: +22 dBu.<\/p>\n<\/div>\n<div style=\"font-weight: bold\">Headphone output.<\/div>\n<div>\n<p>Tipo: Conector TRS de 6.3 mm desbalanceado. Nivel de salida m\u00e1ximo: +21 dBu \/ 150 ohms (+25 dBm).<\/p>\n<\/div>\n<div style=\"font-weight: bold\">Salidas de CD.<\/div>\n<div>\n<p>Tipo: Conector RCA desbalanceado. Impedancia: 1 kohms. Nivel de salida m\u00e1ximo: +22 dBu.<\/p>\n<\/div>\n<div style=\"font-weight: bold\">Datos de sistema de mezcla principal (ruido).<\/div>\n<div>\n<p>Mezcla principal @ infinito, fader de canal @ infinito: -106 dB \/ -109 dB medici\u00f3n A. Mezcla principal @ 0 dB, fader de canal @ infinito: -95 dB \/ -98 dB medici\u00f3n A. Mezcla principal @ 0 dB, fader de canal @ 0 dB: -84 dB \/ -87 dB medici\u00f3n A.<\/p>\n<\/div>\n<div style=\"font-weight: bold\">Power supply.<\/div>\n<div>\n<p>Consumo: 13 watts. Adaptador: MXUL3.<\/p>\n<\/div>\n<div style=\"font-weight: bold\">USB.<\/div>\n<div>\n<p>Conector: Tipo B. Frecuencia de muestreo: 48 kHz.<\/p>\n<\/div>\n<div style=\"font-weight: bold\">Dimensions.<\/div>\n<div>\n<p>138 x 184 x 46 mm.<\/p>\n<\/div>\n<div style=\"font-weight: bold\">Weight.<\/div>\n<div>\n<p>0.6 kg.<\/p>\n<\/div>\n<\/div>\n<\/div>","protected":false},"excerpt":{"rendered":"<p>Mezcladora an\u00e1loga premium de 5 entradas y 2 buses, preamplificadores Xenyx de \u00faltima generaci\u00f3n, compresores de grado de estudio de una sola perilla y LED de control, interface USB incorporada para conectar directamente a tu computadora, ecualizadores neo brit\u00e1nicos de 3 bandas para un sonido c\u00e1lido y musical, 1 env\u00edo post fader por canal para dispositivos FX externos, salidas main mix m\u00e1s control room separado, salidas 2-Track y  aud\u00edfonos, entradas 2-Track asignables a main mix o control room\/aud\u00edfonos, funci\u00f3n FX a control room que ayuda a monitorear la se\u00f1al de efecto a trav\u00e9s de salida de aud\u00edfonos o control room, dimensiones: 138 x 184 x 46 mm, peso: 0.6 kg.&hellip; <a class=\"kt-excerpt-readmore more-link\" href=\"https:\/\/www.mexicanguitarplayers.com\/en\/tienda\/audio\/mezcladoras\/mezcladora-behringer-mod-q502usb\/\">Read more<\/a><\/p>","protected":false},"featured_media":42200,"comment_status":"open","ping_status":"closed","template":"","meta":{"kt_blocks_editor_width":""},"pwb-brand":[171],"product_brand":[],"product_cat":[213,491],"product_tag":[],"class_list":{"0":"post-42204","1":"product","2":"type-product","3":"status-publish","4":"has-post-thumbnail","6":"pwb-brand-behringer","7":"product_cat-audio","8":"product_cat-mezcladoras","9":"product_shipping_class-0-5-kg","11":"first","12":"outofstock","13":"taxable","14":"shipping-taxable","15":"purchasable","16":"product-type-simple"},"yoast_head":"<!-- This site is optimized with the Yoast SEO plugin v27.6 - https:\/\/yoast.com\/product\/yoast-seo-wordpress\/ -->\n<title>MEZCLADORA BEHRINGER MOD. Q502USB - Mexican Guitar Players<\/title>\n<meta name=\"description\" content=\"Mezcladora an\u00e1loga premium de 5 entradas y 2 buses, preamplificadores Xenyx de \u00faltima generaci\u00f3n, compresores de grado de estudio de una sola perilla y LED de control, interface USB incorporada para conectar directamente a tu computadora, ecualizadores neo brit\u00e1nicos de 3 bandas para un sonido c\u00e1lido y musical, 1 env\u00edo post fader por canal para dispositivos FX externos, salidas main mix m\u00e1s control room separado, salidas 2-Track y aud\u00edfonos, entradas 2-Track asignables a main mix o control room\/aud\u00edfonos, funci\u00f3n FX a control room que ayuda a monitorear la se\u00f1al de efecto a trav\u00e9s de salida de aud\u00edfonos o control room, dimensiones: 138 x 184 x 46 mm, peso: 0.6 kg.\" \/>\n<meta name=\"robots\" content=\"index, follow, max-snippet:-1, max-image-preview:large, max-video-preview:-1\" \/>\n<link rel=\"canonical\" href=\"https:\/\/www.mexicanguitarplayers.com\/en\/tienda\/sin%20categor\u00eda\/mezcladora-behringer-mod-q502usb\/\" \/>\n<meta property=\"og:locale\" content=\"en_US\" \/>\n<meta property=\"og:type\" content=\"article\" \/>\n<meta property=\"og:title\" content=\"MEZCLADORA BEHRINGER MOD. Q502USB - Mexican Guitar Players\" \/>\n<meta property=\"og:description\" content=\"Mezcladora an\u00e1loga premium de 5 entradas y 2 buses, preamplificadores Xenyx de \u00faltima generaci\u00f3n, compresores de grado de estudio de una sola perilla y LED de control, interface USB incorporada para conectar directamente a tu computadora, ecualizadores neo brit\u00e1nicos de 3 bandas para un sonido c\u00e1lido y musical, 1 env\u00edo post fader por canal para dispositivos FX externos, salidas main mix m\u00e1s control room separado, salidas 2-Track y aud\u00edfonos, entradas 2-Track asignables a main mix o control room\/aud\u00edfonos, funci\u00f3n FX a control room que ayuda a monitorear la se\u00f1al de efecto a trav\u00e9s de salida de aud\u00edfonos o control room, dimensiones: 138 x 184 x 46 mm, peso: 0.6 kg.\" \/>\n<meta property=\"og:url\" content=\"https:\/\/www.mexicanguitarplayers.com\/en\/tienda\/sin categor\u00eda\/mezcladora-behringer-mod-q502usb\/\" \/>\n<meta property=\"og:site_name\" content=\"Mexican Guitar Players\" \/>\n<meta property=\"article:modified_time\" content=\"2026-04-10T10:17:02+00:00\" \/>\n<meta name=\"twitter:card\" content=\"summary_large_image\" \/>\n<meta name=\"twitter:label1\" content=\"Est. reading time\" \/>\n\t<meta name=\"twitter:data1\" content=\"5 minutes\" \/>\n<script type=\"application\/ld+json\" class=\"yoast-schema-graph\">{\"@context\":\"https:\\\/\\\/schema.org\",\"@graph\":[{\"@type\":[\"WebPage\",\"ItemPage\"],\"@id\":\"https:\\\/\\\/www.mexicanguitarplayers.com\\\/tienda\\\/sin categor\u00eda\\\/mezcladora-behringer-mod-q502usb\\\/\",\"url\":\"https:\\\/\\\/www.mexicanguitarplayers.com\\\/tienda\\\/sin categor\u00eda\\\/mezcladora-behringer-mod-q502usb\\\/\",\"name\":\"MEZCLADORA BEHRINGER MOD. Q502USB - Mexican Guitar Players\",\"isPartOf\":{\"@id\":\"https:\\\/\\\/www.mexicanguitarplayers.com\\\/#website\"},\"primaryImageOfPage\":{\"@id\":\"https:\\\/\\\/www.mexicanguitarplayers.com\\\/tienda\\\/sin categor\u00eda\\\/mezcladora-behringer-mod-q502usb\\\/#primaryimage\"},\"image\":{\"@id\":\"https:\\\/\\\/www.mexicanguitarplayers.com\\\/tienda\\\/sin categor\u00eda\\\/mezcladora-behringer-mod-q502usb\\\/#primaryimage\"},\"thumbnailUrl\":\"https:\\\/\\\/www.mexicanguitarplayers.com\\\/wp-content\\\/uploads\\\/2025\\\/04\\\/IABEHQ502USB.jpg\",\"datePublished\":\"2025-04-09T15:11:02+00:00\",\"dateModified\":\"2026-04-10T10:17:02+00:00\",\"description\":\"Mezcladora an\u00e1loga premium de 5 entradas y 2 buses, preamplificadores Xenyx de \u00faltima generaci\u00f3n, compresores de grado de estudio de una sola perilla y LED de control, interface USB incorporada para conectar directamente a tu computadora, ecualizadores neo brit\u00e1nicos de 3 bandas para un sonido c\u00e1lido y musical, 1 env\u00edo post fader por canal para dispositivos FX externos, salidas main mix m\u00e1s control room separado, salidas 2-Track y aud\u00edfonos, entradas 2-Track asignables a main mix o control room\\\/aud\u00edfonos, funci\u00f3n FX a control room que ayuda a monitorear la se\u00f1al de efecto a trav\u00e9s de salida de aud\u00edfonos o control room, dimensiones: 138 x 184 x 46 mm, peso: 0.6 kg.\",\"breadcrumb\":{\"@id\":\"https:\\\/\\\/www.mexicanguitarplayers.com\\\/tienda\\\/sin categor\u00eda\\\/mezcladora-behringer-mod-q502usb\\\/#breadcrumb\"},\"inLanguage\":\"en-US\",\"potentialAction\":[{\"@type\":\"ReadAction\",\"target\":[\"https:\\\/\\\/www.mexicanguitarplayers.com\\\/tienda\\\/sin categor\u00eda\\\/mezcladora-behringer-mod-q502usb\\\/\"]}]},{\"@type\":\"ImageObject\",\"inLanguage\":\"en-US\",\"@id\":\"https:\\\/\\\/www.mexicanguitarplayers.com\\\/tienda\\\/sin categor\u00eda\\\/mezcladora-behringer-mod-q502usb\\\/#primaryimage\",\"url\":\"https:\\\/\\\/www.mexicanguitarplayers.com\\\/wp-content\\\/uploads\\\/2025\\\/04\\\/IABEHQ502USB.jpg\",\"contentUrl\":\"https:\\\/\\\/www.mexicanguitarplayers.com\\\/wp-content\\\/uploads\\\/2025\\\/04\\\/IABEHQ502USB.jpg\",\"width\":1200,\"height\":1200},{\"@type\":\"BreadcrumbList\",\"@id\":\"https:\\\/\\\/www.mexicanguitarplayers.com\\\/tienda\\\/sin categor\u00eda\\\/mezcladora-behringer-mod-q502usb\\\/#breadcrumb\",\"itemListElement\":[{\"@type\":\"ListItem\",\"position\":1,\"name\":\"Portada\",\"item\":\"https:\\\/\\\/www.mexicanguitarplayers.com\\\/\"},{\"@type\":\"ListItem\",\"position\":2,\"name\":\"Tienda\",\"item\":\"https:\\\/\\\/www.mexicanguitarplayers.com\\\/tienda\\\/\"},{\"@type\":\"ListItem\",\"position\":3,\"name\":\"MEZCLADORA BEHRINGER MOD. Q502USB\"}]},{\"@type\":\"WebSite\",\"@id\":\"https:\\\/\\\/www.mexicanguitarplayers.com\\\/#website\",\"url\":\"https:\\\/\\\/www.mexicanguitarplayers.com\\\/\",\"name\":\"Mexican Guitar Players\",\"description\":\"Website\",\"publisher\":{\"@id\":\"https:\\\/\\\/www.mexicanguitarplayers.com\\\/#organization\"},\"potentialAction\":[{\"@type\":\"SearchAction\",\"target\":{\"@type\":\"EntryPoint\",\"urlTemplate\":\"https:\\\/\\\/www.mexicanguitarplayers.com\\\/?s={search_term_string}\"},\"query-input\":{\"@type\":\"PropertyValueSpecification\",\"valueRequired\":true,\"valueName\":\"search_term_string\"}}],\"inLanguage\":\"en-US\"},{\"@type\":\"Organization\",\"@id\":\"https:\\\/\\\/www.mexicanguitarplayers.com\\\/#organization\",\"name\":\"Mexican Guitar Players\",\"url\":\"https:\\\/\\\/www.mexicanguitarplayers.com\\\/\",\"logo\":{\"@type\":\"ImageObject\",\"inLanguage\":\"en-US\",\"@id\":\"https:\\\/\\\/www.mexicanguitarplayers.com\\\/#\\\/schema\\\/logo\\\/image\\\/\",\"url\":\"\",\"contentUrl\":\"\",\"caption\":\"Mexican Guitar Players\"},\"image\":{\"@id\":\"https:\\\/\\\/www.mexicanguitarplayers.com\\\/#\\\/schema\\\/logo\\\/image\\\/\"}}]}<\/script>\n<!-- \/ Yoast SEO plugin. -->","yoast_head_json":{"title":"MEZCLADORA BEHRINGER MOD. Q502USB - Mexican Guitar Players","description":"Mezcladora an\u00e1loga premium de 5 entradas y 2 buses, preamplificadores Xenyx de \u00faltima generaci\u00f3n, compresores de grado de estudio de una sola perilla y LED de control, interface USB incorporada para conectar directamente a tu computadora, ecualizadores neo brit\u00e1nicos de 3 bandas para un sonido c\u00e1lido y musical, 1 env\u00edo post fader por canal para dispositivos FX externos, salidas main mix m\u00e1s control room separado, salidas 2-Track y aud\u00edfonos, entradas 2-Track asignables a main mix o control room\/aud\u00edfonos, funci\u00f3n FX a control room que ayuda a monitorear la se\u00f1al de efecto a trav\u00e9s de salida de aud\u00edfonos o control room, dimensiones: 138 x 184 x 46 mm, peso: 0.6 kg.","robots":{"index":"index","follow":"follow","max-snippet":"max-snippet:-1","max-image-preview":"max-image-preview:large","max-video-preview":"max-video-preview:-1"},"canonical":"https:\/\/www.mexicanguitarplayers.com\/en\/tienda\/sin categor\u00eda\/mezcladora-behringer-mod-q502usb\/","og_locale":"en_US","og_type":"article","og_title":"MEZCLADORA BEHRINGER MOD. Q502USB - Mexican Guitar Players","og_description":"Mezcladora an\u00e1loga premium de 5 entradas y 2 buses, preamplificadores Xenyx de \u00faltima generaci\u00f3n, compresores de grado de estudio de una sola perilla y LED de control, interface USB incorporada para conectar directamente a tu computadora, ecualizadores neo brit\u00e1nicos de 3 bandas para un sonido c\u00e1lido y musical, 1 env\u00edo post fader por canal para dispositivos FX externos, salidas main mix m\u00e1s control room separado, salidas 2-Track y aud\u00edfonos, entradas 2-Track asignables a main mix o control room\/aud\u00edfonos, funci\u00f3n FX a control room que ayuda a monitorear la se\u00f1al de efecto a trav\u00e9s de salida de aud\u00edfonos o control room, dimensiones: 138 x 184 x 46 mm, peso: 0.6 kg.","og_url":"https:\/\/www.mexicanguitarplayers.com\/en\/tienda\/sin categor\u00eda\/mezcladora-behringer-mod-q502usb\/","og_site_name":"Mexican Guitar Players","article_modified_time":"2026-04-10T10:17:02+00:00","twitter_card":"summary_large_image","twitter_misc":{"Est. reading time":"5 minutes"},"schema":{"@context":"https:\/\/schema.org","@graph":[{"@type":["WebPage","ItemPage"],"@id":"https:\/\/www.mexicanguitarplayers.com\/tienda\/sin categor\u00eda\/mezcladora-behringer-mod-q502usb\/","url":"https:\/\/www.mexicanguitarplayers.com\/tienda\/sin categor\u00eda\/mezcladora-behringer-mod-q502usb\/","name":"MEZCLADORA BEHRINGER MOD. Q502USB - Mexican Guitar Players","isPartOf":{"@id":"https:\/\/www.mexicanguitarplayers.com\/#website"},"primaryImageOfPage":{"@id":"https:\/\/www.mexicanguitarplayers.com\/tienda\/sin categor\u00eda\/mezcladora-behringer-mod-q502usb\/#primaryimage"},"image":{"@id":"https:\/\/www.mexicanguitarplayers.com\/tienda\/sin categor\u00eda\/mezcladora-behringer-mod-q502usb\/#primaryimage"},"thumbnailUrl":"https:\/\/www.mexicanguitarplayers.com\/wp-content\/uploads\/2025\/04\/IABEHQ502USB.jpg","datePublished":"2025-04-09T15:11:02+00:00","dateModified":"2026-04-10T10:17:02+00:00","description":"Mezcladora an\u00e1loga premium de 5 entradas y 2 buses, preamplificadores Xenyx de \u00faltima generaci\u00f3n, compresores de grado de estudio de una sola perilla y LED de control, interface USB incorporada para conectar directamente a tu computadora, ecualizadores neo brit\u00e1nicos de 3 bandas para un sonido c\u00e1lido y musical, 1 env\u00edo post fader por canal para dispositivos FX externos, salidas main mix m\u00e1s control room separado, salidas 2-Track y aud\u00edfonos, entradas 2-Track asignables a main mix o control room\/aud\u00edfonos, funci\u00f3n FX a control room que ayuda a monitorear la se\u00f1al de efecto a trav\u00e9s de salida de aud\u00edfonos o control room, dimensiones: 138 x 184 x 46 mm, peso: 0.6 kg.","breadcrumb":{"@id":"https:\/\/www.mexicanguitarplayers.com\/tienda\/sin categor\u00eda\/mezcladora-behringer-mod-q502usb\/#breadcrumb"},"inLanguage":"en-US","potentialAction":[{"@type":"ReadAction","target":["https:\/\/www.mexicanguitarplayers.com\/tienda\/sin categor\u00eda\/mezcladora-behringer-mod-q502usb\/"]}]},{"@type":"ImageObject","inLanguage":"en-US","@id":"https:\/\/www.mexicanguitarplayers.com\/tienda\/sin categor\u00eda\/mezcladora-behringer-mod-q502usb\/#primaryimage","url":"https:\/\/www.mexicanguitarplayers.com\/wp-content\/uploads\/2025\/04\/IABEHQ502USB.jpg","contentUrl":"https:\/\/www.mexicanguitarplayers.com\/wp-content\/uploads\/2025\/04\/IABEHQ502USB.jpg","width":1200,"height":1200},{"@type":"BreadcrumbList","@id":"https:\/\/www.mexicanguitarplayers.com\/tienda\/sin categor\u00eda\/mezcladora-behringer-mod-q502usb\/#breadcrumb","itemListElement":[{"@type":"ListItem","position":1,"name":"Portada","item":"https:\/\/www.mexicanguitarplayers.com\/"},{"@type":"ListItem","position":2,"name":"Tienda","item":"https:\/\/www.mexicanguitarplayers.com\/tienda\/"},{"@type":"ListItem","position":3,"name":"MEZCLADORA BEHRINGER MOD. Q502USB"}]},{"@type":"WebSite","@id":"https:\/\/www.mexicanguitarplayers.com\/#website","url":"https:\/\/www.mexicanguitarplayers.com\/","name":"Mexican Guitar Players","description":"Website","publisher":{"@id":"https:\/\/www.mexicanguitarplayers.com\/#organization"},"potentialAction":[{"@type":"SearchAction","target":{"@type":"EntryPoint","urlTemplate":"https:\/\/www.mexicanguitarplayers.com\/?s={search_term_string}"},"query-input":{"@type":"PropertyValueSpecification","valueRequired":true,"valueName":"search_term_string"}}],"inLanguage":"en-US"},{"@type":"Organization","@id":"https:\/\/www.mexicanguitarplayers.com\/#organization","name":"Mexican Guitar Players","url":"https:\/\/www.mexicanguitarplayers.com\/","logo":{"@type":"ImageObject","inLanguage":"en-US","@id":"https:\/\/www.mexicanguitarplayers.com\/#\/schema\/logo\/image\/","url":"","contentUrl":"","caption":"Mexican Guitar Players"},"image":{"@id":"https:\/\/www.mexicanguitarplayers.com\/#\/schema\/logo\/image\/"}}]}},"brands":[{"id":171,"name":"BEHRINGER","slug":"behringer"}],"_links":{"self":[{"href":"https:\/\/www.mexicanguitarplayers.com\/en\/wp-json\/wp\/v2\/product\/42204","targetHints":{"allow":["GET"]}}],"collection":[{"href":"https:\/\/www.mexicanguitarplayers.com\/en\/wp-json\/wp\/v2\/product"}],"about":[{"href":"https:\/\/www.mexicanguitarplayers.com\/en\/wp-json\/wp\/v2\/types\/product"}],"replies":[{"embeddable":true,"href":"https:\/\/www.mexicanguitarplayers.com\/en\/wp-json\/wp\/v2\/comments?post=42204"}],"wp:featuredmedia":[{"embeddable":true,"href":"https:\/\/www.mexicanguitarplayers.com\/en\/wp-json\/wp\/v2\/media\/42200"}],"wp:attachment":[{"href":"https:\/\/www.mexicanguitarplayers.com\/en\/wp-json\/wp\/v2\/media?parent=42204"}],"wp:term":[{"taxonomy":"pwb-brand","embeddable":true,"href":"https:\/\/www.mexicanguitarplayers.com\/en\/wp-json\/wp\/v2\/pwb-brand?post=42204"},{"taxonomy":"product_brand","embeddable":true,"href":"https:\/\/www.mexicanguitarplayers.com\/en\/wp-json\/wp\/v2\/product_brand?post=42204"},{"taxonomy":"product_cat","embeddable":true,"href":"https:\/\/www.mexicanguitarplayers.com\/en\/wp-json\/wp\/v2\/product_cat?post=42204"},{"taxonomy":"product_tag","embeddable":true,"href":"https:\/\/www.mexicanguitarplayers.com\/en\/wp-json\/wp\/v2\/product_tag?post=42204"}],"curies":[{"name":"wp","href":"https:\/\/api.w.org\/{rel}","templated":true}]}}