{"id":42239,"date":"2025-04-09T09:12:04","date_gmt":"2025-04-09T15:12:04","guid":{"rendered":"https:\/\/www.mexicanguitarplayers.com\/tienda\/sin categor\u00eda\/bafle-wharfedale-mod-typhon-ax12-bt\/"},"modified":"2026-04-10T04:16:57","modified_gmt":"2026-04-10T10:16:57","slug":"bafle-wharfedale-mod-typhon-ax12-bt","status":"publish","type":"product","link":"https:\/\/www.mexicanguitarplayers.com\/en\/tienda\/audio\/bafles-y-bocinas\/bafles\/bafles-activos\/bafle-wharfedale-mod-typhon-ax12-bt\/","title":{"rendered":"BAFLE WHARFEDALE MOD. TYPHON AX12 BT"},"content":{"rendered":"<div style=\"text-align: justify\">\n<div>\n<h3>Potencia, control e invencibilidad.<\/h3>\n<\/div>\n<div>En la mitolog\u00eda antigua, Typhon era un gigante que tra\u00eda miedo a sus enemigos. Desde una \u00e9poca similar a la de los Titanes, se dice que el Dios Tif\u00f3n ten\u00eda el poder de crear y contorlar tornados masivos de viento en sus batallas. La mitolog\u00eda tambi\u00e9n se refiere a menudo a \u00e9l como invencible. Potencia, control e invencibilidad, son todas las caracter\u00edsticas con las que se han dise\u00f1ado los nuevos altavoces activos Typhon. Dos nuevos modelos est\u00e1n disponibles, Typhon-AX12, un altavoz activo continuo de 12&#8243; pulgadas de 2 v\u00edas a 720 watts y un hermano apto para Bluetooth aptX, el Typhon-AX12-BT. Los nuevos amplificadores internos ofrecen m\u00e1s del 140% de potencia que el Titan-AX12.<\/div>\n<div>\n<h4>Quick look<\/h4>\n<\/div>\n<ul style=\"margin: 0px 0px 0px 25px\">\n<li style=\"list-style-type: circle;margin: 5px\">System.<\/li>\n<li style=\"list-style-type: circle;margin: 5px\">Transductor de baja frecuencia.<\/li>\n<li style=\"list-style-type: circle;margin: 5px\">Transductor de alta frecuencia.<\/li>\n<li style=\"list-style-type: circle;margin: 5px\">Amplificadores.<\/li>\n<li style=\"list-style-type: circle;margin: 5px\">Tickets.<\/li>\n<li style=\"list-style-type: circle;margin: 5px\">Energy.<\/li>\n<li style=\"list-style-type: circle;margin: 5px\">Otros.<\/li>\n<li style=\"list-style-type: circle;margin: 5px\">Gabinete.<\/li>\n<li style=\"list-style-type: circle;margin: 5px\">Dimensions.<\/li>\n<li style=\"list-style-type: circle;margin: 5px\">Weight.<\/li>\n<\/ul>\n<div>\n<div style=\"font-weight: bold\">System.<\/div>\n<div>\n<p>Tipo: Activo, 12\u201d pulgadas, 2 v\u00edas con Bluetooth. Respuesta de frecuencia (\u00b13 dB): 55 Hz &#8211; 20 kHz. Rango de frecuencia (-10 dB): 50 Hz &#8211; 20 kHz. SPL m\u00e1ximo @ 1m: 129 dB. Sensibilidad @ 1W\/1m: 98 dB.<\/p>\n<\/div>\n<div style=\"font-weight: bold\">Transductor de baja frecuencia.<\/div>\n<div>\n<p>Tama\u00f1o: 12\u201d pulgadas (305 mm). Bobina m\u00f3vil: 2.5\u201d pulgadas (65 mm). Impedancia: 4 ohms.<\/p>\n<\/div>\n<div style=\"font-weight: bold\">Transductor de alta frecuencia.<\/div>\n<div>\n<p>Tipo: Driver de compresi\u00f3n. Bobina m\u00f3vil 1.75\u201d pulgadas (44 mm). Salida: 1\u201d pulgadas (25 mm). Material del diafragma: Titanio. Impedancia: 8 ohms. Cobertura nominal: Bocina de simetr\u00eda h\u00edbrida (100\u00b0 x 80\u00b0).<\/p>\n<\/div>\n<div style=\"font-weight: bold\">Amplificadores.<\/div>\n<div>\n<p>Dise\u00f1o de amplificador: 2 amplificadores Clase D. Potencia: Pico 1440W (1200W LF + 240W HF), continuo 720W (600W LF + 120W HF), Controles DSP: FLAT\/MONITOR\/BASS\/PUNCH.<\/p>\n<\/div>\n<div style=\"font-weight: bold\">Tickets.<\/div>\n<div>\n<p>Entrada A: Balanceado. Sensibilidad de entrada: 775 mV (0dBu). Conectores de entrada A\/B: dos XLR, dos 6.3 mm. Impedancia de entrada: 20 kilo-ohms. Salida de l\u00ednea: XLR balanceado. Ganancia loop: 0 dB.<\/p>\n<\/div>\n<div style=\"font-weight: bold\">Energy.<\/div>\n<div>\n<p>220~240VAC\/100~120VAC 50\/60Hz.<\/p>\n<\/div>\n<div style=\"font-weight: bold\">Otros.<\/div>\n<div>\n<p>9 insertos roscados M8. Socket de 35 mm con tornillo de bloqueo. 5 asas de transporte. Soporte de montaje en pared WPB-2 (se vende por separado).<\/p>\n<\/div>\n<div style=\"font-weight: bold\">Gabinete.<\/div>\n<div>\n<p>Polipropileno moldeado por inyecci\u00f3n. Material de la rejilla: Acero.<\/p>\n<\/div>\n<div style=\"font-weight: bold\">Dimensions.<\/div>\n<div>\n<p>558 x 344 x 340 mm.<\/p>\n<\/div>\n<div style=\"font-weight: bold\">Weight.<\/div>\n<div>\n<p>16.2 kg.<\/p>\n<\/div>\n<\/div>\n<\/div>","protected":false},"excerpt":{"rendered":"<p>Bafle activo de 12\u201d pulgadas de 2 v\u00edas con Bluetooth, 720 watts continuos y 1440 watts pico, rango de frecuencia: 50 Hz &#8211; 20 kHz, DPS interno de 4 posiciones, drivers personalizados Wharfedale Pro, dos amplificadores Clase D, gabinete de polipropileno, bobina m\u00f3vil de 1.75\u201d, m\u00faltiples manijas, m\u00faltiples puntos de rigging, dimensiones: 558 x 344 x 245 mm, peso: 16.2 kg.&hellip; <a class=\"kt-excerpt-readmore more-link\" href=\"https:\/\/www.mexicanguitarplayers.com\/en\/tienda\/audio\/bafles-y-bocinas\/bafles\/bafles-activos\/bafle-wharfedale-mod-typhon-ax12-bt\/\">Read more<\/a><\/p>","protected":false},"featured_media":42236,"comment_status":"open","ping_status":"closed","template":"","meta":{"kt_blocks_editor_width":""},"pwb-brand":[555],"product_brand":[],"product_cat":[213,222,472,221],"product_tag":[],"class_list":{"0":"post-42239","1":"product","2":"type-product","3":"status-publish","4":"has-post-thumbnail","6":"pwb-brand-wharfedale","7":"product_cat-audio","8":"product_cat-bafles","9":"product_cat-bafles-activos","10":"product_cat-bafles-y-bocinas","11":"product_shipping_class-0-5-kg","13":"first","14":"outofstock","15":"taxable","16":"shipping-taxable","17":"purchasable","18":"product-type-simple"},"yoast_head":"<!-- This site is optimized with the Yoast SEO plugin v27.5 - https:\/\/yoast.com\/product\/yoast-seo-wordpress\/ -->\n<title>BAFLE WHARFEDALE MOD. TYPHON AX12 BT - Mexican Guitar Players<\/title>\n<meta name=\"description\" content=\"Bafle activo de 12\u201d pulgadas de 2 v\u00edas con Bluetooth, 720 watts continuos y 1440 watts pico, rango de frecuencia: 50 Hz - 20 kHz, DPS interno de 4 posiciones, drivers personalizados Wharfedale Pro, dos amplificadores Clase D, gabinete de polipropileno, bobina m\u00f3vil de 1.75\u201d, m\u00faltiples manijas, m\u00faltiples puntos de rigging, dimensiones: 558 x 344 x 245 mm, peso: 16.2 kg.\" \/>\n<meta name=\"robots\" content=\"index, follow, max-snippet:-1, max-image-preview:large, max-video-preview:-1\" \/>\n<link rel=\"canonical\" href=\"https:\/\/www.mexicanguitarplayers.com\/en\/tienda\/sin%20categor\u00eda\/bafle-wharfedale-mod-typhon-ax12-bt\/\" \/>\n<meta property=\"og:locale\" content=\"en_US\" \/>\n<meta property=\"og:type\" content=\"article\" \/>\n<meta property=\"og:title\" content=\"BAFLE WHARFEDALE MOD. TYPHON AX12 BT - Mexican Guitar Players\" \/>\n<meta property=\"og:description\" content=\"Bafle activo de 12\u201d pulgadas de 2 v\u00edas con Bluetooth, 720 watts continuos y 1440 watts pico, rango de frecuencia: 50 Hz - 20 kHz, DPS interno de 4 posiciones, drivers personalizados Wharfedale Pro, dos amplificadores Clase D, gabinete de polipropileno, bobina m\u00f3vil de 1.75\u201d, m\u00faltiples manijas, m\u00faltiples puntos de rigging, dimensiones: 558 x 344 x 245 mm, peso: 16.2 kg.\" \/>\n<meta property=\"og:url\" content=\"https:\/\/www.mexicanguitarplayers.com\/en\/tienda\/sin categor\u00eda\/bafle-wharfedale-mod-typhon-ax12-bt\/\" \/>\n<meta property=\"og:site_name\" content=\"Mexican Guitar Players\" \/>\n<meta property=\"article:modified_time\" content=\"2026-04-10T10:16:57+00:00\" \/>\n<meta name=\"twitter:card\" content=\"summary_large_image\" \/>\n<meta name=\"twitter:label1\" content=\"Est. reading time\" \/>\n\t<meta name=\"twitter:data1\" content=\"2 minutes\" \/>\n<script type=\"application\/ld+json\" class=\"yoast-schema-graph\">{\"@context\":\"https:\\\/\\\/schema.org\",\"@graph\":[{\"@type\":[\"WebPage\",\"ItemPage\"],\"@id\":\"https:\\\/\\\/www.mexicanguitarplayers.com\\\/tienda\\\/sin categor\u00eda\\\/bafle-wharfedale-mod-typhon-ax12-bt\\\/\",\"url\":\"https:\\\/\\\/www.mexicanguitarplayers.com\\\/tienda\\\/sin categor\u00eda\\\/bafle-wharfedale-mod-typhon-ax12-bt\\\/\",\"name\":\"BAFLE WHARFEDALE MOD. TYPHON AX12 BT - Mexican Guitar Players\",\"isPartOf\":{\"@id\":\"https:\\\/\\\/www.mexicanguitarplayers.com\\\/#website\"},\"primaryImageOfPage\":{\"@id\":\"https:\\\/\\\/www.mexicanguitarplayers.com\\\/tienda\\\/sin categor\u00eda\\\/bafle-wharfedale-mod-typhon-ax12-bt\\\/#primaryimage\"},\"image\":{\"@id\":\"https:\\\/\\\/www.mexicanguitarplayers.com\\\/tienda\\\/sin categor\u00eda\\\/bafle-wharfedale-mod-typhon-ax12-bt\\\/#primaryimage\"},\"thumbnailUrl\":\"https:\\\/\\\/www.mexicanguitarplayers.com\\\/wp-content\\\/uploads\\\/2025\\\/04\\\/IAWHATYPAX12BT.jpg\",\"datePublished\":\"2025-04-09T15:12:04+00:00\",\"dateModified\":\"2026-04-10T10:16:57+00:00\",\"description\":\"Bafle activo de 12\u201d pulgadas de 2 v\u00edas con Bluetooth, 720 watts continuos y 1440 watts pico, rango de frecuencia: 50 Hz - 20 kHz, DPS interno de 4 posiciones, drivers personalizados Wharfedale Pro, dos amplificadores Clase D, gabinete de polipropileno, bobina m\u00f3vil de 1.75\u201d, m\u00faltiples manijas, m\u00faltiples puntos de rigging, dimensiones: 558 x 344 x 245 mm, peso: 16.2 kg.\",\"breadcrumb\":{\"@id\":\"https:\\\/\\\/www.mexicanguitarplayers.com\\\/tienda\\\/sin categor\u00eda\\\/bafle-wharfedale-mod-typhon-ax12-bt\\\/#breadcrumb\"},\"inLanguage\":\"en-US\",\"potentialAction\":[{\"@type\":\"ReadAction\",\"target\":[\"https:\\\/\\\/www.mexicanguitarplayers.com\\\/tienda\\\/sin categor\u00eda\\\/bafle-wharfedale-mod-typhon-ax12-bt\\\/\"]}]},{\"@type\":\"ImageObject\",\"inLanguage\":\"en-US\",\"@id\":\"https:\\\/\\\/www.mexicanguitarplayers.com\\\/tienda\\\/sin categor\u00eda\\\/bafle-wharfedale-mod-typhon-ax12-bt\\\/#primaryimage\",\"url\":\"https:\\\/\\\/www.mexicanguitarplayers.com\\\/wp-content\\\/uploads\\\/2025\\\/04\\\/IAWHATYPAX12BT.jpg\",\"contentUrl\":\"https:\\\/\\\/www.mexicanguitarplayers.com\\\/wp-content\\\/uploads\\\/2025\\\/04\\\/IAWHATYPAX12BT.jpg\",\"width\":1200,\"height\":1200},{\"@type\":\"BreadcrumbList\",\"@id\":\"https:\\\/\\\/www.mexicanguitarplayers.com\\\/tienda\\\/sin categor\u00eda\\\/bafle-wharfedale-mod-typhon-ax12-bt\\\/#breadcrumb\",\"itemListElement\":[{\"@type\":\"ListItem\",\"position\":1,\"name\":\"Portada\",\"item\":\"https:\\\/\\\/www.mexicanguitarplayers.com\\\/\"},{\"@type\":\"ListItem\",\"position\":2,\"name\":\"Tienda\",\"item\":\"https:\\\/\\\/www.mexicanguitarplayers.com\\\/tienda\\\/\"},{\"@type\":\"ListItem\",\"position\":3,\"name\":\"BAFLE WHARFEDALE MOD. TYPHON AX12 BT\"}]},{\"@type\":\"WebSite\",\"@id\":\"https:\\\/\\\/www.mexicanguitarplayers.com\\\/#website\",\"url\":\"https:\\\/\\\/www.mexicanguitarplayers.com\\\/\",\"name\":\"Mexican Guitar Players\",\"description\":\"Website\",\"publisher\":{\"@id\":\"https:\\\/\\\/www.mexicanguitarplayers.com\\\/#organization\"},\"potentialAction\":[{\"@type\":\"SearchAction\",\"target\":{\"@type\":\"EntryPoint\",\"urlTemplate\":\"https:\\\/\\\/www.mexicanguitarplayers.com\\\/?s={search_term_string}\"},\"query-input\":{\"@type\":\"PropertyValueSpecification\",\"valueRequired\":true,\"valueName\":\"search_term_string\"}}],\"inLanguage\":\"en-US\"},{\"@type\":\"Organization\",\"@id\":\"https:\\\/\\\/www.mexicanguitarplayers.com\\\/#organization\",\"name\":\"Mexican Guitar Players\",\"url\":\"https:\\\/\\\/www.mexicanguitarplayers.com\\\/\",\"logo\":{\"@type\":\"ImageObject\",\"inLanguage\":\"en-US\",\"@id\":\"https:\\\/\\\/www.mexicanguitarplayers.com\\\/#\\\/schema\\\/logo\\\/image\\\/\",\"url\":\"\",\"contentUrl\":\"\",\"caption\":\"Mexican Guitar Players\"},\"image\":{\"@id\":\"https:\\\/\\\/www.mexicanguitarplayers.com\\\/#\\\/schema\\\/logo\\\/image\\\/\"}}]}<\/script>\n<!-- \/ Yoast SEO plugin. -->","yoast_head_json":{"title":"BAFLE WHARFEDALE MOD. TYPHON AX12 BT - Mexican Guitar Players","description":"Bafle activo de 12\u201d pulgadas de 2 v\u00edas con Bluetooth, 720 watts continuos y 1440 watts pico, rango de frecuencia: 50 Hz - 20 kHz, DPS interno de 4 posiciones, drivers personalizados Wharfedale Pro, dos amplificadores Clase D, gabinete de polipropileno, bobina m\u00f3vil de 1.75\u201d, m\u00faltiples manijas, m\u00faltiples puntos de rigging, dimensiones: 558 x 344 x 245 mm, peso: 16.2 kg.","robots":{"index":"index","follow":"follow","max-snippet":"max-snippet:-1","max-image-preview":"max-image-preview:large","max-video-preview":"max-video-preview:-1"},"canonical":"https:\/\/www.mexicanguitarplayers.com\/en\/tienda\/sin categor\u00eda\/bafle-wharfedale-mod-typhon-ax12-bt\/","og_locale":"en_US","og_type":"article","og_title":"BAFLE WHARFEDALE MOD. TYPHON AX12 BT - Mexican Guitar Players","og_description":"Bafle activo de 12\u201d pulgadas de 2 v\u00edas con Bluetooth, 720 watts continuos y 1440 watts pico, rango de frecuencia: 50 Hz - 20 kHz, DPS interno de 4 posiciones, drivers personalizados Wharfedale Pro, dos amplificadores Clase D, gabinete de polipropileno, bobina m\u00f3vil de 1.75\u201d, m\u00faltiples manijas, m\u00faltiples puntos de rigging, dimensiones: 558 x 344 x 245 mm, peso: 16.2 kg.","og_url":"https:\/\/www.mexicanguitarplayers.com\/en\/tienda\/sin categor\u00eda\/bafle-wharfedale-mod-typhon-ax12-bt\/","og_site_name":"Mexican Guitar Players","article_modified_time":"2026-04-10T10:16:57+00:00","twitter_card":"summary_large_image","twitter_misc":{"Est. reading time":"2 minutes"},"schema":{"@context":"https:\/\/schema.org","@graph":[{"@type":["WebPage","ItemPage"],"@id":"https:\/\/www.mexicanguitarplayers.com\/tienda\/sin categor\u00eda\/bafle-wharfedale-mod-typhon-ax12-bt\/","url":"https:\/\/www.mexicanguitarplayers.com\/tienda\/sin categor\u00eda\/bafle-wharfedale-mod-typhon-ax12-bt\/","name":"BAFLE WHARFEDALE MOD. TYPHON AX12 BT - Mexican Guitar Players","isPartOf":{"@id":"https:\/\/www.mexicanguitarplayers.com\/#website"},"primaryImageOfPage":{"@id":"https:\/\/www.mexicanguitarplayers.com\/tienda\/sin categor\u00eda\/bafle-wharfedale-mod-typhon-ax12-bt\/#primaryimage"},"image":{"@id":"https:\/\/www.mexicanguitarplayers.com\/tienda\/sin categor\u00eda\/bafle-wharfedale-mod-typhon-ax12-bt\/#primaryimage"},"thumbnailUrl":"https:\/\/www.mexicanguitarplayers.com\/wp-content\/uploads\/2025\/04\/IAWHATYPAX12BT.jpg","datePublished":"2025-04-09T15:12:04+00:00","dateModified":"2026-04-10T10:16:57+00:00","description":"Bafle activo de 12\u201d pulgadas de 2 v\u00edas con Bluetooth, 720 watts continuos y 1440 watts pico, rango de frecuencia: 50 Hz - 20 kHz, DPS interno de 4 posiciones, drivers personalizados Wharfedale Pro, dos amplificadores Clase D, gabinete de polipropileno, bobina m\u00f3vil de 1.75\u201d, m\u00faltiples manijas, m\u00faltiples puntos de rigging, dimensiones: 558 x 344 x 245 mm, peso: 16.2 kg.","breadcrumb":{"@id":"https:\/\/www.mexicanguitarplayers.com\/tienda\/sin categor\u00eda\/bafle-wharfedale-mod-typhon-ax12-bt\/#breadcrumb"},"inLanguage":"en-US","potentialAction":[{"@type":"ReadAction","target":["https:\/\/www.mexicanguitarplayers.com\/tienda\/sin categor\u00eda\/bafle-wharfedale-mod-typhon-ax12-bt\/"]}]},{"@type":"ImageObject","inLanguage":"en-US","@id":"https:\/\/www.mexicanguitarplayers.com\/tienda\/sin categor\u00eda\/bafle-wharfedale-mod-typhon-ax12-bt\/#primaryimage","url":"https:\/\/www.mexicanguitarplayers.com\/wp-content\/uploads\/2025\/04\/IAWHATYPAX12BT.jpg","contentUrl":"https:\/\/www.mexicanguitarplayers.com\/wp-content\/uploads\/2025\/04\/IAWHATYPAX12BT.jpg","width":1200,"height":1200},{"@type":"BreadcrumbList","@id":"https:\/\/www.mexicanguitarplayers.com\/tienda\/sin categor\u00eda\/bafle-wharfedale-mod-typhon-ax12-bt\/#breadcrumb","itemListElement":[{"@type":"ListItem","position":1,"name":"Portada","item":"https:\/\/www.mexicanguitarplayers.com\/"},{"@type":"ListItem","position":2,"name":"Tienda","item":"https:\/\/www.mexicanguitarplayers.com\/tienda\/"},{"@type":"ListItem","position":3,"name":"BAFLE WHARFEDALE MOD. TYPHON AX12 BT"}]},{"@type":"WebSite","@id":"https:\/\/www.mexicanguitarplayers.com\/#website","url":"https:\/\/www.mexicanguitarplayers.com\/","name":"Mexican Guitar Players","description":"Website","publisher":{"@id":"https:\/\/www.mexicanguitarplayers.com\/#organization"},"potentialAction":[{"@type":"SearchAction","target":{"@type":"EntryPoint","urlTemplate":"https:\/\/www.mexicanguitarplayers.com\/?s={search_term_string}"},"query-input":{"@type":"PropertyValueSpecification","valueRequired":true,"valueName":"search_term_string"}}],"inLanguage":"en-US"},{"@type":"Organization","@id":"https:\/\/www.mexicanguitarplayers.com\/#organization","name":"Mexican Guitar Players","url":"https:\/\/www.mexicanguitarplayers.com\/","logo":{"@type":"ImageObject","inLanguage":"en-US","@id":"https:\/\/www.mexicanguitarplayers.com\/#\/schema\/logo\/image\/","url":"","contentUrl":"","caption":"Mexican Guitar Players"},"image":{"@id":"https:\/\/www.mexicanguitarplayers.com\/#\/schema\/logo\/image\/"}}]}},"brands":[{"id":555,"name":"WHARFEDALE","slug":"wharfedale"}],"_links":{"self":[{"href":"https:\/\/www.mexicanguitarplayers.com\/en\/wp-json\/wp\/v2\/product\/42239","targetHints":{"allow":["GET"]}}],"collection":[{"href":"https:\/\/www.mexicanguitarplayers.com\/en\/wp-json\/wp\/v2\/product"}],"about":[{"href":"https:\/\/www.mexicanguitarplayers.com\/en\/wp-json\/wp\/v2\/types\/product"}],"replies":[{"embeddable":true,"href":"https:\/\/www.mexicanguitarplayers.com\/en\/wp-json\/wp\/v2\/comments?post=42239"}],"wp:featuredmedia":[{"embeddable":true,"href":"https:\/\/www.mexicanguitarplayers.com\/en\/wp-json\/wp\/v2\/media\/42236"}],"wp:attachment":[{"href":"https:\/\/www.mexicanguitarplayers.com\/en\/wp-json\/wp\/v2\/media?parent=42239"}],"wp:term":[{"taxonomy":"pwb-brand","embeddable":true,"href":"https:\/\/www.mexicanguitarplayers.com\/en\/wp-json\/wp\/v2\/pwb-brand?post=42239"},{"taxonomy":"product_brand","embeddable":true,"href":"https:\/\/www.mexicanguitarplayers.com\/en\/wp-json\/wp\/v2\/product_brand?post=42239"},{"taxonomy":"product_cat","embeddable":true,"href":"https:\/\/www.mexicanguitarplayers.com\/en\/wp-json\/wp\/v2\/product_cat?post=42239"},{"taxonomy":"product_tag","embeddable":true,"href":"https:\/\/www.mexicanguitarplayers.com\/en\/wp-json\/wp\/v2\/product_tag?post=42239"}],"curies":[{"name":"wp","href":"https:\/\/api.w.org\/{rel}","templated":true}]}}