{"id":42244,"date":"2025-04-09T09:12:12","date_gmt":"2025-04-09T15:12:12","guid":{"rendered":"https:\/\/www.mexicanguitarplayers.com\/tienda\/sin categor\u00eda\/estuche-skb-p-guit-electrica-1skb-66\/"},"modified":"2026-05-01T07:16:07","modified_gmt":"2026-05-01T13:16:07","slug":"estuche-skb-p-guit-electrica-1skb-66","status":"publish","type":"product","link":"https:\/\/www.mexicanguitarplayers.com\/en\/tienda\/accesorios\/estuches-y-fundas\/para-guitarra\/para-guitarra-electrica\/estuche-skb-p-guit-electrica-1skb-66\/","title":{"rendered":"ESTUCHE SKB P\/GUIT. ELECTRICA 1SKB-66"},"content":{"rendered":"<div style=\"text-align: justify\">\n<div>\n<h3>Cuerdas a salvo<\/h3>\n<\/div>\n<div>Re-dise\u00f1o exterior con esquinas m\u00e1s grandes protegidas contra golpes y puntos de apilamiento contorneados para mayor comodidad. Se adapta al sistema patentado de liberaci\u00f3n de gatillo TSA y una c\u00f3moda asa sobremoldeada de goma, El estuche est\u00e1 dise\u00f1ado para los estilos de cuerpo tradicionales para guitarras Strat como para Tele tanto diestras como zurdas.  Un est\u00e1ndar de 30 a\u00f1os en estuches de guitarras el\u00e9ctricas de ajuste universal. Con un interior ajustado con soporte de brazo completo y protecci\u00f3n de felpa de lujo en todos los lados.<\/div>\n<div>\n<h4>Quick look<\/h4>\n<\/div>\n<ul style=\"margin: 0px 0px 0px 25px\">\n<li style=\"list-style-type: circle;margin: 5px\">Longitud interior.<\/li>\n<li style=\"list-style-type: circle;margin: 5px\">Longitud exterior.<\/li>\n<li style=\"list-style-type: circle;margin: 5px\">Ancho exterior.<\/li>\n<li style=\"list-style-type: circle;margin: 5px\">Profundidad exterior.<\/li>\n<li style=\"list-style-type: circle;margin: 5px\">Longitud del cuerpo del instrumento.<\/li>\n<li style=\"list-style-type: circle;margin: 5px\">Profundidad del cuerpo del instrumento.<\/li>\n<li style=\"list-style-type: circle;margin: 5px\">Parte ancha del instrumento.<\/li>\n<li style=\"list-style-type: circle;margin: 5px\">Parte angosta del instrumento.<\/li>\n<li style=\"list-style-type: circle;margin: 5px\">Weight.<\/li>\n<\/ul>\n<div>\n<div style=\"font-weight: bold\">Longitud interior.<\/div>\n<div>\n<p>100.97 cm.<\/p>\n<\/div>\n<div style=\"font-weight: bold\">Longitud exterior.<\/div>\n<div>\n<p>111.13 cm.<\/p>\n<\/div>\n<div style=\"font-weight: bold\">Ancho exterior.<\/div>\n<div>\n<p>40.01 cm.<\/p>\n<\/div>\n<div style=\"font-weight: bold\">Profundidad exterior.<\/div>\n<div>\n<p>12.70 cm.<\/p>\n<\/div>\n<div style=\"font-weight: bold\">Longitud del cuerpo del instrumento.<\/div>\n<div>\n<p>40.64 cm.<\/p>\n<\/div>\n<div style=\"font-weight: bold\">Profundidad del cuerpo del instrumento.<\/div>\n<div>\n<p>6.35 cm.<\/p>\n<\/div>\n<div style=\"font-weight: bold\">Parte ancha del instrumento.<\/div>\n<div>\n<p>31.75 cm.<\/p>\n<\/div>\n<div style=\"font-weight: bold\">Parte angosta del instrumento.<\/div>\n<div>\n<p>29.21 cm.<\/p>\n<\/div>\n<div style=\"font-weight: bold\">Weight.<\/div>\n<div>\n<p>4.45 kg.<\/p>\n<\/div>\n<\/div>\n<div>\n<h4>Characteristics<\/h4>\n<\/div>\n<div>\n<ul style=\"margin: 0px 0px 0px 25px\">\n<li style=\"list-style-type: circle;margin: 5px\">Sistema patentado de cerrojos de seguridad de fibra de vidrio.<\/li>\n<li style=\"list-style-type: circle;margin: 5px\">Cerraduras TSA.<\/li>\n<li style=\"list-style-type: circle;margin: 5px\">Cenefa protegida.<\/li>\n<li style=\"list-style-type: circle;margin: 5px\">Contorneado exterior con puntos de apilamiento.<\/li>\n<li style=\"list-style-type: circle;margin: 5px\">Pies moldeados por inyecci\u00f3n.<\/li>\n<li style=\"list-style-type: circle;margin: 5px\">Asa ergon\u00f3mica indestructible de caucho.<\/li>\n<li style=\"list-style-type: circle;margin: 5px\">Soporte completo para el brazo.<\/li>\n<li style=\"list-style-type: circle;margin: 5px\">Espuma EPS interior para evitar el deslizamiento de la guitarra.<\/li>\n<li style=\"list-style-type: circle;margin: 5px\">Compartimento para accesorios.<\/li>\n<\/ul>\n<\/div>\n<\/div>","protected":false},"excerpt":{"rendered":"<p>Estuche para guitarra el\u00e9ctrica, dise\u00f1ado para guitarras diestras y zurdas tipo Strat y Tele, sistema patentado de cerrojos de seguridad de fibra de vidrio, cerraduras TSA, cenefa protegida, puntos de apilamiento, patas moldeadas por inyecci\u00f3n, asa ergon\u00f3mica indestructible de caucho, soporte completo para el brazo, espuma EPS interior, compartimento para accesorios, longitud interior: 100.97 cm, longitud exterior: 111.13 cm, ancho exterior:  40.01 cm, profundidad exterior: 12.70 cm, longitud del cuerpo del instrumento: 40.64 cm, profundidad del cuerpo del instrumento: 6.35 cm. parte ancha del instrumento: 31.75 cm. parte angosta del instrumento: 29.21 cm, peso: 4.45 kg.&hellip; <a class=\"kt-excerpt-readmore more-link\" href=\"https:\/\/www.mexicanguitarplayers.com\/en\/tienda\/accesorios\/estuches-y-fundas\/para-guitarra\/para-guitarra-electrica\/estuche-skb-p-guit-electrica-1skb-66\/\">Read more<\/a><\/p>","protected":false},"featured_media":42240,"comment_status":"open","ping_status":"closed","template":"","meta":{"kt_blocks_editor_width":""},"pwb-brand":[609],"product_brand":[],"product_cat":[85,517,566,567],"product_tag":[],"class_list":{"0":"post-42244","1":"product","2":"type-product","3":"status-publish","4":"has-post-thumbnail","6":"pwb-brand-skb","7":"product_cat-accesorios","8":"product_cat-estuches-y-fundas","9":"product_cat-para-guitarra","10":"product_cat-para-guitarra-electrica","11":"product_shipping_class-0-5-kg","13":"first","14":"instock","15":"taxable","16":"shipping-taxable","17":"purchasable","18":"product-type-simple"},"yoast_head":"<!-- This site is optimized with the Yoast SEO plugin v27.5 - https:\/\/yoast.com\/product\/yoast-seo-wordpress\/ -->\n<title>ESTUCHE SKB P\/GUIT. ELECTRICA 1SKB-66 - Mexican Guitar Players<\/title>\n<meta name=\"description\" content=\"Estuche para guitarra el\u00e9ctrica, dise\u00f1ado para guitarras diestras y zurdas tipo Strat y Tele, sistema patentado de cerrojos de seguridad de fibra de vidrio, cerraduras TSA, cenefa protegida, puntos de apilamiento, patas moldeadas por inyecci\u00f3n, asa ergon\u00f3mica indestructible de caucho, soporte completo para el brazo, espuma EPS interior, compartimento para accesorios, longitud interior: 100.97 cm, longitud exterior: 111.13 cm, ancho exterior: 40.01 cm, profundidad exterior: 12.70 cm, longitud del cuerpo del instrumento: 40.64 cm, profundidad del cuerpo del instrumento: 6.35 cm. parte ancha del instrumento: 31.75 cm. parte angosta del instrumento: 29.21 cm, peso: 4.45 kg.\" \/>\n<meta name=\"robots\" content=\"index, follow, max-snippet:-1, max-image-preview:large, max-video-preview:-1\" \/>\n<link rel=\"canonical\" href=\"https:\/\/www.mexicanguitarplayers.com\/en\/tienda\/sin%20categor\u00eda\/estuche-skb-p-guit-electrica-1skb-66\/\" \/>\n<meta property=\"og:locale\" content=\"en_US\" \/>\n<meta property=\"og:type\" content=\"article\" \/>\n<meta property=\"og:title\" content=\"ESTUCHE SKB P\/GUIT. ELECTRICA 1SKB-66 - Mexican Guitar Players\" \/>\n<meta property=\"og:description\" content=\"Estuche para guitarra el\u00e9ctrica, dise\u00f1ado para guitarras diestras y zurdas tipo Strat y Tele, sistema patentado de cerrojos de seguridad de fibra de vidrio, cerraduras TSA, cenefa protegida, puntos de apilamiento, patas moldeadas por inyecci\u00f3n, asa ergon\u00f3mica indestructible de caucho, soporte completo para el brazo, espuma EPS interior, compartimento para accesorios, longitud interior: 100.97 cm, longitud exterior: 111.13 cm, ancho exterior: 40.01 cm, profundidad exterior: 12.70 cm, longitud del cuerpo del instrumento: 40.64 cm, profundidad del cuerpo del instrumento: 6.35 cm. parte ancha del instrumento: 31.75 cm. parte angosta del instrumento: 29.21 cm, peso: 4.45 kg.\" \/>\n<meta property=\"og:url\" content=\"https:\/\/www.mexicanguitarplayers.com\/en\/tienda\/sin categor\u00eda\/estuche-skb-p-guit-electrica-1skb-66\/\" \/>\n<meta property=\"og:site_name\" content=\"Mexican Guitar Players\" \/>\n<meta property=\"article:modified_time\" content=\"2026-05-01T13:16:07+00:00\" \/>\n<meta name=\"twitter:card\" content=\"summary_large_image\" \/>\n<meta name=\"twitter:label1\" content=\"Est. reading time\" \/>\n\t<meta name=\"twitter:data1\" content=\"1 minute\" \/>\n<script type=\"application\/ld+json\" class=\"yoast-schema-graph\">{\"@context\":\"https:\\\/\\\/schema.org\",\"@graph\":[{\"@type\":[\"WebPage\",\"ItemPage\"],\"@id\":\"https:\\\/\\\/www.mexicanguitarplayers.com\\\/tienda\\\/sin categor\u00eda\\\/estuche-skb-p-guit-electrica-1skb-66\\\/\",\"url\":\"https:\\\/\\\/www.mexicanguitarplayers.com\\\/tienda\\\/sin categor\u00eda\\\/estuche-skb-p-guit-electrica-1skb-66\\\/\",\"name\":\"ESTUCHE SKB P\\\/GUIT. ELECTRICA 1SKB-66 - Mexican Guitar Players\",\"isPartOf\":{\"@id\":\"https:\\\/\\\/www.mexicanguitarplayers.com\\\/#website\"},\"primaryImageOfPage\":{\"@id\":\"https:\\\/\\\/www.mexicanguitarplayers.com\\\/tienda\\\/sin categor\u00eda\\\/estuche-skb-p-guit-electrica-1skb-66\\\/#primaryimage\"},\"image\":{\"@id\":\"https:\\\/\\\/www.mexicanguitarplayers.com\\\/tienda\\\/sin categor\u00eda\\\/estuche-skb-p-guit-electrica-1skb-66\\\/#primaryimage\"},\"thumbnailUrl\":\"https:\\\/\\\/www.mexicanguitarplayers.com\\\/wp-content\\\/uploads\\\/2025\\\/04\\\/VASKB1SKB66.jpg\",\"datePublished\":\"2025-04-09T15:12:12+00:00\",\"dateModified\":\"2026-05-01T13:16:07+00:00\",\"description\":\"Estuche para guitarra el\u00e9ctrica, dise\u00f1ado para guitarras diestras y zurdas tipo Strat y Tele, sistema patentado de cerrojos de seguridad de fibra de vidrio, cerraduras TSA, cenefa protegida, puntos de apilamiento, patas moldeadas por inyecci\u00f3n, asa ergon\u00f3mica indestructible de caucho, soporte completo para el brazo, espuma EPS interior, compartimento para accesorios, longitud interior: 100.97 cm, longitud exterior: 111.13 cm, ancho exterior: 40.01 cm, profundidad exterior: 12.70 cm, longitud del cuerpo del instrumento: 40.64 cm, profundidad del cuerpo del instrumento: 6.35 cm. parte ancha del instrumento: 31.75 cm. parte angosta del instrumento: 29.21 cm, peso: 4.45 kg.\",\"breadcrumb\":{\"@id\":\"https:\\\/\\\/www.mexicanguitarplayers.com\\\/tienda\\\/sin categor\u00eda\\\/estuche-skb-p-guit-electrica-1skb-66\\\/#breadcrumb\"},\"inLanguage\":\"en-US\",\"potentialAction\":[{\"@type\":\"ReadAction\",\"target\":[\"https:\\\/\\\/www.mexicanguitarplayers.com\\\/tienda\\\/sin categor\u00eda\\\/estuche-skb-p-guit-electrica-1skb-66\\\/\"]}]},{\"@type\":\"ImageObject\",\"inLanguage\":\"en-US\",\"@id\":\"https:\\\/\\\/www.mexicanguitarplayers.com\\\/tienda\\\/sin categor\u00eda\\\/estuche-skb-p-guit-electrica-1skb-66\\\/#primaryimage\",\"url\":\"https:\\\/\\\/www.mexicanguitarplayers.com\\\/wp-content\\\/uploads\\\/2025\\\/04\\\/VASKB1SKB66.jpg\",\"contentUrl\":\"https:\\\/\\\/www.mexicanguitarplayers.com\\\/wp-content\\\/uploads\\\/2025\\\/04\\\/VASKB1SKB66.jpg\",\"width\":1600,\"height\":800},{\"@type\":\"BreadcrumbList\",\"@id\":\"https:\\\/\\\/www.mexicanguitarplayers.com\\\/tienda\\\/sin categor\u00eda\\\/estuche-skb-p-guit-electrica-1skb-66\\\/#breadcrumb\",\"itemListElement\":[{\"@type\":\"ListItem\",\"position\":1,\"name\":\"Portada\",\"item\":\"https:\\\/\\\/www.mexicanguitarplayers.com\\\/\"},{\"@type\":\"ListItem\",\"position\":2,\"name\":\"Tienda\",\"item\":\"https:\\\/\\\/www.mexicanguitarplayers.com\\\/tienda\\\/\"},{\"@type\":\"ListItem\",\"position\":3,\"name\":\"ESTUCHE SKB P\\\/GUIT. ELECTRICA 1SKB-66\"}]},{\"@type\":\"WebSite\",\"@id\":\"https:\\\/\\\/www.mexicanguitarplayers.com\\\/#website\",\"url\":\"https:\\\/\\\/www.mexicanguitarplayers.com\\\/\",\"name\":\"Mexican Guitar Players\",\"description\":\"Website\",\"publisher\":{\"@id\":\"https:\\\/\\\/www.mexicanguitarplayers.com\\\/#organization\"},\"potentialAction\":[{\"@type\":\"SearchAction\",\"target\":{\"@type\":\"EntryPoint\",\"urlTemplate\":\"https:\\\/\\\/www.mexicanguitarplayers.com\\\/?s={search_term_string}\"},\"query-input\":{\"@type\":\"PropertyValueSpecification\",\"valueRequired\":true,\"valueName\":\"search_term_string\"}}],\"inLanguage\":\"en-US\"},{\"@type\":\"Organization\",\"@id\":\"https:\\\/\\\/www.mexicanguitarplayers.com\\\/#organization\",\"name\":\"Mexican Guitar Players\",\"url\":\"https:\\\/\\\/www.mexicanguitarplayers.com\\\/\",\"logo\":{\"@type\":\"ImageObject\",\"inLanguage\":\"en-US\",\"@id\":\"https:\\\/\\\/www.mexicanguitarplayers.com\\\/#\\\/schema\\\/logo\\\/image\\\/\",\"url\":\"\",\"contentUrl\":\"\",\"caption\":\"Mexican Guitar Players\"},\"image\":{\"@id\":\"https:\\\/\\\/www.mexicanguitarplayers.com\\\/#\\\/schema\\\/logo\\\/image\\\/\"}}]}<\/script>\n<!-- \/ Yoast SEO plugin. -->","yoast_head_json":{"title":"ESTUCHE SKB P\/GUIT. ELECTRICA 1SKB-66 - Mexican Guitar Players","description":"Estuche para guitarra el\u00e9ctrica, dise\u00f1ado para guitarras diestras y zurdas tipo Strat y Tele, sistema patentado de cerrojos de seguridad de fibra de vidrio, cerraduras TSA, cenefa protegida, puntos de apilamiento, patas moldeadas por inyecci\u00f3n, asa ergon\u00f3mica indestructible de caucho, soporte completo para el brazo, espuma EPS interior, compartimento para accesorios, longitud interior: 100.97 cm, longitud exterior: 111.13 cm, ancho exterior: 40.01 cm, profundidad exterior: 12.70 cm, longitud del cuerpo del instrumento: 40.64 cm, profundidad del cuerpo del instrumento: 6.35 cm. parte ancha del instrumento: 31.75 cm. parte angosta del instrumento: 29.21 cm, peso: 4.45 kg.","robots":{"index":"index","follow":"follow","max-snippet":"max-snippet:-1","max-image-preview":"max-image-preview:large","max-video-preview":"max-video-preview:-1"},"canonical":"https:\/\/www.mexicanguitarplayers.com\/en\/tienda\/sin categor\u00eda\/estuche-skb-p-guit-electrica-1skb-66\/","og_locale":"en_US","og_type":"article","og_title":"ESTUCHE SKB P\/GUIT. ELECTRICA 1SKB-66 - Mexican Guitar Players","og_description":"Estuche para guitarra el\u00e9ctrica, dise\u00f1ado para guitarras diestras y zurdas tipo Strat y Tele, sistema patentado de cerrojos de seguridad de fibra de vidrio, cerraduras TSA, cenefa protegida, puntos de apilamiento, patas moldeadas por inyecci\u00f3n, asa ergon\u00f3mica indestructible de caucho, soporte completo para el brazo, espuma EPS interior, compartimento para accesorios, longitud interior: 100.97 cm, longitud exterior: 111.13 cm, ancho exterior: 40.01 cm, profundidad exterior: 12.70 cm, longitud del cuerpo del instrumento: 40.64 cm, profundidad del cuerpo del instrumento: 6.35 cm. parte ancha del instrumento: 31.75 cm. parte angosta del instrumento: 29.21 cm, peso: 4.45 kg.","og_url":"https:\/\/www.mexicanguitarplayers.com\/en\/tienda\/sin categor\u00eda\/estuche-skb-p-guit-electrica-1skb-66\/","og_site_name":"Mexican Guitar Players","article_modified_time":"2026-05-01T13:16:07+00:00","twitter_card":"summary_large_image","twitter_misc":{"Est. reading time":"1 minute"},"schema":{"@context":"https:\/\/schema.org","@graph":[{"@type":["WebPage","ItemPage"],"@id":"https:\/\/www.mexicanguitarplayers.com\/tienda\/sin categor\u00eda\/estuche-skb-p-guit-electrica-1skb-66\/","url":"https:\/\/www.mexicanguitarplayers.com\/tienda\/sin categor\u00eda\/estuche-skb-p-guit-electrica-1skb-66\/","name":"ESTUCHE SKB P\/GUIT. ELECTRICA 1SKB-66 - Mexican Guitar Players","isPartOf":{"@id":"https:\/\/www.mexicanguitarplayers.com\/#website"},"primaryImageOfPage":{"@id":"https:\/\/www.mexicanguitarplayers.com\/tienda\/sin categor\u00eda\/estuche-skb-p-guit-electrica-1skb-66\/#primaryimage"},"image":{"@id":"https:\/\/www.mexicanguitarplayers.com\/tienda\/sin categor\u00eda\/estuche-skb-p-guit-electrica-1skb-66\/#primaryimage"},"thumbnailUrl":"https:\/\/www.mexicanguitarplayers.com\/wp-content\/uploads\/2025\/04\/VASKB1SKB66.jpg","datePublished":"2025-04-09T15:12:12+00:00","dateModified":"2026-05-01T13:16:07+00:00","description":"Estuche para guitarra el\u00e9ctrica, dise\u00f1ado para guitarras diestras y zurdas tipo Strat y Tele, sistema patentado de cerrojos de seguridad de fibra de vidrio, cerraduras TSA, cenefa protegida, puntos de apilamiento, patas moldeadas por inyecci\u00f3n, asa ergon\u00f3mica indestructible de caucho, soporte completo para el brazo, espuma EPS interior, compartimento para accesorios, longitud interior: 100.97 cm, longitud exterior: 111.13 cm, ancho exterior: 40.01 cm, profundidad exterior: 12.70 cm, longitud del cuerpo del instrumento: 40.64 cm, profundidad del cuerpo del instrumento: 6.35 cm. parte ancha del instrumento: 31.75 cm. parte angosta del instrumento: 29.21 cm, peso: 4.45 kg.","breadcrumb":{"@id":"https:\/\/www.mexicanguitarplayers.com\/tienda\/sin categor\u00eda\/estuche-skb-p-guit-electrica-1skb-66\/#breadcrumb"},"inLanguage":"en-US","potentialAction":[{"@type":"ReadAction","target":["https:\/\/www.mexicanguitarplayers.com\/tienda\/sin categor\u00eda\/estuche-skb-p-guit-electrica-1skb-66\/"]}]},{"@type":"ImageObject","inLanguage":"en-US","@id":"https:\/\/www.mexicanguitarplayers.com\/tienda\/sin categor\u00eda\/estuche-skb-p-guit-electrica-1skb-66\/#primaryimage","url":"https:\/\/www.mexicanguitarplayers.com\/wp-content\/uploads\/2025\/04\/VASKB1SKB66.jpg","contentUrl":"https:\/\/www.mexicanguitarplayers.com\/wp-content\/uploads\/2025\/04\/VASKB1SKB66.jpg","width":1600,"height":800},{"@type":"BreadcrumbList","@id":"https:\/\/www.mexicanguitarplayers.com\/tienda\/sin categor\u00eda\/estuche-skb-p-guit-electrica-1skb-66\/#breadcrumb","itemListElement":[{"@type":"ListItem","position":1,"name":"Portada","item":"https:\/\/www.mexicanguitarplayers.com\/"},{"@type":"ListItem","position":2,"name":"Tienda","item":"https:\/\/www.mexicanguitarplayers.com\/tienda\/"},{"@type":"ListItem","position":3,"name":"ESTUCHE SKB P\/GUIT. ELECTRICA 1SKB-66"}]},{"@type":"WebSite","@id":"https:\/\/www.mexicanguitarplayers.com\/#website","url":"https:\/\/www.mexicanguitarplayers.com\/","name":"Mexican Guitar Players","description":"Website","publisher":{"@id":"https:\/\/www.mexicanguitarplayers.com\/#organization"},"potentialAction":[{"@type":"SearchAction","target":{"@type":"EntryPoint","urlTemplate":"https:\/\/www.mexicanguitarplayers.com\/?s={search_term_string}"},"query-input":{"@type":"PropertyValueSpecification","valueRequired":true,"valueName":"search_term_string"}}],"inLanguage":"en-US"},{"@type":"Organization","@id":"https:\/\/www.mexicanguitarplayers.com\/#organization","name":"Mexican Guitar Players","url":"https:\/\/www.mexicanguitarplayers.com\/","logo":{"@type":"ImageObject","inLanguage":"en-US","@id":"https:\/\/www.mexicanguitarplayers.com\/#\/schema\/logo\/image\/","url":"","contentUrl":"","caption":"Mexican Guitar Players"},"image":{"@id":"https:\/\/www.mexicanguitarplayers.com\/#\/schema\/logo\/image\/"}}]}},"brands":[{"id":609,"name":"SKB","slug":"skb"}],"_links":{"self":[{"href":"https:\/\/www.mexicanguitarplayers.com\/en\/wp-json\/wp\/v2\/product\/42244","targetHints":{"allow":["GET"]}}],"collection":[{"href":"https:\/\/www.mexicanguitarplayers.com\/en\/wp-json\/wp\/v2\/product"}],"about":[{"href":"https:\/\/www.mexicanguitarplayers.com\/en\/wp-json\/wp\/v2\/types\/product"}],"replies":[{"embeddable":true,"href":"https:\/\/www.mexicanguitarplayers.com\/en\/wp-json\/wp\/v2\/comments?post=42244"}],"wp:featuredmedia":[{"embeddable":true,"href":"https:\/\/www.mexicanguitarplayers.com\/en\/wp-json\/wp\/v2\/media\/42240"}],"wp:attachment":[{"href":"https:\/\/www.mexicanguitarplayers.com\/en\/wp-json\/wp\/v2\/media?parent=42244"}],"wp:term":[{"taxonomy":"pwb-brand","embeddable":true,"href":"https:\/\/www.mexicanguitarplayers.com\/en\/wp-json\/wp\/v2\/pwb-brand?post=42244"},{"taxonomy":"product_brand","embeddable":true,"href":"https:\/\/www.mexicanguitarplayers.com\/en\/wp-json\/wp\/v2\/product_brand?post=42244"},{"taxonomy":"product_cat","embeddable":true,"href":"https:\/\/www.mexicanguitarplayers.com\/en\/wp-json\/wp\/v2\/product_cat?post=42244"},{"taxonomy":"product_tag","embeddable":true,"href":"https:\/\/www.mexicanguitarplayers.com\/en\/wp-json\/wp\/v2\/product_tag?post=42244"}],"curies":[{"name":"wp","href":"https:\/\/api.w.org\/{rel}","templated":true}]}}