{"id":42281,"date":"2025-04-09T09:13:07","date_gmt":"2025-04-09T15:13:07","guid":{"rendered":"https:\/\/www.mexicanguitarplayers.com\/tienda\/sin categor\u00eda\/cable-planet-wave-p-microfono-pw-cmic-10\/"},"modified":"2026-04-10T04:16:53","modified_gmt":"2026-04-10T10:16:53","slug":"cable-planet-wave-p-microfono-pw-cmic-10","status":"publish","type":"product","link":"https:\/\/www.mexicanguitarplayers.com\/en\/tienda\/audio\/cables\/cable-planet-wave-p-microfono-pw-cmic-10\/","title":{"rendered":"CABLE PLANET WAVE P\/MICROFONO PW-CMIC-10"},"content":{"rendered":"<div style=\"text-align: justify\">\n<div>\n<h3>M\u00e1xima calidad en transmisi\u00f3n de se\u00f1al.<\/h3>\n<\/div>\n<div>Los cables para micr\u00f3fono de la serie Classic de Planet Waves ofrecen lo \u00faltimo en calidad y sonido. Los 10 pies (3 m) de longitud son ideales para tramos cortos, estudios de grabaci\u00f3n hogare\u00f1os y para escenarios peque\u00f1os. Los cables para micr\u00f3fono de la serie Classic de Planet Waves utilizan conductores de cobre ultra puro libre de ox\u00edgeno para lograr baja capacitancia y una transferencia de se\u00f1al limpia. Un collar\u00edn moldeado flexible proporciona alivio de tensi\u00f3n excelente para que puedas usarlos sin preocuparte. El 95% de blindaje elimina pr\u00e1cticamente todos los ruidos provocados por la manipulaci\u00f3n del micr\u00f3fono.<\/div>\n<div>\n<h4>Quick look<\/h4>\n<\/div>\n<ul style=\"margin: 0px 0px 0px 25px\">\n<li style=\"list-style-type: circle;margin: 5px\">Tecnolog\u00eda de entrada=salida.<\/li>\n<li style=\"list-style-type: circle;margin: 5px\">Conectores de bronce niquelado.<\/li>\n<li style=\"list-style-type: circle;margin: 5px\">Blindaje.<\/li>\n<li style=\"list-style-type: circle;margin: 5px\">Connectors.<\/li>\n<\/ul>\n<div>\n<div style=\"font-weight: bold\">Tecnolog\u00eda de entrada=salida.<\/div>\n<div>\n<p>Baja capacitancia para lograr transparencia pura de se\u00f1al.<\/p>\n<\/div>\n<div style=\"font-weight: bold\">Conectores de bronce niquelado.<\/div>\n<div>\n<p>Ofrecen contacto confiable y resistencia a la corrosi\u00f3n.<\/p>\n<\/div>\n<div style=\"font-weight: bold\">Blindaje.<\/div>\n<div>\n<p>El blindaje proporciona rechazo del ruido para un funcionamiento silencioso.<\/p>\n<\/div>\n<div style=\"font-weight: bold\">Connectors.<\/div>\n<div>\n<p>Conectores XLR macho a XLR hembra para E\/S sim\u00e9tricas.<\/p>\n<\/div>\n<\/div>\n<div>\n<h4>Characteristics<\/h4>\n<\/div>\n<div>\n<ul style=\"margin: 0px 0px 0px 25px\">\n<li style=\"list-style-type: circle;margin: 5px\">Longitud.10 pies (3.05 m).<\/li>\n<li style=\"list-style-type: circle;margin: 5px\">Garant\u00eda limitada de por vida.<\/li>\n<\/ul>\n<\/div>\n<\/div>","protected":false},"excerpt":{"rendered":"<p>Cable para micr\u00f3fono XLR, serie Classic de Planet Waves, 10 pies (3.05 m), idealpara tramos cortos, estudios de grabaci\u00f3n hogare\u00f1os y para escenarios peque\u00f1os,conductores de cobre ultra puro libre de ox\u00edgeno, transferencia de se\u00f1al limpia, collar\u00edn moldeado flexible que proporciona alivio de tensi\u00f3n excelente, 95% deblindaje, conectores de bronce niquelado, resistencia a la orrosi\u00f3n. conectoresXLR macho a XLR hembra para E\/S sim\u00e9tricas.&hellip; <a class=\"kt-excerpt-readmore more-link\" href=\"https:\/\/www.mexicanguitarplayers.com\/en\/tienda\/audio\/cables\/cable-planet-wave-p-microfono-pw-cmic-10\/\">Read more<\/a><\/p>","protected":false},"featured_media":42280,"comment_status":"open","ping_status":"closed","template":"","meta":{"kt_blocks_editor_width":""},"pwb-brand":[604],"product_brand":[],"product_cat":[85,358,336],"product_tag":[],"class_list":{"0":"post-42281","1":"product","2":"type-product","3":"status-publish","4":"has-post-thumbnail","6":"pwb-brand-planet-waves","7":"product_cat-accesorios","8":"product_cat-cables","9":"product_cat-para-guitarras","10":"product_shipping_class-0-5-kg","12":"first","13":"outofstock","14":"taxable","15":"shipping-taxable","16":"purchasable","17":"product-type-simple"},"yoast_head":"<!-- This site is optimized with the Yoast SEO plugin v27.5 - https:\/\/yoast.com\/product\/yoast-seo-wordpress\/ -->\n<title>CABLE PLANET WAVE P\/MICROFONO PW-CMIC-10 - Mexican Guitar Players<\/title>\n<meta name=\"description\" content=\"Cable para micr\u00f3fono XLR, serie Classic de Planet Waves, 10 pies (3.05 m), idealpara tramos cortos, estudios de grabaci\u00f3n hogare\u00f1os y para escenarios peque\u00f1os,conductores de cobre ultra puro libre de ox\u00edgeno, transferencia de se\u00f1al limpia, collar\u00edn moldeado flexible que proporciona alivio de tensi\u00f3n excelente, 95% deblindaje, conectores de bronce niquelado, resistencia a la orrosi\u00f3n. conectoresXLR macho a XLR hembra para E\/S sim\u00e9tricas.\" \/>\n<meta name=\"robots\" content=\"index, follow, max-snippet:-1, max-image-preview:large, max-video-preview:-1\" \/>\n<link rel=\"canonical\" href=\"https:\/\/www.mexicanguitarplayers.com\/en\/tienda\/sin%20categor\u00eda\/cable-planet-wave-p-microfono-pw-cmic-10\/\" \/>\n<meta property=\"og:locale\" content=\"en_US\" \/>\n<meta property=\"og:type\" content=\"article\" \/>\n<meta property=\"og:title\" content=\"CABLE PLANET WAVE P\/MICROFONO PW-CMIC-10 - Mexican Guitar Players\" \/>\n<meta property=\"og:description\" content=\"Cable para micr\u00f3fono XLR, serie Classic de Planet Waves, 10 pies (3.05 m), idealpara tramos cortos, estudios de grabaci\u00f3n hogare\u00f1os y para escenarios peque\u00f1os,conductores de cobre ultra puro libre de ox\u00edgeno, transferencia de se\u00f1al limpia, collar\u00edn moldeado flexible que proporciona alivio de tensi\u00f3n excelente, 95% deblindaje, conectores de bronce niquelado, resistencia a la orrosi\u00f3n. conectoresXLR macho a XLR hembra para E\/S sim\u00e9tricas.\" \/>\n<meta property=\"og:url\" content=\"https:\/\/www.mexicanguitarplayers.com\/en\/tienda\/sin categor\u00eda\/cable-planet-wave-p-microfono-pw-cmic-10\/\" \/>\n<meta property=\"og:site_name\" content=\"Mexican Guitar Players\" \/>\n<meta property=\"article:modified_time\" content=\"2026-04-10T10:16:53+00:00\" \/>\n<meta name=\"twitter:card\" content=\"summary_large_image\" \/>\n<meta name=\"twitter:label1\" content=\"Est. reading time\" \/>\n\t<meta name=\"twitter:data1\" content=\"1 minute\" \/>\n<script type=\"application\/ld+json\" class=\"yoast-schema-graph\">{\"@context\":\"https:\\\/\\\/schema.org\",\"@graph\":[{\"@type\":[\"WebPage\",\"ItemPage\"],\"@id\":\"https:\\\/\\\/www.mexicanguitarplayers.com\\\/tienda\\\/sin categor\u00eda\\\/cable-planet-wave-p-microfono-pw-cmic-10\\\/\",\"url\":\"https:\\\/\\\/www.mexicanguitarplayers.com\\\/tienda\\\/sin categor\u00eda\\\/cable-planet-wave-p-microfono-pw-cmic-10\\\/\",\"name\":\"CABLE PLANET WAVE P\\\/MICROFONO PW-CMIC-10 - Mexican Guitar Players\",\"isPartOf\":{\"@id\":\"https:\\\/\\\/www.mexicanguitarplayers.com\\\/#website\"},\"primaryImageOfPage\":{\"@id\":\"https:\\\/\\\/www.mexicanguitarplayers.com\\\/tienda\\\/sin categor\u00eda\\\/cable-planet-wave-p-microfono-pw-cmic-10\\\/#primaryimage\"},\"image\":{\"@id\":\"https:\\\/\\\/www.mexicanguitarplayers.com\\\/tienda\\\/sin categor\u00eda\\\/cable-planet-wave-p-microfono-pw-cmic-10\\\/#primaryimage\"},\"thumbnailUrl\":\"https:\\\/\\\/www.mexicanguitarplayers.com\\\/wp-content\\\/uploads\\\/2025\\\/04\\\/RAPWAPWCMIC10.jpg\",\"datePublished\":\"2025-04-09T15:13:07+00:00\",\"dateModified\":\"2026-04-10T10:16:53+00:00\",\"description\":\"Cable para micr\u00f3fono XLR, serie Classic de Planet Waves, 10 pies (3.05 m), idealpara tramos cortos, estudios de grabaci\u00f3n hogare\u00f1os y para escenarios peque\u00f1os,conductores de cobre ultra puro libre de ox\u00edgeno, transferencia de se\u00f1al limpia, collar\u00edn moldeado flexible que proporciona alivio de tensi\u00f3n excelente, 95% deblindaje, conectores de bronce niquelado, resistencia a la orrosi\u00f3n. conectoresXLR macho a XLR hembra para E\\\/S sim\u00e9tricas.\",\"breadcrumb\":{\"@id\":\"https:\\\/\\\/www.mexicanguitarplayers.com\\\/tienda\\\/sin categor\u00eda\\\/cable-planet-wave-p-microfono-pw-cmic-10\\\/#breadcrumb\"},\"inLanguage\":\"en-US\",\"potentialAction\":[{\"@type\":\"ReadAction\",\"target\":[\"https:\\\/\\\/www.mexicanguitarplayers.com\\\/tienda\\\/sin categor\u00eda\\\/cable-planet-wave-p-microfono-pw-cmic-10\\\/\"]}]},{\"@type\":\"ImageObject\",\"inLanguage\":\"en-US\",\"@id\":\"https:\\\/\\\/www.mexicanguitarplayers.com\\\/tienda\\\/sin categor\u00eda\\\/cable-planet-wave-p-microfono-pw-cmic-10\\\/#primaryimage\",\"url\":\"https:\\\/\\\/www.mexicanguitarplayers.com\\\/wp-content\\\/uploads\\\/2025\\\/04\\\/RAPWAPWCMIC10.jpg\",\"contentUrl\":\"https:\\\/\\\/www.mexicanguitarplayers.com\\\/wp-content\\\/uploads\\\/2025\\\/04\\\/RAPWAPWCMIC10.jpg\",\"width\":1200,\"height\":1200},{\"@type\":\"BreadcrumbList\",\"@id\":\"https:\\\/\\\/www.mexicanguitarplayers.com\\\/tienda\\\/sin categor\u00eda\\\/cable-planet-wave-p-microfono-pw-cmic-10\\\/#breadcrumb\",\"itemListElement\":[{\"@type\":\"ListItem\",\"position\":1,\"name\":\"Portada\",\"item\":\"https:\\\/\\\/www.mexicanguitarplayers.com\\\/\"},{\"@type\":\"ListItem\",\"position\":2,\"name\":\"Tienda\",\"item\":\"https:\\\/\\\/www.mexicanguitarplayers.com\\\/tienda\\\/\"},{\"@type\":\"ListItem\",\"position\":3,\"name\":\"CABLE PLANET WAVE P\\\/MICROFONO PW-CMIC-10\"}]},{\"@type\":\"WebSite\",\"@id\":\"https:\\\/\\\/www.mexicanguitarplayers.com\\\/#website\",\"url\":\"https:\\\/\\\/www.mexicanguitarplayers.com\\\/\",\"name\":\"Mexican Guitar Players\",\"description\":\"Website\",\"publisher\":{\"@id\":\"https:\\\/\\\/www.mexicanguitarplayers.com\\\/#organization\"},\"potentialAction\":[{\"@type\":\"SearchAction\",\"target\":{\"@type\":\"EntryPoint\",\"urlTemplate\":\"https:\\\/\\\/www.mexicanguitarplayers.com\\\/?s={search_term_string}\"},\"query-input\":{\"@type\":\"PropertyValueSpecification\",\"valueRequired\":true,\"valueName\":\"search_term_string\"}}],\"inLanguage\":\"en-US\"},{\"@type\":\"Organization\",\"@id\":\"https:\\\/\\\/www.mexicanguitarplayers.com\\\/#organization\",\"name\":\"Mexican Guitar Players\",\"url\":\"https:\\\/\\\/www.mexicanguitarplayers.com\\\/\",\"logo\":{\"@type\":\"ImageObject\",\"inLanguage\":\"en-US\",\"@id\":\"https:\\\/\\\/www.mexicanguitarplayers.com\\\/#\\\/schema\\\/logo\\\/image\\\/\",\"url\":\"\",\"contentUrl\":\"\",\"caption\":\"Mexican Guitar Players\"},\"image\":{\"@id\":\"https:\\\/\\\/www.mexicanguitarplayers.com\\\/#\\\/schema\\\/logo\\\/image\\\/\"}}]}<\/script>\n<!-- \/ Yoast SEO plugin. -->","yoast_head_json":{"title":"CABLE PLANET WAVE P\/MICROFONO PW-CMIC-10 - Mexican Guitar Players","description":"Cable para micr\u00f3fono XLR, serie Classic de Planet Waves, 10 pies (3.05 m), idealpara tramos cortos, estudios de grabaci\u00f3n hogare\u00f1os y para escenarios peque\u00f1os,conductores de cobre ultra puro libre de ox\u00edgeno, transferencia de se\u00f1al limpia, collar\u00edn moldeado flexible que proporciona alivio de tensi\u00f3n excelente, 95% deblindaje, conectores de bronce niquelado, resistencia a la orrosi\u00f3n. conectoresXLR macho a XLR hembra para E\/S sim\u00e9tricas.","robots":{"index":"index","follow":"follow","max-snippet":"max-snippet:-1","max-image-preview":"max-image-preview:large","max-video-preview":"max-video-preview:-1"},"canonical":"https:\/\/www.mexicanguitarplayers.com\/en\/tienda\/sin categor\u00eda\/cable-planet-wave-p-microfono-pw-cmic-10\/","og_locale":"en_US","og_type":"article","og_title":"CABLE PLANET WAVE P\/MICROFONO PW-CMIC-10 - Mexican Guitar Players","og_description":"Cable para micr\u00f3fono XLR, serie Classic de Planet Waves, 10 pies (3.05 m), idealpara tramos cortos, estudios de grabaci\u00f3n hogare\u00f1os y para escenarios peque\u00f1os,conductores de cobre ultra puro libre de ox\u00edgeno, transferencia de se\u00f1al limpia, collar\u00edn moldeado flexible que proporciona alivio de tensi\u00f3n excelente, 95% deblindaje, conectores de bronce niquelado, resistencia a la orrosi\u00f3n. conectoresXLR macho a XLR hembra para E\/S sim\u00e9tricas.","og_url":"https:\/\/www.mexicanguitarplayers.com\/en\/tienda\/sin categor\u00eda\/cable-planet-wave-p-microfono-pw-cmic-10\/","og_site_name":"Mexican Guitar Players","article_modified_time":"2026-04-10T10:16:53+00:00","twitter_card":"summary_large_image","twitter_misc":{"Est. reading time":"1 minute"},"schema":{"@context":"https:\/\/schema.org","@graph":[{"@type":["WebPage","ItemPage"],"@id":"https:\/\/www.mexicanguitarplayers.com\/tienda\/sin categor\u00eda\/cable-planet-wave-p-microfono-pw-cmic-10\/","url":"https:\/\/www.mexicanguitarplayers.com\/tienda\/sin categor\u00eda\/cable-planet-wave-p-microfono-pw-cmic-10\/","name":"CABLE PLANET WAVE P\/MICROFONO PW-CMIC-10 - Mexican Guitar Players","isPartOf":{"@id":"https:\/\/www.mexicanguitarplayers.com\/#website"},"primaryImageOfPage":{"@id":"https:\/\/www.mexicanguitarplayers.com\/tienda\/sin categor\u00eda\/cable-planet-wave-p-microfono-pw-cmic-10\/#primaryimage"},"image":{"@id":"https:\/\/www.mexicanguitarplayers.com\/tienda\/sin categor\u00eda\/cable-planet-wave-p-microfono-pw-cmic-10\/#primaryimage"},"thumbnailUrl":"https:\/\/www.mexicanguitarplayers.com\/wp-content\/uploads\/2025\/04\/RAPWAPWCMIC10.jpg","datePublished":"2025-04-09T15:13:07+00:00","dateModified":"2026-04-10T10:16:53+00:00","description":"Cable para micr\u00f3fono XLR, serie Classic de Planet Waves, 10 pies (3.05 m), idealpara tramos cortos, estudios de grabaci\u00f3n hogare\u00f1os y para escenarios peque\u00f1os,conductores de cobre ultra puro libre de ox\u00edgeno, transferencia de se\u00f1al limpia, collar\u00edn moldeado flexible que proporciona alivio de tensi\u00f3n excelente, 95% deblindaje, conectores de bronce niquelado, resistencia a la orrosi\u00f3n. conectoresXLR macho a XLR hembra para E\/S sim\u00e9tricas.","breadcrumb":{"@id":"https:\/\/www.mexicanguitarplayers.com\/tienda\/sin categor\u00eda\/cable-planet-wave-p-microfono-pw-cmic-10\/#breadcrumb"},"inLanguage":"en-US","potentialAction":[{"@type":"ReadAction","target":["https:\/\/www.mexicanguitarplayers.com\/tienda\/sin categor\u00eda\/cable-planet-wave-p-microfono-pw-cmic-10\/"]}]},{"@type":"ImageObject","inLanguage":"en-US","@id":"https:\/\/www.mexicanguitarplayers.com\/tienda\/sin categor\u00eda\/cable-planet-wave-p-microfono-pw-cmic-10\/#primaryimage","url":"https:\/\/www.mexicanguitarplayers.com\/wp-content\/uploads\/2025\/04\/RAPWAPWCMIC10.jpg","contentUrl":"https:\/\/www.mexicanguitarplayers.com\/wp-content\/uploads\/2025\/04\/RAPWAPWCMIC10.jpg","width":1200,"height":1200},{"@type":"BreadcrumbList","@id":"https:\/\/www.mexicanguitarplayers.com\/tienda\/sin categor\u00eda\/cable-planet-wave-p-microfono-pw-cmic-10\/#breadcrumb","itemListElement":[{"@type":"ListItem","position":1,"name":"Portada","item":"https:\/\/www.mexicanguitarplayers.com\/"},{"@type":"ListItem","position":2,"name":"Tienda","item":"https:\/\/www.mexicanguitarplayers.com\/tienda\/"},{"@type":"ListItem","position":3,"name":"CABLE PLANET WAVE P\/MICROFONO PW-CMIC-10"}]},{"@type":"WebSite","@id":"https:\/\/www.mexicanguitarplayers.com\/#website","url":"https:\/\/www.mexicanguitarplayers.com\/","name":"Mexican Guitar Players","description":"Website","publisher":{"@id":"https:\/\/www.mexicanguitarplayers.com\/#organization"},"potentialAction":[{"@type":"SearchAction","target":{"@type":"EntryPoint","urlTemplate":"https:\/\/www.mexicanguitarplayers.com\/?s={search_term_string}"},"query-input":{"@type":"PropertyValueSpecification","valueRequired":true,"valueName":"search_term_string"}}],"inLanguage":"en-US"},{"@type":"Organization","@id":"https:\/\/www.mexicanguitarplayers.com\/#organization","name":"Mexican Guitar Players","url":"https:\/\/www.mexicanguitarplayers.com\/","logo":{"@type":"ImageObject","inLanguage":"en-US","@id":"https:\/\/www.mexicanguitarplayers.com\/#\/schema\/logo\/image\/","url":"","contentUrl":"","caption":"Mexican Guitar Players"},"image":{"@id":"https:\/\/www.mexicanguitarplayers.com\/#\/schema\/logo\/image\/"}}]}},"brands":[{"id":604,"name":"PLANET WAVES","slug":"planet-waves"}],"_links":{"self":[{"href":"https:\/\/www.mexicanguitarplayers.com\/en\/wp-json\/wp\/v2\/product\/42281","targetHints":{"allow":["GET"]}}],"collection":[{"href":"https:\/\/www.mexicanguitarplayers.com\/en\/wp-json\/wp\/v2\/product"}],"about":[{"href":"https:\/\/www.mexicanguitarplayers.com\/en\/wp-json\/wp\/v2\/types\/product"}],"replies":[{"embeddable":true,"href":"https:\/\/www.mexicanguitarplayers.com\/en\/wp-json\/wp\/v2\/comments?post=42281"}],"wp:featuredmedia":[{"embeddable":true,"href":"https:\/\/www.mexicanguitarplayers.com\/en\/wp-json\/wp\/v2\/media\/42280"}],"wp:attachment":[{"href":"https:\/\/www.mexicanguitarplayers.com\/en\/wp-json\/wp\/v2\/media?parent=42281"}],"wp:term":[{"taxonomy":"pwb-brand","embeddable":true,"href":"https:\/\/www.mexicanguitarplayers.com\/en\/wp-json\/wp\/v2\/pwb-brand?post=42281"},{"taxonomy":"product_brand","embeddable":true,"href":"https:\/\/www.mexicanguitarplayers.com\/en\/wp-json\/wp\/v2\/product_brand?post=42281"},{"taxonomy":"product_cat","embeddable":true,"href":"https:\/\/www.mexicanguitarplayers.com\/en\/wp-json\/wp\/v2\/product_cat?post=42281"},{"taxonomy":"product_tag","embeddable":true,"href":"https:\/\/www.mexicanguitarplayers.com\/en\/wp-json\/wp\/v2\/product_tag?post=42281"}],"curies":[{"name":"wp","href":"https:\/\/api.w.org\/{rel}","templated":true}]}}