{"id":42286,"date":"2025-04-09T09:13:14","date_gmt":"2025-04-09T15:13:14","guid":{"rendered":"https:\/\/www.mexicanguitarplayers.com\/tienda\/sin categor\u00eda\/cuerdas-d-addario-mod-xlb-050\/"},"modified":"2026-05-01T07:16:06","modified_gmt":"2026-05-01T13:16:06","slug":"cuerdas-d-addario-mod-xlb-050","status":"publish","type":"product","link":"https:\/\/www.mexicanguitarplayers.com\/en\/tienda\/accesorios\/estuches-y-fundas\/para-bajo-estuches-y-fundas\/cuerdas-d-addario-mod-xlb-050\/","title":{"rendered":"CUERDAS D ADDARIO    MOD. XLB-050"},"content":{"rendered":"<div style=\"text-align: justify\">\n<div>\n<h3>Cuerda de reemplazo para que tu bajo siga sonando como debe.<\/h3>\n<\/div>\n<div>EXPXLB050 es una cuerda calibre .050 con entorchado redondo niquelado con tecnolog\u00eda EXP para bajo.  Perfecta como cuerda de repuesto o para crear juegos personalizados. Forma parte de la serie de cuerdas con entorchado redondo en n\u00edquel EXP de D&#8217;Addario. Las cuerdas EXP de D&#8217;Addario son las cuerdas recubiertas que proporcionan el sonido m\u00e1s natural y las de m\u00e1s larga duraci\u00f3n disponibles. La tecnolog\u00eda de recubrimiento EXP comienza con los materiales de recubrimiento de cuerdas de la m\u00e1s alta calidad, estirados con precisi\u00f3n y microrrecubiertos en nuestra maquinaria patentada de avanzada. Luego, las cuerdas se entorchan normalmente para proporcionar un tono y una sensaci\u00f3n id\u00e9nticos a los de las cuerdas para bajo de la l\u00ednea mundialmente reconocida XL de D&#8217;Addario, con una vida \u00fatil m\u00ednima cuatro veces superior. \u00a1No podr\u00e1 creer que est\u00e9n recubiertas!<\/div>\n<div>\n<h4>Quick look<\/h4>\n<\/div>\n<ul style=\"margin: 0px 0px 0px 25px\">\n<li style=\"list-style-type: circle;margin: 5px\">Nickel plated steel wound.<\/li>\n<li style=\"list-style-type: circle;margin: 5px\">Applications.<\/li>\n<\/ul>\n<div>\n<div style=\"font-weight: bold\">Nickel plated steel wound.<\/div>\n<div>\n<p>Acero niquelado con recubrimiento EXP para proporcionar un tono billante caracter\u00edstico y una vida \u00fatil cuatro veces superior. Gran proyecci\u00f3n sonora en graves con ese toque met\u00e1lico caracter\u00edstico del sonido el\u00e9ctrico. Inmejorable respuesta magn\u00e9tica.<\/p>\n<\/div>\n<div style=\"font-weight: bold\">Applications.<\/div>\n<div>\n<p>Aptas para bajos de escala larga con una longitud de escala de la cuerda de hasta 36 7\/8&#8243; pulgadas.<\/p>\n<\/div>\n<\/div>\n<div>\n<h4>Characteristics<\/h4>\n<\/div>\n<div>\n<ul style=\"margin: 0px 0px 0px 25px\">\n<li style=\"list-style-type: circle;margin: 5px\">Fabricada en USA.<\/li>\n<\/ul>\n<\/div>\n<\/div>","protected":false},"excerpt":{"rendered":"<p>Cuerda individual para bajo, entorchado redondo niquelado con tecnolog\u00eda EXP, calibre .050, perfecta como cuerda de repuesto o para crear juegos personalizados, tono brillante caracter\u00edstico, vida \u00fatil cuatro veces superior, apta para bajos de escala larga con una longitud de escala de la cuerda de hasta 36 7\/8\u201d pulgadas.&hellip; <a class=\"kt-excerpt-readmore more-link\" href=\"https:\/\/www.mexicanguitarplayers.com\/en\/tienda\/accesorios\/estuches-y-fundas\/para-bajo-estuches-y-fundas\/cuerdas-d-addario-mod-xlb-050\/\">Read more<\/a><\/p>","protected":false},"featured_media":42285,"comment_status":"open","ping_status":"closed","template":"","meta":{"kt_blocks_editor_width":""},"pwb-brand":[347],"product_brand":[],"product_cat":[85,348,337,578],"product_tag":[],"class_list":{"0":"post-42286","1":"product","2":"type-product","3":"status-publish","4":"has-post-thumbnail","6":"pwb-brand-d-addario","7":"product_cat-accesorios","8":"product_cat-cuerdas-para-bajo","9":"product_cat-cuerdas-y-encordaduras","10":"product_cat-para-bajo-estuches-y-fundas","11":"product_shipping_class-0-5-kg-cuerdas","13":"first","14":"instock","15":"taxable","16":"shipping-taxable","17":"purchasable","18":"product-type-simple"},"yoast_head":"<!-- This site is optimized with the Yoast SEO plugin v27.5 - https:\/\/yoast.com\/product\/yoast-seo-wordpress\/ -->\n<title>CUERDAS D ADDARIO  MOD. XLB-050 - Mexican Guitar Players<\/title>\n<meta name=\"description\" content=\"Cuerda individual para bajo, entorchado redondo niquelado con tecnolog\u00eda EXP, calibre .050, perfecta como cuerda de repuesto o para crear juegos personalizados, tono brillante caracter\u00edstico, vida \u00fatil cuatro veces superior, apta para bajos de escala larga con una longitud de escala de la cuerda de hasta 36 7\/8\u201d pulgadas.\" \/>\n<meta name=\"robots\" content=\"index, follow, max-snippet:-1, max-image-preview:large, max-video-preview:-1\" \/>\n<link rel=\"canonical\" href=\"https:\/\/www.mexicanguitarplayers.com\/en\/tienda\/sin%20categor\u00eda\/cuerdas-d-addario-mod-xlb-050\/\" \/>\n<meta property=\"og:locale\" content=\"en_US\" \/>\n<meta property=\"og:type\" content=\"article\" \/>\n<meta property=\"og:title\" content=\"CUERDAS D ADDARIO  MOD. XLB-050 - Mexican Guitar Players\" \/>\n<meta property=\"og:description\" content=\"Cuerda individual para bajo, entorchado redondo niquelado con tecnolog\u00eda EXP, calibre .050, perfecta como cuerda de repuesto o para crear juegos personalizados, tono brillante caracter\u00edstico, vida \u00fatil cuatro veces superior, apta para bajos de escala larga con una longitud de escala de la cuerda de hasta 36 7\/8\u201d pulgadas.\" \/>\n<meta property=\"og:url\" content=\"https:\/\/www.mexicanguitarplayers.com\/en\/tienda\/sin categor\u00eda\/cuerdas-d-addario-mod-xlb-050\/\" \/>\n<meta property=\"og:site_name\" content=\"Mexican Guitar Players\" \/>\n<meta property=\"article:modified_time\" content=\"2026-05-01T13:16:06+00:00\" \/>\n<meta name=\"twitter:card\" content=\"summary_large_image\" \/>\n<meta name=\"twitter:label1\" content=\"Est. reading time\" \/>\n\t<meta name=\"twitter:data1\" content=\"1 minute\" \/>\n<script type=\"application\/ld+json\" class=\"yoast-schema-graph\">{\"@context\":\"https:\\\/\\\/schema.org\",\"@graph\":[{\"@type\":[\"WebPage\",\"ItemPage\"],\"@id\":\"https:\\\/\\\/www.mexicanguitarplayers.com\\\/tienda\\\/sin categor\u00eda\\\/cuerdas-d-addario-mod-xlb-050\\\/\",\"url\":\"https:\\\/\\\/www.mexicanguitarplayers.com\\\/tienda\\\/sin categor\u00eda\\\/cuerdas-d-addario-mod-xlb-050\\\/\",\"name\":\"CUERDAS D ADDARIO MOD. XLB-050 - Mexican Guitar Players\",\"isPartOf\":{\"@id\":\"https:\\\/\\\/www.mexicanguitarplayers.com\\\/#website\"},\"primaryImageOfPage\":{\"@id\":\"https:\\\/\\\/www.mexicanguitarplayers.com\\\/tienda\\\/sin categor\u00eda\\\/cuerdas-d-addario-mod-xlb-050\\\/#primaryimage\"},\"image\":{\"@id\":\"https:\\\/\\\/www.mexicanguitarplayers.com\\\/tienda\\\/sin categor\u00eda\\\/cuerdas-d-addario-mod-xlb-050\\\/#primaryimage\"},\"thumbnailUrl\":\"https:\\\/\\\/www.mexicanguitarplayers.com\\\/wp-content\\\/uploads\\\/2025\\\/04\\\/RADADXLB050.jpg\",\"datePublished\":\"2025-04-09T15:13:14+00:00\",\"dateModified\":\"2026-05-01T13:16:06+00:00\",\"description\":\"Cuerda individual para bajo, entorchado redondo niquelado con tecnolog\u00eda EXP, calibre .050, perfecta como cuerda de repuesto o para crear juegos personalizados, tono brillante caracter\u00edstico, vida \u00fatil cuatro veces superior, apta para bajos de escala larga con una longitud de escala de la cuerda de hasta 36 7\\\/8\u201d pulgadas.\",\"breadcrumb\":{\"@id\":\"https:\\\/\\\/www.mexicanguitarplayers.com\\\/tienda\\\/sin categor\u00eda\\\/cuerdas-d-addario-mod-xlb-050\\\/#breadcrumb\"},\"inLanguage\":\"en-US\",\"potentialAction\":[{\"@type\":\"ReadAction\",\"target\":[\"https:\\\/\\\/www.mexicanguitarplayers.com\\\/tienda\\\/sin categor\u00eda\\\/cuerdas-d-addario-mod-xlb-050\\\/\"]}]},{\"@type\":\"ImageObject\",\"inLanguage\":\"en-US\",\"@id\":\"https:\\\/\\\/www.mexicanguitarplayers.com\\\/tienda\\\/sin categor\u00eda\\\/cuerdas-d-addario-mod-xlb-050\\\/#primaryimage\",\"url\":\"https:\\\/\\\/www.mexicanguitarplayers.com\\\/wp-content\\\/uploads\\\/2025\\\/04\\\/RADADXLB050.jpg\",\"contentUrl\":\"https:\\\/\\\/www.mexicanguitarplayers.com\\\/wp-content\\\/uploads\\\/2025\\\/04\\\/RADADXLB050.jpg\",\"width\":1200,\"height\":1200},{\"@type\":\"BreadcrumbList\",\"@id\":\"https:\\\/\\\/www.mexicanguitarplayers.com\\\/tienda\\\/sin categor\u00eda\\\/cuerdas-d-addario-mod-xlb-050\\\/#breadcrumb\",\"itemListElement\":[{\"@type\":\"ListItem\",\"position\":1,\"name\":\"Portada\",\"item\":\"https:\\\/\\\/www.mexicanguitarplayers.com\\\/\"},{\"@type\":\"ListItem\",\"position\":2,\"name\":\"Tienda\",\"item\":\"https:\\\/\\\/www.mexicanguitarplayers.com\\\/tienda\\\/\"},{\"@type\":\"ListItem\",\"position\":3,\"name\":\"CUERDAS D ADDARIO MOD. XLB-050\"}]},{\"@type\":\"WebSite\",\"@id\":\"https:\\\/\\\/www.mexicanguitarplayers.com\\\/#website\",\"url\":\"https:\\\/\\\/www.mexicanguitarplayers.com\\\/\",\"name\":\"Mexican Guitar Players\",\"description\":\"Website\",\"publisher\":{\"@id\":\"https:\\\/\\\/www.mexicanguitarplayers.com\\\/#organization\"},\"potentialAction\":[{\"@type\":\"SearchAction\",\"target\":{\"@type\":\"EntryPoint\",\"urlTemplate\":\"https:\\\/\\\/www.mexicanguitarplayers.com\\\/?s={search_term_string}\"},\"query-input\":{\"@type\":\"PropertyValueSpecification\",\"valueRequired\":true,\"valueName\":\"search_term_string\"}}],\"inLanguage\":\"en-US\"},{\"@type\":\"Organization\",\"@id\":\"https:\\\/\\\/www.mexicanguitarplayers.com\\\/#organization\",\"name\":\"Mexican Guitar Players\",\"url\":\"https:\\\/\\\/www.mexicanguitarplayers.com\\\/\",\"logo\":{\"@type\":\"ImageObject\",\"inLanguage\":\"en-US\",\"@id\":\"https:\\\/\\\/www.mexicanguitarplayers.com\\\/#\\\/schema\\\/logo\\\/image\\\/\",\"url\":\"\",\"contentUrl\":\"\",\"caption\":\"Mexican Guitar Players\"},\"image\":{\"@id\":\"https:\\\/\\\/www.mexicanguitarplayers.com\\\/#\\\/schema\\\/logo\\\/image\\\/\"}}]}<\/script>\n<!-- \/ Yoast SEO plugin. -->","yoast_head_json":{"title":"CUERDAS D ADDARIO  MOD. XLB-050 - Mexican Guitar Players","description":"Cuerda individual para bajo, entorchado redondo niquelado con tecnolog\u00eda EXP, calibre .050, perfecta como cuerda de repuesto o para crear juegos personalizados, tono brillante caracter\u00edstico, vida \u00fatil cuatro veces superior, apta para bajos de escala larga con una longitud de escala de la cuerda de hasta 36 7\/8\u201d pulgadas.","robots":{"index":"index","follow":"follow","max-snippet":"max-snippet:-1","max-image-preview":"max-image-preview:large","max-video-preview":"max-video-preview:-1"},"canonical":"https:\/\/www.mexicanguitarplayers.com\/en\/tienda\/sin categor\u00eda\/cuerdas-d-addario-mod-xlb-050\/","og_locale":"en_US","og_type":"article","og_title":"CUERDAS D ADDARIO  MOD. XLB-050 - Mexican Guitar Players","og_description":"Cuerda individual para bajo, entorchado redondo niquelado con tecnolog\u00eda EXP, calibre .050, perfecta como cuerda de repuesto o para crear juegos personalizados, tono brillante caracter\u00edstico, vida \u00fatil cuatro veces superior, apta para bajos de escala larga con una longitud de escala de la cuerda de hasta 36 7\/8\u201d pulgadas.","og_url":"https:\/\/www.mexicanguitarplayers.com\/en\/tienda\/sin categor\u00eda\/cuerdas-d-addario-mod-xlb-050\/","og_site_name":"Mexican Guitar Players","article_modified_time":"2026-05-01T13:16:06+00:00","twitter_card":"summary_large_image","twitter_misc":{"Est. reading time":"1 minute"},"schema":{"@context":"https:\/\/schema.org","@graph":[{"@type":["WebPage","ItemPage"],"@id":"https:\/\/www.mexicanguitarplayers.com\/tienda\/sin categor\u00eda\/cuerdas-d-addario-mod-xlb-050\/","url":"https:\/\/www.mexicanguitarplayers.com\/tienda\/sin categor\u00eda\/cuerdas-d-addario-mod-xlb-050\/","name":"CUERDAS D ADDARIO MOD. XLB-050 - Mexican Guitar Players","isPartOf":{"@id":"https:\/\/www.mexicanguitarplayers.com\/#website"},"primaryImageOfPage":{"@id":"https:\/\/www.mexicanguitarplayers.com\/tienda\/sin categor\u00eda\/cuerdas-d-addario-mod-xlb-050\/#primaryimage"},"image":{"@id":"https:\/\/www.mexicanguitarplayers.com\/tienda\/sin categor\u00eda\/cuerdas-d-addario-mod-xlb-050\/#primaryimage"},"thumbnailUrl":"https:\/\/www.mexicanguitarplayers.com\/wp-content\/uploads\/2025\/04\/RADADXLB050.jpg","datePublished":"2025-04-09T15:13:14+00:00","dateModified":"2026-05-01T13:16:06+00:00","description":"Cuerda individual para bajo, entorchado redondo niquelado con tecnolog\u00eda EXP, calibre .050, perfecta como cuerda de repuesto o para crear juegos personalizados, tono brillante caracter\u00edstico, vida \u00fatil cuatro veces superior, apta para bajos de escala larga con una longitud de escala de la cuerda de hasta 36 7\/8\u201d pulgadas.","breadcrumb":{"@id":"https:\/\/www.mexicanguitarplayers.com\/tienda\/sin categor\u00eda\/cuerdas-d-addario-mod-xlb-050\/#breadcrumb"},"inLanguage":"en-US","potentialAction":[{"@type":"ReadAction","target":["https:\/\/www.mexicanguitarplayers.com\/tienda\/sin categor\u00eda\/cuerdas-d-addario-mod-xlb-050\/"]}]},{"@type":"ImageObject","inLanguage":"en-US","@id":"https:\/\/www.mexicanguitarplayers.com\/tienda\/sin categor\u00eda\/cuerdas-d-addario-mod-xlb-050\/#primaryimage","url":"https:\/\/www.mexicanguitarplayers.com\/wp-content\/uploads\/2025\/04\/RADADXLB050.jpg","contentUrl":"https:\/\/www.mexicanguitarplayers.com\/wp-content\/uploads\/2025\/04\/RADADXLB050.jpg","width":1200,"height":1200},{"@type":"BreadcrumbList","@id":"https:\/\/www.mexicanguitarplayers.com\/tienda\/sin categor\u00eda\/cuerdas-d-addario-mod-xlb-050\/#breadcrumb","itemListElement":[{"@type":"ListItem","position":1,"name":"Portada","item":"https:\/\/www.mexicanguitarplayers.com\/"},{"@type":"ListItem","position":2,"name":"Tienda","item":"https:\/\/www.mexicanguitarplayers.com\/tienda\/"},{"@type":"ListItem","position":3,"name":"CUERDAS D ADDARIO MOD. XLB-050"}]},{"@type":"WebSite","@id":"https:\/\/www.mexicanguitarplayers.com\/#website","url":"https:\/\/www.mexicanguitarplayers.com\/","name":"Mexican Guitar Players","description":"Website","publisher":{"@id":"https:\/\/www.mexicanguitarplayers.com\/#organization"},"potentialAction":[{"@type":"SearchAction","target":{"@type":"EntryPoint","urlTemplate":"https:\/\/www.mexicanguitarplayers.com\/?s={search_term_string}"},"query-input":{"@type":"PropertyValueSpecification","valueRequired":true,"valueName":"search_term_string"}}],"inLanguage":"en-US"},{"@type":"Organization","@id":"https:\/\/www.mexicanguitarplayers.com\/#organization","name":"Mexican Guitar Players","url":"https:\/\/www.mexicanguitarplayers.com\/","logo":{"@type":"ImageObject","inLanguage":"en-US","@id":"https:\/\/www.mexicanguitarplayers.com\/#\/schema\/logo\/image\/","url":"","contentUrl":"","caption":"Mexican Guitar Players"},"image":{"@id":"https:\/\/www.mexicanguitarplayers.com\/#\/schema\/logo\/image\/"}}]}},"brands":[{"id":347,"name":"D ADDARIO","slug":"d-addario"}],"_links":{"self":[{"href":"https:\/\/www.mexicanguitarplayers.com\/en\/wp-json\/wp\/v2\/product\/42286","targetHints":{"allow":["GET"]}}],"collection":[{"href":"https:\/\/www.mexicanguitarplayers.com\/en\/wp-json\/wp\/v2\/product"}],"about":[{"href":"https:\/\/www.mexicanguitarplayers.com\/en\/wp-json\/wp\/v2\/types\/product"}],"replies":[{"embeddable":true,"href":"https:\/\/www.mexicanguitarplayers.com\/en\/wp-json\/wp\/v2\/comments?post=42286"}],"wp:featuredmedia":[{"embeddable":true,"href":"https:\/\/www.mexicanguitarplayers.com\/en\/wp-json\/wp\/v2\/media\/42285"}],"wp:attachment":[{"href":"https:\/\/www.mexicanguitarplayers.com\/en\/wp-json\/wp\/v2\/media?parent=42286"}],"wp:term":[{"taxonomy":"pwb-brand","embeddable":true,"href":"https:\/\/www.mexicanguitarplayers.com\/en\/wp-json\/wp\/v2\/pwb-brand?post=42286"},{"taxonomy":"product_brand","embeddable":true,"href":"https:\/\/www.mexicanguitarplayers.com\/en\/wp-json\/wp\/v2\/product_brand?post=42286"},{"taxonomy":"product_cat","embeddable":true,"href":"https:\/\/www.mexicanguitarplayers.com\/en\/wp-json\/wp\/v2\/product_cat?post=42286"},{"taxonomy":"product_tag","embeddable":true,"href":"https:\/\/www.mexicanguitarplayers.com\/en\/wp-json\/wp\/v2\/product_tag?post=42286"}],"curies":[{"name":"wp","href":"https:\/\/api.w.org\/{rel}","templated":true}]}}