{"id":42310,"date":"2025-04-09T09:14:04","date_gmt":"2025-04-09T15:14:04","guid":{"rendered":"https:\/\/www.mexicanguitarplayers.com\/tienda\/sin categor\u00eda\/funda-proel-p-saxofon-alto-bag-800p\/"},"modified":"2026-04-10T04:16:49","modified_gmt":"2026-04-10T10:16:49","slug":"funda-proel-p-saxofon-alto-bag-800p","status":"publish","type":"product","link":"https:\/\/www.mexicanguitarplayers.com\/en\/tienda\/accesorios\/estuches-y-fundas\/para-alientos-estuches-y-fundas\/funda-proel-p-saxofon-alto-bag-800p\/","title":{"rendered":"FUNDA PROEL P\/SAXOFON ALTO   BAG-800P"},"content":{"rendered":"<div style=\"text-align: justify\">\n<div>\n<h3>La mejor tecnolog\u00eda italiana en fundas profesionales.<\/h3>\n<\/div>\n<div>Las fundas de Proel para saxof\u00f3n est\u00e1n dise\u00f1adas para eliminar los problemas asociados con las fundas convencionales. Cuenta con agarraderas seguras, interior de espuma de alta densidad de 20 mm cubierta con nylon reforzado para proteger tu instrumento. Correas ajustables para el hombro, extra\u00edbles con ganchos de metal. La mejor tecnolog\u00eda italiana a tu alcance.<\/div>\n<div>\n<h4>Quick look<\/h4>\n<\/div>\n<ul style=\"margin: 0px 0px 0px 25px\">\n<li style=\"list-style-type: circle;margin: 5px\">Accesorios.<\/li>\n<li style=\"list-style-type: circle;margin: 5px\">Interior.<\/li>\n<li style=\"list-style-type: circle;margin: 5px\"> Agarraderas.<\/li>\n<\/ul>\n<div>\n<div style=\"font-weight: bold\">Accesorios.<\/div>\n<div>\n<p>Amplio bolsillo frontal con cIerre de metal (trasero con cierre oculto).<\/p>\n<\/div>\n<div style=\"font-weight: bold\">Interior.<\/div>\n<div>\n<p>Espuma de alta densidad de 20 mm cubierta con nylon para proteger el instrumento.<\/p>\n<\/div>\n<div style=\"font-weight: bold\"> Agarraderas.<\/div>\n<div>\n<p>Agarradera reforzada, correa de velcro.   <\/p>\n<\/div>\n<\/div>\n<div>\n<h4>Characteristics<\/h4>\n<\/div>\n<div>\n<ul style=\"margin: 0px 0px 0px 25px\">\n<li style=\"list-style-type: circle;margin: 5px\">Correa ajustable para el hombro extra\u00edble con ganchos de metal.<\/li>\n<\/ul>\n<\/div>\n<\/div>","protected":false},"excerpt":{"rendered":"<p>Funda Proel para saxof\u00f3n alto. MOdelo: BAG800P. Volumen: 0.0183 m3. Agarraderasseguras. Campos de aplicaci\u00f3n: Saxof\u00f3n, trompeta, flauta. Interior: Espuma de alta densidad de 20 mm cubierta con nylon para proteger el instrumento. Color negro. Correa ajustable para el hombro extra\u00edble con ganchos de metal.&hellip; <a class=\"kt-excerpt-readmore more-link\" href=\"https:\/\/www.mexicanguitarplayers.com\/en\/tienda\/accesorios\/estuches-y-fundas\/para-alientos-estuches-y-fundas\/funda-proel-p-saxofon-alto-bag-800p\/\">Read more<\/a><\/p>","protected":false},"featured_media":42309,"comment_status":"open","ping_status":"closed","template":"","meta":{"kt_blocks_editor_width":""},"pwb-brand":[252],"product_brand":[],"product_cat":[85,517,607],"product_tag":[],"class_list":{"0":"post-42310","1":"product","2":"type-product","3":"status-publish","4":"has-post-thumbnail","6":"pwb-brand-proel","7":"product_cat-accesorios","8":"product_cat-estuches-y-fundas","9":"product_cat-para-alientos-estuches-y-fundas","10":"product_shipping_class-0-5-kg","12":"first","13":"outofstock","14":"taxable","15":"shipping-taxable","16":"purchasable","17":"product-type-simple"},"yoast_head":"<!-- This site is optimized with the Yoast SEO plugin v27.6 - https:\/\/yoast.com\/product\/yoast-seo-wordpress\/ -->\n<title>FUNDA PROEL P\/SAXOFON ALTO  BAG-800P - Mexican Guitar Players<\/title>\n<meta name=\"description\" content=\"Funda Proel para saxof\u00f3n alto. MOdelo: BAG800P. Volumen: 0.0183 m3. Agarraderasseguras. Campos de aplicaci\u00f3n: Saxof\u00f3n, trompeta, flauta. Interior: Espuma de alta densidad de 20 mm cubierta con nylon para proteger el instrumento. Color negro. Correa ajustable para el hombro extra\u00edble con ganchos de metal.\" \/>\n<meta name=\"robots\" content=\"index, follow, max-snippet:-1, max-image-preview:large, max-video-preview:-1\" \/>\n<link rel=\"canonical\" href=\"https:\/\/www.mexicanguitarplayers.com\/en\/tienda\/sin%20categor\u00eda\/funda-proel-p-saxofon-alto-bag-800p\/\" \/>\n<meta property=\"og:locale\" content=\"en_US\" \/>\n<meta property=\"og:type\" content=\"article\" \/>\n<meta property=\"og:title\" content=\"FUNDA PROEL P\/SAXOFON ALTO  BAG-800P - Mexican Guitar Players\" \/>\n<meta property=\"og:description\" content=\"Funda Proel para saxof\u00f3n alto. MOdelo: BAG800P. Volumen: 0.0183 m3. Agarraderasseguras. Campos de aplicaci\u00f3n: Saxof\u00f3n, trompeta, flauta. Interior: Espuma de alta densidad de 20 mm cubierta con nylon para proteger el instrumento. Color negro. Correa ajustable para el hombro extra\u00edble con ganchos de metal.\" \/>\n<meta property=\"og:url\" content=\"https:\/\/www.mexicanguitarplayers.com\/en\/tienda\/sin categor\u00eda\/funda-proel-p-saxofon-alto-bag-800p\/\" \/>\n<meta property=\"og:site_name\" content=\"Mexican Guitar Players\" \/>\n<meta property=\"article:modified_time\" content=\"2026-04-10T10:16:49+00:00\" \/>\n<meta name=\"twitter:card\" content=\"summary_large_image\" \/>\n<meta name=\"twitter:label1\" content=\"Est. reading time\" \/>\n\t<meta name=\"twitter:data1\" content=\"1 minute\" \/>\n<script type=\"application\/ld+json\" class=\"yoast-schema-graph\">{\"@context\":\"https:\\\/\\\/schema.org\",\"@graph\":[{\"@type\":[\"WebPage\",\"ItemPage\"],\"@id\":\"https:\\\/\\\/www.mexicanguitarplayers.com\\\/tienda\\\/sin categor\u00eda\\\/funda-proel-p-saxofon-alto-bag-800p\\\/\",\"url\":\"https:\\\/\\\/www.mexicanguitarplayers.com\\\/tienda\\\/sin categor\u00eda\\\/funda-proel-p-saxofon-alto-bag-800p\\\/\",\"name\":\"FUNDA PROEL P\\\/SAXOFON ALTO BAG-800P - Mexican Guitar Players\",\"isPartOf\":{\"@id\":\"https:\\\/\\\/www.mexicanguitarplayers.com\\\/#website\"},\"primaryImageOfPage\":{\"@id\":\"https:\\\/\\\/www.mexicanguitarplayers.com\\\/tienda\\\/sin categor\u00eda\\\/funda-proel-p-saxofon-alto-bag-800p\\\/#primaryimage\"},\"image\":{\"@id\":\"https:\\\/\\\/www.mexicanguitarplayers.com\\\/tienda\\\/sin categor\u00eda\\\/funda-proel-p-saxofon-alto-bag-800p\\\/#primaryimage\"},\"thumbnailUrl\":\"https:\\\/\\\/www.mexicanguitarplayers.com\\\/wp-content\\\/uploads\\\/2025\\\/04\\\/VAPREBAG800P.jpg\",\"datePublished\":\"2025-04-09T15:14:04+00:00\",\"dateModified\":\"2026-04-10T10:16:49+00:00\",\"description\":\"Funda Proel para saxof\u00f3n alto. MOdelo: BAG800P. Volumen: 0.0183 m3. Agarraderasseguras. Campos de aplicaci\u00f3n: Saxof\u00f3n, trompeta, flauta. Interior: Espuma de alta densidad de 20 mm cubierta con nylon para proteger el instrumento. Color negro. Correa ajustable para el hombro extra\u00edble con ganchos de metal.\",\"breadcrumb\":{\"@id\":\"https:\\\/\\\/www.mexicanguitarplayers.com\\\/tienda\\\/sin categor\u00eda\\\/funda-proel-p-saxofon-alto-bag-800p\\\/#breadcrumb\"},\"inLanguage\":\"en-US\",\"potentialAction\":[{\"@type\":\"ReadAction\",\"target\":[\"https:\\\/\\\/www.mexicanguitarplayers.com\\\/tienda\\\/sin categor\u00eda\\\/funda-proel-p-saxofon-alto-bag-800p\\\/\"]}]},{\"@type\":\"ImageObject\",\"inLanguage\":\"en-US\",\"@id\":\"https:\\\/\\\/www.mexicanguitarplayers.com\\\/tienda\\\/sin categor\u00eda\\\/funda-proel-p-saxofon-alto-bag-800p\\\/#primaryimage\",\"url\":\"https:\\\/\\\/www.mexicanguitarplayers.com\\\/wp-content\\\/uploads\\\/2025\\\/04\\\/VAPREBAG800P.jpg\",\"contentUrl\":\"https:\\\/\\\/www.mexicanguitarplayers.com\\\/wp-content\\\/uploads\\\/2025\\\/04\\\/VAPREBAG800P.jpg\",\"width\":1200,\"height\":1200},{\"@type\":\"BreadcrumbList\",\"@id\":\"https:\\\/\\\/www.mexicanguitarplayers.com\\\/tienda\\\/sin categor\u00eda\\\/funda-proel-p-saxofon-alto-bag-800p\\\/#breadcrumb\",\"itemListElement\":[{\"@type\":\"ListItem\",\"position\":1,\"name\":\"Portada\",\"item\":\"https:\\\/\\\/www.mexicanguitarplayers.com\\\/\"},{\"@type\":\"ListItem\",\"position\":2,\"name\":\"Tienda\",\"item\":\"https:\\\/\\\/www.mexicanguitarplayers.com\\\/tienda\\\/\"},{\"@type\":\"ListItem\",\"position\":3,\"name\":\"FUNDA PROEL P\\\/SAXOFON ALTO BAG-800P\"}]},{\"@type\":\"WebSite\",\"@id\":\"https:\\\/\\\/www.mexicanguitarplayers.com\\\/#website\",\"url\":\"https:\\\/\\\/www.mexicanguitarplayers.com\\\/\",\"name\":\"Mexican Guitar Players\",\"description\":\"Website\",\"publisher\":{\"@id\":\"https:\\\/\\\/www.mexicanguitarplayers.com\\\/#organization\"},\"potentialAction\":[{\"@type\":\"SearchAction\",\"target\":{\"@type\":\"EntryPoint\",\"urlTemplate\":\"https:\\\/\\\/www.mexicanguitarplayers.com\\\/?s={search_term_string}\"},\"query-input\":{\"@type\":\"PropertyValueSpecification\",\"valueRequired\":true,\"valueName\":\"search_term_string\"}}],\"inLanguage\":\"en-US\"},{\"@type\":\"Organization\",\"@id\":\"https:\\\/\\\/www.mexicanguitarplayers.com\\\/#organization\",\"name\":\"Mexican Guitar Players\",\"url\":\"https:\\\/\\\/www.mexicanguitarplayers.com\\\/\",\"logo\":{\"@type\":\"ImageObject\",\"inLanguage\":\"en-US\",\"@id\":\"https:\\\/\\\/www.mexicanguitarplayers.com\\\/#\\\/schema\\\/logo\\\/image\\\/\",\"url\":\"\",\"contentUrl\":\"\",\"caption\":\"Mexican Guitar Players\"},\"image\":{\"@id\":\"https:\\\/\\\/www.mexicanguitarplayers.com\\\/#\\\/schema\\\/logo\\\/image\\\/\"}}]}<\/script>\n<!-- \/ Yoast SEO plugin. -->","yoast_head_json":{"title":"FUNDA PROEL P\/SAXOFON ALTO  BAG-800P - Mexican Guitar Players","description":"Funda Proel para saxof\u00f3n alto. MOdelo: BAG800P. Volumen: 0.0183 m3. Agarraderasseguras. Campos de aplicaci\u00f3n: Saxof\u00f3n, trompeta, flauta. Interior: Espuma de alta densidad de 20 mm cubierta con nylon para proteger el instrumento. Color negro. Correa ajustable para el hombro extra\u00edble con ganchos de metal.","robots":{"index":"index","follow":"follow","max-snippet":"max-snippet:-1","max-image-preview":"max-image-preview:large","max-video-preview":"max-video-preview:-1"},"canonical":"https:\/\/www.mexicanguitarplayers.com\/en\/tienda\/sin categor\u00eda\/funda-proel-p-saxofon-alto-bag-800p\/","og_locale":"en_US","og_type":"article","og_title":"FUNDA PROEL P\/SAXOFON ALTO  BAG-800P - Mexican Guitar Players","og_description":"Funda Proel para saxof\u00f3n alto. MOdelo: BAG800P. Volumen: 0.0183 m3. Agarraderasseguras. Campos de aplicaci\u00f3n: Saxof\u00f3n, trompeta, flauta. Interior: Espuma de alta densidad de 20 mm cubierta con nylon para proteger el instrumento. Color negro. Correa ajustable para el hombro extra\u00edble con ganchos de metal.","og_url":"https:\/\/www.mexicanguitarplayers.com\/en\/tienda\/sin categor\u00eda\/funda-proel-p-saxofon-alto-bag-800p\/","og_site_name":"Mexican Guitar Players","article_modified_time":"2026-04-10T10:16:49+00:00","twitter_card":"summary_large_image","twitter_misc":{"Est. reading time":"1 minute"},"schema":{"@context":"https:\/\/schema.org","@graph":[{"@type":["WebPage","ItemPage"],"@id":"https:\/\/www.mexicanguitarplayers.com\/tienda\/sin categor\u00eda\/funda-proel-p-saxofon-alto-bag-800p\/","url":"https:\/\/www.mexicanguitarplayers.com\/tienda\/sin categor\u00eda\/funda-proel-p-saxofon-alto-bag-800p\/","name":"FUNDA PROEL P\/SAXOFON ALTO BAG-800P - Mexican Guitar Players","isPartOf":{"@id":"https:\/\/www.mexicanguitarplayers.com\/#website"},"primaryImageOfPage":{"@id":"https:\/\/www.mexicanguitarplayers.com\/tienda\/sin categor\u00eda\/funda-proel-p-saxofon-alto-bag-800p\/#primaryimage"},"image":{"@id":"https:\/\/www.mexicanguitarplayers.com\/tienda\/sin categor\u00eda\/funda-proel-p-saxofon-alto-bag-800p\/#primaryimage"},"thumbnailUrl":"https:\/\/www.mexicanguitarplayers.com\/wp-content\/uploads\/2025\/04\/VAPREBAG800P.jpg","datePublished":"2025-04-09T15:14:04+00:00","dateModified":"2026-04-10T10:16:49+00:00","description":"Funda Proel para saxof\u00f3n alto. MOdelo: BAG800P. Volumen: 0.0183 m3. Agarraderasseguras. Campos de aplicaci\u00f3n: Saxof\u00f3n, trompeta, flauta. Interior: Espuma de alta densidad de 20 mm cubierta con nylon para proteger el instrumento. Color negro. Correa ajustable para el hombro extra\u00edble con ganchos de metal.","breadcrumb":{"@id":"https:\/\/www.mexicanguitarplayers.com\/tienda\/sin categor\u00eda\/funda-proel-p-saxofon-alto-bag-800p\/#breadcrumb"},"inLanguage":"en-US","potentialAction":[{"@type":"ReadAction","target":["https:\/\/www.mexicanguitarplayers.com\/tienda\/sin categor\u00eda\/funda-proel-p-saxofon-alto-bag-800p\/"]}]},{"@type":"ImageObject","inLanguage":"en-US","@id":"https:\/\/www.mexicanguitarplayers.com\/tienda\/sin categor\u00eda\/funda-proel-p-saxofon-alto-bag-800p\/#primaryimage","url":"https:\/\/www.mexicanguitarplayers.com\/wp-content\/uploads\/2025\/04\/VAPREBAG800P.jpg","contentUrl":"https:\/\/www.mexicanguitarplayers.com\/wp-content\/uploads\/2025\/04\/VAPREBAG800P.jpg","width":1200,"height":1200},{"@type":"BreadcrumbList","@id":"https:\/\/www.mexicanguitarplayers.com\/tienda\/sin categor\u00eda\/funda-proel-p-saxofon-alto-bag-800p\/#breadcrumb","itemListElement":[{"@type":"ListItem","position":1,"name":"Portada","item":"https:\/\/www.mexicanguitarplayers.com\/"},{"@type":"ListItem","position":2,"name":"Tienda","item":"https:\/\/www.mexicanguitarplayers.com\/tienda\/"},{"@type":"ListItem","position":3,"name":"FUNDA PROEL P\/SAXOFON ALTO BAG-800P"}]},{"@type":"WebSite","@id":"https:\/\/www.mexicanguitarplayers.com\/#website","url":"https:\/\/www.mexicanguitarplayers.com\/","name":"Mexican Guitar Players","description":"Website","publisher":{"@id":"https:\/\/www.mexicanguitarplayers.com\/#organization"},"potentialAction":[{"@type":"SearchAction","target":{"@type":"EntryPoint","urlTemplate":"https:\/\/www.mexicanguitarplayers.com\/?s={search_term_string}"},"query-input":{"@type":"PropertyValueSpecification","valueRequired":true,"valueName":"search_term_string"}}],"inLanguage":"en-US"},{"@type":"Organization","@id":"https:\/\/www.mexicanguitarplayers.com\/#organization","name":"Mexican Guitar Players","url":"https:\/\/www.mexicanguitarplayers.com\/","logo":{"@type":"ImageObject","inLanguage":"en-US","@id":"https:\/\/www.mexicanguitarplayers.com\/#\/schema\/logo\/image\/","url":"","contentUrl":"","caption":"Mexican Guitar Players"},"image":{"@id":"https:\/\/www.mexicanguitarplayers.com\/#\/schema\/logo\/image\/"}}]}},"brands":[{"id":252,"name":"PROEL","slug":"proel"}],"_links":{"self":[{"href":"https:\/\/www.mexicanguitarplayers.com\/en\/wp-json\/wp\/v2\/product\/42310","targetHints":{"allow":["GET"]}}],"collection":[{"href":"https:\/\/www.mexicanguitarplayers.com\/en\/wp-json\/wp\/v2\/product"}],"about":[{"href":"https:\/\/www.mexicanguitarplayers.com\/en\/wp-json\/wp\/v2\/types\/product"}],"replies":[{"embeddable":true,"href":"https:\/\/www.mexicanguitarplayers.com\/en\/wp-json\/wp\/v2\/comments?post=42310"}],"wp:featuredmedia":[{"embeddable":true,"href":"https:\/\/www.mexicanguitarplayers.com\/en\/wp-json\/wp\/v2\/media\/42309"}],"wp:attachment":[{"href":"https:\/\/www.mexicanguitarplayers.com\/en\/wp-json\/wp\/v2\/media?parent=42310"}],"wp:term":[{"taxonomy":"pwb-brand","embeddable":true,"href":"https:\/\/www.mexicanguitarplayers.com\/en\/wp-json\/wp\/v2\/pwb-brand?post=42310"},{"taxonomy":"product_brand","embeddable":true,"href":"https:\/\/www.mexicanguitarplayers.com\/en\/wp-json\/wp\/v2\/product_brand?post=42310"},{"taxonomy":"product_cat","embeddable":true,"href":"https:\/\/www.mexicanguitarplayers.com\/en\/wp-json\/wp\/v2\/product_cat?post=42310"},{"taxonomy":"product_tag","embeddable":true,"href":"https:\/\/www.mexicanguitarplayers.com\/en\/wp-json\/wp\/v2\/product_tag?post=42310"}],"curies":[{"name":"wp","href":"https:\/\/api.w.org\/{rel}","templated":true}]}}