{"id":42321,"date":"2025-04-09T09:14:20","date_gmt":"2025-04-09T15:14:20","guid":{"rendered":"https:\/\/www.mexicanguitarplayers.com\/tienda\/sin categor\u00eda\/estuche-skb-p-microfonos-3i-1813-5wmc\/"},"modified":"2026-04-10T04:16:48","modified_gmt":"2026-04-10T10:16:48","slug":"estuche-skb-p-microfonos-3i-1813-5wmc","status":"publish","type":"product","link":"https:\/\/www.mexicanguitarplayers.com\/en\/tienda\/accesorios\/varios\/estuche-skb-p-microfonos-3i-1813-5wmc\/","title":{"rendered":"ESTUCHE SKB P\/MICROFONOS 3I-1813-5WMC"},"content":{"rendered":"<div style=\"text-align: justify\">\n<div>\n<h3>El valor de tus micr\u00f3fonos.<\/h3>\n<\/div>\n<div>El estuche 3I-1813-5WMC para micr\u00f3fonos inal\u00e1mbricos es parte de la serie de estuches impermeables con interior de espuma personalizado para proteger una gran variedad de marcas como Shure, Sennheiser, entre otros. Este interior de espuma de doble capa personalizado est\u00e1 dise\u00f1ado para albergar cada micr\u00f3fono y tiene espacio hasta para 4 micr\u00f3fonos inal\u00e1mbricos port\u00e1tiles, 4 transmisores y accesorios inal\u00e1mbricos de body pack. Cuenta con agujeros para los dedos para agarrar r\u00e1pidamente el micr\u00f3fono y deslizar f\u00e1cilmente los transmisores del paquete del cuerpo en su lado para proteger la antena. Un bolsillo abierto es perfecto para guardar clips de micr\u00f3fono, bater\u00edas y otros accesorios. Los estuches impermeables iSeries moldeados por inyecci\u00f3n, est\u00e1n fabricados con resina de copol\u00edmero de polipropileno de resistencia extremadamente alta y cuentan con un dise\u00f1o sumergible sellado, impermeable y herm\u00e9tico (IP67) resistente a la corrosi\u00f3n y al da\u00f1o por impacto. Su bisagra moldeada, el sistema de pestillo de liberaci\u00f3n de gatillo, una c\u00f3moda asa de agarre amortiguador de caucho moldeado, apilamiento seguro y una v\u00e1lvula de estabilidad autom\u00e1tica de presi\u00f3n ambiental (MIL-STD-648C) contribuyen a su dise\u00f1o de grado militar.<\/div>\n<div>\n<h4>Quick look<\/h4>\n<\/div>\n<ul style=\"margin: 0px 0px 0px 25px\">\n<li style=\"list-style-type: circle;margin: 5px\">Longitud exterior.<\/li>\n<li style=\"list-style-type: circle;margin: 5px\">Ancho exterior.<\/li>\n<li style=\"list-style-type: circle;margin: 5px\">Profundidad exterior.<\/li>\n<li style=\"list-style-type: circle;margin: 5px\">Profundidad de la tapa.<\/li>\n<li style=\"list-style-type: circle;margin: 5px\">Profundidad de la base.<\/li>\n<li style=\"list-style-type: circle;margin: 5px\">Weight.<\/li>\n<\/ul>\n<div>\n<div style=\"font-weight: bold\">Longitud exterior.<\/div>\n<div>\n<p>49.99 cm.<\/p>\n<\/div>\n<div style=\"font-weight: bold\">Ancho exterior.<\/div>\n<div>\n<p>38.56  cm.<\/p>\n<\/div>\n<div style=\"font-weight: bold\">Profundidad exterior.<\/div>\n<div>\n<p>13.87  cm.<\/p>\n<\/div>\n<div style=\"font-weight: bold\">Profundidad de la tapa.<\/div>\n<div>\n<p>3.81 cm.<\/p>\n<\/div>\n<div style=\"font-weight: bold\">Profundidad de la base.<\/div>\n<div>\n<p>8.26 cm.<\/p>\n<\/div>\n<div style=\"font-weight: bold\">Weight.<\/div>\n<div>\n<p>2.99 kg.<\/p>\n<\/div>\n<\/div>\n<div>\n<h4>Characteristics<\/h4>\n<\/div>\n<div>\n<ul style=\"margin: 0px 0px 0px 25px\">\n<li style=\"list-style-type: circle;margin: 5px\">Interior de espuma de doble capa personalizado.<\/li>\n<li style=\"list-style-type: circle;margin: 5px\">Pr\u00e1cticas ranuras para los dedos para un f\u00e1cil acceso.<\/li>\n<li style=\"list-style-type: circle;margin: 5px\">Resina de copol\u00edmero de polipropileno de ultra alta resistencia.<\/li>\n<li style=\"list-style-type: circle;margin: 5px\">Resistente a los rayos UV, solventes, corrosi\u00f3n y hongos (MIL-STD-810F).<\/li>\n<li style=\"list-style-type: circle;margin: 5px\">Sello completo de la junta que lo hace totalmente impermeable (MIL-STD-C-4150J).<\/li>\n<li style=\"list-style-type: circle;margin: 5px\">V\u00e1lvula de estabilidad autom\u00e1tica de presi\u00f3n ambiental (MIL-STD-648C &amp; IP67).<\/li>\n<li style=\"list-style-type: circle;margin: 5px\">Resistente a la corrosi\u00f3n y a da\u00f1os por impacto.<\/li>\n<li style=\"list-style-type: circle;margin: 5px\">Bisagras moldeadas.<\/li>\n<li style=\"list-style-type: circle;margin: 5px\">Sistema de cierre de liberaci\u00f3n de gatillo.<\/li>\n<li style=\"list-style-type: circle;margin: 5px\">Mango de agarre amortiguador de goma sobre moldeado.<\/li>\n<\/ul>\n<\/div>\n<\/div>","protected":false},"excerpt":{"rendered":"<p>Estuche para micr\u00f3fonos inal\u00e1mbricos, interior de espuma de doble capa personalizado para guardar 4 micr\u00f3fonos inal\u00e1mbricos, body packs y accesorios, pr\u00e1cticas ranuras para los dedos para un f\u00e1cil acceso, resina de copol\u00edmero de polipropileno de ultra alta resistencia, resistente a los rayos UV, solventes, corrosi\u00f3n y hongos, sello completo de la junta que lo hace totalmente impermeable, v\u00e1lvula de estabilidad autom\u00e1tica de presi\u00f3n ambiental, resistente a la corrosi\u00f3n y a da\u00f1os por impacto, bisagras moldeadas, sistema de cierre de liberaci\u00f3n de gatillo, mango de agarre amortiguador de goma sobre moldeado, longitud exterior: 49.99 cm, ancho exterior: 38.56 cm, profundidad exterior: 13.87 cm, profundidad de la tapa: 3.81 cm, profundidad de la base: 8.26 cm, peso: 2.99 kg.&hellip; <a class=\"kt-excerpt-readmore more-link\" href=\"https:\/\/www.mexicanguitarplayers.com\/en\/tienda\/accesorios\/varios\/estuche-skb-p-microfonos-3i-1813-5wmc\/\">Read more<\/a><\/p>","protected":false},"featured_media":42316,"comment_status":"open","ping_status":"closed","template":"","meta":{"kt_blocks_editor_width":""},"pwb-brand":[609],"product_brand":[],"product_cat":[85,517,249],"product_tag":[],"class_list":{"0":"post-42321","1":"product","2":"type-product","3":"status-publish","4":"has-post-thumbnail","6":"pwb-brand-skb","7":"product_cat-accesorios","8":"product_cat-estuches-y-fundas","9":"product_cat-varios","10":"product_shipping_class-0-5-kg","12":"first","13":"outofstock","14":"taxable","15":"shipping-taxable","16":"purchasable","17":"product-type-simple"},"yoast_head":"<!-- This site is optimized with the Yoast SEO plugin v27.6 - https:\/\/yoast.com\/product\/yoast-seo-wordpress\/ -->\n<title>ESTUCHE SKB P\/MICROFONOS 3I-1813-5WMC - Mexican Guitar Players<\/title>\n<meta name=\"description\" content=\"Estuche para micr\u00f3fonos inal\u00e1mbricos, interior de espuma de doble capa personalizado para guardar 4 micr\u00f3fonos inal\u00e1mbricos, body packs y accesorios, pr\u00e1cticas ranuras para los dedos para un f\u00e1cil acceso, resina de copol\u00edmero de polipropileno de ultra alta resistencia, resistente a los rayos UV, solventes, corrosi\u00f3n y hongos, sello completo de la junta que lo hace totalmente impermeable, v\u00e1lvula de estabilidad autom\u00e1tica de presi\u00f3n ambiental, resistente a la corrosi\u00f3n y a da\u00f1os por impacto, bisagras moldeadas, sistema de cierre de liberaci\u00f3n de gatillo, mango de agarre amortiguador de goma sobre moldeado, longitud exterior: 49.99 cm, ancho exterior: 38.56 cm, profundidad exterior: 13.87 cm, profundidad de la tapa: 3.81 cm, profundidad de la base: 8.26 cm, peso: 2.99 kg.\" \/>\n<meta name=\"robots\" content=\"index, follow, max-snippet:-1, max-image-preview:large, max-video-preview:-1\" \/>\n<link rel=\"canonical\" href=\"https:\/\/www.mexicanguitarplayers.com\/en\/tienda\/sin%20categor\u00eda\/estuche-skb-p-microfonos-3i-1813-5wmc\/\" \/>\n<meta property=\"og:locale\" content=\"en_US\" \/>\n<meta property=\"og:type\" content=\"article\" \/>\n<meta property=\"og:title\" content=\"ESTUCHE SKB P\/MICROFONOS 3I-1813-5WMC - Mexican Guitar Players\" \/>\n<meta property=\"og:description\" content=\"Estuche para micr\u00f3fonos inal\u00e1mbricos, interior de espuma de doble capa personalizado para guardar 4 micr\u00f3fonos inal\u00e1mbricos, body packs y accesorios, pr\u00e1cticas ranuras para los dedos para un f\u00e1cil acceso, resina de copol\u00edmero de polipropileno de ultra alta resistencia, resistente a los rayos UV, solventes, corrosi\u00f3n y hongos, sello completo de la junta que lo hace totalmente impermeable, v\u00e1lvula de estabilidad autom\u00e1tica de presi\u00f3n ambiental, resistente a la corrosi\u00f3n y a da\u00f1os por impacto, bisagras moldeadas, sistema de cierre de liberaci\u00f3n de gatillo, mango de agarre amortiguador de goma sobre moldeado, longitud exterior: 49.99 cm, ancho exterior: 38.56 cm, profundidad exterior: 13.87 cm, profundidad de la tapa: 3.81 cm, profundidad de la base: 8.26 cm, peso: 2.99 kg.\" \/>\n<meta property=\"og:url\" content=\"https:\/\/www.mexicanguitarplayers.com\/en\/tienda\/sin categor\u00eda\/estuche-skb-p-microfonos-3i-1813-5wmc\/\" \/>\n<meta property=\"og:site_name\" content=\"Mexican Guitar Players\" \/>\n<meta property=\"article:modified_time\" content=\"2026-04-10T10:16:48+00:00\" \/>\n<meta name=\"twitter:card\" content=\"summary_large_image\" \/>\n<meta name=\"twitter:label1\" content=\"Est. reading time\" \/>\n\t<meta name=\"twitter:data1\" content=\"2 minutes\" \/>\n<script type=\"application\/ld+json\" class=\"yoast-schema-graph\">{\"@context\":\"https:\\\/\\\/schema.org\",\"@graph\":[{\"@type\":[\"WebPage\",\"ItemPage\"],\"@id\":\"https:\\\/\\\/www.mexicanguitarplayers.com\\\/tienda\\\/sin categor\u00eda\\\/estuche-skb-p-microfonos-3i-1813-5wmc\\\/\",\"url\":\"https:\\\/\\\/www.mexicanguitarplayers.com\\\/tienda\\\/sin categor\u00eda\\\/estuche-skb-p-microfonos-3i-1813-5wmc\\\/\",\"name\":\"ESTUCHE SKB P\\\/MICROFONOS 3I-1813-5WMC - Mexican Guitar Players\",\"isPartOf\":{\"@id\":\"https:\\\/\\\/www.mexicanguitarplayers.com\\\/#website\"},\"primaryImageOfPage\":{\"@id\":\"https:\\\/\\\/www.mexicanguitarplayers.com\\\/tienda\\\/sin categor\u00eda\\\/estuche-skb-p-microfonos-3i-1813-5wmc\\\/#primaryimage\"},\"image\":{\"@id\":\"https:\\\/\\\/www.mexicanguitarplayers.com\\\/tienda\\\/sin categor\u00eda\\\/estuche-skb-p-microfonos-3i-1813-5wmc\\\/#primaryimage\"},\"thumbnailUrl\":\"https:\\\/\\\/www.mexicanguitarplayers.com\\\/wp-content\\\/uploads\\\/2025\\\/04\\\/VASKB318135WMC.jpg\",\"datePublished\":\"2025-04-09T15:14:20+00:00\",\"dateModified\":\"2026-04-10T10:16:48+00:00\",\"description\":\"Estuche para micr\u00f3fonos inal\u00e1mbricos, interior de espuma de doble capa personalizado para guardar 4 micr\u00f3fonos inal\u00e1mbricos, body packs y accesorios, pr\u00e1cticas ranuras para los dedos para un f\u00e1cil acceso, resina de copol\u00edmero de polipropileno de ultra alta resistencia, resistente a los rayos UV, solventes, corrosi\u00f3n y hongos, sello completo de la junta que lo hace totalmente impermeable, v\u00e1lvula de estabilidad autom\u00e1tica de presi\u00f3n ambiental, resistente a la corrosi\u00f3n y a da\u00f1os por impacto, bisagras moldeadas, sistema de cierre de liberaci\u00f3n de gatillo, mango de agarre amortiguador de goma sobre moldeado, longitud exterior: 49.99 cm, ancho exterior: 38.56 cm, profundidad exterior: 13.87 cm, profundidad de la tapa: 3.81 cm, profundidad de la base: 8.26 cm, peso: 2.99 kg.\",\"breadcrumb\":{\"@id\":\"https:\\\/\\\/www.mexicanguitarplayers.com\\\/tienda\\\/sin categor\u00eda\\\/estuche-skb-p-microfonos-3i-1813-5wmc\\\/#breadcrumb\"},\"inLanguage\":\"en-US\",\"potentialAction\":[{\"@type\":\"ReadAction\",\"target\":[\"https:\\\/\\\/www.mexicanguitarplayers.com\\\/tienda\\\/sin categor\u00eda\\\/estuche-skb-p-microfonos-3i-1813-5wmc\\\/\"]}]},{\"@type\":\"ImageObject\",\"inLanguage\":\"en-US\",\"@id\":\"https:\\\/\\\/www.mexicanguitarplayers.com\\\/tienda\\\/sin categor\u00eda\\\/estuche-skb-p-microfonos-3i-1813-5wmc\\\/#primaryimage\",\"url\":\"https:\\\/\\\/www.mexicanguitarplayers.com\\\/wp-content\\\/uploads\\\/2025\\\/04\\\/VASKB318135WMC.jpg\",\"contentUrl\":\"https:\\\/\\\/www.mexicanguitarplayers.com\\\/wp-content\\\/uploads\\\/2025\\\/04\\\/VASKB318135WMC.jpg\",\"width\":1200,\"height\":1200},{\"@type\":\"BreadcrumbList\",\"@id\":\"https:\\\/\\\/www.mexicanguitarplayers.com\\\/tienda\\\/sin categor\u00eda\\\/estuche-skb-p-microfonos-3i-1813-5wmc\\\/#breadcrumb\",\"itemListElement\":[{\"@type\":\"ListItem\",\"position\":1,\"name\":\"Portada\",\"item\":\"https:\\\/\\\/www.mexicanguitarplayers.com\\\/\"},{\"@type\":\"ListItem\",\"position\":2,\"name\":\"Tienda\",\"item\":\"https:\\\/\\\/www.mexicanguitarplayers.com\\\/tienda\\\/\"},{\"@type\":\"ListItem\",\"position\":3,\"name\":\"ESTUCHE SKB P\\\/MICROFONOS 3I-1813-5WMC\"}]},{\"@type\":\"WebSite\",\"@id\":\"https:\\\/\\\/www.mexicanguitarplayers.com\\\/#website\",\"url\":\"https:\\\/\\\/www.mexicanguitarplayers.com\\\/\",\"name\":\"Mexican Guitar Players\",\"description\":\"Website\",\"publisher\":{\"@id\":\"https:\\\/\\\/www.mexicanguitarplayers.com\\\/#organization\"},\"potentialAction\":[{\"@type\":\"SearchAction\",\"target\":{\"@type\":\"EntryPoint\",\"urlTemplate\":\"https:\\\/\\\/www.mexicanguitarplayers.com\\\/?s={search_term_string}\"},\"query-input\":{\"@type\":\"PropertyValueSpecification\",\"valueRequired\":true,\"valueName\":\"search_term_string\"}}],\"inLanguage\":\"en-US\"},{\"@type\":\"Organization\",\"@id\":\"https:\\\/\\\/www.mexicanguitarplayers.com\\\/#organization\",\"name\":\"Mexican Guitar Players\",\"url\":\"https:\\\/\\\/www.mexicanguitarplayers.com\\\/\",\"logo\":{\"@type\":\"ImageObject\",\"inLanguage\":\"en-US\",\"@id\":\"https:\\\/\\\/www.mexicanguitarplayers.com\\\/#\\\/schema\\\/logo\\\/image\\\/\",\"url\":\"\",\"contentUrl\":\"\",\"caption\":\"Mexican Guitar Players\"},\"image\":{\"@id\":\"https:\\\/\\\/www.mexicanguitarplayers.com\\\/#\\\/schema\\\/logo\\\/image\\\/\"}}]}<\/script>\n<!-- \/ Yoast SEO plugin. -->","yoast_head_json":{"title":"ESTUCHE SKB P\/MICROFONOS 3I-1813-5WMC - Mexican Guitar Players","description":"Estuche para micr\u00f3fonos inal\u00e1mbricos, interior de espuma de doble capa personalizado para guardar 4 micr\u00f3fonos inal\u00e1mbricos, body packs y accesorios, pr\u00e1cticas ranuras para los dedos para un f\u00e1cil acceso, resina de copol\u00edmero de polipropileno de ultra alta resistencia, resistente a los rayos UV, solventes, corrosi\u00f3n y hongos, sello completo de la junta que lo hace totalmente impermeable, v\u00e1lvula de estabilidad autom\u00e1tica de presi\u00f3n ambiental, resistente a la corrosi\u00f3n y a da\u00f1os por impacto, bisagras moldeadas, sistema de cierre de liberaci\u00f3n de gatillo, mango de agarre amortiguador de goma sobre moldeado, longitud exterior: 49.99 cm, ancho exterior: 38.56 cm, profundidad exterior: 13.87 cm, profundidad de la tapa: 3.81 cm, profundidad de la base: 8.26 cm, peso: 2.99 kg.","robots":{"index":"index","follow":"follow","max-snippet":"max-snippet:-1","max-image-preview":"max-image-preview:large","max-video-preview":"max-video-preview:-1"},"canonical":"https:\/\/www.mexicanguitarplayers.com\/en\/tienda\/sin categor\u00eda\/estuche-skb-p-microfonos-3i-1813-5wmc\/","og_locale":"en_US","og_type":"article","og_title":"ESTUCHE SKB P\/MICROFONOS 3I-1813-5WMC - Mexican Guitar Players","og_description":"Estuche para micr\u00f3fonos inal\u00e1mbricos, interior de espuma de doble capa personalizado para guardar 4 micr\u00f3fonos inal\u00e1mbricos, body packs y accesorios, pr\u00e1cticas ranuras para los dedos para un f\u00e1cil acceso, resina de copol\u00edmero de polipropileno de ultra alta resistencia, resistente a los rayos UV, solventes, corrosi\u00f3n y hongos, sello completo de la junta que lo hace totalmente impermeable, v\u00e1lvula de estabilidad autom\u00e1tica de presi\u00f3n ambiental, resistente a la corrosi\u00f3n y a da\u00f1os por impacto, bisagras moldeadas, sistema de cierre de liberaci\u00f3n de gatillo, mango de agarre amortiguador de goma sobre moldeado, longitud exterior: 49.99 cm, ancho exterior: 38.56 cm, profundidad exterior: 13.87 cm, profundidad de la tapa: 3.81 cm, profundidad de la base: 8.26 cm, peso: 2.99 kg.","og_url":"https:\/\/www.mexicanguitarplayers.com\/en\/tienda\/sin categor\u00eda\/estuche-skb-p-microfonos-3i-1813-5wmc\/","og_site_name":"Mexican Guitar Players","article_modified_time":"2026-04-10T10:16:48+00:00","twitter_card":"summary_large_image","twitter_misc":{"Est. reading time":"2 minutes"},"schema":{"@context":"https:\/\/schema.org","@graph":[{"@type":["WebPage","ItemPage"],"@id":"https:\/\/www.mexicanguitarplayers.com\/tienda\/sin categor\u00eda\/estuche-skb-p-microfonos-3i-1813-5wmc\/","url":"https:\/\/www.mexicanguitarplayers.com\/tienda\/sin categor\u00eda\/estuche-skb-p-microfonos-3i-1813-5wmc\/","name":"ESTUCHE SKB P\/MICROFONOS 3I-1813-5WMC - Mexican Guitar Players","isPartOf":{"@id":"https:\/\/www.mexicanguitarplayers.com\/#website"},"primaryImageOfPage":{"@id":"https:\/\/www.mexicanguitarplayers.com\/tienda\/sin categor\u00eda\/estuche-skb-p-microfonos-3i-1813-5wmc\/#primaryimage"},"image":{"@id":"https:\/\/www.mexicanguitarplayers.com\/tienda\/sin categor\u00eda\/estuche-skb-p-microfonos-3i-1813-5wmc\/#primaryimage"},"thumbnailUrl":"https:\/\/www.mexicanguitarplayers.com\/wp-content\/uploads\/2025\/04\/VASKB318135WMC.jpg","datePublished":"2025-04-09T15:14:20+00:00","dateModified":"2026-04-10T10:16:48+00:00","description":"Estuche para micr\u00f3fonos inal\u00e1mbricos, interior de espuma de doble capa personalizado para guardar 4 micr\u00f3fonos inal\u00e1mbricos, body packs y accesorios, pr\u00e1cticas ranuras para los dedos para un f\u00e1cil acceso, resina de copol\u00edmero de polipropileno de ultra alta resistencia, resistente a los rayos UV, solventes, corrosi\u00f3n y hongos, sello completo de la junta que lo hace totalmente impermeable, v\u00e1lvula de estabilidad autom\u00e1tica de presi\u00f3n ambiental, resistente a la corrosi\u00f3n y a da\u00f1os por impacto, bisagras moldeadas, sistema de cierre de liberaci\u00f3n de gatillo, mango de agarre amortiguador de goma sobre moldeado, longitud exterior: 49.99 cm, ancho exterior: 38.56 cm, profundidad exterior: 13.87 cm, profundidad de la tapa: 3.81 cm, profundidad de la base: 8.26 cm, peso: 2.99 kg.","breadcrumb":{"@id":"https:\/\/www.mexicanguitarplayers.com\/tienda\/sin categor\u00eda\/estuche-skb-p-microfonos-3i-1813-5wmc\/#breadcrumb"},"inLanguage":"en-US","potentialAction":[{"@type":"ReadAction","target":["https:\/\/www.mexicanguitarplayers.com\/tienda\/sin categor\u00eda\/estuche-skb-p-microfonos-3i-1813-5wmc\/"]}]},{"@type":"ImageObject","inLanguage":"en-US","@id":"https:\/\/www.mexicanguitarplayers.com\/tienda\/sin categor\u00eda\/estuche-skb-p-microfonos-3i-1813-5wmc\/#primaryimage","url":"https:\/\/www.mexicanguitarplayers.com\/wp-content\/uploads\/2025\/04\/VASKB318135WMC.jpg","contentUrl":"https:\/\/www.mexicanguitarplayers.com\/wp-content\/uploads\/2025\/04\/VASKB318135WMC.jpg","width":1200,"height":1200},{"@type":"BreadcrumbList","@id":"https:\/\/www.mexicanguitarplayers.com\/tienda\/sin categor\u00eda\/estuche-skb-p-microfonos-3i-1813-5wmc\/#breadcrumb","itemListElement":[{"@type":"ListItem","position":1,"name":"Portada","item":"https:\/\/www.mexicanguitarplayers.com\/"},{"@type":"ListItem","position":2,"name":"Tienda","item":"https:\/\/www.mexicanguitarplayers.com\/tienda\/"},{"@type":"ListItem","position":3,"name":"ESTUCHE SKB P\/MICROFONOS 3I-1813-5WMC"}]},{"@type":"WebSite","@id":"https:\/\/www.mexicanguitarplayers.com\/#website","url":"https:\/\/www.mexicanguitarplayers.com\/","name":"Mexican Guitar Players","description":"Website","publisher":{"@id":"https:\/\/www.mexicanguitarplayers.com\/#organization"},"potentialAction":[{"@type":"SearchAction","target":{"@type":"EntryPoint","urlTemplate":"https:\/\/www.mexicanguitarplayers.com\/?s={search_term_string}"},"query-input":{"@type":"PropertyValueSpecification","valueRequired":true,"valueName":"search_term_string"}}],"inLanguage":"en-US"},{"@type":"Organization","@id":"https:\/\/www.mexicanguitarplayers.com\/#organization","name":"Mexican Guitar Players","url":"https:\/\/www.mexicanguitarplayers.com\/","logo":{"@type":"ImageObject","inLanguage":"en-US","@id":"https:\/\/www.mexicanguitarplayers.com\/#\/schema\/logo\/image\/","url":"","contentUrl":"","caption":"Mexican Guitar Players"},"image":{"@id":"https:\/\/www.mexicanguitarplayers.com\/#\/schema\/logo\/image\/"}}]}},"brands":[{"id":609,"name":"SKB","slug":"skb"}],"_links":{"self":[{"href":"https:\/\/www.mexicanguitarplayers.com\/en\/wp-json\/wp\/v2\/product\/42321","targetHints":{"allow":["GET"]}}],"collection":[{"href":"https:\/\/www.mexicanguitarplayers.com\/en\/wp-json\/wp\/v2\/product"}],"about":[{"href":"https:\/\/www.mexicanguitarplayers.com\/en\/wp-json\/wp\/v2\/types\/product"}],"replies":[{"embeddable":true,"href":"https:\/\/www.mexicanguitarplayers.com\/en\/wp-json\/wp\/v2\/comments?post=42321"}],"wp:featuredmedia":[{"embeddable":true,"href":"https:\/\/www.mexicanguitarplayers.com\/en\/wp-json\/wp\/v2\/media\/42316"}],"wp:attachment":[{"href":"https:\/\/www.mexicanguitarplayers.com\/en\/wp-json\/wp\/v2\/media?parent=42321"}],"wp:term":[{"taxonomy":"pwb-brand","embeddable":true,"href":"https:\/\/www.mexicanguitarplayers.com\/en\/wp-json\/wp\/v2\/pwb-brand?post=42321"},{"taxonomy":"product_brand","embeddable":true,"href":"https:\/\/www.mexicanguitarplayers.com\/en\/wp-json\/wp\/v2\/product_brand?post=42321"},{"taxonomy":"product_cat","embeddable":true,"href":"https:\/\/www.mexicanguitarplayers.com\/en\/wp-json\/wp\/v2\/product_cat?post=42321"},{"taxonomy":"product_tag","embeddable":true,"href":"https:\/\/www.mexicanguitarplayers.com\/en\/wp-json\/wp\/v2\/product_tag?post=42321"}],"curies":[{"name":"wp","href":"https:\/\/api.w.org\/{rel}","templated":true}]}}