{"id":42333,"date":"2025-04-09T09:14:41","date_gmt":"2025-04-09T15:14:41","guid":{"rendered":"https:\/\/www.mexicanguitarplayers.com\/tienda\/sin categor\u00eda\/acordeon-moretti-bot-mod-verona-fbbeb-2\/"},"modified":"2026-01-17T04:19:47","modified_gmt":"2026-01-17T10:19:47","slug":"acordeon-moretti-bot-mod-verona-fbbeb-2","status":"publish","type":"product","link":"https:\/\/www.mexicanguitarplayers.com\/en\/tienda\/alientos\/acordeones\/de-botones\/acordeon-moretti-bot-mod-verona-fbbeb-2\/","title":{"rendered":"ACCORDION MORETTI BOT. MOD. VERONA FBBEB"},"content":{"rendered":"<div style=\"text-align: justify\">\n<div>\n<h3>La nueva era de los acordeones.<\/h3>\n<\/div>\n<div>Con el nuevo acorde\u00f3n Verona de Moretti, tendr\u00e1s en tus manos un gran sonido, una resonancia natural y toda la experiencia en la fabricaci\u00f3n de acordeones. Es ideal para diversos g\u00e9neros musicales y cuenta con exclusivos dise\u00f1os que te har\u00e1n brillar en el escenario. Moretti cuenta con un excelente control de calidad, por lo que tus instrumentos est\u00e1n elaborados con el mayor cuidado y el mejor sonido que podr\u00e1s encontrar en acordeones en este rango de precio.<\/div>\n<div>\n<h4>Quick look<\/h4>\n<\/div>\n<ul style=\"margin: 0px 0px 0px 25px\">\n<li style=\"list-style-type: circle;margin: 5px\">Kind.<\/li>\n<li style=\"list-style-type: circle;margin: 5px\">Tono.<\/li>\n<li style=\"list-style-type: circle;margin: 5px\">Botones.<\/li>\n<li style=\"list-style-type: circle;margin: 5px\">Bajos.<\/li>\n<li style=\"list-style-type: circle;margin: 5px\">Material.<\/li>\n<li style=\"list-style-type: circle;margin: 5px\">Parilla.<\/li>\n<li style=\"list-style-type: circle;margin: 5px\">Diapason.<\/li>\n<li style=\"list-style-type: circle;margin: 5px\">Correas.<\/li>\n<li style=\"list-style-type: circle;margin: 5px\">Estuche.<\/li>\n<\/ul>\n<div>\n<div style=\"font-weight: bold\">Kind.<\/div>\n<div>\n<p>Acorde\u00f3n de botones.<\/p>\n<\/div>\n<div style=\"font-weight: bold\">Tono.<\/div>\n<div>\n<p>Fa.<\/p>\n<\/div>\n<div style=\"font-weight: bold\">Botones.<\/div>\n<div>\n<p>31 botones.<\/p>\n<\/div>\n<div style=\"font-weight: bold\">Bajos.<\/div>\n<div>\n<p>12 bajos.<\/p>\n<\/div>\n<div style=\"font-weight: bold\">Material.<\/div>\n<div>\n<p>Celuloide.<\/p>\n<\/div>\n<div style=\"font-weight: bold\">Parilla.<\/div>\n<div>\n<p>Acero inoxidable.<\/p>\n<\/div>\n<div style=\"font-weight: bold\">Diapason.<\/div>\n<div>\n<p>Diapas\u00f3n con botones aperlados y dise\u00f1o original.<\/p>\n<\/div>\n<div style=\"font-weight: bold\">Correas.<\/div>\n<div>\n<p>Correas de tela.<\/p>\n<\/div>\n<div style=\"font-weight: bold\">Estuche.<\/div>\n<div>\n<p>Estuche de aluminio.<\/p>\n<\/div>\n<\/div>\n<\/div>","protected":false},"excerpt":{"rendered":"<p>Acorde\u00f3n de botones, tono de Fa, 31 botones, 12 bajos, de celuloide, parrilla original de acero inoxidable, diapas\u00f3n con botones aperlados y dise\u00f1o original, correas de tela y estuche de aluminio.&hellip; <a class=\"kt-excerpt-readmore more-link\" href=\"https:\/\/www.mexicanguitarplayers.com\/en\/tienda\/alientos\/acordeones\/de-botones\/acordeon-moretti-bot-mod-verona-fbbeb-2\/\">Read more<\/a><\/p>","protected":false},"featured_media":42322,"comment_status":"open","ping_status":"closed","template":"","meta":{"kt_blocks_editor_width":""},"pwb-brand":[398],"product_brand":[],"product_cat":[389,388,390],"product_tag":[],"class_list":{"0":"post-42333","1":"product","2":"type-product","3":"status-publish","4":"has-post-thumbnail","6":"pwb-brand-moretti","7":"product_cat-acordeones","8":"product_cat-alientos","9":"product_cat-de-botones","10":"product_shipping_class-5-10-kg","12":"first","13":"instock","14":"taxable","15":"shipping-taxable","16":"purchasable","17":"product-type-simple"},"yoast_head":"<!-- This site is optimized with the Yoast SEO plugin v27.3 - https:\/\/yoast.com\/product\/yoast-seo-wordpress\/ -->\n<title>ACORDEON MORETTI BOT. MOD. VERONA FBBEB - Mexican Guitar Players<\/title>\n<meta name=\"description\" content=\"Acorde\u00f3n de botones, tono de Fa, 31 botones, 12 bajos, de celuloide, parrilla original de acero inoxidable, diapas\u00f3n con botones aperlados y dise\u00f1o original, correas de tela y estuche de aluminio.\" \/>\n<meta name=\"robots\" content=\"index, follow, max-snippet:-1, max-image-preview:large, max-video-preview:-1\" \/>\n<link rel=\"canonical\" href=\"https:\/\/www.mexicanguitarplayers.com\/en\/tienda\/sin%20categor\u00eda\/acordeon-moretti-bot-mod-verona-fbbeb-2\/\" \/>\n<meta property=\"og:locale\" content=\"en_US\" \/>\n<meta property=\"og:type\" content=\"article\" \/>\n<meta property=\"og:title\" content=\"ACORDEON MORETTI BOT. MOD. VERONA FBBEB - Mexican Guitar Players\" \/>\n<meta property=\"og:description\" content=\"Acorde\u00f3n de botones, tono de Fa, 31 botones, 12 bajos, de celuloide, parrilla original de acero inoxidable, diapas\u00f3n con botones aperlados y dise\u00f1o original, correas de tela y estuche de aluminio.\" \/>\n<meta property=\"og:url\" content=\"https:\/\/www.mexicanguitarplayers.com\/en\/tienda\/sin categor\u00eda\/acordeon-moretti-bot-mod-verona-fbbeb-2\/\" \/>\n<meta property=\"og:site_name\" content=\"Mexican Guitar Players\" \/>\n<meta property=\"article:modified_time\" content=\"2026-01-17T10:19:47+00:00\" \/>\n<meta name=\"twitter:card\" content=\"summary_large_image\" \/>\n<meta name=\"twitter:label1\" content=\"Est. reading time\" \/>\n\t<meta name=\"twitter:data1\" content=\"1 minute\" \/>\n<script type=\"application\/ld+json\" class=\"yoast-schema-graph\">{\"@context\":\"https:\\\/\\\/schema.org\",\"@graph\":[{\"@type\":[\"WebPage\",\"ItemPage\"],\"@id\":\"https:\\\/\\\/www.mexicanguitarplayers.com\\\/tienda\\\/sin categor\u00eda\\\/acordeon-moretti-bot-mod-verona-fbbeb-2\\\/\",\"url\":\"https:\\\/\\\/www.mexicanguitarplayers.com\\\/tienda\\\/sin categor\u00eda\\\/acordeon-moretti-bot-mod-verona-fbbeb-2\\\/\",\"name\":\"ACORDEON MORETTI BOT. MOD. VERONA FBBEB - Mexican Guitar Players\",\"isPartOf\":{\"@id\":\"https:\\\/\\\/www.mexicanguitarplayers.com\\\/#website\"},\"primaryImageOfPage\":{\"@id\":\"https:\\\/\\\/www.mexicanguitarplayers.com\\\/tienda\\\/sin categor\u00eda\\\/acordeon-moretti-bot-mod-verona-fbbeb-2\\\/#primaryimage\"},\"image\":{\"@id\":\"https:\\\/\\\/www.mexicanguitarplayers.com\\\/tienda\\\/sin categor\u00eda\\\/acordeon-moretti-bot-mod-verona-fbbeb-2\\\/#primaryimage\"},\"thumbnailUrl\":\"https:\\\/\\\/www.mexicanguitarplayers.com\\\/wp-content\\\/uploads\\\/2025\\\/04\\\/ITMOEVEROMXFBE.jpg\",\"datePublished\":\"2025-04-09T15:14:41+00:00\",\"dateModified\":\"2026-01-17T10:19:47+00:00\",\"description\":\"Acorde\u00f3n de botones, tono de Fa, 31 botones, 12 bajos, de celuloide, parrilla original de acero inoxidable, diapas\u00f3n con botones aperlados y dise\u00f1o original, correas de tela y estuche de aluminio.\",\"breadcrumb\":{\"@id\":\"https:\\\/\\\/www.mexicanguitarplayers.com\\\/tienda\\\/sin categor\u00eda\\\/acordeon-moretti-bot-mod-verona-fbbeb-2\\\/#breadcrumb\"},\"inLanguage\":\"en-US\",\"potentialAction\":[{\"@type\":\"ReadAction\",\"target\":[\"https:\\\/\\\/www.mexicanguitarplayers.com\\\/tienda\\\/sin categor\u00eda\\\/acordeon-moretti-bot-mod-verona-fbbeb-2\\\/\"]}]},{\"@type\":\"ImageObject\",\"inLanguage\":\"en-US\",\"@id\":\"https:\\\/\\\/www.mexicanguitarplayers.com\\\/tienda\\\/sin categor\u00eda\\\/acordeon-moretti-bot-mod-verona-fbbeb-2\\\/#primaryimage\",\"url\":\"https:\\\/\\\/www.mexicanguitarplayers.com\\\/wp-content\\\/uploads\\\/2025\\\/04\\\/ITMOEVEROMXFBE.jpg\",\"contentUrl\":\"https:\\\/\\\/www.mexicanguitarplayers.com\\\/wp-content\\\/uploads\\\/2025\\\/04\\\/ITMOEVEROMXFBE.jpg\",\"width\":1200,\"height\":1200},{\"@type\":\"BreadcrumbList\",\"@id\":\"https:\\\/\\\/www.mexicanguitarplayers.com\\\/tienda\\\/sin categor\u00eda\\\/acordeon-moretti-bot-mod-verona-fbbeb-2\\\/#breadcrumb\",\"itemListElement\":[{\"@type\":\"ListItem\",\"position\":1,\"name\":\"Portada\",\"item\":\"https:\\\/\\\/www.mexicanguitarplayers.com\\\/\"},{\"@type\":\"ListItem\",\"position\":2,\"name\":\"Tienda\",\"item\":\"https:\\\/\\\/www.mexicanguitarplayers.com\\\/tienda\\\/\"},{\"@type\":\"ListItem\",\"position\":3,\"name\":\"ACORDEON MORETTI BOT. MOD. VERONA FBBEB\"}]},{\"@type\":\"WebSite\",\"@id\":\"https:\\\/\\\/www.mexicanguitarplayers.com\\\/#website\",\"url\":\"https:\\\/\\\/www.mexicanguitarplayers.com\\\/\",\"name\":\"Mexican Guitar Players\",\"description\":\"Website\",\"publisher\":{\"@id\":\"https:\\\/\\\/www.mexicanguitarplayers.com\\\/#organization\"},\"potentialAction\":[{\"@type\":\"SearchAction\",\"target\":{\"@type\":\"EntryPoint\",\"urlTemplate\":\"https:\\\/\\\/www.mexicanguitarplayers.com\\\/?s={search_term_string}\"},\"query-input\":{\"@type\":\"PropertyValueSpecification\",\"valueRequired\":true,\"valueName\":\"search_term_string\"}}],\"inLanguage\":\"en-US\"},{\"@type\":\"Organization\",\"@id\":\"https:\\\/\\\/www.mexicanguitarplayers.com\\\/#organization\",\"name\":\"Mexican Guitar Players\",\"url\":\"https:\\\/\\\/www.mexicanguitarplayers.com\\\/\",\"logo\":{\"@type\":\"ImageObject\",\"inLanguage\":\"en-US\",\"@id\":\"https:\\\/\\\/www.mexicanguitarplayers.com\\\/#\\\/schema\\\/logo\\\/image\\\/\",\"url\":\"\",\"contentUrl\":\"\",\"caption\":\"Mexican Guitar Players\"},\"image\":{\"@id\":\"https:\\\/\\\/www.mexicanguitarplayers.com\\\/#\\\/schema\\\/logo\\\/image\\\/\"}}]}<\/script>\n<!-- \/ Yoast SEO plugin. -->","yoast_head_json":{"title":"ACORDEON MORETTI BOT. MOD. VERONA FBBEB - Mexican Guitar Players","description":"Button accordion, F pitch, 31 buttons, 12 basses, celluloid, original stainless steel grill, fretboard with pearlescent buttons and original design, fabric straps and aluminum case.","robots":{"index":"index","follow":"follow","max-snippet":"max-snippet:-1","max-image-preview":"max-image-preview:large","max-video-preview":"max-video-preview:-1"},"canonical":"https:\/\/www.mexicanguitarplayers.com\/en\/tienda\/sin categor\u00eda\/acordeon-moretti-bot-mod-verona-fbbeb-2\/","og_locale":"en_US","og_type":"article","og_title":"ACORDEON MORETTI BOT. MOD. VERONA FBBEB - Mexican Guitar Players","og_description":"Acorde\u00f3n de botones, tono de Fa, 31 botones, 12 bajos, de celuloide, parrilla original de acero inoxidable, diapas\u00f3n con botones aperlados y dise\u00f1o original, correas de tela y estuche de aluminio.","og_url":"https:\/\/www.mexicanguitarplayers.com\/en\/tienda\/sin categor\u00eda\/acordeon-moretti-bot-mod-verona-fbbeb-2\/","og_site_name":"Mexican Guitar Players","article_modified_time":"2026-01-17T10:19:47+00:00","twitter_card":"summary_large_image","twitter_misc":{"Est. reading time":"1 minute"},"schema":{"@context":"https:\/\/schema.org","@graph":[{"@type":["WebPage","ItemPage"],"@id":"https:\/\/www.mexicanguitarplayers.com\/tienda\/sin categor\u00eda\/acordeon-moretti-bot-mod-verona-fbbeb-2\/","url":"https:\/\/www.mexicanguitarplayers.com\/tienda\/sin categor\u00eda\/acordeon-moretti-bot-mod-verona-fbbeb-2\/","name":"ACORDEON MORETTI BOT. MOD. VERONA FBBEB - Mexican Guitar Players","isPartOf":{"@id":"https:\/\/www.mexicanguitarplayers.com\/#website"},"primaryImageOfPage":{"@id":"https:\/\/www.mexicanguitarplayers.com\/tienda\/sin categor\u00eda\/acordeon-moretti-bot-mod-verona-fbbeb-2\/#primaryimage"},"image":{"@id":"https:\/\/www.mexicanguitarplayers.com\/tienda\/sin categor\u00eda\/acordeon-moretti-bot-mod-verona-fbbeb-2\/#primaryimage"},"thumbnailUrl":"https:\/\/www.mexicanguitarplayers.com\/wp-content\/uploads\/2025\/04\/ITMOEVEROMXFBE.jpg","datePublished":"2025-04-09T15:14:41+00:00","dateModified":"2026-01-17T10:19:47+00:00","description":"Button accordion, F pitch, 31 buttons, 12 basses, celluloid, original stainless steel grill, fretboard with pearlescent buttons and original design, fabric straps and aluminum case.","breadcrumb":{"@id":"https:\/\/www.mexicanguitarplayers.com\/tienda\/sin categor\u00eda\/acordeon-moretti-bot-mod-verona-fbbeb-2\/#breadcrumb"},"inLanguage":"en-US","potentialAction":[{"@type":"ReadAction","target":["https:\/\/www.mexicanguitarplayers.com\/tienda\/sin categor\u00eda\/acordeon-moretti-bot-mod-verona-fbbeb-2\/"]}]},{"@type":"ImageObject","inLanguage":"en-US","@id":"https:\/\/www.mexicanguitarplayers.com\/tienda\/sin categor\u00eda\/acordeon-moretti-bot-mod-verona-fbbeb-2\/#primaryimage","url":"https:\/\/www.mexicanguitarplayers.com\/wp-content\/uploads\/2025\/04\/ITMOEVEROMXFBE.jpg","contentUrl":"https:\/\/www.mexicanguitarplayers.com\/wp-content\/uploads\/2025\/04\/ITMOEVEROMXFBE.jpg","width":1200,"height":1200},{"@type":"BreadcrumbList","@id":"https:\/\/www.mexicanguitarplayers.com\/tienda\/sin categor\u00eda\/acordeon-moretti-bot-mod-verona-fbbeb-2\/#breadcrumb","itemListElement":[{"@type":"ListItem","position":1,"name":"Portada","item":"https:\/\/www.mexicanguitarplayers.com\/"},{"@type":"ListItem","position":2,"name":"Tienda","item":"https:\/\/www.mexicanguitarplayers.com\/tienda\/"},{"@type":"ListItem","position":3,"name":"ACORDEON MORETTI BOT. MOD. VERONA FBBEB"}]},{"@type":"WebSite","@id":"https:\/\/www.mexicanguitarplayers.com\/#website","url":"https:\/\/www.mexicanguitarplayers.com\/","name":"Mexican Guitar Players","description":"Website","publisher":{"@id":"https:\/\/www.mexicanguitarplayers.com\/#organization"},"potentialAction":[{"@type":"SearchAction","target":{"@type":"EntryPoint","urlTemplate":"https:\/\/www.mexicanguitarplayers.com\/?s={search_term_string}"},"query-input":{"@type":"PropertyValueSpecification","valueRequired":true,"valueName":"search_term_string"}}],"inLanguage":"en-US"},{"@type":"Organization","@id":"https:\/\/www.mexicanguitarplayers.com\/#organization","name":"Mexican Guitar Players","url":"https:\/\/www.mexicanguitarplayers.com\/","logo":{"@type":"ImageObject","inLanguage":"en-US","@id":"https:\/\/www.mexicanguitarplayers.com\/#\/schema\/logo\/image\/","url":"","contentUrl":"","caption":"Mexican Guitar Players"},"image":{"@id":"https:\/\/www.mexicanguitarplayers.com\/#\/schema\/logo\/image\/"}}]}},"brands":[{"id":398,"name":"MORETTI","slug":"moretti"}],"_links":{"self":[{"href":"https:\/\/www.mexicanguitarplayers.com\/en\/wp-json\/wp\/v2\/product\/42333","targetHints":{"allow":["GET"]}}],"collection":[{"href":"https:\/\/www.mexicanguitarplayers.com\/en\/wp-json\/wp\/v2\/product"}],"about":[{"href":"https:\/\/www.mexicanguitarplayers.com\/en\/wp-json\/wp\/v2\/types\/product"}],"replies":[{"embeddable":true,"href":"https:\/\/www.mexicanguitarplayers.com\/en\/wp-json\/wp\/v2\/comments?post=42333"}],"wp:featuredmedia":[{"embeddable":true,"href":"https:\/\/www.mexicanguitarplayers.com\/en\/wp-json\/wp\/v2\/media\/42322"}],"wp:attachment":[{"href":"https:\/\/www.mexicanguitarplayers.com\/en\/wp-json\/wp\/v2\/media?parent=42333"}],"wp:term":[{"taxonomy":"pwb-brand","embeddable":true,"href":"https:\/\/www.mexicanguitarplayers.com\/en\/wp-json\/wp\/v2\/pwb-brand?post=42333"},{"taxonomy":"product_brand","embeddable":true,"href":"https:\/\/www.mexicanguitarplayers.com\/en\/wp-json\/wp\/v2\/product_brand?post=42333"},{"taxonomy":"product_cat","embeddable":true,"href":"https:\/\/www.mexicanguitarplayers.com\/en\/wp-json\/wp\/v2\/product_cat?post=42333"},{"taxonomy":"product_tag","embeddable":true,"href":"https:\/\/www.mexicanguitarplayers.com\/en\/wp-json\/wp\/v2\/product_tag?post=42333"}],"curies":[{"name":"wp","href":"https:\/\/api.w.org\/{rel}","templated":true}]}}