{"id":42342,"date":"2025-04-09T09:14:58","date_gmt":"2025-04-09T15:14:58","guid":{"rendered":"https:\/\/www.mexicanguitarplayers.com\/tienda\/sin categor\u00eda\/mezcladora-midas-mod-m32c\/"},"modified":"2026-05-01T07:16:04","modified_gmt":"2026-05-01T13:16:04","slug":"mezcladora-midas-mod-m32c","status":"publish","type":"product","link":"https:\/\/www.mexicanguitarplayers.com\/en\/tienda\/audio\/mezcladoras\/mezcladoras-digitales\/mezcladora-de-rack\/mezcladora-midas-mod-m32c\/","title":{"rendered":"MEZCLADORA MIDAS   MOD. M32C"},"content":{"rendered":"<div style=\"text-align: justify\">\n<div>\n<h3>El cl\u00e1sico sonido MIDAS.<\/h3>\n<\/div>\n<div>Los 40 canales de entrada y 25 buses de la M32C toman el cerebro de la mezcladora digital M32 y lo embalan en un chasis de alto rendimiento de aluminio y acero de una unidad de rack. Combina la M32C con nuestras cajas de escenario DL16 o DL32 para ejecutar sin esfuerzo el sonido con altas cuentas de E\/S en m\u00faltiples locaciones remotas. Los conectores de red AES50 CAT5 permiten hasta 96 entradas remotas y 48 canales de salida para ser controlados y procesados por la M32C. Todo esto se puede gestionar simult\u00e1neamente desde varias ubicaciones e instancias a trav\u00e9s de nuestras aplicaciones gratuitas de control remoto: M32-EDIT, M32-MIX y M32-Q. Por encima de todo, la M32C est\u00e1 dise\u00f1ada para poner el poder digital en tus manos sin compromiso, El enfoque singular de MIDAS en una propuesta de valor incomparable significa que la M32C integra caracter\u00edsticas avanzadas como la mezcla de monitor personal integrada y la verdadera red de audio digital de alta velocidad como caracter\u00edstica est\u00e1ndar. Fabricada para el ma\u00f1ana. La M32C est\u00e1 construida para hoy y ma\u00f1ana. Su dise\u00f1o de arquitectura abierta de punto flotante de 40 bits con una red de audio incorporada de baja latencia y las cajas E\/S de Midas l\u00edderes en la industria, aseguran un rendimiento de audio de vanguardia. &#8220;Integraci\u00f3n Ac\u00fastica&#8221; &#8211; La revoluci\u00f3n del sonido en vivo. La legendaria compa\u00f1\u00eda brit\u00e1nica de 40 a\u00f1os Turbosound, famosa por producir algunos de los mejores sistemas de altavoces en todo el mundo, se ha asociado con Midas para integrar perfectamente series de mezcladoras y altavoces. A esto le llamamos: Integraci\u00f3n Ac\u00fastica. El bus ULTRANET de la M32C permite transmitir hasta 16 canales de audio digital pr\u00edstino a una amplia gama de altavoces Turbosound iQ, todo ello con un s\u00f3lo cable CAT5, junto con datos de control para configurar preajustes de sonido de forma remota. Adem\u00e1s, los altavoces de la serie iQ cuentan con modelado real f\u00edsico de algunos de los altavoces m\u00e1s populares, que pueden ser f\u00e1cilmente controlados a trav\u00e9s de la M32C, permitiendo al ingeniero de sonido aplicar diferentes modelos de altavoces en tiempo real desde la mesa de mezclas. Integraci\u00f3n Ac\u00fastica: Es la pr\u00f3xima revoluci\u00f3n de sonido en vivo. RTA de 100 bandas para todos los ecualizadores de canal\/bus. La M32C incluye un analizador de tiempo real de 100 bandas (RTA) con vistas completas de Barra y Espectr\u00f3grafo en la aplicaci\u00f3n de control M32-EDIT. Este RTA de alta resoluci\u00f3n muestra la distribuci\u00f3n de energ\u00eda de audio en 100 bandas de frecuencia con el tiempo, capturando una ventana de sonograma de 10 segundos completos. Cambia entre la vista RTA grande, mostrando cualquier se\u00f1al disponible en resoluci\u00f3n de pantalla completa o de vista combinada con la vista de RTA mostrada encima de cada una de las curvas de EQ de canal y bus. Mira los resultados de tus opciones de filtrado en el espectro de audio directamente. Adem\u00e1s, el RTA se puede mostrar en la parte superior de los ecualizadores gr\u00e1ficos de 31 bandas en el rack de FX. Monitorear y controlar frecuencias nunca antes hab\u00eda sido tan f\u00e1cil. \u00bfQu\u00e9 es AES50 y SuperMAC? AES50 proporciona simult\u00e1neamente altos conteos de canales, latencias extremadamente bajas y deterministas, distribuci\u00f3n de reloj en red alineada en fase precisa, detecci\u00f3n de errores, redundancia de red, con despliegue sencillo y facilidad de uso para satisfacer las necesidades de la industria en vivo. Esta combinaci\u00f3n \u00fanica tambi\u00e9n beneficia tanto las aplicaciones de grabaci\u00f3n en vivo como en estudio, as\u00ed como la infraestructura de postproducci\u00f3n, radiodifusi\u00f3n y enrutamiento de audio. SuperMAC es una implementaci\u00f3n propietaria de AES50, propiedad de Klark Teknik. Desarrollado originalmente por Sony Pro-Audio Labs en Oxford, Reino Unido, forma la base del est\u00e1ndar abierto AES50 de la Sociedad de Ingenier\u00eda de Audio para la interconexi\u00f3n de audio multicanal de alta resoluci\u00f3n (HRMAI), publicada por la Audio Engineering Society, Inc. &#8211; 48 canales de audio bidireccionales a trav\u00e9s de un cable Neutrik EtherCON con terminaci\u00f3n blindada (STP) CAT5 (longitud m\u00e1xima de 100 metros). &#8211; Interconexi\u00f3n d\u00faplex de cable \u00fanico para audio y sample clocks. &#8211; Transmisi\u00f3n de datos de audio de la capa f\u00edsica Ethernet. &#8211; Recuento de canales altos y latencia determinista ultra baja (2 x 3 muestras = 1\/8 ms por nodo). &#8211; Distribuci\u00f3n exacta del reloj alineada en fase. &#8211; Detecci\u00f3n y gesti\u00f3n completa de errores. &#8211; Provisi\u00f3n de redes redundantes. &#8211; Configuraci\u00f3n m\u00ednima: Facilidad total de despliegue y uso. &#8211; Canal de datos auxiliar compatible con protocolo Ethernet TCP\/IP.<\/div>\n<div>\n<h4>Quick look<\/h4>\n<\/div>\n<ul style=\"margin: 0px 0px 0px 25px\">\n<li style=\"list-style-type: circle;margin: 5px\">Procesamiento.<\/li>\n<li style=\"list-style-type: circle;margin: 5px\">Connectors.<\/li>\n<li style=\"list-style-type: circle;margin: 5px\">Entrada talkback.<\/li>\n<li style=\"list-style-type: circle;margin: 5px\">Salidas de monitor.<\/li>\n<li style=\"list-style-type: circle;margin: 5px\">Indicadores.<\/li>\n<li style=\"list-style-type: circle;margin: 5px\">Energy.<\/li>\n<li style=\"list-style-type: circle;margin: 5px\">Rango de temperatura de funcionamiento.<\/li>\n<li style=\"list-style-type: circle;margin: 5px\">Dimensions.<\/li>\n<li style=\"list-style-type: circle;margin: 5px\">Weight.<\/li>\n<\/ul>\n<div>\n<div style=\"font-weight: bold\">Procesamiento.<\/div>\n<div>\n<p>N\u00famero de canales de procesamiento: 32 canales de entrada, 8 auxiliares, 8 canales de retorno de FX, 16 buses auxiliares, 6 matrices, LRC principal. Motores de efectos internos, true, est\u00e9reo\/mono: 8 \/ 16. Escenas de memoria total interna (incluyendo preamplificador y fader): 100. Procesamiento de se\u00f1al: Punto flotante de 40 bits. Latencia de red I\/O (stagebox in &gt; procesamiento de consola  &gt; stagebox out).<\/p>\n<\/div>\n<div style=\"font-weight: bold\">Connectors.<\/div>\n<div>\n<p>Entrada de micr\u00f3fono talkback, TRS: 1 externo (sin alimentaci\u00f3n phantom). Salidas de monitor, TRS 1\/4&#8243; balanceado: 2. Puertos AES50, SuperMAC: 2. Ranura para tarjeta de expansi\u00f3n: 32 canales de entrada\/salida de audio, varios est\u00e1ndares. Conector P-16, ULTRANET (sin fuente de alimentaci\u00f3n): 1. Entradas y salidas MIDI: 1\/1. Ethernet, RJ45, panel trasero, para control remoto: 1.USB tipo A, panel frontal, para audio e importaci\u00f3n\/exportaci\u00f3n de datos: 1.<\/p>\n<\/div>\n<div style=\"font-weight: bold\">Entrada talkback.<\/div>\n<div>\n<p>Ganancia m\u00e1xima: +50 dB. Nivel de entrada m\u00e1ximo a unidad de ganancia: +8 dBu. Impedancia de entrada: 2 kilo-ohms.<\/p>\n<\/div>\n<div style=\"font-weight: bold\">Salidas de monitor.<\/div>\n<div>\n<p>Nivel de salida m\u00e1ximo: +21 dBu. Impedancia de salida: 50 ohms. Respuesta de frecuencia: 20 Hz &#8211; 20 kHz. Ruido de salida, 22 Hz &#8211; 22 kHz: -83 dBu, sin ponderar. Distorsi\u00f3n, nivel de salida 0 dBu, 1 kHz: 0.02%.<\/p>\n<\/div>\n<div style=\"font-weight: bold\">Indicadores.<\/div>\n<div>\n<p>Pantalla LCD: 128 x 64, LCD con color RGB de retroiluminaci\u00f3n. LEDs de estado: Estado A\/B de Puerto AES50, LED Power, Bot\u00f3n para Mute All.<\/p>\n<\/div>\n<div style=\"font-weight: bold\">Energy.<\/div>\n<div>\n<p>Fuente de alimentaci\u00f3n conmutada: Auto rango 100-240V (50\/60 Hz). Consumo de energ\u00eda: 40 watts.<\/p>\n<\/div>\n<div style=\"font-weight: bold\">Rango de temperatura de funcionamiento.<\/div>\n<div>\n<p>5\u00b0C &#8211; 40\u00b0C.<\/p>\n<\/div>\n<div style=\"font-weight: bold\">Dimensions.<\/div>\n<div>\n<p>483 x 300 x 50 mm.<\/p>\n<\/div>\n<div style=\"font-weight: bold\">Weight.<\/div>\n<div>\n<p>3.5 kg.<\/p>\n<\/div>\n<\/div>\n<\/div>","protected":false},"excerpt":{"rendered":"<p>Mezcladora digital de rack para aplicaciones de instalaci\u00f3n y audio en vivo, 40 canales de entrada y 25 buses alineados en tiempo y con coherencia en fase, n\u00facleo de mezcla digital en una unidad de rack, red AES50 que permite hasta 96 entradas y 96 salidas, arquitectura abierta que permite la operaci\u00f3n futura a 96 kHz, aluminio de alto rendimiento y estructura de acero de alto impacto, procesamiento de se\u00f1al digital de punto flotante de 40 bits, 8 grupos DCA y 6 Mute, 8 procesadores de efectos de procesamiento de se\u00f1al digital, interfaz de audio USB 2.0 de 32 x 32 canales, punto de expansi\u00f3n integrado para tarjetas de interfaz de audio o puentes de redes digitales, MIDI In\/Out para la recuperaci\u00f3n remota de escenas o control de otros equipos MIDI, control remoto inal\u00e1mbrico opcional con apps de Midas para iPad y iPhone, fuente de alimentaci\u00f3n universal de conmutaci\u00f3n autom\u00e1tica, dimensiones: 483 x 300 x 50 mm, peso: 3.5 kg.&hellip; <a class=\"kt-excerpt-readmore more-link\" href=\"https:\/\/www.mexicanguitarplayers.com\/en\/tienda\/audio\/mezcladoras\/mezcladoras-digitales\/mezcladora-de-rack\/mezcladora-midas-mod-m32c\/\">Read more<\/a><\/p>","protected":false},"featured_media":42338,"comment_status":"open","ping_status":"closed","template":"","meta":{"kt_blocks_editor_width":""},"pwb-brand":[187],"product_brand":[],"product_cat":[213,527,491,526],"product_tag":[],"class_list":{"0":"post-42342","1":"product","2":"type-product","3":"status-publish","4":"has-post-thumbnail","6":"pwb-brand-midas","7":"product_cat-audio","8":"product_cat-mezcladora-de-rack","9":"product_cat-mezcladoras","10":"product_cat-mezcladoras-digitales","11":"product_shipping_class-0-5-kg","13":"first","14":"instock","15":"taxable","16":"shipping-taxable","17":"purchasable","18":"product-type-simple"},"yoast_head":"<!-- This site is optimized with the Yoast SEO plugin v27.5 - https:\/\/yoast.com\/product\/yoast-seo-wordpress\/ -->\n<title>MEZCLADORA MIDAS  MOD. M32C - Mexican Guitar Players<\/title>\n<meta name=\"description\" content=\"Mezcladora digital de rack para aplicaciones de instalaci\u00f3n y audio en vivo, 40 canales de entrada y 25 buses alineados en tiempo y con coherencia en fase, n\u00facleo de mezcla digital en una unidad de rack, red AES50 que permite hasta 96 entradas y 96 salidas, arquitectura abierta que permite la operaci\u00f3n futura a 96 kHz, aluminio de alto rendimiento y estructura de acero de alto impacto, procesamiento de se\u00f1al digital de punto flotante de 40 bits, 8 grupos DCA y 6 Mute, 8 procesadores de efectos de procesamiento de se\u00f1al digital, interfaz de audio USB 2.0 de 32 x 32 canales, punto de expansi\u00f3n integrado para tarjetas de interfaz de audio o puentes de redes digitales, MIDI In\/Out para la recuperaci\u00f3n remota de escenas o control de otros equipos MIDI, control remoto inal\u00e1mbrico opcional con apps de Midas para iPad y iPhone, fuente de alimentaci\u00f3n universal de conmutaci\u00f3n autom\u00e1tica, dimensiones: 483 x 300 x 50 mm, peso: 3.5 kg.\" \/>\n<meta name=\"robots\" content=\"index, follow, max-snippet:-1, max-image-preview:large, max-video-preview:-1\" \/>\n<link rel=\"canonical\" href=\"https:\/\/www.mexicanguitarplayers.com\/en\/tienda\/sin%20categor\u00eda\/mezcladora-midas-mod-m32c\/\" \/>\n<meta property=\"og:locale\" content=\"en_US\" \/>\n<meta property=\"og:type\" content=\"article\" \/>\n<meta property=\"og:title\" content=\"MEZCLADORA MIDAS  MOD. M32C - Mexican Guitar Players\" \/>\n<meta property=\"og:description\" content=\"Mezcladora digital de rack para aplicaciones de instalaci\u00f3n y audio en vivo, 40 canales de entrada y 25 buses alineados en tiempo y con coherencia en fase, n\u00facleo de mezcla digital en una unidad de rack, red AES50 que permite hasta 96 entradas y 96 salidas, arquitectura abierta que permite la operaci\u00f3n futura a 96 kHz, aluminio de alto rendimiento y estructura de acero de alto impacto, procesamiento de se\u00f1al digital de punto flotante de 40 bits, 8 grupos DCA y 6 Mute, 8 procesadores de efectos de procesamiento de se\u00f1al digital, interfaz de audio USB 2.0 de 32 x 32 canales, punto de expansi\u00f3n integrado para tarjetas de interfaz de audio o puentes de redes digitales, MIDI In\/Out para la recuperaci\u00f3n remota de escenas o control de otros equipos MIDI, control remoto inal\u00e1mbrico opcional con apps de Midas para iPad y iPhone, fuente de alimentaci\u00f3n universal de conmutaci\u00f3n autom\u00e1tica, dimensiones: 483 x 300 x 50 mm, peso: 3.5 kg.\" \/>\n<meta property=\"og:url\" content=\"https:\/\/www.mexicanguitarplayers.com\/en\/tienda\/sin categor\u00eda\/mezcladora-midas-mod-m32c\/\" \/>\n<meta property=\"og:site_name\" content=\"Mexican Guitar Players\" \/>\n<meta property=\"article:modified_time\" content=\"2026-05-01T13:16:04+00:00\" \/>\n<meta name=\"twitter:card\" content=\"summary_large_image\" \/>\n<meta name=\"twitter:label1\" content=\"Est. reading time\" \/>\n\t<meta name=\"twitter:data1\" content=\"5 minutes\" \/>\n<script type=\"application\/ld+json\" class=\"yoast-schema-graph\">{\"@context\":\"https:\\\/\\\/schema.org\",\"@graph\":[{\"@type\":[\"WebPage\",\"ItemPage\"],\"@id\":\"https:\\\/\\\/www.mexicanguitarplayers.com\\\/tienda\\\/sin categor\u00eda\\\/mezcladora-midas-mod-m32c\\\/\",\"url\":\"https:\\\/\\\/www.mexicanguitarplayers.com\\\/tienda\\\/sin categor\u00eda\\\/mezcladora-midas-mod-m32c\\\/\",\"name\":\"MEZCLADORA MIDAS MOD. M32C - Mexican Guitar Players\",\"isPartOf\":{\"@id\":\"https:\\\/\\\/www.mexicanguitarplayers.com\\\/#website\"},\"primaryImageOfPage\":{\"@id\":\"https:\\\/\\\/www.mexicanguitarplayers.com\\\/tienda\\\/sin categor\u00eda\\\/mezcladora-midas-mod-m32c\\\/#primaryimage\"},\"image\":{\"@id\":\"https:\\\/\\\/www.mexicanguitarplayers.com\\\/tienda\\\/sin categor\u00eda\\\/mezcladora-midas-mod-m32c\\\/#primaryimage\"},\"thumbnailUrl\":\"https:\\\/\\\/www.mexicanguitarplayers.com\\\/wp-content\\\/uploads\\\/2025\\\/04\\\/IAMIDM32C.jpg\",\"datePublished\":\"2025-04-09T15:14:58+00:00\",\"dateModified\":\"2026-05-01T13:16:04+00:00\",\"description\":\"Mezcladora digital de rack para aplicaciones de instalaci\u00f3n y audio en vivo, 40 canales de entrada y 25 buses alineados en tiempo y con coherencia en fase, n\u00facleo de mezcla digital en una unidad de rack, red AES50 que permite hasta 96 entradas y 96 salidas, arquitectura abierta que permite la operaci\u00f3n futura a 96 kHz, aluminio de alto rendimiento y estructura de acero de alto impacto, procesamiento de se\u00f1al digital de punto flotante de 40 bits, 8 grupos DCA y 6 Mute, 8 procesadores de efectos de procesamiento de se\u00f1al digital, interfaz de audio USB 2.0 de 32 x 32 canales, punto de expansi\u00f3n integrado para tarjetas de interfaz de audio o puentes de redes digitales, MIDI In\\\/Out para la recuperaci\u00f3n remota de escenas o control de otros equipos MIDI, control remoto inal\u00e1mbrico opcional con apps de Midas para iPad y iPhone, fuente de alimentaci\u00f3n universal de conmutaci\u00f3n autom\u00e1tica, dimensiones: 483 x 300 x 50 mm, peso: 3.5 kg.\",\"breadcrumb\":{\"@id\":\"https:\\\/\\\/www.mexicanguitarplayers.com\\\/tienda\\\/sin categor\u00eda\\\/mezcladora-midas-mod-m32c\\\/#breadcrumb\"},\"inLanguage\":\"en-US\",\"potentialAction\":[{\"@type\":\"ReadAction\",\"target\":[\"https:\\\/\\\/www.mexicanguitarplayers.com\\\/tienda\\\/sin categor\u00eda\\\/mezcladora-midas-mod-m32c\\\/\"]}]},{\"@type\":\"ImageObject\",\"inLanguage\":\"en-US\",\"@id\":\"https:\\\/\\\/www.mexicanguitarplayers.com\\\/tienda\\\/sin categor\u00eda\\\/mezcladora-midas-mod-m32c\\\/#primaryimage\",\"url\":\"https:\\\/\\\/www.mexicanguitarplayers.com\\\/wp-content\\\/uploads\\\/2025\\\/04\\\/IAMIDM32C.jpg\",\"contentUrl\":\"https:\\\/\\\/www.mexicanguitarplayers.com\\\/wp-content\\\/uploads\\\/2025\\\/04\\\/IAMIDM32C.jpg\",\"width\":1600,\"height\":800},{\"@type\":\"BreadcrumbList\",\"@id\":\"https:\\\/\\\/www.mexicanguitarplayers.com\\\/tienda\\\/sin categor\u00eda\\\/mezcladora-midas-mod-m32c\\\/#breadcrumb\",\"itemListElement\":[{\"@type\":\"ListItem\",\"position\":1,\"name\":\"Portada\",\"item\":\"https:\\\/\\\/www.mexicanguitarplayers.com\\\/\"},{\"@type\":\"ListItem\",\"position\":2,\"name\":\"Tienda\",\"item\":\"https:\\\/\\\/www.mexicanguitarplayers.com\\\/tienda\\\/\"},{\"@type\":\"ListItem\",\"position\":3,\"name\":\"MEZCLADORA MIDAS MOD. M32C\"}]},{\"@type\":\"WebSite\",\"@id\":\"https:\\\/\\\/www.mexicanguitarplayers.com\\\/#website\",\"url\":\"https:\\\/\\\/www.mexicanguitarplayers.com\\\/\",\"name\":\"Mexican Guitar Players\",\"description\":\"Website\",\"publisher\":{\"@id\":\"https:\\\/\\\/www.mexicanguitarplayers.com\\\/#organization\"},\"potentialAction\":[{\"@type\":\"SearchAction\",\"target\":{\"@type\":\"EntryPoint\",\"urlTemplate\":\"https:\\\/\\\/www.mexicanguitarplayers.com\\\/?s={search_term_string}\"},\"query-input\":{\"@type\":\"PropertyValueSpecification\",\"valueRequired\":true,\"valueName\":\"search_term_string\"}}],\"inLanguage\":\"en-US\"},{\"@type\":\"Organization\",\"@id\":\"https:\\\/\\\/www.mexicanguitarplayers.com\\\/#organization\",\"name\":\"Mexican Guitar Players\",\"url\":\"https:\\\/\\\/www.mexicanguitarplayers.com\\\/\",\"logo\":{\"@type\":\"ImageObject\",\"inLanguage\":\"en-US\",\"@id\":\"https:\\\/\\\/www.mexicanguitarplayers.com\\\/#\\\/schema\\\/logo\\\/image\\\/\",\"url\":\"\",\"contentUrl\":\"\",\"caption\":\"Mexican Guitar Players\"},\"image\":{\"@id\":\"https:\\\/\\\/www.mexicanguitarplayers.com\\\/#\\\/schema\\\/logo\\\/image\\\/\"}}]}<\/script>\n<!-- \/ Yoast SEO plugin. -->","yoast_head_json":{"title":"MEZCLADORA MIDAS  MOD. M32C - Mexican Guitar Players","description":"Mezcladora digital de rack para aplicaciones de instalaci\u00f3n y audio en vivo, 40 canales de entrada y 25 buses alineados en tiempo y con coherencia en fase, n\u00facleo de mezcla digital en una unidad de rack, red AES50 que permite hasta 96 entradas y 96 salidas, arquitectura abierta que permite la operaci\u00f3n futura a 96 kHz, aluminio de alto rendimiento y estructura de acero de alto impacto, procesamiento de se\u00f1al digital de punto flotante de 40 bits, 8 grupos DCA y 6 Mute, 8 procesadores de efectos de procesamiento de se\u00f1al digital, interfaz de audio USB 2.0 de 32 x 32 canales, punto de expansi\u00f3n integrado para tarjetas de interfaz de audio o puentes de redes digitales, MIDI In\/Out para la recuperaci\u00f3n remota de escenas o control de otros equipos MIDI, control remoto inal\u00e1mbrico opcional con apps de Midas para iPad y iPhone, fuente de alimentaci\u00f3n universal de conmutaci\u00f3n autom\u00e1tica, dimensiones: 483 x 300 x 50 mm, peso: 3.5 kg.","robots":{"index":"index","follow":"follow","max-snippet":"max-snippet:-1","max-image-preview":"max-image-preview:large","max-video-preview":"max-video-preview:-1"},"canonical":"https:\/\/www.mexicanguitarplayers.com\/en\/tienda\/sin categor\u00eda\/mezcladora-midas-mod-m32c\/","og_locale":"en_US","og_type":"article","og_title":"MEZCLADORA MIDAS  MOD. M32C - Mexican Guitar Players","og_description":"Mezcladora digital de rack para aplicaciones de instalaci\u00f3n y audio en vivo, 40 canales de entrada y 25 buses alineados en tiempo y con coherencia en fase, n\u00facleo de mezcla digital en una unidad de rack, red AES50 que permite hasta 96 entradas y 96 salidas, arquitectura abierta que permite la operaci\u00f3n futura a 96 kHz, aluminio de alto rendimiento y estructura de acero de alto impacto, procesamiento de se\u00f1al digital de punto flotante de 40 bits, 8 grupos DCA y 6 Mute, 8 procesadores de efectos de procesamiento de se\u00f1al digital, interfaz de audio USB 2.0 de 32 x 32 canales, punto de expansi\u00f3n integrado para tarjetas de interfaz de audio o puentes de redes digitales, MIDI In\/Out para la recuperaci\u00f3n remota de escenas o control de otros equipos MIDI, control remoto inal\u00e1mbrico opcional con apps de Midas para iPad y iPhone, fuente de alimentaci\u00f3n universal de conmutaci\u00f3n autom\u00e1tica, dimensiones: 483 x 300 x 50 mm, peso: 3.5 kg.","og_url":"https:\/\/www.mexicanguitarplayers.com\/en\/tienda\/sin categor\u00eda\/mezcladora-midas-mod-m32c\/","og_site_name":"Mexican Guitar Players","article_modified_time":"2026-05-01T13:16:04+00:00","twitter_card":"summary_large_image","twitter_misc":{"Est. reading time":"5 minutes"},"schema":{"@context":"https:\/\/schema.org","@graph":[{"@type":["WebPage","ItemPage"],"@id":"https:\/\/www.mexicanguitarplayers.com\/tienda\/sin categor\u00eda\/mezcladora-midas-mod-m32c\/","url":"https:\/\/www.mexicanguitarplayers.com\/tienda\/sin categor\u00eda\/mezcladora-midas-mod-m32c\/","name":"MEZCLADORA MIDAS MOD. M32C - Mexican Guitar Players","isPartOf":{"@id":"https:\/\/www.mexicanguitarplayers.com\/#website"},"primaryImageOfPage":{"@id":"https:\/\/www.mexicanguitarplayers.com\/tienda\/sin categor\u00eda\/mezcladora-midas-mod-m32c\/#primaryimage"},"image":{"@id":"https:\/\/www.mexicanguitarplayers.com\/tienda\/sin categor\u00eda\/mezcladora-midas-mod-m32c\/#primaryimage"},"thumbnailUrl":"https:\/\/www.mexicanguitarplayers.com\/wp-content\/uploads\/2025\/04\/IAMIDM32C.jpg","datePublished":"2025-04-09T15:14:58+00:00","dateModified":"2026-05-01T13:16:04+00:00","description":"Mezcladora digital de rack para aplicaciones de instalaci\u00f3n y audio en vivo, 40 canales de entrada y 25 buses alineados en tiempo y con coherencia en fase, n\u00facleo de mezcla digital en una unidad de rack, red AES50 que permite hasta 96 entradas y 96 salidas, arquitectura abierta que permite la operaci\u00f3n futura a 96 kHz, aluminio de alto rendimiento y estructura de acero de alto impacto, procesamiento de se\u00f1al digital de punto flotante de 40 bits, 8 grupos DCA y 6 Mute, 8 procesadores de efectos de procesamiento de se\u00f1al digital, interfaz de audio USB 2.0 de 32 x 32 canales, punto de expansi\u00f3n integrado para tarjetas de interfaz de audio o puentes de redes digitales, MIDI In\/Out para la recuperaci\u00f3n remota de escenas o control de otros equipos MIDI, control remoto inal\u00e1mbrico opcional con apps de Midas para iPad y iPhone, fuente de alimentaci\u00f3n universal de conmutaci\u00f3n autom\u00e1tica, dimensiones: 483 x 300 x 50 mm, peso: 3.5 kg.","breadcrumb":{"@id":"https:\/\/www.mexicanguitarplayers.com\/tienda\/sin categor\u00eda\/mezcladora-midas-mod-m32c\/#breadcrumb"},"inLanguage":"en-US","potentialAction":[{"@type":"ReadAction","target":["https:\/\/www.mexicanguitarplayers.com\/tienda\/sin categor\u00eda\/mezcladora-midas-mod-m32c\/"]}]},{"@type":"ImageObject","inLanguage":"en-US","@id":"https:\/\/www.mexicanguitarplayers.com\/tienda\/sin categor\u00eda\/mezcladora-midas-mod-m32c\/#primaryimage","url":"https:\/\/www.mexicanguitarplayers.com\/wp-content\/uploads\/2025\/04\/IAMIDM32C.jpg","contentUrl":"https:\/\/www.mexicanguitarplayers.com\/wp-content\/uploads\/2025\/04\/IAMIDM32C.jpg","width":1600,"height":800},{"@type":"BreadcrumbList","@id":"https:\/\/www.mexicanguitarplayers.com\/tienda\/sin categor\u00eda\/mezcladora-midas-mod-m32c\/#breadcrumb","itemListElement":[{"@type":"ListItem","position":1,"name":"Portada","item":"https:\/\/www.mexicanguitarplayers.com\/"},{"@type":"ListItem","position":2,"name":"Tienda","item":"https:\/\/www.mexicanguitarplayers.com\/tienda\/"},{"@type":"ListItem","position":3,"name":"MEZCLADORA MIDAS MOD. M32C"}]},{"@type":"WebSite","@id":"https:\/\/www.mexicanguitarplayers.com\/#website","url":"https:\/\/www.mexicanguitarplayers.com\/","name":"Mexican Guitar Players","description":"Website","publisher":{"@id":"https:\/\/www.mexicanguitarplayers.com\/#organization"},"potentialAction":[{"@type":"SearchAction","target":{"@type":"EntryPoint","urlTemplate":"https:\/\/www.mexicanguitarplayers.com\/?s={search_term_string}"},"query-input":{"@type":"PropertyValueSpecification","valueRequired":true,"valueName":"search_term_string"}}],"inLanguage":"en-US"},{"@type":"Organization","@id":"https:\/\/www.mexicanguitarplayers.com\/#organization","name":"Mexican Guitar Players","url":"https:\/\/www.mexicanguitarplayers.com\/","logo":{"@type":"ImageObject","inLanguage":"en-US","@id":"https:\/\/www.mexicanguitarplayers.com\/#\/schema\/logo\/image\/","url":"","contentUrl":"","caption":"Mexican Guitar Players"},"image":{"@id":"https:\/\/www.mexicanguitarplayers.com\/#\/schema\/logo\/image\/"}}]}},"brands":[{"id":187,"name":"MIDAS","slug":"midas"}],"_links":{"self":[{"href":"https:\/\/www.mexicanguitarplayers.com\/en\/wp-json\/wp\/v2\/product\/42342","targetHints":{"allow":["GET"]}}],"collection":[{"href":"https:\/\/www.mexicanguitarplayers.com\/en\/wp-json\/wp\/v2\/product"}],"about":[{"href":"https:\/\/www.mexicanguitarplayers.com\/en\/wp-json\/wp\/v2\/types\/product"}],"replies":[{"embeddable":true,"href":"https:\/\/www.mexicanguitarplayers.com\/en\/wp-json\/wp\/v2\/comments?post=42342"}],"wp:featuredmedia":[{"embeddable":true,"href":"https:\/\/www.mexicanguitarplayers.com\/en\/wp-json\/wp\/v2\/media\/42338"}],"wp:attachment":[{"href":"https:\/\/www.mexicanguitarplayers.com\/en\/wp-json\/wp\/v2\/media?parent=42342"}],"wp:term":[{"taxonomy":"pwb-brand","embeddable":true,"href":"https:\/\/www.mexicanguitarplayers.com\/en\/wp-json\/wp\/v2\/pwb-brand?post=42342"},{"taxonomy":"product_brand","embeddable":true,"href":"https:\/\/www.mexicanguitarplayers.com\/en\/wp-json\/wp\/v2\/product_brand?post=42342"},{"taxonomy":"product_cat","embeddable":true,"href":"https:\/\/www.mexicanguitarplayers.com\/en\/wp-json\/wp\/v2\/product_cat?post=42342"},{"taxonomy":"product_tag","embeddable":true,"href":"https:\/\/www.mexicanguitarplayers.com\/en\/wp-json\/wp\/v2\/product_tag?post=42342"}],"curies":[{"name":"wp","href":"https:\/\/api.w.org\/{rel}","templated":true}]}}