{"id":42365,"date":"2025-04-09T09:15:34","date_gmt":"2025-04-09T15:15:34","guid":{"rendered":"https:\/\/www.mexicanguitarplayers.com\/tienda\/sin categor\u00eda\/bafle-eikon-monitor-mod-ek10sw\/"},"modified":"2025-04-09T09:15:34","modified_gmt":"2025-04-09T15:15:34","slug":"bafle-eikon-monitor-mod-ek10sw","status":"publish","type":"product","link":"https:\/\/www.mexicanguitarplayers.com\/en\/tienda\/audio\/bafles-y-bocinas\/bafles\/bafles-activos\/bafle-eikon-monitor-mod-ek10sw\/","title":{"rendered":"BAFLE EIKON MONITOR MOD. EK10SW"},"content":{"rendered":"<div style=\"text-align: justify\">\n<div>\n<h3>La nueva forma de escuchar tus proyectos.<\/h3>\n<\/div>\n<div>La nueva serie de monitores de estudio de campo cercano, dise\u00f1ados por el equipo de EIKON para proporcionar a tu m\u00fasica la referencia m\u00e1s honesta y precisa posible. Desde los transductores cuidadosamente seleccionados hasta las gu\u00edas de onda mejoradas patentadas y el dise\u00f1o del gabinete de baja resonancia, todo se ha dise\u00f1ado con horas de escucha para ofrecer la mejor precisi\u00f3n en todo el espectro de audio. La electr\u00f3nica perfectamente optimizada que incluye nuevos amplificadores Clase AB separados de alto margen para redes cruzadas de alta y baja secci\u00f3n, alta precisi\u00f3n y circuitos limitadores separados, proporciona la m\u00e1xima resoluci\u00f3n y la m\u00ednima fatiga auditiva. La l\u00ednea incluye tres modelos con woofers de 5.25&#8243;, 6&#8243; y 8&#8243; pulgadas y subwoofer de 10&#8243; pulgadas, que ofrece la soluci\u00f3n de monitor de campo cercano ideal para cualquier tipo de aplicaciones de producci\u00f3n de m\u00fasica: estudios de grabaci\u00f3n, estudios caseros y proyectos, estudios de broadcast, estudios de post producci\u00f3n, veh\u00edculos de producci\u00f3n m\u00f3vil, home theater e instalaciones multimedia.<\/div>\n<div>\n<h4>Quick look<\/h4>\n<\/div>\n<ul style=\"margin: 0px 0px 0px 25px\">\n<li style=\"list-style-type: circle;margin: 5px\">Tipo de sistema.<\/li>\n<li style=\"list-style-type: circle;margin: 5px\">Dispositivo de baja frecuencia.<\/li>\n<li style=\"list-style-type: circle;margin: 5px\">Amplificador LF de potencia continua.<\/li>\n<li style=\"list-style-type: circle;margin: 5px\">Procesamiento,<\/li>\n<li style=\"list-style-type: circle;margin: 5px\">Frequency response.<\/li>\n<li style=\"list-style-type: circle;margin: 5px\">Maximum SPL.<\/li>\n<li style=\"list-style-type: circle;margin: 5px\">Connectors.<\/li>\n<li style=\"list-style-type: circle;margin: 5px\">Controls<\/li>\n<li style=\"list-style-type: circle;margin: 5px\">Construcci\u00f3n.<\/li>\n<li style=\"list-style-type: circle;margin: 5px\">Power supply.<\/li>\n<li style=\"list-style-type: circle;margin: 5px\">Dimensions.<\/li>\n<li style=\"list-style-type: circle;margin: 5px\">Weight.<\/li>\n<\/ul>\n<div>\n<div style=\"font-weight: bold\">Tipo de sistema.<\/div>\n<div>\n<p>Subwoofer vented.<\/p>\n<\/div>\n<div style=\"font-weight: bold\">Dispositivo de baja frecuencia.<\/div>\n<div>\n<p>Woofer de 10&#8243; pulgadas con cono PP.<\/p>\n<\/div>\n<div style=\"font-weight: bold\">Amplificador LF de potencia continua.<\/div>\n<div>\n<p>150W Clase AB.<\/p>\n<\/div>\n<div style=\"font-weight: bold\">Procesamiento,<\/div>\n<div>\n<p>Analogous.<\/p>\n<\/div>\n<div style=\"font-weight: bold\">Frequency response.<\/div>\n<div>\n<p>40 Hz &#8211; 150 Hz.<\/p>\n<\/div>\n<div style=\"font-weight: bold\">Maximum SPL.<\/div>\n<div>\n<p>110 dB.<\/p>\n<\/div>\n<div style=\"font-weight: bold\">Connectors.<\/div>\n<div>\n<p>1\/4\u201d JACK, XLR-F (entrada est\u00e9reo), XLR-M (salida est\u00e9reo), XLR-M (link).<\/p>\n<\/div>\n<div style=\"font-weight: bold\">Controls<\/div>\n<div>\n<p>Selector de frecuencia Level, Hi-Cut &amp; Lo-Cut, Phase.<\/p>\n<\/div>\n<div style=\"font-weight: bold\">Construcci\u00f3n.<\/div>\n<div>\n<p>Gabinete de MDF laminado de vinilo con frente de MDF.<\/p>\n<\/div>\n<div style=\"font-weight: bold\">Power supply.<\/div>\n<div>\n<p>230 VAC o 120 VAC 50\/60 Hz con selector LINE VOLTAGE.<\/p>\n<\/div>\n<div style=\"font-weight: bold\">Dimensions.<\/div>\n<div>\n<p>330 x 365 x 365 mm.<\/p>\n<\/div>\n<div style=\"font-weight: bold\">Weight.<\/div>\n<div>\n<p>15.3 kg.<\/p>\n<\/div>\n<\/div>\n<\/div>","protected":false},"excerpt":{"rendered":"<p>Monitor activo subwoofer vented, woofer de 10\u201d pulgadas de larga excursi\u00f3n con cono PP con respuesta muy extendida, puerto de sintonizaci\u00f3n frontal calculado con precisi\u00f3n para una mayor extensi\u00f3n de frecuencia, entradas, salidas y conectores link est\u00e9reo balanceados para operaci\u00f3n MONO y EST\u00c9REO, dise\u00f1o de crossover optimizado con control de frecuencia HI-CUT y LO-CUT, amplificador de clase alta de 150W con alto margen de maniobra con limitador preciso de pinza, SPL m\u00e1ximo: 110 dB, respuesta de frecuencia: 40 Hz &#8211; 150 Hz, dimensiones: 330 x 365 x 365 mm, peso: 15.3 kg.&hellip; <a class=\"kt-excerpt-readmore more-link\" href=\"https:\/\/www.mexicanguitarplayers.com\/en\/tienda\/audio\/bafles-y-bocinas\/bafles\/bafles-activos\/bafle-eikon-monitor-mod-ek10sw\/\">Read more<\/a><\/p>","protected":false},"featured_media":42359,"comment_status":"open","ping_status":"closed","template":"","meta":{"kt_blocks_editor_width":""},"pwb-brand":[239],"product_brand":[],"product_cat":[213,222,472,221],"product_tag":[],"class_list":{"0":"post-42365","1":"product","2":"type-product","3":"status-publish","4":"has-post-thumbnail","6":"pwb-brand-eikon","7":"product_cat-audio","8":"product_cat-bafles","9":"product_cat-bafles-activos","10":"product_cat-bafles-y-bocinas","11":"product_shipping_class-0-5-kg","13":"first","14":"outofstock","15":"taxable","16":"shipping-taxable","17":"purchasable","18":"product-type-simple"},"yoast_head":"<!-- This site is optimized with the Yoast SEO plugin v27.5 - https:\/\/yoast.com\/product\/yoast-seo-wordpress\/ -->\n<title>BAFLE EIKON MONITOR MOD. EK10SW - Mexican Guitar Players<\/title>\n<meta name=\"description\" content=\"Monitor activo subwoofer vented, woofer de 10\u201d pulgadas de larga excursi\u00f3n con cono PP con respuesta muy extendida, puerto de sintonizaci\u00f3n frontal calculado con precisi\u00f3n para una mayor extensi\u00f3n de frecuencia, entradas, salidas y conectores link est\u00e9reo balanceados para operaci\u00f3n MONO y EST\u00c9REO, dise\u00f1o de crossover optimizado con control de frecuencia HI-CUT y LO-CUT, amplificador de clase alta de 150W con alto margen de maniobra con limitador preciso de pinza, SPL m\u00e1ximo: 110 dB, respuesta de frecuencia: 40 Hz - 150 Hz, dimensiones: 330 x 365 x 365 mm, peso: 15.3 kg.\" \/>\n<meta name=\"robots\" content=\"index, follow, max-snippet:-1, max-image-preview:large, max-video-preview:-1\" \/>\n<link rel=\"canonical\" href=\"https:\/\/www.mexicanguitarplayers.com\/en\/tienda\/sin%20categor\u00eda\/bafle-eikon-monitor-mod-ek10sw\/\" \/>\n<meta property=\"og:locale\" content=\"en_US\" \/>\n<meta property=\"og:type\" content=\"article\" \/>\n<meta property=\"og:title\" content=\"BAFLE EIKON MONITOR MOD. EK10SW - Mexican Guitar Players\" \/>\n<meta property=\"og:description\" content=\"Monitor activo subwoofer vented, woofer de 10\u201d pulgadas de larga excursi\u00f3n con cono PP con respuesta muy extendida, puerto de sintonizaci\u00f3n frontal calculado con precisi\u00f3n para una mayor extensi\u00f3n de frecuencia, entradas, salidas y conectores link est\u00e9reo balanceados para operaci\u00f3n MONO y EST\u00c9REO, dise\u00f1o de crossover optimizado con control de frecuencia HI-CUT y LO-CUT, amplificador de clase alta de 150W con alto margen de maniobra con limitador preciso de pinza, SPL m\u00e1ximo: 110 dB, respuesta de frecuencia: 40 Hz - 150 Hz, dimensiones: 330 x 365 x 365 mm, peso: 15.3 kg.\" \/>\n<meta property=\"og:url\" content=\"https:\/\/www.mexicanguitarplayers.com\/en\/tienda\/sin categor\u00eda\/bafle-eikon-monitor-mod-ek10sw\/\" \/>\n<meta property=\"og:site_name\" content=\"Mexican Guitar Players\" \/>\n<meta name=\"twitter:card\" content=\"summary_large_image\" \/>\n<meta name=\"twitter:label1\" content=\"Est. reading time\" \/>\n\t<meta name=\"twitter:data1\" content=\"2 minutes\" \/>\n<script type=\"application\/ld+json\" class=\"yoast-schema-graph\">{\"@context\":\"https:\\\/\\\/schema.org\",\"@graph\":[{\"@type\":[\"WebPage\",\"ItemPage\"],\"@id\":\"https:\\\/\\\/www.mexicanguitarplayers.com\\\/tienda\\\/sin categor\u00eda\\\/bafle-eikon-monitor-mod-ek10sw\\\/\",\"url\":\"https:\\\/\\\/www.mexicanguitarplayers.com\\\/tienda\\\/sin categor\u00eda\\\/bafle-eikon-monitor-mod-ek10sw\\\/\",\"name\":\"BAFLE EIKON MONITOR MOD. EK10SW - Mexican Guitar Players\",\"isPartOf\":{\"@id\":\"https:\\\/\\\/www.mexicanguitarplayers.com\\\/#website\"},\"primaryImageOfPage\":{\"@id\":\"https:\\\/\\\/www.mexicanguitarplayers.com\\\/tienda\\\/sin categor\u00eda\\\/bafle-eikon-monitor-mod-ek10sw\\\/#primaryimage\"},\"image\":{\"@id\":\"https:\\\/\\\/www.mexicanguitarplayers.com\\\/tienda\\\/sin categor\u00eda\\\/bafle-eikon-monitor-mod-ek10sw\\\/#primaryimage\"},\"thumbnailUrl\":\"https:\\\/\\\/www.mexicanguitarplayers.com\\\/wp-content\\\/uploads\\\/2025\\\/04\\\/IAEIOEK10SW.jpg\",\"datePublished\":\"2025-04-09T15:15:34+00:00\",\"description\":\"Monitor activo subwoofer vented, woofer de 10\u201d pulgadas de larga excursi\u00f3n con cono PP con respuesta muy extendida, puerto de sintonizaci\u00f3n frontal calculado con precisi\u00f3n para una mayor extensi\u00f3n de frecuencia, entradas, salidas y conectores link est\u00e9reo balanceados para operaci\u00f3n MONO y EST\u00c9REO, dise\u00f1o de crossover optimizado con control de frecuencia HI-CUT y LO-CUT, amplificador de clase alta de 150W con alto margen de maniobra con limitador preciso de pinza, SPL m\u00e1ximo: 110 dB, respuesta de frecuencia: 40 Hz - 150 Hz, dimensiones: 330 x 365 x 365 mm, peso: 15.3 kg.\",\"breadcrumb\":{\"@id\":\"https:\\\/\\\/www.mexicanguitarplayers.com\\\/tienda\\\/sin categor\u00eda\\\/bafle-eikon-monitor-mod-ek10sw\\\/#breadcrumb\"},\"inLanguage\":\"en-US\",\"potentialAction\":[{\"@type\":\"ReadAction\",\"target\":[\"https:\\\/\\\/www.mexicanguitarplayers.com\\\/tienda\\\/sin categor\u00eda\\\/bafle-eikon-monitor-mod-ek10sw\\\/\"]}]},{\"@type\":\"ImageObject\",\"inLanguage\":\"en-US\",\"@id\":\"https:\\\/\\\/www.mexicanguitarplayers.com\\\/tienda\\\/sin categor\u00eda\\\/bafle-eikon-monitor-mod-ek10sw\\\/#primaryimage\",\"url\":\"https:\\\/\\\/www.mexicanguitarplayers.com\\\/wp-content\\\/uploads\\\/2025\\\/04\\\/IAEIOEK10SW.jpg\",\"contentUrl\":\"https:\\\/\\\/www.mexicanguitarplayers.com\\\/wp-content\\\/uploads\\\/2025\\\/04\\\/IAEIOEK10SW.jpg\",\"width\":1200,\"height\":1200},{\"@type\":\"BreadcrumbList\",\"@id\":\"https:\\\/\\\/www.mexicanguitarplayers.com\\\/tienda\\\/sin categor\u00eda\\\/bafle-eikon-monitor-mod-ek10sw\\\/#breadcrumb\",\"itemListElement\":[{\"@type\":\"ListItem\",\"position\":1,\"name\":\"Portada\",\"item\":\"https:\\\/\\\/www.mexicanguitarplayers.com\\\/\"},{\"@type\":\"ListItem\",\"position\":2,\"name\":\"Tienda\",\"item\":\"https:\\\/\\\/www.mexicanguitarplayers.com\\\/tienda\\\/\"},{\"@type\":\"ListItem\",\"position\":3,\"name\":\"BAFLE EIKON MONITOR MOD. EK10SW\"}]},{\"@type\":\"WebSite\",\"@id\":\"https:\\\/\\\/www.mexicanguitarplayers.com\\\/#website\",\"url\":\"https:\\\/\\\/www.mexicanguitarplayers.com\\\/\",\"name\":\"Mexican Guitar Players\",\"description\":\"Website\",\"publisher\":{\"@id\":\"https:\\\/\\\/www.mexicanguitarplayers.com\\\/#organization\"},\"potentialAction\":[{\"@type\":\"SearchAction\",\"target\":{\"@type\":\"EntryPoint\",\"urlTemplate\":\"https:\\\/\\\/www.mexicanguitarplayers.com\\\/?s={search_term_string}\"},\"query-input\":{\"@type\":\"PropertyValueSpecification\",\"valueRequired\":true,\"valueName\":\"search_term_string\"}}],\"inLanguage\":\"en-US\"},{\"@type\":\"Organization\",\"@id\":\"https:\\\/\\\/www.mexicanguitarplayers.com\\\/#organization\",\"name\":\"Mexican Guitar Players\",\"url\":\"https:\\\/\\\/www.mexicanguitarplayers.com\\\/\",\"logo\":{\"@type\":\"ImageObject\",\"inLanguage\":\"en-US\",\"@id\":\"https:\\\/\\\/www.mexicanguitarplayers.com\\\/#\\\/schema\\\/logo\\\/image\\\/\",\"url\":\"\",\"contentUrl\":\"\",\"caption\":\"Mexican Guitar Players\"},\"image\":{\"@id\":\"https:\\\/\\\/www.mexicanguitarplayers.com\\\/#\\\/schema\\\/logo\\\/image\\\/\"}}]}<\/script>\n<!-- \/ Yoast SEO plugin. -->","yoast_head_json":{"title":"BAFLE EIKON MONITOR MOD. EK10SW - Mexican Guitar Players","description":"Monitor activo subwoofer vented, woofer de 10\u201d pulgadas de larga excursi\u00f3n con cono PP con respuesta muy extendida, puerto de sintonizaci\u00f3n frontal calculado con precisi\u00f3n para una mayor extensi\u00f3n de frecuencia, entradas, salidas y conectores link est\u00e9reo balanceados para operaci\u00f3n MONO y EST\u00c9REO, dise\u00f1o de crossover optimizado con control de frecuencia HI-CUT y LO-CUT, amplificador de clase alta de 150W con alto margen de maniobra con limitador preciso de pinza, SPL m\u00e1ximo: 110 dB, respuesta de frecuencia: 40 Hz - 150 Hz, dimensiones: 330 x 365 x 365 mm, peso: 15.3 kg.","robots":{"index":"index","follow":"follow","max-snippet":"max-snippet:-1","max-image-preview":"max-image-preview:large","max-video-preview":"max-video-preview:-1"},"canonical":"https:\/\/www.mexicanguitarplayers.com\/en\/tienda\/sin categor\u00eda\/bafle-eikon-monitor-mod-ek10sw\/","og_locale":"en_US","og_type":"article","og_title":"BAFLE EIKON MONITOR MOD. EK10SW - Mexican Guitar Players","og_description":"Monitor activo subwoofer vented, woofer de 10\u201d pulgadas de larga excursi\u00f3n con cono PP con respuesta muy extendida, puerto de sintonizaci\u00f3n frontal calculado con precisi\u00f3n para una mayor extensi\u00f3n de frecuencia, entradas, salidas y conectores link est\u00e9reo balanceados para operaci\u00f3n MONO y EST\u00c9REO, dise\u00f1o de crossover optimizado con control de frecuencia HI-CUT y LO-CUT, amplificador de clase alta de 150W con alto margen de maniobra con limitador preciso de pinza, SPL m\u00e1ximo: 110 dB, respuesta de frecuencia: 40 Hz - 150 Hz, dimensiones: 330 x 365 x 365 mm, peso: 15.3 kg.","og_url":"https:\/\/www.mexicanguitarplayers.com\/en\/tienda\/sin categor\u00eda\/bafle-eikon-monitor-mod-ek10sw\/","og_site_name":"Mexican Guitar Players","twitter_card":"summary_large_image","twitter_misc":{"Est. reading time":"2 minutes"},"schema":{"@context":"https:\/\/schema.org","@graph":[{"@type":["WebPage","ItemPage"],"@id":"https:\/\/www.mexicanguitarplayers.com\/tienda\/sin categor\u00eda\/bafle-eikon-monitor-mod-ek10sw\/","url":"https:\/\/www.mexicanguitarplayers.com\/tienda\/sin categor\u00eda\/bafle-eikon-monitor-mod-ek10sw\/","name":"BAFLE EIKON MONITOR MOD. EK10SW - Mexican Guitar Players","isPartOf":{"@id":"https:\/\/www.mexicanguitarplayers.com\/#website"},"primaryImageOfPage":{"@id":"https:\/\/www.mexicanguitarplayers.com\/tienda\/sin categor\u00eda\/bafle-eikon-monitor-mod-ek10sw\/#primaryimage"},"image":{"@id":"https:\/\/www.mexicanguitarplayers.com\/tienda\/sin categor\u00eda\/bafle-eikon-monitor-mod-ek10sw\/#primaryimage"},"thumbnailUrl":"https:\/\/www.mexicanguitarplayers.com\/wp-content\/uploads\/2025\/04\/IAEIOEK10SW.jpg","datePublished":"2025-04-09T15:15:34+00:00","description":"Monitor activo subwoofer vented, woofer de 10\u201d pulgadas de larga excursi\u00f3n con cono PP con respuesta muy extendida, puerto de sintonizaci\u00f3n frontal calculado con precisi\u00f3n para una mayor extensi\u00f3n de frecuencia, entradas, salidas y conectores link est\u00e9reo balanceados para operaci\u00f3n MONO y EST\u00c9REO, dise\u00f1o de crossover optimizado con control de frecuencia HI-CUT y LO-CUT, amplificador de clase alta de 150W con alto margen de maniobra con limitador preciso de pinza, SPL m\u00e1ximo: 110 dB, respuesta de frecuencia: 40 Hz - 150 Hz, dimensiones: 330 x 365 x 365 mm, peso: 15.3 kg.","breadcrumb":{"@id":"https:\/\/www.mexicanguitarplayers.com\/tienda\/sin categor\u00eda\/bafle-eikon-monitor-mod-ek10sw\/#breadcrumb"},"inLanguage":"en-US","potentialAction":[{"@type":"ReadAction","target":["https:\/\/www.mexicanguitarplayers.com\/tienda\/sin categor\u00eda\/bafle-eikon-monitor-mod-ek10sw\/"]}]},{"@type":"ImageObject","inLanguage":"en-US","@id":"https:\/\/www.mexicanguitarplayers.com\/tienda\/sin categor\u00eda\/bafle-eikon-monitor-mod-ek10sw\/#primaryimage","url":"https:\/\/www.mexicanguitarplayers.com\/wp-content\/uploads\/2025\/04\/IAEIOEK10SW.jpg","contentUrl":"https:\/\/www.mexicanguitarplayers.com\/wp-content\/uploads\/2025\/04\/IAEIOEK10SW.jpg","width":1200,"height":1200},{"@type":"BreadcrumbList","@id":"https:\/\/www.mexicanguitarplayers.com\/tienda\/sin categor\u00eda\/bafle-eikon-monitor-mod-ek10sw\/#breadcrumb","itemListElement":[{"@type":"ListItem","position":1,"name":"Portada","item":"https:\/\/www.mexicanguitarplayers.com\/"},{"@type":"ListItem","position":2,"name":"Tienda","item":"https:\/\/www.mexicanguitarplayers.com\/tienda\/"},{"@type":"ListItem","position":3,"name":"BAFLE EIKON MONITOR MOD. EK10SW"}]},{"@type":"WebSite","@id":"https:\/\/www.mexicanguitarplayers.com\/#website","url":"https:\/\/www.mexicanguitarplayers.com\/","name":"Mexican Guitar Players","description":"Website","publisher":{"@id":"https:\/\/www.mexicanguitarplayers.com\/#organization"},"potentialAction":[{"@type":"SearchAction","target":{"@type":"EntryPoint","urlTemplate":"https:\/\/www.mexicanguitarplayers.com\/?s={search_term_string}"},"query-input":{"@type":"PropertyValueSpecification","valueRequired":true,"valueName":"search_term_string"}}],"inLanguage":"en-US"},{"@type":"Organization","@id":"https:\/\/www.mexicanguitarplayers.com\/#organization","name":"Mexican Guitar Players","url":"https:\/\/www.mexicanguitarplayers.com\/","logo":{"@type":"ImageObject","inLanguage":"en-US","@id":"https:\/\/www.mexicanguitarplayers.com\/#\/schema\/logo\/image\/","url":"","contentUrl":"","caption":"Mexican Guitar Players"},"image":{"@id":"https:\/\/www.mexicanguitarplayers.com\/#\/schema\/logo\/image\/"}}]}},"brands":[{"id":239,"name":"EIKON","slug":"eikon"}],"_links":{"self":[{"href":"https:\/\/www.mexicanguitarplayers.com\/en\/wp-json\/wp\/v2\/product\/42365","targetHints":{"allow":["GET"]}}],"collection":[{"href":"https:\/\/www.mexicanguitarplayers.com\/en\/wp-json\/wp\/v2\/product"}],"about":[{"href":"https:\/\/www.mexicanguitarplayers.com\/en\/wp-json\/wp\/v2\/types\/product"}],"replies":[{"embeddable":true,"href":"https:\/\/www.mexicanguitarplayers.com\/en\/wp-json\/wp\/v2\/comments?post=42365"}],"wp:featuredmedia":[{"embeddable":true,"href":"https:\/\/www.mexicanguitarplayers.com\/en\/wp-json\/wp\/v2\/media\/42359"}],"wp:attachment":[{"href":"https:\/\/www.mexicanguitarplayers.com\/en\/wp-json\/wp\/v2\/media?parent=42365"}],"wp:term":[{"taxonomy":"pwb-brand","embeddable":true,"href":"https:\/\/www.mexicanguitarplayers.com\/en\/wp-json\/wp\/v2\/pwb-brand?post=42365"},{"taxonomy":"product_brand","embeddable":true,"href":"https:\/\/www.mexicanguitarplayers.com\/en\/wp-json\/wp\/v2\/product_brand?post=42365"},{"taxonomy":"product_cat","embeddable":true,"href":"https:\/\/www.mexicanguitarplayers.com\/en\/wp-json\/wp\/v2\/product_cat?post=42365"},{"taxonomy":"product_tag","embeddable":true,"href":"https:\/\/www.mexicanguitarplayers.com\/en\/wp-json\/wp\/v2\/product_tag?post=42365"}],"curies":[{"name":"wp","href":"https:\/\/api.w.org\/{rel}","templated":true}]}}