{"id":42379,"date":"2025-04-09T09:15:54","date_gmt":"2025-04-09T15:15:54","guid":{"rendered":"https:\/\/www.mexicanguitarplayers.com\/tienda\/sin categor\u00eda\/microfono-behringer-mod-bu5\/"},"modified":"2026-05-14T22:15:04","modified_gmt":"2026-05-15T04:15:04","slug":"microfono-behringer-mod-bu5","status":"publish","type":"product","link":"https:\/\/www.mexicanguitarplayers.com\/en\/tienda\/audio\/microfonia\/microfonos-alambricos\/de-escritorio\/microfono-behringer-mod-bu5\/","title":{"rendered":"MICROFONO BEHRINGER MOD. BU5"},"content":{"rendered":"<div style=\"text-align: justify\">\n<div>\n<h3>MICROFONO BEHRINGER MOD. BU5<\/h3>\n<\/div>\n<div>\u00a1El micr\u00f3fono USB BU5 es una excelente herramienta para la configuraci\u00f3n de una oficina en casa! Con su dise\u00f1o discreto y de bajo perfil, el BU5 es una excelente opci\u00f3n para llamadas VoIP y conferencias claras. El BU5 ofrece un rendimiento de alta calidad incre\u00edble y es lo suficientemente resistente para resistir el paso del tiempo con su dise\u00f1o de cuello largo inclinable de alta calidad y ultraligero.<\/div>\n<div>\n<h4>Characteristics<\/h4>\n<\/div>\n<div>\n<ul style=\"margin: 0px 0px 0px 25px\">\n<li style=\"list-style-type: circle;margin: 5px\">Tipo de transductor<\/li>\n<li style=\"list-style-type: circle;margin: 5px\">Tama\u00f1o del diafragma<\/li>\n<li style=\"list-style-type: circle;margin: 5px\">patr\u00f3n polar<\/li>\n<li style=\"list-style-type: circle;margin: 5px\">Rango de frecuencia<\/li>\n<li style=\"list-style-type: circle;margin: 5px\">SPL de entrada m\u00e1ximo<\/li>\n<li style=\"list-style-type: circle;margin: 5px\">Resoluci\u00f3n<\/li>\n<li style=\"list-style-type: circle;margin: 5px\">Sensibilidad<\/li>\n<li style=\"list-style-type: circle;margin: 5px\">Salida de auriculares<\/li>\n<li style=\"list-style-type: circle;margin: 5px\">relaci\u00f3n se\u00f1al\/ruido<\/li>\n<li style=\"list-style-type: circle;margin: 5px\">Interfaz<\/li>\n<\/ul>\n<\/div>\n<\/div>","protected":false},"excerpt":{"rendered":"<p>El micr\u00f3fono USB BU5 es una opci\u00f3n profesional y vers\u00e1til para llamadas VoIP claras y conferencias. Su dise\u00f1o discreto y de bajo perfil se integra perfectamente en tu entorno de oficina en casa. La c\u00e1psula con cancelaci\u00f3n de ruido elimina el ruido de fondo, mientras que el patr\u00f3n direccional aumenta el aislamiento de la voz y minimiza la reverberaci\u00f3n de la habitaci\u00f3n. Es plug-and-play para una configuraci\u00f3n f\u00e1cil en tu computadora de escritorio, laptop y otros dispositivos de audio con USB. Adem\u00e1s, cuenta con monitorizaci\u00f3n directa de latencia cero a trav\u00e9s de la salida de auriculares, un interruptor de encendido \/ apagado f\u00e1cil de usar con indicador LED de alimentaci\u00f3n, un tr\u00edpode con cuello inclinable para una f\u00e1cil colocaci\u00f3n, y se incluyen paravientos de alta calidad de piel y espuma, as\u00ed como un cable USB blindado de 2 metros.&hellip; <a class=\"kt-excerpt-readmore more-link\" href=\"https:\/\/www.mexicanguitarplayers.com\/en\/tienda\/audio\/microfonia\/microfonos-alambricos\/de-escritorio\/microfono-behringer-mod-bu5\/\">Read more<\/a><\/p>","protected":false},"featured_media":42371,"comment_status":"open","ping_status":"closed","template":"","meta":{"kt_blocks_editor_width":""},"pwb-brand":[171],"product_brand":[],"product_cat":[213,217,214,215],"product_tag":[],"class_list":{"0":"post-42379","1":"product","2":"type-product","3":"status-publish","4":"has-post-thumbnail","6":"pwb-brand-behringer","7":"product_cat-audio","8":"product_cat-de-escritorio","9":"product_cat-microfonia","10":"product_cat-microfonos-alambricos","11":"product_shipping_class-0-5-kg","13":"first","14":"outofstock","15":"taxable","16":"shipping-taxable","17":"purchasable","18":"product-type-simple"},"yoast_head":"<!-- This site is optimized with the Yoast SEO plugin v27.6 - https:\/\/yoast.com\/product\/yoast-seo-wordpress\/ -->\n<title>MICROFONO BEHRINGER MOD. BU5 - Mexican Guitar Players<\/title>\n<meta name=\"description\" content=\"El micr\u00f3fono USB BU5 es una opci\u00f3n profesional y vers\u00e1til para llamadas VoIP claras y conferencias. Su dise\u00f1o discreto y de bajo perfil se integra perfectamente en tu entorno de oficina en casa. La c\u00e1psula con cancelaci\u00f3n de ruido elimina el ruido de fondo, mientras que el patr\u00f3n direccional aumenta el aislamiento de la voz y minimiza la reverberaci\u00f3n de la habitaci\u00f3n. Es plug-and-play para una configuraci\u00f3n f\u00e1cil en tu computadora de escritorio, laptop y otros dispositivos de audio con USB. Adem\u00e1s, cuenta con monitorizaci\u00f3n directa de latencia cero a trav\u00e9s de la salida de auriculares, un interruptor de encendido \/ apagado f\u00e1cil de usar con indicador LED de alimentaci\u00f3n, un tr\u00edpode con cuello inclinable para una f\u00e1cil colocaci\u00f3n, y se incluyen paravientos de alta calidad de piel y espuma, as\u00ed como un cable USB blindado de 2 metros.\" \/>\n<meta name=\"robots\" content=\"index, follow, max-snippet:-1, max-image-preview:large, max-video-preview:-1\" \/>\n<link rel=\"canonical\" href=\"https:\/\/www.mexicanguitarplayers.com\/en\/tienda\/sin%20categor\u00eda\/microfono-behringer-mod-bu5\/\" \/>\n<meta property=\"og:locale\" content=\"en_US\" \/>\n<meta property=\"og:type\" content=\"article\" \/>\n<meta property=\"og:title\" content=\"MICROFONO BEHRINGER MOD. BU5 - Mexican Guitar Players\" \/>\n<meta property=\"og:description\" content=\"El micr\u00f3fono USB BU5 es una opci\u00f3n profesional y vers\u00e1til para llamadas VoIP claras y conferencias. Su dise\u00f1o discreto y de bajo perfil se integra perfectamente en tu entorno de oficina en casa. La c\u00e1psula con cancelaci\u00f3n de ruido elimina el ruido de fondo, mientras que el patr\u00f3n direccional aumenta el aislamiento de la voz y minimiza la reverberaci\u00f3n de la habitaci\u00f3n. Es plug-and-play para una configuraci\u00f3n f\u00e1cil en tu computadora de escritorio, laptop y otros dispositivos de audio con USB. Adem\u00e1s, cuenta con monitorizaci\u00f3n directa de latencia cero a trav\u00e9s de la salida de auriculares, un interruptor de encendido \/ apagado f\u00e1cil de usar con indicador LED de alimentaci\u00f3n, un tr\u00edpode con cuello inclinable para una f\u00e1cil colocaci\u00f3n, y se incluyen paravientos de alta calidad de piel y espuma, as\u00ed como un cable USB blindado de 2 metros.\" \/>\n<meta property=\"og:url\" content=\"https:\/\/www.mexicanguitarplayers.com\/en\/tienda\/sin categor\u00eda\/microfono-behringer-mod-bu5\/\" \/>\n<meta property=\"og:site_name\" content=\"Mexican Guitar Players\" \/>\n<meta property=\"article:modified_time\" content=\"2026-05-15T04:15:04+00:00\" \/>\n<meta name=\"twitter:card\" content=\"summary_large_image\" \/>\n<script type=\"application\/ld+json\" class=\"yoast-schema-graph\">{\"@context\":\"https:\\\/\\\/schema.org\",\"@graph\":[{\"@type\":[\"WebPage\",\"ItemPage\"],\"@id\":\"https:\\\/\\\/www.mexicanguitarplayers.com\\\/tienda\\\/sin categor\u00eda\\\/microfono-behringer-mod-bu5\\\/\",\"url\":\"https:\\\/\\\/www.mexicanguitarplayers.com\\\/tienda\\\/sin categor\u00eda\\\/microfono-behringer-mod-bu5\\\/\",\"name\":\"MICROFONO BEHRINGER MOD. BU5 - Mexican Guitar Players\",\"isPartOf\":{\"@id\":\"https:\\\/\\\/www.mexicanguitarplayers.com\\\/#website\"},\"primaryImageOfPage\":{\"@id\":\"https:\\\/\\\/www.mexicanguitarplayers.com\\\/tienda\\\/sin categor\u00eda\\\/microfono-behringer-mod-bu5\\\/#primaryimage\"},\"image\":{\"@id\":\"https:\\\/\\\/www.mexicanguitarplayers.com\\\/tienda\\\/sin categor\u00eda\\\/microfono-behringer-mod-bu5\\\/#primaryimage\"},\"thumbnailUrl\":\"https:\\\/\\\/www.mexicanguitarplayers.com\\\/wp-content\\\/uploads\\\/2025\\\/04\\\/IABEHBU5.jpg\",\"datePublished\":\"2025-04-09T15:15:54+00:00\",\"dateModified\":\"2026-05-15T04:15:04+00:00\",\"description\":\"El micr\u00f3fono USB BU5 es una opci\u00f3n profesional y vers\u00e1til para llamadas VoIP claras y conferencias. Su dise\u00f1o discreto y de bajo perfil se integra perfectamente en tu entorno de oficina en casa. La c\u00e1psula con cancelaci\u00f3n de ruido elimina el ruido de fondo, mientras que el patr\u00f3n direccional aumenta el aislamiento de la voz y minimiza la reverberaci\u00f3n de la habitaci\u00f3n. Es plug-and-play para una configuraci\u00f3n f\u00e1cil en tu computadora de escritorio, laptop y otros dispositivos de audio con USB. Adem\u00e1s, cuenta con monitorizaci\u00f3n directa de latencia cero a trav\u00e9s de la salida de auriculares, un interruptor de encendido \\\/ apagado f\u00e1cil de usar con indicador LED de alimentaci\u00f3n, un tr\u00edpode con cuello inclinable para una f\u00e1cil colocaci\u00f3n, y se incluyen paravientos de alta calidad de piel y espuma, as\u00ed como un cable USB blindado de 2 metros.\",\"breadcrumb\":{\"@id\":\"https:\\\/\\\/www.mexicanguitarplayers.com\\\/tienda\\\/sin categor\u00eda\\\/microfono-behringer-mod-bu5\\\/#breadcrumb\"},\"inLanguage\":\"en-US\",\"potentialAction\":[{\"@type\":\"ReadAction\",\"target\":[\"https:\\\/\\\/www.mexicanguitarplayers.com\\\/tienda\\\/sin categor\u00eda\\\/microfono-behringer-mod-bu5\\\/\"]}]},{\"@type\":\"ImageObject\",\"inLanguage\":\"en-US\",\"@id\":\"https:\\\/\\\/www.mexicanguitarplayers.com\\\/tienda\\\/sin categor\u00eda\\\/microfono-behringer-mod-bu5\\\/#primaryimage\",\"url\":\"https:\\\/\\\/www.mexicanguitarplayers.com\\\/wp-content\\\/uploads\\\/2025\\\/04\\\/IABEHBU5.jpg\",\"contentUrl\":\"https:\\\/\\\/www.mexicanguitarplayers.com\\\/wp-content\\\/uploads\\\/2025\\\/04\\\/IABEHBU5.jpg\",\"width\":1200,\"height\":1200},{\"@type\":\"BreadcrumbList\",\"@id\":\"https:\\\/\\\/www.mexicanguitarplayers.com\\\/tienda\\\/sin categor\u00eda\\\/microfono-behringer-mod-bu5\\\/#breadcrumb\",\"itemListElement\":[{\"@type\":\"ListItem\",\"position\":1,\"name\":\"Portada\",\"item\":\"https:\\\/\\\/www.mexicanguitarplayers.com\\\/\"},{\"@type\":\"ListItem\",\"position\":2,\"name\":\"Tienda\",\"item\":\"https:\\\/\\\/www.mexicanguitarplayers.com\\\/tienda\\\/\"},{\"@type\":\"ListItem\",\"position\":3,\"name\":\"MICROFONO BEHRINGER MOD. BU5\"}]},{\"@type\":\"WebSite\",\"@id\":\"https:\\\/\\\/www.mexicanguitarplayers.com\\\/#website\",\"url\":\"https:\\\/\\\/www.mexicanguitarplayers.com\\\/\",\"name\":\"Mexican Guitar Players\",\"description\":\"Website\",\"publisher\":{\"@id\":\"https:\\\/\\\/www.mexicanguitarplayers.com\\\/#organization\"},\"potentialAction\":[{\"@type\":\"SearchAction\",\"target\":{\"@type\":\"EntryPoint\",\"urlTemplate\":\"https:\\\/\\\/www.mexicanguitarplayers.com\\\/?s={search_term_string}\"},\"query-input\":{\"@type\":\"PropertyValueSpecification\",\"valueRequired\":true,\"valueName\":\"search_term_string\"}}],\"inLanguage\":\"en-US\"},{\"@type\":\"Organization\",\"@id\":\"https:\\\/\\\/www.mexicanguitarplayers.com\\\/#organization\",\"name\":\"Mexican Guitar Players\",\"url\":\"https:\\\/\\\/www.mexicanguitarplayers.com\\\/\",\"logo\":{\"@type\":\"ImageObject\",\"inLanguage\":\"en-US\",\"@id\":\"https:\\\/\\\/www.mexicanguitarplayers.com\\\/#\\\/schema\\\/logo\\\/image\\\/\",\"url\":\"\",\"contentUrl\":\"\",\"caption\":\"Mexican Guitar Players\"},\"image\":{\"@id\":\"https:\\\/\\\/www.mexicanguitarplayers.com\\\/#\\\/schema\\\/logo\\\/image\\\/\"}}]}<\/script>\n<!-- \/ Yoast SEO plugin. -->","yoast_head_json":{"title":"MICROFONO BEHRINGER MOD. BU5 - Mexican Guitar Players","description":"El micr\u00f3fono USB BU5 es una opci\u00f3n profesional y vers\u00e1til para llamadas VoIP claras y conferencias. Su dise\u00f1o discreto y de bajo perfil se integra perfectamente en tu entorno de oficina en casa. La c\u00e1psula con cancelaci\u00f3n de ruido elimina el ruido de fondo, mientras que el patr\u00f3n direccional aumenta el aislamiento de la voz y minimiza la reverberaci\u00f3n de la habitaci\u00f3n. Es plug-and-play para una configuraci\u00f3n f\u00e1cil en tu computadora de escritorio, laptop y otros dispositivos de audio con USB. Adem\u00e1s, cuenta con monitorizaci\u00f3n directa de latencia cero a trav\u00e9s de la salida de auriculares, un interruptor de encendido \/ apagado f\u00e1cil de usar con indicador LED de alimentaci\u00f3n, un tr\u00edpode con cuello inclinable para una f\u00e1cil colocaci\u00f3n, y se incluyen paravientos de alta calidad de piel y espuma, as\u00ed como un cable USB blindado de 2 metros.","robots":{"index":"index","follow":"follow","max-snippet":"max-snippet:-1","max-image-preview":"max-image-preview:large","max-video-preview":"max-video-preview:-1"},"canonical":"https:\/\/www.mexicanguitarplayers.com\/en\/tienda\/sin categor\u00eda\/microfono-behringer-mod-bu5\/","og_locale":"en_US","og_type":"article","og_title":"MICROFONO BEHRINGER MOD. BU5 - Mexican Guitar Players","og_description":"El micr\u00f3fono USB BU5 es una opci\u00f3n profesional y vers\u00e1til para llamadas VoIP claras y conferencias. Su dise\u00f1o discreto y de bajo perfil se integra perfectamente en tu entorno de oficina en casa. La c\u00e1psula con cancelaci\u00f3n de ruido elimina el ruido de fondo, mientras que el patr\u00f3n direccional aumenta el aislamiento de la voz y minimiza la reverberaci\u00f3n de la habitaci\u00f3n. Es plug-and-play para una configuraci\u00f3n f\u00e1cil en tu computadora de escritorio, laptop y otros dispositivos de audio con USB. Adem\u00e1s, cuenta con monitorizaci\u00f3n directa de latencia cero a trav\u00e9s de la salida de auriculares, un interruptor de encendido \/ apagado f\u00e1cil de usar con indicador LED de alimentaci\u00f3n, un tr\u00edpode con cuello inclinable para una f\u00e1cil colocaci\u00f3n, y se incluyen paravientos de alta calidad de piel y espuma, as\u00ed como un cable USB blindado de 2 metros.","og_url":"https:\/\/www.mexicanguitarplayers.com\/en\/tienda\/sin categor\u00eda\/microfono-behringer-mod-bu5\/","og_site_name":"Mexican Guitar Players","article_modified_time":"2026-05-15T04:15:04+00:00","twitter_card":"summary_large_image","schema":{"@context":"https:\/\/schema.org","@graph":[{"@type":["WebPage","ItemPage"],"@id":"https:\/\/www.mexicanguitarplayers.com\/tienda\/sin categor\u00eda\/microfono-behringer-mod-bu5\/","url":"https:\/\/www.mexicanguitarplayers.com\/tienda\/sin categor\u00eda\/microfono-behringer-mod-bu5\/","name":"MICROFONO BEHRINGER MOD. BU5 - Mexican Guitar Players","isPartOf":{"@id":"https:\/\/www.mexicanguitarplayers.com\/#website"},"primaryImageOfPage":{"@id":"https:\/\/www.mexicanguitarplayers.com\/tienda\/sin categor\u00eda\/microfono-behringer-mod-bu5\/#primaryimage"},"image":{"@id":"https:\/\/www.mexicanguitarplayers.com\/tienda\/sin categor\u00eda\/microfono-behringer-mod-bu5\/#primaryimage"},"thumbnailUrl":"https:\/\/www.mexicanguitarplayers.com\/wp-content\/uploads\/2025\/04\/IABEHBU5.jpg","datePublished":"2025-04-09T15:15:54+00:00","dateModified":"2026-05-15T04:15:04+00:00","description":"El micr\u00f3fono USB BU5 es una opci\u00f3n profesional y vers\u00e1til para llamadas VoIP claras y conferencias. Su dise\u00f1o discreto y de bajo perfil se integra perfectamente en tu entorno de oficina en casa. La c\u00e1psula con cancelaci\u00f3n de ruido elimina el ruido de fondo, mientras que el patr\u00f3n direccional aumenta el aislamiento de la voz y minimiza la reverberaci\u00f3n de la habitaci\u00f3n. Es plug-and-play para una configuraci\u00f3n f\u00e1cil en tu computadora de escritorio, laptop y otros dispositivos de audio con USB. Adem\u00e1s, cuenta con monitorizaci\u00f3n directa de latencia cero a trav\u00e9s de la salida de auriculares, un interruptor de encendido \/ apagado f\u00e1cil de usar con indicador LED de alimentaci\u00f3n, un tr\u00edpode con cuello inclinable para una f\u00e1cil colocaci\u00f3n, y se incluyen paravientos de alta calidad de piel y espuma, as\u00ed como un cable USB blindado de 2 metros.","breadcrumb":{"@id":"https:\/\/www.mexicanguitarplayers.com\/tienda\/sin categor\u00eda\/microfono-behringer-mod-bu5\/#breadcrumb"},"inLanguage":"en-US","potentialAction":[{"@type":"ReadAction","target":["https:\/\/www.mexicanguitarplayers.com\/tienda\/sin categor\u00eda\/microfono-behringer-mod-bu5\/"]}]},{"@type":"ImageObject","inLanguage":"en-US","@id":"https:\/\/www.mexicanguitarplayers.com\/tienda\/sin categor\u00eda\/microfono-behringer-mod-bu5\/#primaryimage","url":"https:\/\/www.mexicanguitarplayers.com\/wp-content\/uploads\/2025\/04\/IABEHBU5.jpg","contentUrl":"https:\/\/www.mexicanguitarplayers.com\/wp-content\/uploads\/2025\/04\/IABEHBU5.jpg","width":1200,"height":1200},{"@type":"BreadcrumbList","@id":"https:\/\/www.mexicanguitarplayers.com\/tienda\/sin categor\u00eda\/microfono-behringer-mod-bu5\/#breadcrumb","itemListElement":[{"@type":"ListItem","position":1,"name":"Portada","item":"https:\/\/www.mexicanguitarplayers.com\/"},{"@type":"ListItem","position":2,"name":"Tienda","item":"https:\/\/www.mexicanguitarplayers.com\/tienda\/"},{"@type":"ListItem","position":3,"name":"MICROFONO BEHRINGER MOD. BU5"}]},{"@type":"WebSite","@id":"https:\/\/www.mexicanguitarplayers.com\/#website","url":"https:\/\/www.mexicanguitarplayers.com\/","name":"Mexican Guitar Players","description":"Website","publisher":{"@id":"https:\/\/www.mexicanguitarplayers.com\/#organization"},"potentialAction":[{"@type":"SearchAction","target":{"@type":"EntryPoint","urlTemplate":"https:\/\/www.mexicanguitarplayers.com\/?s={search_term_string}"},"query-input":{"@type":"PropertyValueSpecification","valueRequired":true,"valueName":"search_term_string"}}],"inLanguage":"en-US"},{"@type":"Organization","@id":"https:\/\/www.mexicanguitarplayers.com\/#organization","name":"Mexican Guitar Players","url":"https:\/\/www.mexicanguitarplayers.com\/","logo":{"@type":"ImageObject","inLanguage":"en-US","@id":"https:\/\/www.mexicanguitarplayers.com\/#\/schema\/logo\/image\/","url":"","contentUrl":"","caption":"Mexican Guitar Players"},"image":{"@id":"https:\/\/www.mexicanguitarplayers.com\/#\/schema\/logo\/image\/"}}]}},"brands":[{"id":171,"name":"BEHRINGER","slug":"behringer"}],"_links":{"self":[{"href":"https:\/\/www.mexicanguitarplayers.com\/en\/wp-json\/wp\/v2\/product\/42379","targetHints":{"allow":["GET"]}}],"collection":[{"href":"https:\/\/www.mexicanguitarplayers.com\/en\/wp-json\/wp\/v2\/product"}],"about":[{"href":"https:\/\/www.mexicanguitarplayers.com\/en\/wp-json\/wp\/v2\/types\/product"}],"replies":[{"embeddable":true,"href":"https:\/\/www.mexicanguitarplayers.com\/en\/wp-json\/wp\/v2\/comments?post=42379"}],"wp:featuredmedia":[{"embeddable":true,"href":"https:\/\/www.mexicanguitarplayers.com\/en\/wp-json\/wp\/v2\/media\/42371"}],"wp:attachment":[{"href":"https:\/\/www.mexicanguitarplayers.com\/en\/wp-json\/wp\/v2\/media?parent=42379"}],"wp:term":[{"taxonomy":"pwb-brand","embeddable":true,"href":"https:\/\/www.mexicanguitarplayers.com\/en\/wp-json\/wp\/v2\/pwb-brand?post=42379"},{"taxonomy":"product_brand","embeddable":true,"href":"https:\/\/www.mexicanguitarplayers.com\/en\/wp-json\/wp\/v2\/product_brand?post=42379"},{"taxonomy":"product_cat","embeddable":true,"href":"https:\/\/www.mexicanguitarplayers.com\/en\/wp-json\/wp\/v2\/product_cat?post=42379"},{"taxonomy":"product_tag","embeddable":true,"href":"https:\/\/www.mexicanguitarplayers.com\/en\/wp-json\/wp\/v2\/product_tag?post=42379"}],"curies":[{"name":"wp","href":"https:\/\/api.w.org\/{rel}","templated":true}]}}