{"id":42392,"date":"2025-04-09T09:16:14","date_gmt":"2025-04-09T15:16:14","guid":{"rendered":"https:\/\/www.mexicanguitarplayers.com\/tienda\/sin categor\u00eda\/baquetas-vic-firth-mod-danny-carey\/"},"modified":"2026-05-01T07:16:00","modified_gmt":"2026-05-01T13:16:00","slug":"baquetas-vic-firth-mod-danny-carey","status":"publish","type":"product","link":"https:\/\/www.mexicanguitarplayers.com\/en\/tienda\/accesorios\/para-bateria\/baquetas\/signature\/baquetas-vic-firth-mod-danny-carey\/","title":{"rendered":"BAQUETAS VIC FIRTH MOD. DANNY CAREY"},"content":{"rendered":"<div style=\"text-align: justify\">\n<div>\n<h3>Baqueta certificada y autografiada por Danny Carey<\/h3>\n<\/div>\n<div>Baquetas dise\u00f1adas por Danny Carey, m\u00fasico profesional patrocinado por Vic Firth. Esta baqueta cuenta con un dise\u00f1o balanceado en la zona de agarre para una mayor comodidad y un extremo final c\u00f3nico para mejorar el balance.<\/div>\n<div>\n<h4>Quick look<\/h4>\n<\/div>\n<ul style=\"margin: 0px 0px 0px 25px\">\n<li style=\"list-style-type: circle;margin: 5px\">Baqueta Signature de Danny Carey.<\/li>\n<\/ul>\n<div>\n<div style=\"font-weight: bold\">Baqueta Signature de Danny Carey.<\/div>\n<div>\n<p>Daniel Edwin Carey nacido en Paola, EE. UU., el 10 de mayo de 1961, es un m\u00fasico estadounidense. Forma parte de la banda de rock progresivo Tool, estando considerado como uno de los mejores bateristas actuales de rock y metal.<\/p>\n<\/div>\n<\/div>\n<div>\n<h4>Characteristics<\/h4>\n<\/div>\n<div>\n<ul style=\"margin: 0px 0px 0px 25px\">\n<li style=\"list-style-type: circle;margin: 5px\">Largo: 16 1\/2\u201d pulgadas.<\/li>\n<li style=\"list-style-type: circle;margin: 5px\">Di\u00e1metro: 0.695\u201d pulgadas.<\/li>\n<li style=\"list-style-type: circle;margin: 5px\">Punta de madera.<\/li>\n<\/ul>\n<\/div>\n<\/div>","protected":false},"excerpt":{"rendered":"<p>Baquetas signature Danny Carey, dise\u00f1o balanceado en la zona de agarre para una mayor comodidad y un extremo final c\u00f3nico para mejorar el balance, punta de madera, di\u00e1metro: 0..630\u201d pulgadas, largo: 16.5\u201d pulgadas, fabricadas en USA.&hellip; <a class=\"kt-excerpt-readmore more-link\" href=\"https:\/\/www.mexicanguitarplayers.com\/en\/tienda\/accesorios\/para-bateria\/baquetas\/signature\/baquetas-vic-firth-mod-danny-carey\/\">Read more<\/a><\/p>","protected":false},"featured_media":42390,"comment_status":"open","ping_status":"closed","template":"","meta":{"kt_blocks_editor_width":""},"pwb-brand":[643],"product_brand":[],"product_cat":[85,446,306,645],"product_tag":[],"class_list":{"0":"post-42392","1":"product","2":"type-product","3":"status-publish","4":"has-post-thumbnail","6":"pwb-brand-vic-firth","7":"product_cat-accesorios","8":"product_cat-baquetas","9":"product_cat-para-bateria","10":"product_cat-signature","11":"product_shipping_class-0-5-kg","13":"first","14":"instock","15":"taxable","16":"shipping-taxable","17":"purchasable","18":"product-type-simple"},"yoast_head":"<!-- This site is optimized with the Yoast SEO plugin v27.6 - https:\/\/yoast.com\/product\/yoast-seo-wordpress\/ -->\n<title>BAQUETAS VIC FIRTH MOD. DANNY CAREY - Mexican Guitar Players<\/title>\n<meta name=\"description\" content=\"Baquetas signature Danny Carey, dise\u00f1o balanceado en la zona de agarre para una mayor comodidad y un extremo final c\u00f3nico para mejorar el balance, punta de madera, di\u00e1metro: 0..630\u201d pulgadas, largo: 16.5\u201d pulgadas, fabricadas en USA.\" \/>\n<meta name=\"robots\" content=\"index, follow, max-snippet:-1, max-image-preview:large, max-video-preview:-1\" \/>\n<link rel=\"canonical\" href=\"https:\/\/www.mexicanguitarplayers.com\/en\/tienda\/sin%20categor\u00eda\/baquetas-vic-firth-mod-danny-carey\/\" \/>\n<meta property=\"og:locale\" content=\"en_US\" \/>\n<meta property=\"og:type\" content=\"article\" \/>\n<meta property=\"og:title\" content=\"BAQUETAS VIC FIRTH MOD. DANNY CAREY - Mexican Guitar Players\" \/>\n<meta property=\"og:description\" content=\"Baquetas signature Danny Carey, dise\u00f1o balanceado en la zona de agarre para una mayor comodidad y un extremo final c\u00f3nico para mejorar el balance, punta de madera, di\u00e1metro: 0..630\u201d pulgadas, largo: 16.5\u201d pulgadas, fabricadas en USA.\" \/>\n<meta property=\"og:url\" content=\"https:\/\/www.mexicanguitarplayers.com\/en\/tienda\/sin categor\u00eda\/baquetas-vic-firth-mod-danny-carey\/\" \/>\n<meta property=\"og:site_name\" content=\"Mexican Guitar Players\" \/>\n<meta property=\"article:modified_time\" content=\"2026-05-01T13:16:00+00:00\" \/>\n<meta name=\"twitter:card\" content=\"summary_large_image\" \/>\n<meta name=\"twitter:label1\" content=\"Est. reading time\" \/>\n\t<meta name=\"twitter:data1\" content=\"1 minute\" \/>\n<script type=\"application\/ld+json\" class=\"yoast-schema-graph\">{\"@context\":\"https:\\\/\\\/schema.org\",\"@graph\":[{\"@type\":[\"WebPage\",\"ItemPage\"],\"@id\":\"https:\\\/\\\/www.mexicanguitarplayers.com\\\/tienda\\\/sin categor\u00eda\\\/baquetas-vic-firth-mod-danny-carey\\\/\",\"url\":\"https:\\\/\\\/www.mexicanguitarplayers.com\\\/tienda\\\/sin categor\u00eda\\\/baquetas-vic-firth-mod-danny-carey\\\/\",\"name\":\"BAQUETAS VIC FIRTH MOD. DANNY CAREY - Mexican Guitar Players\",\"isPartOf\":{\"@id\":\"https:\\\/\\\/www.mexicanguitarplayers.com\\\/#website\"},\"primaryImageOfPage\":{\"@id\":\"https:\\\/\\\/www.mexicanguitarplayers.com\\\/tienda\\\/sin categor\u00eda\\\/baquetas-vic-firth-mod-danny-carey\\\/#primaryimage\"},\"image\":{\"@id\":\"https:\\\/\\\/www.mexicanguitarplayers.com\\\/tienda\\\/sin categor\u00eda\\\/baquetas-vic-firth-mod-danny-carey\\\/#primaryimage\"},\"thumbnailUrl\":\"https:\\\/\\\/www.mexicanguitarplayers.com\\\/wp-content\\\/uploads\\\/2025\\\/04\\\/RAVICSDC.jpg\",\"datePublished\":\"2025-04-09T15:16:14+00:00\",\"dateModified\":\"2026-05-01T13:16:00+00:00\",\"description\":\"Baquetas signature Danny Carey, dise\u00f1o balanceado en la zona de agarre para una mayor comodidad y un extremo final c\u00f3nico para mejorar el balance, punta de madera, di\u00e1metro: 0..630\u201d pulgadas, largo: 16.5\u201d pulgadas, fabricadas en USA.\",\"breadcrumb\":{\"@id\":\"https:\\\/\\\/www.mexicanguitarplayers.com\\\/tienda\\\/sin categor\u00eda\\\/baquetas-vic-firth-mod-danny-carey\\\/#breadcrumb\"},\"inLanguage\":\"en-US\",\"potentialAction\":[{\"@type\":\"ReadAction\",\"target\":[\"https:\\\/\\\/www.mexicanguitarplayers.com\\\/tienda\\\/sin categor\u00eda\\\/baquetas-vic-firth-mod-danny-carey\\\/\"]}]},{\"@type\":\"ImageObject\",\"inLanguage\":\"en-US\",\"@id\":\"https:\\\/\\\/www.mexicanguitarplayers.com\\\/tienda\\\/sin categor\u00eda\\\/baquetas-vic-firth-mod-danny-carey\\\/#primaryimage\",\"url\":\"https:\\\/\\\/www.mexicanguitarplayers.com\\\/wp-content\\\/uploads\\\/2025\\\/04\\\/RAVICSDC.jpg\",\"contentUrl\":\"https:\\\/\\\/www.mexicanguitarplayers.com\\\/wp-content\\\/uploads\\\/2025\\\/04\\\/RAVICSDC.jpg\",\"width\":1600,\"height\":800},{\"@type\":\"BreadcrumbList\",\"@id\":\"https:\\\/\\\/www.mexicanguitarplayers.com\\\/tienda\\\/sin categor\u00eda\\\/baquetas-vic-firth-mod-danny-carey\\\/#breadcrumb\",\"itemListElement\":[{\"@type\":\"ListItem\",\"position\":1,\"name\":\"Portada\",\"item\":\"https:\\\/\\\/www.mexicanguitarplayers.com\\\/\"},{\"@type\":\"ListItem\",\"position\":2,\"name\":\"Tienda\",\"item\":\"https:\\\/\\\/www.mexicanguitarplayers.com\\\/tienda\\\/\"},{\"@type\":\"ListItem\",\"position\":3,\"name\":\"BAQUETAS VIC FIRTH MOD. DANNY CAREY\"}]},{\"@type\":\"WebSite\",\"@id\":\"https:\\\/\\\/www.mexicanguitarplayers.com\\\/#website\",\"url\":\"https:\\\/\\\/www.mexicanguitarplayers.com\\\/\",\"name\":\"Mexican Guitar Players\",\"description\":\"Website\",\"publisher\":{\"@id\":\"https:\\\/\\\/www.mexicanguitarplayers.com\\\/#organization\"},\"potentialAction\":[{\"@type\":\"SearchAction\",\"target\":{\"@type\":\"EntryPoint\",\"urlTemplate\":\"https:\\\/\\\/www.mexicanguitarplayers.com\\\/?s={search_term_string}\"},\"query-input\":{\"@type\":\"PropertyValueSpecification\",\"valueRequired\":true,\"valueName\":\"search_term_string\"}}],\"inLanguage\":\"en-US\"},{\"@type\":\"Organization\",\"@id\":\"https:\\\/\\\/www.mexicanguitarplayers.com\\\/#organization\",\"name\":\"Mexican Guitar Players\",\"url\":\"https:\\\/\\\/www.mexicanguitarplayers.com\\\/\",\"logo\":{\"@type\":\"ImageObject\",\"inLanguage\":\"en-US\",\"@id\":\"https:\\\/\\\/www.mexicanguitarplayers.com\\\/#\\\/schema\\\/logo\\\/image\\\/\",\"url\":\"\",\"contentUrl\":\"\",\"caption\":\"Mexican Guitar Players\"},\"image\":{\"@id\":\"https:\\\/\\\/www.mexicanguitarplayers.com\\\/#\\\/schema\\\/logo\\\/image\\\/\"}}]}<\/script>\n<!-- \/ Yoast SEO plugin. -->","yoast_head_json":{"title":"BAQUETAS VIC FIRTH MOD. DANNY CAREY - Mexican Guitar Players","description":"Baquetas signature Danny Carey, dise\u00f1o balanceado en la zona de agarre para una mayor comodidad y un extremo final c\u00f3nico para mejorar el balance, punta de madera, di\u00e1metro: 0..630\u201d pulgadas, largo: 16.5\u201d pulgadas, fabricadas en USA.","robots":{"index":"index","follow":"follow","max-snippet":"max-snippet:-1","max-image-preview":"max-image-preview:large","max-video-preview":"max-video-preview:-1"},"canonical":"https:\/\/www.mexicanguitarplayers.com\/en\/tienda\/sin categor\u00eda\/baquetas-vic-firth-mod-danny-carey\/","og_locale":"en_US","og_type":"article","og_title":"BAQUETAS VIC FIRTH MOD. DANNY CAREY - Mexican Guitar Players","og_description":"Baquetas signature Danny Carey, dise\u00f1o balanceado en la zona de agarre para una mayor comodidad y un extremo final c\u00f3nico para mejorar el balance, punta de madera, di\u00e1metro: 0..630\u201d pulgadas, largo: 16.5\u201d pulgadas, fabricadas en USA.","og_url":"https:\/\/www.mexicanguitarplayers.com\/en\/tienda\/sin categor\u00eda\/baquetas-vic-firth-mod-danny-carey\/","og_site_name":"Mexican Guitar Players","article_modified_time":"2026-05-01T13:16:00+00:00","twitter_card":"summary_large_image","twitter_misc":{"Est. reading time":"1 minute"},"schema":{"@context":"https:\/\/schema.org","@graph":[{"@type":["WebPage","ItemPage"],"@id":"https:\/\/www.mexicanguitarplayers.com\/tienda\/sin categor\u00eda\/baquetas-vic-firth-mod-danny-carey\/","url":"https:\/\/www.mexicanguitarplayers.com\/tienda\/sin categor\u00eda\/baquetas-vic-firth-mod-danny-carey\/","name":"BAQUETAS VIC FIRTH MOD. DANNY CAREY - Mexican Guitar Players","isPartOf":{"@id":"https:\/\/www.mexicanguitarplayers.com\/#website"},"primaryImageOfPage":{"@id":"https:\/\/www.mexicanguitarplayers.com\/tienda\/sin categor\u00eda\/baquetas-vic-firth-mod-danny-carey\/#primaryimage"},"image":{"@id":"https:\/\/www.mexicanguitarplayers.com\/tienda\/sin categor\u00eda\/baquetas-vic-firth-mod-danny-carey\/#primaryimage"},"thumbnailUrl":"https:\/\/www.mexicanguitarplayers.com\/wp-content\/uploads\/2025\/04\/RAVICSDC.jpg","datePublished":"2025-04-09T15:16:14+00:00","dateModified":"2026-05-01T13:16:00+00:00","description":"Baquetas signature Danny Carey, dise\u00f1o balanceado en la zona de agarre para una mayor comodidad y un extremo final c\u00f3nico para mejorar el balance, punta de madera, di\u00e1metro: 0..630\u201d pulgadas, largo: 16.5\u201d pulgadas, fabricadas en USA.","breadcrumb":{"@id":"https:\/\/www.mexicanguitarplayers.com\/tienda\/sin categor\u00eda\/baquetas-vic-firth-mod-danny-carey\/#breadcrumb"},"inLanguage":"en-US","potentialAction":[{"@type":"ReadAction","target":["https:\/\/www.mexicanguitarplayers.com\/tienda\/sin categor\u00eda\/baquetas-vic-firth-mod-danny-carey\/"]}]},{"@type":"ImageObject","inLanguage":"en-US","@id":"https:\/\/www.mexicanguitarplayers.com\/tienda\/sin categor\u00eda\/baquetas-vic-firth-mod-danny-carey\/#primaryimage","url":"https:\/\/www.mexicanguitarplayers.com\/wp-content\/uploads\/2025\/04\/RAVICSDC.jpg","contentUrl":"https:\/\/www.mexicanguitarplayers.com\/wp-content\/uploads\/2025\/04\/RAVICSDC.jpg","width":1600,"height":800},{"@type":"BreadcrumbList","@id":"https:\/\/www.mexicanguitarplayers.com\/tienda\/sin categor\u00eda\/baquetas-vic-firth-mod-danny-carey\/#breadcrumb","itemListElement":[{"@type":"ListItem","position":1,"name":"Portada","item":"https:\/\/www.mexicanguitarplayers.com\/"},{"@type":"ListItem","position":2,"name":"Tienda","item":"https:\/\/www.mexicanguitarplayers.com\/tienda\/"},{"@type":"ListItem","position":3,"name":"BAQUETAS VIC FIRTH MOD. DANNY CAREY"}]},{"@type":"WebSite","@id":"https:\/\/www.mexicanguitarplayers.com\/#website","url":"https:\/\/www.mexicanguitarplayers.com\/","name":"Mexican Guitar Players","description":"Website","publisher":{"@id":"https:\/\/www.mexicanguitarplayers.com\/#organization"},"potentialAction":[{"@type":"SearchAction","target":{"@type":"EntryPoint","urlTemplate":"https:\/\/www.mexicanguitarplayers.com\/?s={search_term_string}"},"query-input":{"@type":"PropertyValueSpecification","valueRequired":true,"valueName":"search_term_string"}}],"inLanguage":"en-US"},{"@type":"Organization","@id":"https:\/\/www.mexicanguitarplayers.com\/#organization","name":"Mexican Guitar Players","url":"https:\/\/www.mexicanguitarplayers.com\/","logo":{"@type":"ImageObject","inLanguage":"en-US","@id":"https:\/\/www.mexicanguitarplayers.com\/#\/schema\/logo\/image\/","url":"","contentUrl":"","caption":"Mexican Guitar Players"},"image":{"@id":"https:\/\/www.mexicanguitarplayers.com\/#\/schema\/logo\/image\/"}}]}},"brands":[{"id":643,"name":"VIC FIRTH","slug":"vic-firth"}],"_links":{"self":[{"href":"https:\/\/www.mexicanguitarplayers.com\/en\/wp-json\/wp\/v2\/product\/42392","targetHints":{"allow":["GET"]}}],"collection":[{"href":"https:\/\/www.mexicanguitarplayers.com\/en\/wp-json\/wp\/v2\/product"}],"about":[{"href":"https:\/\/www.mexicanguitarplayers.com\/en\/wp-json\/wp\/v2\/types\/product"}],"replies":[{"embeddable":true,"href":"https:\/\/www.mexicanguitarplayers.com\/en\/wp-json\/wp\/v2\/comments?post=42392"}],"wp:featuredmedia":[{"embeddable":true,"href":"https:\/\/www.mexicanguitarplayers.com\/en\/wp-json\/wp\/v2\/media\/42390"}],"wp:attachment":[{"href":"https:\/\/www.mexicanguitarplayers.com\/en\/wp-json\/wp\/v2\/media?parent=42392"}],"wp:term":[{"taxonomy":"pwb-brand","embeddable":true,"href":"https:\/\/www.mexicanguitarplayers.com\/en\/wp-json\/wp\/v2\/pwb-brand?post=42392"},{"taxonomy":"product_brand","embeddable":true,"href":"https:\/\/www.mexicanguitarplayers.com\/en\/wp-json\/wp\/v2\/product_brand?post=42392"},{"taxonomy":"product_cat","embeddable":true,"href":"https:\/\/www.mexicanguitarplayers.com\/en\/wp-json\/wp\/v2\/product_cat?post=42392"},{"taxonomy":"product_tag","embeddable":true,"href":"https:\/\/www.mexicanguitarplayers.com\/en\/wp-json\/wp\/v2\/product_tag?post=42392"}],"curies":[{"name":"wp","href":"https:\/\/api.w.org\/{rel}","templated":true}]}}