{"id":42444,"date":"2025-04-09T09:18:07","date_gmt":"2025-04-09T15:18:07","guid":{"rendered":"https:\/\/www.mexicanguitarplayers.com\/tienda\/sin categor\u00eda\/combo-blackstar-p-guit-ht-metal-60\/"},"modified":"2026-04-10T04:16:38","modified_gmt":"2026-04-10T10:16:38","slug":"combo-blackstar-p-guit-ht-metal-60","status":"publish","type":"product","link":"https:\/\/www.mexicanguitarplayers.com\/en\/tienda\/cuerdas\/combos\/combos-para-guitarra\/combo-blackstar-p-guit-ht-metal-60\/","title":{"rendered":"COMBO BLACKSTAR P\/GUIT.HT-METAL-60"},"content":{"rendered":"<div style=\"text-align: justify\">\n<div>\n<h3>Encuentra el tono m\u00e1s agresivo.<\/h3>\n<\/div>\n<div>Los dos bulbos 6L6 del HT METAL 60 ofrecen una desgarradora potencia de 60 watts a trav\u00e9s de 2 altavoces Celestion, lo que lo convierte en un combo que funcionar\u00e1 sin problema durante toda la noche, incluso en los entornos en vivo m\u00e1s rudos. Su canal limpio estilo boutique es extremadamente vers\u00e1til con 2 modos: \u2018British Class-A\u2019 y \u2018Dynamic US\u2019. Cada uno de los 2 canales est\u00e1 equipado con un control ISF que ofrece lo \u00faltimo en tonos met\u00e1licos a bulbos para guitarra.<\/div>\n<div>\n<h4>Quick look<\/h4>\n<\/div>\n<ul style=\"margin: 0px 0px 0px 25px\">\n<li style=\"list-style-type: circle;margin: 5px\">Kind.<\/li>\n<li style=\"list-style-type: circle;margin: 5px\">Characteristics.<\/li>\n<li style=\"list-style-type: circle;margin: 5px\">Bulbs<\/li>\n<li style=\"list-style-type: circle;margin: 5px\">Speakers.<\/li>\n<li style=\"list-style-type: circle;margin: 5px\">Tickets.<\/li>\n<li style=\"list-style-type: circle;margin: 5px\">Controls<\/li>\n<li style=\"list-style-type: circle;margin: 5px\">Cosm\u00e9ticos de metal personalizados.<\/li>\n<li style=\"list-style-type: circle;margin: 5px\">3 canales seleccionables.<\/li>\n<li style=\"list-style-type: circle;margin: 5px\">Loop de Efectos.<\/li>\n<li style=\"list-style-type: circle;margin: 5px\">Digital reverb.<\/li>\n<li style=\"list-style-type: circle;margin: 5px\">ISF control.<\/li>\n<li style=\"list-style-type: circle;margin: 5px\">Speaker emulation output.<\/li>\n<li style=\"list-style-type: circle;margin: 5px\">Dimensions.<\/li>\n<li style=\"list-style-type: circle;margin: 5px\">Weight.<\/li>\n<\/ul>\n<div>\n<div style=\"font-weight: bold\">Kind.<\/div>\n<div>\n<p>Combo closed-back a bulbos de 60 watts.<\/p>\n<\/div>\n<div style=\"font-weight: bold\">Characteristics.<\/div>\n<div>\n<p>Ganancia y tono extremos. Controles  de tono mejorados. Switch Clean Voice. Estilo metal personalizado. Reverb digital con switch Dark\/Bright. Loop de efectos con switch de nivel. Incluye pedal footswitch de 4 v\u00edas (Clean, OD1, OD2, Reverb). Rejilla met\u00e1lica.<\/p>\n<\/div>\n<div style=\"font-weight: bold\">Bulbs<\/div>\n<div>\n<p>Bulbos de preamp: 2xECC83. Bulbos de potencia: 2 x 6L6.<\/p>\n<\/div>\n<div style=\"font-weight: bold\">Speakers.<\/div>\n<div>\n<p>2 altavoces Celestion de 12\u201d pulgadas.<\/p>\n<\/div>\n<div style=\"font-weight: bold\">Tickets.<\/div>\n<div>\n<p>Entrada de instrumento.<\/p>\n<\/div>\n<div style=\"font-weight: bold\">Controls<\/div>\n<div>\n<p>Clean Volume, Clean Bass, Clean Treble, OD 1 Gain, OD 1 Volume, OD 2 Gain, OD 2 Volume, Bass, Middle, Treble, ISF, Reverb, Presence, Resonance, Master Volume.<\/p>\n<\/div>\n<div style=\"font-weight: bold\">Cosm\u00e9ticos de metal personalizados.<\/div>\n<div>\n<p>La serie HT cuenta con dise\u00f1os cosm\u00e9ticos personalizados para guitarristas de metal. Todo el rango cuenta con perillas negras, panel met\u00e1lico, logo met\u00e1lico y en algunos modelos, con rejilla met\u00e1lica personalizada.<\/p>\n<\/div>\n<div style=\"font-weight: bold\">3 canales seleccionables.<\/div>\n<div>\n<p>3 canales seleccionables. Clean, Overdrive 1 y Overdrive 2. El canal Clean tiene 2 modos: \u2018boutique\u2019 y \u2018modern\u2019 y sus propios controles de tono Bass y Treble, proporcionando el rango m\u00e1s amplio posible dentro de los tonos limpios. El switch Voice reconfigura el voicing del preamp y la estructura de la ganancia, as\u00ed como el amortiguador del amplificador de potencia para reproducir el funcionamiento de Clase A en el modo \u201cboutique\u201d o tonos muy limpios y apretados en el ajuste \u201cmodern\u201d Clase AB. Adem\u00e1s cuenta tambi\u00e9n con 2 canales Overdrive que comparten una secci\u00f3n de ecualizador y tal como el canal Clean, cada uno de los canales Overdrive tiene un switch Voice que permite cambiar el car\u00e1cter de cada uno de los canales, proporcionando una paleta de tonos overdrive.<\/p>\n<\/div>\n<div style=\"font-weight: bold\">Loop de Efectos.<\/div>\n<div>\n<p>El amplificador cuenta con Loop de Efectos, lo que te permite conectar pedales de efectos u otro equipo profesional utilizando las conexiones de env\u00edo y retorno. El switch de nivel del Loop de Efectos ajusta el loop de efectos a +4dBV\/-10dBV, lo que te permite utilizarlo con equipos profesionales (ajuste de 4 dBV) o con nivel de efectos de guitarra, tales como pedales de efectos (ajuste -10 dBV).<\/p>\n<\/div>\n<div style=\"font-weight: bold\">Digital reverb.<\/div>\n<div>\n<p>The reverb control adjusts the level of the reverb effect. With the control fully to the left you will not have reverb, but turning the control clockwise will increase the amount of reverb.<\/p>\n<\/div>\n<div style=\"font-weight: bold\">ISF control.<\/div>\n<div>\n<p>The ISF control works in conjunction with the tone controls. This control allows you to find the sound you are really looking for. Fully CCW gives you a tight and aggressive American sound, while fully CW gives you a characteristic British sound, more woody and less aggressive.<\/p>\n<\/div>\n<div style=\"font-weight: bold\">Speaker emulation output.<\/div>\n<div>\n<p>El dise\u00f1o de salida de emulaci\u00f3n de altavoz es un nuevo punto de referencia para la grabaci\u00f3n pro en directo. Este dise\u00f1o sin compromisos hace que sea sencillo obtener tu tono en discos o cintas. Puedes tambi\u00e9n usarlo para correr una l\u00ednea de salida a PA. Cuenta con voicing de 1&#215;12 o 4&#215;12.<\/p>\n<\/div>\n<div style=\"font-weight: bold\">Dimensions.<\/div>\n<div>\n<p>715 x 586 x 278 mm.<\/p>\n<\/div>\n<div style=\"font-weight: bold\">Weight.<\/div>\n<div>\n<p>29.4 kg.<\/p>\n<\/div>\n<\/div>\n<\/div>","protected":false},"excerpt":{"rendered":"<p>Combo closed-back a bulbos, 60 watts de potencia, ganancia y tono extremos, controles  de tono mejorados, estilo metal personalizado, reverb digital con switch Dark\/Bright, loop de efectos con switch de nivel, rejilla met\u00e1lica, bulbos de preamp: 2xECC83, bulbos de potencia: 2 x 6L6, 3 canales seleccionables (Clean, Overdrive 1 y Overdrive 2), 2 altavoces Celestion de 12\u201d pulgadas, control ISF (Infinite Shape Feature), salida de emulaci\u00f3n de altavoz, incluye pedal footswitch de 4 v\u00edas (Clean, OD1, OD2, Reverb), dimensiones: 715 x 586 x 278 mm, peso: 29.4 kg.&hellip; <a class=\"kt-excerpt-readmore more-link\" href=\"https:\/\/www.mexicanguitarplayers.com\/en\/tienda\/cuerdas\/combos\/combos-para-guitarra\/combo-blackstar-p-guit-ht-metal-60\/\">Read more<\/a><\/p>","protected":false},"featured_media":42442,"comment_status":"open","ping_status":"closed","template":"","meta":{"kt_blocks_editor_width":""},"pwb-brand":[172],"product_brand":[],"product_cat":[236,237,224],"product_tag":[],"class_list":{"0":"post-42444","1":"product","2":"type-product","3":"status-publish","4":"has-post-thumbnail","6":"pwb-brand-blackstar","7":"product_cat-combos","8":"product_cat-combos-para-guitarra","9":"product_cat-cuerdas","11":"first","12":"outofstock","13":"taxable","14":"shipping-taxable","15":"purchasable","16":"product-type-simple"},"yoast_head":"<!-- This site is optimized with the Yoast SEO plugin v27.6 - https:\/\/yoast.com\/product\/yoast-seo-wordpress\/ -->\n<title>COMBO BLACKSTAR P\/GUIT.HT-METAL-60 - Mexican Guitar Players<\/title>\n<meta name=\"description\" content=\"Combo closed-back a bulbos, 60 watts de potencia, ganancia y tono extremos, controles de tono mejorados, estilo metal personalizado, reverb digital con switch Dark\/Bright, loop de efectos con switch de nivel, rejilla met\u00e1lica, bulbos de preamp: 2xECC83, bulbos de potencia: 2 x 6L6, 3 canales seleccionables (Clean, Overdrive 1 y Overdrive 2), 2 altavoces Celestion de 12\u201d pulgadas, control ISF (Infinite Shape Feature), salida de emulaci\u00f3n de altavoz, incluye pedal footswitch de 4 v\u00edas (Clean, OD1, OD2, Reverb), dimensiones: 715 x 586 x 278 mm, peso: 29.4 kg.\" \/>\n<meta name=\"robots\" content=\"index, follow, max-snippet:-1, max-image-preview:large, max-video-preview:-1\" \/>\n<link rel=\"canonical\" href=\"https:\/\/www.mexicanguitarplayers.com\/en\/tienda\/sin%20categor\u00eda\/combo-blackstar-p-guit-ht-metal-60\/\" \/>\n<meta property=\"og:locale\" content=\"en_US\" \/>\n<meta property=\"og:type\" content=\"article\" \/>\n<meta property=\"og:title\" content=\"COMBO BLACKSTAR P\/GUIT.HT-METAL-60 - Mexican Guitar Players\" \/>\n<meta property=\"og:description\" content=\"Combo closed-back a bulbos, 60 watts de potencia, ganancia y tono extremos, controles de tono mejorados, estilo metal personalizado, reverb digital con switch Dark\/Bright, loop de efectos con switch de nivel, rejilla met\u00e1lica, bulbos de preamp: 2xECC83, bulbos de potencia: 2 x 6L6, 3 canales seleccionables (Clean, Overdrive 1 y Overdrive 2), 2 altavoces Celestion de 12\u201d pulgadas, control ISF (Infinite Shape Feature), salida de emulaci\u00f3n de altavoz, incluye pedal footswitch de 4 v\u00edas (Clean, OD1, OD2, Reverb), dimensiones: 715 x 586 x 278 mm, peso: 29.4 kg.\" \/>\n<meta property=\"og:url\" content=\"https:\/\/www.mexicanguitarplayers.com\/en\/tienda\/sin categor\u00eda\/combo-blackstar-p-guit-ht-metal-60\/\" \/>\n<meta property=\"og:site_name\" content=\"Mexican Guitar Players\" \/>\n<meta property=\"article:modified_time\" content=\"2026-04-10T10:16:38+00:00\" \/>\n<meta name=\"twitter:card\" content=\"summary_large_image\" \/>\n<meta name=\"twitter:label1\" content=\"Est. reading time\" \/>\n\t<meta name=\"twitter:data1\" content=\"3 minutes\" \/>\n<script type=\"application\/ld+json\" class=\"yoast-schema-graph\">{\"@context\":\"https:\\\/\\\/schema.org\",\"@graph\":[{\"@type\":[\"WebPage\",\"ItemPage\"],\"@id\":\"https:\\\/\\\/www.mexicanguitarplayers.com\\\/tienda\\\/sin categor\u00eda\\\/combo-blackstar-p-guit-ht-metal-60\\\/\",\"url\":\"https:\\\/\\\/www.mexicanguitarplayers.com\\\/tienda\\\/sin categor\u00eda\\\/combo-blackstar-p-guit-ht-metal-60\\\/\",\"name\":\"COMBO BLACKSTAR P\\\/GUIT.HT-METAL-60 - Mexican Guitar Players\",\"isPartOf\":{\"@id\":\"https:\\\/\\\/www.mexicanguitarplayers.com\\\/#website\"},\"primaryImageOfPage\":{\"@id\":\"https:\\\/\\\/www.mexicanguitarplayers.com\\\/tienda\\\/sin categor\u00eda\\\/combo-blackstar-p-guit-ht-metal-60\\\/#primaryimage\"},\"image\":{\"@id\":\"https:\\\/\\\/www.mexicanguitarplayers.com\\\/tienda\\\/sin categor\u00eda\\\/combo-blackstar-p-guit-ht-metal-60\\\/#primaryimage\"},\"thumbnailUrl\":\"https:\\\/\\\/www.mexicanguitarplayers.com\\\/wp-content\\\/uploads\\\/2025\\\/04\\\/ICBLSHTMET60.jpg\",\"datePublished\":\"2025-04-09T15:18:07+00:00\",\"dateModified\":\"2026-04-10T10:16:38+00:00\",\"description\":\"Combo closed-back a bulbos, 60 watts de potencia, ganancia y tono extremos, controles de tono mejorados, estilo metal personalizado, reverb digital con switch Dark\\\/Bright, loop de efectos con switch de nivel, rejilla met\u00e1lica, bulbos de preamp: 2xECC83, bulbos de potencia: 2 x 6L6, 3 canales seleccionables (Clean, Overdrive 1 y Overdrive 2), 2 altavoces Celestion de 12\u201d pulgadas, control ISF (Infinite Shape Feature), salida de emulaci\u00f3n de altavoz, incluye pedal footswitch de 4 v\u00edas (Clean, OD1, OD2, Reverb), dimensiones: 715 x 586 x 278 mm, peso: 29.4 kg.\",\"breadcrumb\":{\"@id\":\"https:\\\/\\\/www.mexicanguitarplayers.com\\\/tienda\\\/sin categor\u00eda\\\/combo-blackstar-p-guit-ht-metal-60\\\/#breadcrumb\"},\"inLanguage\":\"en-US\",\"potentialAction\":[{\"@type\":\"ReadAction\",\"target\":[\"https:\\\/\\\/www.mexicanguitarplayers.com\\\/tienda\\\/sin categor\u00eda\\\/combo-blackstar-p-guit-ht-metal-60\\\/\"]}]},{\"@type\":\"ImageObject\",\"inLanguage\":\"en-US\",\"@id\":\"https:\\\/\\\/www.mexicanguitarplayers.com\\\/tienda\\\/sin categor\u00eda\\\/combo-blackstar-p-guit-ht-metal-60\\\/#primaryimage\",\"url\":\"https:\\\/\\\/www.mexicanguitarplayers.com\\\/wp-content\\\/uploads\\\/2025\\\/04\\\/ICBLSHTMET60.jpg\",\"contentUrl\":\"https:\\\/\\\/www.mexicanguitarplayers.com\\\/wp-content\\\/uploads\\\/2025\\\/04\\\/ICBLSHTMET60.jpg\",\"width\":1200,\"height\":1200},{\"@type\":\"BreadcrumbList\",\"@id\":\"https:\\\/\\\/www.mexicanguitarplayers.com\\\/tienda\\\/sin categor\u00eda\\\/combo-blackstar-p-guit-ht-metal-60\\\/#breadcrumb\",\"itemListElement\":[{\"@type\":\"ListItem\",\"position\":1,\"name\":\"Portada\",\"item\":\"https:\\\/\\\/www.mexicanguitarplayers.com\\\/\"},{\"@type\":\"ListItem\",\"position\":2,\"name\":\"Tienda\",\"item\":\"https:\\\/\\\/www.mexicanguitarplayers.com\\\/tienda\\\/\"},{\"@type\":\"ListItem\",\"position\":3,\"name\":\"COMBO BLACKSTAR P\\\/GUIT.HT-METAL-60\"}]},{\"@type\":\"WebSite\",\"@id\":\"https:\\\/\\\/www.mexicanguitarplayers.com\\\/#website\",\"url\":\"https:\\\/\\\/www.mexicanguitarplayers.com\\\/\",\"name\":\"Mexican Guitar Players\",\"description\":\"Website\",\"publisher\":{\"@id\":\"https:\\\/\\\/www.mexicanguitarplayers.com\\\/#organization\"},\"potentialAction\":[{\"@type\":\"SearchAction\",\"target\":{\"@type\":\"EntryPoint\",\"urlTemplate\":\"https:\\\/\\\/www.mexicanguitarplayers.com\\\/?s={search_term_string}\"},\"query-input\":{\"@type\":\"PropertyValueSpecification\",\"valueRequired\":true,\"valueName\":\"search_term_string\"}}],\"inLanguage\":\"en-US\"},{\"@type\":\"Organization\",\"@id\":\"https:\\\/\\\/www.mexicanguitarplayers.com\\\/#organization\",\"name\":\"Mexican Guitar Players\",\"url\":\"https:\\\/\\\/www.mexicanguitarplayers.com\\\/\",\"logo\":{\"@type\":\"ImageObject\",\"inLanguage\":\"en-US\",\"@id\":\"https:\\\/\\\/www.mexicanguitarplayers.com\\\/#\\\/schema\\\/logo\\\/image\\\/\",\"url\":\"\",\"contentUrl\":\"\",\"caption\":\"Mexican Guitar Players\"},\"image\":{\"@id\":\"https:\\\/\\\/www.mexicanguitarplayers.com\\\/#\\\/schema\\\/logo\\\/image\\\/\"}}]}<\/script>\n<!-- \/ Yoast SEO plugin. -->","yoast_head_json":{"title":"COMBO BLACKSTAR P\/GUIT.HT-METAL-60 - Mexican Guitar Players","description":"Combo closed-back a bulbos, 60 watts de potencia, ganancia y tono extremos, controles de tono mejorados, estilo metal personalizado, reverb digital con switch Dark\/Bright, loop de efectos con switch de nivel, rejilla met\u00e1lica, bulbos de preamp: 2xECC83, bulbos de potencia: 2 x 6L6, 3 canales seleccionables (Clean, Overdrive 1 y Overdrive 2), 2 altavoces Celestion de 12\u201d pulgadas, control ISF (Infinite Shape Feature), salida de emulaci\u00f3n de altavoz, incluye pedal footswitch de 4 v\u00edas (Clean, OD1, OD2, Reverb), dimensiones: 715 x 586 x 278 mm, peso: 29.4 kg.","robots":{"index":"index","follow":"follow","max-snippet":"max-snippet:-1","max-image-preview":"max-image-preview:large","max-video-preview":"max-video-preview:-1"},"canonical":"https:\/\/www.mexicanguitarplayers.com\/en\/tienda\/sin categor\u00eda\/combo-blackstar-p-guit-ht-metal-60\/","og_locale":"en_US","og_type":"article","og_title":"COMBO BLACKSTAR P\/GUIT.HT-METAL-60 - Mexican Guitar Players","og_description":"Combo closed-back a bulbos, 60 watts de potencia, ganancia y tono extremos, controles de tono mejorados, estilo metal personalizado, reverb digital con switch Dark\/Bright, loop de efectos con switch de nivel, rejilla met\u00e1lica, bulbos de preamp: 2xECC83, bulbos de potencia: 2 x 6L6, 3 canales seleccionables (Clean, Overdrive 1 y Overdrive 2), 2 altavoces Celestion de 12\u201d pulgadas, control ISF (Infinite Shape Feature), salida de emulaci\u00f3n de altavoz, incluye pedal footswitch de 4 v\u00edas (Clean, OD1, OD2, Reverb), dimensiones: 715 x 586 x 278 mm, peso: 29.4 kg.","og_url":"https:\/\/www.mexicanguitarplayers.com\/en\/tienda\/sin categor\u00eda\/combo-blackstar-p-guit-ht-metal-60\/","og_site_name":"Mexican Guitar Players","article_modified_time":"2026-04-10T10:16:38+00:00","twitter_card":"summary_large_image","twitter_misc":{"Est. reading time":"3 minutes"},"schema":{"@context":"https:\/\/schema.org","@graph":[{"@type":["WebPage","ItemPage"],"@id":"https:\/\/www.mexicanguitarplayers.com\/tienda\/sin categor\u00eda\/combo-blackstar-p-guit-ht-metal-60\/","url":"https:\/\/www.mexicanguitarplayers.com\/tienda\/sin categor\u00eda\/combo-blackstar-p-guit-ht-metal-60\/","name":"COMBO BLACKSTAR P\/GUIT.HT-METAL-60 - Mexican Guitar Players","isPartOf":{"@id":"https:\/\/www.mexicanguitarplayers.com\/#website"},"primaryImageOfPage":{"@id":"https:\/\/www.mexicanguitarplayers.com\/tienda\/sin categor\u00eda\/combo-blackstar-p-guit-ht-metal-60\/#primaryimage"},"image":{"@id":"https:\/\/www.mexicanguitarplayers.com\/tienda\/sin categor\u00eda\/combo-blackstar-p-guit-ht-metal-60\/#primaryimage"},"thumbnailUrl":"https:\/\/www.mexicanguitarplayers.com\/wp-content\/uploads\/2025\/04\/ICBLSHTMET60.jpg","datePublished":"2025-04-09T15:18:07+00:00","dateModified":"2026-04-10T10:16:38+00:00","description":"Combo closed-back a bulbos, 60 watts de potencia, ganancia y tono extremos, controles de tono mejorados, estilo metal personalizado, reverb digital con switch Dark\/Bright, loop de efectos con switch de nivel, rejilla met\u00e1lica, bulbos de preamp: 2xECC83, bulbos de potencia: 2 x 6L6, 3 canales seleccionables (Clean, Overdrive 1 y Overdrive 2), 2 altavoces Celestion de 12\u201d pulgadas, control ISF (Infinite Shape Feature), salida de emulaci\u00f3n de altavoz, incluye pedal footswitch de 4 v\u00edas (Clean, OD1, OD2, Reverb), dimensiones: 715 x 586 x 278 mm, peso: 29.4 kg.","breadcrumb":{"@id":"https:\/\/www.mexicanguitarplayers.com\/tienda\/sin categor\u00eda\/combo-blackstar-p-guit-ht-metal-60\/#breadcrumb"},"inLanguage":"en-US","potentialAction":[{"@type":"ReadAction","target":["https:\/\/www.mexicanguitarplayers.com\/tienda\/sin categor\u00eda\/combo-blackstar-p-guit-ht-metal-60\/"]}]},{"@type":"ImageObject","inLanguage":"en-US","@id":"https:\/\/www.mexicanguitarplayers.com\/tienda\/sin categor\u00eda\/combo-blackstar-p-guit-ht-metal-60\/#primaryimage","url":"https:\/\/www.mexicanguitarplayers.com\/wp-content\/uploads\/2025\/04\/ICBLSHTMET60.jpg","contentUrl":"https:\/\/www.mexicanguitarplayers.com\/wp-content\/uploads\/2025\/04\/ICBLSHTMET60.jpg","width":1200,"height":1200},{"@type":"BreadcrumbList","@id":"https:\/\/www.mexicanguitarplayers.com\/tienda\/sin categor\u00eda\/combo-blackstar-p-guit-ht-metal-60\/#breadcrumb","itemListElement":[{"@type":"ListItem","position":1,"name":"Portada","item":"https:\/\/www.mexicanguitarplayers.com\/"},{"@type":"ListItem","position":2,"name":"Tienda","item":"https:\/\/www.mexicanguitarplayers.com\/tienda\/"},{"@type":"ListItem","position":3,"name":"COMBO BLACKSTAR P\/GUIT.HT-METAL-60"}]},{"@type":"WebSite","@id":"https:\/\/www.mexicanguitarplayers.com\/#website","url":"https:\/\/www.mexicanguitarplayers.com\/","name":"Mexican Guitar Players","description":"Website","publisher":{"@id":"https:\/\/www.mexicanguitarplayers.com\/#organization"},"potentialAction":[{"@type":"SearchAction","target":{"@type":"EntryPoint","urlTemplate":"https:\/\/www.mexicanguitarplayers.com\/?s={search_term_string}"},"query-input":{"@type":"PropertyValueSpecification","valueRequired":true,"valueName":"search_term_string"}}],"inLanguage":"en-US"},{"@type":"Organization","@id":"https:\/\/www.mexicanguitarplayers.com\/#organization","name":"Mexican Guitar Players","url":"https:\/\/www.mexicanguitarplayers.com\/","logo":{"@type":"ImageObject","inLanguage":"en-US","@id":"https:\/\/www.mexicanguitarplayers.com\/#\/schema\/logo\/image\/","url":"","contentUrl":"","caption":"Mexican Guitar Players"},"image":{"@id":"https:\/\/www.mexicanguitarplayers.com\/#\/schema\/logo\/image\/"}}]}},"brands":[{"id":172,"name":"BLACKSTAR","slug":"blackstar"}],"_links":{"self":[{"href":"https:\/\/www.mexicanguitarplayers.com\/en\/wp-json\/wp\/v2\/product\/42444","targetHints":{"allow":["GET"]}}],"collection":[{"href":"https:\/\/www.mexicanguitarplayers.com\/en\/wp-json\/wp\/v2\/product"}],"about":[{"href":"https:\/\/www.mexicanguitarplayers.com\/en\/wp-json\/wp\/v2\/types\/product"}],"replies":[{"embeddable":true,"href":"https:\/\/www.mexicanguitarplayers.com\/en\/wp-json\/wp\/v2\/comments?post=42444"}],"wp:featuredmedia":[{"embeddable":true,"href":"https:\/\/www.mexicanguitarplayers.com\/en\/wp-json\/wp\/v2\/media\/42442"}],"wp:attachment":[{"href":"https:\/\/www.mexicanguitarplayers.com\/en\/wp-json\/wp\/v2\/media?parent=42444"}],"wp:term":[{"taxonomy":"pwb-brand","embeddable":true,"href":"https:\/\/www.mexicanguitarplayers.com\/en\/wp-json\/wp\/v2\/pwb-brand?post=42444"},{"taxonomy":"product_brand","embeddable":true,"href":"https:\/\/www.mexicanguitarplayers.com\/en\/wp-json\/wp\/v2\/product_brand?post=42444"},{"taxonomy":"product_cat","embeddable":true,"href":"https:\/\/www.mexicanguitarplayers.com\/en\/wp-json\/wp\/v2\/product_cat?post=42444"},{"taxonomy":"product_tag","embeddable":true,"href":"https:\/\/www.mexicanguitarplayers.com\/en\/wp-json\/wp\/v2\/product_tag?post=42444"}],"curies":[{"name":"wp","href":"https:\/\/api.w.org\/{rel}","templated":true}]}}