{"id":42520,"date":"2025-04-09T09:19:54","date_gmt":"2025-04-09T15:19:54","guid":{"rendered":"https:\/\/www.mexicanguitarplayers.com\/tienda\/sin categor\u00eda\/pedal-t-c-p-guitarra-ditto-stereo-loopr\/"},"modified":"2026-05-01T07:15:57","modified_gmt":"2026-05-01T13:15:57","slug":"pedal-t-c-p-guitarra-ditto-stereo-loopr","status":"publish","type":"product","link":"https:\/\/www.mexicanguitarplayers.com\/en\/tienda\/cuerdas\/efectos\/efectos-individuales\/pedal-t-c-p-guitarra-ditto-stereo-loopr\/","title":{"rendered":"PEDAL T.C. P\/GUITARRA DITTO STEREO LOOPR"},"content":{"rendered":"<div style=\"text-align: justify\">\n<div>\n<h3>Una gran perspectiva del loop.<\/h3>\n<\/div>\n<div>Cuando TC Electronics present\u00f3 el Ditto Looper en 2013, se convirti\u00f3 en un gran \u00e9xito casi de forma instant\u00e1nea. A los guitarristas les encant\u00f3 su sencillo y directo dise\u00f1o de generaci\u00f3n de loops, hasta tal punto que se convirti\u00f3 en el pedal de guitarra m\u00e1s vendido del mundo. Con el Ditto Stereo Looper, TC Electronic re\u00fane alguna de las principales funciones de la pedalera de doble interruptor Ditto X2 Looper en un chasis m\u00e1s peque\u00f1o, sin comprometer por ello la esencia simple y directa que convirti\u00f3 al Ditto Looper en una unidad tan famosa. Estas funciones incluyen se\u00f1al est\u00e9reo, importaci\u00f3n\/exportaci\u00f3n USB de loops, pista de acompa\u00f1amiento, Starjam y la capacidad de que la unidad reciba corriente el\u00e9ctrica a trav\u00e9s de un PSU (el PowerPlug 9 de TC Electronic es una magn\u00edfica elecci\u00f3n) o con una pila de 9 voltios. Por supuesto, el Ditto Stereo Looper te ofrece las mismas funciones que convirtieron al Ditto original en todo un \u00e9xito: \u2013 Cinco minutos de tiempo de loop. \u2013 Overdubs ilimitados. \u2013 Opci\u00f3n undo\/redo para los overdubs. \u2013 Bypass real, dise\u00f1o dry-through anal\u00f3gico. \u2013 Audio de alta calidad a 24 bits sin compresi\u00f3n.<\/div>\n<div>\n<h4>Quick look<\/h4>\n<\/div>\n<ul style=\"margin: 0px 0px 0px 25px\">\n<li style=\"list-style-type: circle;margin: 5px\">Maximum loop length.<\/li>\n<li style=\"list-style-type: circle;margin: 5px\">Maximum amount of overdubs.<\/li>\n<li style=\"list-style-type: circle;margin: 5px\">Bypass mode.<\/li>\n<li style=\"list-style-type: circle;margin: 5px\">Latency<\/li>\n<li style=\"list-style-type: circle;margin: 5px\">Dimensions.<\/li>\n<li style=\"list-style-type: circle;margin: 5px\">Weight.<\/li>\n<li style=\"list-style-type: circle;margin: 5px\">Input connectors.<\/li>\n<li style=\"list-style-type: circle;margin: 5px\">Output connectors.<\/li>\n<li style=\"list-style-type: circle;margin: 5px\">Plug.<\/li>\n<li style=\"list-style-type: circle;margin: 5px\">USB connector type.<\/li>\n<li style=\"list-style-type: circle;margin: 5px\">Controls<\/li>\n<\/ul>\n<div>\n<div style=\"font-weight: bold\">Maximum loop length.<\/div>\n<div>\n<p>5 minutes.<\/p>\n<\/div>\n<div style=\"font-weight: bold\">Maximum amount of overdubs.<\/div>\n<div>\n<p>Unlimited.<\/p>\n<\/div>\n<div style=\"font-weight: bold\">Bypass mode.<\/div>\n<div>\n<p>True-Bypass.<\/p>\n<\/div>\n<div style=\"font-weight: bold\">Latency<\/div>\n<div>\n<p>None (analog dry-through).<\/p>\n<\/div>\n<div style=\"font-weight: bold\">Dimensions.<\/div>\n<div>\n<p>72 x 122 x 50 mm.<\/p>\n<\/div>\n<div style=\"font-weight: bold\">Weight.<\/div>\n<div>\n<p>420 g.<\/p>\n<\/div>\n<div style=\"font-weight: bold\">Input connectors.<\/div>\n<div>\n<p>Stereo, 2 standard 6.3 mm TS jacks.<\/p>\n<\/div>\n<div style=\"font-weight: bold\">Output connectors.<\/div>\n<div>\n<p>Stereo, 2 standard 6.3 mm TS jacks.<\/p>\n<\/div>\n<div style=\"font-weight: bold\">Plug.<\/div>\n<div>\n<p>9 VDC standard, center negative (optional).<\/p>\n<\/div>\n<div style=\"font-weight: bold\">USB connector type.<\/div>\n<div>\n<p>USB mini-B.<\/p>\n<\/div>\n<div style=\"font-weight: bold\">Controls<\/div>\n<div>\n<p>Mando de nivel de loop.Pedal loop.Interruptor Store \/ Delete Backing track level.<\/p>\n<\/div>\n<\/div>\n<\/div>","protected":false},"excerpt":{"rendered":"<p>Pedal looper para guitarra, s\u00faper intuitivo, funciones de importar y exportar loop, backing track y star jam, 5 minutos de looping con overdubs ilimitados, dise\u00f1o compacto, entradas y salidas est\u00e9reo, calidad de audi\u00f3filo de 24 bits sin compresi\u00f3n, true-bypass, analog-dry-through, requiere bater\u00eda de 9V o adaptador decorriente, 9V\/100mA.&hellip; <a class=\"kt-excerpt-readmore more-link\" href=\"https:\/\/www.mexicanguitarplayers.com\/en\/tienda\/cuerdas\/efectos\/efectos-individuales\/pedal-t-c-p-guitarra-ditto-stereo-loopr\/\">Read more<\/a><\/p>","protected":false},"featured_media":42517,"comment_status":"open","ping_status":"closed","template":"","meta":{"kt_blocks_editor_width":""},"pwb-brand":[170],"product_brand":[],"product_cat":[224,241,504],"product_tag":[],"class_list":{"0":"post-42520","1":"product","2":"type-product","3":"status-publish","4":"has-post-thumbnail","6":"pwb-brand-tc-electronic","7":"product_cat-cuerdas","8":"product_cat-efectos","9":"product_cat-efectos-individuales","10":"product_shipping_class-0-5-kg","12":"first","13":"instock","14":"taxable","15":"shipping-taxable","16":"purchasable","17":"product-type-simple"},"yoast_head":"<!-- This site is optimized with the Yoast SEO plugin v27.5 - https:\/\/yoast.com\/product\/yoast-seo-wordpress\/ -->\n<title>PEDAL T.C. P\/GUITARRA DITTO STEREO LOOPR - Mexican Guitar Players<\/title>\n<meta name=\"description\" content=\"Pedal looper para guitarra, s\u00faper intuitivo, funciones de importar y exportar loop, backing track y star jam, 5 minutos de looping con overdubs ilimitados, dise\u00f1o compacto, entradas y salidas est\u00e9reo, calidad de audi\u00f3filo de 24 bits sin compresi\u00f3n, true-bypass, analog-dry-through, requiere bater\u00eda de 9V o adaptador decorriente, 9V\/100mA.\" \/>\n<meta name=\"robots\" content=\"index, follow, max-snippet:-1, max-image-preview:large, max-video-preview:-1\" \/>\n<link rel=\"canonical\" href=\"https:\/\/www.mexicanguitarplayers.com\/en\/tienda\/sin%20categor\u00eda\/pedal-t-c-p-guitarra-ditto-stereo-loopr\/\" \/>\n<meta property=\"og:locale\" content=\"en_US\" \/>\n<meta property=\"og:type\" content=\"article\" \/>\n<meta property=\"og:title\" content=\"PEDAL T.C. P\/GUITARRA DITTO STEREO LOOPR - Mexican Guitar Players\" \/>\n<meta property=\"og:description\" content=\"Pedal looper para guitarra, s\u00faper intuitivo, funciones de importar y exportar loop, backing track y star jam, 5 minutos de looping con overdubs ilimitados, dise\u00f1o compacto, entradas y salidas est\u00e9reo, calidad de audi\u00f3filo de 24 bits sin compresi\u00f3n, true-bypass, analog-dry-through, requiere bater\u00eda de 9V o adaptador decorriente, 9V\/100mA.\" \/>\n<meta property=\"og:url\" content=\"https:\/\/www.mexicanguitarplayers.com\/en\/tienda\/sin categor\u00eda\/pedal-t-c-p-guitarra-ditto-stereo-loopr\/\" \/>\n<meta property=\"og:site_name\" content=\"Mexican Guitar Players\" \/>\n<meta property=\"article:modified_time\" content=\"2026-05-01T13:15:57+00:00\" \/>\n<meta name=\"twitter:card\" content=\"summary_large_image\" \/>\n<meta name=\"twitter:label1\" content=\"Est. reading time\" \/>\n\t<meta name=\"twitter:data1\" content=\"2 minutes\" \/>\n<script type=\"application\/ld+json\" class=\"yoast-schema-graph\">{\"@context\":\"https:\\\/\\\/schema.org\",\"@graph\":[{\"@type\":[\"WebPage\",\"ItemPage\"],\"@id\":\"https:\\\/\\\/www.mexicanguitarplayers.com\\\/tienda\\\/sin categor\u00eda\\\/pedal-t-c-p-guitarra-ditto-stereo-loopr\\\/\",\"url\":\"https:\\\/\\\/www.mexicanguitarplayers.com\\\/tienda\\\/sin categor\u00eda\\\/pedal-t-c-p-guitarra-ditto-stereo-loopr\\\/\",\"name\":\"PEDAL T.C. P\\\/GUITARRA DITTO STEREO LOOPR - Mexican Guitar Players\",\"isPartOf\":{\"@id\":\"https:\\\/\\\/www.mexicanguitarplayers.com\\\/#website\"},\"primaryImageOfPage\":{\"@id\":\"https:\\\/\\\/www.mexicanguitarplayers.com\\\/tienda\\\/sin categor\u00eda\\\/pedal-t-c-p-guitarra-ditto-stereo-loopr\\\/#primaryimage\"},\"image\":{\"@id\":\"https:\\\/\\\/www.mexicanguitarplayers.com\\\/tienda\\\/sin categor\u00eda\\\/pedal-t-c-p-guitarra-ditto-stereo-loopr\\\/#primaryimage\"},\"thumbnailUrl\":\"https:\\\/\\\/www.mexicanguitarplayers.com\\\/wp-content\\\/uploads\\\/2025\\\/04\\\/VATCEDTOSTELOP.jpg\",\"datePublished\":\"2025-04-09T15:19:54+00:00\",\"dateModified\":\"2026-05-01T13:15:57+00:00\",\"description\":\"Pedal looper para guitarra, s\u00faper intuitivo, funciones de importar y exportar loop, backing track y star jam, 5 minutos de looping con overdubs ilimitados, dise\u00f1o compacto, entradas y salidas est\u00e9reo, calidad de audi\u00f3filo de 24 bits sin compresi\u00f3n, true-bypass, analog-dry-through, requiere bater\u00eda de 9V o adaptador decorriente, 9V\\\/100mA.\",\"breadcrumb\":{\"@id\":\"https:\\\/\\\/www.mexicanguitarplayers.com\\\/tienda\\\/sin categor\u00eda\\\/pedal-t-c-p-guitarra-ditto-stereo-loopr\\\/#breadcrumb\"},\"inLanguage\":\"en-US\",\"potentialAction\":[{\"@type\":\"ReadAction\",\"target\":[\"https:\\\/\\\/www.mexicanguitarplayers.com\\\/tienda\\\/sin categor\u00eda\\\/pedal-t-c-p-guitarra-ditto-stereo-loopr\\\/\"]}]},{\"@type\":\"ImageObject\",\"inLanguage\":\"en-US\",\"@id\":\"https:\\\/\\\/www.mexicanguitarplayers.com\\\/tienda\\\/sin categor\u00eda\\\/pedal-t-c-p-guitarra-ditto-stereo-loopr\\\/#primaryimage\",\"url\":\"https:\\\/\\\/www.mexicanguitarplayers.com\\\/wp-content\\\/uploads\\\/2025\\\/04\\\/VATCEDTOSTELOP.jpg\",\"contentUrl\":\"https:\\\/\\\/www.mexicanguitarplayers.com\\\/wp-content\\\/uploads\\\/2025\\\/04\\\/VATCEDTOSTELOP.jpg\",\"width\":800,\"height\":1600},{\"@type\":\"BreadcrumbList\",\"@id\":\"https:\\\/\\\/www.mexicanguitarplayers.com\\\/tienda\\\/sin categor\u00eda\\\/pedal-t-c-p-guitarra-ditto-stereo-loopr\\\/#breadcrumb\",\"itemListElement\":[{\"@type\":\"ListItem\",\"position\":1,\"name\":\"Portada\",\"item\":\"https:\\\/\\\/www.mexicanguitarplayers.com\\\/\"},{\"@type\":\"ListItem\",\"position\":2,\"name\":\"Tienda\",\"item\":\"https:\\\/\\\/www.mexicanguitarplayers.com\\\/tienda\\\/\"},{\"@type\":\"ListItem\",\"position\":3,\"name\":\"PEDAL T.C. P\\\/GUITARRA DITTO STEREO LOOPR\"}]},{\"@type\":\"WebSite\",\"@id\":\"https:\\\/\\\/www.mexicanguitarplayers.com\\\/#website\",\"url\":\"https:\\\/\\\/www.mexicanguitarplayers.com\\\/\",\"name\":\"Mexican Guitar Players\",\"description\":\"Website\",\"publisher\":{\"@id\":\"https:\\\/\\\/www.mexicanguitarplayers.com\\\/#organization\"},\"potentialAction\":[{\"@type\":\"SearchAction\",\"target\":{\"@type\":\"EntryPoint\",\"urlTemplate\":\"https:\\\/\\\/www.mexicanguitarplayers.com\\\/?s={search_term_string}\"},\"query-input\":{\"@type\":\"PropertyValueSpecification\",\"valueRequired\":true,\"valueName\":\"search_term_string\"}}],\"inLanguage\":\"en-US\"},{\"@type\":\"Organization\",\"@id\":\"https:\\\/\\\/www.mexicanguitarplayers.com\\\/#organization\",\"name\":\"Mexican Guitar Players\",\"url\":\"https:\\\/\\\/www.mexicanguitarplayers.com\\\/\",\"logo\":{\"@type\":\"ImageObject\",\"inLanguage\":\"en-US\",\"@id\":\"https:\\\/\\\/www.mexicanguitarplayers.com\\\/#\\\/schema\\\/logo\\\/image\\\/\",\"url\":\"\",\"contentUrl\":\"\",\"caption\":\"Mexican Guitar Players\"},\"image\":{\"@id\":\"https:\\\/\\\/www.mexicanguitarplayers.com\\\/#\\\/schema\\\/logo\\\/image\\\/\"}}]}<\/script>\n<!-- \/ Yoast SEO plugin. -->","yoast_head_json":{"title":"PEDAL T.C. P\/GUITARRA DITTO STEREO LOOPR - Mexican Guitar Players","description":"Pedal looper para guitarra, s\u00faper intuitivo, funciones de importar y exportar loop, backing track y star jam, 5 minutos de looping con overdubs ilimitados, dise\u00f1o compacto, entradas y salidas est\u00e9reo, calidad de audi\u00f3filo de 24 bits sin compresi\u00f3n, true-bypass, analog-dry-through, requiere bater\u00eda de 9V o adaptador decorriente, 9V\/100mA.","robots":{"index":"index","follow":"follow","max-snippet":"max-snippet:-1","max-image-preview":"max-image-preview:large","max-video-preview":"max-video-preview:-1"},"canonical":"https:\/\/www.mexicanguitarplayers.com\/en\/tienda\/sin categor\u00eda\/pedal-t-c-p-guitarra-ditto-stereo-loopr\/","og_locale":"en_US","og_type":"article","og_title":"PEDAL T.C. P\/GUITARRA DITTO STEREO LOOPR - Mexican Guitar Players","og_description":"Pedal looper para guitarra, s\u00faper intuitivo, funciones de importar y exportar loop, backing track y star jam, 5 minutos de looping con overdubs ilimitados, dise\u00f1o compacto, entradas y salidas est\u00e9reo, calidad de audi\u00f3filo de 24 bits sin compresi\u00f3n, true-bypass, analog-dry-through, requiere bater\u00eda de 9V o adaptador decorriente, 9V\/100mA.","og_url":"https:\/\/www.mexicanguitarplayers.com\/en\/tienda\/sin categor\u00eda\/pedal-t-c-p-guitarra-ditto-stereo-loopr\/","og_site_name":"Mexican Guitar Players","article_modified_time":"2026-05-01T13:15:57+00:00","twitter_card":"summary_large_image","twitter_misc":{"Est. reading time":"2 minutes"},"schema":{"@context":"https:\/\/schema.org","@graph":[{"@type":["WebPage","ItemPage"],"@id":"https:\/\/www.mexicanguitarplayers.com\/tienda\/sin categor\u00eda\/pedal-t-c-p-guitarra-ditto-stereo-loopr\/","url":"https:\/\/www.mexicanguitarplayers.com\/tienda\/sin categor\u00eda\/pedal-t-c-p-guitarra-ditto-stereo-loopr\/","name":"PEDAL T.C. P\/GUITARRA DITTO STEREO LOOPR - Mexican Guitar Players","isPartOf":{"@id":"https:\/\/www.mexicanguitarplayers.com\/#website"},"primaryImageOfPage":{"@id":"https:\/\/www.mexicanguitarplayers.com\/tienda\/sin categor\u00eda\/pedal-t-c-p-guitarra-ditto-stereo-loopr\/#primaryimage"},"image":{"@id":"https:\/\/www.mexicanguitarplayers.com\/tienda\/sin categor\u00eda\/pedal-t-c-p-guitarra-ditto-stereo-loopr\/#primaryimage"},"thumbnailUrl":"https:\/\/www.mexicanguitarplayers.com\/wp-content\/uploads\/2025\/04\/VATCEDTOSTELOP.jpg","datePublished":"2025-04-09T15:19:54+00:00","dateModified":"2026-05-01T13:15:57+00:00","description":"Pedal looper para guitarra, s\u00faper intuitivo, funciones de importar y exportar loop, backing track y star jam, 5 minutos de looping con overdubs ilimitados, dise\u00f1o compacto, entradas y salidas est\u00e9reo, calidad de audi\u00f3filo de 24 bits sin compresi\u00f3n, true-bypass, analog-dry-through, requiere bater\u00eda de 9V o adaptador decorriente, 9V\/100mA.","breadcrumb":{"@id":"https:\/\/www.mexicanguitarplayers.com\/tienda\/sin categor\u00eda\/pedal-t-c-p-guitarra-ditto-stereo-loopr\/#breadcrumb"},"inLanguage":"en-US","potentialAction":[{"@type":"ReadAction","target":["https:\/\/www.mexicanguitarplayers.com\/tienda\/sin categor\u00eda\/pedal-t-c-p-guitarra-ditto-stereo-loopr\/"]}]},{"@type":"ImageObject","inLanguage":"en-US","@id":"https:\/\/www.mexicanguitarplayers.com\/tienda\/sin categor\u00eda\/pedal-t-c-p-guitarra-ditto-stereo-loopr\/#primaryimage","url":"https:\/\/www.mexicanguitarplayers.com\/wp-content\/uploads\/2025\/04\/VATCEDTOSTELOP.jpg","contentUrl":"https:\/\/www.mexicanguitarplayers.com\/wp-content\/uploads\/2025\/04\/VATCEDTOSTELOP.jpg","width":800,"height":1600},{"@type":"BreadcrumbList","@id":"https:\/\/www.mexicanguitarplayers.com\/tienda\/sin categor\u00eda\/pedal-t-c-p-guitarra-ditto-stereo-loopr\/#breadcrumb","itemListElement":[{"@type":"ListItem","position":1,"name":"Portada","item":"https:\/\/www.mexicanguitarplayers.com\/"},{"@type":"ListItem","position":2,"name":"Tienda","item":"https:\/\/www.mexicanguitarplayers.com\/tienda\/"},{"@type":"ListItem","position":3,"name":"PEDAL T.C. P\/GUITARRA DITTO STEREO LOOPR"}]},{"@type":"WebSite","@id":"https:\/\/www.mexicanguitarplayers.com\/#website","url":"https:\/\/www.mexicanguitarplayers.com\/","name":"Mexican Guitar Players","description":"Website","publisher":{"@id":"https:\/\/www.mexicanguitarplayers.com\/#organization"},"potentialAction":[{"@type":"SearchAction","target":{"@type":"EntryPoint","urlTemplate":"https:\/\/www.mexicanguitarplayers.com\/?s={search_term_string}"},"query-input":{"@type":"PropertyValueSpecification","valueRequired":true,"valueName":"search_term_string"}}],"inLanguage":"en-US"},{"@type":"Organization","@id":"https:\/\/www.mexicanguitarplayers.com\/#organization","name":"Mexican Guitar Players","url":"https:\/\/www.mexicanguitarplayers.com\/","logo":{"@type":"ImageObject","inLanguage":"en-US","@id":"https:\/\/www.mexicanguitarplayers.com\/#\/schema\/logo\/image\/","url":"","contentUrl":"","caption":"Mexican Guitar Players"},"image":{"@id":"https:\/\/www.mexicanguitarplayers.com\/#\/schema\/logo\/image\/"}}]}},"brands":[{"id":170,"name":"TC-ELECTRONIC","slug":"tc-electronic"}],"_links":{"self":[{"href":"https:\/\/www.mexicanguitarplayers.com\/en\/wp-json\/wp\/v2\/product\/42520","targetHints":{"allow":["GET"]}}],"collection":[{"href":"https:\/\/www.mexicanguitarplayers.com\/en\/wp-json\/wp\/v2\/product"}],"about":[{"href":"https:\/\/www.mexicanguitarplayers.com\/en\/wp-json\/wp\/v2\/types\/product"}],"replies":[{"embeddable":true,"href":"https:\/\/www.mexicanguitarplayers.com\/en\/wp-json\/wp\/v2\/comments?post=42520"}],"wp:featuredmedia":[{"embeddable":true,"href":"https:\/\/www.mexicanguitarplayers.com\/en\/wp-json\/wp\/v2\/media\/42517"}],"wp:attachment":[{"href":"https:\/\/www.mexicanguitarplayers.com\/en\/wp-json\/wp\/v2\/media?parent=42520"}],"wp:term":[{"taxonomy":"pwb-brand","embeddable":true,"href":"https:\/\/www.mexicanguitarplayers.com\/en\/wp-json\/wp\/v2\/pwb-brand?post=42520"},{"taxonomy":"product_brand","embeddable":true,"href":"https:\/\/www.mexicanguitarplayers.com\/en\/wp-json\/wp\/v2\/product_brand?post=42520"},{"taxonomy":"product_cat","embeddable":true,"href":"https:\/\/www.mexicanguitarplayers.com\/en\/wp-json\/wp\/v2\/product_cat?post=42520"},{"taxonomy":"product_tag","embeddable":true,"href":"https:\/\/www.mexicanguitarplayers.com\/en\/wp-json\/wp\/v2\/product_tag?post=42520"}],"curies":[{"name":"wp","href":"https:\/\/api.w.org\/{rel}","templated":true}]}}