{"id":42525,"date":"2025-04-09T09:19:59","date_gmt":"2025-04-09T15:19:59","guid":{"rendered":"https:\/\/www.mexicanguitarplayers.com\/tienda\/sin categor\u00eda\/crossover-behringer-electronico-cx2310v2\/"},"modified":"2026-05-01T07:15:56","modified_gmt":"2026-05-01T13:15:56","slug":"crossover-behringer-electronico-cx2310v2","status":"publish","type":"product","link":"https:\/\/www.mexicanguitarplayers.com\/en\/tienda\/audio\/procesadores\/procesadores-para-bafle\/crossover-behringer-electronico-cx2310v2\/","title":{"rendered":"CROSSOVER BEHRINGER ELECTRONICO CX2310V2"},"content":{"rendered":"<div style=\"text-align: justify\">\n<div>\n<h3>Divide y vencer\u00e1s.<\/h3>\n<\/div>\n<div>El crossover CX2310 est\u00e9reo de 2 v\u00edas est\u00e9reo y 3 v\u00edas mono, te brinda una separaci\u00f3n de frecuencia de audio incre\u00edblemente precisa, gracias a su circuito de \u00faltima generaci\u00f3n, componentes de grado superior, amplificadores operacionales de ruido ultrabajo y conectividad de E\/S balanceada. Adem\u00e1s, el CX2310 cuenta con una salida de subwoofer ajustable independientemente, que proporciona de manera efectiva una banda de baja frecuencia adicional con un rango de control de 10 a 235 Hz. Mediante el uso de resistencias de pel\u00edcula de metal al 1%, junto con otros componentes de tolerancia extremadamente ajustada, el CX2310 puede garantizar una selecci\u00f3n de frecuencia quir\u00fargicamente precisa con un ruido t\u00e9rmico incre\u00edblemente bajo. En pocas palabras, el SUPER-X PRO CX2310 f\u00e1cil de usar es uno de los crossovers con mejor sonido en su clase. Cuando un sistema de sonido est\u00e1 ajustado correctamente, se vuelve poderoso, equilibrado y eficiente. El contenido de bajo es contundente y ajustado, con voces e instrumentos que son ricos, n\u00edtidos y bien definidos. El procesamiento de se\u00f1al preciso del crossover CX2310 protege los componentes cr\u00edticos del altavoz y mejora la eficiencia general del sistema. Todas las conexiones de entrada y salida son XLR balanceadas \/ desbalanceadas y cuentan con filtros de corte bajo de 25 Hz para protecci\u00f3n del controlador de baja frecuencia, adem\u00e1s de interruptores de inversi\u00f3n de fase y silencio, lo que hace que la resoluci\u00f3n de problemas incluso en un sistema grande, sea algo pr\u00e1cticamente sin esfuerzo. \u00bfQu\u00e9 es un Crossover? Lo m\u00e1s probable es que si est\u00e1s leyendo esto, ya sabes lo que es un crossover y sabes que necesitas uno. Pero si eres nuevo en los sistemas de megafon\u00eda multi-modo, aqu\u00ed hay una breve descripci\u00f3n. Los altavoces (que llamamos transductores) convierten las se\u00f1ales el\u00e9ctricas en ondas de sonido. Y no importa qu\u00e9 tan bien est\u00e9 dise\u00f1ado o fabricado un transductor, simplemente no puede reproducir todo el espectro de audio por s\u00ed mismo. Los sonidos de baja frecuencia tienden a empujar un transductor al m\u00e1ximo, lo que hace imposible que ese mismo transductor reproduzca el contenido de agudos con la calidad de sonido que se merece. Es por eso que los sistemas de sonido de alta calidad utilizan varios altavoces (woofers y tweeters) para extender el trabajo. Mientras que el woofer (generalmente el transductor m\u00e1s grande) hace todo el trabajo pesado, el tweeter puede manejar f\u00e1cilmente el contenido de alta frecuencia. Los sistemas de tres y cuatro v\u00edas distribuyen el trabajo a\u00fan m\u00e1s, lo que permite que los transductores individuales reproduzcan el rango de frecuencia para el que fueron dise\u00f1ados. Es la funci\u00f3n del crossover dividir estas tareas entre los diversos amplificadores y transductores. El CX2310 proporciona dos modos de operaci\u00f3n: est\u00e9reo de 2 v\u00edas, para graves izquierdo y derecho (woofers) y agudos (tweeters); y mono de 3 v\u00edas, para Lows, Mids y Highs. En cualquier modo, hay una salida adicional provista para un subwoofer mono, con sus propios controles de frecuencia y nivel. Esta caracter\u00edstica adicional convierte efectivamente al CX2310 en un crossover est\u00e9reo bidireccional + mono de 1 v\u00eda o mono de 4 v\u00edas. La salida del subwoofer se presenta en mono, ya que las personas perciben frecuencias graves extremadamente bajas como omnidireccionales. Para su comodidad, el panel frontal del CX2310 presenta una matriz LED elegante y f\u00e1cil de leer, para que pueda ver de un vistazo qu\u00e9 modo de operaci\u00f3n se ha seleccionado y qu\u00e9 controles est\u00e1n actualmente activos.<\/div>\n<div>\n<h4>Quick look<\/h4>\n<\/div>\n<ul style=\"margin: 0px 0px 0px 25px\">\n<li style=\"list-style-type: circle;margin: 5px\">Audio inputs.<\/li>\n<li style=\"list-style-type: circle;margin: 5px\">Audio outputs.<\/li>\n<li style=\"list-style-type: circle;margin: 5px\">Rendimiento.<\/li>\n<li style=\"list-style-type: circle;margin: 5px\">Crossover.<\/li>\n<li style=\"list-style-type: circle;margin: 5px\">Filtro Low Cut.<\/li>\n<li style=\"list-style-type: circle;margin: 5px\">Power supply.<\/li>\n<li style=\"list-style-type: circle;margin: 5px\">Dimensions.<\/li>\n<li style=\"list-style-type: circle;margin: 5px\">Weight.<\/li>\n<\/ul>\n<div>\n<div style=\"font-weight: bold\">Audio inputs.<\/div>\n<div>\n<p>Tipo: XLR electr\u00f3nicamente servo-balanceado, filtrado HF. Impedancia: 52 kilo-ohms balanceado, 26 kilo-ohms desbalanceado. Nivel de entrada m\u00e1ximo: +22 dBu, balanceado o desbalanceado. CMRR: T\u00edpico &gt;60 dB @ 1 kHz.<\/p>\n<\/div>\n<div style=\"font-weight: bold\">Audio outputs.<\/div>\n<div>\n<p>Tipo: XLR electr\u00f3nicamente servo-balanceado, filtrado HF. Impedancia: &lt;100, balanceado o desbalanceado. Nivel de salida m\u00e1ximo: +21 dBu, balanceado o desbalanceado.<\/p>\n<\/div>\n<div style=\"font-weight: bold\">Rendimiento.<\/div>\n<div>\n<p>Ancho de banda: 20 Hz a 20 kHz, + 0 \/ &#8211; 0.5 dB. Respuesta de frecuencia: 10 Hz a 60 kHz, +0\/-3 dB. Relaci\u00f3n se\u00f1al a ruido: +4 dBu, 20 Hz a 20 kHz, sin ponderaci\u00f3n. Salida Low: Modo est\u00e9reo: &gt;97 dB, modo mono: &gt;97 dB. Salida Mid: Modo mono: &gt;98 dB. Salida High: Modo est\u00e9reo: &gt;95 dB, modo mono: 94 dB. Salida Subwoofer: Modo est\u00e9reo: &gt;97 dB, modo mono: 97 dB. Interchannel crosstalk: High to Low: &lt;-90 dB. High to Mid: &lt;-90 dB. Mid to Low: &lt;-90 dB.<\/p>\n<\/div>\n<div style=\"font-weight: bold\">Crossover.<\/div>\n<div>\n<p>Tipo de filtro: Linkwitz-Riley, 24 dB\/octava, estado variable. Frecuencias crossover modo mono: x1 x10. Low\/High: x1: 44 Hz a 930 Hz \/ x10: 440 Hz a 9.3 kHz. Low\/Mid: x1: 44 Hz a 930 Hz \/ X10: 440 Hz a 9.3 kHz. Mid\/High: x1: 44 Hz a 930 Hz \/ x10: 440 Hz a 9.3 kHz. Frecuencias crossover modo est\u00e9reo: Low\/High: x1: 44 Hz a 930 Hz \/ x10: 440 Hz a 9.3 kHz. Frecuencias crossover subwoofer: 10 Hz a 215 Hz (-3 dB).<\/p>\n<\/div>\n<div style=\"font-weight: bold\">Filtro Low Cut.<\/div>\n<div>\n<p>Frecuencia de filtro Low Cut: 25 Hz (-3 dB) 12 dB por octava.<\/p>\n<\/div>\n<div style=\"font-weight: bold\">Power supply.<\/div>\n<div>\n<p>Autorango de modo conmutado: 100-240 V ~50\/60 Hz. Consumo de energ\u00eda: 10 W. Conector de energ\u00eda: Recept\u00e1culo IEC est\u00e1ndar.<\/p>\n<\/div>\n<div style=\"font-weight: bold\">Dimensions.<\/div>\n<div>\n<p>44 x 483 x 147 mm.<\/p>\n<\/div>\n<div style=\"font-weight: bold\">Weight.<\/div>\n<div>\n<p>1.6 kg.<\/p>\n<\/div>\n<\/div>\n<\/div>","protected":false},"excerpt":{"rendered":"<p>Crossover de alta precisi\u00f3n de 2 v\u00edas est\u00e9reo y 3 v\u00edas mono, filtros Linkwitz-Riley de \u00faltima generaci\u00f3n con 24 dB\/Octava, salida de subwoofer adicional con control de frecuencia independiente, respuesta de amplitud absolutamente plana, diferencia de fase cero, controles de ganancia para todas las bandas, switches mute para un ajuste de banda f\u00e1cil, switches  de inversi\u00f3n de fase individual para la correcci\u00f3n de fase instant\u00e1nea, filtro de corte bajo conmutable de 25 Hz en cada entrada para protecci\u00f3n del controlador de baja frecuencia, conectores XLR servo-balanceados y dorados para todas las entradas y salidas, potenci\u00f3metros de precisi\u00f3n ultra alta para m\u00e1xima precisi\u00f3n y repetibilidad, switches iluminados para un funcionamiento seguro en entornos oscuros de escenario, fuente de alimentaci\u00f3n conmutada interna (100-240 V ~) para audio sin ruido y bajo consumo de energ\u00eda, dimensiones: 44 x 483 x 17 mm, peso: 1.6 kg.&hellip; <a class=\"kt-excerpt-readmore more-link\" href=\"https:\/\/www.mexicanguitarplayers.com\/en\/tienda\/audio\/procesadores\/procesadores-para-bafle\/crossover-behringer-electronico-cx2310v2\/\">Read more<\/a><\/p>","protected":false},"featured_media":42521,"comment_status":"open","ping_status":"closed","template":"","meta":{"kt_blocks_editor_width":""},"pwb-brand":[171],"product_brand":[],"product_cat":[213,493,536],"product_tag":[],"class_list":{"0":"post-42525","1":"product","2":"type-product","3":"status-publish","4":"has-post-thumbnail","6":"pwb-brand-behringer","7":"product_cat-audio","8":"product_cat-procesadores","9":"product_cat-procesadores-para-bafle","10":"product_shipping_class-0-5-kg","12":"first","13":"instock","14":"taxable","15":"shipping-taxable","16":"purchasable","17":"product-type-simple"},"yoast_head":"<!-- This site is optimized with the Yoast SEO plugin v27.6 - https:\/\/yoast.com\/product\/yoast-seo-wordpress\/ -->\n<title>CROSSOVER BEHRINGER ELECTRONICO CX2310V2 - Mexican Guitar Players<\/title>\n<meta name=\"description\" content=\"Crossover de alta precisi\u00f3n de 2 v\u00edas est\u00e9reo y 3 v\u00edas mono, filtros Linkwitz-Riley de \u00faltima generaci\u00f3n con 24 dB\/Octava, salida de subwoofer adicional con control de frecuencia independiente, respuesta de amplitud absolutamente plana, diferencia de fase cero, controles de ganancia para todas las bandas, switches mute para un ajuste de banda f\u00e1cil, switches de inversi\u00f3n de fase individual para la correcci\u00f3n de fase instant\u00e1nea, filtro de corte bajo conmutable de 25 Hz en cada entrada para protecci\u00f3n del controlador de baja frecuencia, conectores XLR servo-balanceados y dorados para todas las entradas y salidas, potenci\u00f3metros de precisi\u00f3n ultra alta para m\u00e1xima precisi\u00f3n y repetibilidad, switches iluminados para un funcionamiento seguro en entornos oscuros de escenario, fuente de alimentaci\u00f3n conmutada interna (100-240 V ~) para audio sin ruido y bajo consumo de energ\u00eda, dimensiones: 44 x 483 x 17 mm, peso: 1.6 kg.\" \/>\n<meta name=\"robots\" content=\"index, follow, max-snippet:-1, max-image-preview:large, max-video-preview:-1\" \/>\n<link rel=\"canonical\" href=\"https:\/\/www.mexicanguitarplayers.com\/en\/tienda\/sin%20categor\u00eda\/crossover-behringer-electronico-cx2310v2\/\" \/>\n<meta property=\"og:locale\" content=\"en_US\" \/>\n<meta property=\"og:type\" content=\"article\" \/>\n<meta property=\"og:title\" content=\"CROSSOVER BEHRINGER ELECTRONICO CX2310V2 - Mexican Guitar Players\" \/>\n<meta property=\"og:description\" content=\"Crossover de alta precisi\u00f3n de 2 v\u00edas est\u00e9reo y 3 v\u00edas mono, filtros Linkwitz-Riley de \u00faltima generaci\u00f3n con 24 dB\/Octava, salida de subwoofer adicional con control de frecuencia independiente, respuesta de amplitud absolutamente plana, diferencia de fase cero, controles de ganancia para todas las bandas, switches mute para un ajuste de banda f\u00e1cil, switches de inversi\u00f3n de fase individual para la correcci\u00f3n de fase instant\u00e1nea, filtro de corte bajo conmutable de 25 Hz en cada entrada para protecci\u00f3n del controlador de baja frecuencia, conectores XLR servo-balanceados y dorados para todas las entradas y salidas, potenci\u00f3metros de precisi\u00f3n ultra alta para m\u00e1xima precisi\u00f3n y repetibilidad, switches iluminados para un funcionamiento seguro en entornos oscuros de escenario, fuente de alimentaci\u00f3n conmutada interna (100-240 V ~) para audio sin ruido y bajo consumo de energ\u00eda, dimensiones: 44 x 483 x 17 mm, peso: 1.6 kg.\" \/>\n<meta property=\"og:url\" content=\"https:\/\/www.mexicanguitarplayers.com\/en\/tienda\/sin categor\u00eda\/crossover-behringer-electronico-cx2310v2\/\" \/>\n<meta property=\"og:site_name\" content=\"Mexican Guitar Players\" \/>\n<meta property=\"article:modified_time\" content=\"2026-05-01T13:15:56+00:00\" \/>\n<meta name=\"twitter:card\" content=\"summary_large_image\" \/>\n<meta name=\"twitter:label1\" content=\"Est. reading time\" \/>\n\t<meta name=\"twitter:data1\" content=\"4 minutes\" \/>\n<script type=\"application\/ld+json\" class=\"yoast-schema-graph\">{\"@context\":\"https:\\\/\\\/schema.org\",\"@graph\":[{\"@type\":[\"WebPage\",\"ItemPage\"],\"@id\":\"https:\\\/\\\/www.mexicanguitarplayers.com\\\/tienda\\\/sin categor\u00eda\\\/crossover-behringer-electronico-cx2310v2\\\/\",\"url\":\"https:\\\/\\\/www.mexicanguitarplayers.com\\\/tienda\\\/sin categor\u00eda\\\/crossover-behringer-electronico-cx2310v2\\\/\",\"name\":\"CROSSOVER BEHRINGER ELECTRONICO CX2310V2 - Mexican Guitar Players\",\"isPartOf\":{\"@id\":\"https:\\\/\\\/www.mexicanguitarplayers.com\\\/#website\"},\"primaryImageOfPage\":{\"@id\":\"https:\\\/\\\/www.mexicanguitarplayers.com\\\/tienda\\\/sin categor\u00eda\\\/crossover-behringer-electronico-cx2310v2\\\/#primaryimage\"},\"image\":{\"@id\":\"https:\\\/\\\/www.mexicanguitarplayers.com\\\/tienda\\\/sin categor\u00eda\\\/crossover-behringer-electronico-cx2310v2\\\/#primaryimage\"},\"thumbnailUrl\":\"https:\\\/\\\/www.mexicanguitarplayers.com\\\/wp-content\\\/uploads\\\/2025\\\/04\\\/IABEHCX2310V2.jpg\",\"datePublished\":\"2025-04-09T15:19:59+00:00\",\"dateModified\":\"2026-05-01T13:15:56+00:00\",\"description\":\"Crossover de alta precisi\u00f3n de 2 v\u00edas est\u00e9reo y 3 v\u00edas mono, filtros Linkwitz-Riley de \u00faltima generaci\u00f3n con 24 dB\\\/Octava, salida de subwoofer adicional con control de frecuencia independiente, respuesta de amplitud absolutamente plana, diferencia de fase cero, controles de ganancia para todas las bandas, switches mute para un ajuste de banda f\u00e1cil, switches de inversi\u00f3n de fase individual para la correcci\u00f3n de fase instant\u00e1nea, filtro de corte bajo conmutable de 25 Hz en cada entrada para protecci\u00f3n del controlador de baja frecuencia, conectores XLR servo-balanceados y dorados para todas las entradas y salidas, potenci\u00f3metros de precisi\u00f3n ultra alta para m\u00e1xima precisi\u00f3n y repetibilidad, switches iluminados para un funcionamiento seguro en entornos oscuros de escenario, fuente de alimentaci\u00f3n conmutada interna (100-240 V ~) para audio sin ruido y bajo consumo de energ\u00eda, dimensiones: 44 x 483 x 17 mm, peso: 1.6 kg.\",\"breadcrumb\":{\"@id\":\"https:\\\/\\\/www.mexicanguitarplayers.com\\\/tienda\\\/sin categor\u00eda\\\/crossover-behringer-electronico-cx2310v2\\\/#breadcrumb\"},\"inLanguage\":\"en-US\",\"potentialAction\":[{\"@type\":\"ReadAction\",\"target\":[\"https:\\\/\\\/www.mexicanguitarplayers.com\\\/tienda\\\/sin categor\u00eda\\\/crossover-behringer-electronico-cx2310v2\\\/\"]}]},{\"@type\":\"ImageObject\",\"inLanguage\":\"en-US\",\"@id\":\"https:\\\/\\\/www.mexicanguitarplayers.com\\\/tienda\\\/sin categor\u00eda\\\/crossover-behringer-electronico-cx2310v2\\\/#primaryimage\",\"url\":\"https:\\\/\\\/www.mexicanguitarplayers.com\\\/wp-content\\\/uploads\\\/2025\\\/04\\\/IABEHCX2310V2.jpg\",\"contentUrl\":\"https:\\\/\\\/www.mexicanguitarplayers.com\\\/wp-content\\\/uploads\\\/2025\\\/04\\\/IABEHCX2310V2.jpg\",\"width\":1600,\"height\":800},{\"@type\":\"BreadcrumbList\",\"@id\":\"https:\\\/\\\/www.mexicanguitarplayers.com\\\/tienda\\\/sin categor\u00eda\\\/crossover-behringer-electronico-cx2310v2\\\/#breadcrumb\",\"itemListElement\":[{\"@type\":\"ListItem\",\"position\":1,\"name\":\"Portada\",\"item\":\"https:\\\/\\\/www.mexicanguitarplayers.com\\\/\"},{\"@type\":\"ListItem\",\"position\":2,\"name\":\"Tienda\",\"item\":\"https:\\\/\\\/www.mexicanguitarplayers.com\\\/tienda\\\/\"},{\"@type\":\"ListItem\",\"position\":3,\"name\":\"CROSSOVER BEHRINGER ELECTRONICO CX2310V2\"}]},{\"@type\":\"WebSite\",\"@id\":\"https:\\\/\\\/www.mexicanguitarplayers.com\\\/#website\",\"url\":\"https:\\\/\\\/www.mexicanguitarplayers.com\\\/\",\"name\":\"Mexican Guitar Players\",\"description\":\"Website\",\"publisher\":{\"@id\":\"https:\\\/\\\/www.mexicanguitarplayers.com\\\/#organization\"},\"potentialAction\":[{\"@type\":\"SearchAction\",\"target\":{\"@type\":\"EntryPoint\",\"urlTemplate\":\"https:\\\/\\\/www.mexicanguitarplayers.com\\\/?s={search_term_string}\"},\"query-input\":{\"@type\":\"PropertyValueSpecification\",\"valueRequired\":true,\"valueName\":\"search_term_string\"}}],\"inLanguage\":\"en-US\"},{\"@type\":\"Organization\",\"@id\":\"https:\\\/\\\/www.mexicanguitarplayers.com\\\/#organization\",\"name\":\"Mexican Guitar Players\",\"url\":\"https:\\\/\\\/www.mexicanguitarplayers.com\\\/\",\"logo\":{\"@type\":\"ImageObject\",\"inLanguage\":\"en-US\",\"@id\":\"https:\\\/\\\/www.mexicanguitarplayers.com\\\/#\\\/schema\\\/logo\\\/image\\\/\",\"url\":\"\",\"contentUrl\":\"\",\"caption\":\"Mexican Guitar Players\"},\"image\":{\"@id\":\"https:\\\/\\\/www.mexicanguitarplayers.com\\\/#\\\/schema\\\/logo\\\/image\\\/\"}}]}<\/script>\n<!-- \/ Yoast SEO plugin. -->","yoast_head_json":{"title":"CROSSOVER BEHRINGER ELECTRONICO CX2310V2 - Mexican Guitar Players","description":"Crossover de alta precisi\u00f3n de 2 v\u00edas est\u00e9reo y 3 v\u00edas mono, filtros Linkwitz-Riley de \u00faltima generaci\u00f3n con 24 dB\/Octava, salida de subwoofer adicional con control de frecuencia independiente, respuesta de amplitud absolutamente plana, diferencia de fase cero, controles de ganancia para todas las bandas, switches mute para un ajuste de banda f\u00e1cil, switches de inversi\u00f3n de fase individual para la correcci\u00f3n de fase instant\u00e1nea, filtro de corte bajo conmutable de 25 Hz en cada entrada para protecci\u00f3n del controlador de baja frecuencia, conectores XLR servo-balanceados y dorados para todas las entradas y salidas, potenci\u00f3metros de precisi\u00f3n ultra alta para m\u00e1xima precisi\u00f3n y repetibilidad, switches iluminados para un funcionamiento seguro en entornos oscuros de escenario, fuente de alimentaci\u00f3n conmutada interna (100-240 V ~) para audio sin ruido y bajo consumo de energ\u00eda, dimensiones: 44 x 483 x 17 mm, peso: 1.6 kg.","robots":{"index":"index","follow":"follow","max-snippet":"max-snippet:-1","max-image-preview":"max-image-preview:large","max-video-preview":"max-video-preview:-1"},"canonical":"https:\/\/www.mexicanguitarplayers.com\/en\/tienda\/sin categor\u00eda\/crossover-behringer-electronico-cx2310v2\/","og_locale":"en_US","og_type":"article","og_title":"CROSSOVER BEHRINGER ELECTRONICO CX2310V2 - Mexican Guitar Players","og_description":"Crossover de alta precisi\u00f3n de 2 v\u00edas est\u00e9reo y 3 v\u00edas mono, filtros Linkwitz-Riley de \u00faltima generaci\u00f3n con 24 dB\/Octava, salida de subwoofer adicional con control de frecuencia independiente, respuesta de amplitud absolutamente plana, diferencia de fase cero, controles de ganancia para todas las bandas, switches mute para un ajuste de banda f\u00e1cil, switches de inversi\u00f3n de fase individual para la correcci\u00f3n de fase instant\u00e1nea, filtro de corte bajo conmutable de 25 Hz en cada entrada para protecci\u00f3n del controlador de baja frecuencia, conectores XLR servo-balanceados y dorados para todas las entradas y salidas, potenci\u00f3metros de precisi\u00f3n ultra alta para m\u00e1xima precisi\u00f3n y repetibilidad, switches iluminados para un funcionamiento seguro en entornos oscuros de escenario, fuente de alimentaci\u00f3n conmutada interna (100-240 V ~) para audio sin ruido y bajo consumo de energ\u00eda, dimensiones: 44 x 483 x 17 mm, peso: 1.6 kg.","og_url":"https:\/\/www.mexicanguitarplayers.com\/en\/tienda\/sin categor\u00eda\/crossover-behringer-electronico-cx2310v2\/","og_site_name":"Mexican Guitar Players","article_modified_time":"2026-05-01T13:15:56+00:00","twitter_card":"summary_large_image","twitter_misc":{"Est. reading time":"4 minutes"},"schema":{"@context":"https:\/\/schema.org","@graph":[{"@type":["WebPage","ItemPage"],"@id":"https:\/\/www.mexicanguitarplayers.com\/tienda\/sin categor\u00eda\/crossover-behringer-electronico-cx2310v2\/","url":"https:\/\/www.mexicanguitarplayers.com\/tienda\/sin categor\u00eda\/crossover-behringer-electronico-cx2310v2\/","name":"CROSSOVER BEHRINGER ELECTRONICO CX2310V2 - Mexican Guitar Players","isPartOf":{"@id":"https:\/\/www.mexicanguitarplayers.com\/#website"},"primaryImageOfPage":{"@id":"https:\/\/www.mexicanguitarplayers.com\/tienda\/sin categor\u00eda\/crossover-behringer-electronico-cx2310v2\/#primaryimage"},"image":{"@id":"https:\/\/www.mexicanguitarplayers.com\/tienda\/sin categor\u00eda\/crossover-behringer-electronico-cx2310v2\/#primaryimage"},"thumbnailUrl":"https:\/\/www.mexicanguitarplayers.com\/wp-content\/uploads\/2025\/04\/IABEHCX2310V2.jpg","datePublished":"2025-04-09T15:19:59+00:00","dateModified":"2026-05-01T13:15:56+00:00","description":"Crossover de alta precisi\u00f3n de 2 v\u00edas est\u00e9reo y 3 v\u00edas mono, filtros Linkwitz-Riley de \u00faltima generaci\u00f3n con 24 dB\/Octava, salida de subwoofer adicional con control de frecuencia independiente, respuesta de amplitud absolutamente plana, diferencia de fase cero, controles de ganancia para todas las bandas, switches mute para un ajuste de banda f\u00e1cil, switches de inversi\u00f3n de fase individual para la correcci\u00f3n de fase instant\u00e1nea, filtro de corte bajo conmutable de 25 Hz en cada entrada para protecci\u00f3n del controlador de baja frecuencia, conectores XLR servo-balanceados y dorados para todas las entradas y salidas, potenci\u00f3metros de precisi\u00f3n ultra alta para m\u00e1xima precisi\u00f3n y repetibilidad, switches iluminados para un funcionamiento seguro en entornos oscuros de escenario, fuente de alimentaci\u00f3n conmutada interna (100-240 V ~) para audio sin ruido y bajo consumo de energ\u00eda, dimensiones: 44 x 483 x 17 mm, peso: 1.6 kg.","breadcrumb":{"@id":"https:\/\/www.mexicanguitarplayers.com\/tienda\/sin categor\u00eda\/crossover-behringer-electronico-cx2310v2\/#breadcrumb"},"inLanguage":"en-US","potentialAction":[{"@type":"ReadAction","target":["https:\/\/www.mexicanguitarplayers.com\/tienda\/sin categor\u00eda\/crossover-behringer-electronico-cx2310v2\/"]}]},{"@type":"ImageObject","inLanguage":"en-US","@id":"https:\/\/www.mexicanguitarplayers.com\/tienda\/sin categor\u00eda\/crossover-behringer-electronico-cx2310v2\/#primaryimage","url":"https:\/\/www.mexicanguitarplayers.com\/wp-content\/uploads\/2025\/04\/IABEHCX2310V2.jpg","contentUrl":"https:\/\/www.mexicanguitarplayers.com\/wp-content\/uploads\/2025\/04\/IABEHCX2310V2.jpg","width":1600,"height":800},{"@type":"BreadcrumbList","@id":"https:\/\/www.mexicanguitarplayers.com\/tienda\/sin categor\u00eda\/crossover-behringer-electronico-cx2310v2\/#breadcrumb","itemListElement":[{"@type":"ListItem","position":1,"name":"Portada","item":"https:\/\/www.mexicanguitarplayers.com\/"},{"@type":"ListItem","position":2,"name":"Tienda","item":"https:\/\/www.mexicanguitarplayers.com\/tienda\/"},{"@type":"ListItem","position":3,"name":"CROSSOVER BEHRINGER ELECTRONICO CX2310V2"}]},{"@type":"WebSite","@id":"https:\/\/www.mexicanguitarplayers.com\/#website","url":"https:\/\/www.mexicanguitarplayers.com\/","name":"Mexican Guitar Players","description":"Website","publisher":{"@id":"https:\/\/www.mexicanguitarplayers.com\/#organization"},"potentialAction":[{"@type":"SearchAction","target":{"@type":"EntryPoint","urlTemplate":"https:\/\/www.mexicanguitarplayers.com\/?s={search_term_string}"},"query-input":{"@type":"PropertyValueSpecification","valueRequired":true,"valueName":"search_term_string"}}],"inLanguage":"en-US"},{"@type":"Organization","@id":"https:\/\/www.mexicanguitarplayers.com\/#organization","name":"Mexican Guitar Players","url":"https:\/\/www.mexicanguitarplayers.com\/","logo":{"@type":"ImageObject","inLanguage":"en-US","@id":"https:\/\/www.mexicanguitarplayers.com\/#\/schema\/logo\/image\/","url":"","contentUrl":"","caption":"Mexican Guitar Players"},"image":{"@id":"https:\/\/www.mexicanguitarplayers.com\/#\/schema\/logo\/image\/"}}]}},"brands":[{"id":171,"name":"BEHRINGER","slug":"behringer"}],"_links":{"self":[{"href":"https:\/\/www.mexicanguitarplayers.com\/en\/wp-json\/wp\/v2\/product\/42525","targetHints":{"allow":["GET"]}}],"collection":[{"href":"https:\/\/www.mexicanguitarplayers.com\/en\/wp-json\/wp\/v2\/product"}],"about":[{"href":"https:\/\/www.mexicanguitarplayers.com\/en\/wp-json\/wp\/v2\/types\/product"}],"replies":[{"embeddable":true,"href":"https:\/\/www.mexicanguitarplayers.com\/en\/wp-json\/wp\/v2\/comments?post=42525"}],"wp:featuredmedia":[{"embeddable":true,"href":"https:\/\/www.mexicanguitarplayers.com\/en\/wp-json\/wp\/v2\/media\/42521"}],"wp:attachment":[{"href":"https:\/\/www.mexicanguitarplayers.com\/en\/wp-json\/wp\/v2\/media?parent=42525"}],"wp:term":[{"taxonomy":"pwb-brand","embeddable":true,"href":"https:\/\/www.mexicanguitarplayers.com\/en\/wp-json\/wp\/v2\/pwb-brand?post=42525"},{"taxonomy":"product_brand","embeddable":true,"href":"https:\/\/www.mexicanguitarplayers.com\/en\/wp-json\/wp\/v2\/product_brand?post=42525"},{"taxonomy":"product_cat","embeddable":true,"href":"https:\/\/www.mexicanguitarplayers.com\/en\/wp-json\/wp\/v2\/product_cat?post=42525"},{"taxonomy":"product_tag","embeddable":true,"href":"https:\/\/www.mexicanguitarplayers.com\/en\/wp-json\/wp\/v2\/product_tag?post=42525"}],"curies":[{"name":"wp","href":"https:\/\/api.w.org\/{rel}","templated":true}]}}