{"id":42575,"date":"2025-04-09T09:21:15","date_gmt":"2025-04-09T15:21:15","guid":{"rendered":"https:\/\/www.mexicanguitarplayers.com\/tienda\/sin categor\u00eda\/pastilla-sd-puente-hb-black-winter\/"},"modified":"2026-04-10T04:16:28","modified_gmt":"2026-04-10T10:16:28","slug":"pastilla-sd-puente-hb-black-winter","status":"publish","type":"product","link":"https:\/\/www.mexicanguitarplayers.com\/en\/tienda\/accesorios\/para-guitarras\/pastillas-para-guitarra-electrica\/pastilla-sd-puente-hb-black-winter\/","title":{"rendered":"PASTILLA SD PUENTE HB BLACK WINTER"},"content":{"rendered":"<div style=\"text-align: justify\">\n<div>\n<h3>Pastilla pasiva de alto rendimiento para metal extremo.<\/h3>\n<\/div>\n<div>La pastilla Black Winter es un humbucker pasivo salvaje de alto rendimiento construido para metaleros extremos, con no menos de tres grandes imanes de cer\u00e1mica para garantizar la m\u00e1xima salida y sustain en todas las situaciones de alta ganancia. El dise\u00f1o personalizado de la bobina overwound ofrece una claridad incre\u00edble en los medios y agudos, mientras que los graves se mantienen controlados y enfocados. La pastilla Black Winter est\u00e1 dise\u00f1ada para manejar cualquier afinaci\u00f3n sin importar qu\u00e9 tan baja sea y su sonoridad facilita los palm mute agresivos, sweep picking fluido y castigadores tonos lead. La distorsi\u00f3n aplastante, los medios viciosos y la saturaci\u00f3n agresiva est\u00e1n al alcance de tu mano, sin sacrificar la separaci\u00f3n o la sensibilidad de una cuerda a otra. Las versiones de 7 y 8 cuerdas est\u00e1n dise\u00f1adas para manejar incluso m\u00e1s notas graves de rango extendido con facilidad. Combina la pastilla de puente Black Winter con el modelo para brazo para obtener el m\u00e1ximo impacto del metal. Hecho a mano en Santa B\u00e1rbara, CA, ofrecemos la pastilla Black Winter para guitarras de 6 cuerdas en tama\u00f1os est\u00e1ndar de humbucker y trembucker, as\u00ed como montaje pasivo de 7 y 8 cuerdas (con naked coils) o en montaje soapbar con piezas polares expuestas. El humbucker Black Winter pasivo de alto rendimiento se env\u00eda con un cable de 4 conductores para m\u00faltiples opciones de cableado y est\u00e1 recubierto con cera al vac\u00edo para un funcionamiento sin chirridos.<\/div>\n<div>\n<h4>Quick look<\/h4>\n<\/div>\n<ul style=\"margin: 0px 0px 0px 25px\">\n<li style=\"list-style-type: circle;margin: 5px\">Modelo.<\/li>\n<li style=\"list-style-type: circle;margin: 5px\">Posici\u00f3n.<\/li>\n<li style=\"list-style-type: circle;margin: 5px\">Espaciado.<\/li>\n<li style=\"list-style-type: circle;margin: 5px\">Alambrado.<\/li>\n<li style=\"list-style-type: circle;margin: 5px\">Im\u00e1n.<\/li>\n<li style=\"list-style-type: circle;margin: 5px\">Resistencia.<\/li>\n<\/ul>\n<div>\n<div style=\"font-weight: bold\">Modelo.<\/div>\n<div>\n<p>Black Winter.<\/p>\n<\/div>\n<div style=\"font-weight: bold\">Posici\u00f3n.<\/div>\n<div>\n<p>Para puente.<\/p>\n<\/div>\n<div style=\"font-weight: bold\">Espaciado.<\/div>\n<div>\n<p>Est\u00e1ndar.<\/p>\n<\/div>\n<div style=\"font-weight: bold\">Alambrado.<\/div>\n<div>\n<p>4 cable, blindado.<\/p>\n<\/div>\n<div style=\"font-weight: bold\">Im\u00e1n.<\/div>\n<div>\n<p>Cer\u00e1mica.<\/p>\n<\/div>\n<div style=\"font-weight: bold\">Resistencia.<\/div>\n<div>\n<p>16.6 kilo-ohms.<\/p>\n<\/div>\n<\/div>\n<\/div>","protected":false},"excerpt":{"rendered":"<p>Pastilla humbucker pasiva para guitarra el\u00e9ctrica de 6 cuerdas, modelo Black Winter, posici\u00f3n: puente, cableado: 4 cables blindado, im\u00e1n: cer\u00e1mica, resistencia: 16.6 kilo-ohms, pastillas despiadadas creadas para Black Metal, Death Metal o cualquier otro estilo extremo m\u00e1s g\u00e9lido, tan brutal como el invierno escandinavo.&hellip; <a class=\"kt-excerpt-readmore more-link\" href=\"https:\/\/www.mexicanguitarplayers.com\/en\/tienda\/accesorios\/para-guitarras\/pastillas-para-guitarra-electrica\/pastilla-sd-puente-hb-black-winter\/\">Read more<\/a><\/p>","protected":false},"featured_media":42570,"comment_status":"open","ping_status":"closed","template":"","meta":{"kt_blocks_editor_width":""},"pwb-brand":[502],"product_brand":[],"product_cat":[85,336,353],"product_tag":[],"class_list":{"0":"post-42575","1":"product","2":"type-product","3":"status-publish","4":"has-post-thumbnail","6":"pwb-brand-seymour-duncan","7":"product_cat-accesorios","8":"product_cat-para-guitarras","9":"product_cat-pastillas-para-guitarra-electrica","10":"product_shipping_class-0-5-kg","12":"first","13":"outofstock","14":"taxable","15":"shipping-taxable","16":"purchasable","17":"product-type-simple"},"yoast_head":"<!-- This site is optimized with the Yoast SEO plugin v27.5 - https:\/\/yoast.com\/product\/yoast-seo-wordpress\/ -->\n<title>PASTILLA SD PUENTE HB BLACK WINTER - Mexican Guitar Players<\/title>\n<meta name=\"description\" content=\"Pastilla humbucker pasiva para guitarra el\u00e9ctrica de 6 cuerdas, modelo Black Winter, posici\u00f3n: puente, cableado: 4 cables blindado, im\u00e1n: cer\u00e1mica, resistencia: 16.6 kilo-ohms, pastillas despiadadas creadas para Black Metal, Death Metal o cualquier otro estilo extremo m\u00e1s g\u00e9lido, tan brutal como el invierno escandinavo.\" \/>\n<meta name=\"robots\" content=\"index, follow, max-snippet:-1, max-image-preview:large, max-video-preview:-1\" \/>\n<link rel=\"canonical\" href=\"https:\/\/www.mexicanguitarplayers.com\/en\/tienda\/sin%20categor\u00eda\/pastilla-sd-puente-hb-black-winter\/\" \/>\n<meta property=\"og:locale\" content=\"en_US\" \/>\n<meta property=\"og:type\" content=\"article\" \/>\n<meta property=\"og:title\" content=\"PASTILLA SD PUENTE HB BLACK WINTER - Mexican Guitar Players\" \/>\n<meta property=\"og:description\" content=\"Pastilla humbucker pasiva para guitarra el\u00e9ctrica de 6 cuerdas, modelo Black Winter, posici\u00f3n: puente, cableado: 4 cables blindado, im\u00e1n: cer\u00e1mica, resistencia: 16.6 kilo-ohms, pastillas despiadadas creadas para Black Metal, Death Metal o cualquier otro estilo extremo m\u00e1s g\u00e9lido, tan brutal como el invierno escandinavo.\" \/>\n<meta property=\"og:url\" content=\"https:\/\/www.mexicanguitarplayers.com\/en\/tienda\/sin categor\u00eda\/pastilla-sd-puente-hb-black-winter\/\" \/>\n<meta property=\"og:site_name\" content=\"Mexican Guitar Players\" \/>\n<meta property=\"article:modified_time\" content=\"2026-04-10T10:16:28+00:00\" \/>\n<meta name=\"twitter:card\" content=\"summary_large_image\" \/>\n<meta name=\"twitter:label1\" content=\"Est. reading time\" \/>\n\t<meta name=\"twitter:data1\" content=\"1 minute\" \/>\n<script type=\"application\/ld+json\" class=\"yoast-schema-graph\">{\"@context\":\"https:\\\/\\\/schema.org\",\"@graph\":[{\"@type\":[\"WebPage\",\"ItemPage\"],\"@id\":\"https:\\\/\\\/www.mexicanguitarplayers.com\\\/tienda\\\/sin categor\u00eda\\\/pastilla-sd-puente-hb-black-winter\\\/\",\"url\":\"https:\\\/\\\/www.mexicanguitarplayers.com\\\/tienda\\\/sin categor\u00eda\\\/pastilla-sd-puente-hb-black-winter\\\/\",\"name\":\"PASTILLA SD PUENTE HB BLACK WINTER - Mexican Guitar Players\",\"isPartOf\":{\"@id\":\"https:\\\/\\\/www.mexicanguitarplayers.com\\\/#website\"},\"primaryImageOfPage\":{\"@id\":\"https:\\\/\\\/www.mexicanguitarplayers.com\\\/tienda\\\/sin categor\u00eda\\\/pastilla-sd-puente-hb-black-winter\\\/#primaryimage\"},\"image\":{\"@id\":\"https:\\\/\\\/www.mexicanguitarplayers.com\\\/tienda\\\/sin categor\u00eda\\\/pastilla-sd-puente-hb-black-winter\\\/#primaryimage\"},\"thumbnailUrl\":\"https:\\\/\\\/www.mexicanguitarplayers.com\\\/wp-content\\\/uploads\\\/2025\\\/04\\\/RASEOBLKWINHBB.jpg\",\"datePublished\":\"2025-04-09T15:21:15+00:00\",\"dateModified\":\"2026-04-10T10:16:28+00:00\",\"description\":\"Pastilla humbucker pasiva para guitarra el\u00e9ctrica de 6 cuerdas, modelo Black Winter, posici\u00f3n: puente, cableado: 4 cables blindado, im\u00e1n: cer\u00e1mica, resistencia: 16.6 kilo-ohms, pastillas despiadadas creadas para Black Metal, Death Metal o cualquier otro estilo extremo m\u00e1s g\u00e9lido, tan brutal como el invierno escandinavo.\",\"breadcrumb\":{\"@id\":\"https:\\\/\\\/www.mexicanguitarplayers.com\\\/tienda\\\/sin categor\u00eda\\\/pastilla-sd-puente-hb-black-winter\\\/#breadcrumb\"},\"inLanguage\":\"en-US\",\"potentialAction\":[{\"@type\":\"ReadAction\",\"target\":[\"https:\\\/\\\/www.mexicanguitarplayers.com\\\/tienda\\\/sin categor\u00eda\\\/pastilla-sd-puente-hb-black-winter\\\/\"]}]},{\"@type\":\"ImageObject\",\"inLanguage\":\"en-US\",\"@id\":\"https:\\\/\\\/www.mexicanguitarplayers.com\\\/tienda\\\/sin categor\u00eda\\\/pastilla-sd-puente-hb-black-winter\\\/#primaryimage\",\"url\":\"https:\\\/\\\/www.mexicanguitarplayers.com\\\/wp-content\\\/uploads\\\/2025\\\/04\\\/RASEOBLKWINHBB.jpg\",\"contentUrl\":\"https:\\\/\\\/www.mexicanguitarplayers.com\\\/wp-content\\\/uploads\\\/2025\\\/04\\\/RASEOBLKWINHBB.jpg\",\"width\":1600,\"height\":800},{\"@type\":\"BreadcrumbList\",\"@id\":\"https:\\\/\\\/www.mexicanguitarplayers.com\\\/tienda\\\/sin categor\u00eda\\\/pastilla-sd-puente-hb-black-winter\\\/#breadcrumb\",\"itemListElement\":[{\"@type\":\"ListItem\",\"position\":1,\"name\":\"Portada\",\"item\":\"https:\\\/\\\/www.mexicanguitarplayers.com\\\/\"},{\"@type\":\"ListItem\",\"position\":2,\"name\":\"Tienda\",\"item\":\"https:\\\/\\\/www.mexicanguitarplayers.com\\\/tienda\\\/\"},{\"@type\":\"ListItem\",\"position\":3,\"name\":\"PASTILLA SD PUENTE HB BLACK WINTER\"}]},{\"@type\":\"WebSite\",\"@id\":\"https:\\\/\\\/www.mexicanguitarplayers.com\\\/#website\",\"url\":\"https:\\\/\\\/www.mexicanguitarplayers.com\\\/\",\"name\":\"Mexican Guitar Players\",\"description\":\"Website\",\"publisher\":{\"@id\":\"https:\\\/\\\/www.mexicanguitarplayers.com\\\/#organization\"},\"potentialAction\":[{\"@type\":\"SearchAction\",\"target\":{\"@type\":\"EntryPoint\",\"urlTemplate\":\"https:\\\/\\\/www.mexicanguitarplayers.com\\\/?s={search_term_string}\"},\"query-input\":{\"@type\":\"PropertyValueSpecification\",\"valueRequired\":true,\"valueName\":\"search_term_string\"}}],\"inLanguage\":\"en-US\"},{\"@type\":\"Organization\",\"@id\":\"https:\\\/\\\/www.mexicanguitarplayers.com\\\/#organization\",\"name\":\"Mexican Guitar Players\",\"url\":\"https:\\\/\\\/www.mexicanguitarplayers.com\\\/\",\"logo\":{\"@type\":\"ImageObject\",\"inLanguage\":\"en-US\",\"@id\":\"https:\\\/\\\/www.mexicanguitarplayers.com\\\/#\\\/schema\\\/logo\\\/image\\\/\",\"url\":\"\",\"contentUrl\":\"\",\"caption\":\"Mexican Guitar Players\"},\"image\":{\"@id\":\"https:\\\/\\\/www.mexicanguitarplayers.com\\\/#\\\/schema\\\/logo\\\/image\\\/\"}}]}<\/script>\n<!-- \/ Yoast SEO plugin. -->","yoast_head_json":{"title":"PASTILLA SD PUENTE HB BLACK WINTER - Mexican Guitar Players","description":"Pastilla humbucker pasiva para guitarra el\u00e9ctrica de 6 cuerdas, modelo Black Winter, posici\u00f3n: puente, cableado: 4 cables blindado, im\u00e1n: cer\u00e1mica, resistencia: 16.6 kilo-ohms, pastillas despiadadas creadas para Black Metal, Death Metal o cualquier otro estilo extremo m\u00e1s g\u00e9lido, tan brutal como el invierno escandinavo.","robots":{"index":"index","follow":"follow","max-snippet":"max-snippet:-1","max-image-preview":"max-image-preview:large","max-video-preview":"max-video-preview:-1"},"canonical":"https:\/\/www.mexicanguitarplayers.com\/en\/tienda\/sin categor\u00eda\/pastilla-sd-puente-hb-black-winter\/","og_locale":"en_US","og_type":"article","og_title":"PASTILLA SD PUENTE HB BLACK WINTER - Mexican Guitar Players","og_description":"Pastilla humbucker pasiva para guitarra el\u00e9ctrica de 6 cuerdas, modelo Black Winter, posici\u00f3n: puente, cableado: 4 cables blindado, im\u00e1n: cer\u00e1mica, resistencia: 16.6 kilo-ohms, pastillas despiadadas creadas para Black Metal, Death Metal o cualquier otro estilo extremo m\u00e1s g\u00e9lido, tan brutal como el invierno escandinavo.","og_url":"https:\/\/www.mexicanguitarplayers.com\/en\/tienda\/sin categor\u00eda\/pastilla-sd-puente-hb-black-winter\/","og_site_name":"Mexican Guitar Players","article_modified_time":"2026-04-10T10:16:28+00:00","twitter_card":"summary_large_image","twitter_misc":{"Est. reading time":"1 minute"},"schema":{"@context":"https:\/\/schema.org","@graph":[{"@type":["WebPage","ItemPage"],"@id":"https:\/\/www.mexicanguitarplayers.com\/tienda\/sin categor\u00eda\/pastilla-sd-puente-hb-black-winter\/","url":"https:\/\/www.mexicanguitarplayers.com\/tienda\/sin categor\u00eda\/pastilla-sd-puente-hb-black-winter\/","name":"PASTILLA SD PUENTE HB BLACK WINTER - Mexican Guitar Players","isPartOf":{"@id":"https:\/\/www.mexicanguitarplayers.com\/#website"},"primaryImageOfPage":{"@id":"https:\/\/www.mexicanguitarplayers.com\/tienda\/sin categor\u00eda\/pastilla-sd-puente-hb-black-winter\/#primaryimage"},"image":{"@id":"https:\/\/www.mexicanguitarplayers.com\/tienda\/sin categor\u00eda\/pastilla-sd-puente-hb-black-winter\/#primaryimage"},"thumbnailUrl":"https:\/\/www.mexicanguitarplayers.com\/wp-content\/uploads\/2025\/04\/RASEOBLKWINHBB.jpg","datePublished":"2025-04-09T15:21:15+00:00","dateModified":"2026-04-10T10:16:28+00:00","description":"Pastilla humbucker pasiva para guitarra el\u00e9ctrica de 6 cuerdas, modelo Black Winter, posici\u00f3n: puente, cableado: 4 cables blindado, im\u00e1n: cer\u00e1mica, resistencia: 16.6 kilo-ohms, pastillas despiadadas creadas para Black Metal, Death Metal o cualquier otro estilo extremo m\u00e1s g\u00e9lido, tan brutal como el invierno escandinavo.","breadcrumb":{"@id":"https:\/\/www.mexicanguitarplayers.com\/tienda\/sin categor\u00eda\/pastilla-sd-puente-hb-black-winter\/#breadcrumb"},"inLanguage":"en-US","potentialAction":[{"@type":"ReadAction","target":["https:\/\/www.mexicanguitarplayers.com\/tienda\/sin categor\u00eda\/pastilla-sd-puente-hb-black-winter\/"]}]},{"@type":"ImageObject","inLanguage":"en-US","@id":"https:\/\/www.mexicanguitarplayers.com\/tienda\/sin categor\u00eda\/pastilla-sd-puente-hb-black-winter\/#primaryimage","url":"https:\/\/www.mexicanguitarplayers.com\/wp-content\/uploads\/2025\/04\/RASEOBLKWINHBB.jpg","contentUrl":"https:\/\/www.mexicanguitarplayers.com\/wp-content\/uploads\/2025\/04\/RASEOBLKWINHBB.jpg","width":1600,"height":800},{"@type":"BreadcrumbList","@id":"https:\/\/www.mexicanguitarplayers.com\/tienda\/sin categor\u00eda\/pastilla-sd-puente-hb-black-winter\/#breadcrumb","itemListElement":[{"@type":"ListItem","position":1,"name":"Portada","item":"https:\/\/www.mexicanguitarplayers.com\/"},{"@type":"ListItem","position":2,"name":"Tienda","item":"https:\/\/www.mexicanguitarplayers.com\/tienda\/"},{"@type":"ListItem","position":3,"name":"PASTILLA SD PUENTE HB BLACK WINTER"}]},{"@type":"WebSite","@id":"https:\/\/www.mexicanguitarplayers.com\/#website","url":"https:\/\/www.mexicanguitarplayers.com\/","name":"Mexican Guitar Players","description":"Website","publisher":{"@id":"https:\/\/www.mexicanguitarplayers.com\/#organization"},"potentialAction":[{"@type":"SearchAction","target":{"@type":"EntryPoint","urlTemplate":"https:\/\/www.mexicanguitarplayers.com\/?s={search_term_string}"},"query-input":{"@type":"PropertyValueSpecification","valueRequired":true,"valueName":"search_term_string"}}],"inLanguage":"en-US"},{"@type":"Organization","@id":"https:\/\/www.mexicanguitarplayers.com\/#organization","name":"Mexican Guitar Players","url":"https:\/\/www.mexicanguitarplayers.com\/","logo":{"@type":"ImageObject","inLanguage":"en-US","@id":"https:\/\/www.mexicanguitarplayers.com\/#\/schema\/logo\/image\/","url":"","contentUrl":"","caption":"Mexican Guitar Players"},"image":{"@id":"https:\/\/www.mexicanguitarplayers.com\/#\/schema\/logo\/image\/"}}]}},"brands":[{"id":502,"name":"SEYMOUR DUNCAN","slug":"seymour-duncan"}],"_links":{"self":[{"href":"https:\/\/www.mexicanguitarplayers.com\/en\/wp-json\/wp\/v2\/product\/42575","targetHints":{"allow":["GET"]}}],"collection":[{"href":"https:\/\/www.mexicanguitarplayers.com\/en\/wp-json\/wp\/v2\/product"}],"about":[{"href":"https:\/\/www.mexicanguitarplayers.com\/en\/wp-json\/wp\/v2\/types\/product"}],"replies":[{"embeddable":true,"href":"https:\/\/www.mexicanguitarplayers.com\/en\/wp-json\/wp\/v2\/comments?post=42575"}],"wp:featuredmedia":[{"embeddable":true,"href":"https:\/\/www.mexicanguitarplayers.com\/en\/wp-json\/wp\/v2\/media\/42570"}],"wp:attachment":[{"href":"https:\/\/www.mexicanguitarplayers.com\/en\/wp-json\/wp\/v2\/media?parent=42575"}],"wp:term":[{"taxonomy":"pwb-brand","embeddable":true,"href":"https:\/\/www.mexicanguitarplayers.com\/en\/wp-json\/wp\/v2\/pwb-brand?post=42575"},{"taxonomy":"product_brand","embeddable":true,"href":"https:\/\/www.mexicanguitarplayers.com\/en\/wp-json\/wp\/v2\/product_brand?post=42575"},{"taxonomy":"product_cat","embeddable":true,"href":"https:\/\/www.mexicanguitarplayers.com\/en\/wp-json\/wp\/v2\/product_cat?post=42575"},{"taxonomy":"product_tag","embeddable":true,"href":"https:\/\/www.mexicanguitarplayers.com\/en\/wp-json\/wp\/v2\/product_tag?post=42575"}],"curies":[{"name":"wp","href":"https:\/\/api.w.org\/{rel}","templated":true}]}}