{"id":42583,"date":"2025-04-09T09:21:29","date_gmt":"2025-04-09T15:21:29","guid":{"rendered":"https:\/\/www.mexicanguitarplayers.com\/tienda\/sin categor\u00eda\/cuerdas-d-addario-mod-pl-026\/"},"modified":"2026-03-26T19:15:03","modified_gmt":"2026-03-27T01:15:03","slug":"cuerdas-d-addario-mod-pl-026","status":"publish","type":"product","link":"https:\/\/www.mexicanguitarplayers.com\/en\/tienda\/accesorios\/para-guitarras\/cuerdas-y-encordaduras\/cuerda-para-guitarra-acustica\/cuerdas-d-addario-mod-pl-026\/","title":{"rendered":"CUERDAS D ADDARIO    MOD. PL-026"},"content":{"rendered":"<div style=\"text-align: justify\">\n<div>\n<h3>Cuerda de reposicion para guitarra el\u00e9ctrica o ac\u00fastica.<\/h3>\n<\/div>\n<div>De la Serie PL (Plain Steel) esta cuerda de reposici\u00f3n PL026 es de acero puro  por lo que ofrece ese distintivo sonido brillante y una octavaci\u00f3n perfecta .Ideales para la m\u00e1s amplia variedad de guitarras y estilos musicales. Sustain, afinaci\u00f3n y duraci\u00f3n incomparables gracias a la pureza de sus materiales ya a la tecnolog\u00eda de vanguardia empleada en su fabricaci\u00f3n. D&#8217;Addario es la marca de cuerdas para instrumento m\u00e1s vendida del mundo. Sus productos son el resultado de m\u00e1s de un siglo de investigaci\u00f3n y desarrollo y son instaladas como equipo de serie en las mejores marcas de instrumentos. La pureza de sus materiales y la maquinaria de alta tecnolog\u00eda empleadas en la fabricaci\u00f3n de sus productos hacen de D&#8217;Addario la marca preferida por los m\u00fasicos m\u00e1s relevantes de la actualidad.<\/div>\n<div>\n<h4>Quick look<\/h4>\n<\/div>\n<ul style=\"margin: 0px 0px 0px 25px\">\n<li style=\"list-style-type: circle;margin: 5px\">Acero puro.<\/li>\n<li style=\"list-style-type: circle;margin: 5px\">Ecological packaging.<\/li>\n<\/ul>\n<div>\n<div style=\"font-weight: bold\">Acero puro.<\/div>\n<div>\n<p>Aclamadas mundialmente por su excelente sonido, sustain y conservaci\u00f3n de la afinaci\u00f3n. Muy larga duraci\u00f3n.<\/p>\n<\/div>\n<div style=\"font-weight: bold\">Ecological packaging.<\/div>\n<div>\n<p>Ecological and corrosion resistant package to preserve the freshness of the strings.<\/p>\n<\/div>\n<\/div>\n<div>\n<h4>Characteristics<\/h4>\n<\/div>\n<div>\n<ul style=\"margin: 0px 0px 0px 25px\">\n<li style=\"list-style-type: circle;margin: 5px\">Ideal como cuerda de reemplazo o para crear juegos customizados.<\/li>\n<li style=\"list-style-type: circle;margin: 5px\">Tono exquisito y duradero.<\/li>\n<li style=\"list-style-type: circle;margin: 5px\">Fabricada en USA.<\/li>\n<\/ul>\n<\/div>\n<\/div>","protected":false},"excerpt":{"rendered":"<p>Cuerda individual de acero liso para guitarra, calibre .026, acero liso, para guitarra ac\u00fastica o el\u00e9ctrica, perfecta como cuerda de repuesto o para crear juegos personalizados, tono exquisito y duradero, paquete ecol\u00f3gico y resistente a la corrosi\u00f3n para conservar la frescura de las cuerdas.&hellip; <a class=\"kt-excerpt-readmore more-link\" href=\"https:\/\/www.mexicanguitarplayers.com\/en\/tienda\/accesorios\/para-guitarras\/cuerdas-y-encordaduras\/cuerda-para-guitarra-acustica\/cuerdas-d-addario-mod-pl-026\/\">Read more<\/a><\/p>","protected":false},"featured_media":42582,"comment_status":"open","ping_status":"closed","template":"","meta":{"kt_blocks_editor_width":""},"pwb-brand":[347],"product_brand":[],"product_cat":[85,343,337,336],"product_tag":[],"class_list":{"0":"post-42583","1":"product","2":"type-product","3":"status-publish","4":"has-post-thumbnail","6":"pwb-brand-d-addario","7":"product_cat-accesorios","8":"product_cat-cuerda-para-guitarra-acustica","9":"product_cat-cuerdas-y-encordaduras","10":"product_cat-para-guitarras","11":"product_shipping_class-0-5-kg-cuerdas","13":"first","14":"instock","15":"taxable","16":"shipping-taxable","17":"purchasable","18":"product-type-simple"},"yoast_head":"<!-- This site is optimized with the Yoast SEO plugin v27.3 - https:\/\/yoast.com\/product\/yoast-seo-wordpress\/ -->\n<title>CUERDAS D ADDARIO  MOD. PL-026 - Mexican Guitar Players<\/title>\n<meta name=\"description\" content=\"Cuerda individual de acero liso para guitarra, calibre .026, acero liso, para guitarra ac\u00fastica o el\u00e9ctrica, perfecta como cuerda de repuesto o para crear juegos personalizados, tono exquisito y duradero, paquete ecol\u00f3gico y resistente a la corrosi\u00f3n para conservar la frescura de las cuerdas.\" \/>\n<meta name=\"robots\" content=\"index, follow, max-snippet:-1, max-image-preview:large, max-video-preview:-1\" \/>\n<link rel=\"canonical\" href=\"https:\/\/www.mexicanguitarplayers.com\/en\/tienda\/sin%20categor\u00eda\/cuerdas-d-addario-mod-pl-026\/\" \/>\n<meta property=\"og:locale\" content=\"en_US\" \/>\n<meta property=\"og:type\" content=\"article\" \/>\n<meta property=\"og:title\" content=\"CUERDAS D ADDARIO  MOD. PL-026 - Mexican Guitar Players\" \/>\n<meta property=\"og:description\" content=\"Cuerda individual de acero liso para guitarra, calibre .026, acero liso, para guitarra ac\u00fastica o el\u00e9ctrica, perfecta como cuerda de repuesto o para crear juegos personalizados, tono exquisito y duradero, paquete ecol\u00f3gico y resistente a la corrosi\u00f3n para conservar la frescura de las cuerdas.\" \/>\n<meta property=\"og:url\" content=\"https:\/\/www.mexicanguitarplayers.com\/en\/tienda\/sin categor\u00eda\/cuerdas-d-addario-mod-pl-026\/\" \/>\n<meta property=\"og:site_name\" content=\"Mexican Guitar Players\" \/>\n<meta property=\"article:modified_time\" content=\"2026-03-27T01:15:03+00:00\" \/>\n<meta name=\"twitter:card\" content=\"summary_large_image\" \/>\n<meta name=\"twitter:label1\" content=\"Est. reading time\" \/>\n\t<meta name=\"twitter:data1\" content=\"1 minute\" \/>\n<script type=\"application\/ld+json\" class=\"yoast-schema-graph\">{\"@context\":\"https:\\\/\\\/schema.org\",\"@graph\":[{\"@type\":[\"WebPage\",\"ItemPage\"],\"@id\":\"https:\\\/\\\/www.mexicanguitarplayers.com\\\/tienda\\\/sin categor\u00eda\\\/cuerdas-d-addario-mod-pl-026\\\/\",\"url\":\"https:\\\/\\\/www.mexicanguitarplayers.com\\\/tienda\\\/sin categor\u00eda\\\/cuerdas-d-addario-mod-pl-026\\\/\",\"name\":\"CUERDAS D ADDARIO MOD. PL-026 - Mexican Guitar Players\",\"isPartOf\":{\"@id\":\"https:\\\/\\\/www.mexicanguitarplayers.com\\\/#website\"},\"primaryImageOfPage\":{\"@id\":\"https:\\\/\\\/www.mexicanguitarplayers.com\\\/tienda\\\/sin categor\u00eda\\\/cuerdas-d-addario-mod-pl-026\\\/#primaryimage\"},\"image\":{\"@id\":\"https:\\\/\\\/www.mexicanguitarplayers.com\\\/tienda\\\/sin categor\u00eda\\\/cuerdas-d-addario-mod-pl-026\\\/#primaryimage\"},\"thumbnailUrl\":\"https:\\\/\\\/www.mexicanguitarplayers.com\\\/wp-content\\\/uploads\\\/2025\\\/04\\\/RADADPL026.jpg\",\"datePublished\":\"2025-04-09T15:21:29+00:00\",\"dateModified\":\"2026-03-27T01:15:03+00:00\",\"description\":\"Cuerda individual de acero liso para guitarra, calibre .026, acero liso, para guitarra ac\u00fastica o el\u00e9ctrica, perfecta como cuerda de repuesto o para crear juegos personalizados, tono exquisito y duradero, paquete ecol\u00f3gico y resistente a la corrosi\u00f3n para conservar la frescura de las cuerdas.\",\"breadcrumb\":{\"@id\":\"https:\\\/\\\/www.mexicanguitarplayers.com\\\/tienda\\\/sin categor\u00eda\\\/cuerdas-d-addario-mod-pl-026\\\/#breadcrumb\"},\"inLanguage\":\"en-US\",\"potentialAction\":[{\"@type\":\"ReadAction\",\"target\":[\"https:\\\/\\\/www.mexicanguitarplayers.com\\\/tienda\\\/sin categor\u00eda\\\/cuerdas-d-addario-mod-pl-026\\\/\"]}]},{\"@type\":\"ImageObject\",\"inLanguage\":\"en-US\",\"@id\":\"https:\\\/\\\/www.mexicanguitarplayers.com\\\/tienda\\\/sin categor\u00eda\\\/cuerdas-d-addario-mod-pl-026\\\/#primaryimage\",\"url\":\"https:\\\/\\\/www.mexicanguitarplayers.com\\\/wp-content\\\/uploads\\\/2025\\\/04\\\/RADADPL026.jpg\",\"contentUrl\":\"https:\\\/\\\/www.mexicanguitarplayers.com\\\/wp-content\\\/uploads\\\/2025\\\/04\\\/RADADPL026.jpg\",\"width\":1200,\"height\":1200},{\"@type\":\"BreadcrumbList\",\"@id\":\"https:\\\/\\\/www.mexicanguitarplayers.com\\\/tienda\\\/sin categor\u00eda\\\/cuerdas-d-addario-mod-pl-026\\\/#breadcrumb\",\"itemListElement\":[{\"@type\":\"ListItem\",\"position\":1,\"name\":\"Portada\",\"item\":\"https:\\\/\\\/www.mexicanguitarplayers.com\\\/\"},{\"@type\":\"ListItem\",\"position\":2,\"name\":\"Tienda\",\"item\":\"https:\\\/\\\/www.mexicanguitarplayers.com\\\/tienda\\\/\"},{\"@type\":\"ListItem\",\"position\":3,\"name\":\"CUERDAS D ADDARIO MOD. PL-026\"}]},{\"@type\":\"WebSite\",\"@id\":\"https:\\\/\\\/www.mexicanguitarplayers.com\\\/#website\",\"url\":\"https:\\\/\\\/www.mexicanguitarplayers.com\\\/\",\"name\":\"Mexican Guitar Players\",\"description\":\"Website\",\"publisher\":{\"@id\":\"https:\\\/\\\/www.mexicanguitarplayers.com\\\/#organization\"},\"potentialAction\":[{\"@type\":\"SearchAction\",\"target\":{\"@type\":\"EntryPoint\",\"urlTemplate\":\"https:\\\/\\\/www.mexicanguitarplayers.com\\\/?s={search_term_string}\"},\"query-input\":{\"@type\":\"PropertyValueSpecification\",\"valueRequired\":true,\"valueName\":\"search_term_string\"}}],\"inLanguage\":\"en-US\"},{\"@type\":\"Organization\",\"@id\":\"https:\\\/\\\/www.mexicanguitarplayers.com\\\/#organization\",\"name\":\"Mexican Guitar Players\",\"url\":\"https:\\\/\\\/www.mexicanguitarplayers.com\\\/\",\"logo\":{\"@type\":\"ImageObject\",\"inLanguage\":\"en-US\",\"@id\":\"https:\\\/\\\/www.mexicanguitarplayers.com\\\/#\\\/schema\\\/logo\\\/image\\\/\",\"url\":\"\",\"contentUrl\":\"\",\"caption\":\"Mexican Guitar Players\"},\"image\":{\"@id\":\"https:\\\/\\\/www.mexicanguitarplayers.com\\\/#\\\/schema\\\/logo\\\/image\\\/\"}}]}<\/script>\n<!-- \/ Yoast SEO plugin. -->","yoast_head_json":{"title":"CUERDAS D ADDARIO  MOD. PL-026 - Mexican Guitar Players","description":"Cuerda individual de acero liso para guitarra, calibre .026, acero liso, para guitarra ac\u00fastica o el\u00e9ctrica, perfecta como cuerda de repuesto o para crear juegos personalizados, tono exquisito y duradero, paquete ecol\u00f3gico y resistente a la corrosi\u00f3n para conservar la frescura de las cuerdas.","robots":{"index":"index","follow":"follow","max-snippet":"max-snippet:-1","max-image-preview":"max-image-preview:large","max-video-preview":"max-video-preview:-1"},"canonical":"https:\/\/www.mexicanguitarplayers.com\/en\/tienda\/sin categor\u00eda\/cuerdas-d-addario-mod-pl-026\/","og_locale":"en_US","og_type":"article","og_title":"CUERDAS D ADDARIO  MOD. PL-026 - Mexican Guitar Players","og_description":"Cuerda individual de acero liso para guitarra, calibre .026, acero liso, para guitarra ac\u00fastica o el\u00e9ctrica, perfecta como cuerda de repuesto o para crear juegos personalizados, tono exquisito y duradero, paquete ecol\u00f3gico y resistente a la corrosi\u00f3n para conservar la frescura de las cuerdas.","og_url":"https:\/\/www.mexicanguitarplayers.com\/en\/tienda\/sin categor\u00eda\/cuerdas-d-addario-mod-pl-026\/","og_site_name":"Mexican Guitar Players","article_modified_time":"2026-03-27T01:15:03+00:00","twitter_card":"summary_large_image","twitter_misc":{"Est. reading time":"1 minute"},"schema":{"@context":"https:\/\/schema.org","@graph":[{"@type":["WebPage","ItemPage"],"@id":"https:\/\/www.mexicanguitarplayers.com\/tienda\/sin categor\u00eda\/cuerdas-d-addario-mod-pl-026\/","url":"https:\/\/www.mexicanguitarplayers.com\/tienda\/sin categor\u00eda\/cuerdas-d-addario-mod-pl-026\/","name":"CUERDAS D ADDARIO MOD. PL-026 - Mexican Guitar Players","isPartOf":{"@id":"https:\/\/www.mexicanguitarplayers.com\/#website"},"primaryImageOfPage":{"@id":"https:\/\/www.mexicanguitarplayers.com\/tienda\/sin categor\u00eda\/cuerdas-d-addario-mod-pl-026\/#primaryimage"},"image":{"@id":"https:\/\/www.mexicanguitarplayers.com\/tienda\/sin categor\u00eda\/cuerdas-d-addario-mod-pl-026\/#primaryimage"},"thumbnailUrl":"https:\/\/www.mexicanguitarplayers.com\/wp-content\/uploads\/2025\/04\/RADADPL026.jpg","datePublished":"2025-04-09T15:21:29+00:00","dateModified":"2026-03-27T01:15:03+00:00","description":"Cuerda individual de acero liso para guitarra, calibre .026, acero liso, para guitarra ac\u00fastica o el\u00e9ctrica, perfecta como cuerda de repuesto o para crear juegos personalizados, tono exquisito y duradero, paquete ecol\u00f3gico y resistente a la corrosi\u00f3n para conservar la frescura de las cuerdas.","breadcrumb":{"@id":"https:\/\/www.mexicanguitarplayers.com\/tienda\/sin categor\u00eda\/cuerdas-d-addario-mod-pl-026\/#breadcrumb"},"inLanguage":"en-US","potentialAction":[{"@type":"ReadAction","target":["https:\/\/www.mexicanguitarplayers.com\/tienda\/sin categor\u00eda\/cuerdas-d-addario-mod-pl-026\/"]}]},{"@type":"ImageObject","inLanguage":"en-US","@id":"https:\/\/www.mexicanguitarplayers.com\/tienda\/sin categor\u00eda\/cuerdas-d-addario-mod-pl-026\/#primaryimage","url":"https:\/\/www.mexicanguitarplayers.com\/wp-content\/uploads\/2025\/04\/RADADPL026.jpg","contentUrl":"https:\/\/www.mexicanguitarplayers.com\/wp-content\/uploads\/2025\/04\/RADADPL026.jpg","width":1200,"height":1200},{"@type":"BreadcrumbList","@id":"https:\/\/www.mexicanguitarplayers.com\/tienda\/sin categor\u00eda\/cuerdas-d-addario-mod-pl-026\/#breadcrumb","itemListElement":[{"@type":"ListItem","position":1,"name":"Portada","item":"https:\/\/www.mexicanguitarplayers.com\/"},{"@type":"ListItem","position":2,"name":"Tienda","item":"https:\/\/www.mexicanguitarplayers.com\/tienda\/"},{"@type":"ListItem","position":3,"name":"CUERDAS D ADDARIO MOD. PL-026"}]},{"@type":"WebSite","@id":"https:\/\/www.mexicanguitarplayers.com\/#website","url":"https:\/\/www.mexicanguitarplayers.com\/","name":"Mexican Guitar Players","description":"Website","publisher":{"@id":"https:\/\/www.mexicanguitarplayers.com\/#organization"},"potentialAction":[{"@type":"SearchAction","target":{"@type":"EntryPoint","urlTemplate":"https:\/\/www.mexicanguitarplayers.com\/?s={search_term_string}"},"query-input":{"@type":"PropertyValueSpecification","valueRequired":true,"valueName":"search_term_string"}}],"inLanguage":"en-US"},{"@type":"Organization","@id":"https:\/\/www.mexicanguitarplayers.com\/#organization","name":"Mexican Guitar Players","url":"https:\/\/www.mexicanguitarplayers.com\/","logo":{"@type":"ImageObject","inLanguage":"en-US","@id":"https:\/\/www.mexicanguitarplayers.com\/#\/schema\/logo\/image\/","url":"","contentUrl":"","caption":"Mexican Guitar Players"},"image":{"@id":"https:\/\/www.mexicanguitarplayers.com\/#\/schema\/logo\/image\/"}}]}},"brands":[{"id":347,"name":"D ADDARIO","slug":"d-addario"}],"_links":{"self":[{"href":"https:\/\/www.mexicanguitarplayers.com\/en\/wp-json\/wp\/v2\/product\/42583","targetHints":{"allow":["GET"]}}],"collection":[{"href":"https:\/\/www.mexicanguitarplayers.com\/en\/wp-json\/wp\/v2\/product"}],"about":[{"href":"https:\/\/www.mexicanguitarplayers.com\/en\/wp-json\/wp\/v2\/types\/product"}],"replies":[{"embeddable":true,"href":"https:\/\/www.mexicanguitarplayers.com\/en\/wp-json\/wp\/v2\/comments?post=42583"}],"wp:featuredmedia":[{"embeddable":true,"href":"https:\/\/www.mexicanguitarplayers.com\/en\/wp-json\/wp\/v2\/media\/42582"}],"wp:attachment":[{"href":"https:\/\/www.mexicanguitarplayers.com\/en\/wp-json\/wp\/v2\/media?parent=42583"}],"wp:term":[{"taxonomy":"pwb-brand","embeddable":true,"href":"https:\/\/www.mexicanguitarplayers.com\/en\/wp-json\/wp\/v2\/pwb-brand?post=42583"},{"taxonomy":"product_brand","embeddable":true,"href":"https:\/\/www.mexicanguitarplayers.com\/en\/wp-json\/wp\/v2\/product_brand?post=42583"},{"taxonomy":"product_cat","embeddable":true,"href":"https:\/\/www.mexicanguitarplayers.com\/en\/wp-json\/wp\/v2\/product_cat?post=42583"},{"taxonomy":"product_tag","embeddable":true,"href":"https:\/\/www.mexicanguitarplayers.com\/en\/wp-json\/wp\/v2\/product_tag?post=42583"}],"curies":[{"name":"wp","href":"https:\/\/api.w.org\/{rel}","templated":true}]}}