{"id":42591,"date":"2025-04-09T09:21:45","date_gmt":"2025-04-09T15:21:45","guid":{"rendered":"https:\/\/www.mexicanguitarplayers.com\/tienda\/sin categor\u00eda\/bafle-audiocenter-mod-k-la28-dsp-ac-ii\/"},"modified":"2026-04-10T04:16:26","modified_gmt":"2026-04-10T10:16:26","slug":"bafle-audiocenter-mod-k-la28-dsp-ac-ii","status":"publish","type":"product","link":"https:\/\/www.mexicanguitarplayers.com\/en\/tienda\/audio\/bafles-y-bocinas\/bafles\/bafles-activos\/bafle-audiocenter-mod-k-la28-dsp-ac-ii\/","title":{"rendered":"BAFLE AUDIOCENTER MOD. K-LA28-DSP-AC II"},"content":{"rendered":"<div style=\"text-align: justify\">\n<div>\n<h3>Simplicidad en configuraci\u00f3n y operaci\u00f3n.<\/h3>\n<\/div>\n<div>Los sistemas lineales K-LA de Audiocenter ofrecen la m\u00e1xima simplicidad en configuraci\u00f3n y operaci\u00f3n. Un sistema compacto y portable para renta, instalaci\u00f3n y touring que ofrece una tecnolog\u00eda de arreglo lineal para una facilidad accesible de uso y precio. Un sonido din\u00e1mico bien embalado en un tama\u00f1o compacto por el precio correcto. Esto es la serie K-LA.<\/div>\n<div>\n<h4>Quick look<\/h4>\n<\/div>\n<ul style=\"margin: 0px 0px 0px 25px\">\n<li style=\"list-style-type: circle;margin: 5px\">Frequency response.<\/li>\n<li style=\"list-style-type: circle;margin: 5px\">Maximum SPL.<\/li>\n<li style=\"list-style-type: circle;margin: 5px\">Drivers.<\/li>\n<li style=\"list-style-type: circle;margin: 5px\">Crossover y pendiente.<\/li>\n<li style=\"list-style-type: circle;margin: 5px\">Conector de E\/S de se\u00f1al.<\/li>\n<li style=\"list-style-type: circle;margin: 5px\">Conector de E\/S de potencia.<\/li>\n<li style=\"list-style-type: circle;margin: 5px\">Voltaje de funcionamiento.<\/li>\n<li style=\"list-style-type: circle;margin: 5px\">Distorsi\u00f3n media H2 (200 Hz &#8211; 10 kHz).<\/li>\n<li style=\"list-style-type: circle;margin: 5px\">Distorsi\u00f3n media H3 (200 Hz &#8211; 10 kHz).<\/li>\n<li style=\"list-style-type: circle;margin: 5px\">Procesador DSP.<\/li>\n<li style=\"list-style-type: circle;margin: 5px\">Amplifier.<\/li>\n<li style=\"list-style-type: circle;margin: 5px\">Protecci\u00f3n.<\/li>\n<li style=\"list-style-type: circle;margin: 5px\">Gabinete.<\/li>\n<li style=\"list-style-type: circle;margin: 5px\">Terminado.<\/li>\n<li style=\"list-style-type: circle;margin: 5px\">Dimensions.<\/li>\n<li style=\"list-style-type: circle;margin: 5px\">Weight.<\/li>\n<\/ul>\n<div>\n<div style=\"font-weight: bold\">Frequency response.<\/div>\n<div>\n<p>60 Hz &#8211; 20 kHz.<\/p>\n<\/div>\n<div style=\"font-weight: bold\">Maximum SPL.<\/div>\n<div>\n<p>Continuo: 122 dB. Programa: 125 dB. Pico: 128 dB.<\/p>\n<\/div>\n<div style=\"font-weight: bold\">Drivers.<\/div>\n<div>\n<p>Driver HF: Beyma personalizado de ferrita con salida de 1&#8243; pulgadas y bobina m\u00f3vil de 1.7&#8243; pulgadas. Driver LF: Beyma personalizado de ferrita con bobina m\u00f3vil de 2&#8243; pulgadas.<\/p>\n<\/div>\n<div style=\"font-weight: bold\">Crossover y pendiente.<\/div>\n<div>\n<p>Controlado por DSP.<\/p>\n<\/div>\n<div style=\"font-weight: bold\">Conector de E\/S de se\u00f1al.<\/div>\n<div>\n<p>Entrada XLR hembra, salida XLR macho.<\/p>\n<\/div>\n<div style=\"font-weight: bold\">Conector de E\/S de potencia.<\/div>\n<div>\n<p>Powercon NAC3MPA \/ NAC3MPB.<\/p>\n<\/div>\n<div style=\"font-weight: bold\">Voltaje de funcionamiento.<\/div>\n<div>\n<p>100V &#8211; 130V AC 50\/60 Hz.<\/p>\n<\/div>\n<div style=\"font-weight: bold\">Distorsi\u00f3n media H2 (200 Hz &#8211; 10 kHz).<\/div>\n<div>\n<p>&lt;1.8% a 1 watt.<\/p>\n<\/div>\n<div style=\"font-weight: bold\">Distorsi\u00f3n media H3 (200 Hz &#8211; 10 kHz).<\/div>\n<div>\n<p>&lt; 0.3% a 1 watt.<\/p>\n<\/div>\n<div style=\"font-weight: bold\">Procesador DSP.<\/div>\n<div>\n<p>Se\u00f1al de frecuencia de muestreo de 48 kHz, precisi\u00f3n de 56 bits.<\/p>\n<\/div>\n<div style=\"font-weight: bold\">Amplifier.<\/div>\n<div>\n<p>Clase D. Potencia AES: 1600 watts. Respuesta de frecuencia: 20 Hz &#8211; 20 kHz (+- 1 dB). Distorsi\u00f3n de intermodulaci\u00f3n: &lt;0.05% Distorsi\u00f3n arm\u00f3nica total a 4O de potencia nominal (-3 dB): &lt;0.05%<\/p>\n<\/div>\n<div style=\"font-weight: bold\">Protecci\u00f3n.<\/div>\n<div>\n<p>Protecci\u00f3n DC: +- 3V. Corto circuito. Sobrecalentamiento: 85 C. Sobrecarga. Arranque suave. Bajo voltaje.<\/p>\n<\/div>\n<div style=\"font-weight: bold\">Gabinete.<\/div>\n<div>\n<p>CNC de abedul ruso de alta densidad.<\/p>\n<\/div>\n<div style=\"font-weight: bold\">Terminado.<\/div>\n<div>\n<p>Pintura en spray amigable con el medio ambiente.<\/p>\n<\/div>\n<div style=\"font-weight: bold\">Dimensions.<\/div>\n<div>\n<p>590 \u00d7 236 \u00d7 436 mm.<\/p>\n<\/div>\n<div style=\"font-weight: bold\">Weight.<\/div>\n<div>\n<p>24 kg.<\/p>\n<\/div>\n<\/div>\n<\/div>","protected":false},"excerpt":{"rendered":"<p>Bafle activo para lineal, potencia AES: 1600 watts, respuesta de frecuencia (-6dB c\u00e1mara anecr\u00f3ica): 60 Hz &#8211; 20 kHz, distorsi\u00f3n media H2: &lt;1.8% a 1 watt, distorsi\u00f3n media H3: &lt; 0.3% a 1 watt, driver LF: Driver Beyma personalizado de ferrita con bobina m\u00f3vil de 2\u201d pulgadas, conector de E\/S de se\u00f1al: entrada XLR hembra, salida XLR macho, conector de E\/S de potencia: Powercon NAC3MPA \/ NAC3MPB, gabinete CNC de abedul ruso de alta densidad, terminado con pintura en spray amigable con el medio ambiente, dimensiones: 590 \u00d7 236 \u00d7 436 mm, peso: 24 kg.&hellip; <a class=\"kt-excerpt-readmore more-link\" href=\"https:\/\/www.mexicanguitarplayers.com\/en\/tienda\/audio\/bafles-y-bocinas\/bafles\/bafles-activos\/bafle-audiocenter-mod-k-la28-dsp-ac-ii\/\">Read more<\/a><\/p>","protected":false},"featured_media":42588,"comment_status":"open","ping_status":"closed","template":"","meta":{"kt_blocks_editor_width":""},"pwb-brand":[525],"product_brand":[],"product_cat":[213,222,472,221],"product_tag":[],"class_list":{"0":"post-42591","1":"product","2":"type-product","3":"status-publish","4":"has-post-thumbnail","6":"pwb-brand-audiocenter","7":"product_cat-audio","8":"product_cat-bafles","9":"product_cat-bafles-activos","10":"product_cat-bafles-y-bocinas","11":"product_shipping_class-25-30-kg","13":"first","14":"instock","15":"taxable","16":"shipping-taxable","17":"purchasable","18":"product-type-simple"},"yoast_head":"<!-- This site is optimized with the Yoast SEO plugin v27.5 - https:\/\/yoast.com\/product\/yoast-seo-wordpress\/ -->\n<title>BAFLE AUDIOCENTER MOD. K-LA28-DSP-AC II - Mexican Guitar Players<\/title>\n<meta name=\"description\" content=\"Bafle activo para lineal, potencia AES: 1600 watts, respuesta de frecuencia (-6dB c\u00e1mara anecr\u00f3ica): 60 Hz - 20 kHz, distorsi\u00f3n media H2: &lt;1.8% a 1 watt, distorsi\u00f3n media H3: &lt; 0.3% a 1 watt, driver LF: Driver Beyma personalizado de ferrita con bobina m\u00f3vil de 2\u201d pulgadas, conector de E\/S de se\u00f1al: entrada XLR hembra, salida XLR macho, conector de E\/S de potencia: Powercon NAC3MPA \/ NAC3MPB, gabinete CNC de abedul ruso de alta densidad, terminado con pintura en spray amigable con el medio ambiente, dimensiones: 590 \u00d7 236 \u00d7 436 mm, peso: 24 kg.\" \/>\n<meta name=\"robots\" content=\"index, follow, max-snippet:-1, max-image-preview:large, max-video-preview:-1\" \/>\n<link rel=\"canonical\" href=\"https:\/\/www.mexicanguitarplayers.com\/en\/tienda\/sin%20categor\u00eda\/bafle-audiocenter-mod-k-la28-dsp-ac-ii\/\" \/>\n<meta property=\"og:locale\" content=\"en_US\" \/>\n<meta property=\"og:type\" content=\"article\" \/>\n<meta property=\"og:title\" content=\"BAFLE AUDIOCENTER MOD. K-LA28-DSP-AC II - Mexican Guitar Players\" \/>\n<meta property=\"og:description\" content=\"Bafle activo para lineal, potencia AES: 1600 watts, respuesta de frecuencia (-6dB c\u00e1mara anecr\u00f3ica): 60 Hz - 20 kHz, distorsi\u00f3n media H2: &lt;1.8% a 1 watt, distorsi\u00f3n media H3: &lt; 0.3% a 1 watt, driver LF: Driver Beyma personalizado de ferrita con bobina m\u00f3vil de 2\u201d pulgadas, conector de E\/S de se\u00f1al: entrada XLR hembra, salida XLR macho, conector de E\/S de potencia: Powercon NAC3MPA \/ NAC3MPB, gabinete CNC de abedul ruso de alta densidad, terminado con pintura en spray amigable con el medio ambiente, dimensiones: 590 \u00d7 236 \u00d7 436 mm, peso: 24 kg.\" \/>\n<meta property=\"og:url\" content=\"https:\/\/www.mexicanguitarplayers.com\/en\/tienda\/sin categor\u00eda\/bafle-audiocenter-mod-k-la28-dsp-ac-ii\/\" \/>\n<meta property=\"og:site_name\" content=\"Mexican Guitar Players\" \/>\n<meta property=\"article:modified_time\" content=\"2026-04-10T10:16:26+00:00\" \/>\n<meta name=\"twitter:card\" content=\"summary_large_image\" \/>\n<meta name=\"twitter:label1\" content=\"Est. reading time\" \/>\n\t<meta name=\"twitter:data1\" content=\"2 minutes\" \/>\n<script type=\"application\/ld+json\" class=\"yoast-schema-graph\">{\"@context\":\"https:\\\/\\\/schema.org\",\"@graph\":[{\"@type\":[\"WebPage\",\"ItemPage\"],\"@id\":\"https:\\\/\\\/www.mexicanguitarplayers.com\\\/tienda\\\/sin categor\u00eda\\\/bafle-audiocenter-mod-k-la28-dsp-ac-ii\\\/\",\"url\":\"https:\\\/\\\/www.mexicanguitarplayers.com\\\/tienda\\\/sin categor\u00eda\\\/bafle-audiocenter-mod-k-la28-dsp-ac-ii\\\/\",\"name\":\"BAFLE AUDIOCENTER MOD. K-LA28-DSP-AC II - Mexican Guitar Players\",\"isPartOf\":{\"@id\":\"https:\\\/\\\/www.mexicanguitarplayers.com\\\/#website\"},\"primaryImageOfPage\":{\"@id\":\"https:\\\/\\\/www.mexicanguitarplayers.com\\\/tienda\\\/sin categor\u00eda\\\/bafle-audiocenter-mod-k-la28-dsp-ac-ii\\\/#primaryimage\"},\"image\":{\"@id\":\"https:\\\/\\\/www.mexicanguitarplayers.com\\\/tienda\\\/sin categor\u00eda\\\/bafle-audiocenter-mod-k-la28-dsp-ac-ii\\\/#primaryimage\"},\"thumbnailUrl\":\"https:\\\/\\\/www.mexicanguitarplayers.com\\\/wp-content\\\/uploads\\\/2025\\\/04\\\/IAACTKLA28DSII.jpg\",\"datePublished\":\"2025-04-09T15:21:45+00:00\",\"dateModified\":\"2026-04-10T10:16:26+00:00\",\"description\":\"Bafle activo para lineal, potencia AES: 1600 watts, respuesta de frecuencia (-6dB c\u00e1mara anecr\u00f3ica): 60 Hz - 20 kHz, distorsi\u00f3n media H2: &lt;1.8% a 1 watt, distorsi\u00f3n media H3: &lt; 0.3% a 1 watt, driver LF: Driver Beyma personalizado de ferrita con bobina m\u00f3vil de 2\u201d pulgadas, conector de E\\\/S de se\u00f1al: entrada XLR hembra, salida XLR macho, conector de E\\\/S de potencia: Powercon NAC3MPA \\\/ NAC3MPB, gabinete CNC de abedul ruso de alta densidad, terminado con pintura en spray amigable con el medio ambiente, dimensiones: 590 \u00d7 236 \u00d7 436 mm, peso: 24 kg.\",\"breadcrumb\":{\"@id\":\"https:\\\/\\\/www.mexicanguitarplayers.com\\\/tienda\\\/sin categor\u00eda\\\/bafle-audiocenter-mod-k-la28-dsp-ac-ii\\\/#breadcrumb\"},\"inLanguage\":\"en-US\",\"potentialAction\":[{\"@type\":\"ReadAction\",\"target\":[\"https:\\\/\\\/www.mexicanguitarplayers.com\\\/tienda\\\/sin categor\u00eda\\\/bafle-audiocenter-mod-k-la28-dsp-ac-ii\\\/\"]}]},{\"@type\":\"ImageObject\",\"inLanguage\":\"en-US\",\"@id\":\"https:\\\/\\\/www.mexicanguitarplayers.com\\\/tienda\\\/sin categor\u00eda\\\/bafle-audiocenter-mod-k-la28-dsp-ac-ii\\\/#primaryimage\",\"url\":\"https:\\\/\\\/www.mexicanguitarplayers.com\\\/wp-content\\\/uploads\\\/2025\\\/04\\\/IAACTKLA28DSII.jpg\",\"contentUrl\":\"https:\\\/\\\/www.mexicanguitarplayers.com\\\/wp-content\\\/uploads\\\/2025\\\/04\\\/IAACTKLA28DSII.jpg\",\"width\":1600,\"height\":800},{\"@type\":\"BreadcrumbList\",\"@id\":\"https:\\\/\\\/www.mexicanguitarplayers.com\\\/tienda\\\/sin categor\u00eda\\\/bafle-audiocenter-mod-k-la28-dsp-ac-ii\\\/#breadcrumb\",\"itemListElement\":[{\"@type\":\"ListItem\",\"position\":1,\"name\":\"Portada\",\"item\":\"https:\\\/\\\/www.mexicanguitarplayers.com\\\/\"},{\"@type\":\"ListItem\",\"position\":2,\"name\":\"Tienda\",\"item\":\"https:\\\/\\\/www.mexicanguitarplayers.com\\\/tienda\\\/\"},{\"@type\":\"ListItem\",\"position\":3,\"name\":\"BAFLE AUDIOCENTER MOD. K-LA28-DSP-AC II\"}]},{\"@type\":\"WebSite\",\"@id\":\"https:\\\/\\\/www.mexicanguitarplayers.com\\\/#website\",\"url\":\"https:\\\/\\\/www.mexicanguitarplayers.com\\\/\",\"name\":\"Mexican Guitar Players\",\"description\":\"Website\",\"publisher\":{\"@id\":\"https:\\\/\\\/www.mexicanguitarplayers.com\\\/#organization\"},\"potentialAction\":[{\"@type\":\"SearchAction\",\"target\":{\"@type\":\"EntryPoint\",\"urlTemplate\":\"https:\\\/\\\/www.mexicanguitarplayers.com\\\/?s={search_term_string}\"},\"query-input\":{\"@type\":\"PropertyValueSpecification\",\"valueRequired\":true,\"valueName\":\"search_term_string\"}}],\"inLanguage\":\"en-US\"},{\"@type\":\"Organization\",\"@id\":\"https:\\\/\\\/www.mexicanguitarplayers.com\\\/#organization\",\"name\":\"Mexican Guitar Players\",\"url\":\"https:\\\/\\\/www.mexicanguitarplayers.com\\\/\",\"logo\":{\"@type\":\"ImageObject\",\"inLanguage\":\"en-US\",\"@id\":\"https:\\\/\\\/www.mexicanguitarplayers.com\\\/#\\\/schema\\\/logo\\\/image\\\/\",\"url\":\"\",\"contentUrl\":\"\",\"caption\":\"Mexican Guitar Players\"},\"image\":{\"@id\":\"https:\\\/\\\/www.mexicanguitarplayers.com\\\/#\\\/schema\\\/logo\\\/image\\\/\"}}]}<\/script>\n<!-- \/ Yoast SEO plugin. -->","yoast_head_json":{"title":"BAFLE AUDIOCENTER MOD. K-LA28-DSP-AC II - Mexican Guitar Players","description":"Bafle activo para lineal, potencia AES: 1600 watts, respuesta de frecuencia (-6dB c\u00e1mara anecr\u00f3ica): 60 Hz - 20 kHz, distorsi\u00f3n media H2: &lt;1.8% a 1 watt, distorsi\u00f3n media H3: &lt; 0.3% a 1 watt, driver LF: Driver Beyma personalizado de ferrita con bobina m\u00f3vil de 2\u201d pulgadas, conector de E\/S de se\u00f1al: entrada XLR hembra, salida XLR macho, conector de E\/S de potencia: Powercon NAC3MPA \/ NAC3MPB, gabinete CNC de abedul ruso de alta densidad, terminado con pintura en spray amigable con el medio ambiente, dimensiones: 590 \u00d7 236 \u00d7 436 mm, peso: 24 kg.","robots":{"index":"index","follow":"follow","max-snippet":"max-snippet:-1","max-image-preview":"max-image-preview:large","max-video-preview":"max-video-preview:-1"},"canonical":"https:\/\/www.mexicanguitarplayers.com\/en\/tienda\/sin categor\u00eda\/bafle-audiocenter-mod-k-la28-dsp-ac-ii\/","og_locale":"en_US","og_type":"article","og_title":"BAFLE AUDIOCENTER MOD. K-LA28-DSP-AC II - Mexican Guitar Players","og_description":"Bafle activo para lineal, potencia AES: 1600 watts, respuesta de frecuencia (-6dB c\u00e1mara anecr\u00f3ica): 60 Hz - 20 kHz, distorsi\u00f3n media H2: &lt;1.8% a 1 watt, distorsi\u00f3n media H3: &lt; 0.3% a 1 watt, driver LF: Driver Beyma personalizado de ferrita con bobina m\u00f3vil de 2\u201d pulgadas, conector de E\/S de se\u00f1al: entrada XLR hembra, salida XLR macho, conector de E\/S de potencia: Powercon NAC3MPA \/ NAC3MPB, gabinete CNC de abedul ruso de alta densidad, terminado con pintura en spray amigable con el medio ambiente, dimensiones: 590 \u00d7 236 \u00d7 436 mm, peso: 24 kg.","og_url":"https:\/\/www.mexicanguitarplayers.com\/en\/tienda\/sin categor\u00eda\/bafle-audiocenter-mod-k-la28-dsp-ac-ii\/","og_site_name":"Mexican Guitar Players","article_modified_time":"2026-04-10T10:16:26+00:00","twitter_card":"summary_large_image","twitter_misc":{"Est. reading time":"2 minutes"},"schema":{"@context":"https:\/\/schema.org","@graph":[{"@type":["WebPage","ItemPage"],"@id":"https:\/\/www.mexicanguitarplayers.com\/tienda\/sin categor\u00eda\/bafle-audiocenter-mod-k-la28-dsp-ac-ii\/","url":"https:\/\/www.mexicanguitarplayers.com\/tienda\/sin categor\u00eda\/bafle-audiocenter-mod-k-la28-dsp-ac-ii\/","name":"BAFLE AUDIOCENTER MOD. K-LA28-DSP-AC II - Mexican Guitar Players","isPartOf":{"@id":"https:\/\/www.mexicanguitarplayers.com\/#website"},"primaryImageOfPage":{"@id":"https:\/\/www.mexicanguitarplayers.com\/tienda\/sin categor\u00eda\/bafle-audiocenter-mod-k-la28-dsp-ac-ii\/#primaryimage"},"image":{"@id":"https:\/\/www.mexicanguitarplayers.com\/tienda\/sin categor\u00eda\/bafle-audiocenter-mod-k-la28-dsp-ac-ii\/#primaryimage"},"thumbnailUrl":"https:\/\/www.mexicanguitarplayers.com\/wp-content\/uploads\/2025\/04\/IAACTKLA28DSII.jpg","datePublished":"2025-04-09T15:21:45+00:00","dateModified":"2026-04-10T10:16:26+00:00","description":"Bafle activo para lineal, potencia AES: 1600 watts, respuesta de frecuencia (-6dB c\u00e1mara anecr\u00f3ica): 60 Hz - 20 kHz, distorsi\u00f3n media H2: &lt;1.8% a 1 watt, distorsi\u00f3n media H3: &lt; 0.3% a 1 watt, driver LF: Driver Beyma personalizado de ferrita con bobina m\u00f3vil de 2\u201d pulgadas, conector de E\/S de se\u00f1al: entrada XLR hembra, salida XLR macho, conector de E\/S de potencia: Powercon NAC3MPA \/ NAC3MPB, gabinete CNC de abedul ruso de alta densidad, terminado con pintura en spray amigable con el medio ambiente, dimensiones: 590 \u00d7 236 \u00d7 436 mm, peso: 24 kg.","breadcrumb":{"@id":"https:\/\/www.mexicanguitarplayers.com\/tienda\/sin categor\u00eda\/bafle-audiocenter-mod-k-la28-dsp-ac-ii\/#breadcrumb"},"inLanguage":"en-US","potentialAction":[{"@type":"ReadAction","target":["https:\/\/www.mexicanguitarplayers.com\/tienda\/sin categor\u00eda\/bafle-audiocenter-mod-k-la28-dsp-ac-ii\/"]}]},{"@type":"ImageObject","inLanguage":"en-US","@id":"https:\/\/www.mexicanguitarplayers.com\/tienda\/sin categor\u00eda\/bafle-audiocenter-mod-k-la28-dsp-ac-ii\/#primaryimage","url":"https:\/\/www.mexicanguitarplayers.com\/wp-content\/uploads\/2025\/04\/IAACTKLA28DSII.jpg","contentUrl":"https:\/\/www.mexicanguitarplayers.com\/wp-content\/uploads\/2025\/04\/IAACTKLA28DSII.jpg","width":1600,"height":800},{"@type":"BreadcrumbList","@id":"https:\/\/www.mexicanguitarplayers.com\/tienda\/sin categor\u00eda\/bafle-audiocenter-mod-k-la28-dsp-ac-ii\/#breadcrumb","itemListElement":[{"@type":"ListItem","position":1,"name":"Portada","item":"https:\/\/www.mexicanguitarplayers.com\/"},{"@type":"ListItem","position":2,"name":"Tienda","item":"https:\/\/www.mexicanguitarplayers.com\/tienda\/"},{"@type":"ListItem","position":3,"name":"BAFLE AUDIOCENTER MOD. K-LA28-DSP-AC II"}]},{"@type":"WebSite","@id":"https:\/\/www.mexicanguitarplayers.com\/#website","url":"https:\/\/www.mexicanguitarplayers.com\/","name":"Mexican Guitar Players","description":"Website","publisher":{"@id":"https:\/\/www.mexicanguitarplayers.com\/#organization"},"potentialAction":[{"@type":"SearchAction","target":{"@type":"EntryPoint","urlTemplate":"https:\/\/www.mexicanguitarplayers.com\/?s={search_term_string}"},"query-input":{"@type":"PropertyValueSpecification","valueRequired":true,"valueName":"search_term_string"}}],"inLanguage":"en-US"},{"@type":"Organization","@id":"https:\/\/www.mexicanguitarplayers.com\/#organization","name":"Mexican Guitar Players","url":"https:\/\/www.mexicanguitarplayers.com\/","logo":{"@type":"ImageObject","inLanguage":"en-US","@id":"https:\/\/www.mexicanguitarplayers.com\/#\/schema\/logo\/image\/","url":"","contentUrl":"","caption":"Mexican Guitar Players"},"image":{"@id":"https:\/\/www.mexicanguitarplayers.com\/#\/schema\/logo\/image\/"}}]}},"brands":[{"id":525,"name":"AUDIOCENTER","slug":"audiocenter"}],"_links":{"self":[{"href":"https:\/\/www.mexicanguitarplayers.com\/en\/wp-json\/wp\/v2\/product\/42591","targetHints":{"allow":["GET"]}}],"collection":[{"href":"https:\/\/www.mexicanguitarplayers.com\/en\/wp-json\/wp\/v2\/product"}],"about":[{"href":"https:\/\/www.mexicanguitarplayers.com\/en\/wp-json\/wp\/v2\/types\/product"}],"replies":[{"embeddable":true,"href":"https:\/\/www.mexicanguitarplayers.com\/en\/wp-json\/wp\/v2\/comments?post=42591"}],"wp:featuredmedia":[{"embeddable":true,"href":"https:\/\/www.mexicanguitarplayers.com\/en\/wp-json\/wp\/v2\/media\/42588"}],"wp:attachment":[{"href":"https:\/\/www.mexicanguitarplayers.com\/en\/wp-json\/wp\/v2\/media?parent=42591"}],"wp:term":[{"taxonomy":"pwb-brand","embeddable":true,"href":"https:\/\/www.mexicanguitarplayers.com\/en\/wp-json\/wp\/v2\/pwb-brand?post=42591"},{"taxonomy":"product_brand","embeddable":true,"href":"https:\/\/www.mexicanguitarplayers.com\/en\/wp-json\/wp\/v2\/product_brand?post=42591"},{"taxonomy":"product_cat","embeddable":true,"href":"https:\/\/www.mexicanguitarplayers.com\/en\/wp-json\/wp\/v2\/product_cat?post=42591"},{"taxonomy":"product_tag","embeddable":true,"href":"https:\/\/www.mexicanguitarplayers.com\/en\/wp-json\/wp\/v2\/product_tag?post=42591"}],"curies":[{"name":"wp","href":"https:\/\/api.w.org\/{rel}","templated":true}]}}