{"id":42602,"date":"2025-04-09T09:21:58","date_gmt":"2025-04-09T15:21:58","guid":{"rendered":"https:\/\/www.mexicanguitarplayers.com\/tienda\/sin categor\u00eda\/bocina-eighteen-sound-8-8mb500-8\/"},"modified":"2026-01-14T04:15:47","modified_gmt":"2026-01-14T10:15:47","slug":"bocina-eighteen-sound-8-8mb500-8","status":"publish","type":"product","link":"https:\/\/www.mexicanguitarplayers.com\/en\/tienda\/audio\/bafles-y-bocinas\/bocinas-y-componentes\/medios\/bocina-eighteen-sound-8-8mb500-8\/","title":{"rendered":"BOCINA EIGHTEEN SOUND  8  8MB500\/8"},"content":{"rendered":"<div style=\"text-align: justify\">\n<div>\n<h3>Potencia y nitidez.<\/h3>\n<\/div>\n<div>El transductor de medios-graves 8MB500 ha sido desarrollado en respuesta a un requerimiento para un mercado en espec\u00edfico que requiere un driver de medios-graves de 8&#8243; pulgadas combinado con una excelente linealidad, gran eficiencia y capacidad de manejo de potencia. Est\u00e1 pensado principalmente para su uso como un controlador de medios-graves en un gabinete compacto r\u00e9flex de 2 v\u00edas con un motor de compresi\u00f3n de 1&#8243; pulgada o tweeter, aunque como resultado de sus caracter\u00edsticas vers\u00e1tiles, puede ser utilizado tambi\u00e9n en sistemas multi v\u00eda. El cono curvil\u00edneo de papel tratado est\u00e1 formado utilizando una composici\u00f3n de pulpa de madera y est\u00e1 dise\u00f1ado para lograr la mejor dureza y rigidez posible. Esto se consigue mediante un envolvente de poli algod\u00f3n que proporciona una mayor excursi\u00f3n mientras controla los modos de ruptura. La bobina m\u00f3vil de 2&#8243; pulgadas de aluminio emplea la misma tecnolog\u00eda ISV (Interleaved Sandwich Voice coil). Esto se compone de un embobinador de fibra de vidrio de alta resistencia que lleva el bobinado a las superficies interiores y exteriores para lograr un bobinado equilibrado. Esto resulta en un conjunto de motor extremadamente lineal que en conjunci\u00f3n con el dise\u00f1o altamente avanzado de la estructura magn\u00e9tica, proporciona un alto factor de fuerza (Factor BL). La bobina m\u00f3vil se enfr\u00eda mediante la incorporaci\u00f3n de v\u00edas respiratorias entre el chasis de placa trasera t la placa magn\u00e9tica superior para canalizar el aire caliente lejos de la bobina m\u00f3vil y el entrehierro y disiparlo.<\/div>\n<div>\n<h4>Quick look<\/h4>\n<\/div>\n<ul style=\"margin: 0px 0px 0px 25px\">\n<li style=\"list-style-type: circle;margin: 5px\">Di\u00e1metro nominal.<\/li>\n<li style=\"list-style-type: circle;margin: 5px\">Nominal impedance.<\/li>\n<li style=\"list-style-type: circle;margin: 5px\">Power.<\/li>\n<li style=\"list-style-type: circle;margin: 5px\">Sensitivity.<\/li>\n<li style=\"list-style-type: circle;margin: 5px\">Rango de frecuencia.<\/li>\n<li style=\"list-style-type: circle;margin: 5px\">Potencia de compresi\u00f3n a -10 dB.<\/li>\n<li style=\"list-style-type: circle;margin: 5px\">Potencia de compresi\u00f3n a -3 dB.<\/li>\n<li style=\"list-style-type: circle;margin: 5px\">Potencia de compresi\u00f3n a potencia total.<\/li>\n<li style=\"list-style-type: circle;margin: 5px\">Frecuencia m\u00e1xima recomendada.<\/li>\n<li style=\"list-style-type: circle;margin: 5px\">Volumen recomendado del gabinete.<\/li>\n<li style=\"list-style-type: circle;margin: 5px\">Impedancia m\u00ednima.<\/li>\n<li style=\"list-style-type: circle;margin: 5px\">Excursi\u00f3n m\u00e1xima pico a pico.<\/li>\n<li style=\"list-style-type: circle;margin: 5px\">Di\u00e1metro de la bobina m\u00f3vil.<\/li>\n<li style=\"list-style-type: circle;margin: 5px\">Material del bobinado.<\/li>\n<li style=\"list-style-type: circle;margin: 5px\">Suspensi\u00f3n.<\/li>\n<li style=\"list-style-type: circle;margin: 5px\">Cono.<\/li>\n<li style=\"list-style-type: circle;margin: 5px\">FS (Frecuencia de resonancia).<\/li>\n<li style=\"list-style-type: circle;margin: 5px\">Resistencia.<\/li>\n<li style=\"list-style-type: circle;margin: 5px\">SD (Superficie efectiva).<\/li>\n<li style=\"list-style-type: circle;margin: 5px\">QMS (Factor de calidad mec\u00e1nica).<\/li>\n<li style=\"list-style-type: circle;margin: 5px\">QES (Factor de calidad el\u00e9ctrica).<\/li>\n<li style=\"list-style-type: circle;margin: 5px\">QTS (Factor de calidad total).<\/li>\n<li style=\"list-style-type: circle;margin: 5px\">VAS (Volumen de aire equivalente a CMS).<\/li>\n<li style=\"list-style-type: circle;margin: 5px\">Factor BL.<\/li>\n<li style=\"list-style-type: circle;margin: 5px\">XMAX (Desplazamiento m\u00e1ximo).<\/li>\n<li style=\"list-style-type: circle;margin: 5px\">Inductancia de bobina m\u00f3vil (Le @ 1kHz).<\/li>\n<li style=\"list-style-type: circle;margin: 5px\">Porcentaje de eficiencia.<\/li>\n<li style=\"list-style-type: circle;margin: 5px\">Di\u00e1metro total.<\/li>\n<li style=\"list-style-type: circle;margin: 5px\">Agujeros de montaje y perno.<\/li>\n<li style=\"list-style-type: circle;margin: 5px\">Di\u00e1metro de los agujeros de montaje.<\/li>\n<li style=\"list-style-type: circle;margin: 5px\">Di\u00e1metro del c\u00edrculo del perno.<\/li>\n<li style=\"list-style-type: circle;margin: 5px\">Recorte del bafle.<\/li>\n<li style=\"list-style-type: circle;margin: 5px\">Profundidad total.<\/li>\n<li style=\"list-style-type: circle;margin: 5px\">Grosor de la brida y la canasta.<\/li>\n<li style=\"list-style-type: circle;margin: 5px\">Weight.<\/li>\n<li style=\"list-style-type: circle;margin: 5px\">Im\u00e1n.<\/li>\n<\/ul>\n<div>\n<div style=\"font-weight: bold\">Di\u00e1metro nominal.<\/div>\n<div>\n<p>8&#8243; pulgadas (200 mm).<\/p>\n<\/div>\n<div style=\"font-weight: bold\">Nominal impedance.<\/div>\n<div>\n<p>8 ohms.<\/p>\n<\/div>\n<div style=\"font-weight: bold\">Power.<\/div>\n<div>\n<p>AES: 280 watts. Programa: 400 watts. Pico: 800 watts.<\/p>\n<\/div>\n<div style=\"font-weight: bold\">Sensitivity.<\/div>\n<div>\n<p>95 dB.<\/p>\n<\/div>\n<div style=\"font-weight: bold\">Rango de frecuencia.<\/div>\n<div>\n<p>60 &#8211; 4,500 Hz.<\/p>\n<\/div>\n<div style=\"font-weight: bold\">Potencia de compresi\u00f3n a -10 dB.<\/div>\n<div>\n<p>0,5 dB.<\/p>\n<\/div>\n<div style=\"font-weight: bold\">Potencia de compresi\u00f3n a -3 dB.<\/div>\n<div>\n<p>1,4 dB.<\/p>\n<\/div>\n<div style=\"font-weight: bold\">Potencia de compresi\u00f3n a potencia total.<\/div>\n<div>\n<p>2.3 dB.<\/p>\n<\/div>\n<div style=\"font-weight: bold\">Frecuencia m\u00e1xima recomendada.<\/div>\n<div>\n<p>3000 Hz.<\/p>\n<\/div>\n<div style=\"font-weight: bold\">Volumen recomendado del gabinete.<\/div>\n<div>\n<p>10 \u00f7 40 lt. (0,35 \u00f7 1,41 pies c\u00fabicos).<\/p>\n<\/div>\n<div style=\"font-weight: bold\">Impedancia m\u00ednima.<\/div>\n<div>\n<p>5.8 ohms a 25\u00b0C.<\/p>\n<\/div>\n<div style=\"font-weight: bold\">Excursi\u00f3n m\u00e1xima pico a pico.<\/div>\n<div>\n<p>0.75&#8243; pulgadas (19 mm).<\/p>\n<\/div>\n<div style=\"font-weight: bold\">Di\u00e1metro de la bobina m\u00f3vil.<\/div>\n<div>\n<p>2&#8243; pulgadas (51 mm).<\/p>\n<\/div>\n<div style=\"font-weight: bold\">Material del bobinado.<\/div>\n<div>\n<p>Aluminio.<\/p>\n<\/div>\n<div style=\"font-weight: bold\">Suspensi\u00f3n.<\/div>\n<div>\n<p>Poli algod\u00f3n, triple roll.<\/p>\n<\/div>\n<div style=\"font-weight: bold\">Cono.<\/div>\n<div>\n<p>Curvil\u00edneo, celulosa tratada.<\/p>\n<\/div>\n<div style=\"font-weight: bold\">FS (Frecuencia de resonancia).<\/div>\n<div>\n<p>74 Hz.<\/p>\n<\/div>\n<div style=\"font-weight: bold\">Resistencia.<\/div>\n<div>\n<p>5.1 ohms.<\/p>\n<\/div>\n<div style=\"font-weight: bold\">SD (Superficie efectiva).<\/div>\n<div>\n<p>0,023 sq.mt. (35,65&#8243; sq).<\/p>\n<\/div>\n<div style=\"font-weight: bold\">QMS (Factor de calidad mec\u00e1nica).<\/div>\n<div>\n<p>2,66.<\/p>\n<\/div>\n<div style=\"font-weight: bold\">QES (Factor de calidad el\u00e9ctrica).<\/div>\n<div>\n<p>0,51.<\/p>\n<\/div>\n<div style=\"font-weight: bold\">QTS (Factor de calidad total).<\/div>\n<div>\n<p>0,43.<\/p>\n<\/div>\n<div style=\"font-weight: bold\">VAS (Volumen de aire equivalente a CMS).<\/div>\n<div>\n<p>21,5 lt.<\/p>\n<\/div>\n<div style=\"font-weight: bold\">Factor BL.<\/div>\n<div>\n<p>9.<\/p>\n<\/div>\n<div style=\"font-weight: bold\">XMAX (Desplazamiento m\u00e1ximo).<\/div>\n<div>\n<p>\u00b1 6 mm.<\/p>\n<\/div>\n<div style=\"font-weight: bold\">Inductancia de bobina m\u00f3vil (Le @ 1kHz).<\/div>\n<div>\n<p>0,60 mH.<\/p>\n<\/div>\n<div style=\"font-weight: bold\">Porcentaje de eficiencia.<\/div>\n<div>\n<p>94.4 dB.<\/p>\n<\/div>\n<div style=\"font-weight: bold\">Di\u00e1metro total.<\/div>\n<div>\n<p>8.27&#8243; pulgadas (210 mm).<\/p>\n<\/div>\n<div style=\"font-weight: bold\">Agujeros de montaje y perno.<\/div>\n<div>\n<p>6.<\/p>\n<\/div>\n<div style=\"font-weight: bold\">Di\u00e1metro de los agujeros de montaje.<\/div>\n<div>\n<p>6 mm.<\/p>\n<\/div>\n<div style=\"font-weight: bold\">Di\u00e1metro del c\u00edrculo del perno.<\/div>\n<div>\n<p>195 &#8211; 198 mm (7,68 &#8211; 7,80&#8243; pulgadas).<\/p>\n<\/div>\n<div style=\"font-weight: bold\">Recorte del bafle.<\/div>\n<div>\n<p>Frontal: \u00f8 186 mm (7.32&#8243; pulgadas). Posterior: \u00f8 184 mm (7.24&#8243; pulgadas).<\/p>\n<\/div>\n<div style=\"font-weight: bold\">Profundidad total.<\/div>\n<div>\n<p>3.92&#8243; pulgadas (99,5 mm).<\/p>\n<\/div>\n<div style=\"font-weight: bold\">Grosor de la brida y la canasta.<\/div>\n<div>\n<p>0-57&#8243; pulgadas (14,5 mm).<\/p>\n<\/div>\n<div style=\"font-weight: bold\">Weight.<\/div>\n<div>\n<p>3.4 kg.<\/p>\n<\/div>\n<div style=\"font-weight: bold\">Im\u00e1n.<\/div>\n<div>\n<p>Ferrita.<\/p>\n<\/div>\n<\/div>\n<\/div>","protected":false},"excerpt":{"rendered":"<p>Bocina de 8\u201d pulgadas, im\u00e1n de ferrita, suspensi\u00f3n de triple rodillo para mayor control de movimiento, cono de celulosa tratada protegido contra la intemperie, dise\u00f1o ligero de aluminio fundido a presi\u00f3n, adecuado para sistemas compactos de dos v\u00edas y sistemas multi v\u00eda, impedancia: 8 ohms, potencia AES: 280 W, programa: 400 W, pico: 800 W, sensibilidad: 95 dB, rango de frecuencia: 60 &#8211; 4,500 Hz, bobina m\u00f3vil de aluminio de 2\u201d pulgadas (51 mm), peso: 3.4 kg.&hellip; <a class=\"kt-excerpt-readmore more-link\" href=\"https:\/\/www.mexicanguitarplayers.com\/en\/tienda\/audio\/bafles-y-bocinas\/bocinas-y-componentes\/medios\/bocina-eighteen-sound-8-8mb500-8\/\">Read more<\/a><\/p>","protected":false},"featured_media":42597,"comment_status":"open","ping_status":"closed","template":"","meta":{"kt_blocks_editor_width":""},"pwb-brand":[533],"product_brand":[],"product_cat":[213,221,474,534],"product_tag":[],"class_list":{"0":"post-42602","1":"product","2":"type-product","3":"status-publish","4":"has-post-thumbnail","6":"pwb-brand-eighteen-sound","7":"product_cat-audio","8":"product_cat-bafles-y-bocinas","9":"product_cat-bocinas-y-componentes","10":"product_cat-medios","11":"product_shipping_class-0-5-kg","13":"first","14":"instock","15":"taxable","16":"shipping-taxable","17":"purchasable","18":"product-type-simple"},"yoast_head":"<!-- This site is optimized with the Yoast SEO plugin v27.3 - https:\/\/yoast.com\/product\/yoast-seo-wordpress\/ -->\n<title>BOCINA EIGHTEEN SOUND 8 8MB500\/8 - Mexican Guitar Players<\/title>\n<meta name=\"description\" content=\"Bocina de 8\u201d pulgadas, im\u00e1n de ferrita, suspensi\u00f3n de triple rodillo para mayor control de movimiento, cono de celulosa tratada protegido contra la intemperie, dise\u00f1o ligero de aluminio fundido a presi\u00f3n, adecuado para sistemas compactos de dos v\u00edas y sistemas multi v\u00eda, impedancia: 8 ohms, potencia AES: 280 W, programa: 400 W, pico: 800 W, sensibilidad: 95 dB, rango de frecuencia: 60 - 4,500 Hz, bobina m\u00f3vil de aluminio de 2\u201d pulgadas (51 mm), peso: 3.4 kg.\" \/>\n<meta name=\"robots\" content=\"index, follow, max-snippet:-1, max-image-preview:large, max-video-preview:-1\" \/>\n<link rel=\"canonical\" href=\"https:\/\/www.mexicanguitarplayers.com\/en\/tienda\/sin%20categor\u00eda\/bocina-eighteen-sound-8-8mb500-8\/\" \/>\n<meta property=\"og:locale\" content=\"en_US\" \/>\n<meta property=\"og:type\" content=\"article\" \/>\n<meta property=\"og:title\" content=\"BOCINA EIGHTEEN SOUND 8 8MB500\/8 - Mexican Guitar Players\" \/>\n<meta property=\"og:description\" content=\"Bocina de 8\u201d pulgadas, im\u00e1n de ferrita, suspensi\u00f3n de triple rodillo para mayor control de movimiento, cono de celulosa tratada protegido contra la intemperie, dise\u00f1o ligero de aluminio fundido a presi\u00f3n, adecuado para sistemas compactos de dos v\u00edas y sistemas multi v\u00eda, impedancia: 8 ohms, potencia AES: 280 W, programa: 400 W, pico: 800 W, sensibilidad: 95 dB, rango de frecuencia: 60 - 4,500 Hz, bobina m\u00f3vil de aluminio de 2\u201d pulgadas (51 mm), peso: 3.4 kg.\" \/>\n<meta property=\"og:url\" content=\"https:\/\/www.mexicanguitarplayers.com\/en\/tienda\/sin categor\u00eda\/bocina-eighteen-sound-8-8mb500-8\/\" \/>\n<meta property=\"og:site_name\" content=\"Mexican Guitar Players\" \/>\n<meta property=\"article:modified_time\" content=\"2026-01-14T10:15:47+00:00\" \/>\n<meta name=\"twitter:card\" content=\"summary_large_image\" \/>\n<meta name=\"twitter:label1\" content=\"Est. reading time\" \/>\n\t<meta name=\"twitter:data1\" content=\"3 minutes\" \/>\n<script type=\"application\/ld+json\" class=\"yoast-schema-graph\">{\"@context\":\"https:\\\/\\\/schema.org\",\"@graph\":[{\"@type\":[\"WebPage\",\"ItemPage\"],\"@id\":\"https:\\\/\\\/www.mexicanguitarplayers.com\\\/tienda\\\/sin categor\u00eda\\\/bocina-eighteen-sound-8-8mb500-8\\\/\",\"url\":\"https:\\\/\\\/www.mexicanguitarplayers.com\\\/tienda\\\/sin categor\u00eda\\\/bocina-eighteen-sound-8-8mb500-8\\\/\",\"name\":\"BOCINA EIGHTEEN SOUND 8 8MB500\\\/8 - Mexican Guitar Players\",\"isPartOf\":{\"@id\":\"https:\\\/\\\/www.mexicanguitarplayers.com\\\/#website\"},\"primaryImageOfPage\":{\"@id\":\"https:\\\/\\\/www.mexicanguitarplayers.com\\\/tienda\\\/sin categor\u00eda\\\/bocina-eighteen-sound-8-8mb500-8\\\/#primaryimage\"},\"image\":{\"@id\":\"https:\\\/\\\/www.mexicanguitarplayers.com\\\/tienda\\\/sin categor\u00eda\\\/bocina-eighteen-sound-8-8mb500-8\\\/#primaryimage\"},\"thumbnailUrl\":\"https:\\\/\\\/www.mexicanguitarplayers.com\\\/wp-content\\\/uploads\\\/2025\\\/04\\\/IAEIG8MB5008.jpg\",\"datePublished\":\"2025-04-09T15:21:58+00:00\",\"dateModified\":\"2026-01-14T10:15:47+00:00\",\"description\":\"Bocina de 8\u201d pulgadas, im\u00e1n de ferrita, suspensi\u00f3n de triple rodillo para mayor control de movimiento, cono de celulosa tratada protegido contra la intemperie, dise\u00f1o ligero de aluminio fundido a presi\u00f3n, adecuado para sistemas compactos de dos v\u00edas y sistemas multi v\u00eda, impedancia: 8 ohms, potencia AES: 280 W, programa: 400 W, pico: 800 W, sensibilidad: 95 dB, rango de frecuencia: 60 - 4,500 Hz, bobina m\u00f3vil de aluminio de 2\u201d pulgadas (51 mm), peso: 3.4 kg.\",\"breadcrumb\":{\"@id\":\"https:\\\/\\\/www.mexicanguitarplayers.com\\\/tienda\\\/sin categor\u00eda\\\/bocina-eighteen-sound-8-8mb500-8\\\/#breadcrumb\"},\"inLanguage\":\"en-US\",\"potentialAction\":[{\"@type\":\"ReadAction\",\"target\":[\"https:\\\/\\\/www.mexicanguitarplayers.com\\\/tienda\\\/sin categor\u00eda\\\/bocina-eighteen-sound-8-8mb500-8\\\/\"]}]},{\"@type\":\"ImageObject\",\"inLanguage\":\"en-US\",\"@id\":\"https:\\\/\\\/www.mexicanguitarplayers.com\\\/tienda\\\/sin categor\u00eda\\\/bocina-eighteen-sound-8-8mb500-8\\\/#primaryimage\",\"url\":\"https:\\\/\\\/www.mexicanguitarplayers.com\\\/wp-content\\\/uploads\\\/2025\\\/04\\\/IAEIG8MB5008.jpg\",\"contentUrl\":\"https:\\\/\\\/www.mexicanguitarplayers.com\\\/wp-content\\\/uploads\\\/2025\\\/04\\\/IAEIG8MB5008.jpg\",\"width\":1200,\"height\":1200},{\"@type\":\"BreadcrumbList\",\"@id\":\"https:\\\/\\\/www.mexicanguitarplayers.com\\\/tienda\\\/sin categor\u00eda\\\/bocina-eighteen-sound-8-8mb500-8\\\/#breadcrumb\",\"itemListElement\":[{\"@type\":\"ListItem\",\"position\":1,\"name\":\"Portada\",\"item\":\"https:\\\/\\\/www.mexicanguitarplayers.com\\\/\"},{\"@type\":\"ListItem\",\"position\":2,\"name\":\"Tienda\",\"item\":\"https:\\\/\\\/www.mexicanguitarplayers.com\\\/tienda\\\/\"},{\"@type\":\"ListItem\",\"position\":3,\"name\":\"BOCINA EIGHTEEN SOUND 8 8MB500\\\/8\"}]},{\"@type\":\"WebSite\",\"@id\":\"https:\\\/\\\/www.mexicanguitarplayers.com\\\/#website\",\"url\":\"https:\\\/\\\/www.mexicanguitarplayers.com\\\/\",\"name\":\"Mexican Guitar Players\",\"description\":\"Website\",\"publisher\":{\"@id\":\"https:\\\/\\\/www.mexicanguitarplayers.com\\\/#organization\"},\"potentialAction\":[{\"@type\":\"SearchAction\",\"target\":{\"@type\":\"EntryPoint\",\"urlTemplate\":\"https:\\\/\\\/www.mexicanguitarplayers.com\\\/?s={search_term_string}\"},\"query-input\":{\"@type\":\"PropertyValueSpecification\",\"valueRequired\":true,\"valueName\":\"search_term_string\"}}],\"inLanguage\":\"en-US\"},{\"@type\":\"Organization\",\"@id\":\"https:\\\/\\\/www.mexicanguitarplayers.com\\\/#organization\",\"name\":\"Mexican Guitar Players\",\"url\":\"https:\\\/\\\/www.mexicanguitarplayers.com\\\/\",\"logo\":{\"@type\":\"ImageObject\",\"inLanguage\":\"en-US\",\"@id\":\"https:\\\/\\\/www.mexicanguitarplayers.com\\\/#\\\/schema\\\/logo\\\/image\\\/\",\"url\":\"\",\"contentUrl\":\"\",\"caption\":\"Mexican Guitar Players\"},\"image\":{\"@id\":\"https:\\\/\\\/www.mexicanguitarplayers.com\\\/#\\\/schema\\\/logo\\\/image\\\/\"}}]}<\/script>\n<!-- \/ Yoast SEO plugin. -->","yoast_head_json":{"title":"BOCINA EIGHTEEN SOUND 8 8MB500\/8 - Mexican Guitar Players","description":"Bocina de 8\u201d pulgadas, im\u00e1n de ferrita, suspensi\u00f3n de triple rodillo para mayor control de movimiento, cono de celulosa tratada protegido contra la intemperie, dise\u00f1o ligero de aluminio fundido a presi\u00f3n, adecuado para sistemas compactos de dos v\u00edas y sistemas multi v\u00eda, impedancia: 8 ohms, potencia AES: 280 W, programa: 400 W, pico: 800 W, sensibilidad: 95 dB, rango de frecuencia: 60 - 4,500 Hz, bobina m\u00f3vil de aluminio de 2\u201d pulgadas (51 mm), peso: 3.4 kg.","robots":{"index":"index","follow":"follow","max-snippet":"max-snippet:-1","max-image-preview":"max-image-preview:large","max-video-preview":"max-video-preview:-1"},"canonical":"https:\/\/www.mexicanguitarplayers.com\/en\/tienda\/sin categor\u00eda\/bocina-eighteen-sound-8-8mb500-8\/","og_locale":"en_US","og_type":"article","og_title":"BOCINA EIGHTEEN SOUND 8 8MB500\/8 - Mexican Guitar Players","og_description":"Bocina de 8\u201d pulgadas, im\u00e1n de ferrita, suspensi\u00f3n de triple rodillo para mayor control de movimiento, cono de celulosa tratada protegido contra la intemperie, dise\u00f1o ligero de aluminio fundido a presi\u00f3n, adecuado para sistemas compactos de dos v\u00edas y sistemas multi v\u00eda, impedancia: 8 ohms, potencia AES: 280 W, programa: 400 W, pico: 800 W, sensibilidad: 95 dB, rango de frecuencia: 60 - 4,500 Hz, bobina m\u00f3vil de aluminio de 2\u201d pulgadas (51 mm), peso: 3.4 kg.","og_url":"https:\/\/www.mexicanguitarplayers.com\/en\/tienda\/sin categor\u00eda\/bocina-eighteen-sound-8-8mb500-8\/","og_site_name":"Mexican Guitar Players","article_modified_time":"2026-01-14T10:15:47+00:00","twitter_card":"summary_large_image","twitter_misc":{"Est. reading time":"3 minutes"},"schema":{"@context":"https:\/\/schema.org","@graph":[{"@type":["WebPage","ItemPage"],"@id":"https:\/\/www.mexicanguitarplayers.com\/tienda\/sin categor\u00eda\/bocina-eighteen-sound-8-8mb500-8\/","url":"https:\/\/www.mexicanguitarplayers.com\/tienda\/sin categor\u00eda\/bocina-eighteen-sound-8-8mb500-8\/","name":"BOCINA EIGHTEEN SOUND 8 8MB500\/8 - Mexican Guitar Players","isPartOf":{"@id":"https:\/\/www.mexicanguitarplayers.com\/#website"},"primaryImageOfPage":{"@id":"https:\/\/www.mexicanguitarplayers.com\/tienda\/sin categor\u00eda\/bocina-eighteen-sound-8-8mb500-8\/#primaryimage"},"image":{"@id":"https:\/\/www.mexicanguitarplayers.com\/tienda\/sin categor\u00eda\/bocina-eighteen-sound-8-8mb500-8\/#primaryimage"},"thumbnailUrl":"https:\/\/www.mexicanguitarplayers.com\/wp-content\/uploads\/2025\/04\/IAEIG8MB5008.jpg","datePublished":"2025-04-09T15:21:58+00:00","dateModified":"2026-01-14T10:15:47+00:00","description":"Bocina de 8\u201d pulgadas, im\u00e1n de ferrita, suspensi\u00f3n de triple rodillo para mayor control de movimiento, cono de celulosa tratada protegido contra la intemperie, dise\u00f1o ligero de aluminio fundido a presi\u00f3n, adecuado para sistemas compactos de dos v\u00edas y sistemas multi v\u00eda, impedancia: 8 ohms, potencia AES: 280 W, programa: 400 W, pico: 800 W, sensibilidad: 95 dB, rango de frecuencia: 60 - 4,500 Hz, bobina m\u00f3vil de aluminio de 2\u201d pulgadas (51 mm), peso: 3.4 kg.","breadcrumb":{"@id":"https:\/\/www.mexicanguitarplayers.com\/tienda\/sin categor\u00eda\/bocina-eighteen-sound-8-8mb500-8\/#breadcrumb"},"inLanguage":"en-US","potentialAction":[{"@type":"ReadAction","target":["https:\/\/www.mexicanguitarplayers.com\/tienda\/sin categor\u00eda\/bocina-eighteen-sound-8-8mb500-8\/"]}]},{"@type":"ImageObject","inLanguage":"en-US","@id":"https:\/\/www.mexicanguitarplayers.com\/tienda\/sin categor\u00eda\/bocina-eighteen-sound-8-8mb500-8\/#primaryimage","url":"https:\/\/www.mexicanguitarplayers.com\/wp-content\/uploads\/2025\/04\/IAEIG8MB5008.jpg","contentUrl":"https:\/\/www.mexicanguitarplayers.com\/wp-content\/uploads\/2025\/04\/IAEIG8MB5008.jpg","width":1200,"height":1200},{"@type":"BreadcrumbList","@id":"https:\/\/www.mexicanguitarplayers.com\/tienda\/sin categor\u00eda\/bocina-eighteen-sound-8-8mb500-8\/#breadcrumb","itemListElement":[{"@type":"ListItem","position":1,"name":"Portada","item":"https:\/\/www.mexicanguitarplayers.com\/"},{"@type":"ListItem","position":2,"name":"Tienda","item":"https:\/\/www.mexicanguitarplayers.com\/tienda\/"},{"@type":"ListItem","position":3,"name":"BOCINA EIGHTEEN SOUND 8 8MB500\/8"}]},{"@type":"WebSite","@id":"https:\/\/www.mexicanguitarplayers.com\/#website","url":"https:\/\/www.mexicanguitarplayers.com\/","name":"Mexican Guitar Players","description":"Website","publisher":{"@id":"https:\/\/www.mexicanguitarplayers.com\/#organization"},"potentialAction":[{"@type":"SearchAction","target":{"@type":"EntryPoint","urlTemplate":"https:\/\/www.mexicanguitarplayers.com\/?s={search_term_string}"},"query-input":{"@type":"PropertyValueSpecification","valueRequired":true,"valueName":"search_term_string"}}],"inLanguage":"en-US"},{"@type":"Organization","@id":"https:\/\/www.mexicanguitarplayers.com\/#organization","name":"Mexican Guitar Players","url":"https:\/\/www.mexicanguitarplayers.com\/","logo":{"@type":"ImageObject","inLanguage":"en-US","@id":"https:\/\/www.mexicanguitarplayers.com\/#\/schema\/logo\/image\/","url":"","contentUrl":"","caption":"Mexican Guitar Players"},"image":{"@id":"https:\/\/www.mexicanguitarplayers.com\/#\/schema\/logo\/image\/"}}]}},"brands":[{"id":533,"name":"EIGHTEEN SOUND","slug":"eighteen-sound"}],"_links":{"self":[{"href":"https:\/\/www.mexicanguitarplayers.com\/en\/wp-json\/wp\/v2\/product\/42602","targetHints":{"allow":["GET"]}}],"collection":[{"href":"https:\/\/www.mexicanguitarplayers.com\/en\/wp-json\/wp\/v2\/product"}],"about":[{"href":"https:\/\/www.mexicanguitarplayers.com\/en\/wp-json\/wp\/v2\/types\/product"}],"replies":[{"embeddable":true,"href":"https:\/\/www.mexicanguitarplayers.com\/en\/wp-json\/wp\/v2\/comments?post=42602"}],"wp:featuredmedia":[{"embeddable":true,"href":"https:\/\/www.mexicanguitarplayers.com\/en\/wp-json\/wp\/v2\/media\/42597"}],"wp:attachment":[{"href":"https:\/\/www.mexicanguitarplayers.com\/en\/wp-json\/wp\/v2\/media?parent=42602"}],"wp:term":[{"taxonomy":"pwb-brand","embeddable":true,"href":"https:\/\/www.mexicanguitarplayers.com\/en\/wp-json\/wp\/v2\/pwb-brand?post=42602"},{"taxonomy":"product_brand","embeddable":true,"href":"https:\/\/www.mexicanguitarplayers.com\/en\/wp-json\/wp\/v2\/product_brand?post=42602"},{"taxonomy":"product_cat","embeddable":true,"href":"https:\/\/www.mexicanguitarplayers.com\/en\/wp-json\/wp\/v2\/product_cat?post=42602"},{"taxonomy":"product_tag","embeddable":true,"href":"https:\/\/www.mexicanguitarplayers.com\/en\/wp-json\/wp\/v2\/product_tag?post=42602"}],"curies":[{"name":"wp","href":"https:\/\/api.w.org\/{rel}","templated":true}]}}