{"id":42622,"date":"2025-04-09T09:22:37","date_gmt":"2025-04-09T15:22:37","guid":{"rendered":"https:\/\/www.mexicanguitarplayers.com\/tienda\/sin categor\u00eda\/bafle-behringer-monitor-mod-studio50usb\/"},"modified":"2026-04-10T04:16:22","modified_gmt":"2026-04-10T10:16:22","slug":"bafle-behringer-monitor-mod-studio50usb","status":"publish","type":"product","link":"https:\/\/www.mexicanguitarplayers.com\/en\/tienda\/audio\/bafles-y-bocinas\/bafles\/bafles-activos\/bafle-behringer-monitor-mod-studio50usb\/","title":{"rendered":"BAFLE BEHRINGER MONITOR MOD. STUDIO50USB"},"content":{"rendered":"<div style=\"text-align: justify\">\n<div>\n<h3>Disfruta de una resoluci\u00f3n de audio de alta fidelidad.<\/h3>\n<\/div>\n<div>Ya sea que est\u00e9s creando m\u00fasica o simplemente disfrutando de ella, lo que necesitas es un altavoz con un sonido preciso. El altavoz digital STUDIO 50USB ultra linear de 150 watts combina conectividad USB y an\u00e1loga en un altavoz biamplificado de 2 v\u00edas, proporcionando una actualizaci\u00f3n sonora perfecta para cualquier aplicaci\u00f3n de audio o video. Y cuando llega el momento de que fluya tu creatividad, STUDIO 50USB te ofrece un rendimiento con calidad de estudio, d\u00e1ndote el poder de marcar el sonido perfecto. Cada detalle de tu mezcla viene a trav\u00e9s de toda su claridad pr\u00edstina, con el tipo de din\u00e1mica y el impacto que solamente podr\u00eda venir de un sistema de monitoreo de estudio de alta resoluci\u00f3n.<\/div>\n<div>\n<h4>Quick look<\/h4>\n<\/div>\n<ul style=\"margin: 0px 0px 0px 25px\">\n<li style=\"list-style-type: circle;margin: 5px\">Tipo de sistema.<\/li>\n<li style=\"list-style-type: circle;margin: 5px\">Power.<\/li>\n<li style=\"list-style-type: circle;margin: 5px\">Drivers.<\/li>\n<li style=\"list-style-type: circle;margin: 5px\">Entrances and exits.<\/li>\n<li style=\"list-style-type: circle;margin: 5px\">Controls<\/li>\n<li style=\"list-style-type: circle;margin: 5px\">Dispersi\u00f3n.<\/li>\n<li style=\"list-style-type: circle;margin: 5px\">Blindaje.<\/li>\n<\/ul>\n<div>\n<div style=\"font-weight: bold\">Tipo de sistema.<\/div>\n<div>\n<p>Par de monitores biamplificados de 2 v\u00edas ideales para estaciones de trabajo y multimedia, con 4 amplificadores de alta resoluci\u00f3n.<\/p>\n<\/div>\n<div style=\"font-weight: bold\">Power.<\/div>\n<div>\n<p>100 watts.<\/p>\n<\/div>\n<div style=\"font-weight: bold\">Drivers.<\/div>\n<div>\n<p>Driver LF: 5&#8243; pulgadas. Material del Driver LF: Kevlar. Driver HF: 1&#8243; pulgada. Material del Driver HF: Tweeter c\u00fapula de seda.<\/p>\n<\/div>\n<div style=\"font-weight: bold\">Entrances and exits.<\/div>\n<div>\n<p>Entradas: 2 x XLR, 2 x 1\/4&#8243; (pueden utilizarse simult\u00e1neamente con una fuente est\u00e9reo digital). USB: Tipo B.<\/p>\n<\/div>\n<div style=\"font-weight: bold\">Controls<\/div>\n<div>\n<p>Control de ajuste de volumen y sensibilidad de tweeter para adaptarse a una amplia gama de condiciones ac\u00fasticas.<\/p>\n<\/div>\n<div style=\"font-weight: bold\">Dispersi\u00f3n.<\/div>\n<div>\n<p>Caracter\u00edsticas avanzadas de dispersi\u00f3n y punto dulce extremadamente largo, debido a una avanzada tecnolog\u00eda de onda.<\/p>\n<\/div>\n<div style=\"font-weight: bold\">Blindaje.<\/div>\n<div>\n<p>Blindaje magn\u00e9tico para poder colocar los monitores cerca de una computadora.<\/p>\n<\/div>\n<\/div>\n<\/div>","protected":false},"excerpt":{"rendered":"<p>Par de monitores activos biamplificados  de 2 v\u00edas, 4 amplificadores de alta resoluci\u00f3n, potencia: 100 watts, driver LF de 5\u201d pulgadas de kevlar, tweeter de 1\u201d pulgada, 2 entradas XLR y 2 de 1\/4\u201d, USB, control de ajuste de volumen y sensibilidad de tweeter, caracter\u00edsticas avanzadas de dispersi\u00f3n, blindaje magn\u00e9tico para poder colocar los monitores cerca de una computadora.&hellip; <a class=\"kt-excerpt-readmore more-link\" href=\"https:\/\/www.mexicanguitarplayers.com\/en\/tienda\/audio\/bafles-y-bocinas\/bafles\/bafles-activos\/bafle-behringer-monitor-mod-studio50usb\/\">Read more<\/a><\/p>","protected":false},"featured_media":42618,"comment_status":"open","ping_status":"closed","template":"","meta":{"kt_blocks_editor_width":""},"pwb-brand":[171],"product_brand":[],"product_cat":[213,222,472,221],"product_tag":[],"class_list":{"0":"post-42622","1":"product","2":"type-product","3":"status-publish","4":"has-post-thumbnail","6":"pwb-brand-behringer","7":"product_cat-audio","8":"product_cat-bafles","9":"product_cat-bafles-activos","10":"product_cat-bafles-y-bocinas","11":"product_shipping_class-5-10-kg","13":"first","14":"instock","15":"taxable","16":"shipping-taxable","17":"purchasable","18":"product-type-simple"},"yoast_head":"<!-- This site is optimized with the Yoast SEO plugin v27.5 - https:\/\/yoast.com\/product\/yoast-seo-wordpress\/ -->\n<title>BAFLE BEHRINGER MONITOR MOD. STUDIO50USB - Mexican Guitar Players<\/title>\n<meta name=\"description\" content=\"Par de monitores activos biamplificados de 2 v\u00edas, 4 amplificadores de alta resoluci\u00f3n, potencia: 100 watts, driver LF de 5\u201d pulgadas de kevlar, tweeter de 1\u201d pulgada, 2 entradas XLR y 2 de 1\/4\u201d, USB, control de ajuste de volumen y sensibilidad de tweeter, caracter\u00edsticas avanzadas de dispersi\u00f3n, blindaje magn\u00e9tico para poder colocar los monitores cerca de una computadora.\" \/>\n<meta name=\"robots\" content=\"index, follow, max-snippet:-1, max-image-preview:large, max-video-preview:-1\" \/>\n<link rel=\"canonical\" href=\"https:\/\/www.mexicanguitarplayers.com\/en\/tienda\/sin%20categor\u00eda\/bafle-behringer-monitor-mod-studio50usb\/\" \/>\n<meta property=\"og:locale\" content=\"en_US\" \/>\n<meta property=\"og:type\" content=\"article\" \/>\n<meta property=\"og:title\" content=\"BAFLE BEHRINGER MONITOR MOD. STUDIO50USB - Mexican Guitar Players\" \/>\n<meta property=\"og:description\" content=\"Par de monitores activos biamplificados de 2 v\u00edas, 4 amplificadores de alta resoluci\u00f3n, potencia: 100 watts, driver LF de 5\u201d pulgadas de kevlar, tweeter de 1\u201d pulgada, 2 entradas XLR y 2 de 1\/4\u201d, USB, control de ajuste de volumen y sensibilidad de tweeter, caracter\u00edsticas avanzadas de dispersi\u00f3n, blindaje magn\u00e9tico para poder colocar los monitores cerca de una computadora.\" \/>\n<meta property=\"og:url\" content=\"https:\/\/www.mexicanguitarplayers.com\/en\/tienda\/sin categor\u00eda\/bafle-behringer-monitor-mod-studio50usb\/\" \/>\n<meta property=\"og:site_name\" content=\"Mexican Guitar Players\" \/>\n<meta property=\"article:modified_time\" content=\"2026-04-10T10:16:22+00:00\" \/>\n<meta name=\"twitter:card\" content=\"summary_large_image\" \/>\n<meta name=\"twitter:label1\" content=\"Est. reading time\" \/>\n\t<meta name=\"twitter:data1\" content=\"1 minute\" \/>\n<script type=\"application\/ld+json\" class=\"yoast-schema-graph\">{\"@context\":\"https:\\\/\\\/schema.org\",\"@graph\":[{\"@type\":[\"WebPage\",\"ItemPage\"],\"@id\":\"https:\\\/\\\/www.mexicanguitarplayers.com\\\/tienda\\\/sin categor\u00eda\\\/bafle-behringer-monitor-mod-studio50usb\\\/\",\"url\":\"https:\\\/\\\/www.mexicanguitarplayers.com\\\/tienda\\\/sin categor\u00eda\\\/bafle-behringer-monitor-mod-studio50usb\\\/\",\"name\":\"BAFLE BEHRINGER MONITOR MOD. STUDIO50USB - Mexican Guitar Players\",\"isPartOf\":{\"@id\":\"https:\\\/\\\/www.mexicanguitarplayers.com\\\/#website\"},\"primaryImageOfPage\":{\"@id\":\"https:\\\/\\\/www.mexicanguitarplayers.com\\\/tienda\\\/sin categor\u00eda\\\/bafle-behringer-monitor-mod-studio50usb\\\/#primaryimage\"},\"image\":{\"@id\":\"https:\\\/\\\/www.mexicanguitarplayers.com\\\/tienda\\\/sin categor\u00eda\\\/bafle-behringer-monitor-mod-studio50usb\\\/#primaryimage\"},\"thumbnailUrl\":\"https:\\\/\\\/www.mexicanguitarplayers.com\\\/wp-content\\\/uploads\\\/2025\\\/04\\\/IABEHSTUDIO50U.jpg\",\"datePublished\":\"2025-04-09T15:22:37+00:00\",\"dateModified\":\"2026-04-10T10:16:22+00:00\",\"description\":\"Par de monitores activos biamplificados de 2 v\u00edas, 4 amplificadores de alta resoluci\u00f3n, potencia: 100 watts, driver LF de 5\u201d pulgadas de kevlar, tweeter de 1\u201d pulgada, 2 entradas XLR y 2 de 1\\\/4\u201d, USB, control de ajuste de volumen y sensibilidad de tweeter, caracter\u00edsticas avanzadas de dispersi\u00f3n, blindaje magn\u00e9tico para poder colocar los monitores cerca de una computadora.\",\"breadcrumb\":{\"@id\":\"https:\\\/\\\/www.mexicanguitarplayers.com\\\/tienda\\\/sin categor\u00eda\\\/bafle-behringer-monitor-mod-studio50usb\\\/#breadcrumb\"},\"inLanguage\":\"en-US\",\"potentialAction\":[{\"@type\":\"ReadAction\",\"target\":[\"https:\\\/\\\/www.mexicanguitarplayers.com\\\/tienda\\\/sin categor\u00eda\\\/bafle-behringer-monitor-mod-studio50usb\\\/\"]}]},{\"@type\":\"ImageObject\",\"inLanguage\":\"en-US\",\"@id\":\"https:\\\/\\\/www.mexicanguitarplayers.com\\\/tienda\\\/sin categor\u00eda\\\/bafle-behringer-monitor-mod-studio50usb\\\/#primaryimage\",\"url\":\"https:\\\/\\\/www.mexicanguitarplayers.com\\\/wp-content\\\/uploads\\\/2025\\\/04\\\/IABEHSTUDIO50U.jpg\",\"contentUrl\":\"https:\\\/\\\/www.mexicanguitarplayers.com\\\/wp-content\\\/uploads\\\/2025\\\/04\\\/IABEHSTUDIO50U.jpg\",\"width\":1200,\"height\":1200},{\"@type\":\"BreadcrumbList\",\"@id\":\"https:\\\/\\\/www.mexicanguitarplayers.com\\\/tienda\\\/sin categor\u00eda\\\/bafle-behringer-monitor-mod-studio50usb\\\/#breadcrumb\",\"itemListElement\":[{\"@type\":\"ListItem\",\"position\":1,\"name\":\"Portada\",\"item\":\"https:\\\/\\\/www.mexicanguitarplayers.com\\\/\"},{\"@type\":\"ListItem\",\"position\":2,\"name\":\"Tienda\",\"item\":\"https:\\\/\\\/www.mexicanguitarplayers.com\\\/tienda\\\/\"},{\"@type\":\"ListItem\",\"position\":3,\"name\":\"BAFLE BEHRINGER MONITOR MOD. STUDIO50USB\"}]},{\"@type\":\"WebSite\",\"@id\":\"https:\\\/\\\/www.mexicanguitarplayers.com\\\/#website\",\"url\":\"https:\\\/\\\/www.mexicanguitarplayers.com\\\/\",\"name\":\"Mexican Guitar Players\",\"description\":\"Website\",\"publisher\":{\"@id\":\"https:\\\/\\\/www.mexicanguitarplayers.com\\\/#organization\"},\"potentialAction\":[{\"@type\":\"SearchAction\",\"target\":{\"@type\":\"EntryPoint\",\"urlTemplate\":\"https:\\\/\\\/www.mexicanguitarplayers.com\\\/?s={search_term_string}\"},\"query-input\":{\"@type\":\"PropertyValueSpecification\",\"valueRequired\":true,\"valueName\":\"search_term_string\"}}],\"inLanguage\":\"en-US\"},{\"@type\":\"Organization\",\"@id\":\"https:\\\/\\\/www.mexicanguitarplayers.com\\\/#organization\",\"name\":\"Mexican Guitar Players\",\"url\":\"https:\\\/\\\/www.mexicanguitarplayers.com\\\/\",\"logo\":{\"@type\":\"ImageObject\",\"inLanguage\":\"en-US\",\"@id\":\"https:\\\/\\\/www.mexicanguitarplayers.com\\\/#\\\/schema\\\/logo\\\/image\\\/\",\"url\":\"\",\"contentUrl\":\"\",\"caption\":\"Mexican Guitar Players\"},\"image\":{\"@id\":\"https:\\\/\\\/www.mexicanguitarplayers.com\\\/#\\\/schema\\\/logo\\\/image\\\/\"}}]}<\/script>\n<!-- \/ Yoast SEO plugin. -->","yoast_head_json":{"title":"BAFLE BEHRINGER MONITOR MOD. STUDIO50USB - Mexican Guitar Players","description":"Par de monitores activos biamplificados de 2 v\u00edas, 4 amplificadores de alta resoluci\u00f3n, potencia: 100 watts, driver LF de 5\u201d pulgadas de kevlar, tweeter de 1\u201d pulgada, 2 entradas XLR y 2 de 1\/4\u201d, USB, control de ajuste de volumen y sensibilidad de tweeter, caracter\u00edsticas avanzadas de dispersi\u00f3n, blindaje magn\u00e9tico para poder colocar los monitores cerca de una computadora.","robots":{"index":"index","follow":"follow","max-snippet":"max-snippet:-1","max-image-preview":"max-image-preview:large","max-video-preview":"max-video-preview:-1"},"canonical":"https:\/\/www.mexicanguitarplayers.com\/en\/tienda\/sin categor\u00eda\/bafle-behringer-monitor-mod-studio50usb\/","og_locale":"en_US","og_type":"article","og_title":"BAFLE BEHRINGER MONITOR MOD. STUDIO50USB - Mexican Guitar Players","og_description":"Par de monitores activos biamplificados de 2 v\u00edas, 4 amplificadores de alta resoluci\u00f3n, potencia: 100 watts, driver LF de 5\u201d pulgadas de kevlar, tweeter de 1\u201d pulgada, 2 entradas XLR y 2 de 1\/4\u201d, USB, control de ajuste de volumen y sensibilidad de tweeter, caracter\u00edsticas avanzadas de dispersi\u00f3n, blindaje magn\u00e9tico para poder colocar los monitores cerca de una computadora.","og_url":"https:\/\/www.mexicanguitarplayers.com\/en\/tienda\/sin categor\u00eda\/bafle-behringer-monitor-mod-studio50usb\/","og_site_name":"Mexican Guitar Players","article_modified_time":"2026-04-10T10:16:22+00:00","twitter_card":"summary_large_image","twitter_misc":{"Est. reading time":"1 minute"},"schema":{"@context":"https:\/\/schema.org","@graph":[{"@type":["WebPage","ItemPage"],"@id":"https:\/\/www.mexicanguitarplayers.com\/tienda\/sin categor\u00eda\/bafle-behringer-monitor-mod-studio50usb\/","url":"https:\/\/www.mexicanguitarplayers.com\/tienda\/sin categor\u00eda\/bafle-behringer-monitor-mod-studio50usb\/","name":"BAFLE BEHRINGER MONITOR MOD. STUDIO50USB - Mexican Guitar Players","isPartOf":{"@id":"https:\/\/www.mexicanguitarplayers.com\/#website"},"primaryImageOfPage":{"@id":"https:\/\/www.mexicanguitarplayers.com\/tienda\/sin categor\u00eda\/bafle-behringer-monitor-mod-studio50usb\/#primaryimage"},"image":{"@id":"https:\/\/www.mexicanguitarplayers.com\/tienda\/sin categor\u00eda\/bafle-behringer-monitor-mod-studio50usb\/#primaryimage"},"thumbnailUrl":"https:\/\/www.mexicanguitarplayers.com\/wp-content\/uploads\/2025\/04\/IABEHSTUDIO50U.jpg","datePublished":"2025-04-09T15:22:37+00:00","dateModified":"2026-04-10T10:16:22+00:00","description":"Par de monitores activos biamplificados de 2 v\u00edas, 4 amplificadores de alta resoluci\u00f3n, potencia: 100 watts, driver LF de 5\u201d pulgadas de kevlar, tweeter de 1\u201d pulgada, 2 entradas XLR y 2 de 1\/4\u201d, USB, control de ajuste de volumen y sensibilidad de tweeter, caracter\u00edsticas avanzadas de dispersi\u00f3n, blindaje magn\u00e9tico para poder colocar los monitores cerca de una computadora.","breadcrumb":{"@id":"https:\/\/www.mexicanguitarplayers.com\/tienda\/sin categor\u00eda\/bafle-behringer-monitor-mod-studio50usb\/#breadcrumb"},"inLanguage":"en-US","potentialAction":[{"@type":"ReadAction","target":["https:\/\/www.mexicanguitarplayers.com\/tienda\/sin categor\u00eda\/bafle-behringer-monitor-mod-studio50usb\/"]}]},{"@type":"ImageObject","inLanguage":"en-US","@id":"https:\/\/www.mexicanguitarplayers.com\/tienda\/sin categor\u00eda\/bafle-behringer-monitor-mod-studio50usb\/#primaryimage","url":"https:\/\/www.mexicanguitarplayers.com\/wp-content\/uploads\/2025\/04\/IABEHSTUDIO50U.jpg","contentUrl":"https:\/\/www.mexicanguitarplayers.com\/wp-content\/uploads\/2025\/04\/IABEHSTUDIO50U.jpg","width":1200,"height":1200},{"@type":"BreadcrumbList","@id":"https:\/\/www.mexicanguitarplayers.com\/tienda\/sin categor\u00eda\/bafle-behringer-monitor-mod-studio50usb\/#breadcrumb","itemListElement":[{"@type":"ListItem","position":1,"name":"Portada","item":"https:\/\/www.mexicanguitarplayers.com\/"},{"@type":"ListItem","position":2,"name":"Tienda","item":"https:\/\/www.mexicanguitarplayers.com\/tienda\/"},{"@type":"ListItem","position":3,"name":"BAFLE BEHRINGER MONITOR MOD. STUDIO50USB"}]},{"@type":"WebSite","@id":"https:\/\/www.mexicanguitarplayers.com\/#website","url":"https:\/\/www.mexicanguitarplayers.com\/","name":"Mexican Guitar Players","description":"Website","publisher":{"@id":"https:\/\/www.mexicanguitarplayers.com\/#organization"},"potentialAction":[{"@type":"SearchAction","target":{"@type":"EntryPoint","urlTemplate":"https:\/\/www.mexicanguitarplayers.com\/?s={search_term_string}"},"query-input":{"@type":"PropertyValueSpecification","valueRequired":true,"valueName":"search_term_string"}}],"inLanguage":"en-US"},{"@type":"Organization","@id":"https:\/\/www.mexicanguitarplayers.com\/#organization","name":"Mexican Guitar Players","url":"https:\/\/www.mexicanguitarplayers.com\/","logo":{"@type":"ImageObject","inLanguage":"en-US","@id":"https:\/\/www.mexicanguitarplayers.com\/#\/schema\/logo\/image\/","url":"","contentUrl":"","caption":"Mexican Guitar Players"},"image":{"@id":"https:\/\/www.mexicanguitarplayers.com\/#\/schema\/logo\/image\/"}}]}},"brands":[{"id":171,"name":"BEHRINGER","slug":"behringer"}],"_links":{"self":[{"href":"https:\/\/www.mexicanguitarplayers.com\/en\/wp-json\/wp\/v2\/product\/42622","targetHints":{"allow":["GET"]}}],"collection":[{"href":"https:\/\/www.mexicanguitarplayers.com\/en\/wp-json\/wp\/v2\/product"}],"about":[{"href":"https:\/\/www.mexicanguitarplayers.com\/en\/wp-json\/wp\/v2\/types\/product"}],"replies":[{"embeddable":true,"href":"https:\/\/www.mexicanguitarplayers.com\/en\/wp-json\/wp\/v2\/comments?post=42622"}],"wp:featuredmedia":[{"embeddable":true,"href":"https:\/\/www.mexicanguitarplayers.com\/en\/wp-json\/wp\/v2\/media\/42618"}],"wp:attachment":[{"href":"https:\/\/www.mexicanguitarplayers.com\/en\/wp-json\/wp\/v2\/media?parent=42622"}],"wp:term":[{"taxonomy":"pwb-brand","embeddable":true,"href":"https:\/\/www.mexicanguitarplayers.com\/en\/wp-json\/wp\/v2\/pwb-brand?post=42622"},{"taxonomy":"product_brand","embeddable":true,"href":"https:\/\/www.mexicanguitarplayers.com\/en\/wp-json\/wp\/v2\/product_brand?post=42622"},{"taxonomy":"product_cat","embeddable":true,"href":"https:\/\/www.mexicanguitarplayers.com\/en\/wp-json\/wp\/v2\/product_cat?post=42622"},{"taxonomy":"product_tag","embeddable":true,"href":"https:\/\/www.mexicanguitarplayers.com\/en\/wp-json\/wp\/v2\/product_tag?post=42622"}],"curies":[{"name":"wp","href":"https:\/\/api.w.org\/{rel}","templated":true}]}}