{"id":42625,"date":"2025-04-09T09:22:41","date_gmt":"2025-04-09T15:22:41","guid":{"rendered":"https:\/\/www.mexicanguitarplayers.com\/tienda\/sin categor\u00eda\/consola-mezcladora-behringer-mod-pmh518m\/"},"modified":"2026-04-10T04:16:21","modified_gmt":"2026-04-10T10:16:21","slug":"consola-mezcladora-behringer-mod-pmh518m","status":"publish","type":"product","link":"https:\/\/www.mexicanguitarplayers.com\/en\/tienda\/audio\/mezcladoras\/consola-mezcladora-behringer-mod-pmh518m\/","title":{"rendered":"CONSOLA MEZCLADORA BEHRINGER MOD PMH518M"},"content":{"rendered":"<div style=\"text-align: justify\">\n<div>\n<h3>Peque\u00f1a, simple y excelente.<\/h3>\n<\/div>\n<div>Si necesitas un sonido est\u00e9reo superior para conciertos en peque\u00f1os clubes, iglesias o discursos, pero debes mantener el equipo externo al m\u00ednimo, la mezcladora PMH518M de 5 canales realmente te lo ofrece. Esta mezcladora cuenta con preamplificadores de micr\u00f3fono integrados de alta calidad, un procesador de efectos y suficiente potencia para manejar tanto la red como los monitores. Esta mezcladora tambi\u00e9n est\u00e1 equipada con un procesador de efectos de 24 bits que te brinda 100 preajustes de efectos digitales alucinantes como delay, chorus y reverb. Apl\u00edcalos a cualquier canal, as\u00ed como a los monitores y salida principal. Todos los canales tienen un ecualizador de 2 bandas, filtro de corte bajo conmutable para eliminar infra s\u00f3nicos y LED de clip para ayudarte a mantener una se\u00f1al saludable. Utiliza las entradas 2TR IN RCA para alimentar se\u00f1ales est\u00e9reo externas de reproductores de CD o de cintas. Las salidas REC OUT RCA env\u00edan se\u00f1ales de nivel de l\u00ednea desde la mezcladora a un dispositivo de grabaci\u00f3n. Los eventos peque\u00f1os y simples requieren una mezcladora auto amplificada ligera y f\u00e1cil de usar. Las mezcladoras auto amplificadas de Behringer son las mezcladoras m\u00e1s eficientes y asequibles para el trabajo. Con tantas incre\u00edbles funciones integradas, es m\u00e1s f\u00e1cil que nunca brindar una calidad de sonido excepcional a todo tipo de actuaciones p\u00fablicas.<\/div>\n<div>\n<h4>Quick look<\/h4>\n<\/div>\n<ul style=\"margin: 0px 0px 0px 25px\">\n<li style=\"list-style-type: circle;margin: 5px\">Entradas de micr\u00f3fono.<\/li>\n<li style=\"list-style-type: circle;margin: 5px\">Entradas de l\u00ednea mono.<\/li>\n<li style=\"list-style-type: circle;margin: 5px\">Equalizer<\/li>\n<li style=\"list-style-type: circle;margin: 5px\">Datos de sistema.<\/li>\n<li style=\"list-style-type: circle;margin: 5px\">Salidas de altavoz.<\/li>\n<li style=\"list-style-type: circle;margin: 5px\">DSP.<\/li>\n<li style=\"list-style-type: circle;margin: 5px\">Display.<\/li>\n<li style=\"list-style-type: circle;margin: 5px\">Amplifier.<\/li>\n<li style=\"list-style-type: circle;margin: 5px\">Power supply.<\/li>\n<li style=\"list-style-type: circle;margin: 5px\">Dimensions.<\/li>\n<li style=\"list-style-type: circle;margin: 5px\">Weight.<\/li>\n<\/ul>\n<div>\n<div style=\"font-weight: bold\">Entradas de micr\u00f3fono.<\/div>\n<div>\n<p>Tipo: XLR, electr\u00f3nicamente balanceado. Mic EI.N. (20 Hz &#8211; 20 kHz): @ 0 ohms source resistance: -122 dB \/ -125 dB (ponderado A). @ 50 ohms source resistance: -122 dB \/ -125 dB (ponderado A). @ 150 ohms source resistance: -121 dB \/ -124 dB (ponderado A). Respuesta de frecuencia: (-1 dB): &lt;10 Hz &#8211; 100 kHz. (-3 dB): &lt;10 Hz &#8211; 200 kHz. Ganancia: -33 dB, +8 dB con pad. Nivel de entrada m\u00e1ximo: +12 dBu @ 10 dB gain. Impedancia: Aproximadamente 2.2 kilo-ohms balanceado y 1.1 kilo-ohms desbalanceado. Relaci\u00f3n se\u00f1al a ruido: 110 dB \/ 114 dB (ponderado A) (-11 dBu in @ -33 dB gain). Distorsi\u00f3n (THD+N): 0.001% \/ 0-0008% ponderado A.<\/p>\n<\/div>\n<div style=\"font-weight: bold\">Entradas de l\u00ednea mono.<\/div>\n<div>\n<p>Tipo: Conector TRS 1\/4&#8243; balanceado. Impedancia: Aproximadamente 80 kilo-ohms balanceado, 40 kilo-ohms desbalanceado. Nivel de entrada m\u00e1ximo: +30 dBu.<\/p>\n<\/div>\n<div style=\"font-weight: bold\">Equalizer<\/div>\n<div>\n<p>Low: 80 Hz \/ \u00b115 dB. High: 12 kHz \/ \u00b115 dB.<\/p>\n<\/div>\n<div style=\"font-weight: bold\">Datos de sistema.<\/div>\n<div>\n<p>Ruido: Main mix @ &#8211; Infinito, Fader de canal &#8211; Infinito: -106 dB \/ -110 dB ponderado A. Main mix @ 0 dB, Fader de canal &#8211; Infinito: -87 dB \/ -90 dB ponderado A. Main mix @ 0 dB, Fader de canal @ 0 dB: -80 dB \/ -82 dB ponderado A.<\/p>\n<\/div>\n<div style=\"font-weight: bold\">Salidas de altavoz.<\/div>\n<div>\n<p>Tipo: Neutrik Speakon compatible, conectores TS 1\/4&#8243;. Impedancia de carga: 4 &#8211; 16 ohms.<\/p>\n<\/div>\n<div style=\"font-weight: bold\">DSP.<\/div>\n<div>\n<p>Convertidor: 24-bit Sigma-Delta. Sampling rate: 40 kHz.<\/p>\n<\/div>\n<div style=\"font-weight: bold\">Display.<\/div>\n<div>\n<p>Tipo: LED de 2 d\u00edgitos y 7 segmentos.<\/p>\n<\/div>\n<div style=\"font-weight: bold\">Amplifier.<\/div>\n<div>\n<p>Potencia de salida @ 4 ohms: 1 x 180W. Potencia de salida @ 8 ohms: 1 x 100W.<\/p>\n<\/div>\n<div style=\"font-weight: bold\">Power supply.<\/div>\n<div>\n<p>Voltaje: 120V~, 60 Hz. Consumo de energ\u00eda: M\u00e1ximo 290W. Fusible: 100-120 V~: T 6.3 A H 250V. Conexi\u00f3n de energ\u00eda: Recept\u00e1culo IEC est\u00e1ndar.<\/p>\n<\/div>\n<div style=\"font-weight: bold\">Dimensions.<\/div>\n<div>\n<p>117 x 470 x 225 mm.<\/p>\n<\/div>\n<div style=\"font-weight: bold\">Weight.<\/div>\n<div>\n<p>7.2 kg.<\/p>\n<\/div>\n<\/div>\n<\/div>","protected":false},"excerpt":{"rendered":"<p>Mezcladora auto amplificada ultra compacta de 180W, 5 canales, procesador MultiFX de 24 bits y sistema de detecci\u00f3n de retroalimentaci\u00f3n FBQ, montable en rack, revolucionaria tecnolog\u00eda de amplificaci\u00f3n, enorme potencia, incre\u00edble rendimiento s\u00f3nico, dise\u00f1o ultra compacto con casi la mitad de la profundidad y el peso de las mezcladoras amplificadas convencionales, dise\u00f1o ULN de ruido ultra bajo para el mayor margen de maniobra posible y audio ultra transparente, la secci\u00f3n de mezcladora cuenta con 5 canales de mic\/l\u00ednea m\u00e1s entrada\/salida separada de 2 tracks, procesador de efectos digital integrado de 24 bits con 100 incre\u00edbles preajustes que incluyen reverb, chorus, flanger, delay, cambio de tono y varios multi efectos, sistema de detecci\u00f3n de retroalimentaci\u00f3n FQB que revela instant\u00e1neamente frecuencias cr\u00edticas para una f\u00e1cil eliminaci\u00f3n de retroalimentaci\u00f3n, 5 preamplificadores de micr\u00f3fono de alta calidad con LED Pad y Clip conmutables, ecualizador de 2 bandas efectivo y extremadamente musical en todos los canales, el ecualizador gr\u00e1fico de 7 bandas permite una correcci\u00f3n de frecuencia precisa, 3 salidas de altavoz en jack de 1\/4\u201d y conectores de altavoz profesionales (compatible con conectores Neutrik Speakon), se incluyen soportes de montaje en rack, componentes de alta calidad, construcci\u00f3n excepcionalmente resistente, dise\u00f1ada y fabricada en Alemania, dimensiones: 117 x 470 x 225 mm, peso: 7.2 kg.&hellip; <a class=\"kt-excerpt-readmore more-link\" href=\"https:\/\/www.mexicanguitarplayers.com\/en\/tienda\/audio\/mezcladoras\/consola-mezcladora-behringer-mod-pmh518m\/\">Read more<\/a><\/p>","protected":false},"featured_media":42623,"comment_status":"open","ping_status":"closed","template":"","meta":{"kt_blocks_editor_width":""},"pwb-brand":[171],"product_brand":[],"product_cat":[213,491],"product_tag":[],"class_list":{"0":"post-42625","1":"product","2":"type-product","3":"status-publish","4":"has-post-thumbnail","6":"pwb-brand-behringer","7":"product_cat-audio","8":"product_cat-mezcladoras","9":"product_shipping_class-0-5-kg","11":"first","12":"outofstock","13":"taxable","14":"shipping-taxable","15":"purchasable","16":"product-type-simple"},"yoast_head":"<!-- This site is optimized with the Yoast SEO plugin v27.6 - https:\/\/yoast.com\/product\/yoast-seo-wordpress\/ -->\n<title>CONSOLA MEZCLADORA BEHRINGER MOD PMH518M - Mexican Guitar Players<\/title>\n<meta name=\"description\" content=\"Mezcladora auto amplificada ultra compacta de 180W, 5 canales, procesador MultiFX de 24 bits y sistema de detecci\u00f3n de retroalimentaci\u00f3n FBQ, montable en rack, revolucionaria tecnolog\u00eda de amplificaci\u00f3n, enorme potencia, incre\u00edble rendimiento s\u00f3nico, dise\u00f1o ultra compacto con casi la mitad de la profundidad y el peso de las mezcladoras amplificadas convencionales, dise\u00f1o ULN de ruido ultra bajo para el mayor margen de maniobra posible y audio ultra transparente, la secci\u00f3n de mezcladora cuenta con 5 canales de mic\/l\u00ednea m\u00e1s entrada\/salida separada de 2 tracks, procesador de efectos digital integrado de 24 bits con 100 incre\u00edbles preajustes que incluyen reverb, chorus, flanger, delay, cambio de tono y varios multi efectos, sistema de detecci\u00f3n de retroalimentaci\u00f3n FQB que revela instant\u00e1neamente frecuencias cr\u00edticas para una f\u00e1cil eliminaci\u00f3n de retroalimentaci\u00f3n, 5 preamplificadores de micr\u00f3fono de alta calidad con LED Pad y Clip conmutables, ecualizador de 2 bandas efectivo y extremadamente musical en todos los canales, el ecualizador gr\u00e1fico de 7 bandas permite una correcci\u00f3n de frecuencia precisa, 3 salidas de altavoz en jack de 1\/4\u201d y conectores de altavoz profesionales (compatible con conectores Neutrik Speakon), se incluyen soportes de montaje en rack, componentes de alta calidad, construcci\u00f3n excepcionalmente resistente, dise\u00f1ada y fabricada en Alemania, dimensiones: 117 x 470 x 225 mm, peso: 7.2 kg.\" \/>\n<meta name=\"robots\" content=\"index, follow, max-snippet:-1, max-image-preview:large, max-video-preview:-1\" \/>\n<link rel=\"canonical\" href=\"https:\/\/www.mexicanguitarplayers.com\/en\/tienda\/sin%20categor\u00eda\/consola-mezcladora-behringer-mod-pmh518m\/\" \/>\n<meta property=\"og:locale\" content=\"en_US\" \/>\n<meta property=\"og:type\" content=\"article\" \/>\n<meta property=\"og:title\" content=\"CONSOLA MEZCLADORA BEHRINGER MOD PMH518M - Mexican Guitar Players\" \/>\n<meta property=\"og:description\" content=\"Mezcladora auto amplificada ultra compacta de 180W, 5 canales, procesador MultiFX de 24 bits y sistema de detecci\u00f3n de retroalimentaci\u00f3n FBQ, montable en rack, revolucionaria tecnolog\u00eda de amplificaci\u00f3n, enorme potencia, incre\u00edble rendimiento s\u00f3nico, dise\u00f1o ultra compacto con casi la mitad de la profundidad y el peso de las mezcladoras amplificadas convencionales, dise\u00f1o ULN de ruido ultra bajo para el mayor margen de maniobra posible y audio ultra transparente, la secci\u00f3n de mezcladora cuenta con 5 canales de mic\/l\u00ednea m\u00e1s entrada\/salida separada de 2 tracks, procesador de efectos digital integrado de 24 bits con 100 incre\u00edbles preajustes que incluyen reverb, chorus, flanger, delay, cambio de tono y varios multi efectos, sistema de detecci\u00f3n de retroalimentaci\u00f3n FQB que revela instant\u00e1neamente frecuencias cr\u00edticas para una f\u00e1cil eliminaci\u00f3n de retroalimentaci\u00f3n, 5 preamplificadores de micr\u00f3fono de alta calidad con LED Pad y Clip conmutables, ecualizador de 2 bandas efectivo y extremadamente musical en todos los canales, el ecualizador gr\u00e1fico de 7 bandas permite una correcci\u00f3n de frecuencia precisa, 3 salidas de altavoz en jack de 1\/4\u201d y conectores de altavoz profesionales (compatible con conectores Neutrik Speakon), se incluyen soportes de montaje en rack, componentes de alta calidad, construcci\u00f3n excepcionalmente resistente, dise\u00f1ada y fabricada en Alemania, dimensiones: 117 x 470 x 225 mm, peso: 7.2 kg.\" \/>\n<meta property=\"og:url\" content=\"https:\/\/www.mexicanguitarplayers.com\/en\/tienda\/sin categor\u00eda\/consola-mezcladora-behringer-mod-pmh518m\/\" \/>\n<meta property=\"og:site_name\" content=\"Mexican Guitar Players\" \/>\n<meta property=\"article:modified_time\" content=\"2026-04-10T10:16:21+00:00\" \/>\n<meta name=\"twitter:card\" content=\"summary_large_image\" \/>\n<meta name=\"twitter:label1\" content=\"Est. reading time\" \/>\n\t<meta name=\"twitter:data1\" content=\"3 minutes\" \/>\n<script type=\"application\/ld+json\" class=\"yoast-schema-graph\">{\"@context\":\"https:\\\/\\\/schema.org\",\"@graph\":[{\"@type\":[\"WebPage\",\"ItemPage\"],\"@id\":\"https:\\\/\\\/www.mexicanguitarplayers.com\\\/tienda\\\/sin categor\u00eda\\\/consola-mezcladora-behringer-mod-pmh518m\\\/\",\"url\":\"https:\\\/\\\/www.mexicanguitarplayers.com\\\/tienda\\\/sin categor\u00eda\\\/consola-mezcladora-behringer-mod-pmh518m\\\/\",\"name\":\"CONSOLA MEZCLADORA BEHRINGER MOD PMH518M - Mexican Guitar Players\",\"isPartOf\":{\"@id\":\"https:\\\/\\\/www.mexicanguitarplayers.com\\\/#website\"},\"primaryImageOfPage\":{\"@id\":\"https:\\\/\\\/www.mexicanguitarplayers.com\\\/tienda\\\/sin categor\u00eda\\\/consola-mezcladora-behringer-mod-pmh518m\\\/#primaryimage\"},\"image\":{\"@id\":\"https:\\\/\\\/www.mexicanguitarplayers.com\\\/tienda\\\/sin categor\u00eda\\\/consola-mezcladora-behringer-mod-pmh518m\\\/#primaryimage\"},\"thumbnailUrl\":\"https:\\\/\\\/www.mexicanguitarplayers.com\\\/wp-content\\\/uploads\\\/2025\\\/04\\\/IABEHPMH518M.jpg\",\"datePublished\":\"2025-04-09T15:22:41+00:00\",\"dateModified\":\"2026-04-10T10:16:21+00:00\",\"description\":\"Mezcladora auto amplificada ultra compacta de 180W, 5 canales, procesador MultiFX de 24 bits y sistema de detecci\u00f3n de retroalimentaci\u00f3n FBQ, montable en rack, revolucionaria tecnolog\u00eda de amplificaci\u00f3n, enorme potencia, incre\u00edble rendimiento s\u00f3nico, dise\u00f1o ultra compacto con casi la mitad de la profundidad y el peso de las mezcladoras amplificadas convencionales, dise\u00f1o ULN de ruido ultra bajo para el mayor margen de maniobra posible y audio ultra transparente, la secci\u00f3n de mezcladora cuenta con 5 canales de mic\\\/l\u00ednea m\u00e1s entrada\\\/salida separada de 2 tracks, procesador de efectos digital integrado de 24 bits con 100 incre\u00edbles preajustes que incluyen reverb, chorus, flanger, delay, cambio de tono y varios multi efectos, sistema de detecci\u00f3n de retroalimentaci\u00f3n FQB que revela instant\u00e1neamente frecuencias cr\u00edticas para una f\u00e1cil eliminaci\u00f3n de retroalimentaci\u00f3n, 5 preamplificadores de micr\u00f3fono de alta calidad con LED Pad y Clip conmutables, ecualizador de 2 bandas efectivo y extremadamente musical en todos los canales, el ecualizador gr\u00e1fico de 7 bandas permite una correcci\u00f3n de frecuencia precisa, 3 salidas de altavoz en jack de 1\\\/4\u201d y conectores de altavoz profesionales (compatible con conectores Neutrik Speakon), se incluyen soportes de montaje en rack, componentes de alta calidad, construcci\u00f3n excepcionalmente resistente, dise\u00f1ada y fabricada en Alemania, dimensiones: 117 x 470 x 225 mm, peso: 7.2 kg.\",\"breadcrumb\":{\"@id\":\"https:\\\/\\\/www.mexicanguitarplayers.com\\\/tienda\\\/sin categor\u00eda\\\/consola-mezcladora-behringer-mod-pmh518m\\\/#breadcrumb\"},\"inLanguage\":\"en-US\",\"potentialAction\":[{\"@type\":\"ReadAction\",\"target\":[\"https:\\\/\\\/www.mexicanguitarplayers.com\\\/tienda\\\/sin categor\u00eda\\\/consola-mezcladora-behringer-mod-pmh518m\\\/\"]}]},{\"@type\":\"ImageObject\",\"inLanguage\":\"en-US\",\"@id\":\"https:\\\/\\\/www.mexicanguitarplayers.com\\\/tienda\\\/sin categor\u00eda\\\/consola-mezcladora-behringer-mod-pmh518m\\\/#primaryimage\",\"url\":\"https:\\\/\\\/www.mexicanguitarplayers.com\\\/wp-content\\\/uploads\\\/2025\\\/04\\\/IABEHPMH518M.jpg\",\"contentUrl\":\"https:\\\/\\\/www.mexicanguitarplayers.com\\\/wp-content\\\/uploads\\\/2025\\\/04\\\/IABEHPMH518M.jpg\",\"width\":1600,\"height\":800},{\"@type\":\"BreadcrumbList\",\"@id\":\"https:\\\/\\\/www.mexicanguitarplayers.com\\\/tienda\\\/sin categor\u00eda\\\/consola-mezcladora-behringer-mod-pmh518m\\\/#breadcrumb\",\"itemListElement\":[{\"@type\":\"ListItem\",\"position\":1,\"name\":\"Portada\",\"item\":\"https:\\\/\\\/www.mexicanguitarplayers.com\\\/\"},{\"@type\":\"ListItem\",\"position\":2,\"name\":\"Tienda\",\"item\":\"https:\\\/\\\/www.mexicanguitarplayers.com\\\/tienda\\\/\"},{\"@type\":\"ListItem\",\"position\":3,\"name\":\"CONSOLA MEZCLADORA BEHRINGER MOD PMH518M\"}]},{\"@type\":\"WebSite\",\"@id\":\"https:\\\/\\\/www.mexicanguitarplayers.com\\\/#website\",\"url\":\"https:\\\/\\\/www.mexicanguitarplayers.com\\\/\",\"name\":\"Mexican Guitar Players\",\"description\":\"Website\",\"publisher\":{\"@id\":\"https:\\\/\\\/www.mexicanguitarplayers.com\\\/#organization\"},\"potentialAction\":[{\"@type\":\"SearchAction\",\"target\":{\"@type\":\"EntryPoint\",\"urlTemplate\":\"https:\\\/\\\/www.mexicanguitarplayers.com\\\/?s={search_term_string}\"},\"query-input\":{\"@type\":\"PropertyValueSpecification\",\"valueRequired\":true,\"valueName\":\"search_term_string\"}}],\"inLanguage\":\"en-US\"},{\"@type\":\"Organization\",\"@id\":\"https:\\\/\\\/www.mexicanguitarplayers.com\\\/#organization\",\"name\":\"Mexican Guitar Players\",\"url\":\"https:\\\/\\\/www.mexicanguitarplayers.com\\\/\",\"logo\":{\"@type\":\"ImageObject\",\"inLanguage\":\"en-US\",\"@id\":\"https:\\\/\\\/www.mexicanguitarplayers.com\\\/#\\\/schema\\\/logo\\\/image\\\/\",\"url\":\"\",\"contentUrl\":\"\",\"caption\":\"Mexican Guitar Players\"},\"image\":{\"@id\":\"https:\\\/\\\/www.mexicanguitarplayers.com\\\/#\\\/schema\\\/logo\\\/image\\\/\"}}]}<\/script>\n<!-- \/ Yoast SEO plugin. -->","yoast_head_json":{"title":"CONSOLA MEZCLADORA BEHRINGER MOD PMH518M - Mexican Guitar Players","description":"Mezcladora auto amplificada ultra compacta de 180W, 5 canales, procesador MultiFX de 24 bits y sistema de detecci\u00f3n de retroalimentaci\u00f3n FBQ, montable en rack, revolucionaria tecnolog\u00eda de amplificaci\u00f3n, enorme potencia, incre\u00edble rendimiento s\u00f3nico, dise\u00f1o ultra compacto con casi la mitad de la profundidad y el peso de las mezcladoras amplificadas convencionales, dise\u00f1o ULN de ruido ultra bajo para el mayor margen de maniobra posible y audio ultra transparente, la secci\u00f3n de mezcladora cuenta con 5 canales de mic\/l\u00ednea m\u00e1s entrada\/salida separada de 2 tracks, procesador de efectos digital integrado de 24 bits con 100 incre\u00edbles preajustes que incluyen reverb, chorus, flanger, delay, cambio de tono y varios multi efectos, sistema de detecci\u00f3n de retroalimentaci\u00f3n FQB que revela instant\u00e1neamente frecuencias cr\u00edticas para una f\u00e1cil eliminaci\u00f3n de retroalimentaci\u00f3n, 5 preamplificadores de micr\u00f3fono de alta calidad con LED Pad y Clip conmutables, ecualizador de 2 bandas efectivo y extremadamente musical en todos los canales, el ecualizador gr\u00e1fico de 7 bandas permite una correcci\u00f3n de frecuencia precisa, 3 salidas de altavoz en jack de 1\/4\u201d y conectores de altavoz profesionales (compatible con conectores Neutrik Speakon), se incluyen soportes de montaje en rack, componentes de alta calidad, construcci\u00f3n excepcionalmente resistente, dise\u00f1ada y fabricada en Alemania, dimensiones: 117 x 470 x 225 mm, peso: 7.2 kg.","robots":{"index":"index","follow":"follow","max-snippet":"max-snippet:-1","max-image-preview":"max-image-preview:large","max-video-preview":"max-video-preview:-1"},"canonical":"https:\/\/www.mexicanguitarplayers.com\/en\/tienda\/sin categor\u00eda\/consola-mezcladora-behringer-mod-pmh518m\/","og_locale":"en_US","og_type":"article","og_title":"CONSOLA MEZCLADORA BEHRINGER MOD PMH518M - Mexican Guitar Players","og_description":"Mezcladora auto amplificada ultra compacta de 180W, 5 canales, procesador MultiFX de 24 bits y sistema de detecci\u00f3n de retroalimentaci\u00f3n FBQ, montable en rack, revolucionaria tecnolog\u00eda de amplificaci\u00f3n, enorme potencia, incre\u00edble rendimiento s\u00f3nico, dise\u00f1o ultra compacto con casi la mitad de la profundidad y el peso de las mezcladoras amplificadas convencionales, dise\u00f1o ULN de ruido ultra bajo para el mayor margen de maniobra posible y audio ultra transparente, la secci\u00f3n de mezcladora cuenta con 5 canales de mic\/l\u00ednea m\u00e1s entrada\/salida separada de 2 tracks, procesador de efectos digital integrado de 24 bits con 100 incre\u00edbles preajustes que incluyen reverb, chorus, flanger, delay, cambio de tono y varios multi efectos, sistema de detecci\u00f3n de retroalimentaci\u00f3n FQB que revela instant\u00e1neamente frecuencias cr\u00edticas para una f\u00e1cil eliminaci\u00f3n de retroalimentaci\u00f3n, 5 preamplificadores de micr\u00f3fono de alta calidad con LED Pad y Clip conmutables, ecualizador de 2 bandas efectivo y extremadamente musical en todos los canales, el ecualizador gr\u00e1fico de 7 bandas permite una correcci\u00f3n de frecuencia precisa, 3 salidas de altavoz en jack de 1\/4\u201d y conectores de altavoz profesionales (compatible con conectores Neutrik Speakon), se incluyen soportes de montaje en rack, componentes de alta calidad, construcci\u00f3n excepcionalmente resistente, dise\u00f1ada y fabricada en Alemania, dimensiones: 117 x 470 x 225 mm, peso: 7.2 kg.","og_url":"https:\/\/www.mexicanguitarplayers.com\/en\/tienda\/sin categor\u00eda\/consola-mezcladora-behringer-mod-pmh518m\/","og_site_name":"Mexican Guitar Players","article_modified_time":"2026-04-10T10:16:21+00:00","twitter_card":"summary_large_image","twitter_misc":{"Est. reading time":"3 minutes"},"schema":{"@context":"https:\/\/schema.org","@graph":[{"@type":["WebPage","ItemPage"],"@id":"https:\/\/www.mexicanguitarplayers.com\/tienda\/sin categor\u00eda\/consola-mezcladora-behringer-mod-pmh518m\/","url":"https:\/\/www.mexicanguitarplayers.com\/tienda\/sin categor\u00eda\/consola-mezcladora-behringer-mod-pmh518m\/","name":"CONSOLA MEZCLADORA BEHRINGER MOD PMH518M - Mexican Guitar Players","isPartOf":{"@id":"https:\/\/www.mexicanguitarplayers.com\/#website"},"primaryImageOfPage":{"@id":"https:\/\/www.mexicanguitarplayers.com\/tienda\/sin categor\u00eda\/consola-mezcladora-behringer-mod-pmh518m\/#primaryimage"},"image":{"@id":"https:\/\/www.mexicanguitarplayers.com\/tienda\/sin categor\u00eda\/consola-mezcladora-behringer-mod-pmh518m\/#primaryimage"},"thumbnailUrl":"https:\/\/www.mexicanguitarplayers.com\/wp-content\/uploads\/2025\/04\/IABEHPMH518M.jpg","datePublished":"2025-04-09T15:22:41+00:00","dateModified":"2026-04-10T10:16:21+00:00","description":"Mezcladora auto amplificada ultra compacta de 180W, 5 canales, procesador MultiFX de 24 bits y sistema de detecci\u00f3n de retroalimentaci\u00f3n FBQ, montable en rack, revolucionaria tecnolog\u00eda de amplificaci\u00f3n, enorme potencia, incre\u00edble rendimiento s\u00f3nico, dise\u00f1o ultra compacto con casi la mitad de la profundidad y el peso de las mezcladoras amplificadas convencionales, dise\u00f1o ULN de ruido ultra bajo para el mayor margen de maniobra posible y audio ultra transparente, la secci\u00f3n de mezcladora cuenta con 5 canales de mic\/l\u00ednea m\u00e1s entrada\/salida separada de 2 tracks, procesador de efectos digital integrado de 24 bits con 100 incre\u00edbles preajustes que incluyen reverb, chorus, flanger, delay, cambio de tono y varios multi efectos, sistema de detecci\u00f3n de retroalimentaci\u00f3n FQB que revela instant\u00e1neamente frecuencias cr\u00edticas para una f\u00e1cil eliminaci\u00f3n de retroalimentaci\u00f3n, 5 preamplificadores de micr\u00f3fono de alta calidad con LED Pad y Clip conmutables, ecualizador de 2 bandas efectivo y extremadamente musical en todos los canales, el ecualizador gr\u00e1fico de 7 bandas permite una correcci\u00f3n de frecuencia precisa, 3 salidas de altavoz en jack de 1\/4\u201d y conectores de altavoz profesionales (compatible con conectores Neutrik Speakon), se incluyen soportes de montaje en rack, componentes de alta calidad, construcci\u00f3n excepcionalmente resistente, dise\u00f1ada y fabricada en Alemania, dimensiones: 117 x 470 x 225 mm, peso: 7.2 kg.","breadcrumb":{"@id":"https:\/\/www.mexicanguitarplayers.com\/tienda\/sin categor\u00eda\/consola-mezcladora-behringer-mod-pmh518m\/#breadcrumb"},"inLanguage":"en-US","potentialAction":[{"@type":"ReadAction","target":["https:\/\/www.mexicanguitarplayers.com\/tienda\/sin categor\u00eda\/consola-mezcladora-behringer-mod-pmh518m\/"]}]},{"@type":"ImageObject","inLanguage":"en-US","@id":"https:\/\/www.mexicanguitarplayers.com\/tienda\/sin categor\u00eda\/consola-mezcladora-behringer-mod-pmh518m\/#primaryimage","url":"https:\/\/www.mexicanguitarplayers.com\/wp-content\/uploads\/2025\/04\/IABEHPMH518M.jpg","contentUrl":"https:\/\/www.mexicanguitarplayers.com\/wp-content\/uploads\/2025\/04\/IABEHPMH518M.jpg","width":1600,"height":800},{"@type":"BreadcrumbList","@id":"https:\/\/www.mexicanguitarplayers.com\/tienda\/sin categor\u00eda\/consola-mezcladora-behringer-mod-pmh518m\/#breadcrumb","itemListElement":[{"@type":"ListItem","position":1,"name":"Portada","item":"https:\/\/www.mexicanguitarplayers.com\/"},{"@type":"ListItem","position":2,"name":"Tienda","item":"https:\/\/www.mexicanguitarplayers.com\/tienda\/"},{"@type":"ListItem","position":3,"name":"CONSOLA MEZCLADORA BEHRINGER MOD PMH518M"}]},{"@type":"WebSite","@id":"https:\/\/www.mexicanguitarplayers.com\/#website","url":"https:\/\/www.mexicanguitarplayers.com\/","name":"Mexican Guitar Players","description":"Website","publisher":{"@id":"https:\/\/www.mexicanguitarplayers.com\/#organization"},"potentialAction":[{"@type":"SearchAction","target":{"@type":"EntryPoint","urlTemplate":"https:\/\/www.mexicanguitarplayers.com\/?s={search_term_string}"},"query-input":{"@type":"PropertyValueSpecification","valueRequired":true,"valueName":"search_term_string"}}],"inLanguage":"en-US"},{"@type":"Organization","@id":"https:\/\/www.mexicanguitarplayers.com\/#organization","name":"Mexican Guitar Players","url":"https:\/\/www.mexicanguitarplayers.com\/","logo":{"@type":"ImageObject","inLanguage":"en-US","@id":"https:\/\/www.mexicanguitarplayers.com\/#\/schema\/logo\/image\/","url":"","contentUrl":"","caption":"Mexican Guitar Players"},"image":{"@id":"https:\/\/www.mexicanguitarplayers.com\/#\/schema\/logo\/image\/"}}]}},"brands":[{"id":171,"name":"BEHRINGER","slug":"behringer"}],"_links":{"self":[{"href":"https:\/\/www.mexicanguitarplayers.com\/en\/wp-json\/wp\/v2\/product\/42625","targetHints":{"allow":["GET"]}}],"collection":[{"href":"https:\/\/www.mexicanguitarplayers.com\/en\/wp-json\/wp\/v2\/product"}],"about":[{"href":"https:\/\/www.mexicanguitarplayers.com\/en\/wp-json\/wp\/v2\/types\/product"}],"replies":[{"embeddable":true,"href":"https:\/\/www.mexicanguitarplayers.com\/en\/wp-json\/wp\/v2\/comments?post=42625"}],"wp:featuredmedia":[{"embeddable":true,"href":"https:\/\/www.mexicanguitarplayers.com\/en\/wp-json\/wp\/v2\/media\/42623"}],"wp:attachment":[{"href":"https:\/\/www.mexicanguitarplayers.com\/en\/wp-json\/wp\/v2\/media?parent=42625"}],"wp:term":[{"taxonomy":"pwb-brand","embeddable":true,"href":"https:\/\/www.mexicanguitarplayers.com\/en\/wp-json\/wp\/v2\/pwb-brand?post=42625"},{"taxonomy":"product_brand","embeddable":true,"href":"https:\/\/www.mexicanguitarplayers.com\/en\/wp-json\/wp\/v2\/product_brand?post=42625"},{"taxonomy":"product_cat","embeddable":true,"href":"https:\/\/www.mexicanguitarplayers.com\/en\/wp-json\/wp\/v2\/product_cat?post=42625"},{"taxonomy":"product_tag","embeddable":true,"href":"https:\/\/www.mexicanguitarplayers.com\/en\/wp-json\/wp\/v2\/product_tag?post=42625"}],"curies":[{"name":"wp","href":"https:\/\/api.w.org\/{rel}","templated":true}]}}