{"id":42661,"date":"2025-04-09T09:23:32","date_gmt":"2025-04-09T15:23:32","guid":{"rendered":"https:\/\/www.mexicanguitarplayers.com\/tienda\/sin categor\u00eda\/pedal-nux-nch-5-mini-super-chorus\/"},"modified":"2026-04-27T19:15:04","modified_gmt":"2026-04-28T01:15:04","slug":"pedal-nux-nch-5-mini-super-chorus","status":"publish","type":"product","link":"https:\/\/www.mexicanguitarplayers.com\/en\/tienda\/cuerdas\/efectos\/efectos-individuales\/pedal-nux-nch-5-mini-super-chorus\/","title":{"rendered":"PEDAL NUX NCH-5 MINI SUPER CHORUS"},"content":{"rendered":"<div style=\"text-align: justify\">\n<div>\n<h3>Chorus, flanger y modulaci\u00f3n de tono.<\/h3>\n<\/div>\n<div>Estos brindan los remolinos m\u00e1gicos, las maravillas tambaleantes y la genialidad pura y brillante del SCF que conocemos y amamos, manteni\u00e9ndose fiel y rindiendo homenaje al original. El mini SCF (Super Chorus Flanger &amp; Pitch Modulation) es un tributo al Stereo Chorus Flanger de TC Electronic, uno de los mejores pedales de modulaci\u00f3n jam\u00e1s fabricados desde 1976. El DSP de tecnolog\u00eda moderna de NUX produce una combinaci\u00f3n perfecta de ambos mundos: anal\u00f3gico y digital. Para lograr todos los objetivos, nuestros ingenieros tuvieron que desarrollar un algoritmo que imita los principios b\u00e1sicos de los chips BBD, el componente clave de los efectos de chorus anal\u00f3gico. Los chips BBD de grado de calidad en grandes masas se han vuelto incre\u00edblemente raros, por lo que este m\u00e9todo no es pr\u00e1ctico para hacer un dispositivo de chorus anal\u00f3gico asequible. Usando la tecnolog\u00eda DSP, Nux puede ofrecer un mini pedal con una variedad contrastante de tonos de chorus. Adem\u00e1s de eso, mini SCF ofrece un rango din\u00e1mico m\u00e1s amplio, alimentaci\u00f3n de 9V DC, tempo de toque inteligente que innova el origen y te brinda m\u00e1s buenas vibraciones. Chorus: Un chorus es b\u00e1sicamente un generador de tonos que mezcla m\u00faltiples se\u00f1ales de delay. Cuando las m\u00faltiples se\u00f1ales de delay se mezclan con la se\u00f1al original, se crea un efecto de modulaci\u00f3n de sonido suave y amplio. PM: Una combinaci\u00f3n de chorus y vibrato de tono que crea un sonido de chorus ligero. FLG: Un flanger se basa en el mismo principio que un chorus, aunque aqu\u00ed la se\u00f1al se puede regenerar (como si se agregara retroalimentaci\u00f3n a un delay) creando un efecto de sonido m\u00e1s distintivo. Mini SCF ofrece true-bypass y buffer-bypass (trails), simplemente manteniendo presionado el footswitch para iniciar el pedal (no conectar el USB). EL indicador del footswitch te mostrar\u00e1 el estado bypass (mientras inicia el pedal, si el indicador FS parpadea &#8220;verde&#8221; = BF, &#8220;rojo&#8221; = TB. Mini pero poderoso, tambi\u00e9n admite entrada y salida est\u00e9reo (usa un cable TRS 1\/4&#8243; y elije el modo maestro).<\/div>\n<div>\n<h4>Quick look<\/h4>\n<\/div>\n<ul style=\"margin: 0px 0px 0px 25px\">\n<li style=\"list-style-type: circle;margin: 5px\">Input impedance.<\/li>\n<li style=\"list-style-type: circle;margin: 5px\">Output impedance.<\/li>\n<li style=\"list-style-type: circle;margin: 5px\">Rango din\u00e1mico.<\/li>\n<li style=\"list-style-type: circle;margin: 5px\">Procesamiento DSP.<\/li>\n<li style=\"list-style-type: circle;margin: 5px\">Tasa de muestreo A\/D D\/A.<\/li>\n<li style=\"list-style-type: circle;margin: 5px\">Energy.<\/li>\n<li style=\"list-style-type: circle;margin: 5px\">Consumo de corriente.<\/li>\n<li style=\"list-style-type: circle;margin: 5px\">Dimensions.<\/li>\n<li style=\"list-style-type: circle;margin: 5px\">Weight.<\/li>\n<\/ul>\n<div>\n<div style=\"font-weight: bold\">Input impedance.<\/div>\n<div>\n<p>1 milli-ohm.<\/p>\n<\/div>\n<div style=\"font-weight: bold\">Output impedance.<\/div>\n<div>\n<p>1 kilo-ohms.<\/p>\n<\/div>\n<div style=\"font-weight: bold\">Rango din\u00e1mico.<\/div>\n<div>\n<p>103 dB.<\/p>\n<\/div>\n<div style=\"font-weight: bold\">Procesamiento DSP.<\/div>\n<div>\n<p>48 kHz \/ 32-bit.<\/p>\n<\/div>\n<div style=\"font-weight: bold\">Tasa de muestreo A\/D D\/A.<\/div>\n<div>\n<p>48 kHz \/ 24-bit.<\/p>\n<\/div>\n<div style=\"font-weight: bold\">Energy.<\/div>\n<div>\n<p>9V DC (Centro negativo, adaptador opcional ACD-008).<\/p>\n<\/div>\n<div style=\"font-weight: bold\">Consumo de corriente.<\/div>\n<div>\n<p>Menos de 100 mA.<\/p>\n<\/div>\n<div style=\"font-weight: bold\">Dimensions.<\/div>\n<div>\n<p>94 x 51 x 53 mm.<\/p>\n<\/div>\n<div style=\"font-weight: bold\">Weight.<\/div>\n<div>\n<p>175 g.<\/p>\n<\/div>\n<\/div>\n<\/div>","protected":false},"excerpt":{"rendered":"<p>Mini pedal de chorus para guitarra, homenaje al legendario pedal de modulaci\u00f3n SCF, Chorus, PM, FLG, amplio rango din\u00e1mico: 103 dB, tap tempo inteligente, true-bypass o buffer-bypass, admite est\u00e9reo, se\u00f1al seca anal\u00f3gica para bajo ruido y latencia cero, consumo de corriente: menos de 100 mA, dimensiones: 94 x 51 x 53 mm, peso: 175 g.&hellip; <a class=\"kt-excerpt-readmore more-link\" href=\"https:\/\/www.mexicanguitarplayers.com\/en\/tienda\/cuerdas\/efectos\/efectos-individuales\/pedal-nux-nch-5-mini-super-chorus\/\">Read more<\/a><\/p>","protected":false},"featured_media":42653,"comment_status":"open","ping_status":"closed","template":"","meta":{"kt_blocks_editor_width":""},"pwb-brand":[177],"product_brand":[],"product_cat":[224,241,504],"product_tag":[],"class_list":{"0":"post-42661","1":"product","2":"type-product","3":"status-publish","4":"has-post-thumbnail","6":"pwb-brand-nux","7":"product_cat-cuerdas","8":"product_cat-efectos","9":"product_cat-efectos-individuales","10":"product_shipping_class-0-5-kg","12":"first","13":"outofstock","14":"taxable","15":"shipping-taxable","16":"purchasable","17":"product-type-simple"},"yoast_head":"<!-- This site is optimized with the Yoast SEO plugin v27.5 - https:\/\/yoast.com\/product\/yoast-seo-wordpress\/ -->\n<title>PEDAL NUX NCH-5 MINI SUPER CHORUS - Mexican Guitar Players<\/title>\n<meta name=\"description\" content=\"Mini pedal de chorus para guitarra, homenaje al legendario pedal de modulaci\u00f3n SCF, Chorus, PM, FLG, amplio rango din\u00e1mico: 103 dB, tap tempo inteligente, true-bypass o buffer-bypass, admite est\u00e9reo, se\u00f1al seca anal\u00f3gica para bajo ruido y latencia cero, consumo de corriente: menos de 100 mA, dimensiones: 94 x 51 x 53 mm, peso: 175 g.\" \/>\n<meta name=\"robots\" content=\"index, follow, max-snippet:-1, max-image-preview:large, max-video-preview:-1\" \/>\n<link rel=\"canonical\" href=\"https:\/\/www.mexicanguitarplayers.com\/en\/tienda\/sin%20categor\u00eda\/pedal-nux-nch-5-mini-super-chorus\/\" \/>\n<meta property=\"og:locale\" content=\"en_US\" \/>\n<meta property=\"og:type\" content=\"article\" \/>\n<meta property=\"og:title\" content=\"PEDAL NUX NCH-5 MINI SUPER CHORUS - Mexican Guitar Players\" \/>\n<meta property=\"og:description\" content=\"Mini pedal de chorus para guitarra, homenaje al legendario pedal de modulaci\u00f3n SCF, Chorus, PM, FLG, amplio rango din\u00e1mico: 103 dB, tap tempo inteligente, true-bypass o buffer-bypass, admite est\u00e9reo, se\u00f1al seca anal\u00f3gica para bajo ruido y latencia cero, consumo de corriente: menos de 100 mA, dimensiones: 94 x 51 x 53 mm, peso: 175 g.\" \/>\n<meta property=\"og:url\" content=\"https:\/\/www.mexicanguitarplayers.com\/en\/tienda\/sin categor\u00eda\/pedal-nux-nch-5-mini-super-chorus\/\" \/>\n<meta property=\"og:site_name\" content=\"Mexican Guitar Players\" \/>\n<meta property=\"article:modified_time\" content=\"2026-04-28T01:15:04+00:00\" \/>\n<meta name=\"twitter:card\" content=\"summary_large_image\" \/>\n<meta name=\"twitter:label1\" content=\"Est. reading time\" \/>\n\t<meta name=\"twitter:data1\" content=\"2 minutes\" \/>\n<script type=\"application\/ld+json\" class=\"yoast-schema-graph\">{\"@context\":\"https:\\\/\\\/schema.org\",\"@graph\":[{\"@type\":[\"WebPage\",\"ItemPage\"],\"@id\":\"https:\\\/\\\/www.mexicanguitarplayers.com\\\/tienda\\\/sin categor\u00eda\\\/pedal-nux-nch-5-mini-super-chorus\\\/\",\"url\":\"https:\\\/\\\/www.mexicanguitarplayers.com\\\/tienda\\\/sin categor\u00eda\\\/pedal-nux-nch-5-mini-super-chorus\\\/\",\"name\":\"PEDAL NUX NCH-5 MINI SUPER CHORUS - Mexican Guitar Players\",\"isPartOf\":{\"@id\":\"https:\\\/\\\/www.mexicanguitarplayers.com\\\/#website\"},\"primaryImageOfPage\":{\"@id\":\"https:\\\/\\\/www.mexicanguitarplayers.com\\\/tienda\\\/sin categor\u00eda\\\/pedal-nux-nch-5-mini-super-chorus\\\/#primaryimage\"},\"image\":{\"@id\":\"https:\\\/\\\/www.mexicanguitarplayers.com\\\/tienda\\\/sin categor\u00eda\\\/pedal-nux-nch-5-mini-super-chorus\\\/#primaryimage\"},\"thumbnailUrl\":\"https:\\\/\\\/www.mexicanguitarplayers.com\\\/wp-content\\\/uploads\\\/2025\\\/04\\\/VANUXNCH5.jpg\",\"datePublished\":\"2025-04-09T15:23:32+00:00\",\"dateModified\":\"2026-04-28T01:15:04+00:00\",\"description\":\"Mini pedal de chorus para guitarra, homenaje al legendario pedal de modulaci\u00f3n SCF, Chorus, PM, FLG, amplio rango din\u00e1mico: 103 dB, tap tempo inteligente, true-bypass o buffer-bypass, admite est\u00e9reo, se\u00f1al seca anal\u00f3gica para bajo ruido y latencia cero, consumo de corriente: menos de 100 mA, dimensiones: 94 x 51 x 53 mm, peso: 175 g.\",\"breadcrumb\":{\"@id\":\"https:\\\/\\\/www.mexicanguitarplayers.com\\\/tienda\\\/sin categor\u00eda\\\/pedal-nux-nch-5-mini-super-chorus\\\/#breadcrumb\"},\"inLanguage\":\"en-US\",\"potentialAction\":[{\"@type\":\"ReadAction\",\"target\":[\"https:\\\/\\\/www.mexicanguitarplayers.com\\\/tienda\\\/sin categor\u00eda\\\/pedal-nux-nch-5-mini-super-chorus\\\/\"]}]},{\"@type\":\"ImageObject\",\"inLanguage\":\"en-US\",\"@id\":\"https:\\\/\\\/www.mexicanguitarplayers.com\\\/tienda\\\/sin categor\u00eda\\\/pedal-nux-nch-5-mini-super-chorus\\\/#primaryimage\",\"url\":\"https:\\\/\\\/www.mexicanguitarplayers.com\\\/wp-content\\\/uploads\\\/2025\\\/04\\\/VANUXNCH5.jpg\",\"contentUrl\":\"https:\\\/\\\/www.mexicanguitarplayers.com\\\/wp-content\\\/uploads\\\/2025\\\/04\\\/VANUXNCH5.jpg\",\"width\":1200,\"height\":1200},{\"@type\":\"BreadcrumbList\",\"@id\":\"https:\\\/\\\/www.mexicanguitarplayers.com\\\/tienda\\\/sin categor\u00eda\\\/pedal-nux-nch-5-mini-super-chorus\\\/#breadcrumb\",\"itemListElement\":[{\"@type\":\"ListItem\",\"position\":1,\"name\":\"Portada\",\"item\":\"https:\\\/\\\/www.mexicanguitarplayers.com\\\/\"},{\"@type\":\"ListItem\",\"position\":2,\"name\":\"Tienda\",\"item\":\"https:\\\/\\\/www.mexicanguitarplayers.com\\\/tienda\\\/\"},{\"@type\":\"ListItem\",\"position\":3,\"name\":\"PEDAL NUX NCH-5 MINI SUPER CHORUS\"}]},{\"@type\":\"WebSite\",\"@id\":\"https:\\\/\\\/www.mexicanguitarplayers.com\\\/#website\",\"url\":\"https:\\\/\\\/www.mexicanguitarplayers.com\\\/\",\"name\":\"Mexican Guitar Players\",\"description\":\"Website\",\"publisher\":{\"@id\":\"https:\\\/\\\/www.mexicanguitarplayers.com\\\/#organization\"},\"potentialAction\":[{\"@type\":\"SearchAction\",\"target\":{\"@type\":\"EntryPoint\",\"urlTemplate\":\"https:\\\/\\\/www.mexicanguitarplayers.com\\\/?s={search_term_string}\"},\"query-input\":{\"@type\":\"PropertyValueSpecification\",\"valueRequired\":true,\"valueName\":\"search_term_string\"}}],\"inLanguage\":\"en-US\"},{\"@type\":\"Organization\",\"@id\":\"https:\\\/\\\/www.mexicanguitarplayers.com\\\/#organization\",\"name\":\"Mexican Guitar Players\",\"url\":\"https:\\\/\\\/www.mexicanguitarplayers.com\\\/\",\"logo\":{\"@type\":\"ImageObject\",\"inLanguage\":\"en-US\",\"@id\":\"https:\\\/\\\/www.mexicanguitarplayers.com\\\/#\\\/schema\\\/logo\\\/image\\\/\",\"url\":\"\",\"contentUrl\":\"\",\"caption\":\"Mexican Guitar Players\"},\"image\":{\"@id\":\"https:\\\/\\\/www.mexicanguitarplayers.com\\\/#\\\/schema\\\/logo\\\/image\\\/\"}}]}<\/script>\n<!-- \/ Yoast SEO plugin. -->","yoast_head_json":{"title":"PEDAL NUX NCH-5 MINI SUPER CHORUS - Mexican Guitar Players","description":"Mini pedal de chorus para guitarra, homenaje al legendario pedal de modulaci\u00f3n SCF, Chorus, PM, FLG, amplio rango din\u00e1mico: 103 dB, tap tempo inteligente, true-bypass o buffer-bypass, admite est\u00e9reo, se\u00f1al seca anal\u00f3gica para bajo ruido y latencia cero, consumo de corriente: menos de 100 mA, dimensiones: 94 x 51 x 53 mm, peso: 175 g.","robots":{"index":"index","follow":"follow","max-snippet":"max-snippet:-1","max-image-preview":"max-image-preview:large","max-video-preview":"max-video-preview:-1"},"canonical":"https:\/\/www.mexicanguitarplayers.com\/en\/tienda\/sin categor\u00eda\/pedal-nux-nch-5-mini-super-chorus\/","og_locale":"en_US","og_type":"article","og_title":"PEDAL NUX NCH-5 MINI SUPER CHORUS - Mexican Guitar Players","og_description":"Mini pedal de chorus para guitarra, homenaje al legendario pedal de modulaci\u00f3n SCF, Chorus, PM, FLG, amplio rango din\u00e1mico: 103 dB, tap tempo inteligente, true-bypass o buffer-bypass, admite est\u00e9reo, se\u00f1al seca anal\u00f3gica para bajo ruido y latencia cero, consumo de corriente: menos de 100 mA, dimensiones: 94 x 51 x 53 mm, peso: 175 g.","og_url":"https:\/\/www.mexicanguitarplayers.com\/en\/tienda\/sin categor\u00eda\/pedal-nux-nch-5-mini-super-chorus\/","og_site_name":"Mexican Guitar Players","article_modified_time":"2026-04-28T01:15:04+00:00","twitter_card":"summary_large_image","twitter_misc":{"Est. reading time":"2 minutes"},"schema":{"@context":"https:\/\/schema.org","@graph":[{"@type":["WebPage","ItemPage"],"@id":"https:\/\/www.mexicanguitarplayers.com\/tienda\/sin categor\u00eda\/pedal-nux-nch-5-mini-super-chorus\/","url":"https:\/\/www.mexicanguitarplayers.com\/tienda\/sin categor\u00eda\/pedal-nux-nch-5-mini-super-chorus\/","name":"PEDAL NUX NCH-5 MINI SUPER CHORUS - Mexican Guitar Players","isPartOf":{"@id":"https:\/\/www.mexicanguitarplayers.com\/#website"},"primaryImageOfPage":{"@id":"https:\/\/www.mexicanguitarplayers.com\/tienda\/sin categor\u00eda\/pedal-nux-nch-5-mini-super-chorus\/#primaryimage"},"image":{"@id":"https:\/\/www.mexicanguitarplayers.com\/tienda\/sin categor\u00eda\/pedal-nux-nch-5-mini-super-chorus\/#primaryimage"},"thumbnailUrl":"https:\/\/www.mexicanguitarplayers.com\/wp-content\/uploads\/2025\/04\/VANUXNCH5.jpg","datePublished":"2025-04-09T15:23:32+00:00","dateModified":"2026-04-28T01:15:04+00:00","description":"Mini pedal de chorus para guitarra, homenaje al legendario pedal de modulaci\u00f3n SCF, Chorus, PM, FLG, amplio rango din\u00e1mico: 103 dB, tap tempo inteligente, true-bypass o buffer-bypass, admite est\u00e9reo, se\u00f1al seca anal\u00f3gica para bajo ruido y latencia cero, consumo de corriente: menos de 100 mA, dimensiones: 94 x 51 x 53 mm, peso: 175 g.","breadcrumb":{"@id":"https:\/\/www.mexicanguitarplayers.com\/tienda\/sin categor\u00eda\/pedal-nux-nch-5-mini-super-chorus\/#breadcrumb"},"inLanguage":"en-US","potentialAction":[{"@type":"ReadAction","target":["https:\/\/www.mexicanguitarplayers.com\/tienda\/sin categor\u00eda\/pedal-nux-nch-5-mini-super-chorus\/"]}]},{"@type":"ImageObject","inLanguage":"en-US","@id":"https:\/\/www.mexicanguitarplayers.com\/tienda\/sin categor\u00eda\/pedal-nux-nch-5-mini-super-chorus\/#primaryimage","url":"https:\/\/www.mexicanguitarplayers.com\/wp-content\/uploads\/2025\/04\/VANUXNCH5.jpg","contentUrl":"https:\/\/www.mexicanguitarplayers.com\/wp-content\/uploads\/2025\/04\/VANUXNCH5.jpg","width":1200,"height":1200},{"@type":"BreadcrumbList","@id":"https:\/\/www.mexicanguitarplayers.com\/tienda\/sin categor\u00eda\/pedal-nux-nch-5-mini-super-chorus\/#breadcrumb","itemListElement":[{"@type":"ListItem","position":1,"name":"Portada","item":"https:\/\/www.mexicanguitarplayers.com\/"},{"@type":"ListItem","position":2,"name":"Tienda","item":"https:\/\/www.mexicanguitarplayers.com\/tienda\/"},{"@type":"ListItem","position":3,"name":"PEDAL NUX NCH-5 MINI SUPER CHORUS"}]},{"@type":"WebSite","@id":"https:\/\/www.mexicanguitarplayers.com\/#website","url":"https:\/\/www.mexicanguitarplayers.com\/","name":"Mexican Guitar Players","description":"Website","publisher":{"@id":"https:\/\/www.mexicanguitarplayers.com\/#organization"},"potentialAction":[{"@type":"SearchAction","target":{"@type":"EntryPoint","urlTemplate":"https:\/\/www.mexicanguitarplayers.com\/?s={search_term_string}"},"query-input":{"@type":"PropertyValueSpecification","valueRequired":true,"valueName":"search_term_string"}}],"inLanguage":"en-US"},{"@type":"Organization","@id":"https:\/\/www.mexicanguitarplayers.com\/#organization","name":"Mexican Guitar Players","url":"https:\/\/www.mexicanguitarplayers.com\/","logo":{"@type":"ImageObject","inLanguage":"en-US","@id":"https:\/\/www.mexicanguitarplayers.com\/#\/schema\/logo\/image\/","url":"","contentUrl":"","caption":"Mexican Guitar Players"},"image":{"@id":"https:\/\/www.mexicanguitarplayers.com\/#\/schema\/logo\/image\/"}}]}},"brands":[{"id":177,"name":"NUX","slug":"nux"}],"_links":{"self":[{"href":"https:\/\/www.mexicanguitarplayers.com\/en\/wp-json\/wp\/v2\/product\/42661","targetHints":{"allow":["GET"]}}],"collection":[{"href":"https:\/\/www.mexicanguitarplayers.com\/en\/wp-json\/wp\/v2\/product"}],"about":[{"href":"https:\/\/www.mexicanguitarplayers.com\/en\/wp-json\/wp\/v2\/types\/product"}],"replies":[{"embeddable":true,"href":"https:\/\/www.mexicanguitarplayers.com\/en\/wp-json\/wp\/v2\/comments?post=42661"}],"wp:featuredmedia":[{"embeddable":true,"href":"https:\/\/www.mexicanguitarplayers.com\/en\/wp-json\/wp\/v2\/media\/42653"}],"wp:attachment":[{"href":"https:\/\/www.mexicanguitarplayers.com\/en\/wp-json\/wp\/v2\/media?parent=42661"}],"wp:term":[{"taxonomy":"pwb-brand","embeddable":true,"href":"https:\/\/www.mexicanguitarplayers.com\/en\/wp-json\/wp\/v2\/pwb-brand?post=42661"},{"taxonomy":"product_brand","embeddable":true,"href":"https:\/\/www.mexicanguitarplayers.com\/en\/wp-json\/wp\/v2\/product_brand?post=42661"},{"taxonomy":"product_cat","embeddable":true,"href":"https:\/\/www.mexicanguitarplayers.com\/en\/wp-json\/wp\/v2\/product_cat?post=42661"},{"taxonomy":"product_tag","embeddable":true,"href":"https:\/\/www.mexicanguitarplayers.com\/en\/wp-json\/wp\/v2\/product_tag?post=42661"}],"curies":[{"name":"wp","href":"https:\/\/api.w.org\/{rel}","templated":true}]}}