{"id":42669,"date":"2025-04-09T09:23:43","date_gmt":"2025-04-09T15:23:43","guid":{"rendered":"https:\/\/www.mexicanguitarplayers.com\/tienda\/sin categor\u00eda\/caja-directa-behringer-mod-di4800a\/"},"modified":"2026-05-06T16:15:07","modified_gmt":"2026-05-06T22:15:07","slug":"caja-directa-behringer-mod-di4800a","status":"publish","type":"product","link":"https:\/\/www.mexicanguitarplayers.com\/en\/tienda\/accesorios\/para-audio\/cajas-directas\/caja-directa-behringer-mod-di4800a\/","title":{"rendered":"CAJA DIRECTA BEHRINGER MOD. DI4800A"},"content":{"rendered":"<div style=\"text-align: justify\">\n<div>\n<h3>La nueva generaci\u00f3n de cajas DI.<\/h3>\n<\/div>\n<div>El ULTRA-DI PRO DI4800A te brinda 4 canales DI de primera clase en un solo espacio de rack. Cada canal est\u00e1 equipado con una entrada (XLR o TRS 1\/4&#8243;) y dos salidas XLR en la parte delantera y trasera para conectarse a tu amplificador o consola de monitores, lo que permite 8 salidas en total. Adem\u00e1s, el DI4800A est\u00e1 dise\u00f1ado para admitir pr\u00e1cticamente cualquier se\u00f1al de entrada, con una atenuaci\u00f3n de salida conmutable de -20 dB, mientras que nuestros aclamados transformadores de salida OT-1 garantizan una salida impecable y potente. Las cajas de inyecci\u00f3n directa (DI) permiten conectar guitarras, bajos y teclados (as\u00ed como otros dispositivos de nivel de l\u00ednea) a mezcladoras y grabadoras de audio. El DI4800A lleva la caja DI al siguiente nivel al proporcionar switches de ganancia de +6 dB y +12 dB para un total de +18 dB de aumento de ganancia, perfecto para amplificar se\u00f1ales de bajo nivel. El DI4800A tambi\u00e9n cuenta con un switch de atenuaci\u00f3n de -20 dB por canal, conectores de salida XLR chapados en oro que brindan un funcionamiento confiable y de bajo ruido y switches Ground-Lift para eliminar los problemas de zumbido ground-loop. El ULTRA DI PRO DI4800A de 4 canales ofrece una calidad de sonido excepcional a un precio extremadamente asequible.<\/div>\n<div>\n<h4>Quick look<\/h4>\n<\/div>\n<ul style=\"margin: 0px 0px 0px 25px\">\n<li style=\"list-style-type: circle;margin: 5px\">Tickets.<\/li>\n<li style=\"list-style-type: circle;margin: 5px\">Departures.<\/li>\n<li style=\"list-style-type: circle;margin: 5px\">System.<\/li>\n<li style=\"list-style-type: circle;margin: 5px\">Energy.<\/li>\n<li style=\"list-style-type: circle;margin: 5px\">Rango de temperatura de funcionamiento est\u00e1ndar.<\/li>\n<li style=\"list-style-type: circle;margin: 5px\">Dimensions.<\/li>\n<li style=\"list-style-type: circle;margin: 5px\">Weight.<\/li>\n<\/ul>\n<div>\n<div style=\"font-weight: bold\">Tickets.<\/div>\n<div>\n<p>Conectores: 4 XLR-1\/4&#8243; combo jacks, balanceado. Impedancia: 20 kilo-ohms. Nivel de entrada m\u00e1ximo: +20 dBu. Boost conmutable de canal: +6 dB,+12 dB,+18 dB.<\/p>\n<\/div>\n<div style=\"font-weight: bold\">Departures.<\/div>\n<div>\n<p>Conectores: 8 XLR, transformador balanceado. Impedancia: 600 ohms. Nivel de salida m\u00e1ximo: +20 dBu. Pad switch de salida: 20 dB de atenuaci\u00f3n.<\/p>\n<\/div>\n<div style=\"font-weight: bold\">System.<\/div>\n<div>\n<p>Respuesta de frecuencia: 20 Hz a 20 kHz (\u00b13 dB). Distorsi\u00f3n THD + N: 0.01% @ 1 kHz, 0 dBu. Relaci\u00f3n se\u00f1al a ruido: 120 dB. Switch Ground Lift: Elimina la conexi\u00f3n a tierra.<\/p>\n<\/div>\n<div style=\"font-weight: bold\">Energy.<\/div>\n<div>\n<p>12 V DC, 500 mA.<\/p>\n<\/div>\n<div style=\"font-weight: bold\">Rango de temperatura de funcionamiento est\u00e1ndar.<\/div>\n<div>\n<p>5\u00b0 C &#8211; 40\u00b0 C.<\/p>\n<\/div>\n<div style=\"font-weight: bold\">Dimensions.<\/div>\n<div>\n<p>483 x 71 x 44 mm.<\/p>\n<\/div>\n<div style=\"font-weight: bold\">Weight.<\/div>\n<div>\n<p>1.4 kg.<\/p>\n<\/div>\n<\/div>\n<\/div>","protected":false},"excerpt":{"rendered":"<p>Caja DI activa profesional multiusos de 4 canales, booster y aislador de l\u00ednea, para aplicaciones de estudio y escenario, proporciona impedancia y coincidencia de se\u00f1al para la conexi\u00f3n directa de instrumentos a mezcladoras y amplificadores, respuesta de frecuencia ultraplana gracias a los renombrados transformadores Behringer OT-1, aumento de ganancia total de +18 dB en tres incrementos de +6 dB para preamplificaci\u00f3n de se\u00f1ales de bajo nivel, el switch Ground Lift elimina los problemas t\u00edpicos de loop de tierra, atenuaci\u00f3n de salida conmutable de -20 dB, conectores Neutrik Combo y XLR chapados en oro, alimentado a trav\u00e9s de una fuente de alimentaci\u00f3n externa DC (incluida) con funcionamiento opcional a bater\u00edas (no incluidas), dimensiones: 483 x 71 x 44 mm, peso: 1.4 kg.&hellip; <a class=\"kt-excerpt-readmore more-link\" href=\"https:\/\/www.mexicanguitarplayers.com\/en\/tienda\/accesorios\/para-audio\/cajas-directas\/caja-directa-behringer-mod-di4800a\/\">Read more<\/a><\/p>","protected":false},"featured_media":42664,"comment_status":"open","ping_status":"closed","template":"","meta":{"kt_blocks_editor_width":""},"pwb-brand":[171],"product_brand":[],"product_cat":[85,509,410],"product_tag":[],"class_list":{"0":"post-42669","1":"product","2":"type-product","3":"status-publish","4":"has-post-thumbnail","6":"pwb-brand-behringer","7":"product_cat-accesorios","8":"product_cat-cajas-directas","9":"product_cat-para-audio","10":"product_shipping_class-0-5-kg","12":"first","13":"outofstock","14":"taxable","15":"shipping-taxable","16":"purchasable","17":"product-type-simple"},"yoast_head":"<!-- This site is optimized with the Yoast SEO plugin v27.6 - https:\/\/yoast.com\/product\/yoast-seo-wordpress\/ -->\n<title>CAJA DIRECTA BEHRINGER MOD. DI4800A - Mexican Guitar Players<\/title>\n<meta name=\"description\" content=\"Caja DI activa profesional multiusos de 4 canales, booster y aislador de l\u00ednea, para aplicaciones de estudio y escenario, proporciona impedancia y coincidencia de se\u00f1al para la conexi\u00f3n directa de instrumentos a mezcladoras y amplificadores, respuesta de frecuencia ultraplana gracias a los renombrados transformadores Behringer OT-1, aumento de ganancia total de +18 dB en tres incrementos de +6 dB para preamplificaci\u00f3n de se\u00f1ales de bajo nivel, el switch Ground Lift elimina los problemas t\u00edpicos de loop de tierra, atenuaci\u00f3n de salida conmutable de -20 dB, conectores Neutrik Combo y XLR chapados en oro, alimentado a trav\u00e9s de una fuente de alimentaci\u00f3n externa DC (incluida) con funcionamiento opcional a bater\u00edas (no incluidas), dimensiones: 483 x 71 x 44 mm, peso: 1.4 kg.\" \/>\n<meta name=\"robots\" content=\"index, follow, max-snippet:-1, max-image-preview:large, max-video-preview:-1\" \/>\n<link rel=\"canonical\" href=\"https:\/\/www.mexicanguitarplayers.com\/en\/tienda\/sin%20categor\u00eda\/caja-directa-behringer-mod-di4800a\/\" \/>\n<meta property=\"og:locale\" content=\"en_US\" \/>\n<meta property=\"og:type\" content=\"article\" \/>\n<meta property=\"og:title\" content=\"CAJA DIRECTA BEHRINGER MOD. DI4800A - Mexican Guitar Players\" \/>\n<meta property=\"og:description\" content=\"Caja DI activa profesional multiusos de 4 canales, booster y aislador de l\u00ednea, para aplicaciones de estudio y escenario, proporciona impedancia y coincidencia de se\u00f1al para la conexi\u00f3n directa de instrumentos a mezcladoras y amplificadores, respuesta de frecuencia ultraplana gracias a los renombrados transformadores Behringer OT-1, aumento de ganancia total de +18 dB en tres incrementos de +6 dB para preamplificaci\u00f3n de se\u00f1ales de bajo nivel, el switch Ground Lift elimina los problemas t\u00edpicos de loop de tierra, atenuaci\u00f3n de salida conmutable de -20 dB, conectores Neutrik Combo y XLR chapados en oro, alimentado a trav\u00e9s de una fuente de alimentaci\u00f3n externa DC (incluida) con funcionamiento opcional a bater\u00edas (no incluidas), dimensiones: 483 x 71 x 44 mm, peso: 1.4 kg.\" \/>\n<meta property=\"og:url\" content=\"https:\/\/www.mexicanguitarplayers.com\/en\/tienda\/sin categor\u00eda\/caja-directa-behringer-mod-di4800a\/\" \/>\n<meta property=\"og:site_name\" content=\"Mexican Guitar Players\" \/>\n<meta property=\"article:modified_time\" content=\"2026-05-06T22:15:07+00:00\" \/>\n<meta name=\"twitter:card\" content=\"summary_large_image\" \/>\n<meta name=\"twitter:label1\" content=\"Est. reading time\" \/>\n\t<meta name=\"twitter:data1\" content=\"2 minutes\" \/>\n<script type=\"application\/ld+json\" class=\"yoast-schema-graph\">{\"@context\":\"https:\\\/\\\/schema.org\",\"@graph\":[{\"@type\":[\"WebPage\",\"ItemPage\"],\"@id\":\"https:\\\/\\\/www.mexicanguitarplayers.com\\\/tienda\\\/sin categor\u00eda\\\/caja-directa-behringer-mod-di4800a\\\/\",\"url\":\"https:\\\/\\\/www.mexicanguitarplayers.com\\\/tienda\\\/sin categor\u00eda\\\/caja-directa-behringer-mod-di4800a\\\/\",\"name\":\"CAJA DIRECTA BEHRINGER MOD. DI4800A - Mexican Guitar Players\",\"isPartOf\":{\"@id\":\"https:\\\/\\\/www.mexicanguitarplayers.com\\\/#website\"},\"primaryImageOfPage\":{\"@id\":\"https:\\\/\\\/www.mexicanguitarplayers.com\\\/tienda\\\/sin categor\u00eda\\\/caja-directa-behringer-mod-di4800a\\\/#primaryimage\"},\"image\":{\"@id\":\"https:\\\/\\\/www.mexicanguitarplayers.com\\\/tienda\\\/sin categor\u00eda\\\/caja-directa-behringer-mod-di4800a\\\/#primaryimage\"},\"thumbnailUrl\":\"https:\\\/\\\/www.mexicanguitarplayers.com\\\/wp-content\\\/uploads\\\/2025\\\/04\\\/VABEHDI4800A.jpg\",\"datePublished\":\"2025-04-09T15:23:43+00:00\",\"dateModified\":\"2026-05-06T22:15:07+00:00\",\"description\":\"Caja DI activa profesional multiusos de 4 canales, booster y aislador de l\u00ednea, para aplicaciones de estudio y escenario, proporciona impedancia y coincidencia de se\u00f1al para la conexi\u00f3n directa de instrumentos a mezcladoras y amplificadores, respuesta de frecuencia ultraplana gracias a los renombrados transformadores Behringer OT-1, aumento de ganancia total de +18 dB en tres incrementos de +6 dB para preamplificaci\u00f3n de se\u00f1ales de bajo nivel, el switch Ground Lift elimina los problemas t\u00edpicos de loop de tierra, atenuaci\u00f3n de salida conmutable de -20 dB, conectores Neutrik Combo y XLR chapados en oro, alimentado a trav\u00e9s de una fuente de alimentaci\u00f3n externa DC (incluida) con funcionamiento opcional a bater\u00edas (no incluidas), dimensiones: 483 x 71 x 44 mm, peso: 1.4 kg.\",\"breadcrumb\":{\"@id\":\"https:\\\/\\\/www.mexicanguitarplayers.com\\\/tienda\\\/sin categor\u00eda\\\/caja-directa-behringer-mod-di4800a\\\/#breadcrumb\"},\"inLanguage\":\"en-US\",\"potentialAction\":[{\"@type\":\"ReadAction\",\"target\":[\"https:\\\/\\\/www.mexicanguitarplayers.com\\\/tienda\\\/sin categor\u00eda\\\/caja-directa-behringer-mod-di4800a\\\/\"]}]},{\"@type\":\"ImageObject\",\"inLanguage\":\"en-US\",\"@id\":\"https:\\\/\\\/www.mexicanguitarplayers.com\\\/tienda\\\/sin categor\u00eda\\\/caja-directa-behringer-mod-di4800a\\\/#primaryimage\",\"url\":\"https:\\\/\\\/www.mexicanguitarplayers.com\\\/wp-content\\\/uploads\\\/2025\\\/04\\\/VABEHDI4800A.jpg\",\"contentUrl\":\"https:\\\/\\\/www.mexicanguitarplayers.com\\\/wp-content\\\/uploads\\\/2025\\\/04\\\/VABEHDI4800A.jpg\",\"width\":1600,\"height\":800},{\"@type\":\"BreadcrumbList\",\"@id\":\"https:\\\/\\\/www.mexicanguitarplayers.com\\\/tienda\\\/sin categor\u00eda\\\/caja-directa-behringer-mod-di4800a\\\/#breadcrumb\",\"itemListElement\":[{\"@type\":\"ListItem\",\"position\":1,\"name\":\"Portada\",\"item\":\"https:\\\/\\\/www.mexicanguitarplayers.com\\\/\"},{\"@type\":\"ListItem\",\"position\":2,\"name\":\"Tienda\",\"item\":\"https:\\\/\\\/www.mexicanguitarplayers.com\\\/tienda\\\/\"},{\"@type\":\"ListItem\",\"position\":3,\"name\":\"CAJA DIRECTA BEHRINGER MOD. DI4800A\"}]},{\"@type\":\"WebSite\",\"@id\":\"https:\\\/\\\/www.mexicanguitarplayers.com\\\/#website\",\"url\":\"https:\\\/\\\/www.mexicanguitarplayers.com\\\/\",\"name\":\"Mexican Guitar Players\",\"description\":\"Website\",\"publisher\":{\"@id\":\"https:\\\/\\\/www.mexicanguitarplayers.com\\\/#organization\"},\"potentialAction\":[{\"@type\":\"SearchAction\",\"target\":{\"@type\":\"EntryPoint\",\"urlTemplate\":\"https:\\\/\\\/www.mexicanguitarplayers.com\\\/?s={search_term_string}\"},\"query-input\":{\"@type\":\"PropertyValueSpecification\",\"valueRequired\":true,\"valueName\":\"search_term_string\"}}],\"inLanguage\":\"en-US\"},{\"@type\":\"Organization\",\"@id\":\"https:\\\/\\\/www.mexicanguitarplayers.com\\\/#organization\",\"name\":\"Mexican Guitar Players\",\"url\":\"https:\\\/\\\/www.mexicanguitarplayers.com\\\/\",\"logo\":{\"@type\":\"ImageObject\",\"inLanguage\":\"en-US\",\"@id\":\"https:\\\/\\\/www.mexicanguitarplayers.com\\\/#\\\/schema\\\/logo\\\/image\\\/\",\"url\":\"\",\"contentUrl\":\"\",\"caption\":\"Mexican Guitar Players\"},\"image\":{\"@id\":\"https:\\\/\\\/www.mexicanguitarplayers.com\\\/#\\\/schema\\\/logo\\\/image\\\/\"}}]}<\/script>\n<!-- \/ Yoast SEO plugin. -->","yoast_head_json":{"title":"CAJA DIRECTA BEHRINGER MOD. DI4800A - Mexican Guitar Players","description":"Caja DI activa profesional multiusos de 4 canales, booster y aislador de l\u00ednea, para aplicaciones de estudio y escenario, proporciona impedancia y coincidencia de se\u00f1al para la conexi\u00f3n directa de instrumentos a mezcladoras y amplificadores, respuesta de frecuencia ultraplana gracias a los renombrados transformadores Behringer OT-1, aumento de ganancia total de +18 dB en tres incrementos de +6 dB para preamplificaci\u00f3n de se\u00f1ales de bajo nivel, el switch Ground Lift elimina los problemas t\u00edpicos de loop de tierra, atenuaci\u00f3n de salida conmutable de -20 dB, conectores Neutrik Combo y XLR chapados en oro, alimentado a trav\u00e9s de una fuente de alimentaci\u00f3n externa DC (incluida) con funcionamiento opcional a bater\u00edas (no incluidas), dimensiones: 483 x 71 x 44 mm, peso: 1.4 kg.","robots":{"index":"index","follow":"follow","max-snippet":"max-snippet:-1","max-image-preview":"max-image-preview:large","max-video-preview":"max-video-preview:-1"},"canonical":"https:\/\/www.mexicanguitarplayers.com\/en\/tienda\/sin categor\u00eda\/caja-directa-behringer-mod-di4800a\/","og_locale":"en_US","og_type":"article","og_title":"CAJA DIRECTA BEHRINGER MOD. DI4800A - Mexican Guitar Players","og_description":"Caja DI activa profesional multiusos de 4 canales, booster y aislador de l\u00ednea, para aplicaciones de estudio y escenario, proporciona impedancia y coincidencia de se\u00f1al para la conexi\u00f3n directa de instrumentos a mezcladoras y amplificadores, respuesta de frecuencia ultraplana gracias a los renombrados transformadores Behringer OT-1, aumento de ganancia total de +18 dB en tres incrementos de +6 dB para preamplificaci\u00f3n de se\u00f1ales de bajo nivel, el switch Ground Lift elimina los problemas t\u00edpicos de loop de tierra, atenuaci\u00f3n de salida conmutable de -20 dB, conectores Neutrik Combo y XLR chapados en oro, alimentado a trav\u00e9s de una fuente de alimentaci\u00f3n externa DC (incluida) con funcionamiento opcional a bater\u00edas (no incluidas), dimensiones: 483 x 71 x 44 mm, peso: 1.4 kg.","og_url":"https:\/\/www.mexicanguitarplayers.com\/en\/tienda\/sin categor\u00eda\/caja-directa-behringer-mod-di4800a\/","og_site_name":"Mexican Guitar Players","article_modified_time":"2026-05-06T22:15:07+00:00","twitter_card":"summary_large_image","twitter_misc":{"Est. reading time":"2 minutes"},"schema":{"@context":"https:\/\/schema.org","@graph":[{"@type":["WebPage","ItemPage"],"@id":"https:\/\/www.mexicanguitarplayers.com\/tienda\/sin categor\u00eda\/caja-directa-behringer-mod-di4800a\/","url":"https:\/\/www.mexicanguitarplayers.com\/tienda\/sin categor\u00eda\/caja-directa-behringer-mod-di4800a\/","name":"CAJA DIRECTA BEHRINGER MOD. DI4800A - Mexican Guitar Players","isPartOf":{"@id":"https:\/\/www.mexicanguitarplayers.com\/#website"},"primaryImageOfPage":{"@id":"https:\/\/www.mexicanguitarplayers.com\/tienda\/sin categor\u00eda\/caja-directa-behringer-mod-di4800a\/#primaryimage"},"image":{"@id":"https:\/\/www.mexicanguitarplayers.com\/tienda\/sin categor\u00eda\/caja-directa-behringer-mod-di4800a\/#primaryimage"},"thumbnailUrl":"https:\/\/www.mexicanguitarplayers.com\/wp-content\/uploads\/2025\/04\/VABEHDI4800A.jpg","datePublished":"2025-04-09T15:23:43+00:00","dateModified":"2026-05-06T22:15:07+00:00","description":"Caja DI activa profesional multiusos de 4 canales, booster y aislador de l\u00ednea, para aplicaciones de estudio y escenario, proporciona impedancia y coincidencia de se\u00f1al para la conexi\u00f3n directa de instrumentos a mezcladoras y amplificadores, respuesta de frecuencia ultraplana gracias a los renombrados transformadores Behringer OT-1, aumento de ganancia total de +18 dB en tres incrementos de +6 dB para preamplificaci\u00f3n de se\u00f1ales de bajo nivel, el switch Ground Lift elimina los problemas t\u00edpicos de loop de tierra, atenuaci\u00f3n de salida conmutable de -20 dB, conectores Neutrik Combo y XLR chapados en oro, alimentado a trav\u00e9s de una fuente de alimentaci\u00f3n externa DC (incluida) con funcionamiento opcional a bater\u00edas (no incluidas), dimensiones: 483 x 71 x 44 mm, peso: 1.4 kg.","breadcrumb":{"@id":"https:\/\/www.mexicanguitarplayers.com\/tienda\/sin categor\u00eda\/caja-directa-behringer-mod-di4800a\/#breadcrumb"},"inLanguage":"en-US","potentialAction":[{"@type":"ReadAction","target":["https:\/\/www.mexicanguitarplayers.com\/tienda\/sin categor\u00eda\/caja-directa-behringer-mod-di4800a\/"]}]},{"@type":"ImageObject","inLanguage":"en-US","@id":"https:\/\/www.mexicanguitarplayers.com\/tienda\/sin categor\u00eda\/caja-directa-behringer-mod-di4800a\/#primaryimage","url":"https:\/\/www.mexicanguitarplayers.com\/wp-content\/uploads\/2025\/04\/VABEHDI4800A.jpg","contentUrl":"https:\/\/www.mexicanguitarplayers.com\/wp-content\/uploads\/2025\/04\/VABEHDI4800A.jpg","width":1600,"height":800},{"@type":"BreadcrumbList","@id":"https:\/\/www.mexicanguitarplayers.com\/tienda\/sin categor\u00eda\/caja-directa-behringer-mod-di4800a\/#breadcrumb","itemListElement":[{"@type":"ListItem","position":1,"name":"Portada","item":"https:\/\/www.mexicanguitarplayers.com\/"},{"@type":"ListItem","position":2,"name":"Tienda","item":"https:\/\/www.mexicanguitarplayers.com\/tienda\/"},{"@type":"ListItem","position":3,"name":"CAJA DIRECTA BEHRINGER MOD. DI4800A"}]},{"@type":"WebSite","@id":"https:\/\/www.mexicanguitarplayers.com\/#website","url":"https:\/\/www.mexicanguitarplayers.com\/","name":"Mexican Guitar Players","description":"Website","publisher":{"@id":"https:\/\/www.mexicanguitarplayers.com\/#organization"},"potentialAction":[{"@type":"SearchAction","target":{"@type":"EntryPoint","urlTemplate":"https:\/\/www.mexicanguitarplayers.com\/?s={search_term_string}"},"query-input":{"@type":"PropertyValueSpecification","valueRequired":true,"valueName":"search_term_string"}}],"inLanguage":"en-US"},{"@type":"Organization","@id":"https:\/\/www.mexicanguitarplayers.com\/#organization","name":"Mexican Guitar Players","url":"https:\/\/www.mexicanguitarplayers.com\/","logo":{"@type":"ImageObject","inLanguage":"en-US","@id":"https:\/\/www.mexicanguitarplayers.com\/#\/schema\/logo\/image\/","url":"","contentUrl":"","caption":"Mexican Guitar Players"},"image":{"@id":"https:\/\/www.mexicanguitarplayers.com\/#\/schema\/logo\/image\/"}}]}},"brands":[{"id":171,"name":"BEHRINGER","slug":"behringer"}],"_links":{"self":[{"href":"https:\/\/www.mexicanguitarplayers.com\/en\/wp-json\/wp\/v2\/product\/42669","targetHints":{"allow":["GET"]}}],"collection":[{"href":"https:\/\/www.mexicanguitarplayers.com\/en\/wp-json\/wp\/v2\/product"}],"about":[{"href":"https:\/\/www.mexicanguitarplayers.com\/en\/wp-json\/wp\/v2\/types\/product"}],"replies":[{"embeddable":true,"href":"https:\/\/www.mexicanguitarplayers.com\/en\/wp-json\/wp\/v2\/comments?post=42669"}],"wp:featuredmedia":[{"embeddable":true,"href":"https:\/\/www.mexicanguitarplayers.com\/en\/wp-json\/wp\/v2\/media\/42664"}],"wp:attachment":[{"href":"https:\/\/www.mexicanguitarplayers.com\/en\/wp-json\/wp\/v2\/media?parent=42669"}],"wp:term":[{"taxonomy":"pwb-brand","embeddable":true,"href":"https:\/\/www.mexicanguitarplayers.com\/en\/wp-json\/wp\/v2\/pwb-brand?post=42669"},{"taxonomy":"product_brand","embeddable":true,"href":"https:\/\/www.mexicanguitarplayers.com\/en\/wp-json\/wp\/v2\/product_brand?post=42669"},{"taxonomy":"product_cat","embeddable":true,"href":"https:\/\/www.mexicanguitarplayers.com\/en\/wp-json\/wp\/v2\/product_cat?post=42669"},{"taxonomy":"product_tag","embeddable":true,"href":"https:\/\/www.mexicanguitarplayers.com\/en\/wp-json\/wp\/v2\/product_tag?post=42669"}],"curies":[{"name":"wp","href":"https:\/\/api.w.org\/{rel}","templated":true}]}}