{"id":42680,"date":"2025-04-09T09:23:58","date_gmt":"2025-04-09T15:23:58","guid":{"rendered":"https:\/\/www.mexicanguitarplayers.com\/tienda\/sin categor\u00eda\/driver-beyma-2-mod-cp-750ti\/"},"modified":"2026-01-21T07:15:07","modified_gmt":"2026-01-21T13:15:07","slug":"driver-beyma-2-mod-cp-750ti","status":"publish","type":"product","link":"https:\/\/www.mexicanguitarplayers.com\/en\/tienda\/audio\/bafles-y-bocinas\/bocinas-y-componentes\/agudos\/driver-beyma-2-mod-cp-750ti\/","title":{"rendered":"DRIVER BEYMA   2     MOD. CP-750TI"},"content":{"rendered":"<div style=\"text-align: justify\">\n<div>\n<h3>Agudos de alto alcance.<\/h3>\n<\/div>\n<div>Modelo de compresi\u00f3n para altas frecuencias, con salida 2&#8243;. Se caracteriza por la construcci\u00f3n del diafragma, realizado en titanio para la parte radiante, y de poli\u00e9ster para la suspensi\u00f3n, con el fin de aportar el amortiguamiento necesario para evitar las resonancias propias del metal. El corrector de fase se ha optimizado para adaptarlo a esta nueva configuraci\u00f3n, y se ha a\u00f1adido un casquillo de cobre sobre el n\u00facleo para reducir distorsi\u00f3n e impedancia, obteniendo una respuesta extremadamente extensa, sin irregularidades y con una baja distorsi\u00f3n arm\u00f3nica.<\/div>\n<div>\n<h4>Quick look<\/h4>\n<\/div>\n<ul style=\"margin: 0px 0px 0px 25px\">\n<li style=\"list-style-type: circle;margin: 5px\">Di\u00e1metro de garganta.<\/li>\n<li style=\"list-style-type: circle;margin: 5px\">Nominal impedance.<\/li>\n<li style=\"list-style-type: circle;margin: 5px\">Impedancia m\u00ednima.<\/li>\n<li style=\"list-style-type: circle;margin: 5px\">Resistencia DC.<\/li>\n<li style=\"list-style-type: circle;margin: 5px\">Power.<\/li>\n<li style=\"list-style-type: circle;margin: 5px\">Sensitivity.<\/li>\n<li style=\"list-style-type: circle;margin: 5px\">Rango de frecuencias.<\/li>\n<li style=\"list-style-type: circle;margin: 5px\">Frecuencia recomendada de crossover.<\/li>\n<li style=\"list-style-type: circle;margin: 5px\">Di\u00e1metro de la bobina m\u00f3vil.<\/li>\n<li style=\"list-style-type: circle;margin: 5px\">Densidad de flujo.<\/li>\n<li style=\"list-style-type: circle;margin: 5px\">Factor BL.<\/li>\n<li style=\"list-style-type: circle;margin: 5px\">Material de la membrana.<\/li>\n<li style=\"list-style-type: circle;margin: 5px\">Di\u00e1metro externo.<\/li>\n<li style=\"list-style-type: circle;margin: 5px\">Profundidad.<\/li>\n<li style=\"list-style-type: circle;margin: 5px\">Montaje,<\/li>\n<li style=\"list-style-type: circle;margin: 5px\">Accessories included.<\/li>\n<li style=\"list-style-type: circle;margin: 5px\">Weight.<\/li>\n<li style=\"list-style-type: circle;margin: 5px\">Im\u00e1n.<\/li>\n<\/ul>\n<div>\n<div style=\"font-weight: bold\">Di\u00e1metro de garganta.<\/div>\n<div>\n<p>2\u201d pulgadas (49 mm).<\/p>\n<\/div>\n<div style=\"font-weight: bold\">Nominal impedance.<\/div>\n<div>\n<p>8 ohms.<\/p>\n<\/div>\n<div style=\"font-weight: bold\">Impedancia m\u00ednima.<\/div>\n<div>\n<p>7.4 ohms @ 3.5 kHz.<\/p>\n<\/div>\n<div style=\"font-weight: bold\">Resistencia DC.<\/div>\n<div>\n<p>5.5 ohms.<\/p>\n<\/div>\n<div style=\"font-weight: bold\">Power.<\/div>\n<div>\n<p>AES: 70 watts por encima de los 800 Hz. Programa: 140 watts por encima de los 800 Hz.<\/p>\n<\/div>\n<div style=\"font-weight: bold\">Sensitivity.<\/div>\n<div>\n<p>110 dB (1W@1m) acoplado a bocina.<\/p>\n<\/div>\n<div style=\"font-weight: bold\">Rango de frecuencias.<\/div>\n<div>\n<p>600 &#8211; 20,000 Hz.<\/p>\n<\/div>\n<div style=\"font-weight: bold\">Frecuencia recomendada de crossover.<\/div>\n<div>\n<p>800 Hz o superior (12dB\/oct pend. min.).<\/p>\n<\/div>\n<div style=\"font-weight: bold\">Di\u00e1metro de la bobina m\u00f3vil.<\/div>\n<div>\n<p>2.9\u201d pulgadas (72.2 mm).<\/p>\n<\/div>\n<div style=\"font-weight: bold\">Densidad de flujo.<\/div>\n<div>\n<p>1.875 T.<\/p>\n<\/div>\n<div style=\"font-weight: bold\">Factor BL.<\/div>\n<div>\n<p>10 N\/A.<\/p>\n<\/div>\n<div style=\"font-weight: bold\">Material de la membrana.<\/div>\n<div>\n<p>C\u00fapula de titanio con suspensi\u00f3n de poli\u00e9ster.<\/p>\n<\/div>\n<div style=\"font-weight: bold\">Di\u00e1metro externo.<\/div>\n<div>\n<p>7.56\u201d pulgadas (192 mm).<\/p>\n<\/div>\n<div style=\"font-weight: bold\">Profundidad.<\/div>\n<div>\n<p>3.46\u201d pulgadas (88 mm).<\/p>\n<\/div>\n<div style=\"font-weight: bold\">Montaje,<\/div>\n<div>\n<p>4 agujeros roscados de M6 a 90\u00b0 con un di\u00e1metro entre ejes de 101.6 mm (4\u201d pulgadas).<\/p>\n<\/div>\n<div style=\"font-weight: bold\">Accessories included.<\/div>\n<div>\n<p>Elementos de montaje y sujeci\u00f3n incluidos.<\/p>\n<\/div>\n<div style=\"font-weight: bold\">Weight.<\/div>\n<div>\n<p>7.05 kg.<\/p>\n<\/div>\n<div style=\"font-weight: bold\">Im\u00e1n.<\/div>\n<div>\n<p>Ferrita.<\/p>\n<\/div>\n<\/div>\n<\/div>","protected":false},"excerpt":{"rendered":"<p>Driver de compresi\u00f3n de 2\u201d pulgadas, potencia AES de 70 watts y potencia programa de 140 watts, impedancia: 8 ohms, sensibilidad: 110 dB, rango de frecuencias: 600 &#8211; 20,000 Hz, bobina m\u00f3vil de 2.9\u201d pulgadas,  membrana: c\u00fapula de titanio con suspensi\u00f3n de poli\u00e9ster, montaje: 4 agujeros roscados de M6 a 90\u00b0 con un di\u00e1metro entre ejes de 101.6 mm (4\u201d pulgadas), elementos de montaje y sujeci\u00f3n incluidos, peso: 7.05 kg, im\u00e1n de ferrita.&hellip; <a class=\"kt-excerpt-readmore more-link\" href=\"https:\/\/www.mexicanguitarplayers.com\/en\/tienda\/audio\/bafles-y-bocinas\/bocinas-y-componentes\/agudos\/driver-beyma-2-mod-cp-750ti\/\">Read more<\/a><\/p>","protected":false},"featured_media":42676,"comment_status":"open","ping_status":"closed","template":"","meta":{"kt_blocks_editor_width":""},"pwb-brand":[477],"product_brand":[],"product_cat":[530,213,221,474],"product_tag":[],"class_list":{"0":"post-42680","1":"product","2":"type-product","3":"status-publish","4":"has-post-thumbnail","6":"pwb-brand-beyma","7":"product_cat-agudos","8":"product_cat-audio","9":"product_cat-bafles-y-bocinas","10":"product_cat-bocinas-y-componentes","11":"product_shipping_class-5-10-kg","13":"first","14":"instock","15":"taxable","16":"shipping-taxable","17":"purchasable","18":"product-type-simple"},"yoast_head":"<!-- This site is optimized with the Yoast SEO plugin v27.3 - https:\/\/yoast.com\/product\/yoast-seo-wordpress\/ -->\n<title>DRIVER BEYMA  2   MOD. CP-750TI - Mexican Guitar Players<\/title>\n<meta name=\"description\" content=\"Driver de compresi\u00f3n de 2\u201d pulgadas, potencia AES de 70 watts y potencia programa de 140 watts, impedancia: 8 ohms, sensibilidad: 110 dB, rango de frecuencias: 600 - 20,000 Hz, bobina m\u00f3vil de 2.9\u201d pulgadas, membrana: c\u00fapula de titanio con suspensi\u00f3n de poli\u00e9ster, montaje: 4 agujeros roscados de M6 a 90\u00b0 con un di\u00e1metro entre ejes de 101.6 mm (4\u201d pulgadas), elementos de montaje y sujeci\u00f3n incluidos, peso: 7.05 kg, im\u00e1n de ferrita.\" \/>\n<meta name=\"robots\" content=\"index, follow, max-snippet:-1, max-image-preview:large, max-video-preview:-1\" \/>\n<link rel=\"canonical\" href=\"https:\/\/www.mexicanguitarplayers.com\/en\/tienda\/sin%20categor\u00eda\/driver-beyma-2-mod-cp-750ti\/\" \/>\n<meta property=\"og:locale\" content=\"en_US\" \/>\n<meta property=\"og:type\" content=\"article\" \/>\n<meta property=\"og:title\" content=\"DRIVER BEYMA  2   MOD. CP-750TI - Mexican Guitar Players\" \/>\n<meta property=\"og:description\" content=\"Driver de compresi\u00f3n de 2\u201d pulgadas, potencia AES de 70 watts y potencia programa de 140 watts, impedancia: 8 ohms, sensibilidad: 110 dB, rango de frecuencias: 600 - 20,000 Hz, bobina m\u00f3vil de 2.9\u201d pulgadas, membrana: c\u00fapula de titanio con suspensi\u00f3n de poli\u00e9ster, montaje: 4 agujeros roscados de M6 a 90\u00b0 con un di\u00e1metro entre ejes de 101.6 mm (4\u201d pulgadas), elementos de montaje y sujeci\u00f3n incluidos, peso: 7.05 kg, im\u00e1n de ferrita.\" \/>\n<meta property=\"og:url\" content=\"https:\/\/www.mexicanguitarplayers.com\/en\/tienda\/sin categor\u00eda\/driver-beyma-2-mod-cp-750ti\/\" \/>\n<meta property=\"og:site_name\" content=\"Mexican Guitar Players\" \/>\n<meta property=\"article:modified_time\" content=\"2026-01-21T13:15:07+00:00\" \/>\n<meta name=\"twitter:card\" content=\"summary_large_image\" \/>\n<meta name=\"twitter:label1\" content=\"Est. reading time\" \/>\n\t<meta name=\"twitter:data1\" content=\"1 minute\" \/>\n<script type=\"application\/ld+json\" class=\"yoast-schema-graph\">{\"@context\":\"https:\\\/\\\/schema.org\",\"@graph\":[{\"@type\":[\"WebPage\",\"ItemPage\"],\"@id\":\"https:\\\/\\\/www.mexicanguitarplayers.com\\\/tienda\\\/sin categor\u00eda\\\/driver-beyma-2-mod-cp-750ti\\\/\",\"url\":\"https:\\\/\\\/www.mexicanguitarplayers.com\\\/tienda\\\/sin categor\u00eda\\\/driver-beyma-2-mod-cp-750ti\\\/\",\"name\":\"DRIVER BEYMA 2 MOD. CP-750TI - Mexican Guitar Players\",\"isPartOf\":{\"@id\":\"https:\\\/\\\/www.mexicanguitarplayers.com\\\/#website\"},\"primaryImageOfPage\":{\"@id\":\"https:\\\/\\\/www.mexicanguitarplayers.com\\\/tienda\\\/sin categor\u00eda\\\/driver-beyma-2-mod-cp-750ti\\\/#primaryimage\"},\"image\":{\"@id\":\"https:\\\/\\\/www.mexicanguitarplayers.com\\\/tienda\\\/sin categor\u00eda\\\/driver-beyma-2-mod-cp-750ti\\\/#primaryimage\"},\"thumbnailUrl\":\"https:\\\/\\\/www.mexicanguitarplayers.com\\\/wp-content\\\/uploads\\\/2025\\\/04\\\/IABEYCP750TI8.jpg\",\"datePublished\":\"2025-04-09T15:23:58+00:00\",\"dateModified\":\"2026-01-21T13:15:07+00:00\",\"description\":\"Driver de compresi\u00f3n de 2\u201d pulgadas, potencia AES de 70 watts y potencia programa de 140 watts, impedancia: 8 ohms, sensibilidad: 110 dB, rango de frecuencias: 600 - 20,000 Hz, bobina m\u00f3vil de 2.9\u201d pulgadas, membrana: c\u00fapula de titanio con suspensi\u00f3n de poli\u00e9ster, montaje: 4 agujeros roscados de M6 a 90\u00b0 con un di\u00e1metro entre ejes de 101.6 mm (4\u201d pulgadas), elementos de montaje y sujeci\u00f3n incluidos, peso: 7.05 kg, im\u00e1n de ferrita.\",\"breadcrumb\":{\"@id\":\"https:\\\/\\\/www.mexicanguitarplayers.com\\\/tienda\\\/sin categor\u00eda\\\/driver-beyma-2-mod-cp-750ti\\\/#breadcrumb\"},\"inLanguage\":\"en-US\",\"potentialAction\":[{\"@type\":\"ReadAction\",\"target\":[\"https:\\\/\\\/www.mexicanguitarplayers.com\\\/tienda\\\/sin categor\u00eda\\\/driver-beyma-2-mod-cp-750ti\\\/\"]}]},{\"@type\":\"ImageObject\",\"inLanguage\":\"en-US\",\"@id\":\"https:\\\/\\\/www.mexicanguitarplayers.com\\\/tienda\\\/sin categor\u00eda\\\/driver-beyma-2-mod-cp-750ti\\\/#primaryimage\",\"url\":\"https:\\\/\\\/www.mexicanguitarplayers.com\\\/wp-content\\\/uploads\\\/2025\\\/04\\\/IABEYCP750TI8.jpg\",\"contentUrl\":\"https:\\\/\\\/www.mexicanguitarplayers.com\\\/wp-content\\\/uploads\\\/2025\\\/04\\\/IABEYCP750TI8.jpg\",\"width\":1200,\"height\":1200},{\"@type\":\"BreadcrumbList\",\"@id\":\"https:\\\/\\\/www.mexicanguitarplayers.com\\\/tienda\\\/sin categor\u00eda\\\/driver-beyma-2-mod-cp-750ti\\\/#breadcrumb\",\"itemListElement\":[{\"@type\":\"ListItem\",\"position\":1,\"name\":\"Portada\",\"item\":\"https:\\\/\\\/www.mexicanguitarplayers.com\\\/\"},{\"@type\":\"ListItem\",\"position\":2,\"name\":\"Tienda\",\"item\":\"https:\\\/\\\/www.mexicanguitarplayers.com\\\/tienda\\\/\"},{\"@type\":\"ListItem\",\"position\":3,\"name\":\"DRIVER BEYMA 2 MOD. CP-750TI\"}]},{\"@type\":\"WebSite\",\"@id\":\"https:\\\/\\\/www.mexicanguitarplayers.com\\\/#website\",\"url\":\"https:\\\/\\\/www.mexicanguitarplayers.com\\\/\",\"name\":\"Mexican Guitar Players\",\"description\":\"Website\",\"publisher\":{\"@id\":\"https:\\\/\\\/www.mexicanguitarplayers.com\\\/#organization\"},\"potentialAction\":[{\"@type\":\"SearchAction\",\"target\":{\"@type\":\"EntryPoint\",\"urlTemplate\":\"https:\\\/\\\/www.mexicanguitarplayers.com\\\/?s={search_term_string}\"},\"query-input\":{\"@type\":\"PropertyValueSpecification\",\"valueRequired\":true,\"valueName\":\"search_term_string\"}}],\"inLanguage\":\"en-US\"},{\"@type\":\"Organization\",\"@id\":\"https:\\\/\\\/www.mexicanguitarplayers.com\\\/#organization\",\"name\":\"Mexican Guitar Players\",\"url\":\"https:\\\/\\\/www.mexicanguitarplayers.com\\\/\",\"logo\":{\"@type\":\"ImageObject\",\"inLanguage\":\"en-US\",\"@id\":\"https:\\\/\\\/www.mexicanguitarplayers.com\\\/#\\\/schema\\\/logo\\\/image\\\/\",\"url\":\"\",\"contentUrl\":\"\",\"caption\":\"Mexican Guitar Players\"},\"image\":{\"@id\":\"https:\\\/\\\/www.mexicanguitarplayers.com\\\/#\\\/schema\\\/logo\\\/image\\\/\"}}]}<\/script>\n<!-- \/ Yoast SEO plugin. -->","yoast_head_json":{"title":"DRIVER BEYMA  2   MOD. CP-750TI - Mexican Guitar Players","description":"Driver de compresi\u00f3n de 2\u201d pulgadas, potencia AES de 70 watts y potencia programa de 140 watts, impedancia: 8 ohms, sensibilidad: 110 dB, rango de frecuencias: 600 - 20,000 Hz, bobina m\u00f3vil de 2.9\u201d pulgadas, membrana: c\u00fapula de titanio con suspensi\u00f3n de poli\u00e9ster, montaje: 4 agujeros roscados de M6 a 90\u00b0 con un di\u00e1metro entre ejes de 101.6 mm (4\u201d pulgadas), elementos de montaje y sujeci\u00f3n incluidos, peso: 7.05 kg, im\u00e1n de ferrita.","robots":{"index":"index","follow":"follow","max-snippet":"max-snippet:-1","max-image-preview":"max-image-preview:large","max-video-preview":"max-video-preview:-1"},"canonical":"https:\/\/www.mexicanguitarplayers.com\/en\/tienda\/sin categor\u00eda\/driver-beyma-2-mod-cp-750ti\/","og_locale":"en_US","og_type":"article","og_title":"DRIVER BEYMA  2   MOD. CP-750TI - Mexican Guitar Players","og_description":"Driver de compresi\u00f3n de 2\u201d pulgadas, potencia AES de 70 watts y potencia programa de 140 watts, impedancia: 8 ohms, sensibilidad: 110 dB, rango de frecuencias: 600 - 20,000 Hz, bobina m\u00f3vil de 2.9\u201d pulgadas, membrana: c\u00fapula de titanio con suspensi\u00f3n de poli\u00e9ster, montaje: 4 agujeros roscados de M6 a 90\u00b0 con un di\u00e1metro entre ejes de 101.6 mm (4\u201d pulgadas), elementos de montaje y sujeci\u00f3n incluidos, peso: 7.05 kg, im\u00e1n de ferrita.","og_url":"https:\/\/www.mexicanguitarplayers.com\/en\/tienda\/sin categor\u00eda\/driver-beyma-2-mod-cp-750ti\/","og_site_name":"Mexican Guitar Players","article_modified_time":"2026-01-21T13:15:07+00:00","twitter_card":"summary_large_image","twitter_misc":{"Est. reading time":"1 minute"},"schema":{"@context":"https:\/\/schema.org","@graph":[{"@type":["WebPage","ItemPage"],"@id":"https:\/\/www.mexicanguitarplayers.com\/tienda\/sin categor\u00eda\/driver-beyma-2-mod-cp-750ti\/","url":"https:\/\/www.mexicanguitarplayers.com\/tienda\/sin categor\u00eda\/driver-beyma-2-mod-cp-750ti\/","name":"DRIVER BEYMA 2 MOD. CP-750TI - Mexican Guitar Players","isPartOf":{"@id":"https:\/\/www.mexicanguitarplayers.com\/#website"},"primaryImageOfPage":{"@id":"https:\/\/www.mexicanguitarplayers.com\/tienda\/sin categor\u00eda\/driver-beyma-2-mod-cp-750ti\/#primaryimage"},"image":{"@id":"https:\/\/www.mexicanguitarplayers.com\/tienda\/sin categor\u00eda\/driver-beyma-2-mod-cp-750ti\/#primaryimage"},"thumbnailUrl":"https:\/\/www.mexicanguitarplayers.com\/wp-content\/uploads\/2025\/04\/IABEYCP750TI8.jpg","datePublished":"2025-04-09T15:23:58+00:00","dateModified":"2026-01-21T13:15:07+00:00","description":"Driver de compresi\u00f3n de 2\u201d pulgadas, potencia AES de 70 watts y potencia programa de 140 watts, impedancia: 8 ohms, sensibilidad: 110 dB, rango de frecuencias: 600 - 20,000 Hz, bobina m\u00f3vil de 2.9\u201d pulgadas, membrana: c\u00fapula de titanio con suspensi\u00f3n de poli\u00e9ster, montaje: 4 agujeros roscados de M6 a 90\u00b0 con un di\u00e1metro entre ejes de 101.6 mm (4\u201d pulgadas), elementos de montaje y sujeci\u00f3n incluidos, peso: 7.05 kg, im\u00e1n de ferrita.","breadcrumb":{"@id":"https:\/\/www.mexicanguitarplayers.com\/tienda\/sin categor\u00eda\/driver-beyma-2-mod-cp-750ti\/#breadcrumb"},"inLanguage":"en-US","potentialAction":[{"@type":"ReadAction","target":["https:\/\/www.mexicanguitarplayers.com\/tienda\/sin categor\u00eda\/driver-beyma-2-mod-cp-750ti\/"]}]},{"@type":"ImageObject","inLanguage":"en-US","@id":"https:\/\/www.mexicanguitarplayers.com\/tienda\/sin categor\u00eda\/driver-beyma-2-mod-cp-750ti\/#primaryimage","url":"https:\/\/www.mexicanguitarplayers.com\/wp-content\/uploads\/2025\/04\/IABEYCP750TI8.jpg","contentUrl":"https:\/\/www.mexicanguitarplayers.com\/wp-content\/uploads\/2025\/04\/IABEYCP750TI8.jpg","width":1200,"height":1200},{"@type":"BreadcrumbList","@id":"https:\/\/www.mexicanguitarplayers.com\/tienda\/sin categor\u00eda\/driver-beyma-2-mod-cp-750ti\/#breadcrumb","itemListElement":[{"@type":"ListItem","position":1,"name":"Portada","item":"https:\/\/www.mexicanguitarplayers.com\/"},{"@type":"ListItem","position":2,"name":"Tienda","item":"https:\/\/www.mexicanguitarplayers.com\/tienda\/"},{"@type":"ListItem","position":3,"name":"DRIVER BEYMA 2 MOD. CP-750TI"}]},{"@type":"WebSite","@id":"https:\/\/www.mexicanguitarplayers.com\/#website","url":"https:\/\/www.mexicanguitarplayers.com\/","name":"Mexican Guitar Players","description":"Website","publisher":{"@id":"https:\/\/www.mexicanguitarplayers.com\/#organization"},"potentialAction":[{"@type":"SearchAction","target":{"@type":"EntryPoint","urlTemplate":"https:\/\/www.mexicanguitarplayers.com\/?s={search_term_string}"},"query-input":{"@type":"PropertyValueSpecification","valueRequired":true,"valueName":"search_term_string"}}],"inLanguage":"en-US"},{"@type":"Organization","@id":"https:\/\/www.mexicanguitarplayers.com\/#organization","name":"Mexican Guitar Players","url":"https:\/\/www.mexicanguitarplayers.com\/","logo":{"@type":"ImageObject","inLanguage":"en-US","@id":"https:\/\/www.mexicanguitarplayers.com\/#\/schema\/logo\/image\/","url":"","contentUrl":"","caption":"Mexican Guitar Players"},"image":{"@id":"https:\/\/www.mexicanguitarplayers.com\/#\/schema\/logo\/image\/"}}]}},"brands":[{"id":477,"name":"BEYMA","slug":"beyma"}],"_links":{"self":[{"href":"https:\/\/www.mexicanguitarplayers.com\/en\/wp-json\/wp\/v2\/product\/42680","targetHints":{"allow":["GET"]}}],"collection":[{"href":"https:\/\/www.mexicanguitarplayers.com\/en\/wp-json\/wp\/v2\/product"}],"about":[{"href":"https:\/\/www.mexicanguitarplayers.com\/en\/wp-json\/wp\/v2\/types\/product"}],"replies":[{"embeddable":true,"href":"https:\/\/www.mexicanguitarplayers.com\/en\/wp-json\/wp\/v2\/comments?post=42680"}],"wp:featuredmedia":[{"embeddable":true,"href":"https:\/\/www.mexicanguitarplayers.com\/en\/wp-json\/wp\/v2\/media\/42676"}],"wp:attachment":[{"href":"https:\/\/www.mexicanguitarplayers.com\/en\/wp-json\/wp\/v2\/media?parent=42680"}],"wp:term":[{"taxonomy":"pwb-brand","embeddable":true,"href":"https:\/\/www.mexicanguitarplayers.com\/en\/wp-json\/wp\/v2\/pwb-brand?post=42680"},{"taxonomy":"product_brand","embeddable":true,"href":"https:\/\/www.mexicanguitarplayers.com\/en\/wp-json\/wp\/v2\/product_brand?post=42680"},{"taxonomy":"product_cat","embeddable":true,"href":"https:\/\/www.mexicanguitarplayers.com\/en\/wp-json\/wp\/v2\/product_cat?post=42680"},{"taxonomy":"product_tag","embeddable":true,"href":"https:\/\/www.mexicanguitarplayers.com\/en\/wp-json\/wp\/v2\/product_tag?post=42680"}],"curies":[{"name":"wp","href":"https:\/\/api.w.org\/{rel}","templated":true}]}}