{"id":42686,"date":"2025-04-09T09:24:08","date_gmt":"2025-04-09T15:24:08","guid":{"rendered":"https:\/\/www.mexicanguitarplayers.com\/tienda\/sin categor\u00eda\/pedal-nux-loop-core-stereo\/"},"modified":"2026-04-29T19:15:02","modified_gmt":"2026-04-30T01:15:02","slug":"pedal-nux-loop-core-stereo","status":"publish","type":"product","link":"https:\/\/www.mexicanguitarplayers.com\/en\/tienda\/accesorios\/para-guitarras\/pedales-conmutacion\/pedal-nux-loop-core-stereo\/","title":{"rendered":"PEDAL NUX LOOP CORE STEREO"},"content":{"rendered":"<div style=\"text-align: justify\">\n<div>\n<h3>PEDAL NUX LOOP CORE STEREO<\/h3>\n<\/div>\n<div>Cubrimos todos los conceptos b\u00e1sicos de un Looper que te permite grabar y reproducir m\u00faltiples capas, Con  40 patrones de bater\u00eda incorporados  y  99 memorias de usuario personal. Graba y sobregraba tantas capas como necesites y crea una interpretaci\u00f3n impresionante.<\/div>\n<div>\n<h4>Characteristics<\/h4>\n<\/div>\n<div>\n<ul style=\"margin: 0px 0px 0px 25px\">\n<li style=\"list-style-type: circle;margin: 5px\">Sampling rate<\/li>\n<li style=\"list-style-type: circle;margin: 5px\">Convertidor A\/D<\/li>\n<li style=\"list-style-type: circle;margin: 5px\">Procesamiento de la se\u00f1al<\/li>\n<li style=\"list-style-type: circle;margin: 5px\">Respuesta frecuente<\/li>\n<li style=\"list-style-type: circle;margin: 5px\">Input impedance<\/li>\n<li style=\"list-style-type: circle;margin: 5px\">Impedancia de entrada auxiliar<\/li>\n<li style=\"list-style-type: circle;margin: 5px\">Impedancia de SALIDA<\/li>\n<li style=\"list-style-type: circle;margin: 5px\">Sample<\/li>\n<li style=\"list-style-type: circle;margin: 5px\">Fuerza<\/li>\n<li style=\"list-style-type: circle;margin: 5px\">Dimensions<\/li>\n<li style=\"list-style-type: circle;margin: 5px\">Weight<\/li>\n<\/ul>\n<\/div>\n<\/div>","protected":false},"excerpt":{"rendered":"<p>Pedal Nux Loop Core Stereo, obtienes un total de  6 horas de grabaci\u00f3n, patrones de bater\u00eda incorporados con TAP TEMPO. Cambie el tempo de reproducci\u00f3n  de sus frases grabadas sin cambiar la clave. Cambio de frases sin latencia, pedal extensible (opcional) para mayor control.&hellip; <a class=\"kt-excerpt-readmore more-link\" href=\"https:\/\/www.mexicanguitarplayers.com\/en\/tienda\/accesorios\/para-guitarras\/pedales-conmutacion\/pedal-nux-loop-core-stereo\/\">Read more<\/a><\/p>","protected":false},"featured_media":42681,"comment_status":"open","ping_status":"closed","template":"","meta":{"kt_blocks_editor_width":""},"pwb-brand":[177],"product_brand":[],"product_cat":[85,336,503],"product_tag":[],"class_list":{"0":"post-42686","1":"product","2":"type-product","3":"status-publish","4":"has-post-thumbnail","6":"pwb-brand-nux","7":"product_cat-accesorios","8":"product_cat-para-guitarras","9":"product_cat-pedales-conmutacion","10":"product_shipping_class-0-5-kg","12":"first","13":"outofstock","14":"taxable","15":"shipping-taxable","16":"purchasable","17":"product-type-simple"},"yoast_head":"<!-- This site is optimized with the Yoast SEO plugin v27.5 - https:\/\/yoast.com\/product\/yoast-seo-wordpress\/ -->\n<title>PEDAL NUX LOOP CORE STEREO - Mexican Guitar Players<\/title>\n<meta name=\"description\" content=\"Pedal Nux Loop Core Stereo, obtienes un total de 6 horas de grabaci\u00f3n, patrones de bater\u00eda incorporados con TAP TEMPO. Cambie el tempo de reproducci\u00f3n de sus frases grabadas sin cambiar la clave. Cambio de frases sin latencia, pedal extensible (opcional) para mayor control.\" \/>\n<meta name=\"robots\" content=\"index, follow, max-snippet:-1, max-image-preview:large, max-video-preview:-1\" \/>\n<link rel=\"canonical\" href=\"https:\/\/www.mexicanguitarplayers.com\/en\/tienda\/sin%20categor\u00eda\/pedal-nux-loop-core-stereo\/\" \/>\n<meta property=\"og:locale\" content=\"en_US\" \/>\n<meta property=\"og:type\" content=\"article\" \/>\n<meta property=\"og:title\" content=\"PEDAL NUX LOOP CORE STEREO - Mexican Guitar Players\" \/>\n<meta property=\"og:description\" content=\"Pedal Nux Loop Core Stereo, obtienes un total de 6 horas de grabaci\u00f3n, patrones de bater\u00eda incorporados con TAP TEMPO. Cambie el tempo de reproducci\u00f3n de sus frases grabadas sin cambiar la clave. Cambio de frases sin latencia, pedal extensible (opcional) para mayor control.\" \/>\n<meta property=\"og:url\" content=\"https:\/\/www.mexicanguitarplayers.com\/en\/tienda\/sin categor\u00eda\/pedal-nux-loop-core-stereo\/\" \/>\n<meta property=\"og:site_name\" content=\"Mexican Guitar Players\" \/>\n<meta property=\"article:modified_time\" content=\"2026-04-30T01:15:02+00:00\" \/>\n<meta name=\"twitter:card\" content=\"summary_large_image\" \/>\n<script type=\"application\/ld+json\" class=\"yoast-schema-graph\">{\"@context\":\"https:\\\/\\\/schema.org\",\"@graph\":[{\"@type\":[\"WebPage\",\"ItemPage\"],\"@id\":\"https:\\\/\\\/www.mexicanguitarplayers.com\\\/tienda\\\/sin categor\u00eda\\\/pedal-nux-loop-core-stereo\\\/\",\"url\":\"https:\\\/\\\/www.mexicanguitarplayers.com\\\/tienda\\\/sin categor\u00eda\\\/pedal-nux-loop-core-stereo\\\/\",\"name\":\"PEDAL NUX LOOP CORE STEREO - Mexican Guitar Players\",\"isPartOf\":{\"@id\":\"https:\\\/\\\/www.mexicanguitarplayers.com\\\/#website\"},\"primaryImageOfPage\":{\"@id\":\"https:\\\/\\\/www.mexicanguitarplayers.com\\\/tienda\\\/sin categor\u00eda\\\/pedal-nux-loop-core-stereo\\\/#primaryimage\"},\"image\":{\"@id\":\"https:\\\/\\\/www.mexicanguitarplayers.com\\\/tienda\\\/sin categor\u00eda\\\/pedal-nux-loop-core-stereo\\\/#primaryimage\"},\"thumbnailUrl\":\"https:\\\/\\\/www.mexicanguitarplayers.com\\\/wp-content\\\/uploads\\\/2025\\\/04\\\/VANUXLOOPCORES.jpg\",\"datePublished\":\"2025-04-09T15:24:08+00:00\",\"dateModified\":\"2026-04-30T01:15:02+00:00\",\"description\":\"Pedal Nux Loop Core Stereo, obtienes un total de 6 horas de grabaci\u00f3n, patrones de bater\u00eda incorporados con TAP TEMPO. Cambie el tempo de reproducci\u00f3n de sus frases grabadas sin cambiar la clave. Cambio de frases sin latencia, pedal extensible (opcional) para mayor control.\",\"breadcrumb\":{\"@id\":\"https:\\\/\\\/www.mexicanguitarplayers.com\\\/tienda\\\/sin categor\u00eda\\\/pedal-nux-loop-core-stereo\\\/#breadcrumb\"},\"inLanguage\":\"en-US\",\"potentialAction\":[{\"@type\":\"ReadAction\",\"target\":[\"https:\\\/\\\/www.mexicanguitarplayers.com\\\/tienda\\\/sin categor\u00eda\\\/pedal-nux-loop-core-stereo\\\/\"]}]},{\"@type\":\"ImageObject\",\"inLanguage\":\"en-US\",\"@id\":\"https:\\\/\\\/www.mexicanguitarplayers.com\\\/tienda\\\/sin categor\u00eda\\\/pedal-nux-loop-core-stereo\\\/#primaryimage\",\"url\":\"https:\\\/\\\/www.mexicanguitarplayers.com\\\/wp-content\\\/uploads\\\/2025\\\/04\\\/VANUXLOOPCORES.jpg\",\"contentUrl\":\"https:\\\/\\\/www.mexicanguitarplayers.com\\\/wp-content\\\/uploads\\\/2025\\\/04\\\/VANUXLOOPCORES.jpg\",\"width\":1200,\"height\":1200},{\"@type\":\"BreadcrumbList\",\"@id\":\"https:\\\/\\\/www.mexicanguitarplayers.com\\\/tienda\\\/sin categor\u00eda\\\/pedal-nux-loop-core-stereo\\\/#breadcrumb\",\"itemListElement\":[{\"@type\":\"ListItem\",\"position\":1,\"name\":\"Portada\",\"item\":\"https:\\\/\\\/www.mexicanguitarplayers.com\\\/\"},{\"@type\":\"ListItem\",\"position\":2,\"name\":\"Tienda\",\"item\":\"https:\\\/\\\/www.mexicanguitarplayers.com\\\/tienda\\\/\"},{\"@type\":\"ListItem\",\"position\":3,\"name\":\"PEDAL NUX LOOP CORE STEREO\"}]},{\"@type\":\"WebSite\",\"@id\":\"https:\\\/\\\/www.mexicanguitarplayers.com\\\/#website\",\"url\":\"https:\\\/\\\/www.mexicanguitarplayers.com\\\/\",\"name\":\"Mexican Guitar Players\",\"description\":\"Website\",\"publisher\":{\"@id\":\"https:\\\/\\\/www.mexicanguitarplayers.com\\\/#organization\"},\"potentialAction\":[{\"@type\":\"SearchAction\",\"target\":{\"@type\":\"EntryPoint\",\"urlTemplate\":\"https:\\\/\\\/www.mexicanguitarplayers.com\\\/?s={search_term_string}\"},\"query-input\":{\"@type\":\"PropertyValueSpecification\",\"valueRequired\":true,\"valueName\":\"search_term_string\"}}],\"inLanguage\":\"en-US\"},{\"@type\":\"Organization\",\"@id\":\"https:\\\/\\\/www.mexicanguitarplayers.com\\\/#organization\",\"name\":\"Mexican Guitar Players\",\"url\":\"https:\\\/\\\/www.mexicanguitarplayers.com\\\/\",\"logo\":{\"@type\":\"ImageObject\",\"inLanguage\":\"en-US\",\"@id\":\"https:\\\/\\\/www.mexicanguitarplayers.com\\\/#\\\/schema\\\/logo\\\/image\\\/\",\"url\":\"\",\"contentUrl\":\"\",\"caption\":\"Mexican Guitar Players\"},\"image\":{\"@id\":\"https:\\\/\\\/www.mexicanguitarplayers.com\\\/#\\\/schema\\\/logo\\\/image\\\/\"}}]}<\/script>\n<!-- \/ Yoast SEO plugin. -->","yoast_head_json":{"title":"PEDAL NUX LOOP CORE STEREO - Mexican Guitar Players","description":"Pedal Nux Loop Core Stereo, obtienes un total de 6 horas de grabaci\u00f3n, patrones de bater\u00eda incorporados con TAP TEMPO. Cambie el tempo de reproducci\u00f3n de sus frases grabadas sin cambiar la clave. Cambio de frases sin latencia, pedal extensible (opcional) para mayor control.","robots":{"index":"index","follow":"follow","max-snippet":"max-snippet:-1","max-image-preview":"max-image-preview:large","max-video-preview":"max-video-preview:-1"},"canonical":"https:\/\/www.mexicanguitarplayers.com\/en\/tienda\/sin categor\u00eda\/pedal-nux-loop-core-stereo\/","og_locale":"en_US","og_type":"article","og_title":"PEDAL NUX LOOP CORE STEREO - Mexican Guitar Players","og_description":"Pedal Nux Loop Core Stereo, obtienes un total de 6 horas de grabaci\u00f3n, patrones de bater\u00eda incorporados con TAP TEMPO. Cambie el tempo de reproducci\u00f3n de sus frases grabadas sin cambiar la clave. Cambio de frases sin latencia, pedal extensible (opcional) para mayor control.","og_url":"https:\/\/www.mexicanguitarplayers.com\/en\/tienda\/sin categor\u00eda\/pedal-nux-loop-core-stereo\/","og_site_name":"Mexican Guitar Players","article_modified_time":"2026-04-30T01:15:02+00:00","twitter_card":"summary_large_image","schema":{"@context":"https:\/\/schema.org","@graph":[{"@type":["WebPage","ItemPage"],"@id":"https:\/\/www.mexicanguitarplayers.com\/tienda\/sin categor\u00eda\/pedal-nux-loop-core-stereo\/","url":"https:\/\/www.mexicanguitarplayers.com\/tienda\/sin categor\u00eda\/pedal-nux-loop-core-stereo\/","name":"PEDAL NUX LOOP CORE STEREO - Mexican Guitar Players","isPartOf":{"@id":"https:\/\/www.mexicanguitarplayers.com\/#website"},"primaryImageOfPage":{"@id":"https:\/\/www.mexicanguitarplayers.com\/tienda\/sin categor\u00eda\/pedal-nux-loop-core-stereo\/#primaryimage"},"image":{"@id":"https:\/\/www.mexicanguitarplayers.com\/tienda\/sin categor\u00eda\/pedal-nux-loop-core-stereo\/#primaryimage"},"thumbnailUrl":"https:\/\/www.mexicanguitarplayers.com\/wp-content\/uploads\/2025\/04\/VANUXLOOPCORES.jpg","datePublished":"2025-04-09T15:24:08+00:00","dateModified":"2026-04-30T01:15:02+00:00","description":"Pedal Nux Loop Core Stereo, obtienes un total de 6 horas de grabaci\u00f3n, patrones de bater\u00eda incorporados con TAP TEMPO. Cambie el tempo de reproducci\u00f3n de sus frases grabadas sin cambiar la clave. Cambio de frases sin latencia, pedal extensible (opcional) para mayor control.","breadcrumb":{"@id":"https:\/\/www.mexicanguitarplayers.com\/tienda\/sin categor\u00eda\/pedal-nux-loop-core-stereo\/#breadcrumb"},"inLanguage":"en-US","potentialAction":[{"@type":"ReadAction","target":["https:\/\/www.mexicanguitarplayers.com\/tienda\/sin categor\u00eda\/pedal-nux-loop-core-stereo\/"]}]},{"@type":"ImageObject","inLanguage":"en-US","@id":"https:\/\/www.mexicanguitarplayers.com\/tienda\/sin categor\u00eda\/pedal-nux-loop-core-stereo\/#primaryimage","url":"https:\/\/www.mexicanguitarplayers.com\/wp-content\/uploads\/2025\/04\/VANUXLOOPCORES.jpg","contentUrl":"https:\/\/www.mexicanguitarplayers.com\/wp-content\/uploads\/2025\/04\/VANUXLOOPCORES.jpg","width":1200,"height":1200},{"@type":"BreadcrumbList","@id":"https:\/\/www.mexicanguitarplayers.com\/tienda\/sin categor\u00eda\/pedal-nux-loop-core-stereo\/#breadcrumb","itemListElement":[{"@type":"ListItem","position":1,"name":"Portada","item":"https:\/\/www.mexicanguitarplayers.com\/"},{"@type":"ListItem","position":2,"name":"Tienda","item":"https:\/\/www.mexicanguitarplayers.com\/tienda\/"},{"@type":"ListItem","position":3,"name":"PEDAL NUX LOOP CORE STEREO"}]},{"@type":"WebSite","@id":"https:\/\/www.mexicanguitarplayers.com\/#website","url":"https:\/\/www.mexicanguitarplayers.com\/","name":"Mexican Guitar Players","description":"Website","publisher":{"@id":"https:\/\/www.mexicanguitarplayers.com\/#organization"},"potentialAction":[{"@type":"SearchAction","target":{"@type":"EntryPoint","urlTemplate":"https:\/\/www.mexicanguitarplayers.com\/?s={search_term_string}"},"query-input":{"@type":"PropertyValueSpecification","valueRequired":true,"valueName":"search_term_string"}}],"inLanguage":"en-US"},{"@type":"Organization","@id":"https:\/\/www.mexicanguitarplayers.com\/#organization","name":"Mexican Guitar Players","url":"https:\/\/www.mexicanguitarplayers.com\/","logo":{"@type":"ImageObject","inLanguage":"en-US","@id":"https:\/\/www.mexicanguitarplayers.com\/#\/schema\/logo\/image\/","url":"","contentUrl":"","caption":"Mexican Guitar Players"},"image":{"@id":"https:\/\/www.mexicanguitarplayers.com\/#\/schema\/logo\/image\/"}}]}},"brands":[{"id":177,"name":"NUX","slug":"nux"}],"_links":{"self":[{"href":"https:\/\/www.mexicanguitarplayers.com\/en\/wp-json\/wp\/v2\/product\/42686","targetHints":{"allow":["GET"]}}],"collection":[{"href":"https:\/\/www.mexicanguitarplayers.com\/en\/wp-json\/wp\/v2\/product"}],"about":[{"href":"https:\/\/www.mexicanguitarplayers.com\/en\/wp-json\/wp\/v2\/types\/product"}],"replies":[{"embeddable":true,"href":"https:\/\/www.mexicanguitarplayers.com\/en\/wp-json\/wp\/v2\/comments?post=42686"}],"wp:featuredmedia":[{"embeddable":true,"href":"https:\/\/www.mexicanguitarplayers.com\/en\/wp-json\/wp\/v2\/media\/42681"}],"wp:attachment":[{"href":"https:\/\/www.mexicanguitarplayers.com\/en\/wp-json\/wp\/v2\/media?parent=42686"}],"wp:term":[{"taxonomy":"pwb-brand","embeddable":true,"href":"https:\/\/www.mexicanguitarplayers.com\/en\/wp-json\/wp\/v2\/pwb-brand?post=42686"},{"taxonomy":"product_brand","embeddable":true,"href":"https:\/\/www.mexicanguitarplayers.com\/en\/wp-json\/wp\/v2\/product_brand?post=42686"},{"taxonomy":"product_cat","embeddable":true,"href":"https:\/\/www.mexicanguitarplayers.com\/en\/wp-json\/wp\/v2\/product_cat?post=42686"},{"taxonomy":"product_tag","embeddable":true,"href":"https:\/\/www.mexicanguitarplayers.com\/en\/wp-json\/wp\/v2\/product_tag?post=42686"}],"curies":[{"name":"wp","href":"https:\/\/api.w.org\/{rel}","templated":true}]}}