{"id":42699,"date":"2025-04-09T09:24:27","date_gmt":"2025-04-09T15:24:27","guid":{"rendered":"https:\/\/www.mexicanguitarplayers.com\/tienda\/sin categor\u00eda\/combo-blackstar-p-guitarra-idcore-20\/"},"modified":"2026-04-10T04:16:13","modified_gmt":"2026-04-10T10:16:13","slug":"combo-blackstar-p-guitarra-idcore-20","status":"publish","type":"product","link":"https:\/\/www.mexicanguitarplayers.com\/en\/tienda\/cuerdas\/combos\/combos-para-guitarra\/combo-blackstar-p-guitarra-idcore-20\/","title":{"rendered":"COMBO BLACKSTAR P\/GUITARRA ID:CORE-20"},"content":{"rendered":"<div style=\"text-align: justify\">\n<div>\n<h3>Tu sonido es lo m\u00e1s importante.<\/h3>\n<\/div>\n<div>Los combos de la serie ID:CORE son la culminaci\u00f3n de la investigaci\u00f3n t\u00e9cnica de m\u00e1s de siete a\u00f1os de desarrollo. Estos combos tienen un panel de control intuitivo como el de un amplificador tradicional, pero tienen la versatilidad de ser programables. Son est\u00e9reo y cuentan con seis configuraciones diferentes &#8211; Clean Warm, Clean brillantes, Crunch,  Super Crunch, OD 1 y OD 2. Cuando se utiliza junto con el control ISF patentado, el usuario puede conseguir el tono exacto que est\u00e1 pensando. Cuenta con una secci\u00f3n de efectos con modulaci\u00f3n, delay y reverb. La edici\u00f3n y el almacenamiento de programas, es muy sencilla cuando se utiliza el software INSIDER de Blackstar. Los programas se pueden compartir, cargar y descargar a trav\u00e9s de la comunidad en l\u00ednea.  La conectividad USB tambi\u00e9n permite grabar desde el amplificador directamente a la computadora. Cuenta con una salida emulada y una entrada de MP3.<\/div>\n<div>\n<h4>Quick look<\/h4>\n<\/div>\n<ul style=\"margin: 0px 0px 0px 25px\">\n<li style=\"list-style-type: circle;margin: 5px\">12 efectos.<\/li>\n<li style=\"list-style-type: circle;margin: 5px\">Eq con ISF patentado.<\/li>\n<li style=\"list-style-type: circle;margin: 5px\">Selecci\u00f3n de 6 canales cl\u00e1sicos.<\/li>\n<\/ul>\n<div>\n<div style=\"font-weight: bold\">12 efectos.<\/div>\n<div>\n<p>Cuenta con 12 efectos de estudio: 4 de modulaci\u00f3n, 4 de delay y 4 reverbs, especialmente dise\u00f1ados para guitarra y entregados en Super Wide Stereo.<\/p>\n<\/div>\n<div style=\"font-weight: bold\">Eq con ISF patentado.<\/div>\n<div>\n<p>Pasa de un sonido americano a uno brit\u00e1nico con solo girar la perilla.<\/p>\n<\/div>\n<div style=\"font-weight: bold\">Selecci\u00f3n de 6 canales cl\u00e1sicos.<\/div>\n<div>\n<p>Gran versatilidad sonora<\/p>\n<\/div>\n<\/div>\n<div>\n<h4>Characteristics<\/h4>\n<\/div>\n<div>\n<ul style=\"margin: 0px 0px 0px 25px\">\n<li style=\"list-style-type: circle;margin: 5px\">Entrada de l\u00ednea\/MP3.<\/li>\n<li style=\"list-style-type: circle;margin: 5px\">Conectividad USB.<\/li>\n<li style=\"list-style-type: circle;margin: 5px\">Speaker emulation output.<\/li>\n<li style=\"list-style-type: circle;margin: 5px\">Software INSIDER gratuito.<\/li>\n<li style=\"list-style-type: circle;margin: 5px\">Combo programable.<\/li>\n<li style=\"list-style-type: circle;margin: 5px\">Potencia: 2x10W.<\/li>\n<li style=\"list-style-type: circle;margin: 5px\">Configuraci\u00f3n de altavoces est\u00e9reo.<\/li>\n<li style=\"list-style-type: circle;margin: 5px\">Alimentaci\u00f3n por PSU separado (incluido).<\/li>\n<\/ul>\n<\/div>\n<\/div>","protected":false},"excerpt":{"rendered":"<p>Combo programable para guitarra, potencia de 2&#215;10 watts, Super Wide Est\u00e9reo, ecualizador con circuito ISF, 12 efectos est\u00e9reo (4 modulaciones, 4 delays y 4 reverbs), voz (selecci\u00f3n entre 6 canales cl\u00e1sicos), almacena hasta 6 sonidos, software INSIDER gratuito, audio USB para grabaci\u00f3n profesional, entrada MP3\/Line est\u00e9reo, salida de emulaci\u00f3n de altavoz, configuraci\u00f3n de altavoces est\u00e9reo.&hellip; <a class=\"kt-excerpt-readmore more-link\" href=\"https:\/\/www.mexicanguitarplayers.com\/en\/tienda\/cuerdas\/combos\/combos-para-guitarra\/combo-blackstar-p-guitarra-idcore-20\/\">Read more<\/a><\/p>","protected":false},"featured_media":42696,"comment_status":"open","ping_status":"closed","template":"","meta":{"kt_blocks_editor_width":""},"pwb-brand":[172],"product_brand":[],"product_cat":[236,237,224],"product_tag":[],"class_list":{"0":"post-42699","1":"product","2":"type-product","3":"status-publish","4":"has-post-thumbnail","6":"pwb-brand-blackstar","7":"product_cat-combos","8":"product_cat-combos-para-guitarra","9":"product_cat-cuerdas","10":"product_shipping_class-5-10-kg","12":"first","13":"outofstock","14":"taxable","15":"shipping-taxable","16":"purchasable","17":"product-type-simple"},"yoast_head":"<!-- This site is optimized with the Yoast SEO plugin v27.6 - https:\/\/yoast.com\/product\/yoast-seo-wordpress\/ -->\n<title>COMBO BLACKSTAR P\/GUITARRA ID:CORE-20 - Mexican Guitar Players<\/title>\n<meta name=\"description\" content=\"Combo programable para guitarra, potencia de 2x10 watts, Super Wide Est\u00e9reo, ecualizador con circuito ISF, 12 efectos est\u00e9reo (4 modulaciones, 4 delays y 4 reverbs), voz (selecci\u00f3n entre 6 canales cl\u00e1sicos), almacena hasta 6 sonidos, software INSIDER gratuito, audio USB para grabaci\u00f3n profesional, entrada MP3\/Line est\u00e9reo, salida de emulaci\u00f3n de altavoz, configuraci\u00f3n de altavoces est\u00e9reo.\" \/>\n<meta name=\"robots\" content=\"index, follow, max-snippet:-1, max-image-preview:large, max-video-preview:-1\" \/>\n<link rel=\"canonical\" href=\"https:\/\/www.mexicanguitarplayers.com\/en\/tienda\/sin%20categor\u00eda\/combo-blackstar-p-guitarra-idcore-20\/\" \/>\n<meta property=\"og:locale\" content=\"en_US\" \/>\n<meta property=\"og:type\" content=\"article\" \/>\n<meta property=\"og:title\" content=\"COMBO BLACKSTAR P\/GUITARRA ID:CORE-20 - Mexican Guitar Players\" \/>\n<meta property=\"og:description\" content=\"Combo programable para guitarra, potencia de 2x10 watts, Super Wide Est\u00e9reo, ecualizador con circuito ISF, 12 efectos est\u00e9reo (4 modulaciones, 4 delays y 4 reverbs), voz (selecci\u00f3n entre 6 canales cl\u00e1sicos), almacena hasta 6 sonidos, software INSIDER gratuito, audio USB para grabaci\u00f3n profesional, entrada MP3\/Line est\u00e9reo, salida de emulaci\u00f3n de altavoz, configuraci\u00f3n de altavoces est\u00e9reo.\" \/>\n<meta property=\"og:url\" content=\"https:\/\/www.mexicanguitarplayers.com\/en\/tienda\/sin categor\u00eda\/combo-blackstar-p-guitarra-idcore-20\/\" \/>\n<meta property=\"og:site_name\" content=\"Mexican Guitar Players\" \/>\n<meta property=\"article:modified_time\" content=\"2026-04-10T10:16:13+00:00\" \/>\n<meta name=\"twitter:card\" content=\"summary_large_image\" \/>\n<meta name=\"twitter:label1\" content=\"Est. reading time\" \/>\n\t<meta name=\"twitter:data1\" content=\"1 minute\" \/>\n<script type=\"application\/ld+json\" class=\"yoast-schema-graph\">{\"@context\":\"https:\\\/\\\/schema.org\",\"@graph\":[{\"@type\":[\"WebPage\",\"ItemPage\"],\"@id\":\"https:\\\/\\\/www.mexicanguitarplayers.com\\\/tienda\\\/sin categor\u00eda\\\/combo-blackstar-p-guitarra-idcore-20\\\/\",\"url\":\"https:\\\/\\\/www.mexicanguitarplayers.com\\\/tienda\\\/sin categor\u00eda\\\/combo-blackstar-p-guitarra-idcore-20\\\/\",\"name\":\"COMBO BLACKSTAR P\\\/GUITARRA ID:CORE-20 - Mexican Guitar Players\",\"isPartOf\":{\"@id\":\"https:\\\/\\\/www.mexicanguitarplayers.com\\\/#website\"},\"primaryImageOfPage\":{\"@id\":\"https:\\\/\\\/www.mexicanguitarplayers.com\\\/tienda\\\/sin categor\u00eda\\\/combo-blackstar-p-guitarra-idcore-20\\\/#primaryimage\"},\"image\":{\"@id\":\"https:\\\/\\\/www.mexicanguitarplayers.com\\\/tienda\\\/sin categor\u00eda\\\/combo-blackstar-p-guitarra-idcore-20\\\/#primaryimage\"},\"thumbnailUrl\":\"https:\\\/\\\/www.mexicanguitarplayers.com\\\/wp-content\\\/uploads\\\/2025\\\/04\\\/ICBLSIDCORE20.jpg\",\"datePublished\":\"2025-04-09T15:24:27+00:00\",\"dateModified\":\"2026-04-10T10:16:13+00:00\",\"description\":\"Combo programable para guitarra, potencia de 2x10 watts, Super Wide Est\u00e9reo, ecualizador con circuito ISF, 12 efectos est\u00e9reo (4 modulaciones, 4 delays y 4 reverbs), voz (selecci\u00f3n entre 6 canales cl\u00e1sicos), almacena hasta 6 sonidos, software INSIDER gratuito, audio USB para grabaci\u00f3n profesional, entrada MP3\\\/Line est\u00e9reo, salida de emulaci\u00f3n de altavoz, configuraci\u00f3n de altavoces est\u00e9reo.\",\"breadcrumb\":{\"@id\":\"https:\\\/\\\/www.mexicanguitarplayers.com\\\/tienda\\\/sin categor\u00eda\\\/combo-blackstar-p-guitarra-idcore-20\\\/#breadcrumb\"},\"inLanguage\":\"en-US\",\"potentialAction\":[{\"@type\":\"ReadAction\",\"target\":[\"https:\\\/\\\/www.mexicanguitarplayers.com\\\/tienda\\\/sin categor\u00eda\\\/combo-blackstar-p-guitarra-idcore-20\\\/\"]}]},{\"@type\":\"ImageObject\",\"inLanguage\":\"en-US\",\"@id\":\"https:\\\/\\\/www.mexicanguitarplayers.com\\\/tienda\\\/sin categor\u00eda\\\/combo-blackstar-p-guitarra-idcore-20\\\/#primaryimage\",\"url\":\"https:\\\/\\\/www.mexicanguitarplayers.com\\\/wp-content\\\/uploads\\\/2025\\\/04\\\/ICBLSIDCORE20.jpg\",\"contentUrl\":\"https:\\\/\\\/www.mexicanguitarplayers.com\\\/wp-content\\\/uploads\\\/2025\\\/04\\\/ICBLSIDCORE20.jpg\",\"width\":1200,\"height\":1200},{\"@type\":\"BreadcrumbList\",\"@id\":\"https:\\\/\\\/www.mexicanguitarplayers.com\\\/tienda\\\/sin categor\u00eda\\\/combo-blackstar-p-guitarra-idcore-20\\\/#breadcrumb\",\"itemListElement\":[{\"@type\":\"ListItem\",\"position\":1,\"name\":\"Portada\",\"item\":\"https:\\\/\\\/www.mexicanguitarplayers.com\\\/\"},{\"@type\":\"ListItem\",\"position\":2,\"name\":\"Tienda\",\"item\":\"https:\\\/\\\/www.mexicanguitarplayers.com\\\/tienda\\\/\"},{\"@type\":\"ListItem\",\"position\":3,\"name\":\"COMBO BLACKSTAR P\\\/GUITARRA ID:CORE-20\"}]},{\"@type\":\"WebSite\",\"@id\":\"https:\\\/\\\/www.mexicanguitarplayers.com\\\/#website\",\"url\":\"https:\\\/\\\/www.mexicanguitarplayers.com\\\/\",\"name\":\"Mexican Guitar Players\",\"description\":\"Website\",\"publisher\":{\"@id\":\"https:\\\/\\\/www.mexicanguitarplayers.com\\\/#organization\"},\"potentialAction\":[{\"@type\":\"SearchAction\",\"target\":{\"@type\":\"EntryPoint\",\"urlTemplate\":\"https:\\\/\\\/www.mexicanguitarplayers.com\\\/?s={search_term_string}\"},\"query-input\":{\"@type\":\"PropertyValueSpecification\",\"valueRequired\":true,\"valueName\":\"search_term_string\"}}],\"inLanguage\":\"en-US\"},{\"@type\":\"Organization\",\"@id\":\"https:\\\/\\\/www.mexicanguitarplayers.com\\\/#organization\",\"name\":\"Mexican Guitar Players\",\"url\":\"https:\\\/\\\/www.mexicanguitarplayers.com\\\/\",\"logo\":{\"@type\":\"ImageObject\",\"inLanguage\":\"en-US\",\"@id\":\"https:\\\/\\\/www.mexicanguitarplayers.com\\\/#\\\/schema\\\/logo\\\/image\\\/\",\"url\":\"\",\"contentUrl\":\"\",\"caption\":\"Mexican Guitar Players\"},\"image\":{\"@id\":\"https:\\\/\\\/www.mexicanguitarplayers.com\\\/#\\\/schema\\\/logo\\\/image\\\/\"}}]}<\/script>\n<!-- \/ Yoast SEO plugin. -->","yoast_head_json":{"title":"COMBO BLACKSTAR P\/GUITARRA ID:CORE-20 - Mexican Guitar Players","description":"Combo programable para guitarra, potencia de 2x10 watts, Super Wide Est\u00e9reo, ecualizador con circuito ISF, 12 efectos est\u00e9reo (4 modulaciones, 4 delays y 4 reverbs), voz (selecci\u00f3n entre 6 canales cl\u00e1sicos), almacena hasta 6 sonidos, software INSIDER gratuito, audio USB para grabaci\u00f3n profesional, entrada MP3\/Line est\u00e9reo, salida de emulaci\u00f3n de altavoz, configuraci\u00f3n de altavoces est\u00e9reo.","robots":{"index":"index","follow":"follow","max-snippet":"max-snippet:-1","max-image-preview":"max-image-preview:large","max-video-preview":"max-video-preview:-1"},"canonical":"https:\/\/www.mexicanguitarplayers.com\/en\/tienda\/sin categor\u00eda\/combo-blackstar-p-guitarra-idcore-20\/","og_locale":"en_US","og_type":"article","og_title":"COMBO BLACKSTAR P\/GUITARRA ID:CORE-20 - Mexican Guitar Players","og_description":"Combo programable para guitarra, potencia de 2x10 watts, Super Wide Est\u00e9reo, ecualizador con circuito ISF, 12 efectos est\u00e9reo (4 modulaciones, 4 delays y 4 reverbs), voz (selecci\u00f3n entre 6 canales cl\u00e1sicos), almacena hasta 6 sonidos, software INSIDER gratuito, audio USB para grabaci\u00f3n profesional, entrada MP3\/Line est\u00e9reo, salida de emulaci\u00f3n de altavoz, configuraci\u00f3n de altavoces est\u00e9reo.","og_url":"https:\/\/www.mexicanguitarplayers.com\/en\/tienda\/sin categor\u00eda\/combo-blackstar-p-guitarra-idcore-20\/","og_site_name":"Mexican Guitar Players","article_modified_time":"2026-04-10T10:16:13+00:00","twitter_card":"summary_large_image","twitter_misc":{"Est. reading time":"1 minute"},"schema":{"@context":"https:\/\/schema.org","@graph":[{"@type":["WebPage","ItemPage"],"@id":"https:\/\/www.mexicanguitarplayers.com\/tienda\/sin categor\u00eda\/combo-blackstar-p-guitarra-idcore-20\/","url":"https:\/\/www.mexicanguitarplayers.com\/tienda\/sin categor\u00eda\/combo-blackstar-p-guitarra-idcore-20\/","name":"COMBO BLACKSTAR P\/GUITARRA ID:CORE-20 - Mexican Guitar Players","isPartOf":{"@id":"https:\/\/www.mexicanguitarplayers.com\/#website"},"primaryImageOfPage":{"@id":"https:\/\/www.mexicanguitarplayers.com\/tienda\/sin categor\u00eda\/combo-blackstar-p-guitarra-idcore-20\/#primaryimage"},"image":{"@id":"https:\/\/www.mexicanguitarplayers.com\/tienda\/sin categor\u00eda\/combo-blackstar-p-guitarra-idcore-20\/#primaryimage"},"thumbnailUrl":"https:\/\/www.mexicanguitarplayers.com\/wp-content\/uploads\/2025\/04\/ICBLSIDCORE20.jpg","datePublished":"2025-04-09T15:24:27+00:00","dateModified":"2026-04-10T10:16:13+00:00","description":"Combo programable para guitarra, potencia de 2x10 watts, Super Wide Est\u00e9reo, ecualizador con circuito ISF, 12 efectos est\u00e9reo (4 modulaciones, 4 delays y 4 reverbs), voz (selecci\u00f3n entre 6 canales cl\u00e1sicos), almacena hasta 6 sonidos, software INSIDER gratuito, audio USB para grabaci\u00f3n profesional, entrada MP3\/Line est\u00e9reo, salida de emulaci\u00f3n de altavoz, configuraci\u00f3n de altavoces est\u00e9reo.","breadcrumb":{"@id":"https:\/\/www.mexicanguitarplayers.com\/tienda\/sin categor\u00eda\/combo-blackstar-p-guitarra-idcore-20\/#breadcrumb"},"inLanguage":"en-US","potentialAction":[{"@type":"ReadAction","target":["https:\/\/www.mexicanguitarplayers.com\/tienda\/sin categor\u00eda\/combo-blackstar-p-guitarra-idcore-20\/"]}]},{"@type":"ImageObject","inLanguage":"en-US","@id":"https:\/\/www.mexicanguitarplayers.com\/tienda\/sin categor\u00eda\/combo-blackstar-p-guitarra-idcore-20\/#primaryimage","url":"https:\/\/www.mexicanguitarplayers.com\/wp-content\/uploads\/2025\/04\/ICBLSIDCORE20.jpg","contentUrl":"https:\/\/www.mexicanguitarplayers.com\/wp-content\/uploads\/2025\/04\/ICBLSIDCORE20.jpg","width":1200,"height":1200},{"@type":"BreadcrumbList","@id":"https:\/\/www.mexicanguitarplayers.com\/tienda\/sin categor\u00eda\/combo-blackstar-p-guitarra-idcore-20\/#breadcrumb","itemListElement":[{"@type":"ListItem","position":1,"name":"Portada","item":"https:\/\/www.mexicanguitarplayers.com\/"},{"@type":"ListItem","position":2,"name":"Tienda","item":"https:\/\/www.mexicanguitarplayers.com\/tienda\/"},{"@type":"ListItem","position":3,"name":"COMBO BLACKSTAR P\/GUITARRA ID:CORE-20"}]},{"@type":"WebSite","@id":"https:\/\/www.mexicanguitarplayers.com\/#website","url":"https:\/\/www.mexicanguitarplayers.com\/","name":"Mexican Guitar Players","description":"Website","publisher":{"@id":"https:\/\/www.mexicanguitarplayers.com\/#organization"},"potentialAction":[{"@type":"SearchAction","target":{"@type":"EntryPoint","urlTemplate":"https:\/\/www.mexicanguitarplayers.com\/?s={search_term_string}"},"query-input":{"@type":"PropertyValueSpecification","valueRequired":true,"valueName":"search_term_string"}}],"inLanguage":"en-US"},{"@type":"Organization","@id":"https:\/\/www.mexicanguitarplayers.com\/#organization","name":"Mexican Guitar Players","url":"https:\/\/www.mexicanguitarplayers.com\/","logo":{"@type":"ImageObject","inLanguage":"en-US","@id":"https:\/\/www.mexicanguitarplayers.com\/#\/schema\/logo\/image\/","url":"","contentUrl":"","caption":"Mexican Guitar Players"},"image":{"@id":"https:\/\/www.mexicanguitarplayers.com\/#\/schema\/logo\/image\/"}}]}},"brands":[{"id":172,"name":"BLACKSTAR","slug":"blackstar"}],"_links":{"self":[{"href":"https:\/\/www.mexicanguitarplayers.com\/en\/wp-json\/wp\/v2\/product\/42699","targetHints":{"allow":["GET"]}}],"collection":[{"href":"https:\/\/www.mexicanguitarplayers.com\/en\/wp-json\/wp\/v2\/product"}],"about":[{"href":"https:\/\/www.mexicanguitarplayers.com\/en\/wp-json\/wp\/v2\/types\/product"}],"replies":[{"embeddable":true,"href":"https:\/\/www.mexicanguitarplayers.com\/en\/wp-json\/wp\/v2\/comments?post=42699"}],"wp:featuredmedia":[{"embeddable":true,"href":"https:\/\/www.mexicanguitarplayers.com\/en\/wp-json\/wp\/v2\/media\/42696"}],"wp:attachment":[{"href":"https:\/\/www.mexicanguitarplayers.com\/en\/wp-json\/wp\/v2\/media?parent=42699"}],"wp:term":[{"taxonomy":"pwb-brand","embeddable":true,"href":"https:\/\/www.mexicanguitarplayers.com\/en\/wp-json\/wp\/v2\/pwb-brand?post=42699"},{"taxonomy":"product_brand","embeddable":true,"href":"https:\/\/www.mexicanguitarplayers.com\/en\/wp-json\/wp\/v2\/product_brand?post=42699"},{"taxonomy":"product_cat","embeddable":true,"href":"https:\/\/www.mexicanguitarplayers.com\/en\/wp-json\/wp\/v2\/product_cat?post=42699"},{"taxonomy":"product_tag","embeddable":true,"href":"https:\/\/www.mexicanguitarplayers.com\/en\/wp-json\/wp\/v2\/product_tag?post=42699"}],"curies":[{"name":"wp","href":"https:\/\/api.w.org\/{rel}","templated":true}]}}