{"id":42712,"date":"2025-04-09T09:24:48","date_gmt":"2025-04-09T15:24:48","guid":{"rendered":"https:\/\/www.mexicanguitarplayers.com\/tienda\/sin categor\u00eda\/procesador-t-c-mod-plethora-x3\/"},"modified":"2026-02-18T22:14:59","modified_gmt":"2026-02-19T04:14:59","slug":"procesador-t-c-mod-plethora-x3","status":"publish","type":"product","link":"https:\/\/www.mexicanguitarplayers.com\/en\/tienda\/accesorios\/para-guitarras\/pedales-conmutacion\/procesador-t-c-mod-plethora-x3\/","title":{"rendered":"PROCESADOR T.C. MOD. PLETHORA X3"},"content":{"rendered":"<div style=\"text-align: justify\">\n<div>\n<h3>PROCESADOR T.C. MOD. PLETHORA X3<\/h3>\n<\/div>\n<div>La pedalera TonePrint con hasta 127 tableros, 3 espacios para pedales, todos tus efectos favoritos de TC, 75 espacios de TonePrint por efecto, 3 interruptores de pie MASH y un grabador de bucle tipo cinta.<\/div>\n<div>\n<h4>Characteristics<\/h4>\n<\/div>\n<div>\n<ul style=\"margin: 0px 0px 0px 25px\">\n<li style=\"list-style-type: circle;margin: 5px\">Bypass mode<\/li>\n<li style=\"list-style-type: circle;margin: 5px\">Input connectors<\/li>\n<li style=\"list-style-type: circle;margin: 5px\">Input impedance<\/li>\n<li style=\"list-style-type: circle;margin: 5px\">Output connectors<\/li>\n<li style=\"list-style-type: circle;margin: 5px\">Entrada\/paso MIDI<\/li>\n<li style=\"list-style-type: circle;margin: 5px\">Entrada de alimentaci\u00f3n<\/li>\n<li style=\"list-style-type: circle;margin: 5px\">Control<\/li>\n<li style=\"list-style-type: circle;margin: 5px\">Latency<\/li>\n<li style=\"list-style-type: circle;margin: 5px\">Bluetooth<\/li>\n<li style=\"list-style-type: circle;margin: 5px\">Dimensiones (Alto x Ancho x Fondo)<\/li>\n<li style=\"list-style-type: circle;margin: 5px\">Weight<\/li>\n<\/ul>\n<\/div>\n<\/div>","protected":false},"excerpt":{"rendered":"<p>La PLETHORA X3 es una pedalera TonePrint altamente flexible con controles simples e intuitivos que te permite crear y personalizar hasta 127 tableros personalizados con cualquier combinaci\u00f3n de pedales TonePrint. Cada tablero puede contener hasta 3 pedales, incluyendo todos los efectos TonePrint disponibles. Con capacidad para almacenar hasta 75 TonePrints por efecto para un acceso r\u00e1pido y sencillo. Los efectos incluyen una amplia gama, desde phasers y vibratos hasta reverberaciones y delays, todos con una cadena de se\u00f1al personalizable en cada tablero.La tecnolog\u00eda MASH convierte los 3 interruptores de pie en controladores de expresi\u00f3n con asignaci\u00f3n personalizable, mientras que el sintonizador crom\u00e1tico UniTune integrado facilita la afinaci\u00f3n en cualquier momento. La simulaci\u00f3n de cabina de altavoz global permite tocar directamente con interfaces de audio y sistemas de PA, y la conexi\u00f3n Bluetooth con la aplicaci\u00f3n TonePrint gratuita te brinda acceso a una vasta biblioteca de TonePrints y al editor TonePrint para personalizar tus efectos.Adem\u00e1s, cuenta con controles simples de 3 botones para ajustar r\u00e1pidamente los par\u00e1metros de cada pedal, una funci\u00f3n de intercambio r\u00e1pido para reorganizar instant\u00e1neamente tu cadena de se\u00f1al, guardado autom\u00e1tico de ajustes, entrada MIDI para seleccionar tableros desde dispositivos externos, y entrada\/salida est\u00e9reo completa con bajo ruido y alto margen de nivel. Y para mantenerte actualizado, ofrece actualizaciones regulares de firmware que incluyen nuevos tableros, pedales y TonePrints, as\u00ed como algunos contenidos exclusivos.&hellip; <a class=\"kt-excerpt-readmore more-link\" href=\"https:\/\/www.mexicanguitarplayers.com\/en\/tienda\/accesorios\/para-guitarras\/pedales-conmutacion\/procesador-t-c-mod-plethora-x3\/\">Read more<\/a><\/p>","protected":false},"featured_media":42708,"comment_status":"open","ping_status":"closed","template":"","meta":{"kt_blocks_editor_width":""},"pwb-brand":[170],"product_brand":[],"product_cat":[85,336,503],"product_tag":[],"class_list":{"0":"post-42712","1":"product","2":"type-product","3":"status-publish","4":"has-post-thumbnail","6":"pwb-brand-tc-electronic","7":"product_cat-accesorios","8":"product_cat-para-guitarras","9":"product_cat-pedales-conmutacion","10":"product_shipping_class-0-5-kg","12":"first","13":"instock","14":"taxable","15":"shipping-taxable","16":"purchasable","17":"product-type-simple"},"yoast_head":"<!-- This site is optimized with the Yoast SEO plugin v27.3 - https:\/\/yoast.com\/product\/yoast-seo-wordpress\/ -->\n<title>PROCESADOR T.C. MOD. PLETHORA X3 - Mexican Guitar Players<\/title>\n<meta name=\"description\" content=\"La PLETHORA X3 es una pedalera TonePrint altamente flexible con controles simples e intuitivos que te permite crear y personalizar hasta 127 tableros personalizados con cualquier combinaci\u00f3n de pedales TonePrint. Cada tablero puede contener hasta 3 pedales, incluyendo todos los efectos TonePrint disponibles. Con capacidad para almacenar hasta 75 TonePrints por efecto para un acceso r\u00e1pido y sencillo. Los efectos incluyen una amplia gama, desde phasers y vibratos hasta reverberaciones y delays, todos con una cadena de se\u00f1al personalizable en cada tablero.La tecnolog\u00eda MASH convierte los 3 interruptores de pie en controladores de expresi\u00f3n con asignaci\u00f3n personalizable, mientras que el sintonizador crom\u00e1tico UniTune integrado facilita la afinaci\u00f3n en cualquier momento. La simulaci\u00f3n de cabina de altavoz global permite tocar directamente con interfaces de audio y sistemas de PA, y la conexi\u00f3n Bluetooth con la aplicaci\u00f3n TonePrint gratuita te brinda acceso a una vasta biblioteca de TonePrints y al editor TonePrint para personalizar tus efectos.Adem\u00e1s, cuenta con controles simples de 3 botones para ajustar r\u00e1pidamente los par\u00e1metros de cada pedal, una funci\u00f3n de intercambio r\u00e1pido para reorganizar instant\u00e1neamente tu cadena de se\u00f1al, guardado autom\u00e1tico de ajustes, entrada MIDI para seleccionar tableros desde dispositivos externos, y entrada\/salida est\u00e9reo completa con bajo ruido y alto margen de nivel. Y para mantenerte actualizado, ofrece actualizaciones regulares de firmware que incluyen nuevos tableros, pedales y TonePrints, as\u00ed como algunos contenidos exclusivos.\" \/>\n<meta name=\"robots\" content=\"index, follow, max-snippet:-1, max-image-preview:large, max-video-preview:-1\" \/>\n<link rel=\"canonical\" href=\"https:\/\/www.mexicanguitarplayers.com\/en\/tienda\/sin%20categor\u00eda\/procesador-t-c-mod-plethora-x3\/\" \/>\n<meta property=\"og:locale\" content=\"en_US\" \/>\n<meta property=\"og:type\" content=\"article\" \/>\n<meta property=\"og:title\" content=\"PROCESADOR T.C. MOD. PLETHORA X3 - Mexican Guitar Players\" \/>\n<meta property=\"og:description\" content=\"La PLETHORA X3 es una pedalera TonePrint altamente flexible con controles simples e intuitivos que te permite crear y personalizar hasta 127 tableros personalizados con cualquier combinaci\u00f3n de pedales TonePrint. Cada tablero puede contener hasta 3 pedales, incluyendo todos los efectos TonePrint disponibles. Con capacidad para almacenar hasta 75 TonePrints por efecto para un acceso r\u00e1pido y sencillo. Los efectos incluyen una amplia gama, desde phasers y vibratos hasta reverberaciones y delays, todos con una cadena de se\u00f1al personalizable en cada tablero.La tecnolog\u00eda MASH convierte los 3 interruptores de pie en controladores de expresi\u00f3n con asignaci\u00f3n personalizable, mientras que el sintonizador crom\u00e1tico UniTune integrado facilita la afinaci\u00f3n en cualquier momento. La simulaci\u00f3n de cabina de altavoz global permite tocar directamente con interfaces de audio y sistemas de PA, y la conexi\u00f3n Bluetooth con la aplicaci\u00f3n TonePrint gratuita te brinda acceso a una vasta biblioteca de TonePrints y al editor TonePrint para personalizar tus efectos.Adem\u00e1s, cuenta con controles simples de 3 botones para ajustar r\u00e1pidamente los par\u00e1metros de cada pedal, una funci\u00f3n de intercambio r\u00e1pido para reorganizar instant\u00e1neamente tu cadena de se\u00f1al, guardado autom\u00e1tico de ajustes, entrada MIDI para seleccionar tableros desde dispositivos externos, y entrada\/salida est\u00e9reo completa con bajo ruido y alto margen de nivel. Y para mantenerte actualizado, ofrece actualizaciones regulares de firmware que incluyen nuevos tableros, pedales y TonePrints, as\u00ed como algunos contenidos exclusivos.\" \/>\n<meta property=\"og:url\" content=\"https:\/\/www.mexicanguitarplayers.com\/en\/tienda\/sin categor\u00eda\/procesador-t-c-mod-plethora-x3\/\" \/>\n<meta property=\"og:site_name\" content=\"Mexican Guitar Players\" \/>\n<meta property=\"article:modified_time\" content=\"2026-02-19T04:14:59+00:00\" \/>\n<meta name=\"twitter:card\" content=\"summary_large_image\" \/>\n<script type=\"application\/ld+json\" class=\"yoast-schema-graph\">{\"@context\":\"https:\\\/\\\/schema.org\",\"@graph\":[{\"@type\":[\"WebPage\",\"ItemPage\"],\"@id\":\"https:\\\/\\\/www.mexicanguitarplayers.com\\\/tienda\\\/sin categor\u00eda\\\/procesador-t-c-mod-plethora-x3\\\/\",\"url\":\"https:\\\/\\\/www.mexicanguitarplayers.com\\\/tienda\\\/sin categor\u00eda\\\/procesador-t-c-mod-plethora-x3\\\/\",\"name\":\"PROCESADOR T.C. MOD. PLETHORA X3 - Mexican Guitar Players\",\"isPartOf\":{\"@id\":\"https:\\\/\\\/www.mexicanguitarplayers.com\\\/#website\"},\"primaryImageOfPage\":{\"@id\":\"https:\\\/\\\/www.mexicanguitarplayers.com\\\/tienda\\\/sin categor\u00eda\\\/procesador-t-c-mod-plethora-x3\\\/#primaryimage\"},\"image\":{\"@id\":\"https:\\\/\\\/www.mexicanguitarplayers.com\\\/tienda\\\/sin categor\u00eda\\\/procesador-t-c-mod-plethora-x3\\\/#primaryimage\"},\"thumbnailUrl\":\"https:\\\/\\\/www.mexicanguitarplayers.com\\\/wp-content\\\/uploads\\\/2025\\\/04\\\/IATCEPLETHORX3.jpg\",\"datePublished\":\"2025-04-09T15:24:48+00:00\",\"dateModified\":\"2026-02-19T04:14:59+00:00\",\"description\":\"La PLETHORA X3 es una pedalera TonePrint altamente flexible con controles simples e intuitivos que te permite crear y personalizar hasta 127 tableros personalizados con cualquier combinaci\u00f3n de pedales TonePrint. Cada tablero puede contener hasta 3 pedales, incluyendo todos los efectos TonePrint disponibles. Con capacidad para almacenar hasta 75 TonePrints por efecto para un acceso r\u00e1pido y sencillo. Los efectos incluyen una amplia gama, desde phasers y vibratos hasta reverberaciones y delays, todos con una cadena de se\u00f1al personalizable en cada tablero.La tecnolog\u00eda MASH convierte los 3 interruptores de pie en controladores de expresi\u00f3n con asignaci\u00f3n personalizable, mientras que el sintonizador crom\u00e1tico UniTune integrado facilita la afinaci\u00f3n en cualquier momento. La simulaci\u00f3n de cabina de altavoz global permite tocar directamente con interfaces de audio y sistemas de PA, y la conexi\u00f3n Bluetooth con la aplicaci\u00f3n TonePrint gratuita te brinda acceso a una vasta biblioteca de TonePrints y al editor TonePrint para personalizar tus efectos.Adem\u00e1s, cuenta con controles simples de 3 botones para ajustar r\u00e1pidamente los par\u00e1metros de cada pedal, una funci\u00f3n de intercambio r\u00e1pido para reorganizar instant\u00e1neamente tu cadena de se\u00f1al, guardado autom\u00e1tico de ajustes, entrada MIDI para seleccionar tableros desde dispositivos externos, y entrada\\\/salida est\u00e9reo completa con bajo ruido y alto margen de nivel. Y para mantenerte actualizado, ofrece actualizaciones regulares de firmware que incluyen nuevos tableros, pedales y TonePrints, as\u00ed como algunos contenidos exclusivos.\",\"breadcrumb\":{\"@id\":\"https:\\\/\\\/www.mexicanguitarplayers.com\\\/tienda\\\/sin categor\u00eda\\\/procesador-t-c-mod-plethora-x3\\\/#breadcrumb\"},\"inLanguage\":\"en-US\",\"potentialAction\":[{\"@type\":\"ReadAction\",\"target\":[\"https:\\\/\\\/www.mexicanguitarplayers.com\\\/tienda\\\/sin categor\u00eda\\\/procesador-t-c-mod-plethora-x3\\\/\"]}]},{\"@type\":\"ImageObject\",\"inLanguage\":\"en-US\",\"@id\":\"https:\\\/\\\/www.mexicanguitarplayers.com\\\/tienda\\\/sin categor\u00eda\\\/procesador-t-c-mod-plethora-x3\\\/#primaryimage\",\"url\":\"https:\\\/\\\/www.mexicanguitarplayers.com\\\/wp-content\\\/uploads\\\/2025\\\/04\\\/IATCEPLETHORX3.jpg\",\"contentUrl\":\"https:\\\/\\\/www.mexicanguitarplayers.com\\\/wp-content\\\/uploads\\\/2025\\\/04\\\/IATCEPLETHORX3.jpg\",\"width\":1600,\"height\":800},{\"@type\":\"BreadcrumbList\",\"@id\":\"https:\\\/\\\/www.mexicanguitarplayers.com\\\/tienda\\\/sin categor\u00eda\\\/procesador-t-c-mod-plethora-x3\\\/#breadcrumb\",\"itemListElement\":[{\"@type\":\"ListItem\",\"position\":1,\"name\":\"Portada\",\"item\":\"https:\\\/\\\/www.mexicanguitarplayers.com\\\/\"},{\"@type\":\"ListItem\",\"position\":2,\"name\":\"Tienda\",\"item\":\"https:\\\/\\\/www.mexicanguitarplayers.com\\\/tienda\\\/\"},{\"@type\":\"ListItem\",\"position\":3,\"name\":\"PROCESADOR T.C. MOD. PLETHORA X3\"}]},{\"@type\":\"WebSite\",\"@id\":\"https:\\\/\\\/www.mexicanguitarplayers.com\\\/#website\",\"url\":\"https:\\\/\\\/www.mexicanguitarplayers.com\\\/\",\"name\":\"Mexican Guitar Players\",\"description\":\"Website\",\"publisher\":{\"@id\":\"https:\\\/\\\/www.mexicanguitarplayers.com\\\/#organization\"},\"potentialAction\":[{\"@type\":\"SearchAction\",\"target\":{\"@type\":\"EntryPoint\",\"urlTemplate\":\"https:\\\/\\\/www.mexicanguitarplayers.com\\\/?s={search_term_string}\"},\"query-input\":{\"@type\":\"PropertyValueSpecification\",\"valueRequired\":true,\"valueName\":\"search_term_string\"}}],\"inLanguage\":\"en-US\"},{\"@type\":\"Organization\",\"@id\":\"https:\\\/\\\/www.mexicanguitarplayers.com\\\/#organization\",\"name\":\"Mexican Guitar Players\",\"url\":\"https:\\\/\\\/www.mexicanguitarplayers.com\\\/\",\"logo\":{\"@type\":\"ImageObject\",\"inLanguage\":\"en-US\",\"@id\":\"https:\\\/\\\/www.mexicanguitarplayers.com\\\/#\\\/schema\\\/logo\\\/image\\\/\",\"url\":\"\",\"contentUrl\":\"\",\"caption\":\"Mexican Guitar Players\"},\"image\":{\"@id\":\"https:\\\/\\\/www.mexicanguitarplayers.com\\\/#\\\/schema\\\/logo\\\/image\\\/\"}}]}<\/script>\n<!-- \/ Yoast SEO plugin. -->","yoast_head_json":{"title":"PROCESADOR T.C. MOD. PLETHORA X3 - Mexican Guitar Players","description":"La PLETHORA X3 es una pedalera TonePrint altamente flexible con controles simples e intuitivos que te permite crear y personalizar hasta 127 tableros personalizados con cualquier combinaci\u00f3n de pedales TonePrint. Cada tablero puede contener hasta 3 pedales, incluyendo todos los efectos TonePrint disponibles. Con capacidad para almacenar hasta 75 TonePrints por efecto para un acceso r\u00e1pido y sencillo. Los efectos incluyen una amplia gama, desde phasers y vibratos hasta reverberaciones y delays, todos con una cadena de se\u00f1al personalizable en cada tablero.La tecnolog\u00eda MASH convierte los 3 interruptores de pie en controladores de expresi\u00f3n con asignaci\u00f3n personalizable, mientras que el sintonizador crom\u00e1tico UniTune integrado facilita la afinaci\u00f3n en cualquier momento. La simulaci\u00f3n de cabina de altavoz global permite tocar directamente con interfaces de audio y sistemas de PA, y la conexi\u00f3n Bluetooth con la aplicaci\u00f3n TonePrint gratuita te brinda acceso a una vasta biblioteca de TonePrints y al editor TonePrint para personalizar tus efectos.Adem\u00e1s, cuenta con controles simples de 3 botones para ajustar r\u00e1pidamente los par\u00e1metros de cada pedal, una funci\u00f3n de intercambio r\u00e1pido para reorganizar instant\u00e1neamente tu cadena de se\u00f1al, guardado autom\u00e1tico de ajustes, entrada MIDI para seleccionar tableros desde dispositivos externos, y entrada\/salida est\u00e9reo completa con bajo ruido y alto margen de nivel. Y para mantenerte actualizado, ofrece actualizaciones regulares de firmware que incluyen nuevos tableros, pedales y TonePrints, as\u00ed como algunos contenidos exclusivos.","robots":{"index":"index","follow":"follow","max-snippet":"max-snippet:-1","max-image-preview":"max-image-preview:large","max-video-preview":"max-video-preview:-1"},"canonical":"https:\/\/www.mexicanguitarplayers.com\/en\/tienda\/sin categor\u00eda\/procesador-t-c-mod-plethora-x3\/","og_locale":"en_US","og_type":"article","og_title":"PROCESADOR T.C. MOD. PLETHORA X3 - Mexican Guitar Players","og_description":"La PLETHORA X3 es una pedalera TonePrint altamente flexible con controles simples e intuitivos que te permite crear y personalizar hasta 127 tableros personalizados con cualquier combinaci\u00f3n de pedales TonePrint. Cada tablero puede contener hasta 3 pedales, incluyendo todos los efectos TonePrint disponibles. Con capacidad para almacenar hasta 75 TonePrints por efecto para un acceso r\u00e1pido y sencillo. Los efectos incluyen una amplia gama, desde phasers y vibratos hasta reverberaciones y delays, todos con una cadena de se\u00f1al personalizable en cada tablero.La tecnolog\u00eda MASH convierte los 3 interruptores de pie en controladores de expresi\u00f3n con asignaci\u00f3n personalizable, mientras que el sintonizador crom\u00e1tico UniTune integrado facilita la afinaci\u00f3n en cualquier momento. La simulaci\u00f3n de cabina de altavoz global permite tocar directamente con interfaces de audio y sistemas de PA, y la conexi\u00f3n Bluetooth con la aplicaci\u00f3n TonePrint gratuita te brinda acceso a una vasta biblioteca de TonePrints y al editor TonePrint para personalizar tus efectos.Adem\u00e1s, cuenta con controles simples de 3 botones para ajustar r\u00e1pidamente los par\u00e1metros de cada pedal, una funci\u00f3n de intercambio r\u00e1pido para reorganizar instant\u00e1neamente tu cadena de se\u00f1al, guardado autom\u00e1tico de ajustes, entrada MIDI para seleccionar tableros desde dispositivos externos, y entrada\/salida est\u00e9reo completa con bajo ruido y alto margen de nivel. Y para mantenerte actualizado, ofrece actualizaciones regulares de firmware que incluyen nuevos tableros, pedales y TonePrints, as\u00ed como algunos contenidos exclusivos.","og_url":"https:\/\/www.mexicanguitarplayers.com\/en\/tienda\/sin categor\u00eda\/procesador-t-c-mod-plethora-x3\/","og_site_name":"Mexican Guitar Players","article_modified_time":"2026-02-19T04:14:59+00:00","twitter_card":"summary_large_image","schema":{"@context":"https:\/\/schema.org","@graph":[{"@type":["WebPage","ItemPage"],"@id":"https:\/\/www.mexicanguitarplayers.com\/tienda\/sin categor\u00eda\/procesador-t-c-mod-plethora-x3\/","url":"https:\/\/www.mexicanguitarplayers.com\/tienda\/sin categor\u00eda\/procesador-t-c-mod-plethora-x3\/","name":"PROCESADOR T.C. MOD. PLETHORA X3 - Mexican Guitar Players","isPartOf":{"@id":"https:\/\/www.mexicanguitarplayers.com\/#website"},"primaryImageOfPage":{"@id":"https:\/\/www.mexicanguitarplayers.com\/tienda\/sin categor\u00eda\/procesador-t-c-mod-plethora-x3\/#primaryimage"},"image":{"@id":"https:\/\/www.mexicanguitarplayers.com\/tienda\/sin categor\u00eda\/procesador-t-c-mod-plethora-x3\/#primaryimage"},"thumbnailUrl":"https:\/\/www.mexicanguitarplayers.com\/wp-content\/uploads\/2025\/04\/IATCEPLETHORX3.jpg","datePublished":"2025-04-09T15:24:48+00:00","dateModified":"2026-02-19T04:14:59+00:00","description":"La PLETHORA X3 es una pedalera TonePrint altamente flexible con controles simples e intuitivos que te permite crear y personalizar hasta 127 tableros personalizados con cualquier combinaci\u00f3n de pedales TonePrint. Cada tablero puede contener hasta 3 pedales, incluyendo todos los efectos TonePrint disponibles. Con capacidad para almacenar hasta 75 TonePrints por efecto para un acceso r\u00e1pido y sencillo. Los efectos incluyen una amplia gama, desde phasers y vibratos hasta reverberaciones y delays, todos con una cadena de se\u00f1al personalizable en cada tablero.La tecnolog\u00eda MASH convierte los 3 interruptores de pie en controladores de expresi\u00f3n con asignaci\u00f3n personalizable, mientras que el sintonizador crom\u00e1tico UniTune integrado facilita la afinaci\u00f3n en cualquier momento. La simulaci\u00f3n de cabina de altavoz global permite tocar directamente con interfaces de audio y sistemas de PA, y la conexi\u00f3n Bluetooth con la aplicaci\u00f3n TonePrint gratuita te brinda acceso a una vasta biblioteca de TonePrints y al editor TonePrint para personalizar tus efectos.Adem\u00e1s, cuenta con controles simples de 3 botones para ajustar r\u00e1pidamente los par\u00e1metros de cada pedal, una funci\u00f3n de intercambio r\u00e1pido para reorganizar instant\u00e1neamente tu cadena de se\u00f1al, guardado autom\u00e1tico de ajustes, entrada MIDI para seleccionar tableros desde dispositivos externos, y entrada\/salida est\u00e9reo completa con bajo ruido y alto margen de nivel. Y para mantenerte actualizado, ofrece actualizaciones regulares de firmware que incluyen nuevos tableros, pedales y TonePrints, as\u00ed como algunos contenidos exclusivos.","breadcrumb":{"@id":"https:\/\/www.mexicanguitarplayers.com\/tienda\/sin categor\u00eda\/procesador-t-c-mod-plethora-x3\/#breadcrumb"},"inLanguage":"en-US","potentialAction":[{"@type":"ReadAction","target":["https:\/\/www.mexicanguitarplayers.com\/tienda\/sin categor\u00eda\/procesador-t-c-mod-plethora-x3\/"]}]},{"@type":"ImageObject","inLanguage":"en-US","@id":"https:\/\/www.mexicanguitarplayers.com\/tienda\/sin categor\u00eda\/procesador-t-c-mod-plethora-x3\/#primaryimage","url":"https:\/\/www.mexicanguitarplayers.com\/wp-content\/uploads\/2025\/04\/IATCEPLETHORX3.jpg","contentUrl":"https:\/\/www.mexicanguitarplayers.com\/wp-content\/uploads\/2025\/04\/IATCEPLETHORX3.jpg","width":1600,"height":800},{"@type":"BreadcrumbList","@id":"https:\/\/www.mexicanguitarplayers.com\/tienda\/sin categor\u00eda\/procesador-t-c-mod-plethora-x3\/#breadcrumb","itemListElement":[{"@type":"ListItem","position":1,"name":"Portada","item":"https:\/\/www.mexicanguitarplayers.com\/"},{"@type":"ListItem","position":2,"name":"Tienda","item":"https:\/\/www.mexicanguitarplayers.com\/tienda\/"},{"@type":"ListItem","position":3,"name":"PROCESADOR T.C. MOD. PLETHORA X3"}]},{"@type":"WebSite","@id":"https:\/\/www.mexicanguitarplayers.com\/#website","url":"https:\/\/www.mexicanguitarplayers.com\/","name":"Mexican Guitar Players","description":"Website","publisher":{"@id":"https:\/\/www.mexicanguitarplayers.com\/#organization"},"potentialAction":[{"@type":"SearchAction","target":{"@type":"EntryPoint","urlTemplate":"https:\/\/www.mexicanguitarplayers.com\/?s={search_term_string}"},"query-input":{"@type":"PropertyValueSpecification","valueRequired":true,"valueName":"search_term_string"}}],"inLanguage":"en-US"},{"@type":"Organization","@id":"https:\/\/www.mexicanguitarplayers.com\/#organization","name":"Mexican Guitar Players","url":"https:\/\/www.mexicanguitarplayers.com\/","logo":{"@type":"ImageObject","inLanguage":"en-US","@id":"https:\/\/www.mexicanguitarplayers.com\/#\/schema\/logo\/image\/","url":"","contentUrl":"","caption":"Mexican Guitar Players"},"image":{"@id":"https:\/\/www.mexicanguitarplayers.com\/#\/schema\/logo\/image\/"}}]}},"brands":[{"id":170,"name":"TC-ELECTRONIC","slug":"tc-electronic"}],"_links":{"self":[{"href":"https:\/\/www.mexicanguitarplayers.com\/en\/wp-json\/wp\/v2\/product\/42712","targetHints":{"allow":["GET"]}}],"collection":[{"href":"https:\/\/www.mexicanguitarplayers.com\/en\/wp-json\/wp\/v2\/product"}],"about":[{"href":"https:\/\/www.mexicanguitarplayers.com\/en\/wp-json\/wp\/v2\/types\/product"}],"replies":[{"embeddable":true,"href":"https:\/\/www.mexicanguitarplayers.com\/en\/wp-json\/wp\/v2\/comments?post=42712"}],"wp:featuredmedia":[{"embeddable":true,"href":"https:\/\/www.mexicanguitarplayers.com\/en\/wp-json\/wp\/v2\/media\/42708"}],"wp:attachment":[{"href":"https:\/\/www.mexicanguitarplayers.com\/en\/wp-json\/wp\/v2\/media?parent=42712"}],"wp:term":[{"taxonomy":"pwb-brand","embeddable":true,"href":"https:\/\/www.mexicanguitarplayers.com\/en\/wp-json\/wp\/v2\/pwb-brand?post=42712"},{"taxonomy":"product_brand","embeddable":true,"href":"https:\/\/www.mexicanguitarplayers.com\/en\/wp-json\/wp\/v2\/product_brand?post=42712"},{"taxonomy":"product_cat","embeddable":true,"href":"https:\/\/www.mexicanguitarplayers.com\/en\/wp-json\/wp\/v2\/product_cat?post=42712"},{"taxonomy":"product_tag","embeddable":true,"href":"https:\/\/www.mexicanguitarplayers.com\/en\/wp-json\/wp\/v2\/product_tag?post=42712"}],"curies":[{"name":"wp","href":"https:\/\/api.w.org\/{rel}","templated":true}]}}