{"id":42720,"date":"2025-04-09T09:25:04","date_gmt":"2025-04-09T15:25:04","guid":{"rendered":"https:\/\/www.mexicanguitarplayers.com\/tienda\/sin categor\u00eda\/interfaz-t-c-mod-go-solo\/"},"modified":"2026-01-22T04:15:07","modified_gmt":"2026-01-22T10:15:07","slug":"interfaz-t-c-mod-go-solo","status":"publish","type":"product","link":"https:\/\/www.mexicanguitarplayers.com\/en\/tienda\/audio\/interfaces\/interfaz-t-c-mod-go-solo\/","title":{"rendered":"INTERFAZ T.C. MOD. GO SOLO"},"content":{"rendered":"<div style=\"text-align: justify\">\n<div>\n<h3>Grabaci\u00f3n profesional en cualquier lugar.<\/h3>\n<\/div>\n<div>GO SOLO permite a los creadores la libertad de grabar audio de gran calidad en cualquier lugar y en cualquier momento utilizando sus dispositivos m\u00f3viles iOs, Android, Mac y PC. Ahora, graba cualquier cosa con cualquier dispositivo compatible. Disfruta de una grabaci\u00f3n de  audio de 24 bits a 48 kHz de nivel profesional de gran nitidez en un peque\u00f1o paquete m\u00f3vil. Seas m\u00fasico, podcaster, youtuber o los tres poder grabarse r\u00e1pida y f\u00e1cilmente es esencial para capturar la inspiraci\u00f3n. Nunca dejes pasar otro momento con la velocidad y fiabilidad de grabaci\u00f3n con GO SOLO. Esta interfase contiene un preamplificador ultra limpio del galardonado fabricante de mezcladoras de alta gama Midas. La alimentaci\u00f3n phantom de +48V se asegura de que siempre tengas la suficiente energ\u00eda para tu micr\u00f3fono de condensador en donde sea que est\u00e9s grabando. La se\u00f1al en tiempo real y los indicadores de nivel m\u00e1ximo y la perilla de ganancia ajustable y de gran tama\u00f1o te permiten controlar con precisi\u00f3n tus niveles de grabaci\u00f3n. Monitorea en tiempo real sin latencia por medio del conector de aud\u00edfonos de 1\/4&#8243; y conc\u00e9ntrate en hacer excelentes grabaciones.<\/div>\n<div>\n<h4>Quick look<\/h4>\n<\/div>\n<ul style=\"margin: 0px 0px 0px 25px\">\n<li style=\"list-style-type: circle;margin: 5px\">Conexiones an\u00e1logas.<\/li>\n<li style=\"list-style-type: circle;margin: 5px\">Conexiones digitales.<\/li>\n<li style=\"list-style-type: circle;margin: 5px\">Controls<\/li>\n<li style=\"list-style-type: circle;margin: 5px\">MIDI.<\/li>\n<li style=\"list-style-type: circle;margin: 5px\">Procesamiento del sistema.<\/li>\n<li style=\"list-style-type: circle;margin: 5px\">Energy.<\/li>\n<li style=\"list-style-type: circle;margin: 5px\">Dimensions.<\/li>\n<li style=\"list-style-type: circle;margin: 5px\">Weight.<\/li>\n<\/ul>\n<div>\n<div style=\"font-weight: bold\">Conexiones an\u00e1logas.<\/div>\n<div>\n<p>Micr\u00f3fono: 1 XLR balanceado. Impedancia aproximada: 2.3 kilo-ohms. Entrada de instrumento: 1 TS 1\/4&#8243; desbalanceado. Impedancia aproximada: 470 kilo-ohms. Aud\u00edfonos: 1 TRS 1\/8&#8243;, est\u00e9reo.<\/p>\n<\/div>\n<div style=\"font-weight: bold\">Conexiones digitales.<\/div>\n<div>\n<p>Dispositivo m\u00f3vil\/Computadora: Mini USB 10 pines. Driver: USB Audio 1.0 Class Compliant.<\/p>\n<\/div>\n<div style=\"font-weight: bold\">Controls<\/div>\n<div>\n<p>Ganancia de entrada: 0 a +50 dB, ajustable. Alimentaci\u00f3n phantom: On\/Off conmutable. Voltaje: +48 V.<\/p>\n<\/div>\n<div style=\"font-weight: bold\">MIDI.<\/div>\n<div>\n<p>Conectores: 2 x 2.5 mm (cables incluidos).<\/p>\n<\/div>\n<div style=\"font-weight: bold\">Procesamiento del sistema.<\/div>\n<div>\n<p>Conversi\u00f3n A\/D &#8211; D\/A: 24-bit @ 44.1 kHz, 48 kHz. Respuesta de frecuencia: 20 Hz a 20 kHz, +0.2\/-1.2 dB. Rango din\u00e1mico: &gt; 98 dBA.<\/p>\n<\/div>\n<div style=\"font-weight: bold\">Energy.<\/div>\n<div>\n<p>Fuente de alimentaci\u00f3n: Alimentado por USB, adaptador de corriente o bater\u00eda. Fuente: 5 V DC, =2.5 A, centro positivo (no incluido). Bater\u00edas: 2 pilas AA (incluidas).<\/p>\n<\/div>\n<div style=\"font-weight: bold\">Dimensions.<\/div>\n<div>\n<p>40 x 45 x 128 mm.<\/p>\n<\/div>\n<div style=\"font-weight: bold\">Weight.<\/div>\n<div>\n<p>0.28 kg.<\/p>\n<\/div>\n<\/div>\n<\/div>","protected":false},"excerpt":{"rendered":"<p>Interfaz de audio\/MIDI de un canal de alta definici\u00f3n para dispositivos m\u00f3viles, controla sonidos, samples y m\u00e1s con MIDI integrado, un conector XLR combo para entrada de micr\u00f3fono, nivel de l\u00ednea e instrumento, preamplificador de micr\u00f3fono de alta calidad con alimentaci\u00f3n phantom de +48V, se integra a la perfecci\u00f3n con el set creativo de TC Helicon y otras aplicaciones m\u00f3viles,  salida de aud\u00edfonos est\u00e9reo con ganancia ajustable que permite el monitoreo en tiempo real, la salida 1\/4\u201d TRS con control de nivel se conecta a tus monitores PA o de estudio,  2 jacks E\/S MIDI de 2.5 mm que permiten conectar tus dispositivos MIDI de 5 pines (cables incluidos), se conecta directamente a tus dispositivos iOs, Android, Mac y PC utilizando el cable USB o MFi Lighting provisto, alimentado por USB o dos pilas AA, la fuente de alimentaci\u00f3n opcional te permite cargar el dispositivo m\u00f3vil mientras usas la interfaz, dimensiones: 40 x 45 x 128 mm, peso: 0.28 kg.&hellip; <a class=\"kt-excerpt-readmore more-link\" href=\"https:\/\/www.mexicanguitarplayers.com\/en\/tienda\/audio\/interfaces\/interfaz-t-c-mod-go-solo\/\">Read more<\/a><\/p>","protected":false},"featured_media":42713,"comment_status":"open","ping_status":"closed","template":"","meta":{"kt_blocks_editor_width":""},"pwb-brand":[170],"product_brand":[],"product_cat":[213,233],"product_tag":[],"class_list":{"0":"post-42720","1":"product","2":"type-product","3":"status-publish","4":"has-post-thumbnail","6":"pwb-brand-tc-electronic","7":"product_cat-audio","8":"product_cat-interfaces","9":"product_shipping_class-0-5-kg","11":"first","12":"instock","13":"taxable","14":"shipping-taxable","15":"purchasable","16":"product-type-simple"},"yoast_head":"<!-- This site is optimized with the Yoast SEO plugin v27.3 - https:\/\/yoast.com\/product\/yoast-seo-wordpress\/ -->\n<title>INTERFAZ T.C. MOD. GO SOLO - Mexican Guitar Players<\/title>\n<meta name=\"description\" content=\"Interfaz de audio\/MIDI de un canal de alta definici\u00f3n para dispositivos m\u00f3viles, controla sonidos, samples y m\u00e1s con MIDI integrado, un conector XLR combo para entrada de micr\u00f3fono, nivel de l\u00ednea e instrumento, preamplificador de micr\u00f3fono de alta calidad con alimentaci\u00f3n phantom de +48V, se integra a la perfecci\u00f3n con el set creativo de TC Helicon y otras aplicaciones m\u00f3viles, salida de aud\u00edfonos est\u00e9reo con ganancia ajustable que permite el monitoreo en tiempo real, la salida 1\/4\u201d TRS con control de nivel se conecta a tus monitores PA o de estudio, 2 jacks E\/S MIDI de 2.5 mm que permiten conectar tus dispositivos MIDI de 5 pines (cables incluidos), se conecta directamente a tus dispositivos iOs, Android, Mac y PC utilizando el cable USB o MFi Lighting provisto, alimentado por USB o dos pilas AA, la fuente de alimentaci\u00f3n opcional te permite cargar el dispositivo m\u00f3vil mientras usas la interfaz, dimensiones: 40 x 45 x 128 mm, peso: 0.28 kg.\" \/>\n<meta name=\"robots\" content=\"index, follow, max-snippet:-1, max-image-preview:large, max-video-preview:-1\" \/>\n<link rel=\"canonical\" href=\"https:\/\/www.mexicanguitarplayers.com\/en\/tienda\/sin%20categor\u00eda\/interfaz-t-c-mod-go-solo\/\" \/>\n<meta property=\"og:locale\" content=\"en_US\" \/>\n<meta property=\"og:type\" content=\"article\" \/>\n<meta property=\"og:title\" content=\"INTERFAZ T.C. MOD. GO SOLO - Mexican Guitar Players\" \/>\n<meta property=\"og:description\" content=\"Interfaz de audio\/MIDI de un canal de alta definici\u00f3n para dispositivos m\u00f3viles, controla sonidos, samples y m\u00e1s con MIDI integrado, un conector XLR combo para entrada de micr\u00f3fono, nivel de l\u00ednea e instrumento, preamplificador de micr\u00f3fono de alta calidad con alimentaci\u00f3n phantom de +48V, se integra a la perfecci\u00f3n con el set creativo de TC Helicon y otras aplicaciones m\u00f3viles, salida de aud\u00edfonos est\u00e9reo con ganancia ajustable que permite el monitoreo en tiempo real, la salida 1\/4\u201d TRS con control de nivel se conecta a tus monitores PA o de estudio, 2 jacks E\/S MIDI de 2.5 mm que permiten conectar tus dispositivos MIDI de 5 pines (cables incluidos), se conecta directamente a tus dispositivos iOs, Android, Mac y PC utilizando el cable USB o MFi Lighting provisto, alimentado por USB o dos pilas AA, la fuente de alimentaci\u00f3n opcional te permite cargar el dispositivo m\u00f3vil mientras usas la interfaz, dimensiones: 40 x 45 x 128 mm, peso: 0.28 kg.\" \/>\n<meta property=\"og:url\" content=\"https:\/\/www.mexicanguitarplayers.com\/en\/tienda\/sin categor\u00eda\/interfaz-t-c-mod-go-solo\/\" \/>\n<meta property=\"og:site_name\" content=\"Mexican Guitar Players\" \/>\n<meta property=\"article:modified_time\" content=\"2026-01-22T10:15:07+00:00\" \/>\n<meta name=\"twitter:card\" content=\"summary_large_image\" \/>\n<meta name=\"twitter:label1\" content=\"Est. reading time\" \/>\n\t<meta name=\"twitter:data1\" content=\"2 minutes\" \/>\n<script type=\"application\/ld+json\" class=\"yoast-schema-graph\">{\"@context\":\"https:\\\/\\\/schema.org\",\"@graph\":[{\"@type\":[\"WebPage\",\"ItemPage\"],\"@id\":\"https:\\\/\\\/www.mexicanguitarplayers.com\\\/tienda\\\/sin categor\u00eda\\\/interfaz-t-c-mod-go-solo\\\/\",\"url\":\"https:\\\/\\\/www.mexicanguitarplayers.com\\\/tienda\\\/sin categor\u00eda\\\/interfaz-t-c-mod-go-solo\\\/\",\"name\":\"INTERFAZ T.C. MOD. GO SOLO - Mexican Guitar Players\",\"isPartOf\":{\"@id\":\"https:\\\/\\\/www.mexicanguitarplayers.com\\\/#website\"},\"primaryImageOfPage\":{\"@id\":\"https:\\\/\\\/www.mexicanguitarplayers.com\\\/tienda\\\/sin categor\u00eda\\\/interfaz-t-c-mod-go-solo\\\/#primaryimage\"},\"image\":{\"@id\":\"https:\\\/\\\/www.mexicanguitarplayers.com\\\/tienda\\\/sin categor\u00eda\\\/interfaz-t-c-mod-go-solo\\\/#primaryimage\"},\"thumbnailUrl\":\"https:\\\/\\\/www.mexicanguitarplayers.com\\\/wp-content\\\/uploads\\\/2025\\\/04\\\/IATCEGOSOLO.jpg\",\"datePublished\":\"2025-04-09T15:25:04+00:00\",\"dateModified\":\"2026-01-22T10:15:07+00:00\",\"description\":\"Interfaz de audio\\\/MIDI de un canal de alta definici\u00f3n para dispositivos m\u00f3viles, controla sonidos, samples y m\u00e1s con MIDI integrado, un conector XLR combo para entrada de micr\u00f3fono, nivel de l\u00ednea e instrumento, preamplificador de micr\u00f3fono de alta calidad con alimentaci\u00f3n phantom de +48V, se integra a la perfecci\u00f3n con el set creativo de TC Helicon y otras aplicaciones m\u00f3viles, salida de aud\u00edfonos est\u00e9reo con ganancia ajustable que permite el monitoreo en tiempo real, la salida 1\\\/4\u201d TRS con control de nivel se conecta a tus monitores PA o de estudio, 2 jacks E\\\/S MIDI de 2.5 mm que permiten conectar tus dispositivos MIDI de 5 pines (cables incluidos), se conecta directamente a tus dispositivos iOs, Android, Mac y PC utilizando el cable USB o MFi Lighting provisto, alimentado por USB o dos pilas AA, la fuente de alimentaci\u00f3n opcional te permite cargar el dispositivo m\u00f3vil mientras usas la interfaz, dimensiones: 40 x 45 x 128 mm, peso: 0.28 kg.\",\"breadcrumb\":{\"@id\":\"https:\\\/\\\/www.mexicanguitarplayers.com\\\/tienda\\\/sin categor\u00eda\\\/interfaz-t-c-mod-go-solo\\\/#breadcrumb\"},\"inLanguage\":\"en-US\",\"potentialAction\":[{\"@type\":\"ReadAction\",\"target\":[\"https:\\\/\\\/www.mexicanguitarplayers.com\\\/tienda\\\/sin categor\u00eda\\\/interfaz-t-c-mod-go-solo\\\/\"]}]},{\"@type\":\"ImageObject\",\"inLanguage\":\"en-US\",\"@id\":\"https:\\\/\\\/www.mexicanguitarplayers.com\\\/tienda\\\/sin categor\u00eda\\\/interfaz-t-c-mod-go-solo\\\/#primaryimage\",\"url\":\"https:\\\/\\\/www.mexicanguitarplayers.com\\\/wp-content\\\/uploads\\\/2025\\\/04\\\/IATCEGOSOLO.jpg\",\"contentUrl\":\"https:\\\/\\\/www.mexicanguitarplayers.com\\\/wp-content\\\/uploads\\\/2025\\\/04\\\/IATCEGOSOLO.jpg\",\"width\":1200,\"height\":1200},{\"@type\":\"BreadcrumbList\",\"@id\":\"https:\\\/\\\/www.mexicanguitarplayers.com\\\/tienda\\\/sin categor\u00eda\\\/interfaz-t-c-mod-go-solo\\\/#breadcrumb\",\"itemListElement\":[{\"@type\":\"ListItem\",\"position\":1,\"name\":\"Portada\",\"item\":\"https:\\\/\\\/www.mexicanguitarplayers.com\\\/\"},{\"@type\":\"ListItem\",\"position\":2,\"name\":\"Tienda\",\"item\":\"https:\\\/\\\/www.mexicanguitarplayers.com\\\/tienda\\\/\"},{\"@type\":\"ListItem\",\"position\":3,\"name\":\"INTERFAZ T.C. MOD. GO SOLO\"}]},{\"@type\":\"WebSite\",\"@id\":\"https:\\\/\\\/www.mexicanguitarplayers.com\\\/#website\",\"url\":\"https:\\\/\\\/www.mexicanguitarplayers.com\\\/\",\"name\":\"Mexican Guitar Players\",\"description\":\"Website\",\"publisher\":{\"@id\":\"https:\\\/\\\/www.mexicanguitarplayers.com\\\/#organization\"},\"potentialAction\":[{\"@type\":\"SearchAction\",\"target\":{\"@type\":\"EntryPoint\",\"urlTemplate\":\"https:\\\/\\\/www.mexicanguitarplayers.com\\\/?s={search_term_string}\"},\"query-input\":{\"@type\":\"PropertyValueSpecification\",\"valueRequired\":true,\"valueName\":\"search_term_string\"}}],\"inLanguage\":\"en-US\"},{\"@type\":\"Organization\",\"@id\":\"https:\\\/\\\/www.mexicanguitarplayers.com\\\/#organization\",\"name\":\"Mexican Guitar Players\",\"url\":\"https:\\\/\\\/www.mexicanguitarplayers.com\\\/\",\"logo\":{\"@type\":\"ImageObject\",\"inLanguage\":\"en-US\",\"@id\":\"https:\\\/\\\/www.mexicanguitarplayers.com\\\/#\\\/schema\\\/logo\\\/image\\\/\",\"url\":\"\",\"contentUrl\":\"\",\"caption\":\"Mexican Guitar Players\"},\"image\":{\"@id\":\"https:\\\/\\\/www.mexicanguitarplayers.com\\\/#\\\/schema\\\/logo\\\/image\\\/\"}}]}<\/script>\n<!-- \/ Yoast SEO plugin. -->","yoast_head_json":{"title":"INTERFAZ T.C. MOD. GO SOLO - Mexican Guitar Players","description":"Interfaz de audio\/MIDI de un canal de alta definici\u00f3n para dispositivos m\u00f3viles, controla sonidos, samples y m\u00e1s con MIDI integrado, un conector XLR combo para entrada de micr\u00f3fono, nivel de l\u00ednea e instrumento, preamplificador de micr\u00f3fono de alta calidad con alimentaci\u00f3n phantom de +48V, se integra a la perfecci\u00f3n con el set creativo de TC Helicon y otras aplicaciones m\u00f3viles, salida de aud\u00edfonos est\u00e9reo con ganancia ajustable que permite el monitoreo en tiempo real, la salida 1\/4\u201d TRS con control de nivel se conecta a tus monitores PA o de estudio, 2 jacks E\/S MIDI de 2.5 mm que permiten conectar tus dispositivos MIDI de 5 pines (cables incluidos), se conecta directamente a tus dispositivos iOs, Android, Mac y PC utilizando el cable USB o MFi Lighting provisto, alimentado por USB o dos pilas AA, la fuente de alimentaci\u00f3n opcional te permite cargar el dispositivo m\u00f3vil mientras usas la interfaz, dimensiones: 40 x 45 x 128 mm, peso: 0.28 kg.","robots":{"index":"index","follow":"follow","max-snippet":"max-snippet:-1","max-image-preview":"max-image-preview:large","max-video-preview":"max-video-preview:-1"},"canonical":"https:\/\/www.mexicanguitarplayers.com\/en\/tienda\/sin categor\u00eda\/interfaz-t-c-mod-go-solo\/","og_locale":"en_US","og_type":"article","og_title":"INTERFAZ T.C. MOD. GO SOLO - Mexican Guitar Players","og_description":"Interfaz de audio\/MIDI de un canal de alta definici\u00f3n para dispositivos m\u00f3viles, controla sonidos, samples y m\u00e1s con MIDI integrado, un conector XLR combo para entrada de micr\u00f3fono, nivel de l\u00ednea e instrumento, preamplificador de micr\u00f3fono de alta calidad con alimentaci\u00f3n phantom de +48V, se integra a la perfecci\u00f3n con el set creativo de TC Helicon y otras aplicaciones m\u00f3viles, salida de aud\u00edfonos est\u00e9reo con ganancia ajustable que permite el monitoreo en tiempo real, la salida 1\/4\u201d TRS con control de nivel se conecta a tus monitores PA o de estudio, 2 jacks E\/S MIDI de 2.5 mm que permiten conectar tus dispositivos MIDI de 5 pines (cables incluidos), se conecta directamente a tus dispositivos iOs, Android, Mac y PC utilizando el cable USB o MFi Lighting provisto, alimentado por USB o dos pilas AA, la fuente de alimentaci\u00f3n opcional te permite cargar el dispositivo m\u00f3vil mientras usas la interfaz, dimensiones: 40 x 45 x 128 mm, peso: 0.28 kg.","og_url":"https:\/\/www.mexicanguitarplayers.com\/en\/tienda\/sin categor\u00eda\/interfaz-t-c-mod-go-solo\/","og_site_name":"Mexican Guitar Players","article_modified_time":"2026-01-22T10:15:07+00:00","twitter_card":"summary_large_image","twitter_misc":{"Est. reading time":"2 minutes"},"schema":{"@context":"https:\/\/schema.org","@graph":[{"@type":["WebPage","ItemPage"],"@id":"https:\/\/www.mexicanguitarplayers.com\/tienda\/sin categor\u00eda\/interfaz-t-c-mod-go-solo\/","url":"https:\/\/www.mexicanguitarplayers.com\/tienda\/sin categor\u00eda\/interfaz-t-c-mod-go-solo\/","name":"INTERFAZ T.C. MOD. GO SOLO - Mexican Guitar Players","isPartOf":{"@id":"https:\/\/www.mexicanguitarplayers.com\/#website"},"primaryImageOfPage":{"@id":"https:\/\/www.mexicanguitarplayers.com\/tienda\/sin categor\u00eda\/interfaz-t-c-mod-go-solo\/#primaryimage"},"image":{"@id":"https:\/\/www.mexicanguitarplayers.com\/tienda\/sin categor\u00eda\/interfaz-t-c-mod-go-solo\/#primaryimage"},"thumbnailUrl":"https:\/\/www.mexicanguitarplayers.com\/wp-content\/uploads\/2025\/04\/IATCEGOSOLO.jpg","datePublished":"2025-04-09T15:25:04+00:00","dateModified":"2026-01-22T10:15:07+00:00","description":"Interfaz de audio\/MIDI de un canal de alta definici\u00f3n para dispositivos m\u00f3viles, controla sonidos, samples y m\u00e1s con MIDI integrado, un conector XLR combo para entrada de micr\u00f3fono, nivel de l\u00ednea e instrumento, preamplificador de micr\u00f3fono de alta calidad con alimentaci\u00f3n phantom de +48V, se integra a la perfecci\u00f3n con el set creativo de TC Helicon y otras aplicaciones m\u00f3viles, salida de aud\u00edfonos est\u00e9reo con ganancia ajustable que permite el monitoreo en tiempo real, la salida 1\/4\u201d TRS con control de nivel se conecta a tus monitores PA o de estudio, 2 jacks E\/S MIDI de 2.5 mm que permiten conectar tus dispositivos MIDI de 5 pines (cables incluidos), se conecta directamente a tus dispositivos iOs, Android, Mac y PC utilizando el cable USB o MFi Lighting provisto, alimentado por USB o dos pilas AA, la fuente de alimentaci\u00f3n opcional te permite cargar el dispositivo m\u00f3vil mientras usas la interfaz, dimensiones: 40 x 45 x 128 mm, peso: 0.28 kg.","breadcrumb":{"@id":"https:\/\/www.mexicanguitarplayers.com\/tienda\/sin categor\u00eda\/interfaz-t-c-mod-go-solo\/#breadcrumb"},"inLanguage":"en-US","potentialAction":[{"@type":"ReadAction","target":["https:\/\/www.mexicanguitarplayers.com\/tienda\/sin categor\u00eda\/interfaz-t-c-mod-go-solo\/"]}]},{"@type":"ImageObject","inLanguage":"en-US","@id":"https:\/\/www.mexicanguitarplayers.com\/tienda\/sin categor\u00eda\/interfaz-t-c-mod-go-solo\/#primaryimage","url":"https:\/\/www.mexicanguitarplayers.com\/wp-content\/uploads\/2025\/04\/IATCEGOSOLO.jpg","contentUrl":"https:\/\/www.mexicanguitarplayers.com\/wp-content\/uploads\/2025\/04\/IATCEGOSOLO.jpg","width":1200,"height":1200},{"@type":"BreadcrumbList","@id":"https:\/\/www.mexicanguitarplayers.com\/tienda\/sin categor\u00eda\/interfaz-t-c-mod-go-solo\/#breadcrumb","itemListElement":[{"@type":"ListItem","position":1,"name":"Portada","item":"https:\/\/www.mexicanguitarplayers.com\/"},{"@type":"ListItem","position":2,"name":"Tienda","item":"https:\/\/www.mexicanguitarplayers.com\/tienda\/"},{"@type":"ListItem","position":3,"name":"INTERFAZ T.C. MOD. GO SOLO"}]},{"@type":"WebSite","@id":"https:\/\/www.mexicanguitarplayers.com\/#website","url":"https:\/\/www.mexicanguitarplayers.com\/","name":"Mexican Guitar Players","description":"Website","publisher":{"@id":"https:\/\/www.mexicanguitarplayers.com\/#organization"},"potentialAction":[{"@type":"SearchAction","target":{"@type":"EntryPoint","urlTemplate":"https:\/\/www.mexicanguitarplayers.com\/?s={search_term_string}"},"query-input":{"@type":"PropertyValueSpecification","valueRequired":true,"valueName":"search_term_string"}}],"inLanguage":"en-US"},{"@type":"Organization","@id":"https:\/\/www.mexicanguitarplayers.com\/#organization","name":"Mexican Guitar Players","url":"https:\/\/www.mexicanguitarplayers.com\/","logo":{"@type":"ImageObject","inLanguage":"en-US","@id":"https:\/\/www.mexicanguitarplayers.com\/#\/schema\/logo\/image\/","url":"","contentUrl":"","caption":"Mexican Guitar Players"},"image":{"@id":"https:\/\/www.mexicanguitarplayers.com\/#\/schema\/logo\/image\/"}}]}},"brands":[{"id":170,"name":"TC-ELECTRONIC","slug":"tc-electronic"}],"_links":{"self":[{"href":"https:\/\/www.mexicanguitarplayers.com\/en\/wp-json\/wp\/v2\/product\/42720","targetHints":{"allow":["GET"]}}],"collection":[{"href":"https:\/\/www.mexicanguitarplayers.com\/en\/wp-json\/wp\/v2\/product"}],"about":[{"href":"https:\/\/www.mexicanguitarplayers.com\/en\/wp-json\/wp\/v2\/types\/product"}],"replies":[{"embeddable":true,"href":"https:\/\/www.mexicanguitarplayers.com\/en\/wp-json\/wp\/v2\/comments?post=42720"}],"wp:featuredmedia":[{"embeddable":true,"href":"https:\/\/www.mexicanguitarplayers.com\/en\/wp-json\/wp\/v2\/media\/42713"}],"wp:attachment":[{"href":"https:\/\/www.mexicanguitarplayers.com\/en\/wp-json\/wp\/v2\/media?parent=42720"}],"wp:term":[{"taxonomy":"pwb-brand","embeddable":true,"href":"https:\/\/www.mexicanguitarplayers.com\/en\/wp-json\/wp\/v2\/pwb-brand?post=42720"},{"taxonomy":"product_brand","embeddable":true,"href":"https:\/\/www.mexicanguitarplayers.com\/en\/wp-json\/wp\/v2\/product_brand?post=42720"},{"taxonomy":"product_cat","embeddable":true,"href":"https:\/\/www.mexicanguitarplayers.com\/en\/wp-json\/wp\/v2\/product_cat?post=42720"},{"taxonomy":"product_tag","embeddable":true,"href":"https:\/\/www.mexicanguitarplayers.com\/en\/wp-json\/wp\/v2\/product_tag?post=42720"}],"curies":[{"name":"wp","href":"https:\/\/api.w.org\/{rel}","templated":true}]}}