{"id":42758,"date":"2025-04-09T09:27:48","date_gmt":"2025-04-09T15:27:48","guid":{"rendered":"https:\/\/www.mexicanguitarplayers.com\/tienda\/sin categor\u00eda\/bafle-proel-plastico-c-poder-flash-12a\/"},"modified":"2026-04-10T04:16:06","modified_gmt":"2026-04-10T10:16:06","slug":"bafle-proel-plastico-c-poder-flash-12a","status":"publish","type":"product","link":"https:\/\/www.mexicanguitarplayers.com\/en\/tienda\/audio\/bafles-y-bocinas\/bafles\/bafles-activos\/bafle-proel-plastico-c-poder-flash-12a\/","title":{"rendered":"BAFLE PROEL PLASTICO C\/PODER FLASH-12A"},"content":{"rendered":"<div style=\"text-align: justify\">\n<div>\n<h3>Calidad y portabilidad solo con la serie Flash.<\/h3>\n<\/div>\n<div>Flash es una l\u00ednea de productos dise\u00f1ados por Proel para satisfacer a todos aquellos que est\u00e9n buscando sistemas de peso ligero y vers\u00e1tiles con un dise\u00f1o elegante y un sonido de alta calidad. El objetivo de Proel fue crear una serie de productos que puedan afrontar cualquier situaci\u00f3n con la certeza del resultado final. Las innovaciones que aparecen en la serie Flash, comienzan con gabinetes de polipropileno de peso ligero y que ofrecen un amplio sistema interno acanalado, dise\u00f1ado despu\u00e9s de un detallado an\u00e1lisis FEM, que minimiza la resonancia estructural y garantiza una calidad superior de audio, incluso a muy altos niveles de presi\u00f3n sonora. El perfil de los gabinetes permite utilizar estos recintos tambi\u00e9n como monitores de escenario. Gracias a los cuatro puntos de suspensi\u00f3n y a los accesorios opcionales disponibles de Proel, estos bafles se pueden instalar en una gran variedad de posiciones. El 12A es un bafle activo de 2 v\u00edas que cuenta con una potencia de 200 watts continuos de amplificaci\u00f3n, respuesta de frecuencia de 50 Hz a 20 kHz, sensibilidad de 98 dB, woofer de 12&#8243; pulgadas y tweeter de 1&#8243; pulgada.<\/div>\n<div>\n<h4>Quick look<\/h4>\n<\/div>\n<ul style=\"margin: 0px 0px 0px 25px\">\n<li style=\"list-style-type: circle;margin: 5px\">Tipo de sistema.<\/li>\n<li style=\"list-style-type: circle;margin: 5px\">Potencia continua.<\/li>\n<li style=\"list-style-type: circle;margin: 5px\">Input impedance.<\/li>\n<li style=\"list-style-type: circle;margin: 5px\">Frequency response.<\/li>\n<li style=\"list-style-type: circle;margin: 5px\">Sensitivity.<\/li>\n<li style=\"list-style-type: circle;margin: 5px\">Sensibilidad de entrada.<\/li>\n<li style=\"list-style-type: circle;margin: 5px\">Dispositivo de alta frecuencia.<\/li>\n<li style=\"list-style-type: circle;margin: 5px\">Dispositivo de baja frecuencia.<\/li>\n<li style=\"list-style-type: circle;margin: 5px\">Frecuencia de crossover.<\/li>\n<li style=\"list-style-type: circle;margin: 5px\">Ecualizador de baja frecuencia.<\/li>\n<li style=\"list-style-type: circle;margin: 5px\">Ecualizador de alta frecuencia.<\/li>\n<li style=\"list-style-type: circle;margin: 5px\">Cobertura angular.<\/li>\n<li style=\"list-style-type: circle;margin: 5px\">Monitor Taper.<\/li>\n<li style=\"list-style-type: circle;margin: 5px\">Power supply.<\/li>\n<li style=\"list-style-type: circle;margin: 5px\">Consumo de energ\u00eda m\u00e1ximo.<\/li>\n<li style=\"list-style-type: circle;margin: 5px\">Enfriamiento.<\/li>\n<li style=\"list-style-type: circle;margin: 5px\">Connectors.<\/li>\n<li style=\"list-style-type: circle;margin: 5px\">Construcci\u00f3n.<\/li>\n<li style=\"list-style-type: circle;margin: 5px\">Montaje en poste.<\/li>\n<li style=\"list-style-type: circle;margin: 5px\">Sistema de suspensi\u00f3n.<\/li>\n<li style=\"list-style-type: circle;margin: 5px\">Weight.<\/li>\n<li style=\"list-style-type: circle;margin: 5px\">Dimensi\u00f3n.<\/li>\n<li style=\"list-style-type: circle;margin: 5px\">Controls<\/li>\n<\/ul>\n<div>\n<div style=\"font-weight: bold\">Tipo de sistema.<\/div>\n<div>\n<p>Gabinete activo procesado de dos v\u00edas.<\/p>\n<\/div>\n<div style=\"font-weight: bold\">Potencia continua.<\/div>\n<div>\n<p>200 watts + 50 watts bi-amplificado.<\/p>\n<\/div>\n<div style=\"font-weight: bold\">Input impedance.<\/div>\n<div>\n<p>L\u00ednea: 20 kohms balanceado, 10 kohms desbalanceado. Mic: 2 kohms balanceado, 1 kohm desbalanceado.<\/p>\n<\/div>\n<div style=\"font-weight: bold\">Frequency response.<\/div>\n<div>\n<p>50 Hz &#8211; 20 kHz.<\/p>\n<\/div>\n<div style=\"font-weight: bold\">Sensitivity.<\/div>\n<div>\n<p>98 dB @ 1 W\/1 m.<\/p>\n<\/div>\n<div style=\"font-weight: bold\">Sensibilidad de entrada.<\/div>\n<div>\n<p>L\u00ednea 0 dBu \/ 0.775 V. Mic: max -35 dBu.<\/p>\n<\/div>\n<div style=\"font-weight: bold\">Dispositivo de alta frecuencia.<\/div>\n<div>\n<p>Woofer de 12&#8243; pulgadas.<\/p>\n<\/div>\n<div style=\"font-weight: bold\">Dispositivo de baja frecuencia.<\/div>\n<div>\n<p>Driver de compresi\u00f3n de diafragma de titanio de 1&#8243; pulgada.<\/p>\n<\/div>\n<div style=\"font-weight: bold\">Frecuencia de crossover.<\/div>\n<div>\n<p>2000 Hz.<\/p>\n<\/div>\n<div style=\"font-weight: bold\">Ecualizador de baja frecuencia.<\/div>\n<div>\n<p>100 Hz + 6 dB, -6 dB shelving.<\/p>\n<\/div>\n<div style=\"font-weight: bold\">Ecualizador de alta frecuencia.<\/div>\n<div>\n<p>8 kHz + 6 dB, -6 dB shelving.<\/p>\n<\/div>\n<div style=\"font-weight: bold\">Cobertura angular.<\/div>\n<div>\n<p>90\u00b0 H x 60\u00b0 V.<\/p>\n<\/div>\n<div style=\"font-weight: bold\">Monitor Taper.<\/div>\n<div>\n<p>42\u00b0.<\/p>\n<\/div>\n<div style=\"font-weight: bold\">Power supply.<\/div>\n<div>\n<p>230 VAC 50 Hz o 120 VAC 60 Hz.<\/p>\n<\/div>\n<div style=\"font-weight: bold\">Consumo de energ\u00eda m\u00e1ximo.<\/div>\n<div>\n<p>390 VA.<\/p>\n<\/div>\n<div style=\"font-weight: bold\">Enfriamiento.<\/div>\n<div>\n<p>Convecci\u00f3n natural (protecci\u00f3n de seguridad 65\u00b0).<\/p>\n<\/div>\n<div style=\"font-weight: bold\">Connectors.<\/div>\n<div>\n<p>Entrada: Combo, XLR hembra. Link: XLR macho.<\/p>\n<\/div>\n<div style=\"font-weight: bold\">Construcci\u00f3n.<\/div>\n<div>\n<p>Inyecci\u00f3n de polipropileno reforzado de alta densidad.<\/p>\n<\/div>\n<div style=\"font-weight: bold\">Montaje en poste.<\/div>\n<div>\n<p>1 abajo.<\/p>\n<\/div>\n<div style=\"font-weight: bold\">Sistema de suspensi\u00f3n.<\/div>\n<div>\n<p>4 x M10 &#8211; arriba, abajo.<\/p>\n<\/div>\n<div style=\"font-weight: bold\">Weight.<\/div>\n<div>\n<p>20 Kg.<\/p>\n<\/div>\n<div style=\"font-weight: bold\">Dimensi\u00f3n.<\/div>\n<div>\n<p>39 x 63 x 36 cm.<\/p>\n<\/div>\n<div style=\"font-weight: bold\">Controls<\/div>\n<div>\n<p>Nivel de micr\u00f3fono, nivel de l\u00ednea, ecualizaci\u00f3n aguda, ecualizaci\u00f3n grave, tierra.<\/p>\n<\/div>\n<\/div>\n<\/div>","protected":false},"excerpt":{"rendered":"<p>Bafle activo procesado de dos v\u00edas, potencia continua: 200 watts + 50 watts bi-amplificado, woofer de 12\u201d pulgadas, driver de compresi\u00f3n de diafragma de titanio de 1\u201d pulgada, respuesta de frecuencia: 50 Hz &#8211; 20 kHz, sensibilidad: 98 dB, frecuencia de crossover: 2000 Hz, cobertura angular: 90\u00b0 H x 60\u00b0 V, consumo de energ\u00eda m\u00e1ximo: 390 VA, dimensiones: 39 x 63 x 36 cm, peso: 20 kg.&hellip; <a class=\"kt-excerpt-readmore more-link\" href=\"https:\/\/www.mexicanguitarplayers.com\/en\/tienda\/audio\/bafles-y-bocinas\/bafles\/bafles-activos\/bafle-proel-plastico-c-poder-flash-12a\/\">Read more<\/a><\/p>","protected":false},"featured_media":42757,"comment_status":"open","ping_status":"closed","template":"","meta":{"kt_blocks_editor_width":""},"pwb-brand":[252],"product_brand":[],"product_cat":[213,222,472,221],"product_tag":[],"class_list":{"0":"post-42758","1":"product","2":"type-product","3":"status-publish","4":"has-post-thumbnail","6":"pwb-brand-proel","7":"product_cat-audio","8":"product_cat-bafles","9":"product_cat-bafles-activos","10":"product_cat-bafles-y-bocinas","11":"product_shipping_class-20-25-kg","13":"first","14":"outofstock","15":"taxable","16":"shipping-taxable","17":"purchasable","18":"product-type-simple"},"yoast_head":"<!-- This site is optimized with the Yoast SEO plugin v27.5 - https:\/\/yoast.com\/product\/yoast-seo-wordpress\/ -->\n<title>BAFLE PROEL PLASTICO C\/PODER FLASH-12A - Mexican Guitar Players<\/title>\n<meta name=\"description\" content=\"Bafle activo procesado de dos v\u00edas, potencia continua: 200 watts + 50 watts bi-amplificado, woofer de 12\u201d pulgadas, driver de compresi\u00f3n de diafragma de titanio de 1\u201d pulgada, respuesta de frecuencia: 50 Hz - 20 kHz, sensibilidad: 98 dB, frecuencia de crossover: 2000 Hz, cobertura angular: 90\u00b0 H x 60\u00b0 V, consumo de energ\u00eda m\u00e1ximo: 390 VA, dimensiones: 39 x 63 x 36 cm, peso: 20 kg.\" \/>\n<meta name=\"robots\" content=\"index, follow, max-snippet:-1, max-image-preview:large, max-video-preview:-1\" \/>\n<link rel=\"canonical\" href=\"https:\/\/www.mexicanguitarplayers.com\/en\/tienda\/sin%20categor\u00eda\/bafle-proel-plastico-c-poder-flash-12a\/\" \/>\n<meta property=\"og:locale\" content=\"en_US\" \/>\n<meta property=\"og:type\" content=\"article\" \/>\n<meta property=\"og:title\" content=\"BAFLE PROEL PLASTICO C\/PODER FLASH-12A - Mexican Guitar Players\" \/>\n<meta property=\"og:description\" content=\"Bafle activo procesado de dos v\u00edas, potencia continua: 200 watts + 50 watts bi-amplificado, woofer de 12\u201d pulgadas, driver de compresi\u00f3n de diafragma de titanio de 1\u201d pulgada, respuesta de frecuencia: 50 Hz - 20 kHz, sensibilidad: 98 dB, frecuencia de crossover: 2000 Hz, cobertura angular: 90\u00b0 H x 60\u00b0 V, consumo de energ\u00eda m\u00e1ximo: 390 VA, dimensiones: 39 x 63 x 36 cm, peso: 20 kg.\" \/>\n<meta property=\"og:url\" content=\"https:\/\/www.mexicanguitarplayers.com\/en\/tienda\/sin categor\u00eda\/bafle-proel-plastico-c-poder-flash-12a\/\" \/>\n<meta property=\"og:site_name\" content=\"Mexican Guitar Players\" \/>\n<meta property=\"article:modified_time\" content=\"2026-04-10T10:16:06+00:00\" \/>\n<meta name=\"twitter:card\" content=\"summary_large_image\" \/>\n<meta name=\"twitter:label1\" content=\"Est. reading time\" \/>\n\t<meta name=\"twitter:data1\" content=\"2 minutes\" \/>\n<script type=\"application\/ld+json\" class=\"yoast-schema-graph\">{\"@context\":\"https:\\\/\\\/schema.org\",\"@graph\":[{\"@type\":[\"WebPage\",\"ItemPage\"],\"@id\":\"https:\\\/\\\/www.mexicanguitarplayers.com\\\/tienda\\\/sin categor\u00eda\\\/bafle-proel-plastico-c-poder-flash-12a\\\/\",\"url\":\"https:\\\/\\\/www.mexicanguitarplayers.com\\\/tienda\\\/sin categor\u00eda\\\/bafle-proel-plastico-c-poder-flash-12a\\\/\",\"name\":\"BAFLE PROEL PLASTICO C\\\/PODER FLASH-12A - Mexican Guitar Players\",\"isPartOf\":{\"@id\":\"https:\\\/\\\/www.mexicanguitarplayers.com\\\/#website\"},\"primaryImageOfPage\":{\"@id\":\"https:\\\/\\\/www.mexicanguitarplayers.com\\\/tienda\\\/sin categor\u00eda\\\/bafle-proel-plastico-c-poder-flash-12a\\\/#primaryimage\"},\"image\":{\"@id\":\"https:\\\/\\\/www.mexicanguitarplayers.com\\\/tienda\\\/sin categor\u00eda\\\/bafle-proel-plastico-c-poder-flash-12a\\\/#primaryimage\"},\"thumbnailUrl\":\"https:\\\/\\\/www.mexicanguitarplayers.com\\\/wp-content\\\/uploads\\\/2025\\\/04\\\/IAPREFLASH12A.jpg\",\"datePublished\":\"2025-04-09T15:27:48+00:00\",\"dateModified\":\"2026-04-10T10:16:06+00:00\",\"description\":\"Bafle activo procesado de dos v\u00edas, potencia continua: 200 watts + 50 watts bi-amplificado, woofer de 12\u201d pulgadas, driver de compresi\u00f3n de diafragma de titanio de 1\u201d pulgada, respuesta de frecuencia: 50 Hz - 20 kHz, sensibilidad: 98 dB, frecuencia de crossover: 2000 Hz, cobertura angular: 90\u00b0 H x 60\u00b0 V, consumo de energ\u00eda m\u00e1ximo: 390 VA, dimensiones: 39 x 63 x 36 cm, peso: 20 kg.\",\"breadcrumb\":{\"@id\":\"https:\\\/\\\/www.mexicanguitarplayers.com\\\/tienda\\\/sin categor\u00eda\\\/bafle-proel-plastico-c-poder-flash-12a\\\/#breadcrumb\"},\"inLanguage\":\"en-US\",\"potentialAction\":[{\"@type\":\"ReadAction\",\"target\":[\"https:\\\/\\\/www.mexicanguitarplayers.com\\\/tienda\\\/sin categor\u00eda\\\/bafle-proel-plastico-c-poder-flash-12a\\\/\"]}]},{\"@type\":\"ImageObject\",\"inLanguage\":\"en-US\",\"@id\":\"https:\\\/\\\/www.mexicanguitarplayers.com\\\/tienda\\\/sin categor\u00eda\\\/bafle-proel-plastico-c-poder-flash-12a\\\/#primaryimage\",\"url\":\"https:\\\/\\\/www.mexicanguitarplayers.com\\\/wp-content\\\/uploads\\\/2025\\\/04\\\/IAPREFLASH12A.jpg\",\"contentUrl\":\"https:\\\/\\\/www.mexicanguitarplayers.com\\\/wp-content\\\/uploads\\\/2025\\\/04\\\/IAPREFLASH12A.jpg\",\"width\":1200,\"height\":1200},{\"@type\":\"BreadcrumbList\",\"@id\":\"https:\\\/\\\/www.mexicanguitarplayers.com\\\/tienda\\\/sin categor\u00eda\\\/bafle-proel-plastico-c-poder-flash-12a\\\/#breadcrumb\",\"itemListElement\":[{\"@type\":\"ListItem\",\"position\":1,\"name\":\"Portada\",\"item\":\"https:\\\/\\\/www.mexicanguitarplayers.com\\\/\"},{\"@type\":\"ListItem\",\"position\":2,\"name\":\"Tienda\",\"item\":\"https:\\\/\\\/www.mexicanguitarplayers.com\\\/tienda\\\/\"},{\"@type\":\"ListItem\",\"position\":3,\"name\":\"BAFLE PROEL PLASTICO C\\\/PODER FLASH-12A\"}]},{\"@type\":\"WebSite\",\"@id\":\"https:\\\/\\\/www.mexicanguitarplayers.com\\\/#website\",\"url\":\"https:\\\/\\\/www.mexicanguitarplayers.com\\\/\",\"name\":\"Mexican Guitar Players\",\"description\":\"Website\",\"publisher\":{\"@id\":\"https:\\\/\\\/www.mexicanguitarplayers.com\\\/#organization\"},\"potentialAction\":[{\"@type\":\"SearchAction\",\"target\":{\"@type\":\"EntryPoint\",\"urlTemplate\":\"https:\\\/\\\/www.mexicanguitarplayers.com\\\/?s={search_term_string}\"},\"query-input\":{\"@type\":\"PropertyValueSpecification\",\"valueRequired\":true,\"valueName\":\"search_term_string\"}}],\"inLanguage\":\"en-US\"},{\"@type\":\"Organization\",\"@id\":\"https:\\\/\\\/www.mexicanguitarplayers.com\\\/#organization\",\"name\":\"Mexican Guitar Players\",\"url\":\"https:\\\/\\\/www.mexicanguitarplayers.com\\\/\",\"logo\":{\"@type\":\"ImageObject\",\"inLanguage\":\"en-US\",\"@id\":\"https:\\\/\\\/www.mexicanguitarplayers.com\\\/#\\\/schema\\\/logo\\\/image\\\/\",\"url\":\"\",\"contentUrl\":\"\",\"caption\":\"Mexican Guitar Players\"},\"image\":{\"@id\":\"https:\\\/\\\/www.mexicanguitarplayers.com\\\/#\\\/schema\\\/logo\\\/image\\\/\"}}]}<\/script>\n<!-- \/ Yoast SEO plugin. -->","yoast_head_json":{"title":"BAFLE PROEL PLASTICO C\/PODER FLASH-12A - Mexican Guitar Players","description":"Bafle activo procesado de dos v\u00edas, potencia continua: 200 watts + 50 watts bi-amplificado, woofer de 12\u201d pulgadas, driver de compresi\u00f3n de diafragma de titanio de 1\u201d pulgada, respuesta de frecuencia: 50 Hz - 20 kHz, sensibilidad: 98 dB, frecuencia de crossover: 2000 Hz, cobertura angular: 90\u00b0 H x 60\u00b0 V, consumo de energ\u00eda m\u00e1ximo: 390 VA, dimensiones: 39 x 63 x 36 cm, peso: 20 kg.","robots":{"index":"index","follow":"follow","max-snippet":"max-snippet:-1","max-image-preview":"max-image-preview:large","max-video-preview":"max-video-preview:-1"},"canonical":"https:\/\/www.mexicanguitarplayers.com\/en\/tienda\/sin categor\u00eda\/bafle-proel-plastico-c-poder-flash-12a\/","og_locale":"en_US","og_type":"article","og_title":"BAFLE PROEL PLASTICO C\/PODER FLASH-12A - Mexican Guitar Players","og_description":"Bafle activo procesado de dos v\u00edas, potencia continua: 200 watts + 50 watts bi-amplificado, woofer de 12\u201d pulgadas, driver de compresi\u00f3n de diafragma de titanio de 1\u201d pulgada, respuesta de frecuencia: 50 Hz - 20 kHz, sensibilidad: 98 dB, frecuencia de crossover: 2000 Hz, cobertura angular: 90\u00b0 H x 60\u00b0 V, consumo de energ\u00eda m\u00e1ximo: 390 VA, dimensiones: 39 x 63 x 36 cm, peso: 20 kg.","og_url":"https:\/\/www.mexicanguitarplayers.com\/en\/tienda\/sin categor\u00eda\/bafle-proel-plastico-c-poder-flash-12a\/","og_site_name":"Mexican Guitar Players","article_modified_time":"2026-04-10T10:16:06+00:00","twitter_card":"summary_large_image","twitter_misc":{"Est. reading time":"2 minutes"},"schema":{"@context":"https:\/\/schema.org","@graph":[{"@type":["WebPage","ItemPage"],"@id":"https:\/\/www.mexicanguitarplayers.com\/tienda\/sin categor\u00eda\/bafle-proel-plastico-c-poder-flash-12a\/","url":"https:\/\/www.mexicanguitarplayers.com\/tienda\/sin categor\u00eda\/bafle-proel-plastico-c-poder-flash-12a\/","name":"BAFLE PROEL PLASTICO C\/PODER FLASH-12A - Mexican Guitar Players","isPartOf":{"@id":"https:\/\/www.mexicanguitarplayers.com\/#website"},"primaryImageOfPage":{"@id":"https:\/\/www.mexicanguitarplayers.com\/tienda\/sin categor\u00eda\/bafle-proel-plastico-c-poder-flash-12a\/#primaryimage"},"image":{"@id":"https:\/\/www.mexicanguitarplayers.com\/tienda\/sin categor\u00eda\/bafle-proel-plastico-c-poder-flash-12a\/#primaryimage"},"thumbnailUrl":"https:\/\/www.mexicanguitarplayers.com\/wp-content\/uploads\/2025\/04\/IAPREFLASH12A.jpg","datePublished":"2025-04-09T15:27:48+00:00","dateModified":"2026-04-10T10:16:06+00:00","description":"Bafle activo procesado de dos v\u00edas, potencia continua: 200 watts + 50 watts bi-amplificado, woofer de 12\u201d pulgadas, driver de compresi\u00f3n de diafragma de titanio de 1\u201d pulgada, respuesta de frecuencia: 50 Hz - 20 kHz, sensibilidad: 98 dB, frecuencia de crossover: 2000 Hz, cobertura angular: 90\u00b0 H x 60\u00b0 V, consumo de energ\u00eda m\u00e1ximo: 390 VA, dimensiones: 39 x 63 x 36 cm, peso: 20 kg.","breadcrumb":{"@id":"https:\/\/www.mexicanguitarplayers.com\/tienda\/sin categor\u00eda\/bafle-proel-plastico-c-poder-flash-12a\/#breadcrumb"},"inLanguage":"en-US","potentialAction":[{"@type":"ReadAction","target":["https:\/\/www.mexicanguitarplayers.com\/tienda\/sin categor\u00eda\/bafle-proel-plastico-c-poder-flash-12a\/"]}]},{"@type":"ImageObject","inLanguage":"en-US","@id":"https:\/\/www.mexicanguitarplayers.com\/tienda\/sin categor\u00eda\/bafle-proel-plastico-c-poder-flash-12a\/#primaryimage","url":"https:\/\/www.mexicanguitarplayers.com\/wp-content\/uploads\/2025\/04\/IAPREFLASH12A.jpg","contentUrl":"https:\/\/www.mexicanguitarplayers.com\/wp-content\/uploads\/2025\/04\/IAPREFLASH12A.jpg","width":1200,"height":1200},{"@type":"BreadcrumbList","@id":"https:\/\/www.mexicanguitarplayers.com\/tienda\/sin categor\u00eda\/bafle-proel-plastico-c-poder-flash-12a\/#breadcrumb","itemListElement":[{"@type":"ListItem","position":1,"name":"Portada","item":"https:\/\/www.mexicanguitarplayers.com\/"},{"@type":"ListItem","position":2,"name":"Tienda","item":"https:\/\/www.mexicanguitarplayers.com\/tienda\/"},{"@type":"ListItem","position":3,"name":"BAFLE PROEL PLASTICO C\/PODER FLASH-12A"}]},{"@type":"WebSite","@id":"https:\/\/www.mexicanguitarplayers.com\/#website","url":"https:\/\/www.mexicanguitarplayers.com\/","name":"Mexican Guitar Players","description":"Website","publisher":{"@id":"https:\/\/www.mexicanguitarplayers.com\/#organization"},"potentialAction":[{"@type":"SearchAction","target":{"@type":"EntryPoint","urlTemplate":"https:\/\/www.mexicanguitarplayers.com\/?s={search_term_string}"},"query-input":{"@type":"PropertyValueSpecification","valueRequired":true,"valueName":"search_term_string"}}],"inLanguage":"en-US"},{"@type":"Organization","@id":"https:\/\/www.mexicanguitarplayers.com\/#organization","name":"Mexican Guitar Players","url":"https:\/\/www.mexicanguitarplayers.com\/","logo":{"@type":"ImageObject","inLanguage":"en-US","@id":"https:\/\/www.mexicanguitarplayers.com\/#\/schema\/logo\/image\/","url":"","contentUrl":"","caption":"Mexican Guitar Players"},"image":{"@id":"https:\/\/www.mexicanguitarplayers.com\/#\/schema\/logo\/image\/"}}]}},"brands":[{"id":252,"name":"PROEL","slug":"proel"}],"_links":{"self":[{"href":"https:\/\/www.mexicanguitarplayers.com\/en\/wp-json\/wp\/v2\/product\/42758","targetHints":{"allow":["GET"]}}],"collection":[{"href":"https:\/\/www.mexicanguitarplayers.com\/en\/wp-json\/wp\/v2\/product"}],"about":[{"href":"https:\/\/www.mexicanguitarplayers.com\/en\/wp-json\/wp\/v2\/types\/product"}],"replies":[{"embeddable":true,"href":"https:\/\/www.mexicanguitarplayers.com\/en\/wp-json\/wp\/v2\/comments?post=42758"}],"wp:featuredmedia":[{"embeddable":true,"href":"https:\/\/www.mexicanguitarplayers.com\/en\/wp-json\/wp\/v2\/media\/42757"}],"wp:attachment":[{"href":"https:\/\/www.mexicanguitarplayers.com\/en\/wp-json\/wp\/v2\/media?parent=42758"}],"wp:term":[{"taxonomy":"pwb-brand","embeddable":true,"href":"https:\/\/www.mexicanguitarplayers.com\/en\/wp-json\/wp\/v2\/pwb-brand?post=42758"},{"taxonomy":"product_brand","embeddable":true,"href":"https:\/\/www.mexicanguitarplayers.com\/en\/wp-json\/wp\/v2\/product_brand?post=42758"},{"taxonomy":"product_cat","embeddable":true,"href":"https:\/\/www.mexicanguitarplayers.com\/en\/wp-json\/wp\/v2\/product_cat?post=42758"},{"taxonomy":"product_tag","embeddable":true,"href":"https:\/\/www.mexicanguitarplayers.com\/en\/wp-json\/wp\/v2\/product_tag?post=42758"}],"curies":[{"name":"wp","href":"https:\/\/api.w.org\/{rel}","templated":true}]}}