{"id":42778,"date":"2025-04-09T09:28:13","date_gmt":"2025-04-09T15:28:13","guid":{"rendered":"https:\/\/www.mexicanguitarplayers.com\/tienda\/sin categor\u00eda\/bafle-proel-c-poder-wave15a\/"},"modified":"2026-04-10T04:16:03","modified_gmt":"2026-04-10T10:16:03","slug":"bafle-proel-c-poder-wave15a","status":"publish","type":"product","link":"https:\/\/www.mexicanguitarplayers.com\/en\/tienda\/audio\/bafles-y-bocinas\/bafles\/bafles-activos\/bafle-proel-c-poder-wave15a\/","title":{"rendered":"BAFLE PROEL      C\/PODER   WAVE15A"},"content":{"rendered":"<div style=\"text-align: justify\">\n<div>\n<h3>Reproducci\u00f3n MP3 sin necesidad de cables.<\/h3>\n<\/div>\n<div>En respuesta a la creciente demanda de sistemas PA port\u00e1tiles compactos, ligeros y f\u00e1ciles de utilizar, Proel ha introducido la nueva serie WAVE, un nuevo rango de altavoces activos que cuentan con m\u00faltiples entradas y reproductor MP3 con conectividad vers\u00e1til Bluetooth a un precio inmejorable.  Alojados en un gabinete de polipropileno ligero y ultra durable, los sistemas WAVE combinan transductores HF y LF seleccionados con electr\u00f3nica de vanguardia, incluyendo una sofisticada secci\u00f3n de pre amplificaci\u00f3n con filtrado activo, doble limitador de clip y amplificadores de potencia eficiente clase D para la secci\u00f3n LF. El reproductor multimedia es capaz de reproducir archivos MP3 no s\u00f3lo de una tarjeta SD o una memoria USB, sino tambi\u00e9n a trav\u00e9s de una conexi\u00f3n Bluetooth. S\u00f3lo tienes que vincular tu tel\u00e9fono o tablet con un altavoz WAVE para escuchar m\u00fasica sin necesidad de conectar ning\u00fan cable. Gracias a la tecnolog\u00eda incorporada en su mezcladora de 2 canales, se puede conectar un micr\u00f3fono o una fuente externa adicional a tu PA y  mezclar tu sonido con controles de nivel independientes y un ecualizador de 2 bandas. La configuraci\u00f3n y el uso de este sistema nunca fueron tan sencillos. Los 3 modelos de la serie se pueden utilizar en una variedad de aplicaciones que van desde la locuci\u00f3n hasta la reproducci\u00f3n de audio MP3, m\u00fasica en vivo y sets de DJ. Los gabinetes extremadamente vers\u00e1tiles pueden ser montados en poste est\u00e1ndar, pueden ser utilizados como monitoreo de escenario e incluso cuentan con sistema de suspensi\u00f3n. Todos los modelos est\u00e1n disponibles tambi\u00e9n en versi\u00f3n pasiva para el uso de instalaciones fijas o en sistemas con amplificadores de potencia existentes.<\/div>\n<div>\n<h4>Quick look<\/h4>\n<\/div>\n<ul style=\"margin: 0px 0px 0px 25px\">\n<li style=\"list-style-type: circle;margin: 5px\">Tipo de sistema.<\/li>\n<li style=\"list-style-type: circle;margin: 5px\">Dispositivo de alta frecuencia.<\/li>\n<li style=\"list-style-type: circle;margin: 5px\">Dispositivo de baja frecuencia.<\/li>\n<li style=\"list-style-type: circle;margin: 5px\">Cobertura nominal.<\/li>\n<li style=\"list-style-type: circle;margin: 5px\">Potencia pico total.<\/li>\n<li style=\"list-style-type: circle;margin: 5px\">Potencia continua de amplificador HF.<\/li>\n<li style=\"list-style-type: circle;margin: 5px\">Potencia continua de amplificador LF.<\/li>\n<li style=\"list-style-type: circle;margin: 5px\">Frequency response.<\/li>\n<li style=\"list-style-type: circle;margin: 5px\">Maximum SPL.<\/li>\n<li style=\"list-style-type: circle;margin: 5px\">Connectors.<\/li>\n<li style=\"list-style-type: circle;margin: 5px\">Controls<\/li>\n<li style=\"list-style-type: circle;margin: 5px\">Power supply.<\/li>\n<li style=\"list-style-type: circle;margin: 5px\">Sistema de suspensi\u00f3n.<\/li>\n<li style=\"list-style-type: circle;margin: 5px\">Construcci\u00f3n.<\/li>\n<li style=\"list-style-type: circle;margin: 5px\">Montaje en poste.<\/li>\n<li style=\"list-style-type: circle;margin: 5px\">Dimensions.<\/li>\n<li style=\"list-style-type: circle;margin: 5px\">Weight.<\/li>\n<\/ul>\n<div>\n<div style=\"font-weight: bold\">Tipo de sistema.<\/div>\n<div>\n<p>Recinto ventilado de 2 v\u00edas.<\/p>\n<\/div>\n<div style=\"font-weight: bold\">Dispositivo de alta frecuencia.<\/div>\n<div>\n<p>Driver de compresi\u00f3n de 1\u201d pulgada con bobina m\u00f3vil de 1.35\u201d pulgadas.<\/p>\n<\/div>\n<div style=\"font-weight: bold\">Dispositivo de baja frecuencia.<\/div>\n<div>\n<p>Woofer de 15\u201d pulgadas con bobina m\u00f3vil de 2.5\u201d pulgadas.<\/p>\n<\/div>\n<div style=\"font-weight: bold\">Cobertura nominal.<\/div>\n<div>\n<p>90\u00b0 x 60\u00b0.<\/p>\n<\/div>\n<div style=\"font-weight: bold\">Potencia pico total.<\/div>\n<div>\n<p>400 watts.<\/p>\n<\/div>\n<div style=\"font-weight: bold\">Potencia continua de amplificador HF.<\/div>\n<div>\n<p>50 watts clase AB.<\/p>\n<\/div>\n<div style=\"font-weight: bold\">Potencia continua de amplificador LF.<\/div>\n<div>\n<p>150 watts clase D.<\/p>\n<\/div>\n<div style=\"font-weight: bold\">Frequency response.<\/div>\n<div>\n<p>50 Hz &#8211; 20 kHz.<\/p>\n<\/div>\n<div style=\"font-weight: bold\">Maximum SPL.<\/div>\n<div>\n<p>125 dB.<\/p>\n<\/div>\n<div style=\"font-weight: bold\">Connectors.<\/div>\n<div>\n<p>Entrada Mic\/L\u00ednea: XLR hembra + Jack 1\/4\u201d. Entrada L\u00ednea: XLR hembra 2 x RCA. Salida de l\u00ednea: XLR macho.<\/p>\n<\/div>\n<div style=\"font-weight: bold\">Controls<\/div>\n<div>\n<p>Mic\/L\u00ednea, L\u00ednea, Nivel maestro, selector de Mic\/L\u00ednea, Ecualizador grave, Ecualizador agudo, Nivel de reproductor multimedia + Navegaci\u00f3n.<\/p>\n<\/div>\n<div style=\"font-weight: bold\">Power supply.<\/div>\n<div>\n<p>230 VAC o 120 VAC 50\/60 Hz con selector de voltaje de l\u00ednea.<\/p>\n<\/div>\n<div style=\"font-weight: bold\">Sistema de suspensi\u00f3n.<\/div>\n<div>\n<p>4 x M10 &#8211; arriba y abajo.<\/p>\n<\/div>\n<div style=\"font-weight: bold\">Construcci\u00f3n.<\/div>\n<div>\n<p>Polipropileno.<\/p>\n<\/div>\n<div style=\"font-weight: bold\">Montaje en poste.<\/div>\n<div>\n<p>1 por debajo.<\/p>\n<\/div>\n<div style=\"font-weight: bold\">Dimensions.<\/div>\n<div>\n<p>480 x 740 x 430 mm.<\/p>\n<\/div>\n<div style=\"font-weight: bold\">Weight.<\/div>\n<div>\n<p>21 kg.<\/p>\n<\/div>\n<\/div>\n<\/div>","protected":false},"excerpt":{"rendered":"<p>Bafle activo de polipropileno de 2 v\u00edas con puerto USB, ranura SD y bluetooth para reproducci\u00f3n MP3, woofer de 15\u201d y driver de 1\u201d pulgada, cobertura: 90\u00b0 x 60\u00b0, potencia pico total: 400 watts, potencia continua de amplificador HF: 50 watts clase AB, potencia continua de amplificador LF: 150 watts clase D, respuesta de frecuencia: 50 Hz &#8211; 20 kHz, SPL m\u00e1ximo: 125 dB, dimensiones: 480 x 740 x 430 mm, peso: 21 kg.&hellip; <a class=\"kt-excerpt-readmore more-link\" href=\"https:\/\/www.mexicanguitarplayers.com\/en\/tienda\/audio\/bafles-y-bocinas\/bafles\/bafles-activos\/bafle-proel-c-poder-wave15a\/\">Read more<\/a><\/p>","protected":false},"featured_media":42774,"comment_status":"open","ping_status":"closed","template":"","meta":{"kt_blocks_editor_width":""},"pwb-brand":[252],"product_brand":[],"product_cat":[213,222,472,221],"product_tag":[],"class_list":{"0":"post-42778","1":"product","2":"type-product","3":"status-publish","4":"has-post-thumbnail","6":"pwb-brand-proel","7":"product_cat-audio","8":"product_cat-bafles","9":"product_cat-bafles-activos","10":"product_cat-bafles-y-bocinas","11":"product_shipping_class-20-25-kg","13":"first","14":"outofstock","15":"taxable","16":"shipping-taxable","17":"purchasable","18":"product-type-simple"},"yoast_head":"<!-- This site is optimized with the Yoast SEO plugin v27.5 - https:\/\/yoast.com\/product\/yoast-seo-wordpress\/ -->\n<title>BAFLE PROEL   C\/PODER  WAVE15A - Mexican Guitar Players<\/title>\n<meta name=\"description\" content=\"Bafle activo de polipropileno de 2 v\u00edas con puerto USB, ranura SD y bluetooth para reproducci\u00f3n MP3, woofer de 15\u201d y driver de 1\u201d pulgada, cobertura: 90\u00b0 x 60\u00b0, potencia pico total: 400 watts, potencia continua de amplificador HF: 50 watts clase AB, potencia continua de amplificador LF: 150 watts clase D, respuesta de frecuencia: 50 Hz - 20 kHz, SPL m\u00e1ximo: 125 dB, dimensiones: 480 x 740 x 430 mm, peso: 21 kg.\" \/>\n<meta name=\"robots\" content=\"index, follow, max-snippet:-1, max-image-preview:large, max-video-preview:-1\" \/>\n<link rel=\"canonical\" href=\"https:\/\/www.mexicanguitarplayers.com\/en\/tienda\/sin%20categor\u00eda\/bafle-proel-c-poder-wave15a\/\" \/>\n<meta property=\"og:locale\" content=\"en_US\" \/>\n<meta property=\"og:type\" content=\"article\" \/>\n<meta property=\"og:title\" content=\"BAFLE PROEL   C\/PODER  WAVE15A - Mexican Guitar Players\" \/>\n<meta property=\"og:description\" content=\"Bafle activo de polipropileno de 2 v\u00edas con puerto USB, ranura SD y bluetooth para reproducci\u00f3n MP3, woofer de 15\u201d y driver de 1\u201d pulgada, cobertura: 90\u00b0 x 60\u00b0, potencia pico total: 400 watts, potencia continua de amplificador HF: 50 watts clase AB, potencia continua de amplificador LF: 150 watts clase D, respuesta de frecuencia: 50 Hz - 20 kHz, SPL m\u00e1ximo: 125 dB, dimensiones: 480 x 740 x 430 mm, peso: 21 kg.\" \/>\n<meta property=\"og:url\" content=\"https:\/\/www.mexicanguitarplayers.com\/en\/tienda\/sin categor\u00eda\/bafle-proel-c-poder-wave15a\/\" \/>\n<meta property=\"og:site_name\" content=\"Mexican Guitar Players\" \/>\n<meta property=\"article:modified_time\" content=\"2026-04-10T10:16:03+00:00\" \/>\n<meta name=\"twitter:card\" content=\"summary_large_image\" \/>\n<meta name=\"twitter:label1\" content=\"Est. reading time\" \/>\n\t<meta name=\"twitter:data1\" content=\"3 minutes\" \/>\n<script type=\"application\/ld+json\" class=\"yoast-schema-graph\">{\"@context\":\"https:\\\/\\\/schema.org\",\"@graph\":[{\"@type\":[\"WebPage\",\"ItemPage\"],\"@id\":\"https:\\\/\\\/www.mexicanguitarplayers.com\\\/tienda\\\/sin categor\u00eda\\\/bafle-proel-c-poder-wave15a\\\/\",\"url\":\"https:\\\/\\\/www.mexicanguitarplayers.com\\\/tienda\\\/sin categor\u00eda\\\/bafle-proel-c-poder-wave15a\\\/\",\"name\":\"BAFLE PROEL C\\\/PODER WAVE15A - Mexican Guitar Players\",\"isPartOf\":{\"@id\":\"https:\\\/\\\/www.mexicanguitarplayers.com\\\/#website\"},\"primaryImageOfPage\":{\"@id\":\"https:\\\/\\\/www.mexicanguitarplayers.com\\\/tienda\\\/sin categor\u00eda\\\/bafle-proel-c-poder-wave15a\\\/#primaryimage\"},\"image\":{\"@id\":\"https:\\\/\\\/www.mexicanguitarplayers.com\\\/tienda\\\/sin categor\u00eda\\\/bafle-proel-c-poder-wave15a\\\/#primaryimage\"},\"thumbnailUrl\":\"https:\\\/\\\/www.mexicanguitarplayers.com\\\/wp-content\\\/uploads\\\/2025\\\/04\\\/IAPREWAVE15A.jpg\",\"datePublished\":\"2025-04-09T15:28:13+00:00\",\"dateModified\":\"2026-04-10T10:16:03+00:00\",\"description\":\"Bafle activo de polipropileno de 2 v\u00edas con puerto USB, ranura SD y bluetooth para reproducci\u00f3n MP3, woofer de 15\u201d y driver de 1\u201d pulgada, cobertura: 90\u00b0 x 60\u00b0, potencia pico total: 400 watts, potencia continua de amplificador HF: 50 watts clase AB, potencia continua de amplificador LF: 150 watts clase D, respuesta de frecuencia: 50 Hz - 20 kHz, SPL m\u00e1ximo: 125 dB, dimensiones: 480 x 740 x 430 mm, peso: 21 kg.\",\"breadcrumb\":{\"@id\":\"https:\\\/\\\/www.mexicanguitarplayers.com\\\/tienda\\\/sin categor\u00eda\\\/bafle-proel-c-poder-wave15a\\\/#breadcrumb\"},\"inLanguage\":\"en-US\",\"potentialAction\":[{\"@type\":\"ReadAction\",\"target\":[\"https:\\\/\\\/www.mexicanguitarplayers.com\\\/tienda\\\/sin categor\u00eda\\\/bafle-proel-c-poder-wave15a\\\/\"]}]},{\"@type\":\"ImageObject\",\"inLanguage\":\"en-US\",\"@id\":\"https:\\\/\\\/www.mexicanguitarplayers.com\\\/tienda\\\/sin categor\u00eda\\\/bafle-proel-c-poder-wave15a\\\/#primaryimage\",\"url\":\"https:\\\/\\\/www.mexicanguitarplayers.com\\\/wp-content\\\/uploads\\\/2025\\\/04\\\/IAPREWAVE15A.jpg\",\"contentUrl\":\"https:\\\/\\\/www.mexicanguitarplayers.com\\\/wp-content\\\/uploads\\\/2025\\\/04\\\/IAPREWAVE15A.jpg\",\"width\":1200,\"height\":1200},{\"@type\":\"BreadcrumbList\",\"@id\":\"https:\\\/\\\/www.mexicanguitarplayers.com\\\/tienda\\\/sin categor\u00eda\\\/bafle-proel-c-poder-wave15a\\\/#breadcrumb\",\"itemListElement\":[{\"@type\":\"ListItem\",\"position\":1,\"name\":\"Portada\",\"item\":\"https:\\\/\\\/www.mexicanguitarplayers.com\\\/\"},{\"@type\":\"ListItem\",\"position\":2,\"name\":\"Tienda\",\"item\":\"https:\\\/\\\/www.mexicanguitarplayers.com\\\/tienda\\\/\"},{\"@type\":\"ListItem\",\"position\":3,\"name\":\"BAFLE PROEL C\\\/PODER WAVE15A\"}]},{\"@type\":\"WebSite\",\"@id\":\"https:\\\/\\\/www.mexicanguitarplayers.com\\\/#website\",\"url\":\"https:\\\/\\\/www.mexicanguitarplayers.com\\\/\",\"name\":\"Mexican Guitar Players\",\"description\":\"Website\",\"publisher\":{\"@id\":\"https:\\\/\\\/www.mexicanguitarplayers.com\\\/#organization\"},\"potentialAction\":[{\"@type\":\"SearchAction\",\"target\":{\"@type\":\"EntryPoint\",\"urlTemplate\":\"https:\\\/\\\/www.mexicanguitarplayers.com\\\/?s={search_term_string}\"},\"query-input\":{\"@type\":\"PropertyValueSpecification\",\"valueRequired\":true,\"valueName\":\"search_term_string\"}}],\"inLanguage\":\"en-US\"},{\"@type\":\"Organization\",\"@id\":\"https:\\\/\\\/www.mexicanguitarplayers.com\\\/#organization\",\"name\":\"Mexican Guitar Players\",\"url\":\"https:\\\/\\\/www.mexicanguitarplayers.com\\\/\",\"logo\":{\"@type\":\"ImageObject\",\"inLanguage\":\"en-US\",\"@id\":\"https:\\\/\\\/www.mexicanguitarplayers.com\\\/#\\\/schema\\\/logo\\\/image\\\/\",\"url\":\"\",\"contentUrl\":\"\",\"caption\":\"Mexican Guitar Players\"},\"image\":{\"@id\":\"https:\\\/\\\/www.mexicanguitarplayers.com\\\/#\\\/schema\\\/logo\\\/image\\\/\"}}]}<\/script>\n<!-- \/ Yoast SEO plugin. -->","yoast_head_json":{"title":"BAFLE PROEL   C\/PODER  WAVE15A - Mexican Guitar Players","description":"Bafle activo de polipropileno de 2 v\u00edas con puerto USB, ranura SD y bluetooth para reproducci\u00f3n MP3, woofer de 15\u201d y driver de 1\u201d pulgada, cobertura: 90\u00b0 x 60\u00b0, potencia pico total: 400 watts, potencia continua de amplificador HF: 50 watts clase AB, potencia continua de amplificador LF: 150 watts clase D, respuesta de frecuencia: 50 Hz - 20 kHz, SPL m\u00e1ximo: 125 dB, dimensiones: 480 x 740 x 430 mm, peso: 21 kg.","robots":{"index":"index","follow":"follow","max-snippet":"max-snippet:-1","max-image-preview":"max-image-preview:large","max-video-preview":"max-video-preview:-1"},"canonical":"https:\/\/www.mexicanguitarplayers.com\/en\/tienda\/sin categor\u00eda\/bafle-proel-c-poder-wave15a\/","og_locale":"en_US","og_type":"article","og_title":"BAFLE PROEL   C\/PODER  WAVE15A - Mexican Guitar Players","og_description":"Bafle activo de polipropileno de 2 v\u00edas con puerto USB, ranura SD y bluetooth para reproducci\u00f3n MP3, woofer de 15\u201d y driver de 1\u201d pulgada, cobertura: 90\u00b0 x 60\u00b0, potencia pico total: 400 watts, potencia continua de amplificador HF: 50 watts clase AB, potencia continua de amplificador LF: 150 watts clase D, respuesta de frecuencia: 50 Hz - 20 kHz, SPL m\u00e1ximo: 125 dB, dimensiones: 480 x 740 x 430 mm, peso: 21 kg.","og_url":"https:\/\/www.mexicanguitarplayers.com\/en\/tienda\/sin categor\u00eda\/bafle-proel-c-poder-wave15a\/","og_site_name":"Mexican Guitar Players","article_modified_time":"2026-04-10T10:16:03+00:00","twitter_card":"summary_large_image","twitter_misc":{"Est. reading time":"3 minutes"},"schema":{"@context":"https:\/\/schema.org","@graph":[{"@type":["WebPage","ItemPage"],"@id":"https:\/\/www.mexicanguitarplayers.com\/tienda\/sin categor\u00eda\/bafle-proel-c-poder-wave15a\/","url":"https:\/\/www.mexicanguitarplayers.com\/tienda\/sin categor\u00eda\/bafle-proel-c-poder-wave15a\/","name":"BAFLE PROEL C\/PODER WAVE15A - Mexican Guitar Players","isPartOf":{"@id":"https:\/\/www.mexicanguitarplayers.com\/#website"},"primaryImageOfPage":{"@id":"https:\/\/www.mexicanguitarplayers.com\/tienda\/sin categor\u00eda\/bafle-proel-c-poder-wave15a\/#primaryimage"},"image":{"@id":"https:\/\/www.mexicanguitarplayers.com\/tienda\/sin categor\u00eda\/bafle-proel-c-poder-wave15a\/#primaryimage"},"thumbnailUrl":"https:\/\/www.mexicanguitarplayers.com\/wp-content\/uploads\/2025\/04\/IAPREWAVE15A.jpg","datePublished":"2025-04-09T15:28:13+00:00","dateModified":"2026-04-10T10:16:03+00:00","description":"Bafle activo de polipropileno de 2 v\u00edas con puerto USB, ranura SD y bluetooth para reproducci\u00f3n MP3, woofer de 15\u201d y driver de 1\u201d pulgada, cobertura: 90\u00b0 x 60\u00b0, potencia pico total: 400 watts, potencia continua de amplificador HF: 50 watts clase AB, potencia continua de amplificador LF: 150 watts clase D, respuesta de frecuencia: 50 Hz - 20 kHz, SPL m\u00e1ximo: 125 dB, dimensiones: 480 x 740 x 430 mm, peso: 21 kg.","breadcrumb":{"@id":"https:\/\/www.mexicanguitarplayers.com\/tienda\/sin categor\u00eda\/bafle-proel-c-poder-wave15a\/#breadcrumb"},"inLanguage":"en-US","potentialAction":[{"@type":"ReadAction","target":["https:\/\/www.mexicanguitarplayers.com\/tienda\/sin categor\u00eda\/bafle-proel-c-poder-wave15a\/"]}]},{"@type":"ImageObject","inLanguage":"en-US","@id":"https:\/\/www.mexicanguitarplayers.com\/tienda\/sin categor\u00eda\/bafle-proel-c-poder-wave15a\/#primaryimage","url":"https:\/\/www.mexicanguitarplayers.com\/wp-content\/uploads\/2025\/04\/IAPREWAVE15A.jpg","contentUrl":"https:\/\/www.mexicanguitarplayers.com\/wp-content\/uploads\/2025\/04\/IAPREWAVE15A.jpg","width":1200,"height":1200},{"@type":"BreadcrumbList","@id":"https:\/\/www.mexicanguitarplayers.com\/tienda\/sin categor\u00eda\/bafle-proel-c-poder-wave15a\/#breadcrumb","itemListElement":[{"@type":"ListItem","position":1,"name":"Portada","item":"https:\/\/www.mexicanguitarplayers.com\/"},{"@type":"ListItem","position":2,"name":"Tienda","item":"https:\/\/www.mexicanguitarplayers.com\/tienda\/"},{"@type":"ListItem","position":3,"name":"BAFLE PROEL C\/PODER WAVE15A"}]},{"@type":"WebSite","@id":"https:\/\/www.mexicanguitarplayers.com\/#website","url":"https:\/\/www.mexicanguitarplayers.com\/","name":"Mexican Guitar Players","description":"Website","publisher":{"@id":"https:\/\/www.mexicanguitarplayers.com\/#organization"},"potentialAction":[{"@type":"SearchAction","target":{"@type":"EntryPoint","urlTemplate":"https:\/\/www.mexicanguitarplayers.com\/?s={search_term_string}"},"query-input":{"@type":"PropertyValueSpecification","valueRequired":true,"valueName":"search_term_string"}}],"inLanguage":"en-US"},{"@type":"Organization","@id":"https:\/\/www.mexicanguitarplayers.com\/#organization","name":"Mexican Guitar Players","url":"https:\/\/www.mexicanguitarplayers.com\/","logo":{"@type":"ImageObject","inLanguage":"en-US","@id":"https:\/\/www.mexicanguitarplayers.com\/#\/schema\/logo\/image\/","url":"","contentUrl":"","caption":"Mexican Guitar Players"},"image":{"@id":"https:\/\/www.mexicanguitarplayers.com\/#\/schema\/logo\/image\/"}}]}},"brands":[{"id":252,"name":"PROEL","slug":"proel"}],"_links":{"self":[{"href":"https:\/\/www.mexicanguitarplayers.com\/en\/wp-json\/wp\/v2\/product\/42778","targetHints":{"allow":["GET"]}}],"collection":[{"href":"https:\/\/www.mexicanguitarplayers.com\/en\/wp-json\/wp\/v2\/product"}],"about":[{"href":"https:\/\/www.mexicanguitarplayers.com\/en\/wp-json\/wp\/v2\/types\/product"}],"replies":[{"embeddable":true,"href":"https:\/\/www.mexicanguitarplayers.com\/en\/wp-json\/wp\/v2\/comments?post=42778"}],"wp:featuredmedia":[{"embeddable":true,"href":"https:\/\/www.mexicanguitarplayers.com\/en\/wp-json\/wp\/v2\/media\/42774"}],"wp:attachment":[{"href":"https:\/\/www.mexicanguitarplayers.com\/en\/wp-json\/wp\/v2\/media?parent=42778"}],"wp:term":[{"taxonomy":"pwb-brand","embeddable":true,"href":"https:\/\/www.mexicanguitarplayers.com\/en\/wp-json\/wp\/v2\/pwb-brand?post=42778"},{"taxonomy":"product_brand","embeddable":true,"href":"https:\/\/www.mexicanguitarplayers.com\/en\/wp-json\/wp\/v2\/product_brand?post=42778"},{"taxonomy":"product_cat","embeddable":true,"href":"https:\/\/www.mexicanguitarplayers.com\/en\/wp-json\/wp\/v2\/product_cat?post=42778"},{"taxonomy":"product_tag","embeddable":true,"href":"https:\/\/www.mexicanguitarplayers.com\/en\/wp-json\/wp\/v2\/product_tag?post=42778"}],"curies":[{"name":"wp","href":"https:\/\/api.w.org\/{rel}","templated":true}]}}