{"id":42803,"date":"2025-04-09T09:28:57","date_gmt":"2025-04-09T15:28:57","guid":{"rendered":"https:\/\/www.mexicanguitarplayers.com\/tienda\/sin categor\u00eda\/combo-behringer-p-teclado-mod-kxd15\/"},"modified":"2026-05-01T07:15:43","modified_gmt":"2026-05-01T13:15:43","slug":"combo-behringer-p-teclado-mod-kxd15","status":"publish","type":"product","link":"https:\/\/www.mexicanguitarplayers.com\/en\/tienda\/teclas\/teclados\/combo-behringer-p-teclado-mod-kxd15\/","title":{"rendered":"COMBO BEHRINGER P\/TECLADO MOD. KXD15"},"content":{"rendered":"<div style=\"text-align: justify\">\n<div>\n<h3>600 watts de potencia para tu teclado.<\/h3>\n<\/div>\n<div>El incre\u00edblemente potente combo KXD15 se destaca como un extraordinariamente vers\u00e1til combo para teclado y bater\u00eda, cuenta con un sistema de alta calidad de 4 canales Public Address con un altavoz Turbosound de clase mundial de 15&#8243; pulgadas en un gabinete compacto y f\u00e1cil de transportar.  Especializado en tonos ricos y precisos y caracter\u00edsticas profesionales, como un procesador Multi FX Klark Teknik con calidad de estudio, un verdadero dise\u00f1o de preamplificador y un ecualizador gr\u00e1fico de 7 bandas que cuenta con nuestra tecnolog\u00eda de detecci\u00f3n de retroalimentaci\u00f3n FBQ, este caballo de batalla de 600 watts, sacar\u00e1 lo mejor de tus instrumentos y voces concierto tras concierto. Biamplificaci\u00f3n: El camino a la integridad absoluta de la se\u00f1al. Con sus 600 watts ultra limpios de salida digital, entregados a trav\u00e9s de controladores con alimentaci\u00f3n por separado a trav\u00e9s de un verdadero modo de biamplificaci\u00f3n con 2 amplificadores por altavoz, el KXD15 ofrece un sonido de alta resoluci\u00f3n que realmente saca lo mejor de tu m\u00fasica. Notar\u00e1s que la mayor\u00eda de los competidores aplican crossovers pasivos simples que no solo separan incorrectamente el espectro de frecuencia, pero lo m\u00e1s importante, impactan el funcionamiento de los drivers. Behringer ha ido una milla extra, conduciendo cada woofer y tweeter con un amplificador por separado para la integridad absoluta de la se\u00f1al. Clase D: Potencia masiva, sonido perfecto. Gracias a nuestra revolucionaria tecnolog\u00eda de amplificador Clase-D, podemos ofrecerte una potencia enorme y un incre\u00edble rendimiento sonoro en un paquete f\u00e1cil de usar, ultra port\u00e1til y ligero. La amplificaci\u00f3n Clase-D hace toda la diferencia, ofreciendo lo \u00faltimo en eficiencia energ\u00e9tica y eliminando la necesidad de fuentes de alimentaci\u00f3n pesadas y disipadores masivos de calor. Esta incre\u00edble tecnolog\u00eda hace posible dise\u00f1ar y construir productos extremadamente potentes que son significativamente m\u00e1s ligeros en peso que sus contrapartes tradicionales, mientras utiliza menos energ\u00eda y protege el medio ambiente. Turbosound: La diferencia sonora. Turbosound es un dise\u00f1ador y fabricante brit\u00e1nico l\u00edder en el mundo de los sistemas de altavoces profesionales, ha estado construyendo altavoces de vanguardia por m\u00e1s de 30 a\u00f1os y gan\u00f3 el venerable premio Queen&#8217;s Award por la innovaci\u00f3n en numerosas ocasiones por sus dise\u00f1os de aclamados altavoces. Encontrar\u00e1s los distinguidos productos de Turbosound no solamente en giras con los artistas m\u00e1s reconocidos a nivel mundial sino tambi\u00e9n en innumerables lugares importantes alrededor del mundo. Behringer se enorgullece de incorporar en sus productos los altavoces Turbosound dise\u00f1ados a medida y de fama mundial para obtener lo \u00faltimo en reproducci\u00f3n de audio de alta calidad.<\/div>\n<div>\n<h4>Quick look<\/h4>\n<\/div>\n<ul style=\"margin: 0px 0px 0px 25px\">\n<li style=\"list-style-type: circle;margin: 5px\">Amplificadores.<\/li>\n<li style=\"list-style-type: circle;margin: 5px\">Audio inputs.<\/li>\n<li style=\"list-style-type: circle;margin: 5px\">Audio outputs.<\/li>\n<li style=\"list-style-type: circle;margin: 5px\">Equalizer<\/li>\n<li style=\"list-style-type: circle;margin: 5px\">Procesador de efectos digital.<\/li>\n<li style=\"list-style-type: circle;margin: 5px\">Speakers.<\/li>\n<li style=\"list-style-type: circle;margin: 5px\">F\u00edsico.<\/li>\n<li style=\"list-style-type: circle;margin: 5px\">Fuente de alimentaci\u00f3n \/ Voltaje (Fusibles).<\/li>\n<li style=\"list-style-type: circle;margin: 5px\">Dimensions.<\/li>\n<li style=\"list-style-type: circle;margin: 5px\">Weight.<\/li>\n<\/ul>\n<div>\n<div style=\"font-weight: bold\">Amplificadores.<\/div>\n<div>\n<p>Potencia m\u00e1xima de salida: 600 watts.Configuraci\u00f3n: Biamplificado.Tipo: Clase D (Woofer) \/ Clase AB (Tweeter).Protecci\u00f3n de sobrecarga: Limitador de doble control.Crossover: Activo.Frecuencia de crossover: 2.8 kHz.<\/p>\n<\/div>\n<div style=\"font-weight: bold\">Audio inputs.<\/div>\n<div>\n<p>Canal 1:- Dos entradas TS 1\/4&#8243;, 40 kohms, desbalanceado.- Una entrada XLR, 750 ohms, balanceado.Canal 2 a 4:Dos entradas TS 1\/4&#8243; por canal, 35 kohms, desbalanceado.Entrada auxiliar: 2 RCA, 20 kohms, desbalanceado.<\/p>\n<\/div>\n<div style=\"font-weight: bold\">Audio outputs.<\/div>\n<div>\n<p>L\u00ednea:- Dos XLR, 120 ohms, balanceado.- Dos salidas TRS 1\/4&#8243;, 120 ohms, balanceado.Stereo Link:- Dos TS 1\/4&#8243;, 120 ohms, desbalanceado.Salida Sub: Un TS 1\/4&#8243;, 120 ohms, desbalanceado.Aud\u00edfonos: Un conector TRS 1\/4&#8243;<\/p>\n<\/div>\n<div style=\"font-weight: bold\">Equalizer<\/div>\n<div>\n<p>Tipo: Gr\u00e1fico con sistema FBQ de detecci\u00f3n de retroalimentaci\u00f3n.Rango de frecuencia: 63 Hz \/ 160 Hz \/ 400 Hz \/ 1 kHz \/ 2.5 kHz \/ 6.3 kHz \/ 16 kHz.Rango de control: \u00b112 dB.<\/p>\n<\/div>\n<div style=\"font-weight: bold\">Procesador de efectos digital.<\/div>\n<div>\n<p>Tipo: Klark Teknik.Convertidores: Sigma-Delta de 24 bits.Tasa de muestreo: 40 kHz.Pantalla: 2 d\u00edgitos, 7 segmentos.<\/p>\n<\/div>\n<div style=\"font-weight: bold\">Speakers.<\/div>\n<div>\n<p>Woofer de 15&#8243; pulgadas.Driver de compresi\u00f3n de 1&#8243; pulgada.Rango de frecuencia: 38 Hz &#8211; 20 kHz.<\/p>\n<\/div>\n<div style=\"font-weight: bold\">F\u00edsico.<\/div>\n<div>\n<p>Gabinete: Construcci\u00f3n de madera reforzada.Rejilla: Acero perforado.<\/p>\n<\/div>\n<div style=\"font-weight: bold\">Fuente de alimentaci\u00f3n \/ Voltaje (Fusibles).<\/div>\n<div>\n<p>120V~, 60 Hz (T 6.3 A H 250V).Consumo de energ\u00eda: 110 watts.Conector de energ\u00eda: Recept\u00e1culo IEC est\u00e1ndar.<\/p>\n<\/div>\n<div style=\"font-weight: bold\">Dimensions.<\/div>\n<div>\n<p>483 x 569 x 372 mm.<\/p>\n<\/div>\n<div style=\"font-weight: bold\">Weight.<\/div>\n<div>\n<p>22.4 kg.<\/p>\n<\/div>\n<\/div>\n<\/div>","protected":false},"excerpt":{"rendered":"<p>Combo biamplificado para teclado, potencia de 600 watts, 4 canales con volumen independiente y env\u00edo de FX por canal, altavoz Turbosound original de 15\u201d pulgadas y driver de 1\u201d pulgada, amplificador Clase D, procesador Multi FX Klark Teknikcon 100 preajustes que incluyen reverb, chorus, flanger, delay, pitch shifter yvarios multiefectos, revolucionario sistema FBQ de detecci\u00f3n de retroalimentaci\u00f3n que revela al instante frecuencias cr\u00edticas, enorme funcionamiento s\u00f3nico, entrada adicional de micr\u00f3fono XLR en el canal 1 para la conexi\u00f3n directa de micr\u00f3fonos din\u00e1micos, ecualizador gr\u00e1fico dedicado de 7 bandas, conector XLR est\u00e9reobalanceado con interruptor Ground-Lift para conexi\u00f3n directa a mezcladoras, secci\u00f3n Main con nivel de retorno de FX, volumen Master, nivel de aud\u00edfonos y switchShape Link in, las salidas permiten combinar dos amplificadores KXD para una operaci\u00f3n est\u00e9reo real, salida de subwoofer para una gran potencia de graves, la entrada Aux te permite reproducir tu m\u00fasica favorita, salida separada de aud\u00edfonos ideal para practicar en silencio, dimensiones: 483 x 569 x 372 mm, peso: 22.4kg.&hellip; <a class=\"kt-excerpt-readmore more-link\" href=\"https:\/\/www.mexicanguitarplayers.com\/en\/tienda\/teclas\/teclados\/combo-behringer-p-teclado-mod-kxd15\/\">Read more<\/a><\/p>","protected":false},"featured_media":42797,"comment_status":"open","ping_status":"closed","template":"","meta":{"kt_blocks_editor_width":""},"pwb-brand":[171],"product_brand":[],"product_cat":[236,380,376],"product_tag":[],"class_list":{"0":"post-42803","1":"product","2":"type-product","3":"status-publish","4":"has-post-thumbnail","6":"pwb-brand-behringer","7":"product_cat-combos","8":"product_cat-teclados","9":"product_cat-teclas","10":"product_shipping_class-20-25-kg","12":"first","13":"instock","14":"taxable","15":"shipping-taxable","16":"purchasable","17":"product-type-simple"},"yoast_head":"<!-- This site is optimized with the Yoast SEO plugin v27.6 - https:\/\/yoast.com\/product\/yoast-seo-wordpress\/ -->\n<title>COMBO BEHRINGER P\/TECLADO MOD. KXD15 - Mexican Guitar Players<\/title>\n<meta name=\"description\" content=\"Combo biamplificado para teclado, potencia de 600 watts, 4 canales con volumen independiente y env\u00edo de FX por canal, altavoz Turbosound original de 15\u201d pulgadas y driver de 1\u201d pulgada, amplificador Clase D, procesador Multi FX Klark Teknikcon 100 preajustes que incluyen reverb, chorus, flanger, delay, pitch shifter yvarios multiefectos, revolucionario sistema FBQ de detecci\u00f3n de retroalimentaci\u00f3n que revela al instante frecuencias cr\u00edticas, enorme funcionamiento s\u00f3nico, entrada adicional de micr\u00f3fono XLR en el canal 1 para la conexi\u00f3n directa de micr\u00f3fonos din\u00e1micos, ecualizador gr\u00e1fico dedicado de 7 bandas, conector XLR est\u00e9reobalanceado con interruptor Ground-Lift para conexi\u00f3n directa a mezcladoras, secci\u00f3n Main con nivel de retorno de FX, volumen Master, nivel de aud\u00edfonos y switchShape Link in, las salidas permiten combinar dos amplificadores KXD para una operaci\u00f3n est\u00e9reo real, salida de subwoofer para una gran potencia de graves, la entrada Aux te permite reproducir tu m\u00fasica favorita, salida separada de aud\u00edfonos ideal para practicar en silencio, dimensiones: 483 x 569 x 372 mm, peso: 22.4kg.\" \/>\n<meta name=\"robots\" content=\"index, follow, max-snippet:-1, max-image-preview:large, max-video-preview:-1\" \/>\n<link rel=\"canonical\" href=\"https:\/\/www.mexicanguitarplayers.com\/en\/tienda\/sin%20categor\u00eda\/combo-behringer-p-teclado-mod-kxd15\/\" \/>\n<meta property=\"og:locale\" content=\"en_US\" \/>\n<meta property=\"og:type\" content=\"article\" \/>\n<meta property=\"og:title\" content=\"COMBO BEHRINGER P\/TECLADO MOD. KXD15 - Mexican Guitar Players\" \/>\n<meta property=\"og:description\" content=\"Combo biamplificado para teclado, potencia de 600 watts, 4 canales con volumen independiente y env\u00edo de FX por canal, altavoz Turbosound original de 15\u201d pulgadas y driver de 1\u201d pulgada, amplificador Clase D, procesador Multi FX Klark Teknikcon 100 preajustes que incluyen reverb, chorus, flanger, delay, pitch shifter yvarios multiefectos, revolucionario sistema FBQ de detecci\u00f3n de retroalimentaci\u00f3n que revela al instante frecuencias cr\u00edticas, enorme funcionamiento s\u00f3nico, entrada adicional de micr\u00f3fono XLR en el canal 1 para la conexi\u00f3n directa de micr\u00f3fonos din\u00e1micos, ecualizador gr\u00e1fico dedicado de 7 bandas, conector XLR est\u00e9reobalanceado con interruptor Ground-Lift para conexi\u00f3n directa a mezcladoras, secci\u00f3n Main con nivel de retorno de FX, volumen Master, nivel de aud\u00edfonos y switchShape Link in, las salidas permiten combinar dos amplificadores KXD para una operaci\u00f3n est\u00e9reo real, salida de subwoofer para una gran potencia de graves, la entrada Aux te permite reproducir tu m\u00fasica favorita, salida separada de aud\u00edfonos ideal para practicar en silencio, dimensiones: 483 x 569 x 372 mm, peso: 22.4kg.\" \/>\n<meta property=\"og:url\" content=\"https:\/\/www.mexicanguitarplayers.com\/en\/tienda\/sin categor\u00eda\/combo-behringer-p-teclado-mod-kxd15\/\" \/>\n<meta property=\"og:site_name\" content=\"Mexican Guitar Players\" \/>\n<meta property=\"article:modified_time\" content=\"2026-05-01T13:15:43+00:00\" \/>\n<meta name=\"twitter:card\" content=\"summary_large_image\" \/>\n<meta name=\"twitter:label1\" content=\"Est. reading time\" \/>\n\t<meta name=\"twitter:data1\" content=\"3 minutes\" \/>\n<script type=\"application\/ld+json\" class=\"yoast-schema-graph\">{\"@context\":\"https:\\\/\\\/schema.org\",\"@graph\":[{\"@type\":[\"WebPage\",\"ItemPage\"],\"@id\":\"https:\\\/\\\/www.mexicanguitarplayers.com\\\/tienda\\\/sin categor\u00eda\\\/combo-behringer-p-teclado-mod-kxd15\\\/\",\"url\":\"https:\\\/\\\/www.mexicanguitarplayers.com\\\/tienda\\\/sin categor\u00eda\\\/combo-behringer-p-teclado-mod-kxd15\\\/\",\"name\":\"COMBO BEHRINGER P\\\/TECLADO MOD. KXD15 - Mexican Guitar Players\",\"isPartOf\":{\"@id\":\"https:\\\/\\\/www.mexicanguitarplayers.com\\\/#website\"},\"primaryImageOfPage\":{\"@id\":\"https:\\\/\\\/www.mexicanguitarplayers.com\\\/tienda\\\/sin categor\u00eda\\\/combo-behringer-p-teclado-mod-kxd15\\\/#primaryimage\"},\"image\":{\"@id\":\"https:\\\/\\\/www.mexicanguitarplayers.com\\\/tienda\\\/sin categor\u00eda\\\/combo-behringer-p-teclado-mod-kxd15\\\/#primaryimage\"},\"thumbnailUrl\":\"https:\\\/\\\/www.mexicanguitarplayers.com\\\/wp-content\\\/uploads\\\/2025\\\/04\\\/ICBEHKXD15.jpg\",\"datePublished\":\"2025-04-09T15:28:57+00:00\",\"dateModified\":\"2026-05-01T13:15:43+00:00\",\"description\":\"Combo biamplificado para teclado, potencia de 600 watts, 4 canales con volumen independiente y env\u00edo de FX por canal, altavoz Turbosound original de 15\u201d pulgadas y driver de 1\u201d pulgada, amplificador Clase D, procesador Multi FX Klark Teknikcon 100 preajustes que incluyen reverb, chorus, flanger, delay, pitch shifter yvarios multiefectos, revolucionario sistema FBQ de detecci\u00f3n de retroalimentaci\u00f3n que revela al instante frecuencias cr\u00edticas, enorme funcionamiento s\u00f3nico, entrada adicional de micr\u00f3fono XLR en el canal 1 para la conexi\u00f3n directa de micr\u00f3fonos din\u00e1micos, ecualizador gr\u00e1fico dedicado de 7 bandas, conector XLR est\u00e9reobalanceado con interruptor Ground-Lift para conexi\u00f3n directa a mezcladoras, secci\u00f3n Main con nivel de retorno de FX, volumen Master, nivel de aud\u00edfonos y switchShape Link in, las salidas permiten combinar dos amplificadores KXD para una operaci\u00f3n est\u00e9reo real, salida de subwoofer para una gran potencia de graves, la entrada Aux te permite reproducir tu m\u00fasica favorita, salida separada de aud\u00edfonos ideal para practicar en silencio, dimensiones: 483 x 569 x 372 mm, peso: 22.4kg.\",\"breadcrumb\":{\"@id\":\"https:\\\/\\\/www.mexicanguitarplayers.com\\\/tienda\\\/sin categor\u00eda\\\/combo-behringer-p-teclado-mod-kxd15\\\/#breadcrumb\"},\"inLanguage\":\"en-US\",\"potentialAction\":[{\"@type\":\"ReadAction\",\"target\":[\"https:\\\/\\\/www.mexicanguitarplayers.com\\\/tienda\\\/sin categor\u00eda\\\/combo-behringer-p-teclado-mod-kxd15\\\/\"]}]},{\"@type\":\"ImageObject\",\"inLanguage\":\"en-US\",\"@id\":\"https:\\\/\\\/www.mexicanguitarplayers.com\\\/tienda\\\/sin categor\u00eda\\\/combo-behringer-p-teclado-mod-kxd15\\\/#primaryimage\",\"url\":\"https:\\\/\\\/www.mexicanguitarplayers.com\\\/wp-content\\\/uploads\\\/2025\\\/04\\\/ICBEHKXD15.jpg\",\"contentUrl\":\"https:\\\/\\\/www.mexicanguitarplayers.com\\\/wp-content\\\/uploads\\\/2025\\\/04\\\/ICBEHKXD15.jpg\",\"width\":1200,\"height\":1200},{\"@type\":\"BreadcrumbList\",\"@id\":\"https:\\\/\\\/www.mexicanguitarplayers.com\\\/tienda\\\/sin categor\u00eda\\\/combo-behringer-p-teclado-mod-kxd15\\\/#breadcrumb\",\"itemListElement\":[{\"@type\":\"ListItem\",\"position\":1,\"name\":\"Portada\",\"item\":\"https:\\\/\\\/www.mexicanguitarplayers.com\\\/\"},{\"@type\":\"ListItem\",\"position\":2,\"name\":\"Tienda\",\"item\":\"https:\\\/\\\/www.mexicanguitarplayers.com\\\/tienda\\\/\"},{\"@type\":\"ListItem\",\"position\":3,\"name\":\"COMBO BEHRINGER P\\\/TECLADO MOD. KXD15\"}]},{\"@type\":\"WebSite\",\"@id\":\"https:\\\/\\\/www.mexicanguitarplayers.com\\\/#website\",\"url\":\"https:\\\/\\\/www.mexicanguitarplayers.com\\\/\",\"name\":\"Mexican Guitar Players\",\"description\":\"Website\",\"publisher\":{\"@id\":\"https:\\\/\\\/www.mexicanguitarplayers.com\\\/#organization\"},\"potentialAction\":[{\"@type\":\"SearchAction\",\"target\":{\"@type\":\"EntryPoint\",\"urlTemplate\":\"https:\\\/\\\/www.mexicanguitarplayers.com\\\/?s={search_term_string}\"},\"query-input\":{\"@type\":\"PropertyValueSpecification\",\"valueRequired\":true,\"valueName\":\"search_term_string\"}}],\"inLanguage\":\"en-US\"},{\"@type\":\"Organization\",\"@id\":\"https:\\\/\\\/www.mexicanguitarplayers.com\\\/#organization\",\"name\":\"Mexican Guitar Players\",\"url\":\"https:\\\/\\\/www.mexicanguitarplayers.com\\\/\",\"logo\":{\"@type\":\"ImageObject\",\"inLanguage\":\"en-US\",\"@id\":\"https:\\\/\\\/www.mexicanguitarplayers.com\\\/#\\\/schema\\\/logo\\\/image\\\/\",\"url\":\"\",\"contentUrl\":\"\",\"caption\":\"Mexican Guitar Players\"},\"image\":{\"@id\":\"https:\\\/\\\/www.mexicanguitarplayers.com\\\/#\\\/schema\\\/logo\\\/image\\\/\"}}]}<\/script>\n<!-- \/ Yoast SEO plugin. -->","yoast_head_json":{"title":"COMBO BEHRINGER P\/TECLADO MOD. KXD15 - Mexican Guitar Players","description":"Combo biamplificado para teclado, potencia de 600 watts, 4 canales con volumen independiente y env\u00edo de FX por canal, altavoz Turbosound original de 15\u201d pulgadas y driver de 1\u201d pulgada, amplificador Clase D, procesador Multi FX Klark Teknikcon 100 preajustes que incluyen reverb, chorus, flanger, delay, pitch shifter yvarios multiefectos, revolucionario sistema FBQ de detecci\u00f3n de retroalimentaci\u00f3n que revela al instante frecuencias cr\u00edticas, enorme funcionamiento s\u00f3nico, entrada adicional de micr\u00f3fono XLR en el canal 1 para la conexi\u00f3n directa de micr\u00f3fonos din\u00e1micos, ecualizador gr\u00e1fico dedicado de 7 bandas, conector XLR est\u00e9reobalanceado con interruptor Ground-Lift para conexi\u00f3n directa a mezcladoras, secci\u00f3n Main con nivel de retorno de FX, volumen Master, nivel de aud\u00edfonos y switchShape Link in, las salidas permiten combinar dos amplificadores KXD para una operaci\u00f3n est\u00e9reo real, salida de subwoofer para una gran potencia de graves, la entrada Aux te permite reproducir tu m\u00fasica favorita, salida separada de aud\u00edfonos ideal para practicar en silencio, dimensiones: 483 x 569 x 372 mm, peso: 22.4kg.","robots":{"index":"index","follow":"follow","max-snippet":"max-snippet:-1","max-image-preview":"max-image-preview:large","max-video-preview":"max-video-preview:-1"},"canonical":"https:\/\/www.mexicanguitarplayers.com\/en\/tienda\/sin categor\u00eda\/combo-behringer-p-teclado-mod-kxd15\/","og_locale":"en_US","og_type":"article","og_title":"COMBO BEHRINGER P\/TECLADO MOD. KXD15 - Mexican Guitar Players","og_description":"Combo biamplificado para teclado, potencia de 600 watts, 4 canales con volumen independiente y env\u00edo de FX por canal, altavoz Turbosound original de 15\u201d pulgadas y driver de 1\u201d pulgada, amplificador Clase D, procesador Multi FX Klark Teknikcon 100 preajustes que incluyen reverb, chorus, flanger, delay, pitch shifter yvarios multiefectos, revolucionario sistema FBQ de detecci\u00f3n de retroalimentaci\u00f3n que revela al instante frecuencias cr\u00edticas, enorme funcionamiento s\u00f3nico, entrada adicional de micr\u00f3fono XLR en el canal 1 para la conexi\u00f3n directa de micr\u00f3fonos din\u00e1micos, ecualizador gr\u00e1fico dedicado de 7 bandas, conector XLR est\u00e9reobalanceado con interruptor Ground-Lift para conexi\u00f3n directa a mezcladoras, secci\u00f3n Main con nivel de retorno de FX, volumen Master, nivel de aud\u00edfonos y switchShape Link in, las salidas permiten combinar dos amplificadores KXD para una operaci\u00f3n est\u00e9reo real, salida de subwoofer para una gran potencia de graves, la entrada Aux te permite reproducir tu m\u00fasica favorita, salida separada de aud\u00edfonos ideal para practicar en silencio, dimensiones: 483 x 569 x 372 mm, peso: 22.4kg.","og_url":"https:\/\/www.mexicanguitarplayers.com\/en\/tienda\/sin categor\u00eda\/combo-behringer-p-teclado-mod-kxd15\/","og_site_name":"Mexican Guitar Players","article_modified_time":"2026-05-01T13:15:43+00:00","twitter_card":"summary_large_image","twitter_misc":{"Est. reading time":"3 minutes"},"schema":{"@context":"https:\/\/schema.org","@graph":[{"@type":["WebPage","ItemPage"],"@id":"https:\/\/www.mexicanguitarplayers.com\/tienda\/sin categor\u00eda\/combo-behringer-p-teclado-mod-kxd15\/","url":"https:\/\/www.mexicanguitarplayers.com\/tienda\/sin categor\u00eda\/combo-behringer-p-teclado-mod-kxd15\/","name":"COMBO BEHRINGER P\/TECLADO MOD. KXD15 - Mexican Guitar Players","isPartOf":{"@id":"https:\/\/www.mexicanguitarplayers.com\/#website"},"primaryImageOfPage":{"@id":"https:\/\/www.mexicanguitarplayers.com\/tienda\/sin categor\u00eda\/combo-behringer-p-teclado-mod-kxd15\/#primaryimage"},"image":{"@id":"https:\/\/www.mexicanguitarplayers.com\/tienda\/sin categor\u00eda\/combo-behringer-p-teclado-mod-kxd15\/#primaryimage"},"thumbnailUrl":"https:\/\/www.mexicanguitarplayers.com\/wp-content\/uploads\/2025\/04\/ICBEHKXD15.jpg","datePublished":"2025-04-09T15:28:57+00:00","dateModified":"2026-05-01T13:15:43+00:00","description":"Combo biamplificado para teclado, potencia de 600 watts, 4 canales con volumen independiente y env\u00edo de FX por canal, altavoz Turbosound original de 15\u201d pulgadas y driver de 1\u201d pulgada, amplificador Clase D, procesador Multi FX Klark Teknikcon 100 preajustes que incluyen reverb, chorus, flanger, delay, pitch shifter yvarios multiefectos, revolucionario sistema FBQ de detecci\u00f3n de retroalimentaci\u00f3n que revela al instante frecuencias cr\u00edticas, enorme funcionamiento s\u00f3nico, entrada adicional de micr\u00f3fono XLR en el canal 1 para la conexi\u00f3n directa de micr\u00f3fonos din\u00e1micos, ecualizador gr\u00e1fico dedicado de 7 bandas, conector XLR est\u00e9reobalanceado con interruptor Ground-Lift para conexi\u00f3n directa a mezcladoras, secci\u00f3n Main con nivel de retorno de FX, volumen Master, nivel de aud\u00edfonos y switchShape Link in, las salidas permiten combinar dos amplificadores KXD para una operaci\u00f3n est\u00e9reo real, salida de subwoofer para una gran potencia de graves, la entrada Aux te permite reproducir tu m\u00fasica favorita, salida separada de aud\u00edfonos ideal para practicar en silencio, dimensiones: 483 x 569 x 372 mm, peso: 22.4kg.","breadcrumb":{"@id":"https:\/\/www.mexicanguitarplayers.com\/tienda\/sin categor\u00eda\/combo-behringer-p-teclado-mod-kxd15\/#breadcrumb"},"inLanguage":"en-US","potentialAction":[{"@type":"ReadAction","target":["https:\/\/www.mexicanguitarplayers.com\/tienda\/sin categor\u00eda\/combo-behringer-p-teclado-mod-kxd15\/"]}]},{"@type":"ImageObject","inLanguage":"en-US","@id":"https:\/\/www.mexicanguitarplayers.com\/tienda\/sin categor\u00eda\/combo-behringer-p-teclado-mod-kxd15\/#primaryimage","url":"https:\/\/www.mexicanguitarplayers.com\/wp-content\/uploads\/2025\/04\/ICBEHKXD15.jpg","contentUrl":"https:\/\/www.mexicanguitarplayers.com\/wp-content\/uploads\/2025\/04\/ICBEHKXD15.jpg","width":1200,"height":1200},{"@type":"BreadcrumbList","@id":"https:\/\/www.mexicanguitarplayers.com\/tienda\/sin categor\u00eda\/combo-behringer-p-teclado-mod-kxd15\/#breadcrumb","itemListElement":[{"@type":"ListItem","position":1,"name":"Portada","item":"https:\/\/www.mexicanguitarplayers.com\/"},{"@type":"ListItem","position":2,"name":"Tienda","item":"https:\/\/www.mexicanguitarplayers.com\/tienda\/"},{"@type":"ListItem","position":3,"name":"COMBO BEHRINGER P\/TECLADO MOD. KXD15"}]},{"@type":"WebSite","@id":"https:\/\/www.mexicanguitarplayers.com\/#website","url":"https:\/\/www.mexicanguitarplayers.com\/","name":"Mexican Guitar Players","description":"Website","publisher":{"@id":"https:\/\/www.mexicanguitarplayers.com\/#organization"},"potentialAction":[{"@type":"SearchAction","target":{"@type":"EntryPoint","urlTemplate":"https:\/\/www.mexicanguitarplayers.com\/?s={search_term_string}"},"query-input":{"@type":"PropertyValueSpecification","valueRequired":true,"valueName":"search_term_string"}}],"inLanguage":"en-US"},{"@type":"Organization","@id":"https:\/\/www.mexicanguitarplayers.com\/#organization","name":"Mexican Guitar Players","url":"https:\/\/www.mexicanguitarplayers.com\/","logo":{"@type":"ImageObject","inLanguage":"en-US","@id":"https:\/\/www.mexicanguitarplayers.com\/#\/schema\/logo\/image\/","url":"","contentUrl":"","caption":"Mexican Guitar Players"},"image":{"@id":"https:\/\/www.mexicanguitarplayers.com\/#\/schema\/logo\/image\/"}}]}},"brands":[{"id":171,"name":"BEHRINGER","slug":"behringer"}],"_links":{"self":[{"href":"https:\/\/www.mexicanguitarplayers.com\/en\/wp-json\/wp\/v2\/product\/42803","targetHints":{"allow":["GET"]}}],"collection":[{"href":"https:\/\/www.mexicanguitarplayers.com\/en\/wp-json\/wp\/v2\/product"}],"about":[{"href":"https:\/\/www.mexicanguitarplayers.com\/en\/wp-json\/wp\/v2\/types\/product"}],"replies":[{"embeddable":true,"href":"https:\/\/www.mexicanguitarplayers.com\/en\/wp-json\/wp\/v2\/comments?post=42803"}],"wp:featuredmedia":[{"embeddable":true,"href":"https:\/\/www.mexicanguitarplayers.com\/en\/wp-json\/wp\/v2\/media\/42797"}],"wp:attachment":[{"href":"https:\/\/www.mexicanguitarplayers.com\/en\/wp-json\/wp\/v2\/media?parent=42803"}],"wp:term":[{"taxonomy":"pwb-brand","embeddable":true,"href":"https:\/\/www.mexicanguitarplayers.com\/en\/wp-json\/wp\/v2\/pwb-brand?post=42803"},{"taxonomy":"product_brand","embeddable":true,"href":"https:\/\/www.mexicanguitarplayers.com\/en\/wp-json\/wp\/v2\/product_brand?post=42803"},{"taxonomy":"product_cat","embeddable":true,"href":"https:\/\/www.mexicanguitarplayers.com\/en\/wp-json\/wp\/v2\/product_cat?post=42803"},{"taxonomy":"product_tag","embeddable":true,"href":"https:\/\/www.mexicanguitarplayers.com\/en\/wp-json\/wp\/v2\/product_tag?post=42803"}],"curies":[{"name":"wp","href":"https:\/\/api.w.org\/{rel}","templated":true}]}}