{"id":42814,"date":"2025-04-09T09:29:13","date_gmt":"2025-04-09T15:29:13","guid":{"rendered":"https:\/\/www.mexicanguitarplayers.com\/tienda\/sin categor\u00eda\/conga-meinl-11-3-4-mod-mec-1134\/"},"modified":"2025-04-09T09:29:13","modified_gmt":"2025-04-09T15:29:13","slug":"conga-meinl-11-3-4-mod-mec-1134","status":"publish","type":"product","link":"https:\/\/www.mexicanguitarplayers.com\/en\/tienda\/accesorios\/para-percusion\/parches-para-percusion\/congas-parches-para-percusion\/conga-meinl-11-3-4-mod-mec-1134\/","title":{"rendered":"CONGA MEINL 11 3\/4   MOD. MEC-1134"},"content":{"rendered":"<div style=\"text-align: justify\">\n<div>\n<h3>Sonido exclusivo.<\/h3>\n<\/div>\n<div>La exclusiva serie de congas Marathon Exclusive de Meinl incluye muchas caracter\u00edsticas profesionales y es ideal para el percusionista de trabajo que exige un gran sonido combinado con una gran calidad y excelente artesan\u00eda. Est\u00e1 dise\u00f1ada y fabricada para tener la mejor resistencia y una gran calidad de sonido, con ella podr\u00e1s tocar jornadas marat\u00f3nicas y siempre te dar\u00e1 un excelente servicio.<\/div>\n<div>\n<h4>Quick look<\/h4>\n<\/div>\n<ul style=\"margin: 0px 0px 0px 25px\">\n<li style=\"list-style-type: circle;margin: 5px\">Characteristics.<\/li>\n<li style=\"list-style-type: circle;margin: 5px\">Material.<\/li>\n<li style=\"list-style-type: circle;margin: 5px\">Accessories included.<\/li>\n<li style=\"list-style-type: circle;margin: 5px\">Dimensions.<\/li>\n<li style=\"list-style-type: circle;margin: 5px\">Hardware.<\/li>\n<\/ul>\n<div>\n<div style=\"font-weight: bold\">Characteristics.<\/div>\n<div>\n<p>Parches de piel real de b\u00fafalo. Lugs de afinaci\u00f3n de 8 mm. Aros redondeados SSR de 2.6 mm.<\/p>\n<\/div>\n<div style=\"font-weight: bold\">Material.<\/div>\n<div>\n<p>Dos capas de roble de Siam.<\/p>\n<\/div>\n<div style=\"font-weight: bold\">Accessories included.<\/div>\n<div>\n<p>Soporte de conga Steely II. MEINL Conga Saver. Bolsilla de accesorios. Llave de afinaci\u00f3n en forma de L. Botellita de aceite. <\/p>\n<\/div>\n<div style=\"font-weight: bold\">Dimensions.<\/div>\n<div>\n<p>Di\u00e1metro: 11 \u00be\u201d. Altura: 30\u201d.<\/p>\n<\/div>\n<div style=\"font-weight: bold\">Hardware.<\/div>\n<div>\n<p>Black.<\/p>\n<\/div>\n<\/div>\n<\/div>","protected":false},"excerpt":{"rendered":"<p>Conga de 11 3\/4\u201d, serie Marathon Exclusive, altura: 30\u201d pulgadas, fabricada con 2 capas de roble de Siam, parche de piel de b\u00fafalo, lugs de afinaci\u00f3n de 8 mm, aros redondeados de 2. 6 mm, hardware negro, incluye soporte Steely II, conga savers Meinl, bolsa de accesorios, llave de afinaci\u00f3n en forma de L y una botellita de aceite.&hellip; <a class=\"kt-excerpt-readmore more-link\" href=\"https:\/\/www.mexicanguitarplayers.com\/en\/tienda\/accesorios\/para-percusion\/parches-para-percusion\/congas-parches-para-percusion\/conga-meinl-11-3-4-mod-mec-1134\/\">Read more<\/a><\/p>","protected":false},"featured_media":42813,"comment_status":"open","ping_status":"closed","template":"","meta":{"kt_blocks_editor_width":""},"pwb-brand":[290],"product_brand":[],"product_cat":[438,208,267],"product_tag":[],"class_list":{"0":"post-42814","1":"product","2":"type-product","3":"status-publish","4":"has-post-thumbnail","6":"pwb-brand-meinl","7":"product_cat-congas-parches-para-percusion","8":"product_cat-percusiones","9":"product_cat-percusiones-mayores","10":"product_shipping_class-15-20-kg","12":"first","13":"outofstock","14":"taxable","15":"shipping-taxable","16":"purchasable","17":"product-type-simple"},"yoast_head":"<!-- This site is optimized with the Yoast SEO plugin v27.3 - https:\/\/yoast.com\/product\/yoast-seo-wordpress\/ -->\n<title>CONGA MEINL 11 3\/4  MOD. MEC-1134 - Mexican Guitar Players<\/title>\n<meta name=\"description\" content=\"Conga de 11 3\/4\u201d, serie Marathon Exclusive, altura: 30\u201d pulgadas, fabricada con 2 capas de roble de Siam, parche de piel de b\u00fafalo, lugs de afinaci\u00f3n de 8 mm, aros redondeados de 2. 6 mm, hardware negro, incluye soporte Steely II, conga savers Meinl, bolsa de accesorios, llave de afinaci\u00f3n en forma de L y una botellita de aceite.\" \/>\n<meta name=\"robots\" content=\"index, follow, max-snippet:-1, max-image-preview:large, max-video-preview:-1\" \/>\n<link rel=\"canonical\" href=\"https:\/\/www.mexicanguitarplayers.com\/en\/tienda\/sin%20categor\u00eda\/conga-meinl-11-3-4-mod-mec-1134\/\" \/>\n<meta property=\"og:locale\" content=\"en_US\" \/>\n<meta property=\"og:type\" content=\"article\" \/>\n<meta property=\"og:title\" content=\"CONGA MEINL 11 3\/4  MOD. MEC-1134 - Mexican Guitar Players\" \/>\n<meta property=\"og:description\" content=\"Conga de 11 3\/4\u201d, serie Marathon Exclusive, altura: 30\u201d pulgadas, fabricada con 2 capas de roble de Siam, parche de piel de b\u00fafalo, lugs de afinaci\u00f3n de 8 mm, aros redondeados de 2. 6 mm, hardware negro, incluye soporte Steely II, conga savers Meinl, bolsa de accesorios, llave de afinaci\u00f3n en forma de L y una botellita de aceite.\" \/>\n<meta property=\"og:url\" content=\"https:\/\/www.mexicanguitarplayers.com\/en\/tienda\/sin categor\u00eda\/conga-meinl-11-3-4-mod-mec-1134\/\" \/>\n<meta property=\"og:site_name\" content=\"Mexican Guitar Players\" \/>\n<meta name=\"twitter:card\" content=\"summary_large_image\" \/>\n<meta name=\"twitter:label1\" content=\"Est. reading time\" \/>\n\t<meta name=\"twitter:data1\" content=\"1 minute\" \/>\n<script type=\"application\/ld+json\" class=\"yoast-schema-graph\">{\"@context\":\"https:\\\/\\\/schema.org\",\"@graph\":[{\"@type\":[\"WebPage\",\"ItemPage\"],\"@id\":\"https:\\\/\\\/www.mexicanguitarplayers.com\\\/tienda\\\/sin categor\u00eda\\\/conga-meinl-11-3-4-mod-mec-1134\\\/\",\"url\":\"https:\\\/\\\/www.mexicanguitarplayers.com\\\/tienda\\\/sin categor\u00eda\\\/conga-meinl-11-3-4-mod-mec-1134\\\/\",\"name\":\"CONGA MEINL 11 3\\\/4 MOD. MEC-1134 - Mexican Guitar Players\",\"isPartOf\":{\"@id\":\"https:\\\/\\\/www.mexicanguitarplayers.com\\\/#website\"},\"primaryImageOfPage\":{\"@id\":\"https:\\\/\\\/www.mexicanguitarplayers.com\\\/tienda\\\/sin categor\u00eda\\\/conga-meinl-11-3-4-mod-mec-1134\\\/#primaryimage\"},\"image\":{\"@id\":\"https:\\\/\\\/www.mexicanguitarplayers.com\\\/tienda\\\/sin categor\u00eda\\\/conga-meinl-11-3-4-mod-mec-1134\\\/#primaryimage\"},\"thumbnailUrl\":\"https:\\\/\\\/www.mexicanguitarplayers.com\\\/wp-content\\\/uploads\\\/2025\\\/04\\\/IPMEIMEC1134.jpg\",\"datePublished\":\"2025-04-09T15:29:13+00:00\",\"description\":\"Conga de 11 3\\\/4\u201d, serie Marathon Exclusive, altura: 30\u201d pulgadas, fabricada con 2 capas de roble de Siam, parche de piel de b\u00fafalo, lugs de afinaci\u00f3n de 8 mm, aros redondeados de 2. 6 mm, hardware negro, incluye soporte Steely II, conga savers Meinl, bolsa de accesorios, llave de afinaci\u00f3n en forma de L y una botellita de aceite.\",\"breadcrumb\":{\"@id\":\"https:\\\/\\\/www.mexicanguitarplayers.com\\\/tienda\\\/sin categor\u00eda\\\/conga-meinl-11-3-4-mod-mec-1134\\\/#breadcrumb\"},\"inLanguage\":\"en-US\",\"potentialAction\":[{\"@type\":\"ReadAction\",\"target\":[\"https:\\\/\\\/www.mexicanguitarplayers.com\\\/tienda\\\/sin categor\u00eda\\\/conga-meinl-11-3-4-mod-mec-1134\\\/\"]}]},{\"@type\":\"ImageObject\",\"inLanguage\":\"en-US\",\"@id\":\"https:\\\/\\\/www.mexicanguitarplayers.com\\\/tienda\\\/sin categor\u00eda\\\/conga-meinl-11-3-4-mod-mec-1134\\\/#primaryimage\",\"url\":\"https:\\\/\\\/www.mexicanguitarplayers.com\\\/wp-content\\\/uploads\\\/2025\\\/04\\\/IPMEIMEC1134.jpg\",\"contentUrl\":\"https:\\\/\\\/www.mexicanguitarplayers.com\\\/wp-content\\\/uploads\\\/2025\\\/04\\\/IPMEIMEC1134.jpg\",\"width\":800,\"height\":1600},{\"@type\":\"BreadcrumbList\",\"@id\":\"https:\\\/\\\/www.mexicanguitarplayers.com\\\/tienda\\\/sin categor\u00eda\\\/conga-meinl-11-3-4-mod-mec-1134\\\/#breadcrumb\",\"itemListElement\":[{\"@type\":\"ListItem\",\"position\":1,\"name\":\"Portada\",\"item\":\"https:\\\/\\\/www.mexicanguitarplayers.com\\\/\"},{\"@type\":\"ListItem\",\"position\":2,\"name\":\"Tienda\",\"item\":\"https:\\\/\\\/www.mexicanguitarplayers.com\\\/tienda\\\/\"},{\"@type\":\"ListItem\",\"position\":3,\"name\":\"CONGA MEINL 11 3\\\/4 MOD. MEC-1134\"}]},{\"@type\":\"WebSite\",\"@id\":\"https:\\\/\\\/www.mexicanguitarplayers.com\\\/#website\",\"url\":\"https:\\\/\\\/www.mexicanguitarplayers.com\\\/\",\"name\":\"Mexican Guitar Players\",\"description\":\"Website\",\"publisher\":{\"@id\":\"https:\\\/\\\/www.mexicanguitarplayers.com\\\/#organization\"},\"potentialAction\":[{\"@type\":\"SearchAction\",\"target\":{\"@type\":\"EntryPoint\",\"urlTemplate\":\"https:\\\/\\\/www.mexicanguitarplayers.com\\\/?s={search_term_string}\"},\"query-input\":{\"@type\":\"PropertyValueSpecification\",\"valueRequired\":true,\"valueName\":\"search_term_string\"}}],\"inLanguage\":\"en-US\"},{\"@type\":\"Organization\",\"@id\":\"https:\\\/\\\/www.mexicanguitarplayers.com\\\/#organization\",\"name\":\"Mexican Guitar Players\",\"url\":\"https:\\\/\\\/www.mexicanguitarplayers.com\\\/\",\"logo\":{\"@type\":\"ImageObject\",\"inLanguage\":\"en-US\",\"@id\":\"https:\\\/\\\/www.mexicanguitarplayers.com\\\/#\\\/schema\\\/logo\\\/image\\\/\",\"url\":\"\",\"contentUrl\":\"\",\"caption\":\"Mexican Guitar Players\"},\"image\":{\"@id\":\"https:\\\/\\\/www.mexicanguitarplayers.com\\\/#\\\/schema\\\/logo\\\/image\\\/\"}}]}<\/script>\n<!-- \/ Yoast SEO plugin. -->","yoast_head_json":{"title":"CONGA MEINL 11 3\/4  MOD. MEC-1134 - Mexican Guitar Players","description":"Conga de 11 3\/4\u201d, serie Marathon Exclusive, altura: 30\u201d pulgadas, fabricada con 2 capas de roble de Siam, parche de piel de b\u00fafalo, lugs de afinaci\u00f3n de 8 mm, aros redondeados de 2. 6 mm, hardware negro, incluye soporte Steely II, conga savers Meinl, bolsa de accesorios, llave de afinaci\u00f3n en forma de L y una botellita de aceite.","robots":{"index":"index","follow":"follow","max-snippet":"max-snippet:-1","max-image-preview":"max-image-preview:large","max-video-preview":"max-video-preview:-1"},"canonical":"https:\/\/www.mexicanguitarplayers.com\/en\/tienda\/sin categor\u00eda\/conga-meinl-11-3-4-mod-mec-1134\/","og_locale":"en_US","og_type":"article","og_title":"CONGA MEINL 11 3\/4  MOD. MEC-1134 - Mexican Guitar Players","og_description":"Conga de 11 3\/4\u201d, serie Marathon Exclusive, altura: 30\u201d pulgadas, fabricada con 2 capas de roble de Siam, parche de piel de b\u00fafalo, lugs de afinaci\u00f3n de 8 mm, aros redondeados de 2. 6 mm, hardware negro, incluye soporte Steely II, conga savers Meinl, bolsa de accesorios, llave de afinaci\u00f3n en forma de L y una botellita de aceite.","og_url":"https:\/\/www.mexicanguitarplayers.com\/en\/tienda\/sin categor\u00eda\/conga-meinl-11-3-4-mod-mec-1134\/","og_site_name":"Mexican Guitar Players","twitter_card":"summary_large_image","twitter_misc":{"Est. reading time":"1 minute"},"schema":{"@context":"https:\/\/schema.org","@graph":[{"@type":["WebPage","ItemPage"],"@id":"https:\/\/www.mexicanguitarplayers.com\/tienda\/sin categor\u00eda\/conga-meinl-11-3-4-mod-mec-1134\/","url":"https:\/\/www.mexicanguitarplayers.com\/tienda\/sin categor\u00eda\/conga-meinl-11-3-4-mod-mec-1134\/","name":"CONGA MEINL 11 3\/4 MOD. MEC-1134 - Mexican Guitar Players","isPartOf":{"@id":"https:\/\/www.mexicanguitarplayers.com\/#website"},"primaryImageOfPage":{"@id":"https:\/\/www.mexicanguitarplayers.com\/tienda\/sin categor\u00eda\/conga-meinl-11-3-4-mod-mec-1134\/#primaryimage"},"image":{"@id":"https:\/\/www.mexicanguitarplayers.com\/tienda\/sin categor\u00eda\/conga-meinl-11-3-4-mod-mec-1134\/#primaryimage"},"thumbnailUrl":"https:\/\/www.mexicanguitarplayers.com\/wp-content\/uploads\/2025\/04\/IPMEIMEC1134.jpg","datePublished":"2025-04-09T15:29:13+00:00","description":"Conga de 11 3\/4\u201d, serie Marathon Exclusive, altura: 30\u201d pulgadas, fabricada con 2 capas de roble de Siam, parche de piel de b\u00fafalo, lugs de afinaci\u00f3n de 8 mm, aros redondeados de 2. 6 mm, hardware negro, incluye soporte Steely II, conga savers Meinl, bolsa de accesorios, llave de afinaci\u00f3n en forma de L y una botellita de aceite.","breadcrumb":{"@id":"https:\/\/www.mexicanguitarplayers.com\/tienda\/sin categor\u00eda\/conga-meinl-11-3-4-mod-mec-1134\/#breadcrumb"},"inLanguage":"en-US","potentialAction":[{"@type":"ReadAction","target":["https:\/\/www.mexicanguitarplayers.com\/tienda\/sin categor\u00eda\/conga-meinl-11-3-4-mod-mec-1134\/"]}]},{"@type":"ImageObject","inLanguage":"en-US","@id":"https:\/\/www.mexicanguitarplayers.com\/tienda\/sin categor\u00eda\/conga-meinl-11-3-4-mod-mec-1134\/#primaryimage","url":"https:\/\/www.mexicanguitarplayers.com\/wp-content\/uploads\/2025\/04\/IPMEIMEC1134.jpg","contentUrl":"https:\/\/www.mexicanguitarplayers.com\/wp-content\/uploads\/2025\/04\/IPMEIMEC1134.jpg","width":800,"height":1600},{"@type":"BreadcrumbList","@id":"https:\/\/www.mexicanguitarplayers.com\/tienda\/sin categor\u00eda\/conga-meinl-11-3-4-mod-mec-1134\/#breadcrumb","itemListElement":[{"@type":"ListItem","position":1,"name":"Portada","item":"https:\/\/www.mexicanguitarplayers.com\/"},{"@type":"ListItem","position":2,"name":"Tienda","item":"https:\/\/www.mexicanguitarplayers.com\/tienda\/"},{"@type":"ListItem","position":3,"name":"CONGA MEINL 11 3\/4 MOD. MEC-1134"}]},{"@type":"WebSite","@id":"https:\/\/www.mexicanguitarplayers.com\/#website","url":"https:\/\/www.mexicanguitarplayers.com\/","name":"Mexican Guitar Players","description":"Website","publisher":{"@id":"https:\/\/www.mexicanguitarplayers.com\/#organization"},"potentialAction":[{"@type":"SearchAction","target":{"@type":"EntryPoint","urlTemplate":"https:\/\/www.mexicanguitarplayers.com\/?s={search_term_string}"},"query-input":{"@type":"PropertyValueSpecification","valueRequired":true,"valueName":"search_term_string"}}],"inLanguage":"en-US"},{"@type":"Organization","@id":"https:\/\/www.mexicanguitarplayers.com\/#organization","name":"Mexican Guitar Players","url":"https:\/\/www.mexicanguitarplayers.com\/","logo":{"@type":"ImageObject","inLanguage":"en-US","@id":"https:\/\/www.mexicanguitarplayers.com\/#\/schema\/logo\/image\/","url":"","contentUrl":"","caption":"Mexican Guitar Players"},"image":{"@id":"https:\/\/www.mexicanguitarplayers.com\/#\/schema\/logo\/image\/"}}]}},"brands":[{"id":290,"name":"MEINL","slug":"meinl"}],"_links":{"self":[{"href":"https:\/\/www.mexicanguitarplayers.com\/en\/wp-json\/wp\/v2\/product\/42814","targetHints":{"allow":["GET"]}}],"collection":[{"href":"https:\/\/www.mexicanguitarplayers.com\/en\/wp-json\/wp\/v2\/product"}],"about":[{"href":"https:\/\/www.mexicanguitarplayers.com\/en\/wp-json\/wp\/v2\/types\/product"}],"replies":[{"embeddable":true,"href":"https:\/\/www.mexicanguitarplayers.com\/en\/wp-json\/wp\/v2\/comments?post=42814"}],"wp:featuredmedia":[{"embeddable":true,"href":"https:\/\/www.mexicanguitarplayers.com\/en\/wp-json\/wp\/v2\/media\/42813"}],"wp:attachment":[{"href":"https:\/\/www.mexicanguitarplayers.com\/en\/wp-json\/wp\/v2\/media?parent=42814"}],"wp:term":[{"taxonomy":"pwb-brand","embeddable":true,"href":"https:\/\/www.mexicanguitarplayers.com\/en\/wp-json\/wp\/v2\/pwb-brand?post=42814"},{"taxonomy":"product_brand","embeddable":true,"href":"https:\/\/www.mexicanguitarplayers.com\/en\/wp-json\/wp\/v2\/product_brand?post=42814"},{"taxonomy":"product_cat","embeddable":true,"href":"https:\/\/www.mexicanguitarplayers.com\/en\/wp-json\/wp\/v2\/product_cat?post=42814"},{"taxonomy":"product_tag","embeddable":true,"href":"https:\/\/www.mexicanguitarplayers.com\/en\/wp-json\/wp\/v2\/product_tag?post=42814"}],"curies":[{"name":"wp","href":"https:\/\/api.w.org\/{rel}","templated":true}]}}