{"id":42831,"date":"2025-04-09T09:29:42","date_gmt":"2025-04-09T15:29:42","guid":{"rendered":"https:\/\/www.mexicanguitarplayers.com\/tienda\/sin categor\u00eda\/pedal-t-c-p-guitarra-gauss-tape-echo\/"},"modified":"2026-05-01T07:15:42","modified_gmt":"2026-05-01T13:15:42","slug":"pedal-t-c-p-guitarra-gauss-tape-echo","status":"publish","type":"product","link":"https:\/\/www.mexicanguitarplayers.com\/en\/tienda\/cuerdas\/efectos\/efectos-individuales\/pedal-t-c-p-guitarra-gauss-tape-echo\/","title":{"rendered":"PEDAL T.C. P\/GUITARRA GAUSS TAPE ECHO"},"content":{"rendered":"<div style=\"text-align: justify\">\n<div>\n<h3>Un gran echo estilo vintage.<\/h3>\n<\/div>\n<div>Gauss Tape Echo. Pocos efectos de delay son m\u00e1s venerados o ic\u00f3nicos que las m\u00e1quinas de eco de cinta de anta\u00f1o. Sus tonos c\u00e1lidos y gordos se han convertido en leyenda, pero son dif\u00edciles de encontrar, son bastante temperamentales y t\u00edpicamente caros, hasta hoy. Gauss Tape Echo es un pedal echo estilo vintage que emula de forma realista el sonido de aquellas legendarias m\u00e1quinas de tape echo, funciona bien con otros y es ultra asequible. Ecos del ayer. Gauss Tape Echo presenta una interfaz altamente sensible y f\u00e1cil de usar de 3 perillas con control  sobre tiempo de delay, sustain y volumen. Nuestro algoritmo de cinta de vanguardia dise\u00f1ado a medida te permite crear potentes inmersiones de tono subs\u00f3nicas y espirales auto-oscilantes de psicodelia simplemente manipulando las perillas en tiempo real. Un Mod Switch integrado te permite tocar limpio o a\u00f1adir una modulaci\u00f3n sutil y natural a tus echos. Tono vintage, tecnolog\u00eda moderna. Al igual que cualquier buen pedal de delay, Gauss Tape Echo le da a tu tono una sensaci\u00f3n de espacio y sustancia, estir\u00e1ndolo un poco\u2026 \u00a1O mucho! Esto tambi\u00e9n engorda el sonido al agregar una clara sensaci\u00f3n de \u201cm\u00e1s\u201d. Pero tambi\u00e9n te ofrece el codiciado sonido de cinta de las m\u00e1quinas Tape Echo originales completas con efectos de wow y flutter y una aut\u00e9ntica ca\u00edda de graves en las repeticiones. Gauss tape Echo recrea f\u00e1cilmente cualquier estilo de eco, desde el tape delay c\u00e1lido y org\u00e1nico de tus cl\u00e1sicos de rock hasta los slap-back old-school del rockabilly de los 50s. Hecho para durar. A diferencia de las m\u00e1quinas tape originales, Gauss Tape Echo es peque\u00f1o y muy f\u00e1cil de transportar. Sus tomas montadas en la parte superior se adaptan perfectamente a cualquier pedalera mientras que el robusto chasis de metal resistir\u00e1 a todos los abusos de las giras y el escenario. Adem\u00e1s, a diferencia de los dise\u00f1os originales, Gauss Tape Echo cuenta con circuiter\u00eda true bypass para mantener la se\u00f1al clara y brillante, sin importar lo que arroje.<\/div>\n<div>\n<h4>Quick look<\/h4>\n<\/div>\n<ul style=\"margin: 0px 0px 0px 25px\">\n<li style=\"list-style-type: circle;margin: 5px\">Controls<\/li>\n<li style=\"list-style-type: circle;margin: 5px\">Entrances and exits.<\/li>\n<li style=\"list-style-type: circle;margin: 5px\">Input impedance.<\/li>\n<li style=\"list-style-type: circle;margin: 5px\">Output impedance.<\/li>\n<li style=\"list-style-type: circle;margin: 5px\">Power input.<\/li>\n<li style=\"list-style-type: circle;margin: 5px\">Battery option.<\/li>\n<li style=\"list-style-type: circle;margin: 5px\">Energy consumption.<\/li>\n<li style=\"list-style-type: circle;margin: 5px\">Dimensions.<\/li>\n<li style=\"list-style-type: circle;margin: 5px\">Weight.<\/li>\n<\/ul>\n<div>\n<div style=\"font-weight: bold\">Controls<\/div>\n<div>\n<p>Delay, Volumen, Sustain, Mod Switch (On\/Off).<\/p>\n<\/div>\n<div style=\"font-weight: bold\">Entrances and exits.<\/div>\n<div>\n<p>2 jacks de \u00bc\u201d.<\/p>\n<\/div>\n<div style=\"font-weight: bold\">Input impedance.<\/div>\n<div>\n<p>470 kilo-ohms.<\/p>\n<\/div>\n<div style=\"font-weight: bold\">Output impedance.<\/div>\n<div>\n<p>1 kilo-ohm.<\/p>\n<\/div>\n<div style=\"font-weight: bold\">Power input.<\/div>\n<div>\n<p>9V DC est\u00e1ndar, centro negativo, &gt;100 mA.<\/p>\n<\/div>\n<div style=\"font-weight: bold\">Battery option.<\/div>\n<div>\n<p>9V est\u00e1ndar.<\/p>\n<\/div>\n<div style=\"font-weight: bold\">Energy consumption.<\/div>\n<div>\n<p>90 mA.<\/p>\n<\/div>\n<div style=\"font-weight: bold\">Dimensions.<\/div>\n<div>\n<p>58 x 74 x 132 mm.<\/p>\n<\/div>\n<div style=\"font-weight: bold\">Weight.<\/div>\n<div>\n<p>0.5 kg.<\/p>\n<\/div>\n<\/div>\n<\/div>","protected":false},"excerpt":{"rendered":"<p>Pedal Gauss Tape Echo s\u00faper saturado para guitarra el\u00e9ctrica con Mod Switch, Delay, Sustain y controles de volumen, pedal de respuesta que reproduce fielmente cada matiz saturado de una m\u00e1quina echo tape, interface de 3 perillas que permite un control intuitivo del tiempo de delay, sustain y volumen, Mod switch que te permite convertir tu se\u00f1al a c\u00e1lidos sonidos tape echo, true bypass para una mejor integridad de la se\u00f1al, chasis met\u00e1lico resistente, funciona con una pila de 9V o adaptador de corriente PSU-SB DC (no incluido).&hellip; <a class=\"kt-excerpt-readmore more-link\" href=\"https:\/\/www.mexicanguitarplayers.com\/en\/tienda\/cuerdas\/efectos\/efectos-individuales\/pedal-t-c-p-guitarra-gauss-tape-echo\/\">Read more<\/a><\/p>","protected":false},"featured_media":42827,"comment_status":"open","ping_status":"closed","template":"","meta":{"kt_blocks_editor_width":""},"pwb-brand":[170],"product_brand":[],"product_cat":[224,241,504],"product_tag":[],"class_list":{"0":"post-42831","1":"product","2":"type-product","3":"status-publish","4":"has-post-thumbnail","6":"pwb-brand-tc-electronic","7":"product_cat-cuerdas","8":"product_cat-efectos","9":"product_cat-efectos-individuales","10":"product_shipping_class-0-5-kg","12":"first","13":"instock","14":"taxable","15":"shipping-taxable","16":"purchasable","17":"product-type-simple"},"yoast_head":"<!-- This site is optimized with the Yoast SEO plugin v27.5 - https:\/\/yoast.com\/product\/yoast-seo-wordpress\/ -->\n<title>PEDAL T.C. P\/GUITARRA GAUSS TAPE ECHO - Mexican Guitar Players<\/title>\n<meta name=\"description\" content=\"Pedal Gauss Tape Echo s\u00faper saturado para guitarra el\u00e9ctrica con Mod Switch, Delay, Sustain y controles de volumen, pedal de respuesta que reproduce fielmente cada matiz saturado de una m\u00e1quina echo tape, interface de 3 perillas que permite un control intuitivo del tiempo de delay, sustain y volumen, Mod switch que te permite convertir tu se\u00f1al a c\u00e1lidos sonidos tape echo, true bypass para una mejor integridad de la se\u00f1al, chasis met\u00e1lico resistente, funciona con una pila de 9V o adaptador de corriente PSU-SB DC (no incluido).\" \/>\n<meta name=\"robots\" content=\"index, follow, max-snippet:-1, max-image-preview:large, max-video-preview:-1\" \/>\n<link rel=\"canonical\" href=\"https:\/\/www.mexicanguitarplayers.com\/en\/tienda\/sin%20categor\u00eda\/pedal-t-c-p-guitarra-gauss-tape-echo\/\" \/>\n<meta property=\"og:locale\" content=\"en_US\" \/>\n<meta property=\"og:type\" content=\"article\" \/>\n<meta property=\"og:title\" content=\"PEDAL T.C. P\/GUITARRA GAUSS TAPE ECHO - Mexican Guitar Players\" \/>\n<meta property=\"og:description\" content=\"Pedal Gauss Tape Echo s\u00faper saturado para guitarra el\u00e9ctrica con Mod Switch, Delay, Sustain y controles de volumen, pedal de respuesta que reproduce fielmente cada matiz saturado de una m\u00e1quina echo tape, interface de 3 perillas que permite un control intuitivo del tiempo de delay, sustain y volumen, Mod switch que te permite convertir tu se\u00f1al a c\u00e1lidos sonidos tape echo, true bypass para una mejor integridad de la se\u00f1al, chasis met\u00e1lico resistente, funciona con una pila de 9V o adaptador de corriente PSU-SB DC (no incluido).\" \/>\n<meta property=\"og:url\" content=\"https:\/\/www.mexicanguitarplayers.com\/en\/tienda\/sin categor\u00eda\/pedal-t-c-p-guitarra-gauss-tape-echo\/\" \/>\n<meta property=\"og:site_name\" content=\"Mexican Guitar Players\" \/>\n<meta property=\"article:modified_time\" content=\"2026-05-01T13:15:42+00:00\" \/>\n<meta name=\"twitter:card\" content=\"summary_large_image\" \/>\n<meta name=\"twitter:label1\" content=\"Est. reading time\" \/>\n\t<meta name=\"twitter:data1\" content=\"2 minutes\" \/>\n<script type=\"application\/ld+json\" class=\"yoast-schema-graph\">{\"@context\":\"https:\\\/\\\/schema.org\",\"@graph\":[{\"@type\":[\"WebPage\",\"ItemPage\"],\"@id\":\"https:\\\/\\\/www.mexicanguitarplayers.com\\\/tienda\\\/sin categor\u00eda\\\/pedal-t-c-p-guitarra-gauss-tape-echo\\\/\",\"url\":\"https:\\\/\\\/www.mexicanguitarplayers.com\\\/tienda\\\/sin categor\u00eda\\\/pedal-t-c-p-guitarra-gauss-tape-echo\\\/\",\"name\":\"PEDAL T.C. P\\\/GUITARRA GAUSS TAPE ECHO - Mexican Guitar Players\",\"isPartOf\":{\"@id\":\"https:\\\/\\\/www.mexicanguitarplayers.com\\\/#website\"},\"primaryImageOfPage\":{\"@id\":\"https:\\\/\\\/www.mexicanguitarplayers.com\\\/tienda\\\/sin categor\u00eda\\\/pedal-t-c-p-guitarra-gauss-tape-echo\\\/#primaryimage\"},\"image\":{\"@id\":\"https:\\\/\\\/www.mexicanguitarplayers.com\\\/tienda\\\/sin categor\u00eda\\\/pedal-t-c-p-guitarra-gauss-tape-echo\\\/#primaryimage\"},\"thumbnailUrl\":\"https:\\\/\\\/www.mexicanguitarplayers.com\\\/wp-content\\\/uploads\\\/2025\\\/04\\\/VATCEGAUSTECHO.jpg\",\"datePublished\":\"2025-04-09T15:29:42+00:00\",\"dateModified\":\"2026-05-01T13:15:42+00:00\",\"description\":\"Pedal Gauss Tape Echo s\u00faper saturado para guitarra el\u00e9ctrica con Mod Switch, Delay, Sustain y controles de volumen, pedal de respuesta que reproduce fielmente cada matiz saturado de una m\u00e1quina echo tape, interface de 3 perillas que permite un control intuitivo del tiempo de delay, sustain y volumen, Mod switch que te permite convertir tu se\u00f1al a c\u00e1lidos sonidos tape echo, true bypass para una mejor integridad de la se\u00f1al, chasis met\u00e1lico resistente, funciona con una pila de 9V o adaptador de corriente PSU-SB DC (no incluido).\",\"breadcrumb\":{\"@id\":\"https:\\\/\\\/www.mexicanguitarplayers.com\\\/tienda\\\/sin categor\u00eda\\\/pedal-t-c-p-guitarra-gauss-tape-echo\\\/#breadcrumb\"},\"inLanguage\":\"en-US\",\"potentialAction\":[{\"@type\":\"ReadAction\",\"target\":[\"https:\\\/\\\/www.mexicanguitarplayers.com\\\/tienda\\\/sin categor\u00eda\\\/pedal-t-c-p-guitarra-gauss-tape-echo\\\/\"]}]},{\"@type\":\"ImageObject\",\"inLanguage\":\"en-US\",\"@id\":\"https:\\\/\\\/www.mexicanguitarplayers.com\\\/tienda\\\/sin categor\u00eda\\\/pedal-t-c-p-guitarra-gauss-tape-echo\\\/#primaryimage\",\"url\":\"https:\\\/\\\/www.mexicanguitarplayers.com\\\/wp-content\\\/uploads\\\/2025\\\/04\\\/VATCEGAUSTECHO.jpg\",\"contentUrl\":\"https:\\\/\\\/www.mexicanguitarplayers.com\\\/wp-content\\\/uploads\\\/2025\\\/04\\\/VATCEGAUSTECHO.jpg\",\"width\":1200,\"height\":1200},{\"@type\":\"BreadcrumbList\",\"@id\":\"https:\\\/\\\/www.mexicanguitarplayers.com\\\/tienda\\\/sin categor\u00eda\\\/pedal-t-c-p-guitarra-gauss-tape-echo\\\/#breadcrumb\",\"itemListElement\":[{\"@type\":\"ListItem\",\"position\":1,\"name\":\"Portada\",\"item\":\"https:\\\/\\\/www.mexicanguitarplayers.com\\\/\"},{\"@type\":\"ListItem\",\"position\":2,\"name\":\"Tienda\",\"item\":\"https:\\\/\\\/www.mexicanguitarplayers.com\\\/tienda\\\/\"},{\"@type\":\"ListItem\",\"position\":3,\"name\":\"PEDAL T.C. P\\\/GUITARRA GAUSS TAPE ECHO\"}]},{\"@type\":\"WebSite\",\"@id\":\"https:\\\/\\\/www.mexicanguitarplayers.com\\\/#website\",\"url\":\"https:\\\/\\\/www.mexicanguitarplayers.com\\\/\",\"name\":\"Mexican Guitar Players\",\"description\":\"Website\",\"publisher\":{\"@id\":\"https:\\\/\\\/www.mexicanguitarplayers.com\\\/#organization\"},\"potentialAction\":[{\"@type\":\"SearchAction\",\"target\":{\"@type\":\"EntryPoint\",\"urlTemplate\":\"https:\\\/\\\/www.mexicanguitarplayers.com\\\/?s={search_term_string}\"},\"query-input\":{\"@type\":\"PropertyValueSpecification\",\"valueRequired\":true,\"valueName\":\"search_term_string\"}}],\"inLanguage\":\"en-US\"},{\"@type\":\"Organization\",\"@id\":\"https:\\\/\\\/www.mexicanguitarplayers.com\\\/#organization\",\"name\":\"Mexican Guitar Players\",\"url\":\"https:\\\/\\\/www.mexicanguitarplayers.com\\\/\",\"logo\":{\"@type\":\"ImageObject\",\"inLanguage\":\"en-US\",\"@id\":\"https:\\\/\\\/www.mexicanguitarplayers.com\\\/#\\\/schema\\\/logo\\\/image\\\/\",\"url\":\"\",\"contentUrl\":\"\",\"caption\":\"Mexican Guitar Players\"},\"image\":{\"@id\":\"https:\\\/\\\/www.mexicanguitarplayers.com\\\/#\\\/schema\\\/logo\\\/image\\\/\"}}]}<\/script>\n<!-- \/ Yoast SEO plugin. -->","yoast_head_json":{"title":"PEDAL T.C. P\/GUITARRA GAUSS TAPE ECHO - Mexican Guitar Players","description":"Pedal Gauss Tape Echo s\u00faper saturado para guitarra el\u00e9ctrica con Mod Switch, Delay, Sustain y controles de volumen, pedal de respuesta que reproduce fielmente cada matiz saturado de una m\u00e1quina echo tape, interface de 3 perillas que permite un control intuitivo del tiempo de delay, sustain y volumen, Mod switch que te permite convertir tu se\u00f1al a c\u00e1lidos sonidos tape echo, true bypass para una mejor integridad de la se\u00f1al, chasis met\u00e1lico resistente, funciona con una pila de 9V o adaptador de corriente PSU-SB DC (no incluido).","robots":{"index":"index","follow":"follow","max-snippet":"max-snippet:-1","max-image-preview":"max-image-preview:large","max-video-preview":"max-video-preview:-1"},"canonical":"https:\/\/www.mexicanguitarplayers.com\/en\/tienda\/sin categor\u00eda\/pedal-t-c-p-guitarra-gauss-tape-echo\/","og_locale":"en_US","og_type":"article","og_title":"PEDAL T.C. P\/GUITARRA GAUSS TAPE ECHO - Mexican Guitar Players","og_description":"Pedal Gauss Tape Echo s\u00faper saturado para guitarra el\u00e9ctrica con Mod Switch, Delay, Sustain y controles de volumen, pedal de respuesta que reproduce fielmente cada matiz saturado de una m\u00e1quina echo tape, interface de 3 perillas que permite un control intuitivo del tiempo de delay, sustain y volumen, Mod switch que te permite convertir tu se\u00f1al a c\u00e1lidos sonidos tape echo, true bypass para una mejor integridad de la se\u00f1al, chasis met\u00e1lico resistente, funciona con una pila de 9V o adaptador de corriente PSU-SB DC (no incluido).","og_url":"https:\/\/www.mexicanguitarplayers.com\/en\/tienda\/sin categor\u00eda\/pedal-t-c-p-guitarra-gauss-tape-echo\/","og_site_name":"Mexican Guitar Players","article_modified_time":"2026-05-01T13:15:42+00:00","twitter_card":"summary_large_image","twitter_misc":{"Est. reading time":"2 minutes"},"schema":{"@context":"https:\/\/schema.org","@graph":[{"@type":["WebPage","ItemPage"],"@id":"https:\/\/www.mexicanguitarplayers.com\/tienda\/sin categor\u00eda\/pedal-t-c-p-guitarra-gauss-tape-echo\/","url":"https:\/\/www.mexicanguitarplayers.com\/tienda\/sin categor\u00eda\/pedal-t-c-p-guitarra-gauss-tape-echo\/","name":"PEDAL T.C. P\/GUITARRA GAUSS TAPE ECHO - Mexican Guitar Players","isPartOf":{"@id":"https:\/\/www.mexicanguitarplayers.com\/#website"},"primaryImageOfPage":{"@id":"https:\/\/www.mexicanguitarplayers.com\/tienda\/sin categor\u00eda\/pedal-t-c-p-guitarra-gauss-tape-echo\/#primaryimage"},"image":{"@id":"https:\/\/www.mexicanguitarplayers.com\/tienda\/sin categor\u00eda\/pedal-t-c-p-guitarra-gauss-tape-echo\/#primaryimage"},"thumbnailUrl":"https:\/\/www.mexicanguitarplayers.com\/wp-content\/uploads\/2025\/04\/VATCEGAUSTECHO.jpg","datePublished":"2025-04-09T15:29:42+00:00","dateModified":"2026-05-01T13:15:42+00:00","description":"Pedal Gauss Tape Echo s\u00faper saturado para guitarra el\u00e9ctrica con Mod Switch, Delay, Sustain y controles de volumen, pedal de respuesta que reproduce fielmente cada matiz saturado de una m\u00e1quina echo tape, interface de 3 perillas que permite un control intuitivo del tiempo de delay, sustain y volumen, Mod switch que te permite convertir tu se\u00f1al a c\u00e1lidos sonidos tape echo, true bypass para una mejor integridad de la se\u00f1al, chasis met\u00e1lico resistente, funciona con una pila de 9V o adaptador de corriente PSU-SB DC (no incluido).","breadcrumb":{"@id":"https:\/\/www.mexicanguitarplayers.com\/tienda\/sin categor\u00eda\/pedal-t-c-p-guitarra-gauss-tape-echo\/#breadcrumb"},"inLanguage":"en-US","potentialAction":[{"@type":"ReadAction","target":["https:\/\/www.mexicanguitarplayers.com\/tienda\/sin categor\u00eda\/pedal-t-c-p-guitarra-gauss-tape-echo\/"]}]},{"@type":"ImageObject","inLanguage":"en-US","@id":"https:\/\/www.mexicanguitarplayers.com\/tienda\/sin categor\u00eda\/pedal-t-c-p-guitarra-gauss-tape-echo\/#primaryimage","url":"https:\/\/www.mexicanguitarplayers.com\/wp-content\/uploads\/2025\/04\/VATCEGAUSTECHO.jpg","contentUrl":"https:\/\/www.mexicanguitarplayers.com\/wp-content\/uploads\/2025\/04\/VATCEGAUSTECHO.jpg","width":1200,"height":1200},{"@type":"BreadcrumbList","@id":"https:\/\/www.mexicanguitarplayers.com\/tienda\/sin categor\u00eda\/pedal-t-c-p-guitarra-gauss-tape-echo\/#breadcrumb","itemListElement":[{"@type":"ListItem","position":1,"name":"Portada","item":"https:\/\/www.mexicanguitarplayers.com\/"},{"@type":"ListItem","position":2,"name":"Tienda","item":"https:\/\/www.mexicanguitarplayers.com\/tienda\/"},{"@type":"ListItem","position":3,"name":"PEDAL T.C. P\/GUITARRA GAUSS TAPE ECHO"}]},{"@type":"WebSite","@id":"https:\/\/www.mexicanguitarplayers.com\/#website","url":"https:\/\/www.mexicanguitarplayers.com\/","name":"Mexican Guitar Players","description":"Website","publisher":{"@id":"https:\/\/www.mexicanguitarplayers.com\/#organization"},"potentialAction":[{"@type":"SearchAction","target":{"@type":"EntryPoint","urlTemplate":"https:\/\/www.mexicanguitarplayers.com\/?s={search_term_string}"},"query-input":{"@type":"PropertyValueSpecification","valueRequired":true,"valueName":"search_term_string"}}],"inLanguage":"en-US"},{"@type":"Organization","@id":"https:\/\/www.mexicanguitarplayers.com\/#organization","name":"Mexican Guitar Players","url":"https:\/\/www.mexicanguitarplayers.com\/","logo":{"@type":"ImageObject","inLanguage":"en-US","@id":"https:\/\/www.mexicanguitarplayers.com\/#\/schema\/logo\/image\/","url":"","contentUrl":"","caption":"Mexican Guitar Players"},"image":{"@id":"https:\/\/www.mexicanguitarplayers.com\/#\/schema\/logo\/image\/"}}]}},"brands":[{"id":170,"name":"TC-ELECTRONIC","slug":"tc-electronic"}],"_links":{"self":[{"href":"https:\/\/www.mexicanguitarplayers.com\/en\/wp-json\/wp\/v2\/product\/42831","targetHints":{"allow":["GET"]}}],"collection":[{"href":"https:\/\/www.mexicanguitarplayers.com\/en\/wp-json\/wp\/v2\/product"}],"about":[{"href":"https:\/\/www.mexicanguitarplayers.com\/en\/wp-json\/wp\/v2\/types\/product"}],"replies":[{"embeddable":true,"href":"https:\/\/www.mexicanguitarplayers.com\/en\/wp-json\/wp\/v2\/comments?post=42831"}],"wp:featuredmedia":[{"embeddable":true,"href":"https:\/\/www.mexicanguitarplayers.com\/en\/wp-json\/wp\/v2\/media\/42827"}],"wp:attachment":[{"href":"https:\/\/www.mexicanguitarplayers.com\/en\/wp-json\/wp\/v2\/media?parent=42831"}],"wp:term":[{"taxonomy":"pwb-brand","embeddable":true,"href":"https:\/\/www.mexicanguitarplayers.com\/en\/wp-json\/wp\/v2\/pwb-brand?post=42831"},{"taxonomy":"product_brand","embeddable":true,"href":"https:\/\/www.mexicanguitarplayers.com\/en\/wp-json\/wp\/v2\/product_brand?post=42831"},{"taxonomy":"product_cat","embeddable":true,"href":"https:\/\/www.mexicanguitarplayers.com\/en\/wp-json\/wp\/v2\/product_cat?post=42831"},{"taxonomy":"product_tag","embeddable":true,"href":"https:\/\/www.mexicanguitarplayers.com\/en\/wp-json\/wp\/v2\/product_tag?post=42831"}],"curies":[{"name":"wp","href":"https:\/\/api.w.org\/{rel}","templated":true}]}}