{"id":42846,"date":"2025-04-09T09:30:03","date_gmt":"2025-04-09T15:30:03","guid":{"rendered":"https:\/\/www.mexicanguitarplayers.com\/tienda\/sin categor\u00eda\/pedal-source-audio-gemini-chorus\/"},"modified":"2026-04-10T04:15:52","modified_gmt":"2026-04-10T10:15:52","slug":"pedal-source-audio-gemini-chorus","status":"publish","type":"product","link":"https:\/\/www.mexicanguitarplayers.com\/en\/tienda\/cuerdas\/efectos\/efectos-individuales\/pedal-source-audio-gemini-chorus\/","title":{"rendered":"PEDAL SOURCE AUDIO GEMINI CHORUS"},"content":{"rendered":"<div style=\"text-align: justify\">\n<div>\n<h3>Encuentra el mejor Chorus con el pedal Gemini.<\/h3>\n<\/div>\n<div>Flota con los efectos de balanceo de este pedal de chorus de vanguardia. El chorus Geminis ofrece tres tipos de chorus profundos e hipn\u00f3ticos. El modo cl\u00e1sico crea un solo efecto sonoro que evoca sonidos sutiles y cremosos de la primera ola de los pedales chorus de los a\u00f1os setenta. El espeso y rico chorus dual proporciona un suave pero animado doble efecto de voz. El exuberante y espacioso Quad refuerza ese ambiente de los a\u00f1os 80 con su menos que sutil sistema de rack. Una vez que hayas encontrado tu chorus, marca el punto dulce con los controles integrados de mezcla y tono. Tan s\u00f3lo al sacarlo de su caja, del Gemini ofrece un gran rango tonal, pero debajo de esa carcasa redice un nivel mucho m\u00e1s profundo de potencia y flexibilidad. Cada pedal de la serie One Series es compatible con la aplicaci\u00f3n Neuro Mobile (una descarga gratuita para iOS y Andriod). Enlaza el Gemini a la Neuro App y accede a la librer\u00eda gratuita de Source Audio de algoritmos adicionales de phaser, flanger y chorus, cada una de las cuales puede ser descargada directamente a tu pedal Gemini. La aplicaci\u00f3n Neuro tambi\u00e9n ofrece un extenso set de par\u00e1metros ajustables que incluyen Feedback, Nivel de Salida, tr\u00e9molo incrustable, un ecualizador param\u00e9trico, enrutamiento avanzado de la se\u00f1al y mucho m\u00e1s. Adem\u00e1s, cada pedal One Series es totalmente compatible con MIDI cuando se acopla con el Neuro Hub (antes Soundblox Hub) d\u00e1ndote la capacidad de guardar hasta 128 preajustes.<\/div>\n<div>\n<h4>Quick look<\/h4>\n<\/div>\n<ul style=\"margin: 0px 0px 0px 25px\">\n<li style=\"list-style-type: circle;margin: 5px\">Tipos de chorus.<\/li>\n<li style=\"list-style-type: circle;margin: 5px\">3 preajustes.<\/li>\n<li style=\"list-style-type: circle;margin: 5px\">Jacks est\u00e9reo de entrada y salida.<\/li>\n<li style=\"list-style-type: circle;margin: 5px\">Bypass universal.<\/li>\n<li style=\"list-style-type: circle;margin: 5px\">Control de expresi\u00f3n.<\/li>\n<li style=\"list-style-type: circle;margin: 5px\">Accessories included.<\/li>\n<li style=\"list-style-type: circle;margin: 5px\">Energy consumption.<\/li>\n<li style=\"list-style-type: circle;margin: 5px\">USB port.<\/li>\n<li style=\"list-style-type: circle;margin: 5px\">Case.<\/li>\n<li style=\"list-style-type: circle;margin: 5px\">Dimensions.<\/li>\n<\/ul>\n<div>\n<div style=\"font-weight: bold\">Tipos de chorus.<\/div>\n<div>\n<p>3 tipos de chorus profundos e hipn\u00f3ticos.<\/p>\n<\/div>\n<div style=\"font-weight: bold\">3 preajustes.<\/div>\n<div>\n<p>Usa el modo preajuste para guardar diferentes preajustes en cada una de las posiciones de la palanca.<\/p>\n<\/div>\n<div style=\"font-weight: bold\">Jacks est\u00e9reo de entrada y salida.<\/div>\n<div>\n<p>Crea amplias y profundas modulaciones est\u00e9reo.<\/p>\n<\/div>\n<div style=\"font-weight: bold\">Bypass universal.<\/div>\n<div>\n<p>Selecciona entre buffer anal\u00f3gico y true bypass basado en rel\u00e9.<\/p>\n<\/div>\n<div style=\"font-weight: bold\">Control de expresi\u00f3n.<\/div>\n<div>\n<p>Compatible con los pedales de expresi\u00f3n de Source Audio y el controlador de efectos universal Hot Hand 3. Tap Tempo. Cambia la modulaci\u00f3n de tu chorus al momento, crea divisiones (cuartos, octavos, tresillos, 16avos).<\/p>\n<\/div>\n<div style=\"font-weight: bold\">Accessories included.<\/div>\n<div>\n<p>Fuente de alimentaci\u00f3n 9V DC (300 mA \/ centro negativo). Cable de 1\/8\u201d a 1\/4&#8243; para conexi\u00f3n a aplicaci\u00f3n Neuro Mobile.<\/p>\n<\/div>\n<div style=\"font-weight: bold\">Energy consumption.<\/div>\n<div>\n<p>150 mA.<\/p>\n<\/div>\n<div style=\"font-weight: bold\">USB port.<\/div>\n<div>\n<p>Para actualizaciones de firmware.<\/p>\n<\/div>\n<div style=\"font-weight: bold\">Case.<\/div>\n<div>\n<p>Carcasa de aluminio anodizado cepillado.<\/p>\n<\/div>\n<div style=\"font-weight: bold\">Dimensions.<\/div>\n<div>\n<p>114.3 x 69.8 x 50.8 mm (incluyendo perillas).<\/p>\n<\/div>\n<\/div>\n<\/div>","protected":false},"excerpt":{"rendered":"<p>Pedal de efectos chorus para guitarra, tres tipos de chorus profundos e hipn\u00f3ticos, jacks est\u00e9reo de entrada y salida para crear amplias y profundas modulaciones est\u00e9reo, bypass universal (selecciona entre buffer an\u00e1logo y true bypass basado en rel\u00e9), control externo compatible con pedales de expresi\u00f3n de Source Audio, switch tap tempo, crea divisiones (cuartos, octavos, tresillos y 16avos) con la perilla Speed, incluye fuente de alimentaci\u00f3n 9V DC (300 mA \/ centro negativo), incluye cable de 1\/8\u201d a 1\/4\u201d para conexi\u00f3n a aplicaci\u00f3n Neuro Mobile, consumo de energ\u00eda: 150 mA, puerto USB para actualizaciones de firmware, carcasa de aluminio anodizado cepillado, dimensiones: 114.3 x 69.8 x 50.8 mm (incluyendo perillas).&hellip; <a class=\"kt-excerpt-readmore more-link\" href=\"https:\/\/www.mexicanguitarplayers.com\/en\/tienda\/cuerdas\/efectos\/efectos-individuales\/pedal-source-audio-gemini-chorus\/\">Read more<\/a><\/p>","protected":false},"featured_media":42845,"comment_status":"open","ping_status":"closed","template":"","meta":{"kt_blocks_editor_width":""},"pwb-brand":[608],"product_brand":[],"product_cat":[224,241,504],"product_tag":[],"class_list":{"0":"post-42846","1":"product","2":"type-product","3":"status-publish","4":"has-post-thumbnail","6":"pwb-brand-source-audio","7":"product_cat-cuerdas","8":"product_cat-efectos","9":"product_cat-efectos-individuales","10":"product_shipping_class-0-5-kg","12":"first","13":"outofstock","14":"taxable","15":"shipping-taxable","16":"purchasable","17":"product-type-simple"},"yoast_head":"<!-- This site is optimized with the Yoast SEO plugin v27.5 - https:\/\/yoast.com\/product\/yoast-seo-wordpress\/ -->\n<title>PEDAL SOURCE AUDIO GEMINI CHORUS - Mexican Guitar Players<\/title>\n<meta name=\"description\" content=\"Pedal de efectos chorus para guitarra, tres tipos de chorus profundos e hipn\u00f3ticos, jacks est\u00e9reo de entrada y salida para crear amplias y profundas modulaciones est\u00e9reo, bypass universal (selecciona entre buffer an\u00e1logo y true bypass basado en rel\u00e9), control externo compatible con pedales de expresi\u00f3n de Source Audio, switch tap tempo, crea divisiones (cuartos, octavos, tresillos y 16avos) con la perilla Speed, incluye fuente de alimentaci\u00f3n 9V DC (300 mA \/ centro negativo), incluye cable de 1\/8\u201d a 1\/4\u201d para conexi\u00f3n a aplicaci\u00f3n Neuro Mobile, consumo de energ\u00eda: 150 mA, puerto USB para actualizaciones de firmware, carcasa de aluminio anodizado cepillado, dimensiones: 114.3 x 69.8 x 50.8 mm (incluyendo perillas).\" \/>\n<meta name=\"robots\" content=\"index, follow, max-snippet:-1, max-image-preview:large, max-video-preview:-1\" \/>\n<link rel=\"canonical\" href=\"https:\/\/www.mexicanguitarplayers.com\/en\/tienda\/sin%20categor\u00eda\/pedal-source-audio-gemini-chorus\/\" \/>\n<meta property=\"og:locale\" content=\"en_US\" \/>\n<meta property=\"og:type\" content=\"article\" \/>\n<meta property=\"og:title\" content=\"PEDAL SOURCE AUDIO GEMINI CHORUS - Mexican Guitar Players\" \/>\n<meta property=\"og:description\" content=\"Pedal de efectos chorus para guitarra, tres tipos de chorus profundos e hipn\u00f3ticos, jacks est\u00e9reo de entrada y salida para crear amplias y profundas modulaciones est\u00e9reo, bypass universal (selecciona entre buffer an\u00e1logo y true bypass basado en rel\u00e9), control externo compatible con pedales de expresi\u00f3n de Source Audio, switch tap tempo, crea divisiones (cuartos, octavos, tresillos y 16avos) con la perilla Speed, incluye fuente de alimentaci\u00f3n 9V DC (300 mA \/ centro negativo), incluye cable de 1\/8\u201d a 1\/4\u201d para conexi\u00f3n a aplicaci\u00f3n Neuro Mobile, consumo de energ\u00eda: 150 mA, puerto USB para actualizaciones de firmware, carcasa de aluminio anodizado cepillado, dimensiones: 114.3 x 69.8 x 50.8 mm (incluyendo perillas).\" \/>\n<meta property=\"og:url\" content=\"https:\/\/www.mexicanguitarplayers.com\/en\/tienda\/sin categor\u00eda\/pedal-source-audio-gemini-chorus\/\" \/>\n<meta property=\"og:site_name\" content=\"Mexican Guitar Players\" \/>\n<meta property=\"article:modified_time\" content=\"2026-04-10T10:15:52+00:00\" \/>\n<meta name=\"twitter:card\" content=\"summary_large_image\" \/>\n<meta name=\"twitter:label1\" content=\"Est. reading time\" \/>\n\t<meta name=\"twitter:data1\" content=\"2 minutes\" \/>\n<script type=\"application\/ld+json\" class=\"yoast-schema-graph\">{\"@context\":\"https:\\\/\\\/schema.org\",\"@graph\":[{\"@type\":[\"WebPage\",\"ItemPage\"],\"@id\":\"https:\\\/\\\/www.mexicanguitarplayers.com\\\/tienda\\\/sin categor\u00eda\\\/pedal-source-audio-gemini-chorus\\\/\",\"url\":\"https:\\\/\\\/www.mexicanguitarplayers.com\\\/tienda\\\/sin categor\u00eda\\\/pedal-source-audio-gemini-chorus\\\/\",\"name\":\"PEDAL SOURCE AUDIO GEMINI CHORUS - Mexican Guitar Players\",\"isPartOf\":{\"@id\":\"https:\\\/\\\/www.mexicanguitarplayers.com\\\/#website\"},\"primaryImageOfPage\":{\"@id\":\"https:\\\/\\\/www.mexicanguitarplayers.com\\\/tienda\\\/sin categor\u00eda\\\/pedal-source-audio-gemini-chorus\\\/#primaryimage\"},\"image\":{\"@id\":\"https:\\\/\\\/www.mexicanguitarplayers.com\\\/tienda\\\/sin categor\u00eda\\\/pedal-source-audio-gemini-chorus\\\/#primaryimage\"},\"thumbnailUrl\":\"https:\\\/\\\/www.mexicanguitarplayers.com\\\/wp-content\\\/uploads\\\/2025\\\/04\\\/VASIOSA242.jpg\",\"datePublished\":\"2025-04-09T15:30:03+00:00\",\"dateModified\":\"2026-04-10T10:15:52+00:00\",\"description\":\"Pedal de efectos chorus para guitarra, tres tipos de chorus profundos e hipn\u00f3ticos, jacks est\u00e9reo de entrada y salida para crear amplias y profundas modulaciones est\u00e9reo, bypass universal (selecciona entre buffer an\u00e1logo y true bypass basado en rel\u00e9), control externo compatible con pedales de expresi\u00f3n de Source Audio, switch tap tempo, crea divisiones (cuartos, octavos, tresillos y 16avos) con la perilla Speed, incluye fuente de alimentaci\u00f3n 9V DC (300 mA \\\/ centro negativo), incluye cable de 1\\\/8\u201d a 1\\\/4\u201d para conexi\u00f3n a aplicaci\u00f3n Neuro Mobile, consumo de energ\u00eda: 150 mA, puerto USB para actualizaciones de firmware, carcasa de aluminio anodizado cepillado, dimensiones: 114.3 x 69.8 x 50.8 mm (incluyendo perillas).\",\"breadcrumb\":{\"@id\":\"https:\\\/\\\/www.mexicanguitarplayers.com\\\/tienda\\\/sin categor\u00eda\\\/pedal-source-audio-gemini-chorus\\\/#breadcrumb\"},\"inLanguage\":\"en-US\",\"potentialAction\":[{\"@type\":\"ReadAction\",\"target\":[\"https:\\\/\\\/www.mexicanguitarplayers.com\\\/tienda\\\/sin categor\u00eda\\\/pedal-source-audio-gemini-chorus\\\/\"]}]},{\"@type\":\"ImageObject\",\"inLanguage\":\"en-US\",\"@id\":\"https:\\\/\\\/www.mexicanguitarplayers.com\\\/tienda\\\/sin categor\u00eda\\\/pedal-source-audio-gemini-chorus\\\/#primaryimage\",\"url\":\"https:\\\/\\\/www.mexicanguitarplayers.com\\\/wp-content\\\/uploads\\\/2025\\\/04\\\/VASIOSA242.jpg\",\"contentUrl\":\"https:\\\/\\\/www.mexicanguitarplayers.com\\\/wp-content\\\/uploads\\\/2025\\\/04\\\/VASIOSA242.jpg\",\"width\":800,\"height\":1600},{\"@type\":\"BreadcrumbList\",\"@id\":\"https:\\\/\\\/www.mexicanguitarplayers.com\\\/tienda\\\/sin categor\u00eda\\\/pedal-source-audio-gemini-chorus\\\/#breadcrumb\",\"itemListElement\":[{\"@type\":\"ListItem\",\"position\":1,\"name\":\"Portada\",\"item\":\"https:\\\/\\\/www.mexicanguitarplayers.com\\\/\"},{\"@type\":\"ListItem\",\"position\":2,\"name\":\"Tienda\",\"item\":\"https:\\\/\\\/www.mexicanguitarplayers.com\\\/tienda\\\/\"},{\"@type\":\"ListItem\",\"position\":3,\"name\":\"PEDAL SOURCE AUDIO GEMINI CHORUS\"}]},{\"@type\":\"WebSite\",\"@id\":\"https:\\\/\\\/www.mexicanguitarplayers.com\\\/#website\",\"url\":\"https:\\\/\\\/www.mexicanguitarplayers.com\\\/\",\"name\":\"Mexican Guitar Players\",\"description\":\"Website\",\"publisher\":{\"@id\":\"https:\\\/\\\/www.mexicanguitarplayers.com\\\/#organization\"},\"potentialAction\":[{\"@type\":\"SearchAction\",\"target\":{\"@type\":\"EntryPoint\",\"urlTemplate\":\"https:\\\/\\\/www.mexicanguitarplayers.com\\\/?s={search_term_string}\"},\"query-input\":{\"@type\":\"PropertyValueSpecification\",\"valueRequired\":true,\"valueName\":\"search_term_string\"}}],\"inLanguage\":\"en-US\"},{\"@type\":\"Organization\",\"@id\":\"https:\\\/\\\/www.mexicanguitarplayers.com\\\/#organization\",\"name\":\"Mexican Guitar Players\",\"url\":\"https:\\\/\\\/www.mexicanguitarplayers.com\\\/\",\"logo\":{\"@type\":\"ImageObject\",\"inLanguage\":\"en-US\",\"@id\":\"https:\\\/\\\/www.mexicanguitarplayers.com\\\/#\\\/schema\\\/logo\\\/image\\\/\",\"url\":\"\",\"contentUrl\":\"\",\"caption\":\"Mexican Guitar Players\"},\"image\":{\"@id\":\"https:\\\/\\\/www.mexicanguitarplayers.com\\\/#\\\/schema\\\/logo\\\/image\\\/\"}}]}<\/script>\n<!-- \/ Yoast SEO plugin. -->","yoast_head_json":{"title":"PEDAL SOURCE AUDIO GEMINI CHORUS - Mexican Guitar Players","description":"Pedal de efectos chorus para guitarra, tres tipos de chorus profundos e hipn\u00f3ticos, jacks est\u00e9reo de entrada y salida para crear amplias y profundas modulaciones est\u00e9reo, bypass universal (selecciona entre buffer an\u00e1logo y true bypass basado en rel\u00e9), control externo compatible con pedales de expresi\u00f3n de Source Audio, switch tap tempo, crea divisiones (cuartos, octavos, tresillos y 16avos) con la perilla Speed, incluye fuente de alimentaci\u00f3n 9V DC (300 mA \/ centro negativo), incluye cable de 1\/8\u201d a 1\/4\u201d para conexi\u00f3n a aplicaci\u00f3n Neuro Mobile, consumo de energ\u00eda: 150 mA, puerto USB para actualizaciones de firmware, carcasa de aluminio anodizado cepillado, dimensiones: 114.3 x 69.8 x 50.8 mm (incluyendo perillas).","robots":{"index":"index","follow":"follow","max-snippet":"max-snippet:-1","max-image-preview":"max-image-preview:large","max-video-preview":"max-video-preview:-1"},"canonical":"https:\/\/www.mexicanguitarplayers.com\/en\/tienda\/sin categor\u00eda\/pedal-source-audio-gemini-chorus\/","og_locale":"en_US","og_type":"article","og_title":"PEDAL SOURCE AUDIO GEMINI CHORUS - Mexican Guitar Players","og_description":"Pedal de efectos chorus para guitarra, tres tipos de chorus profundos e hipn\u00f3ticos, jacks est\u00e9reo de entrada y salida para crear amplias y profundas modulaciones est\u00e9reo, bypass universal (selecciona entre buffer an\u00e1logo y true bypass basado en rel\u00e9), control externo compatible con pedales de expresi\u00f3n de Source Audio, switch tap tempo, crea divisiones (cuartos, octavos, tresillos y 16avos) con la perilla Speed, incluye fuente de alimentaci\u00f3n 9V DC (300 mA \/ centro negativo), incluye cable de 1\/8\u201d a 1\/4\u201d para conexi\u00f3n a aplicaci\u00f3n Neuro Mobile, consumo de energ\u00eda: 150 mA, puerto USB para actualizaciones de firmware, carcasa de aluminio anodizado cepillado, dimensiones: 114.3 x 69.8 x 50.8 mm (incluyendo perillas).","og_url":"https:\/\/www.mexicanguitarplayers.com\/en\/tienda\/sin categor\u00eda\/pedal-source-audio-gemini-chorus\/","og_site_name":"Mexican Guitar Players","article_modified_time":"2026-04-10T10:15:52+00:00","twitter_card":"summary_large_image","twitter_misc":{"Est. reading time":"2 minutes"},"schema":{"@context":"https:\/\/schema.org","@graph":[{"@type":["WebPage","ItemPage"],"@id":"https:\/\/www.mexicanguitarplayers.com\/tienda\/sin categor\u00eda\/pedal-source-audio-gemini-chorus\/","url":"https:\/\/www.mexicanguitarplayers.com\/tienda\/sin categor\u00eda\/pedal-source-audio-gemini-chorus\/","name":"PEDAL SOURCE AUDIO GEMINI CHORUS - Mexican Guitar Players","isPartOf":{"@id":"https:\/\/www.mexicanguitarplayers.com\/#website"},"primaryImageOfPage":{"@id":"https:\/\/www.mexicanguitarplayers.com\/tienda\/sin categor\u00eda\/pedal-source-audio-gemini-chorus\/#primaryimage"},"image":{"@id":"https:\/\/www.mexicanguitarplayers.com\/tienda\/sin categor\u00eda\/pedal-source-audio-gemini-chorus\/#primaryimage"},"thumbnailUrl":"https:\/\/www.mexicanguitarplayers.com\/wp-content\/uploads\/2025\/04\/VASIOSA242.jpg","datePublished":"2025-04-09T15:30:03+00:00","dateModified":"2026-04-10T10:15:52+00:00","description":"Pedal de efectos chorus para guitarra, tres tipos de chorus profundos e hipn\u00f3ticos, jacks est\u00e9reo de entrada y salida para crear amplias y profundas modulaciones est\u00e9reo, bypass universal (selecciona entre buffer an\u00e1logo y true bypass basado en rel\u00e9), control externo compatible con pedales de expresi\u00f3n de Source Audio, switch tap tempo, crea divisiones (cuartos, octavos, tresillos y 16avos) con la perilla Speed, incluye fuente de alimentaci\u00f3n 9V DC (300 mA \/ centro negativo), incluye cable de 1\/8\u201d a 1\/4\u201d para conexi\u00f3n a aplicaci\u00f3n Neuro Mobile, consumo de energ\u00eda: 150 mA, puerto USB para actualizaciones de firmware, carcasa de aluminio anodizado cepillado, dimensiones: 114.3 x 69.8 x 50.8 mm (incluyendo perillas).","breadcrumb":{"@id":"https:\/\/www.mexicanguitarplayers.com\/tienda\/sin categor\u00eda\/pedal-source-audio-gemini-chorus\/#breadcrumb"},"inLanguage":"en-US","potentialAction":[{"@type":"ReadAction","target":["https:\/\/www.mexicanguitarplayers.com\/tienda\/sin categor\u00eda\/pedal-source-audio-gemini-chorus\/"]}]},{"@type":"ImageObject","inLanguage":"en-US","@id":"https:\/\/www.mexicanguitarplayers.com\/tienda\/sin categor\u00eda\/pedal-source-audio-gemini-chorus\/#primaryimage","url":"https:\/\/www.mexicanguitarplayers.com\/wp-content\/uploads\/2025\/04\/VASIOSA242.jpg","contentUrl":"https:\/\/www.mexicanguitarplayers.com\/wp-content\/uploads\/2025\/04\/VASIOSA242.jpg","width":800,"height":1600},{"@type":"BreadcrumbList","@id":"https:\/\/www.mexicanguitarplayers.com\/tienda\/sin categor\u00eda\/pedal-source-audio-gemini-chorus\/#breadcrumb","itemListElement":[{"@type":"ListItem","position":1,"name":"Portada","item":"https:\/\/www.mexicanguitarplayers.com\/"},{"@type":"ListItem","position":2,"name":"Tienda","item":"https:\/\/www.mexicanguitarplayers.com\/tienda\/"},{"@type":"ListItem","position":3,"name":"PEDAL SOURCE AUDIO GEMINI CHORUS"}]},{"@type":"WebSite","@id":"https:\/\/www.mexicanguitarplayers.com\/#website","url":"https:\/\/www.mexicanguitarplayers.com\/","name":"Mexican Guitar Players","description":"Website","publisher":{"@id":"https:\/\/www.mexicanguitarplayers.com\/#organization"},"potentialAction":[{"@type":"SearchAction","target":{"@type":"EntryPoint","urlTemplate":"https:\/\/www.mexicanguitarplayers.com\/?s={search_term_string}"},"query-input":{"@type":"PropertyValueSpecification","valueRequired":true,"valueName":"search_term_string"}}],"inLanguage":"en-US"},{"@type":"Organization","@id":"https:\/\/www.mexicanguitarplayers.com\/#organization","name":"Mexican Guitar Players","url":"https:\/\/www.mexicanguitarplayers.com\/","logo":{"@type":"ImageObject","inLanguage":"en-US","@id":"https:\/\/www.mexicanguitarplayers.com\/#\/schema\/logo\/image\/","url":"","contentUrl":"","caption":"Mexican Guitar Players"},"image":{"@id":"https:\/\/www.mexicanguitarplayers.com\/#\/schema\/logo\/image\/"}}]}},"brands":[{"id":608,"name":"AUDIO SOURCE","slug":"source-audio"}],"_links":{"self":[{"href":"https:\/\/www.mexicanguitarplayers.com\/en\/wp-json\/wp\/v2\/product\/42846","targetHints":{"allow":["GET"]}}],"collection":[{"href":"https:\/\/www.mexicanguitarplayers.com\/en\/wp-json\/wp\/v2\/product"}],"about":[{"href":"https:\/\/www.mexicanguitarplayers.com\/en\/wp-json\/wp\/v2\/types\/product"}],"replies":[{"embeddable":true,"href":"https:\/\/www.mexicanguitarplayers.com\/en\/wp-json\/wp\/v2\/comments?post=42846"}],"wp:featuredmedia":[{"embeddable":true,"href":"https:\/\/www.mexicanguitarplayers.com\/en\/wp-json\/wp\/v2\/media\/42845"}],"wp:attachment":[{"href":"https:\/\/www.mexicanguitarplayers.com\/en\/wp-json\/wp\/v2\/media?parent=42846"}],"wp:term":[{"taxonomy":"pwb-brand","embeddable":true,"href":"https:\/\/www.mexicanguitarplayers.com\/en\/wp-json\/wp\/v2\/pwb-brand?post=42846"},{"taxonomy":"product_brand","embeddable":true,"href":"https:\/\/www.mexicanguitarplayers.com\/en\/wp-json\/wp\/v2\/product_brand?post=42846"},{"taxonomy":"product_cat","embeddable":true,"href":"https:\/\/www.mexicanguitarplayers.com\/en\/wp-json\/wp\/v2\/product_cat?post=42846"},{"taxonomy":"product_tag","embeddable":true,"href":"https:\/\/www.mexicanguitarplayers.com\/en\/wp-json\/wp\/v2\/product_tag?post=42846"}],"curies":[{"name":"wp","href":"https:\/\/api.w.org\/{rel}","templated":true}]}}